{"id":9402,"date":"2022-10-05T16:08:46","date_gmt":"2022-10-05T14:08:46","guid":{"rendered":"https:\/\/www.l3s.de\/?page_id=9402"},"modified":"2024-11-12T10:21:22","modified_gmt":"2024-11-12T09:21:22","slug":"xaim","status":"publish","type":"page","link":"https:\/\/www.l3s.de\/de\/research-at-l3s\/all-projects\/project-archive\/xaim\/","title":{"rendered":"xAIM"},"content":{"rendered":"<div class=\"style-10752 style-local-9402-c1 position-relative\" data-colibri-id=\"9402-c1\">\n<div id=\"reusable-sections-2\" class=\"h-section h-section-global-spacing d-flex align-items-lg-center align-items-md-center align-items-center style-15636 style-local-9402-c2 position-relative\" data-colibri-component=\"section\" data-colibri-id=\"9402-c2\">\n<div class=\"h-section-grid-container h-section-boxed-container\">\n<div class=\"h-row-container gutters-row-lg-0 gutters-row-md-0 gutters-row-0 gutters-row-v-lg-0 gutters-row-v-md-0 gutters-row-v-0 style-15637 style-local-9402-c3 position-relative\" data-colibri-id=\"9402-c3\">\n<div class=\"h-row justify-content-lg-center justify-content-md-center justify-content-center align-items-lg-stretch align-items-md-stretch align-items-stretch gutters-col-lg-0 gutters-col-md-0 gutters-col-0 gutters-col-v-lg-0 gutters-col-v-md-0 gutters-col-v-0\">\n<div class=\"h-column h-column-container d-flex h-col-lg-auto h-col-md-auto h-col-auto style-15638-outer style-local-9402-c4-outer\">\n<div class=\"d-flex h-flex-basis h-column__inner h-px-lg-2 h-px-md-2 h-px-2 v-inner-lg-2 v-inner-md-2 v-inner-2 style-15638 style-local-9402-c4 position-relative\" data-colibri-id=\"9402-c4\">\n<div class=\"w-100 h-y-container h-column__content h-column__v-align flex-basis-100 align-self-lg-start align-self-md-start align-self-start\">\n<div class=\"d-block style-15639 style-local-9402-c5 position-relative h-element\" data-colibri-id=\"9402-c5\">\n<div class=\"h-image__frame-container-outer\">\n<div class=\"h-image__frame-container\">\n\n<img decoding=\"async\" width=\"359\" height=\"342\" class=\"wp-image-9403 style-15639-image style-local-9402-c5-image lazyload\" data-src=\"https:\/\/www.l3s.de\/wp-content\/uploads\/2022\/10\/xAIM-logo.png\" alt=\"\" data-srcset=\"https:\/\/www.l3s.de\/wp-content\/uploads\/2022\/10\/xAIM-logo.png 359w, https:\/\/www.l3s.de\/wp-content\/uploads\/2022\/10\/xAIM-logo-300x286.png 300w, https:\/\/www.l3s.de\/wp-content\/uploads\/2022\/10\/xAIM-logo-13x12.png 13w\" data-sizes=\"(max-width: 359px) 100vw, 359px\" src=\"data:image\/svg+xml;base64,PHN2ZyB3aWR0aD0iMSIgaGVpZ2h0PSIxIiB4bWxucz0iaHR0cDovL3d3dy53My5vcmcvMjAwMC9zdmciPjwvc3ZnPg==\" style=\"--smush-placeholder-width: 359px; --smush-placeholder-aspect-ratio: 359\/342;\" \/>\n<div class=\"h-image__frame h-hide-lg h-hide-md h-hide-sm style-15639-frameImage style-local-9402-c5-frameImage\"><\/div>\n<\/div>\n<\/div>\n<\/div>\n<div class=\"h-text h-text-component style-18796 style-local-9402-c6 h-hide-lg h-hide-md position-relative h-element\" data-colibri-id=\"9402-c6\">\n<div class=\"\">\n\nEntwicklung eines Masterkurses \u00fcber erkl\u00e4rbare KI f\u00fcr Fachkr\u00e4fte im Gesundheitswesen und alle, die an der Anwendung von KI im Gesundheitswesen interessiert sind\n\n<\/div>\n<\/div>\n<div class=\"style-15640 style-local-9402-c7 position-relative h-element\" data-colibri-id=\"9402-c7\"><\/div>\n<div class=\"h-row-container gutters-row-lg-0 gutters-row-md-0 gutters-row-0 gutters-row-v-lg-0 gutters-row-v-md-0 gutters-row-v-0 style-15641 style-local-9402-c8 position-relative\" data-colibri-id=\"9402-c8\">\n<div class=\"h-row justify-content-lg-center justify-content-md-center justify-content-center align-items-lg-stretch align-items-md-stretch align-items-stretch gutters-col-lg-0 gutters-col-md-0 gutters-col-0 gutters-col-v-lg-0 gutters-col-v-md-0 gutters-col-v-0\">\n<div class=\"h-column h-column-container d-flex h-col-lg-auto h-col-md-auto h-col-auto style-15642-outer style-local-9402-c9-outer\">\n<div class=\"d-flex h-flex-basis h-column__inner h-px-lg-0 h-px-md-0 h-px-0 v-inner-lg-0 v-inner-md-0 v-inner-0 style-15642 style-local-9402-c9 position-relative\" data-colibri-id=\"9402-c9\">\n<div class=\"w-100 h-y-container h-column__content h-column__v-align flex-basis-100 align-self-lg-start align-self-md-start align-self-start\">\n<div class=\"h-text h-text-component style-15643 style-local-9402-c10 position-relative h-element\" data-colibri-id=\"9402-c10\">\n<div class=\"\">\n\nStart:\n\n<\/div>\n<\/div>\n<\/div>\n<\/div>\n<\/div>\n<div class=\"h-column h-column-container d-flex h-col-lg-auto h-col-md-auto h-col-auto style-15644-outer style-local-9402-c11-outer\">\n<div class=\"d-flex h-flex-basis h-column__inner h-px-lg-0 h-px-md-0 h-px-0 v-inner-lg-0 v-inner-md-0 v-inner-0 style-15644 style-local-9402-c11 position-relative\" data-colibri-id=\"9402-c11\">\n<div class=\"w-100 h-y-container h-column__content h-column__v-align flex-basis-100 align-self-lg-start align-self-md-start align-self-start\">\n<div class=\"h-text h-text-component style-15645 style-local-9402-c12 position-relative h-element\" data-colibri-id=\"9402-c12\">\n<div class=\"\">\n\n01.05.2021\n\n<\/div>\n<\/div>\n<\/div>\n<\/div>\n<\/div>\n<\/div>\n<\/div>\n<div class=\"h-row-container gutters-row-lg-0 gutters-row-md-0 gutters-row-0 gutters-row-v-lg-0 gutters-row-v-md-0 gutters-row-v-0 style-15641 style-local-9402-c13 position-relative\" data-colibri-id=\"9402-c13\">\n<div class=\"h-row justify-content-lg-center justify-content-md-center justify-content-center align-items-lg-stretch align-items-md-stretch align-items-stretch gutters-col-lg-0 gutters-col-md-0 gutters-col-0 gutters-col-v-lg-0 gutters-col-v-md-0 gutters-col-v-0\">\n<div class=\"h-column h-column-container d-flex h-col-lg-auto h-col-md-auto h-col-auto style-15642-outer style-local-9402-c14-outer\">\n<div class=\"d-flex h-flex-basis h-column__inner h-px-lg-0 h-px-md-0 h-px-0 v-inner-lg-0 v-inner-md-0 v-inner-0 style-15642 style-local-9402-c14 position-relative\" data-colibri-id=\"9402-c14\">\n<div class=\"w-100 h-y-container h-column__content h-column__v-align flex-basis-100 align-self-lg-start align-self-md-start align-self-start\">\n<div class=\"h-text h-text-component style-15643 style-local-9402-c15 position-relative h-element\" data-colibri-id=\"9402-c15\">\n<div class=\"\">\n\nEnde:\n\n<\/div>\n<\/div>\n<\/div>\n<\/div>\n<\/div>\n<div class=\"h-column h-column-container d-flex h-col-lg-auto h-col-md-auto h-col-auto style-15644-outer style-local-9402-c16-outer\">\n<div class=\"d-flex h-flex-basis h-column__inner h-px-lg-0 h-px-md-0 h-px-0 v-inner-lg-0 v-inner-md-0 v-inner-0 style-15644 style-local-9402-c16 position-relative\" data-colibri-id=\"9402-c16\">\n<div class=\"w-100 h-y-container h-column__content h-column__v-align flex-basis-100 align-self-lg-start align-self-md-start align-self-start\">\n<div class=\"h-text h-text-component style-15645 style-local-9402-c17 position-relative h-element\" data-colibri-id=\"9402-c17\">\n<div class=\"\">\n\n31.10.2024\n\n<\/div>\n<\/div>\n<\/div>\n<\/div>\n<\/div>\n<\/div>\n<\/div>\n<div class=\"h-row-container gutters-row-lg-0 gutters-row-md-0 gutters-row-0 gutters-row-v-lg-0 gutters-row-v-md-0 gutters-row-v-0 style-15641 style-local-9402-c18 position-relative\" data-colibri-id=\"9402-c18\">\n<div class=\"h-row justify-content-lg-center justify-content-md-center justify-content-center align-items-lg-stretch align-items-md-stretch align-items-stretch gutters-col-lg-0 gutters-col-md-0 gutters-col-0 gutters-col-v-lg-0 gutters-col-v-md-0 gutters-col-v-0\">\n<div class=\"h-column h-column-container d-flex h-col-lg-auto h-col-md-auto h-col-auto style-15642-outer style-local-9402-c19-outer\">\n<div class=\"d-flex h-flex-basis h-column__inner h-px-lg-0 h-px-md-0 h-px-0 v-inner-lg-0 v-inner-md-0 v-inner-0 style-15642 style-local-9402-c19 position-relative\" data-colibri-id=\"9402-c19\">\n<div class=\"w-100 h-y-container h-column__content h-column__v-align flex-basis-100 align-self-lg-start align-self-md-start align-self-start\">\n<div class=\"h-text h-text-component style-15643 style-local-9402-c20 position-relative h-element\" data-colibri-id=\"9402-c20\">\n<div class=\"\">\n\nWebseite:\n\n<\/div>\n<\/div>\n<\/div>\n<\/div>\n<\/div>\n<div class=\"h-column h-column-container d-flex h-col-lg-auto h-col-md-auto h-col-auto style-15644-outer style-local-9402-c21-outer\">\n<div class=\"d-flex h-flex-basis h-column__inner h-px-lg-0 h-px-md-0 h-px-0 v-inner-lg-0 v-inner-md-0 v-inner-0 style-15644 style-local-9402-c21 position-relative\" data-colibri-id=\"9402-c21\">\n<div class=\"w-100 h-y-container h-column__content h-column__v-align flex-basis-100 align-self-lg-start align-self-md-start align-self-start\">\n<div class=\"h-x-container style-15646 style-local-9402-c22 position-relative h-element\" data-colibri-id=\"9402-c22\">\n<div class=\"h-x-container-inner style-dynamic-9402-c22-group style-15646-spacing style-local-9402-c22-spacing\"><span class=\"h-link__outer style-15647-outer style-local-9402-c23-outer d-inline-flex h-element\"><a class=\"d-flex w-100 align-items-center h-link style-15647 style-local-9402-c23 position-relative\" href=\"https:\/\/xaim.eu\/\" target=\"_blank\" rel=\"noopener\" data-colibri-id=\"9402-c23\"> www.xaim.eu<\/a>\n<\/span><\/div>\n<\/div>\n<\/div>\n<\/div>\n<\/div>\n<\/div>\n<\/div>\n<\/div>\n<\/div>\n<\/div>\n<div class=\"h-column h-column-container d-flex h-col-lg-auto h-col-md-auto h-col-auto style-15648-outer style-local-9402-c24-outer\">\n<div class=\"d-flex h-flex-basis h-column__inner h-px-lg-0 h-px-md-0 h-px-0 v-inner-lg-0 v-inner-md-0 v-inner-0 style-15648 style-local-9402-c24 position-relative\" data-colibri-id=\"9402-c24\">\n<div class=\"w-100 h-y-container h-column__content h-column__v-align flex-basis-100 align-self-lg-start align-self-md-start align-self-start\">\n<div class=\"style-15711 style-local-9402-c25 h-hide-lg position-relative h-element\" data-colibri-id=\"9402-c25\"><\/div>\n<div class=\"h-row-container gutters-row-lg-1 gutters-row-md-1 gutters-row-0 gutters-row-v-lg-1 gutters-row-v-md-1 gutters-row-v-1 style-15649 style-local-9402-c26 position-relative\" data-colibri-id=\"9402-c26\">\n<div class=\"h-row justify-content-lg-center justify-content-md-center justify-content-center align-items-lg-stretch align-items-md-stretch align-items-stretch gutters-col-lg-1 gutters-col-md-1 gutters-col-0 gutters-col-v-lg-1 gutters-col-v-md-1 gutters-col-v-1\">\n<div class=\"h-column h-column-container d-flex h-col-lg-12 h-col-md-12 h-col-12 style-15650-outer style-local-9402-c27-outer\">\n<div class=\"d-flex h-flex-basis h-column__inner h-px-lg-1 h-px-md-1 h-px-1 v-inner-lg-1 v-inner-md-1 v-inner-1 style-15650 style-local-9402-c27 position-relative\" data-colibri-id=\"9402-c27\">\n<div class=\"w-100 h-y-container h-column__content h-column__v-align flex-basis-100 align-self-lg-start align-self-md-start align-self-start\">\n<div class=\"h-global-transition-all h-heading style-15651 style-local-9402-c28 h-hide-sm position-relative h-element\" data-colibri-id=\"9402-c28\">\n<div class=\"h-heading__outer style-15651 style-local-9402-c28\">\n<h2 class=\"\">xAIM<\/h2>\n<\/div>\n<\/div>\n<div class=\"h-text h-text-component style-15652 style-local-9402-c29 h-hide-sm position-relative h-element\" data-colibri-id=\"9402-c29\">\n<div class=\"\">\n\nEntwicklung eines Masterkurses \u00fcber erkl\u00e4rbare KI f\u00fcr Fachkr\u00e4fte im Gesundheitswesen und alle, die an der Anwendung von KI im Gesundheitswesen interessiert sind\n\n<\/div>\n<\/div>\n<div class=\"style-15653 style-local-9402-c30 position-relative h-element\" data-colibri-id=\"9402-c30\"><\/div>\n<div class=\"h-text h-text-component style-15654 style-local-9402-c31 position-relative h-element\" data-colibri-id=\"9402-c31\">\n<div class=\"\">\n\nThe importance of artificial intelligence (AI) is increasing worldwide. Its potential is also becoming increasingly evident in terms of challenges in the healthcare sector. Therefore, it is extremely important to address\nthe lack of digital skills in this field by training qualified healthcare professionals in the field of AI and computer scientists in the field of healthcare. With the xAIM project, we aim to address this problem by creating\na new, online master\u2019s program focused on the application of explainable artificial intelligence in healthcare.\n\n<\/div>\n<\/div>\n<div class=\"style-15655 style-local-9402-c32 position-relative h-element\" data-colibri-id=\"9402-c32\"><\/div>\n<div class=\"h-accordion style-15656 style-local-9402-c33 position-relative h-element\" data-toggle=\"false\" data-is-preview=\"true\" data-colibri-component=\"accordion\" data-colibri-id=\"9402-c33\">\n<div class=\"h-accordion-item h-accordion-item-first-child style-15657 style-local-9402-c34 position-relative h-element\" data-colibri-id=\"9402-c34\">\n<a class=\"h-accordion-item-title d-flex align-items-center h-global-transition\" href=\"#9402-c34\" data-open-by-default=\"false\">\nF\u00f6rderprogramm<\/a>\n<div class=\"h-accordion-item-title-normal-icon h-accordion-item-title-icon h-accordion-item-title-icon-right\"><span class=\"h-svg-icon\"><!--Icon by Icons8 Line Awesome (https:\/\/icons8.com\/line-awesome)--><\/span><\/div>\n<div class=\"h-accordion-item-title-active-icon h-accordion-item-title-icon h-accordion-item-title-icon-right\"><span class=\"h-svg-icon\"><!--Icon by Icons8 Line Awesome (https:\/\/icons8.com\/line-awesome)--><\/span><\/div>\n<div id=\"9402-c34\" class=\"h-accordion-item-content__container\">\n<div class=\"w-100 h-y-container h-accordion-item-content\">\n<div class=\"h-text h-text-component style-15658 style-local-9402-c35 position-relative h-element\" data-colibri-id=\"9402-c35\">\n<div class=\"\">\n<ul>\n \t<li>The Connecting Europe Facility (CEF) &#8211;\u00a0Telecommunications sector<\/li>\n<\/ul>\n<\/div>\n<\/div>\n<\/div>\n<\/div>\n<\/div>\n<div class=\"h-accordion-item style-15659 style-local-9402-c36 position-relative h-element\" data-colibri-id=\"9402-c36\">\n<a class=\"h-accordion-item-title d-flex align-items-center h-global-transition\" href=\"#9402-c36\" data-open-by-default=\"false\">\nProjektpartner<\/a>\n<div class=\"h-accordion-item-title-normal-icon h-accordion-item-title-icon h-accordion-item-title-icon-right\"><span class=\"h-svg-icon\"><!--Icon by Icons8 Line Awesome (https:\/\/icons8.com\/line-awesome)--><\/span><\/div>\n<div class=\"h-accordion-item-title-active-icon h-accordion-item-title-icon h-accordion-item-title-icon-right\"><span class=\"h-svg-icon\"><!--Icon by Icons8 Line Awesome (https:\/\/icons8.com\/line-awesome)--><\/span><\/div>\n<div id=\"9402-c36\" class=\"h-accordion-item-content__container\">\n<div class=\"w-100 h-y-container h-accordion-item-content\">\n<div class=\"h-text h-text-component style-15660 style-local-9402-c37 position-relative h-element\" data-colibri-id=\"9402-c37\">\n<div class=\"\">\n<ul>\n \t<li>Universit\u00e0 degli Studi di Pavia<\/li>\n \t<li>Goethe Universit\u00e4t Frankfurt<\/li>\n \t<li>Keele University<\/li>\n \t<li>University of Ljubljana<\/li>\n<\/ul>\n<\/div>\n<\/div>\n<\/div>\n<\/div>\n<\/div>\n<\/div>\n<div class=\"style-15661 style-local-9402-c38 position-relative h-element\" data-colibri-id=\"9402-c38\"><\/div>\n<\/div>\n<\/div>\n<\/div>\n<\/div>\n<\/div>\n<div class=\"h-row-container gutters-row-lg-1 gutters-row-md-1 gutters-row-0 gutters-row-v-lg-1 gutters-row-v-md-1 gutters-row-v-1 style-15662 style-local-9402-c39 position-relative\" data-colibri-id=\"9402-c39\">\n<div class=\"h-row justify-content-lg-start justify-content-md-start justify-content-start align-items-lg-stretch align-items-md-stretch align-items-stretch gutters-col-lg-1 gutters-col-md-1 gutters-col-0 gutters-col-v-lg-1 gutters-col-v-md-1 gutters-col-v-1\">\n<div class=\"h-column h-column-container d-flex h-col-lg-auto h-col-md-auto h-col-auto style-15663-outer style-local-9402-c40-outer\">\n<div class=\"d-flex h-flex-basis h-column__inner h-px-lg-2 h-px-md-2 h-px-2 v-inner-lg-2 v-inner-md-2 v-inner-2 style-15663 style-local-9402-c40 position-relative\" data-colibri-id=\"9402-c40\">\n<div class=\"w-100 h-y-container h-column__content h-column__v-align flex-basis-100 align-self-lg-start align-self-md-start align-self-start\">\n<div class=\"h-global-transition-all h-heading style-15664 style-local-9402-c41 position-relative h-element\" data-colibri-id=\"9402-c41\">\n<div class=\"h-heading__outer style-15664 style-local-9402-c41\">\n<h1 class=\"\">Kontakt<\/h1>\n<\/div>\n<\/div>\n<\/div>\n<\/div>\n<\/div>\n<div class=\"h-column h-column-container d-flex h-col-lg-auto h-col-md-auto h-col-auto style-15665-outer style-local-9402-c42-outer\">\n<div class=\"d-flex h-flex-basis h-column__inner h-px-lg-2 h-px-md-2 h-px-2 v-inner-lg-2 v-inner-md-2 v-inner-2 style-15665 style-local-9402-c42 position-relative\" data-colibri-id=\"9402-c42\">\n<div class=\"w-100 h-y-container h-column__content h-column__v-align flex-basis-100 align-self-lg-start align-self-md-start align-self-start\">\n<div class=\"d-block style-15666 style-local-9402-c43 position-relative h-element\" data-colibri-id=\"9402-c43\">\n<div class=\"h-image__frame-container-outer\">\n<div class=\"h-image__frame-container\">\n\n<img decoding=\"async\" width=\"1917\" height=\"1920\" class=\"wp-image-9406 style-15666-image style-local-9402-c43-image lazyload\" data-src=\"https:\/\/www.l3s.de\/wp-content\/uploads\/2022\/09\/cropped-MarcoFisichella.jpg\" alt=\"\" data-srcset=\"https:\/\/www.l3s.de\/wp-content\/uploads\/2022\/09\/cropped-MarcoFisichella.jpg 1917w, https:\/\/www.l3s.de\/wp-content\/uploads\/2022\/09\/cropped-MarcoFisichella-300x300.jpg 300w, https:\/\/www.l3s.de\/wp-content\/uploads\/2022\/09\/cropped-MarcoFisichella-1022x1024.jpg 1022w, https:\/\/www.l3s.de\/wp-content\/uploads\/2022\/09\/cropped-MarcoFisichella-150x150.jpg 150w, https:\/\/www.l3s.de\/wp-content\/uploads\/2022\/09\/cropped-MarcoFisichella-768x769.jpg 768w, https:\/\/www.l3s.de\/wp-content\/uploads\/2022\/09\/cropped-MarcoFisichella-1533x1536.jpg 1533w, https:\/\/www.l3s.de\/wp-content\/uploads\/2022\/09\/cropped-MarcoFisichella-2045x2048.jpg 2045w, https:\/\/www.l3s.de\/wp-content\/uploads\/2022\/09\/cropped-MarcoFisichella-12x12.jpg 12w\" data-sizes=\"(max-width: 1917px) 100vw, 1917px\" src=\"data:image\/svg+xml;base64,PHN2ZyB3aWR0aD0iMSIgaGVpZ2h0PSIxIiB4bWxucz0iaHR0cDovL3d3dy53My5vcmcvMjAwMC9zdmciPjwvc3ZnPg==\" style=\"--smush-placeholder-width: 1917px; --smush-placeholder-aspect-ratio: 1917\/1920;\" \/>\n<div class=\"h-image__frame h-hide-lg h-hide-md h-hide-sm style-15666-frameImage style-local-9402-c43-frameImage\"><\/div>\n<\/div>\n<\/div>\n<\/div>\n<div class=\"h-global-transition-all h-heading style-15667 style-local-9402-c44 position-relative h-element\" data-colibri-id=\"9402-c44\">\n<div class=\"h-heading__outer style-15667 style-local-9402-c44\">\n<h4 class=\"\">Marco Fisichella<\/h4>\n<\/div>\n<\/div>\n<div class=\"h-text h-text-component style-15668 style-local-9402-c45 position-relative h-element\" data-colibri-id=\"9402-c45\">\n<div class=\"\">\n\nProjektmanager\n\n<\/div>\n<\/div>\n<div class=\"h-row-container gutters-row-lg-0 gutters-row-md-0 gutters-row-0 gutters-row-v-lg-0 gutters-row-v-md-0 gutters-row-v-0 style-15669 style-local-9402-c46 position-relative\" data-colibri-id=\"9402-c46\">\n<div class=\"h-row justify-content-lg-center justify-content-md-center justify-content-center align-items-lg-stretch align-items-md-stretch align-items-stretch gutters-col-lg-0 gutters-col-md-0 gutters-col-0 gutters-col-v-lg-0 gutters-col-v-md-0 gutters-col-v-0\">\n<div class=\"h-column h-column-container d-flex h-col-lg h-col-md h-col-auto style-15670-outer style-local-9402-c47-outer\">\n<div class=\"d-flex h-flex-basis h-column__inner h-px-lg-0 h-px-md-0 h-px-0 v-inner-lg-0 v-inner-md-0 v-inner-0 style-15670 style-local-9402-c47 position-relative\" data-colibri-id=\"9402-c47\">\n<div class=\"w-100 h-y-container h-column__content h-column__v-align flex-basis-100 align-self-lg-start align-self-md-start align-self-start\">\n<div class=\"h-x-container style-15671 style-local-9402-c48 position-relative h-element\" data-colibri-id=\"9402-c48\">\n<div class=\"h-x-container-inner style-dynamic-9402-c48-group style-15671-spacing style-local-9402-c48-spacing\"><span class=\"h-link__outer style-15672-outer style-local-9402-c49-outer d-inline-flex h-element\"><a class=\"d-flex w-100 align-items-center h-link style-15672 style-local-9402-c49 position-relative\" href=\"mailto:mfisichella@l3s.de\" data-colibri-id=\"9402-c49\"><span class=\"h-svg-icon h-link__icon style-15672-icon style-local-9402-c49-icon\"><!--Icon by Icons8 Line Awesome (https:\/\/icons8.com\/line-awesome)--><\/span> mfisichella@l3s.de<\/a>\n<\/span><\/div>\n<\/div>\n<div class=\"h-x-container style-15673 style-local-9402-c50 position-relative h-element\" data-colibri-id=\"9402-c50\">\n<div class=\"h-x-container-inner style-dynamic-9402-c50-group style-15673-spacing style-local-9402-c50-spacing\"><span class=\"h-link__outer style-15672-outer style-local-9402-c51-outer d-inline-flex h-element\"><a class=\"d-flex w-100 align-items-center h-link style-15672 style-local-9402-c51 position-relative\" href=\"tel:-\" data-colibri-id=\"9402-c51\"><span class=\"h-svg-icon h-link__icon style-15672-icon style-local-9402-c51-icon\"><!--Icon by Icons8 Line Awesome (https:\/\/icons8.com\/line-awesome)--><\/span> &#8211;<\/a>\n<\/span><\/div>\n<\/div>\n<\/div>\n<\/div>\n<\/div>\n<\/div>\n<\/div>\n<\/div>\n<\/div>\n<\/div>\n<\/div>\n<\/div>\n<\/div>\n<\/div>\n<\/div>\n<\/div>\n<\/div>\n<\/div>\n<\/div>\n<\/div>","protected":false},"excerpt":{"rendered":"<p>Design of a master\u2019s course on explainable AI for healthcare professionals and everyone interested in applying AI to the healthcare sector. Start: 01.05.2021 End: 31.10.2024 Website: www.xaim.eu xAIM Design of a master\u2019s course on explainable AI for healthcare professionals and everyone interested in applying AI to the healthcare sector. The importance of artificial intelligence (AI) [&hellip;]<\/p>","protected":false},"author":7,"featured_media":9403,"parent":10129,"menu_order":0,"comment_status":"closed","ping_status":"closed","template":"page-templates\/full-width-page.php","meta":{"_acf_changed":false,"footnotes":""},"categories":[75],"tags":[119],"class_list":["post-9402","page","type-page","status-publish","has-post-thumbnail","hentry","category-project-archive","tag-archive"],"acf":[],"aioseo_notices":[],"publishpress_future_action":{"enabled":false,"date":"2026-05-18 00:13:02","action":"category","newStatus":"draft","terms":[75],"taxonomy":"category","extraData":[]},"publishpress_future_workflow_manual_trigger":{"enabledWorkflows":[]},"_links":{"self":[{"href":"https:\/\/www.l3s.de\/de\/wp-json\/wp\/v2\/pages\/9402","targetHints":{"allow":["GET"]}}],"collection":[{"href":"https:\/\/www.l3s.de\/de\/wp-json\/wp\/v2\/pages"}],"about":[{"href":"https:\/\/www.l3s.de\/de\/wp-json\/wp\/v2\/types\/page"}],"author":[{"embeddable":true,"href":"https:\/\/www.l3s.de\/de\/wp-json\/wp\/v2\/users\/7"}],"replies":[{"embeddable":true,"href":"https:\/\/www.l3s.de\/de\/wp-json\/wp\/v2\/comments?post=9402"}],"version-history":[{"count":2,"href":"https:\/\/www.l3s.de\/de\/wp-json\/wp\/v2\/pages\/9402\/revisions"}],"predecessor-version":[{"id":36696,"href":"https:\/\/www.l3s.de\/de\/wp-json\/wp\/v2\/pages\/9402\/revisions\/36696"}],"up":[{"embeddable":true,"href":"https:\/\/www.l3s.de\/de\/wp-json\/wp\/v2\/pages\/10129"}],"wp:featuredmedia":[{"embeddable":true,"href":"https:\/\/www.l3s.de\/de\/wp-json\/wp\/v2\/media\/9403"}],"wp:attachment":[{"href":"https:\/\/www.l3s.de\/de\/wp-json\/wp\/v2\/media?parent=9402"}],"wp:term":[{"taxonomy":"category","embeddable":true,"href":"https:\/\/www.l3s.de\/de\/wp-json\/wp\/v2\/categories?post=9402"},{"taxonomy":"post_tag","embeddable":true,"href":"https:\/\/www.l3s.de\/de\/wp-json\/wp\/v2\/tags?post=9402"}],"curies":[{"name":"wp","href":"https:\/\/api.w.org\/{rel}","templated":true}]}}