{"id":9363,"date":"2022-10-05T15:31:58","date_gmt":"2022-10-05T13:31:58","guid":{"rendered":"https:\/\/www.l3s.de\/?page_id=9363"},"modified":"2024-04-08T11:48:32","modified_gmt":"2024-04-08T09:48:32","slug":"the-organization-of-valorization","status":"publish","type":"page","link":"https:\/\/www.l3s.de\/de\/research-at-l3s\/all-projects\/project-archive\/the-organization-of-valorization\/","title":{"rendered":"The Organization of Valorization"},"content":{"rendered":"<div data-colibri-id=\"9363-c1\" class=\"style-10560 style-local-9363-c1 position-relative\">\n  <!---->\n  <div data-colibri-component=\"section\" data-colibri-id=\"9363-c2\" id=\"reusable-sections-2\" class=\"h-section h-section-global-spacing d-flex align-items-lg-center align-items-md-center align-items-center style-15457 style-local-9363-c2 position-relative\">\n    <!---->\n    <!---->\n    <div class=\"h-section-grid-container h-section-boxed-container\">\n      <!---->\n      <div data-colibri-id=\"9363-c3\" class=\"h-row-container gutters-row-lg-0 gutters-row-md-0 gutters-row-0 gutters-row-v-lg-0 gutters-row-v-md-0 gutters-row-v-0 style-15458 style-local-9363-c3 position-relative\">\n        <!---->\n        <div class=\"h-row justify-content-lg-center justify-content-md-center justify-content-center align-items-lg-stretch align-items-md-stretch align-items-stretch gutters-col-lg-0 gutters-col-md-0 gutters-col-0 gutters-col-v-lg-0 gutters-col-v-md-0 gutters-col-v-0\">\n          <!---->\n          <div class=\"h-column h-column-container d-flex h-col-lg-auto h-col-md-auto h-col-auto style-15459-outer style-local-9363-c4-outer\">\n            <div data-colibri-id=\"9363-c4\" class=\"d-flex h-flex-basis h-column__inner h-px-lg-2 h-px-md-2 h-px-2 v-inner-lg-2 v-inner-md-2 v-inner-2 style-15459 style-local-9363-c4 position-relative\">\n              <!---->\n              <!---->\n              <div class=\"w-100 h-y-container h-column__content h-column__v-align flex-basis-100 align-self-lg-start align-self-md-start align-self-start\">\n                <!---->\n                <div data-colibri-id=\"9363-c5\" class=\"d-block style-10564 style-local-9363-c5 position-relative h-element\">\n                  <!---->\n                  <div class=\"h-image__frame-container-outer\">\n                    <div class=\"h-image__frame-container\">\n                      <!---->\n                      <!---->\n                      <img decoding=\"async\" width=\"1920\" height=\"1080\" data-src=\"https:\/\/www.l3s.de\/wp-content\/uploads\/2022\/10\/Add-a-little-bit-of-body-text.png\" class=\"wp-image-9364 style-10564-image style-local-9363-c5-image lazyload\" alt=\"\" data-srcset=\"https:\/\/www.l3s.de\/wp-content\/uploads\/2022\/10\/Add-a-little-bit-of-body-text.png 1920w, https:\/\/www.l3s.de\/wp-content\/uploads\/2022\/10\/Add-a-little-bit-of-body-text-300x169.png 300w, https:\/\/www.l3s.de\/wp-content\/uploads\/2022\/10\/Add-a-little-bit-of-body-text-1024x576.png 1024w, https:\/\/www.l3s.de\/wp-content\/uploads\/2022\/10\/Add-a-little-bit-of-body-text-768x432.png 768w, https:\/\/www.l3s.de\/wp-content\/uploads\/2022\/10\/Add-a-little-bit-of-body-text-1536x864.png 1536w, https:\/\/www.l3s.de\/wp-content\/uploads\/2022\/10\/Add-a-little-bit-of-body-text-18x10.png 18w\" data-sizes=\"(max-width: 1920px) 100vw, 1920px\" src=\"data:image\/svg+xml;base64,PHN2ZyB3aWR0aD0iMSIgaGVpZ2h0PSIxIiB4bWxucz0iaHR0cDovL3d3dy53My5vcmcvMjAwMC9zdmciPjwvc3ZnPg==\" style=\"--smush-placeholder-width: 1920px; --smush-placeholder-aspect-ratio: 1920\/1080;\" \/>\n                      <div class=\"h-image__frame h-hide-lg h-hide-md h-hide-sm style-10564-frameImage style-local-9363-c5-frameImage\"><\/div>\n                    <\/div>\n                  <\/div>\n                <\/div>\n                <div data-colibri-id=\"9363-c6\" class=\"h-global-transition-all h-heading style-18792 style-local-9363-c6 h-hide-lg h-hide-md position-relative h-element\">\n                  <!---->\n                  <div class=\"h-heading__outer style-18792 style-local-9363-c6\">\n                    <!---->\n                    <!---->\n                    <h2 class=\"\">The Organization of Valorization<\/h2>\n                  <\/div>\n                <\/div>\n                <div data-colibri-id=\"9363-c7\" class=\"h-text h-text-component style-18793 style-local-9363-c7 h-hide-lg h-hide-md position-relative h-element\">\n                  <!---->\n                  <!---->\n                  <div class=\"\">\n                    <p>Eine organisationssoziologische Modellierung von Beurteilungspraktiken in der Talentauswahl<\/p>\n                  <\/div>\n                <\/div>\n                <div data-colibri-id=\"9363-c8\" class=\"style-15461 style-local-9363-c8 position-relative h-element\">\n                  <!---->\n                <\/div>\n                <div data-colibri-id=\"9363-c9\" class=\"h-row-container gutters-row-lg-0 gutters-row-md-0 gutters-row-0 gutters-row-v-lg-0 gutters-row-v-md-0 gutters-row-v-0 style-15462 style-local-9363-c9 position-relative\">\n                  <!---->\n                  <div class=\"h-row justify-content-lg-center justify-content-md-center justify-content-center align-items-lg-stretch align-items-md-stretch align-items-stretch gutters-col-lg-0 gutters-col-md-0 gutters-col-0 gutters-col-v-lg-0 gutters-col-v-md-0 gutters-col-v-0\">\n                    <!---->\n                    <div class=\"h-column h-column-container d-flex h-col-lg-auto h-col-md-auto h-col-auto style-15463-outer style-local-9363-c10-outer\">\n                      <div data-colibri-id=\"9363-c10\" class=\"d-flex h-flex-basis h-column__inner h-px-lg-0 h-px-md-0 h-px-0 v-inner-lg-0 v-inner-md-0 v-inner-0 style-15463 style-local-9363-c10 position-relative\">\n                        <!---->\n                        <!---->\n                        <div class=\"w-100 h-y-container h-column__content h-column__v-align flex-basis-100 align-self-lg-start align-self-md-start align-self-start\">\n                          <!---->\n                          <div data-colibri-id=\"9363-c11\" class=\"h-text h-text-component style-15464 style-local-9363-c11 position-relative h-element\">\n                            <!---->\n                            <!---->\n                            <div class=\"\">\n                              <p>Start:<\/p>\n                            <\/div>\n                          <\/div>\n                        <\/div>\n                      <\/div>\n                    <\/div>\n                    <div class=\"h-column h-column-container d-flex h-col-lg-auto h-col-md-auto h-col-auto style-15465-outer style-local-9363-c12-outer\">\n                      <div data-colibri-id=\"9363-c12\" class=\"d-flex h-flex-basis h-column__inner h-px-lg-0 h-px-md-0 h-px-0 v-inner-lg-0 v-inner-md-0 v-inner-0 style-15465 style-local-9363-c12 position-relative\">\n                        <!---->\n                        <!---->\n                        <div class=\"w-100 h-y-container h-column__content h-column__v-align flex-basis-100 align-self-lg-start align-self-md-start align-self-start\">\n                          <!---->\n                          <div data-colibri-id=\"9363-c13\" class=\"h-text h-text-component style-15466 style-local-9363-c13 position-relative h-element\">\n                            <!---->\n                            <!---->\n                            <div class=\"\">\n                              <p>01.04.2021<\/p>\n                            <\/div>\n                          <\/div>\n                        <\/div>\n                      <\/div>\n                    <\/div>\n                  <\/div>\n                <\/div>\n                <div data-colibri-id=\"9363-c14\" class=\"h-row-container gutters-row-lg-0 gutters-row-md-0 gutters-row-0 gutters-row-v-lg-0 gutters-row-v-md-0 gutters-row-v-0 style-15462 style-local-9363-c14 position-relative\">\n                  <!---->\n                  <div class=\"h-row justify-content-lg-center justify-content-md-center justify-content-center align-items-lg-stretch align-items-md-stretch align-items-stretch gutters-col-lg-0 gutters-col-md-0 gutters-col-0 gutters-col-v-lg-0 gutters-col-v-md-0 gutters-col-v-0\">\n                    <!---->\n                    <div class=\"h-column h-column-container d-flex h-col-lg-auto h-col-md-auto h-col-auto style-15463-outer style-local-9363-c15-outer\">\n                      <div data-colibri-id=\"9363-c15\" class=\"d-flex h-flex-basis h-column__inner h-px-lg-0 h-px-md-0 h-px-0 v-inner-lg-0 v-inner-md-0 v-inner-0 style-15463 style-local-9363-c15 position-relative\">\n                        <!---->\n                        <!---->\n                        <div class=\"w-100 h-y-container h-column__content h-column__v-align flex-basis-100 align-self-lg-start align-self-md-start align-self-start\">\n                          <!---->\n                          <div data-colibri-id=\"9363-c16\" class=\"h-text h-text-component style-15464 style-local-9363-c16 position-relative h-element\">\n                            <!---->\n                            <!---->\n                            <div class=\"\">\n                              <p>Ende:<\/p>\n                            <\/div>\n                          <\/div>\n                        <\/div>\n                      <\/div>\n                    <\/div>\n                    <div class=\"h-column h-column-container d-flex h-col-lg-auto h-col-md-auto h-col-auto style-15465-outer style-local-9363-c17-outer\">\n                      <div data-colibri-id=\"9363-c17\" class=\"d-flex h-flex-basis h-column__inner h-px-lg-0 h-px-md-0 h-px-0 v-inner-lg-0 v-inner-md-0 v-inner-0 style-15465 style-local-9363-c17 position-relative\">\n                        <!---->\n                        <!---->\n                        <div class=\"w-100 h-y-container h-column__content h-column__v-align flex-basis-100 align-self-lg-start align-self-md-start align-self-start\">\n                          <!---->\n                          <div data-colibri-id=\"9363-c18\" class=\"h-text h-text-component style-15466 style-local-9363-c18 position-relative h-element\">\n                            <!---->\n                            <!---->\n                            <div class=\"\">\n                              <p>30.03.2024<\/p>\n                            <\/div>\n                          <\/div>\n                        <\/div>\n                      <\/div>\n                    <\/div>\n                  <\/div>\n                <\/div>\n                <div data-colibri-id=\"9363-c19\" class=\"h-row-container gutters-row-lg-0 gutters-row-md-0 gutters-row-0 gutters-row-v-lg-0 gutters-row-v-md-0 gutters-row-v-0 style-15462 style-local-9363-c19 position-relative\">\n                  <!---->\n                  <div class=\"h-row justify-content-lg-center justify-content-md-center justify-content-center align-items-lg-stretch align-items-md-stretch align-items-stretch gutters-col-lg-0 gutters-col-md-0 gutters-col-0 gutters-col-v-lg-0 gutters-col-v-md-0 gutters-col-v-0\">\n                    <!---->\n                    <div class=\"h-column h-column-container d-flex h-col-lg-auto h-col-md-auto h-col-auto style-15463-outer style-local-9363-c20-outer\">\n                      <div data-colibri-id=\"9363-c20\" class=\"d-flex h-flex-basis h-column__inner h-px-lg-0 h-px-md-0 h-px-0 v-inner-lg-0 v-inner-md-0 v-inner-0 style-15463 style-local-9363-c20 position-relative\">\n                        <!---->\n                        <!---->\n                        <div class=\"w-100 h-y-container h-column__content h-column__v-align flex-basis-100 align-self-lg-start align-self-md-start align-self-start\">\n                          <!---->\n                          <div data-colibri-id=\"9363-c21\" class=\"h-text h-text-component style-15464 style-local-9363-c21 position-relative h-element\">\n                            <!---->\n                            <!---->\n                            <div class=\"\">\n                              <p>Webseite:<\/p>\n                            <\/div>\n                          <\/div>\n                        <\/div>\n                      <\/div>\n                    <\/div>\n                    <div class=\"h-column h-column-container d-flex h-col-lg-auto h-col-md-auto h-col-auto style-15465-outer style-local-9363-c22-outer\">\n                      <div data-colibri-id=\"9363-c22\" class=\"d-flex h-flex-basis h-column__inner h-px-lg-0 h-px-md-0 h-px-0 v-inner-lg-0 v-inner-md-0 v-inner-0 style-15465 style-local-9363-c22 position-relative\">\n                        <!---->\n                        <!---->\n                        <div class=\"w-100 h-y-container h-column__content h-column__v-align flex-basis-100 align-self-lg-start align-self-md-start align-self-start\">\n                          <!---->\n                          <div data-colibri-id=\"9363-c23\" class=\"h-x-container style-15467 style-local-9363-c23 position-relative h-element\">\n                            <!---->\n                            <div class=\"h-x-container-inner style-dynamic-9363-c23-group style-15467-spacing style-local-9363-c23-spacing\"><span class=\"h-link__outer style-15468-outer style-local-9363-c24-outer d-inline-flex h-element\"><a h-use-smooth-scroll=\"true\" href=\"\/de\/-\/\" target=\"_blank\" data-colibri-id=\"9363-c24\" class=\"d-flex w-100 align-items-center h-link style-15468 style-local-9363-c24 position-relative\" rel=\"noopener\"><!----><!----> <span>&#8211;<\/span><\/a>\n                              <\/span>\n                            <\/div>\n                          <\/div>\n                        <\/div>\n                      <\/div>\n                    <\/div>\n                  <\/div>\n                <\/div>\n              <\/div>\n            <\/div>\n          <\/div>\n          <div class=\"h-column h-column-container d-flex h-col-lg-auto h-col-md-auto h-col-auto style-15469-outer style-local-9363-c25-outer\">\n            <div data-colibri-id=\"9363-c25\" class=\"d-flex h-flex-basis h-column__inner h-px-lg-0 h-px-md-0 h-px-0 v-inner-lg-0 v-inner-md-0 v-inner-0 style-15469 style-local-9363-c25 position-relative\">\n              <!---->\n              <!---->\n              <div class=\"w-100 h-y-container h-column__content h-column__v-align flex-basis-100 align-self-lg-start align-self-md-start align-self-start\">\n                <!---->\n                <div data-colibri-id=\"9363-c26\" class=\"h-row-container gutters-row-lg-1 gutters-row-md-1 gutters-row-0 gutters-row-v-lg-1 gutters-row-v-md-1 gutters-row-v-1 style-15470 style-local-9363-c26 position-relative\">\n                  <!---->\n                  <div class=\"h-row justify-content-lg-center justify-content-md-center justify-content-center align-items-lg-stretch align-items-md-stretch align-items-stretch gutters-col-lg-1 gutters-col-md-1 gutters-col-0 gutters-col-v-lg-1 gutters-col-v-md-1 gutters-col-v-1\">\n                    <!---->\n                    <div class=\"h-column h-column-container d-flex h-col-lg-12 h-col-md-12 h-col-12 style-15471-outer style-local-9363-c27-outer\">\n                      <div data-colibri-id=\"9363-c27\" class=\"d-flex h-flex-basis h-column__inner h-px-lg-1 h-px-md-1 h-px-1 v-inner-lg-1 v-inner-md-1 v-inner-1 style-15471 style-local-9363-c27 position-relative\">\n                        <!---->\n                        <!---->\n                        <div class=\"w-100 h-y-container h-column__content h-column__v-align flex-basis-100 align-self-lg-start align-self-md-start align-self-start\">\n                          <!---->\n                          <div data-colibri-id=\"9363-c28\" class=\"h-global-transition-all h-heading style-15472 style-local-9363-c28 h-hide-sm position-relative h-element\">\n                            <!---->\n                            <div class=\"h-heading__outer style-15472 style-local-9363-c28\">\n                              <!---->\n                              <!---->\n                              <h2 class=\"\">The Organization of Valorization<\/h2>\n                            <\/div>\n                          <\/div>\n                          <div data-colibri-id=\"9363-c29\" class=\"h-text h-text-component style-15473 style-local-9363-c29 h-hide-sm position-relative h-element\">\n                            <!---->\n                            <!---->\n                            <div class=\"\">\n                              <p>Eine organisationssoziologische Modellierung von Beurteilungspraktiken in der Talentauswahl<\/p>\n                            <\/div>\n                          <\/div>\n                          <div data-colibri-id=\"9363-c30\" class=\"style-15474 style-local-9363-c30 position-relative h-element\">\n                            <!---->\n                          <\/div>\n                          <div data-colibri-id=\"9363-c31\" class=\"h-text h-text-component style-15475 style-local-9363-c31 position-relative h-element\">\n                            <!---->\n                            <!---->\n                            <div class=\"\">\n                              <p>In diesem Forschungsprojekt geht es um die Frage, wie es Organisationen gelingt, aus einem gro\u00dfen, konkurrierenden Bewerberpool die richtigen Kandidaten auszuw\u00e4hlen. Wir wollen ein organisationssoziologisches Modell zur Bewertung und Auswahl und Auswahl von Nachwuchskr\u00e4ften f\u00fcr die empirische Fragestellung der Talentauswahl entwickeln.<\/p>\n                              <p>Systemtheoretische Organisationstheorie und Konventionssoziologie werden konzeptionell so verkn\u00fcpft, dass das Spannungsverh\u00e4ltnis zwischen gesellschaftlichen Normerwartungen (wie Geschlechtergerechtigkeit, Meritokratie etc.) und organisationalen Rationalit\u00e4ten analytisch greifbar wird. Bislang ist aus organisationssoziologischer Sicht nicht hinreichend gekl\u00e4rt, wie genau Organisation (als eigene Ebene der Ordnungsbildung) und normative Erwartungen so zusammenwirken, dass erstens Probleme aus Erwartungskonflikten zu L\u00f6sungen und L\u00f6sungen wiederum zu Problemen werden k\u00f6nnen, zweitens, was genau f\u00fcr wen ein Problem ist und drittens, wann das Problem als Problem und\/oder als L\u00f6sung gerahmt wird. Diesem theoretischen Projekt geht eine umfassende, prozessorientierte und multimethodische Feldforschung in zwei Organisationstypen voraus: Stiftungen und Kunsthochschulen.<\/p>\n                            <\/div>\n                          <\/div>\n                          <div data-colibri-id=\"9363-c32\" class=\"style-15476 style-local-9363-c32 position-relative h-element\">\n                            <!---->\n                          <\/div>\n                          <div data-toggle=\"true\" data-is-preview=\"true\" data-colibri-component=\"accordion\" data-colibri-id=\"9363-c33\" class=\"h-accordion style-15477 style-local-9363-c33 position-relative h-element\">\n                            <!---->\n                            <div data-colibri-id=\"9363-c34\" class=\"h-accordion-item h-accordion-item-first-child style-15478 style-local-9363-c34 position-relative h-element\">\n                              <!---->\n                              <a data-open-by-default=\"false\" href=\"#9363-c34\" class=\"h-accordion-item-title d-flex align-items-center h-global-transition\">\n                                <!----><span>F\u00f6rderprogramm<\/span>\n                                <div class=\"h-accordion-item-title-normal-icon h-accordion-item-title-icon h-accordion-item-title-icon-right\"><span class=\"h-svg-icon\"><!--Icon by Icons8 Line Awesome (https:\/\/icons8.com\/line-awesome)--><svg version=\"1.1\" xmlns=\"http:\/\/www.w3.org\/2000\/svg\" xmlns:xlink=\"http:\/\/www.w3.org\/1999\/xlink\" id=\"plus\" viewbox=\"0 0 512 545.5\"><path d=\"M240 112h32v160h160v32H272v160h-32V304H80v-32h160V112z\"><\/path><\/svg><\/span><\/div>\n                                <div class=\"h-accordion-item-title-active-icon h-accordion-item-title-icon h-accordion-item-title-icon-right\"><span class=\"h-svg-icon\"><!--Icon by Icons8 Line Awesome (https:\/\/icons8.com\/line-awesome)--><svg version=\"1.1\" xmlns=\"http:\/\/www.w3.org\/2000\/svg\" xmlns:xlink=\"http:\/\/www.w3.org\/1999\/xlink\" id=\"minus\" viewbox=\"0 0 512 545.5\"><path d=\"M80 272h352v32H80v-32z\"><\/path><\/svg><\/span><\/div>\n                              <\/a>\n                              <div id=\"9363-c34\" class=\"h-accordion-item-content__container\">\n                                <div class=\"w-100 h-y-container h-accordion-item-content\">\n                                  <!---->\n                                  <div data-colibri-id=\"9363-c35\" class=\"h-text h-text-component style-15479 style-local-9363-c35 position-relative h-element\">\n                                    <!---->\n                                    <!---->\n                                    <div class=\"\">\n                                      <p>&#8211;<\/p>\n                                    <\/div>\n                                  <\/div>\n                                <\/div>\n                              <\/div>\n                            <\/div>\n                            <div data-colibri-id=\"9363-c36\" class=\"h-accordion-item style-15480 style-local-9363-c36 position-relative h-element\">\n                              <!---->\n                              <a data-open-by-default=\"false\" href=\"#9363-c36\" class=\"h-accordion-item-title d-flex align-items-center h-global-transition\">\n                                <!----><span>Projektpartner<\/span>\n                                <div class=\"h-accordion-item-title-normal-icon h-accordion-item-title-icon h-accordion-item-title-icon-right\"><span class=\"h-svg-icon\"><!--Icon by Icons8 Line Awesome (https:\/\/icons8.com\/line-awesome)--><svg version=\"1.1\" xmlns=\"http:\/\/www.w3.org\/2000\/svg\" xmlns:xlink=\"http:\/\/www.w3.org\/1999\/xlink\" id=\"plus\" viewbox=\"0 0 512 545.5\"><path d=\"M240 112h32v160h160v32H272v160h-32V304H80v-32h160V112z\"><\/path><\/svg><\/span><\/div>\n                                <div class=\"h-accordion-item-title-active-icon h-accordion-item-title-icon h-accordion-item-title-icon-right\"><span class=\"h-svg-icon\"><!--Icon by Icons8 Line Awesome (https:\/\/icons8.com\/line-awesome)--><svg version=\"1.1\" xmlns=\"http:\/\/www.w3.org\/2000\/svg\" xmlns:xlink=\"http:\/\/www.w3.org\/1999\/xlink\" id=\"minus\" viewbox=\"0 0 512 545.5\"><path d=\"M80 272h352v32H80v-32z\"><\/path><\/svg><\/span><\/div>\n                              <\/a>\n                              <div id=\"9363-c36\" class=\"h-accordion-item-content__container\">\n                                <div class=\"w-100 h-y-container h-accordion-item-content\">\n                                  <!---->\n                                  <div data-colibri-id=\"9363-c37\" class=\"h-text h-text-component style-15481 style-local-9363-c37 position-relative h-element\">\n                                    <!---->\n                                    <!---->\n                                    <div class=\"\">\n                                      <p>&#8211;<\/p>\n                                    <\/div>\n                                  <\/div>\n                                <\/div>\n                              <\/div>\n                            <\/div>\n                          <\/div>\n                          <div data-colibri-id=\"9363-c38\" class=\"style-15482 style-local-9363-c38 position-relative h-element\">\n                            <!---->\n                          <\/div>\n                        <\/div>\n                      <\/div>\n                    <\/div>\n                  <\/div>\n                <\/div>\n              <\/div>\n            <\/div>\n          <\/div>\n        <\/div>\n      <\/div>\n    <\/div>\n  <\/div>\n<\/div>","protected":false},"excerpt":{"rendered":"<p>The Organization of Valorization An organizational-sociological modeling of valuation practices in talent selection procedures Start: 01.04.2021 End: 30.03.2024 Website: &#8211; The Organization of Valorization An organizational-sociological modeling of valuation practices in talent selection procedures This research project is dedicated to the question of how organizations succeed in selecting the right applicants from a large, competitive [&hellip;]<\/p>\n","protected":false},"author":7,"featured_media":9364,"parent":10129,"menu_order":0,"comment_status":"closed","ping_status":"closed","template":"page-templates\/full-width-page.php","meta":{"_acf_changed":false,"footnotes":""},"categories":[75],"tags":[119],"class_list":["post-9363","page","type-page","status-publish","has-post-thumbnail","hentry","category-project-archive","tag-archive"],"acf":[],"aioseo_notices":[],"publishpress_future_action":{"enabled":false,"date":"2026-06-08 03:11:35","action":"category","newStatus":"draft","terms":[75],"taxonomy":"category","extraData":[]},"publishpress_future_workflow_manual_trigger":{"enabledWorkflows":[]},"_links":{"self":[{"href":"https:\/\/www.l3s.de\/de\/wp-json\/wp\/v2\/pages\/9363","targetHints":{"allow":["GET"]}}],"collection":[{"href":"https:\/\/www.l3s.de\/de\/wp-json\/wp\/v2\/pages"}],"about":[{"href":"https:\/\/www.l3s.de\/de\/wp-json\/wp\/v2\/types\/page"}],"author":[{"embeddable":true,"href":"https:\/\/www.l3s.de\/de\/wp-json\/wp\/v2\/users\/7"}],"replies":[{"embeddable":true,"href":"https:\/\/www.l3s.de\/de\/wp-json\/wp\/v2\/comments?post=9363"}],"version-history":[{"count":1,"href":"https:\/\/www.l3s.de\/de\/wp-json\/wp\/v2\/pages\/9363\/revisions"}],"predecessor-version":[{"id":31208,"href":"https:\/\/www.l3s.de\/de\/wp-json\/wp\/v2\/pages\/9363\/revisions\/31208"}],"up":[{"embeddable":true,"href":"https:\/\/www.l3s.de\/de\/wp-json\/wp\/v2\/pages\/10129"}],"wp:featuredmedia":[{"embeddable":true,"href":"https:\/\/www.l3s.de\/de\/wp-json\/wp\/v2\/media\/9364"}],"wp:attachment":[{"href":"https:\/\/www.l3s.de\/de\/wp-json\/wp\/v2\/media?parent=9363"}],"wp:term":[{"taxonomy":"category","embeddable":true,"href":"https:\/\/www.l3s.de\/de\/wp-json\/wp\/v2\/categories?post=9363"},{"taxonomy":"post_tag","embeddable":true,"href":"https:\/\/www.l3s.de\/de\/wp-json\/wp\/v2\/tags?post=9363"}],"curies":[{"name":"wp","href":"https:\/\/api.w.org\/{rel}","templated":true}]}}