{"id":9264,"date":"2022-10-05T12:12:16","date_gmt":"2022-10-05T10:12:16","guid":{"rendered":"https:\/\/www.l3s.de\/?page_id=9264"},"modified":"2025-07-02T11:22:57","modified_gmt":"2025-07-02T09:22:57","slug":"knowgraphs","status":"publish","type":"page","link":"https:\/\/www.l3s.de\/de\/research-at-l3s\/all-projects\/project-archive\/knowgraphs\/","title":{"rendered":"KnowGraphs"},"content":{"rendered":"<div data-colibri-id=\"9264-c1\" class=\"style-10060 style-local-9264-c1 position-relative\">\r\n  <!---->\r\n  <div data-colibri-component=\"section\" data-colibri-id=\"9264-c2\" id=\"reusable-sections-2\" class=\"h-section h-section-global-spacing d-flex align-items-lg-center align-items-md-center align-items-center style-14921 style-local-9264-c2 position-relative\">\r\n    <!---->\r\n    <!---->\r\n    <div class=\"h-section-grid-container h-section-boxed-container\">\r\n      <!---->\r\n      <div data-colibri-id=\"9264-c3\" class=\"h-row-container gutters-row-lg-0 gutters-row-md-0 gutters-row-0 gutters-row-v-lg-0 gutters-row-v-md-0 gutters-row-v-0 style-14922 style-local-9264-c3 position-relative\">\r\n        <!---->\r\n        <div class=\"h-row justify-content-lg-center justify-content-md-center justify-content-center align-items-lg-stretch align-items-md-stretch align-items-stretch gutters-col-lg-0 gutters-col-md-0 gutters-col-0 gutters-col-v-lg-0 gutters-col-v-md-0 gutters-col-v-0\">\r\n          <!---->\r\n          <div class=\"h-column h-column-container d-flex h-col-lg-auto h-col-md-auto h-col-auto style-14923-outer style-local-9264-c4-outer\">\r\n            <div data-colibri-id=\"9264-c4\" class=\"d-flex h-flex-basis h-column__inner h-px-lg-2 h-px-md-2 h-px-2 v-inner-lg-2 v-inner-md-2 v-inner-2 style-14923 style-local-9264-c4 position-relative\">\r\n              <!---->\r\n              <!---->\r\n              <div class=\"w-100 h-y-container h-column__content h-column__v-align flex-basis-100 align-self-lg-start align-self-md-start align-self-start\">\r\n                <!---->\r\n                <div data-colibri-id=\"9264-c5\" class=\"d-block style-14924 style-local-9264-c5 position-relative h-element\">\r\n                  <!---->\r\n                  <div class=\"h-image__frame-container-outer\">\r\n                    <div class=\"h-image__frame-container\">\r\n                      <!---->\r\n                      <!---->\r\n                      <img decoding=\"async\" width=\"862\" height=\"498\" data-src=\"https:\/\/www.l3s.de\/wp-content\/uploads\/2022\/09\/cropped-knowgraphs.png\" class=\"wp-image-7449 style-14924-image style-local-9264-c5-image lazyload\" alt=\"\" data-srcset=\"https:\/\/www.l3s.de\/wp-content\/uploads\/2022\/09\/cropped-knowgraphs.png 862w, https:\/\/www.l3s.de\/wp-content\/uploads\/2022\/09\/cropped-knowgraphs-300x173.png 300w, https:\/\/www.l3s.de\/wp-content\/uploads\/2022\/09\/cropped-knowgraphs-768x444.png 768w, https:\/\/www.l3s.de\/wp-content\/uploads\/2022\/09\/cropped-knowgraphs-18x10.png 18w\" data-sizes=\"(max-width: 862px) 100vw, 862px\" src=\"data:image\/svg+xml;base64,PHN2ZyB3aWR0aD0iMSIgaGVpZ2h0PSIxIiB4bWxucz0iaHR0cDovL3d3dy53My5vcmcvMjAwMC9zdmciPjwvc3ZnPg==\" style=\"--smush-placeholder-width: 862px; --smush-placeholder-aspect-ratio: 862\/498;\" \/>\r\n                      <div class=\"h-image__frame h-hide-lg h-hide-md h-hide-sm style-14924-frameImage style-local-9264-c5-frameImage\"><\/div>\r\n                    <\/div>\r\n                  <\/div>\r\n                <\/div>\r\n                <div data-colibri-id=\"9264-c6\" class=\"h-text h-text-component style-18780 style-local-9264-c6 h-hide-lg h-hide-md position-relative h-element\">\r\n                  <!---->\r\n                  <!---->\r\n                  <div class=\"\">\r\n                    <p>Wissensgraphen in gro\u00dfem Umfang<\/p>\r\n                  <\/div>\r\n                <\/div>\r\n                <div data-colibri-id=\"9264-c7\" class=\"style-14925 style-local-9264-c7 position-relative h-element\">\r\n                  <!---->\r\n                <\/div>\r\n                <div data-colibri-id=\"9264-c8\" class=\"h-row-container gutters-row-lg-0 gutters-row-md-0 gutters-row-0 gutters-row-v-lg-0 gutters-row-v-md-0 gutters-row-v-0 style-14926 style-local-9264-c8 position-relative\">\r\n                  <!---->\r\n                  <div class=\"h-row justify-content-lg-center justify-content-md-center justify-content-center align-items-lg-stretch align-items-md-stretch align-items-stretch gutters-col-lg-0 gutters-col-md-0 gutters-col-0 gutters-col-v-lg-0 gutters-col-v-md-0 gutters-col-v-0\">\r\n                    <!---->\r\n                    <div class=\"h-column h-column-container d-flex h-col-lg-auto h-col-md-auto h-col-auto style-14927-outer style-local-9264-c9-outer\">\r\n                      <div data-colibri-id=\"9264-c9\" class=\"d-flex h-flex-basis h-column__inner h-px-lg-0 h-px-md-0 h-px-0 v-inner-lg-0 v-inner-md-0 v-inner-0 style-14927 style-local-9264-c9 position-relative\">\r\n                        <!---->\r\n                        <!---->\r\n                        <div class=\"w-100 h-y-container h-column__content h-column__v-align flex-basis-100 align-self-lg-start align-self-md-start align-self-start\">\r\n                          <!---->\r\n                          <div data-colibri-id=\"9264-c10\" class=\"h-text h-text-component style-14928 style-local-9264-c10 position-relative h-element\">\r\n                            <!---->\r\n                            <!---->\r\n                            <div class=\"\">\r\n                              <p>Start:<\/p>\r\n                            <\/div>\r\n                          <\/div>\r\n                        <\/div>\r\n                      <\/div>\r\n                    <\/div>\r\n                    <div class=\"h-column h-column-container d-flex h-col-lg-auto h-col-md-auto h-col-auto style-14929-outer style-local-9264-c11-outer\">\r\n                      <div data-colibri-id=\"9264-c11\" class=\"d-flex h-flex-basis h-column__inner h-px-lg-0 h-px-md-0 h-px-0 v-inner-lg-0 v-inner-md-0 v-inner-0 style-14929 style-local-9264-c11 position-relative\">\r\n                        <!---->\r\n                        <!---->\r\n                        <div class=\"w-100 h-y-container h-column__content h-column__v-align flex-basis-100 align-self-lg-start align-self-md-start align-self-start\">\r\n                          <!---->\r\n                          <div data-colibri-id=\"9264-c12\" class=\"h-text h-text-component style-14930 style-local-9264-c12 position-relative h-element\">\r\n                            <!---->\r\n                            <!---->\r\n                            <div class=\"\">\r\n                              <p>01.10.2019<\/p>\r\n                            <\/div>\r\n                          <\/div>\r\n                        <\/div>\r\n                      <\/div>\r\n                    <\/div>\r\n                  <\/div>\r\n                <\/div>\r\n                <div data-colibri-id=\"9264-c13\" class=\"h-row-container gutters-row-lg-0 gutters-row-md-0 gutters-row-0 gutters-row-v-lg-0 gutters-row-v-md-0 gutters-row-v-0 style-14926 style-local-9264-c13 position-relative\">\r\n                  <!---->\r\n                  <div class=\"h-row justify-content-lg-center justify-content-md-center justify-content-center align-items-lg-stretch align-items-md-stretch align-items-stretch gutters-col-lg-0 gutters-col-md-0 gutters-col-0 gutters-col-v-lg-0 gutters-col-v-md-0 gutters-col-v-0\">\r\n                    <!---->\r\n                    <div class=\"h-column h-column-container d-flex h-col-lg-auto h-col-md-auto h-col-auto style-14927-outer style-local-9264-c14-outer\">\r\n                      <div data-colibri-id=\"9264-c14\" class=\"d-flex h-flex-basis h-column__inner h-px-lg-0 h-px-md-0 h-px-0 v-inner-lg-0 v-inner-md-0 v-inner-0 style-14927 style-local-9264-c14 position-relative\">\r\n                        <!---->\r\n                        <!---->\r\n                        <div class=\"w-100 h-y-container h-column__content h-column__v-align flex-basis-100 align-self-lg-start align-self-md-start align-self-start\">\r\n                          <!---->\r\n                          <div data-colibri-id=\"9264-c15\" class=\"h-text h-text-component style-14928 style-local-9264-c15 position-relative h-element\">\r\n                            <!---->\r\n                            <!---->\r\n                            <div class=\"\">\r\n                              <p>Ende:<\/p>\r\n                            <\/div>\r\n                          <\/div>\r\n                        <\/div>\r\n                      <\/div>\r\n                    <\/div>\r\n                    <div class=\"h-column h-column-container d-flex h-col-lg-auto h-col-md-auto h-col-auto style-14929-outer style-local-9264-c16-outer\">\r\n                      <div data-colibri-id=\"9264-c16\" class=\"d-flex h-flex-basis h-column__inner h-px-lg-0 h-px-md-0 h-px-0 v-inner-lg-0 v-inner-md-0 v-inner-0 style-14929 style-local-9264-c16 position-relative\">\r\n                        <!---->\r\n                        <!---->\r\n                        <div class=\"w-100 h-y-container h-column__content h-column__v-align flex-basis-100 align-self-lg-start align-self-md-start align-self-start\">\r\n                          <!---->\r\n                          <div data-colibri-id=\"9264-c17\" class=\"h-text h-text-component style-14930 style-local-9264-c17 position-relative h-element\">\r\n                            <!---->\r\n                            <!---->\r\n                            <div class=\"\">\r\n                              <p>30.09.2023<\/p>\r\n                            <\/div>\r\n                          <\/div>\r\n                        <\/div>\r\n                      <\/div>\r\n                    <\/div>\r\n                  <\/div>\r\n                <\/div>\r\n                <div data-colibri-id=\"9264-c18\" class=\"h-row-container gutters-row-lg-0 gutters-row-md-0 gutters-row-0 gutters-row-v-lg-0 gutters-row-v-md-0 gutters-row-v-0 style-14926 style-local-9264-c18 position-relative\">\r\n                  <!---->\r\n                  <div class=\"h-row justify-content-lg-center justify-content-md-center justify-content-center align-items-lg-stretch align-items-md-stretch align-items-stretch gutters-col-lg-0 gutters-col-md-0 gutters-col-0 gutters-col-v-lg-0 gutters-col-v-md-0 gutters-col-v-0\">\r\n                    <!---->\r\n                    <div class=\"h-column h-column-container d-flex h-col-lg-auto h-col-md-auto h-col-auto style-14927-outer style-local-9264-c19-outer\">\r\n                      <div data-colibri-id=\"9264-c19\" class=\"d-flex h-flex-basis h-column__inner h-px-lg-0 h-px-md-0 h-px-0 v-inner-lg-0 v-inner-md-0 v-inner-0 style-14927 style-local-9264-c19 position-relative\">\r\n                        <!---->\r\n                        <!---->\r\n                        <div class=\"w-100 h-y-container h-column__content h-column__v-align flex-basis-100 align-self-lg-start align-self-md-start align-self-start\">\r\n                          <!---->\r\n                          <div data-colibri-id=\"9264-c20\" class=\"h-text h-text-component style-14928 style-local-9264-c20 position-relative h-element\">\r\n                            <!---->\r\n                            <!---->\r\n                            <div class=\"\">\r\n                              <p>Webseite:<\/p>\r\n                            <\/div>\r\n                          <\/div>\r\n                        <\/div>\r\n                      <\/div>\r\n                    <\/div>\r\n                    <div class=\"h-column h-column-container d-flex h-col-lg-auto h-col-md-auto h-col-auto style-14929-outer style-local-9264-c21-outer\">\r\n                      <div data-colibri-id=\"9264-c21\" class=\"d-flex h-flex-basis h-column__inner h-px-lg-0 h-px-md-0 h-px-0 v-inner-lg-0 v-inner-md-0 v-inner-0 style-14929 style-local-9264-c21 position-relative\">\r\n                        <!---->\r\n                        <!---->\r\n                        <div class=\"w-100 h-y-container h-column__content h-column__v-align flex-basis-100 align-self-lg-start align-self-md-start align-self-start\">\r\n                          <!---->\r\n                          <div data-colibri-id=\"9264-c22\" class=\"h-x-container style-14931 style-local-9264-c22 position-relative h-element\">\r\n                            <!---->\r\n                            <div class=\"h-x-container-inner style-dynamic-9264-c22-group style-14931-spacing style-local-9264-c22-spacing\"><span class=\"h-link__outer style-22093-outer style-local-9264-c38-outer d-inline-flex h-element\"><a h-use-smooth-scroll=\"true\" href=\"\/de\/knowgraphs.eu\/\"  data-colibri-id=\"9264-c38\" class=\"d-flex w-100 align-items-center h-link style-22093 style-local-9264-c38 position-relative\"><!----><!----> <span>knowgraphs.eu\/<\/span><\/a>\r\n                              <\/span>\r\n                            <\/div>\r\n                          <\/div>\r\n                        <\/div>\r\n                      <\/div>\r\n                    <\/div>\r\n                  <\/div>\r\n                <\/div>\r\n              <\/div>\r\n            <\/div>\r\n          <\/div>\r\n          <div class=\"h-column h-column-container d-flex h-col-lg-auto h-col-md-auto h-col-auto style-14933-outer style-local-9264-c24-outer\">\r\n            <div data-colibri-id=\"9264-c24\" class=\"d-flex h-flex-basis h-column__inner h-px-lg-0 h-px-md-0 h-px-0 v-inner-lg-0 v-inner-md-0 v-inner-0 style-14933 style-local-9264-c24 position-relative\">\r\n              <!---->\r\n              <!---->\r\n              <div class=\"w-100 h-y-container h-column__content h-column__v-align flex-basis-100 align-self-lg-start align-self-md-start align-self-start\">\r\n                <!---->\r\n                <div data-colibri-id=\"9264-c25\" class=\"h-row-container gutters-row-lg-1 gutters-row-md-1 gutters-row-0 gutters-row-v-lg-1 gutters-row-v-md-1 gutters-row-v-1 style-14934 style-local-9264-c25 position-relative\">\r\n                  <!---->\r\n                  <div class=\"h-row justify-content-lg-center justify-content-md-center justify-content-center align-items-lg-stretch align-items-md-stretch align-items-stretch gutters-col-lg-1 gutters-col-md-1 gutters-col-0 gutters-col-v-lg-1 gutters-col-v-md-1 gutters-col-v-1\">\r\n                    <!---->\r\n                    <div class=\"h-column h-column-container d-flex h-col-lg-12 h-col-md-12 h-col-12 style-14935-outer style-local-9264-c26-outer\">\r\n                      <div data-colibri-id=\"9264-c26\" class=\"d-flex h-flex-basis h-column__inner h-px-lg-1 h-px-md-1 h-px-1 v-inner-lg-1 v-inner-md-1 v-inner-1 style-14935 style-local-9264-c26 position-relative\">\r\n                        <!---->\r\n                        <!---->\r\n                        <div class=\"w-100 h-y-container h-column__content h-column__v-align flex-basis-100 align-self-lg-start align-self-md-start align-self-start\">\r\n                          <!---->\r\n                          <div data-colibri-id=\"9264-c27\" class=\"h-global-transition-all h-heading style-14936 style-local-9264-c27 h-hide-sm position-relative h-element\">\r\n                            <!---->\r\n                            <div class=\"h-heading__outer style-14936 style-local-9264-c27\">\r\n                              <!---->\r\n                              <!---->\r\n                              <h2 class=\"\">KnowGraphs<\/h2>\r\n                            <\/div>\r\n                          <\/div>\r\n                          <div data-colibri-id=\"9264-c28\" class=\"h-text h-text-component style-14937 style-local-9264-c28 h-hide-sm position-relative h-element\">\r\n                            <!---->\r\n                            <!---->\r\n                            <div class=\"\">\r\n                              <p>Wissensgraphen in gro\u00dfem Umfang<\/p>\r\n                            <\/div>\r\n                          <\/div>\r\n                          <div data-colibri-id=\"9264-c29\" class=\"style-14938 style-local-9264-c29 position-relative h-element\">\r\n                            <!---->\r\n                          <\/div>\r\n                          <div data-colibri-id=\"9264-c30\" class=\"h-text h-text-component style-14939 style-local-9264-c30 position-relative h-element\">\r\n                            <!---->\r\n                            <!---->\r\n                            <div class=\"\">\r\n                              <p>Wissensgraphen (Knowledge Graphs, KGs) sind ein flexibles Paradigma zur Wissensdarstellung, das Menschen und Maschinen die Nutzung von Wissen erm\u00f6glichen soll. Daher gelten sie als Schl\u00fcsseltechnologie f\u00fcr eine Reihe von Technologien, einschlie\u00dflich Fragebeantwortung, pers\u00f6nliche Assistenten und k\u00fcnstliche Intelligenz in allen Bereichen, einschlie\u00dflich Industrie 4.0, personalisierte Medizin, Gesetzgebung, Wirtschaft und mehr. W\u00e4hrend verschiedene Implementierungen des KG-Paradigmas inzwischen von mehreren gro\u00dfen Unternehmen (u. a. Microsoft, Google, Facebook, Amazon, Samsung, eBay und IBM) als Schl\u00fcsselkomponente ihrer Datenprodukte verwendet werden, ist ihre Nutzung f\u00fcr die Mehrheit der Unternehmen und privaten Nutzer derzeit unerreichbar. Kundenspezifische formale Repr\u00e4sentationsmechanismen, organisationsspezifische Speicherl\u00f6sungen und Abfragesprachen sowie gro\u00dfe engagierte Wartungsteams (oft mehr als 100 Personen pro Graph) sind nur einige der aktuellen Herausforderungen, denen sich Organisationen gegen\u00fcbersehen, die KGs in gro\u00dfem Umfang verwalten wollen. Die Entwicklung und Pflege einer unternehmensspezifischen Infrastruktur f\u00fcr die Darstellung, Erstellung und Pflege von KGs ist nur f\u00fcr gro\u00dfe Organisationen realisierbar, die sich die entsprechenden Kosten leisten k\u00f6nnen. Dar\u00fcber hinaus gibt es noch eine Vielzahl offener Fragen zur \u00dcbertragung, Anwendbarkeit und Integration von Rechtsanspr\u00fcchen auf Wissensgraphen. Das \u00fcbergeordnete Ziel von KnowGraphs ist es, Wissensgraphen durch einen multidisziplin\u00e4ren und sektor\u00fcbergreifenden Ansatz f\u00fcr ein breites Publikum von (1) Unternehmen aller Gr\u00f6\u00dfen und Endnutzern in ihrem beruflichen und privaten Umfeld zug\u00e4nglich zu machen.&nbsp;&nbsp;<\/p>\r\n                            <\/div>\r\n                          <\/div>\r\n                          <div data-colibri-id=\"9264-c31\" class=\"style-14940 style-local-9264-c31 position-relative h-element\">\r\n                            <!---->\r\n                          <\/div>\r\n                          <div data-toggle=\"true\" data-is-preview=\"true\" data-colibri-component=\"accordion\" data-colibri-id=\"9264-c32\" class=\"h-accordion style-14941 style-local-9264-c32 position-relative h-element\">\r\n                            <!---->\r\n                            <div data-colibri-id=\"9264-c33\" class=\"h-accordion-item h-accordion-item-first-child style-14942 style-local-9264-c33 position-relative h-element\">\r\n                              <!---->\r\n                              <a data-open-by-default=\"false\" href=\"#9264-c33\" class=\"h-accordion-item-title d-flex align-items-center h-global-transition\">\r\n                                <!----><span>F\u00f6rderprogramm<\/span>\r\n                                <div class=\"h-accordion-item-title-normal-icon h-accordion-item-title-icon h-accordion-item-title-icon-right\"><span class=\"h-svg-icon\"><!--Icon by Icons8 Line Awesome (https:\/\/icons8.com\/line-awesome)--><svg version=\"1.1\" xmlns=\"http:\/\/www.w3.org\/2000\/svg\" xmlns:xlink=\"http:\/\/www.w3.org\/1999\/xlink\" id=\"plus\" viewbox=\"0 0 512 545.5\"><path d=\"M240 112h32v160h160v32H272v160h-32V304H80v-32h160V112z\"><\/path><\/svg><\/span><\/div>\r\n                                <div class=\"h-accordion-item-title-active-icon h-accordion-item-title-icon h-accordion-item-title-icon-right\"><span class=\"h-svg-icon\"><!--Icon by Icons8 Line Awesome (https:\/\/icons8.com\/line-awesome)--><svg version=\"1.1\" xmlns=\"http:\/\/www.w3.org\/2000\/svg\" xmlns:xlink=\"http:\/\/www.w3.org\/1999\/xlink\" id=\"minus\" viewbox=\"0 0 512 545.5\"><path d=\"M80 272h352v32H80v-32z\"><\/path><\/svg><\/span><\/div>\r\n                              <\/a>\r\n                              <div id=\"9264-c33\" class=\"h-accordion-item-content__container\">\r\n                                <div class=\"w-100 h-y-container h-accordion-item-content\">\r\n                                  <!---->\r\n                                  <div data-colibri-id=\"9264-c34\" class=\"h-text h-text-component style-14943 style-local-9264-c34 position-relative h-element\">\r\n                                    <!---->\r\n                                    <!---->\r\n                                    <div class=\"\">\r\n                                      <ul>\r\n                                        <li>\r\n                                          <a href=\"https:\/\/www.l3s.de\/de\/research-at-l3s\/all-projects\/knowgraphs\/cordis.europa.eu\/project\/id\/860801\/\" target=\"_blank\" rel=\"noopener\">Cordis<\/a>\r\n                                        <\/li>\r\n                                      <\/ul>\r\n                                    <\/div>\r\n                                  <\/div>\r\n                                <\/div>\r\n                              <\/div>\r\n                            <\/div>\r\n                            <div data-colibri-id=\"9264-c35\" class=\"h-accordion-item style-14944 style-local-9264-c35 position-relative h-element\">\r\n                              <!---->\r\n                              <a data-open-by-default=\"false\" href=\"#9264-c35\" class=\"h-accordion-item-title d-flex align-items-center h-global-transition\">\r\n                                <!----><span>Projektpartner<\/span>\r\n                                <div class=\"h-accordion-item-title-normal-icon h-accordion-item-title-icon h-accordion-item-title-icon-right\"><span class=\"h-svg-icon\"><!--Icon by Icons8 Line Awesome (https:\/\/icons8.com\/line-awesome)--><svg version=\"1.1\" xmlns=\"http:\/\/www.w3.org\/2000\/svg\" xmlns:xlink=\"http:\/\/www.w3.org\/1999\/xlink\" id=\"plus\" viewbox=\"0 0 512 545.5\"><path d=\"M240 112h32v160h160v32H272v160h-32V304H80v-32h160V112z\"><\/path><\/svg><\/span><\/div>\r\n                                <div class=\"h-accordion-item-title-active-icon h-accordion-item-title-icon h-accordion-item-title-icon-right\"><span class=\"h-svg-icon\"><!--Icon by Icons8 Line Awesome (https:\/\/icons8.com\/line-awesome)--><svg version=\"1.1\" xmlns=\"http:\/\/www.w3.org\/2000\/svg\" xmlns:xlink=\"http:\/\/www.w3.org\/1999\/xlink\" id=\"minus\" viewbox=\"0 0 512 545.5\"><path d=\"M80 272h352v32H80v-32z\"><\/path><\/svg><\/span><\/div>\r\n                              <\/a>\r\n                              <div id=\"9264-c35\" class=\"h-accordion-item-content__container\">\r\n                                <div class=\"w-100 h-y-container h-accordion-item-content\">\r\n                                  <!---->\r\n                                  <div data-colibri-id=\"9264-c36\" class=\"h-text h-text-component style-14945 style-local-9264-c36 position-relative h-element\">\r\n                                    <!---->\r\n                                    <!---->\r\n                                    <div class=\"\">\r\n                                      <ul>\r\n                                        <li>Wirtschaftsuniversitat Wien<\/li>\r\n                                        <li>Idryma Technologias Kai Erevnas<\/li>\r\n                                        <li>Universiteit Maastricht<\/li>\r\n                                        <li>Babelscape Srl<\/li>\r\n                                        <li>Rijksuniversiteit Groningen<\/li>\r\n                                        <li>University of Stuttgart<\/li>\r\n                                        <li>Universit\u00e4t Paderborn<\/li>\r\n                                      <\/ul>\r\n                                    <\/div>\r\n                                  <\/div>\r\n                                <\/div>\r\n                              <\/div>\r\n                            <\/div>\r\n                          <\/div>\r\n                          <div data-colibri-id=\"9264-c37\" class=\"style-14946 style-local-9264-c37 position-relative h-element\">\r\n                            <!---->\r\n                          <\/div>\r\n                        <\/div>\r\n                      <\/div>\r\n                    <\/div>\r\n                  <\/div>\r\n                <\/div>\r\n              <\/div>\r\n            <\/div>\r\n          <\/div>\r\n        <\/div>\r\n      <\/div>\r\n    <\/div>\r\n  <\/div>\r\n<\/div>","protected":false},"excerpt":{"rendered":"<p>Knowledge Graphs at Scale Start: 01.10.2019 End: 30.09.2023 Website: knowgraphs.eu\/ KnowGraphs Knowledge Graphs at Scale Knowledge graphs (KGs) are a flexible knowledge representation paradigm intended to allow knowledge to be consumed by humans and machines. Hence, they are regarded as a key enabler for a number of technologies including question answering, personal assistants and artificial [&hellip;]<\/p>\n","protected":false},"author":7,"featured_media":7449,"parent":10129,"menu_order":0,"comment_status":"closed","ping_status":"closed","template":"page-templates\/full-width-page.php","meta":{"_acf_changed":false,"footnotes":""},"categories":[75],"tags":[119],"class_list":["post-9264","page","type-page","status-publish","has-post-thumbnail","hentry","category-project-archive","tag-archive"],"acf":[],"aioseo_notices":[],"publishpress_future_action":{"enabled":false,"date":"2026-06-05 10:38:36","action":"category","newStatus":"draft","terms":[75],"taxonomy":"category","extraData":[]},"publishpress_future_workflow_manual_trigger":{"enabledWorkflows":[]},"_links":{"self":[{"href":"https:\/\/www.l3s.de\/de\/wp-json\/wp\/v2\/pages\/9264","targetHints":{"allow":["GET"]}}],"collection":[{"href":"https:\/\/www.l3s.de\/de\/wp-json\/wp\/v2\/pages"}],"about":[{"href":"https:\/\/www.l3s.de\/de\/wp-json\/wp\/v2\/types\/page"}],"author":[{"embeddable":true,"href":"https:\/\/www.l3s.de\/de\/wp-json\/wp\/v2\/users\/7"}],"replies":[{"embeddable":true,"href":"https:\/\/www.l3s.de\/de\/wp-json\/wp\/v2\/comments?post=9264"}],"version-history":[{"count":1,"href":"https:\/\/www.l3s.de\/de\/wp-json\/wp\/v2\/pages\/9264\/revisions"}],"predecessor-version":[{"id":40495,"href":"https:\/\/www.l3s.de\/de\/wp-json\/wp\/v2\/pages\/9264\/revisions\/40495"}],"up":[{"embeddable":true,"href":"https:\/\/www.l3s.de\/de\/wp-json\/wp\/v2\/pages\/10129"}],"wp:featuredmedia":[{"embeddable":true,"href":"https:\/\/www.l3s.de\/de\/wp-json\/wp\/v2\/media\/7449"}],"wp:attachment":[{"href":"https:\/\/www.l3s.de\/de\/wp-json\/wp\/v2\/media?parent=9264"}],"wp:term":[{"taxonomy":"category","embeddable":true,"href":"https:\/\/www.l3s.de\/de\/wp-json\/wp\/v2\/categories?post=9264"},{"taxonomy":"post_tag","embeddable":true,"href":"https:\/\/www.l3s.de\/de\/wp-json\/wp\/v2\/tags?post=9264"}],"curies":[{"name":"wp","href":"https:\/\/api.w.org\/{rel}","templated":true}]}}