{"id":9227,"date":"2022-10-05T10:49:23","date_gmt":"2022-10-05T08:49:23","guid":{"rendered":"https:\/\/www.l3s.de\/?page_id=9227"},"modified":"2025-03-31T11:16:33","modified_gmt":"2025-03-31T09:16:33","slug":"future-lab-work-and-society","status":"publish","type":"page","link":"https:\/\/www.l3s.de\/de\/research-at-l3s\/all-projects\/project-archive\/future-lab-work-and-society\/","title":{"rendered":"Zukunftslabor \u201cGesellschaft und Arbeit\u201d"},"content":{"rendered":"<div class=\"style-9868 style-local-9227-c1 position-relative\" data-colibri-id=\"9227-c1\">\n<div id=\"reusable-sections-2\" class=\"h-section h-section-global-spacing d-flex align-items-lg-center align-items-md-center align-items-center style-14733 style-local-9227-c2 position-relative\" data-colibri-component=\"section\" data-colibri-id=\"9227-c2\">\n<div class=\"h-section-grid-container h-section-boxed-container\">\n<div class=\"h-row-container gutters-row-lg-0 gutters-row-md-0 gutters-row-0 gutters-row-v-lg-0 gutters-row-v-md-0 gutters-row-v-0 style-14734 style-local-9227-c3 position-relative\" data-colibri-id=\"9227-c3\">\n<div class=\"h-row justify-content-lg-center justify-content-md-center justify-content-center align-items-lg-stretch align-items-md-stretch align-items-stretch gutters-col-lg-0 gutters-col-md-0 gutters-col-0 gutters-col-v-lg-0 gutters-col-v-md-0 gutters-col-v-0\">\n<div class=\"h-column h-column-container d-flex h-col-lg-auto h-col-md-auto h-col-auto style-14735-outer style-local-9227-c4-outer\">\n<div class=\"d-flex h-flex-basis h-column__inner h-px-lg-2 h-px-md-2 h-px-2 v-inner-lg-2 v-inner-md-2 v-inner-2 style-14735 style-local-9227-c4 position-relative\" data-colibri-id=\"9227-c4\">\n<div class=\"w-100 h-y-container h-column__content h-column__v-align flex-basis-100 align-self-lg-start align-self-md-start align-self-start\">\n<div class=\"d-block style-14736 style-local-9227-c5 position-relative h-element\" data-colibri-id=\"9227-c5\">\n<div class=\"h-image__frame-container-outer\">\n<div class=\"h-image__frame-container\">\n\n<img decoding=\"async\" width=\"320\" height=\"265\" class=\"wp-image-10052 style-14736-image style-local-9227-c5-image lazyload\" data-src=\"https:\/\/www.l3s.de\/wp-content\/uploads\/2022\/10\/Bild_2022-10-25_091838769.png\" alt=\"Zukunftslabor Gesellschaft und Arbeit, Future Lab Society and Work\" data-srcset=\"https:\/\/www.l3s.de\/wp-content\/uploads\/2022\/10\/Bild_2022-10-25_091838769.png 320w, https:\/\/www.l3s.de\/wp-content\/uploads\/2022\/10\/Bild_2022-10-25_091838769-300x248.png 300w, https:\/\/www.l3s.de\/wp-content\/uploads\/2022\/10\/Bild_2022-10-25_091838769-14x12.png 14w\" data-sizes=\"(max-width: 320px) 100vw, 320px\" src=\"data:image\/svg+xml;base64,PHN2ZyB3aWR0aD0iMSIgaGVpZ2h0PSIxIiB4bWxucz0iaHR0cDovL3d3dy53My5vcmcvMjAwMC9zdmciPjwvc3ZnPg==\" style=\"--smush-placeholder-width: 320px; --smush-placeholder-aspect-ratio: 320\/265;\" \/>\n<div class=\"h-image__frame h-hide-lg h-hide-md h-hide-sm style-14736-frameImage style-local-9227-c5-frameImage\"><\/div>\n<\/div>\n<\/div>\n<\/div>\n<div class=\"h-global-transition-all h-heading style-18755 style-local-9227-c6 h-hide-lg h-hide-md position-relative h-element\" data-colibri-id=\"9227-c6\">\n<div class=\"h-heading__outer style-18755 style-local-9227-c6\">\n<h2 class=\"\">Zukunftslabor \"Arbeit und Gesellschaft\"<\/h2>\n<\/div>\n<\/div>\n<div class=\"h-text h-text-component style-18756 style-local-9227-c7 h-hide-lg h-hide-md position-relative h-element\" data-colibri-id=\"9227-c7\">\n<div class=\"\">\n\nDer digitale Wandel und seine Auswirkungen auf Gesellschaft und Arbeit\n\n<\/div>\n<\/div>\n<div class=\"style-14737 style-local-9227-c8 position-relative h-element\" data-colibri-id=\"9227-c8\"><\/div>\n<div class=\"h-row-container gutters-row-lg-0 gutters-row-md-0 gutters-row-0 gutters-row-v-lg-0 gutters-row-v-md-0 gutters-row-v-0 style-14738 style-local-9227-c9 position-relative\" data-colibri-id=\"9227-c9\">\n<div class=\"h-row justify-content-lg-center justify-content-md-center justify-content-center align-items-lg-stretch align-items-md-stretch align-items-stretch gutters-col-lg-0 gutters-col-md-0 gutters-col-0 gutters-col-v-lg-0 gutters-col-v-md-0 gutters-col-v-0\">\n<div class=\"h-column h-column-container d-flex h-col-lg-auto h-col-md-auto h-col-auto style-14739-outer style-local-9227-c10-outer\">\n<div class=\"d-flex h-flex-basis h-column__inner h-px-lg-0 h-px-md-0 h-px-0 v-inner-lg-0 v-inner-md-0 v-inner-0 style-14739 style-local-9227-c10 position-relative\" data-colibri-id=\"9227-c10\">\n<div class=\"w-100 h-y-container h-column__content h-column__v-align flex-basis-100 align-self-lg-start align-self-md-start align-self-start\">\n<div class=\"h-text h-text-component style-14740 style-local-9227-c11 position-relative h-element\" data-colibri-id=\"9227-c11\">\n<div class=\"\">\n\nStart:\n\n<\/div>\n<\/div>\n<\/div>\n<\/div>\n<\/div>\n<div class=\"h-column h-column-container d-flex h-col-lg-auto h-col-md-auto h-col-auto style-14741-outer style-local-9227-c12-outer\">\n<div class=\"d-flex h-flex-basis h-column__inner h-px-lg-0 h-px-md-0 h-px-0 v-inner-lg-0 v-inner-md-0 v-inner-0 style-14741 style-local-9227-c12 position-relative\" data-colibri-id=\"9227-c12\">\n<div class=\"w-100 h-y-container h-column__content h-column__v-align flex-basis-100 align-self-lg-start align-self-md-start align-self-start\">\n<div class=\"h-text h-text-component style-14742 style-local-9227-c13 position-relative h-element\" data-colibri-id=\"9227-c13\">\n<div class=\"\">\n\n01.10.2019\n\n<\/div>\n<\/div>\n<\/div>\n<\/div>\n<\/div>\n<\/div>\n<\/div>\n<div class=\"h-row-container gutters-row-lg-0 gutters-row-md-0 gutters-row-0 gutters-row-v-lg-0 gutters-row-v-md-0 gutters-row-v-0 style-14738 style-local-9227-c14 position-relative\" data-colibri-id=\"9227-c14\">\n<div class=\"h-row justify-content-lg-center justify-content-md-center justify-content-center align-items-lg-stretch align-items-md-stretch align-items-stretch gutters-col-lg-0 gutters-col-md-0 gutters-col-0 gutters-col-v-lg-0 gutters-col-v-md-0 gutters-col-v-0\">\n<div class=\"h-column h-column-container d-flex h-col-lg-auto h-col-md-auto h-col-auto style-14739-outer style-local-9227-c15-outer\">\n<div class=\"d-flex h-flex-basis h-column__inner h-px-lg-0 h-px-md-0 h-px-0 v-inner-lg-0 v-inner-md-0 v-inner-0 style-14739 style-local-9227-c15 position-relative\" data-colibri-id=\"9227-c15\">\n<div class=\"w-100 h-y-container h-column__content h-column__v-align flex-basis-100 align-self-lg-start align-self-md-start align-self-start\">\n<div class=\"h-text h-text-component style-14740 style-local-9227-c16 position-relative h-element\" data-colibri-id=\"9227-c16\">\n<div class=\"\">\n\nEnde:\n\n<\/div>\n<\/div>\n<\/div>\n<\/div>\n<\/div>\n<div class=\"h-column h-column-container d-flex h-col-lg-auto h-col-md-auto h-col-auto style-14741-outer style-local-9227-c17-outer\">\n<div class=\"d-flex h-flex-basis h-column__inner h-px-lg-0 h-px-md-0 h-px-0 v-inner-lg-0 v-inner-md-0 v-inner-0 style-14741 style-local-9227-c17 position-relative\" data-colibri-id=\"9227-c17\">\n<div class=\"w-100 h-y-container h-column__content h-column__v-align flex-basis-100 align-self-lg-start align-self-md-start align-self-start\">\n<div class=\"h-text h-text-component style-14742 style-local-9227-c18 position-relative h-element\" data-colibri-id=\"9227-c18\">\n<div class=\"\">\n\n31.03.2025\n\n<\/div>\n<\/div>\n<\/div>\n<\/div>\n<\/div>\n<\/div>\n<\/div>\n<div class=\"h-row-container gutters-row-lg-0 gutters-row-md-0 gutters-row-0 gutters-row-v-lg-0 gutters-row-v-md-0 gutters-row-v-0 style-14738 style-local-9227-c19 position-relative\" data-colibri-id=\"9227-c19\">\n<div class=\"h-row justify-content-lg-center justify-content-md-center justify-content-center align-items-lg-stretch align-items-md-stretch align-items-stretch gutters-col-lg-0 gutters-col-md-0 gutters-col-0 gutters-col-v-lg-0 gutters-col-v-md-0 gutters-col-v-0\">\n<div class=\"h-column h-column-container d-flex h-col-lg-auto h-col-md-auto h-col-auto style-14739-outer style-local-9227-c20-outer\">\n<div class=\"d-flex h-flex-basis h-column__inner h-px-lg-0 h-px-md-0 h-px-0 v-inner-lg-0 v-inner-md-0 v-inner-0 style-14739 style-local-9227-c20 position-relative\" data-colibri-id=\"9227-c20\">\n<div class=\"w-100 h-y-container h-column__content h-column__v-align flex-basis-100 align-self-lg-start align-self-md-start align-self-start\">\n<div class=\"h-text h-text-component style-14740 style-local-9227-c21 position-relative h-element\" data-colibri-id=\"9227-c21\">\n<div class=\"\">\n\nWebseite:\n\n<\/div>\n<\/div>\n<\/div>\n<\/div>\n<\/div>\n<div class=\"h-column h-column-container d-flex h-col-lg-auto h-col-md-auto h-col-auto style-14741-outer style-local-9227-c22-outer\">\n<div class=\"d-flex h-flex-basis h-column__inner h-px-lg-0 h-px-md-0 h-px-0 v-inner-lg-0 v-inner-md-0 v-inner-0 style-14741 style-local-9227-c22 position-relative\" data-colibri-id=\"9227-c22\">\n<div class=\"w-100 h-y-container h-column__content h-column__v-align flex-basis-100 align-self-lg-start align-self-md-start align-self-start\">\n<div class=\"h-x-container style-14743 style-local-9227-c23 position-relative h-element\" data-colibri-id=\"9227-c23\">\n<div class=\"h-x-container-inner style-dynamic-9227-c23-group style-14743-spacing style-local-9227-c23-spacing\"><span class=\"h-link__outer style-14744-outer style-local-9227-c24-outer d-inline-flex h-element\"><a class=\"d-flex w-100 align-items-center h-link style-14744 style-local-9227-c24 position-relative\" href=\"https:\/\/www.zdin.de\/zukunftslabore\/gesellschaft-arbeit\" target=\"_blank\" rel=\"noopener\" data-colibri-id=\"9227-c24\"> www.zdin.de\/ zukunftslabore\/ gesellschaft-arbeit<\/a>\n<\/span><\/div>\n<\/div>\n<\/div>\n<\/div>\n<\/div>\n<\/div>\n<\/div>\n<\/div>\n<\/div>\n<\/div>\n<div class=\"h-column h-column-container d-flex h-col-lg-auto h-col-md-auto h-col-auto style-14745-outer style-local-9227-c25-outer\">\n<div class=\"d-flex h-flex-basis h-column__inner h-px-lg-0 h-px-md-0 h-px-0 v-inner-lg-0 v-inner-md-0 v-inner-0 style-14745 style-local-9227-c25 position-relative\" data-colibri-id=\"9227-c25\">\n<div class=\"w-100 h-y-container h-column__content h-column__v-align flex-basis-100 align-self-lg-start align-self-md-start align-self-start\">\n<div class=\"h-row-container gutters-row-lg-1 gutters-row-md-1 gutters-row-0 gutters-row-v-lg-1 gutters-row-v-md-1 gutters-row-v-1 style-14746 style-local-9227-c26 position-relative\" data-colibri-id=\"9227-c26\">\n<div class=\"h-row justify-content-lg-center justify-content-md-center justify-content-center align-items-lg-stretch align-items-md-stretch align-items-stretch gutters-col-lg-1 gutters-col-md-1 gutters-col-0 gutters-col-v-lg-1 gutters-col-v-md-1 gutters-col-v-1\">\n<div class=\"h-column h-column-container d-flex h-col-lg-12 h-col-md-12 h-col-12 style-14747-outer style-local-9227-c27-outer\">\n<div class=\"d-flex h-flex-basis h-column__inner h-px-lg-1 h-px-md-1 h-px-1 v-inner-lg-1 v-inner-md-1 v-inner-1 style-14747 style-local-9227-c27 position-relative\" data-colibri-id=\"9227-c27\">\n<div class=\"w-100 h-y-container h-column__content h-column__v-align flex-basis-100 align-self-lg-start align-self-md-start align-self-start\">\n<div class=\"h-global-transition-all h-heading style-14748 style-local-9227-c28 h-hide-sm position-relative h-element\" data-colibri-id=\"9227-c28\">\n<div class=\"h-heading__outer style-14748 style-local-9227-c28\">\n<h2 class=\"\">Zukunftslabor \u201cGesellschaft und Arbeit\u201d<\/h2>\n<\/div>\n<\/div>\n<div class=\"h-text h-text-component style-14749 style-local-9227-c29 h-hide-sm position-relative h-element\" data-colibri-id=\"9227-c29\">\n<div class=\"\">\n\nDer digitale Wandel und seine Auswirkungen auf Gesellschaft und Arbeit\n\n<\/div>\n<\/div>\n<div class=\"style-14750 style-local-9227-c30 position-relative h-element\" data-colibri-id=\"9227-c30\"><\/div>\n<div class=\"h-text h-text-component style-14751 style-local-9227-c31 position-relative h-element\" data-colibri-id=\"9227-c31\">\n<div class=\"\">\n\nDie M\u00f6glichkeiten der zunehmenden softwarebasierten Technisierung, Vernetzung und Automatisierung von Gesch\u00e4fts- und Leistungsprozessen haben einen erheblichen Einfluss auf Arbeit, Organisation und Besch\u00e4ftigung. Digitalisierung und Automatisierung werden zu einer tiefgreifenden und systemischen Transformation von Industrie und Dienstleistungen, der damit verbundenen wirtschaftlichen Entwicklung und kulturellen Einbettung in die Gesellschaft f\u00fchren. Zentrale Aspekte sind arbeitsbezogene Folgen und Auswirkungen der Digitalisierung, M\u00f6glichkeiten, Konzepte und Voraussetzungen f\u00fcr die Gestaltung digitaler Arbeitswelten, Auswirkungen k\u00fcnstlicher Intelligenz auf Organisationsprozesse sowie die damit verbundene Gestaltung von Wirtschaftspolitik und Regulierung.\n\n<\/div>\n<\/div>\n<div class=\"style-14752 style-local-9227-c32 position-relative h-element\" data-colibri-id=\"9227-c32\"><\/div>\n<div class=\"h-accordion style-14753 style-local-9227-c33 position-relative h-element\" data-toggle=\"true\" data-is-preview=\"true\" data-colibri-component=\"accordion\" data-colibri-id=\"9227-c33\">\n<div class=\"h-accordion-item h-accordion-item-first-child style-14754 style-local-9227-c34 position-relative h-element\" data-colibri-id=\"9227-c34\">\n<a class=\"h-accordion-item-title d-flex align-items-center h-global-transition\" href=\"#9227-c34\" data-open-by-default=\"false\">\nF\u00f6rderprogramm<\/a>\n<div class=\"h-accordion-item-title-normal-icon h-accordion-item-title-icon h-accordion-item-title-icon-right\"><span class=\"h-svg-icon\"><!--Icon by Icons8 Line Awesome (https:\/\/icons8.com\/line-awesome)--><\/span><\/div>\n<div class=\"h-accordion-item-title-active-icon h-accordion-item-title-icon h-accordion-item-title-icon-right\"><span class=\"h-svg-icon\"><!--Icon by Icons8 Line Awesome (https:\/\/icons8.com\/line-awesome)--><\/span><\/div>\n<div id=\"9227-c34\" class=\"h-accordion-item-content__container\">\n<div class=\"w-100 h-y-container h-accordion-item-content\">\n<div class=\"h-text h-text-component style-14755 style-local-9227-c35 position-relative h-element\" data-colibri-id=\"9227-c35\">\n<div class=\"\">\n<ul>\n \t<li>VolkswagenStiftung<\/li>\n \t<li>Bundesministerium f\u00fcr Wissenschaft und Kultur<\/li>\n<\/ul>\n<\/div>\n<\/div>\n<\/div>\n<\/div>\n<\/div>\n<div class=\"h-accordion-item style-14756 style-local-9227-c36 position-relative h-element\" data-colibri-id=\"9227-c36\">\n<a class=\"h-accordion-item-title d-flex align-items-center h-global-transition\" href=\"#9227-c36\" data-open-by-default=\"false\">\nProjektpartner<\/a>\n<div class=\"h-accordion-item-title-normal-icon h-accordion-item-title-icon h-accordion-item-title-icon-right\"><span class=\"h-svg-icon\"><!--Icon by Icons8 Line Awesome (https:\/\/icons8.com\/line-awesome)--><\/span><\/div>\n<div class=\"h-accordion-item-title-active-icon h-accordion-item-title-icon h-accordion-item-title-icon-right\"><span class=\"h-svg-icon\"><!--Icon by Icons8 Line Awesome (https:\/\/icons8.com\/line-awesome)--><\/span><\/div>\n<div id=\"9227-c36\" class=\"h-accordion-item-content__container\">\n<div class=\"w-100 h-y-container h-accordion-item-content\">\n<div class=\"h-text h-text-component style-14757 style-local-9227-c37 position-relative h-element\" data-colibri-id=\"9227-c37\">\n<div class=\"\">\n<ul>\n \t<li>Zukunftslabor-Sprecher: Prof. Dr. Wolfgang Nejdl<\/li>\n \t<li>Leibniz Universit\u00e4t Hannover - Forschungszentrum L3S<\/li>\n \t<li>Georg-August-Universit\u00e4t G\u00f6ttingen, Lehrstuhl f\u00fcr Wirtschaftspolitik und Mittelstandsforschung<\/li>\n \t<li>Hochschule Osnabr\u00fcck, Institut f\u00fcr Kommunikationsmanagement<\/li>\n \t<li>Leibniz Universit\u00e4t Hannover, Institut f\u00fcr Rechtsinformatik \/ Institut f\u00fcr Wirtschafts- und Kulturgeographie<\/li>\n \t<li>Leuphana Universit\u00e4t L\u00fcneburg, Institut f\u00fcr Kultur und \u00c4sthetik digitaler Medien<\/li>\n \t<li>OFFIS Institut f\u00fcr Informatik, FuE-Bereich Gesundheit<\/li>\n \t<li>Soziologisches Forschungsinstitut G\u00f6ttingen<\/li>\n \t<li>Stiftung Universit\u00e4t Hildesheim, Forschungsbereich Wirtschaftsinformatik und maschinelles Lernen<\/li>\n<\/ul>\n<\/div>\n<\/div>\n<\/div>\n<\/div>\n<\/div>\n<\/div>\n<div class=\"style-14758 style-local-9227-c38 position-relative h-element\" data-colibri-id=\"9227-c38\"><\/div>\n<\/div>\n<\/div>\n<\/div>\n<\/div>\n<\/div>\n<\/div>\n<\/div>\n<\/div>\n<\/div>\n<\/div>\n<\/div>\n<\/div>\n<div id=\"custom\" class=\"h-section h-section-global-spacing d-flex align-items-lg-center align-items-md-center align-items-center style-25030 style-local-9227-c39 position-relative\" data-colibri-component=\"section\" data-colibri-id=\"9227-c39\">\n<div class=\"h-section-grid-container h-section-fluid-container\">\n<div class=\"h-row-container gutters-row-lg-0 gutters-row-md-0 gutters-row-0 gutters-row-v-lg-0 gutters-row-v-md-0 gutters-row-v-0 style-25034 style-local-9227-c40 position-relative\" data-colibri-id=\"9227-c40\">\n<div class=\"h-row justify-content-lg-center justify-content-md-center justify-content-center align-items-lg-stretch align-items-md-stretch align-items-stretch gutters-col-lg-0 gutters-col-md-0 gutters-col-0 gutters-col-v-lg-0 gutters-col-v-md-0 gutters-col-v-0\">\n<div class=\"h-column h-column-container d-flex h-col-lg-auto h-col-md-auto h-col-auto style-25035-outer style-local-9227-c41-outer\">\n<div class=\"d-flex h-flex-basis h-column__inner h-px-lg-0 h-px-md-0 h-px-0 v-inner-lg-0 v-inner-md-0 v-inner-0 style-25035 style-local-9227-c41 position-relative\" data-colibri-id=\"9227-c41\">\n<div class=\"w-100 h-y-container h-column__content h-column__v-align flex-basis-100 align-self-lg-start align-self-md-start align-self-start\">\n<div class=\"style-25033 style-local-9227-c42 position-relative h-element\" data-colibri-id=\"9227-c42\">\n<div class=\"\"><iframe style=\"width: 100%; height: 100vh; border: 0; padding: 0;\" data-src=\"https:\/\/www.notioniframe.com\/notion\/15hq48y513e\" src=\"data:image\/svg+xml;base64,PHN2ZyB3aWR0aD0iMSIgaGVpZ2h0PSIxIiB4bWxucz0iaHR0cDovL3d3dy53My5vcmcvMjAwMC9zdmciPjwvc3ZnPg==\" class=\"lazyload\" data-load-mode=\"1\"><\/iframe><\/div>\n<\/div>\n<\/div>\n<\/div>\n<\/div>\n<\/div>\n<\/div>\n<\/div>\n<\/div>\n<\/div>","protected":false},"excerpt":{"rendered":"<p>Future Lab &#8220;Work and Society&#8221; Digital transformation and its Impact on Society and Work Start: 01.10.2019 End: 31.03.2025 Website: www.zdin.de\/ zukunftslabore\/ gesellschaft-arbeit Zukunftslabor &#8220;Gesellschaft und Arbeit&#8221; (Future Lab &#8220;Society and Work&#8221;) Digital transformation and its Impact on Society and Work The opportunities for the increasing software-based technisation, interconnection and automation of business and performance processes [&hellip;]<\/p>","protected":false},"author":7,"featured_media":10052,"parent":10129,"menu_order":0,"comment_status":"closed","ping_status":"closed","template":"page-templates\/full-width-page.php","meta":{"_acf_changed":false,"footnotes":""},"categories":[75],"tags":[119],"class_list":["post-9227","page","type-page","status-publish","has-post-thumbnail","hentry","category-project-archive","tag-archive"],"acf":[],"aioseo_notices":[],"publishpress_future_action":{"enabled":false,"date":"2026-05-18 01:40:04","action":"category","newStatus":"draft","terms":[75],"taxonomy":"category","extraData":[]},"publishpress_future_workflow_manual_trigger":{"enabledWorkflows":[]},"_links":{"self":[{"href":"https:\/\/www.l3s.de\/de\/wp-json\/wp\/v2\/pages\/9227","targetHints":{"allow":["GET"]}}],"collection":[{"href":"https:\/\/www.l3s.de\/de\/wp-json\/wp\/v2\/pages"}],"about":[{"href":"https:\/\/www.l3s.de\/de\/wp-json\/wp\/v2\/types\/page"}],"author":[{"embeddable":true,"href":"https:\/\/www.l3s.de\/de\/wp-json\/wp\/v2\/users\/7"}],"replies":[{"embeddable":true,"href":"https:\/\/www.l3s.de\/de\/wp-json\/wp\/v2\/comments?post=9227"}],"version-history":[{"count":4,"href":"https:\/\/www.l3s.de\/de\/wp-json\/wp\/v2\/pages\/9227\/revisions"}],"predecessor-version":[{"id":38098,"href":"https:\/\/www.l3s.de\/de\/wp-json\/wp\/v2\/pages\/9227\/revisions\/38098"}],"up":[{"embeddable":true,"href":"https:\/\/www.l3s.de\/de\/wp-json\/wp\/v2\/pages\/10129"}],"wp:featuredmedia":[{"embeddable":true,"href":"https:\/\/www.l3s.de\/de\/wp-json\/wp\/v2\/media\/10052"}],"wp:attachment":[{"href":"https:\/\/www.l3s.de\/de\/wp-json\/wp\/v2\/media?parent=9227"}],"wp:term":[{"taxonomy":"category","embeddable":true,"href":"https:\/\/www.l3s.de\/de\/wp-json\/wp\/v2\/categories?post=9227"},{"taxonomy":"post_tag","embeddable":true,"href":"https:\/\/www.l3s.de\/de\/wp-json\/wp\/v2\/tags?post=9227"}],"curies":[{"name":"wp","href":"https:\/\/api.w.org\/{rel}","templated":true}]}}