{"id":9207,"date":"2022-10-05T10:23:23","date_gmt":"2022-10-05T08:23:23","guid":{"rendered":"https:\/\/www.l3s.de\/?page_id=9207"},"modified":"2025-03-31T11:16:35","modified_gmt":"2025-03-31T09:16:35","slug":"future-lab-mobility","status":"publish","type":"page","link":"https:\/\/www.l3s.de\/de\/research-at-l3s\/all-projects\/project-archive\/future-lab-mobility\/","title":{"rendered":"Zukunftslabor &#8220;Mobilit\u00e4t&#8221; (Future Lab &#8220;Mobility&#8221;)"},"content":{"rendered":"<div class=\"style-9772 style-local-9207-c1 position-relative\" data-colibri-id=\"9207-c1\">\n<div id=\"reusable-sections-2\" class=\"h-section h-section-global-spacing d-flex align-items-lg-center align-items-md-center align-items-center style-14819 style-local-9207-c2 position-relative\" data-colibri-component=\"section\" data-colibri-id=\"9207-c2\">\n<div class=\"h-section-grid-container h-section-boxed-container\">\n<div class=\"h-row-container gutters-row-lg-0 gutters-row-md-0 gutters-row-0 gutters-row-v-lg-0 gutters-row-v-md-0 gutters-row-v-0 style-14820 style-local-9207-c3 position-relative\" data-colibri-id=\"9207-c3\">\n<div class=\"h-row justify-content-lg-center justify-content-md-center justify-content-center align-items-lg-stretch align-items-md-stretch align-items-stretch gutters-col-lg-0 gutters-col-md-0 gutters-col-0 gutters-col-v-lg-0 gutters-col-v-md-0 gutters-col-v-0\">\n<div class=\"h-column h-column-container d-flex h-col-lg-auto h-col-md-auto h-col-auto style-14821-outer style-local-9207-c4-outer\">\n<div class=\"d-flex h-flex-basis h-column__inner h-px-lg-2 h-px-md-2 h-px-2 v-inner-lg-2 v-inner-md-2 v-inner-2 style-14821 style-local-9207-c4 position-relative\" data-colibri-id=\"9207-c4\">\n<div class=\"w-100 h-y-container h-column__content h-column__v-align flex-basis-100 align-self-lg-start align-self-md-start align-self-start\">\n<div class=\"d-block style-14822 style-local-9207-c5 position-relative h-element\" data-colibri-id=\"9207-c5\">\n<div class=\"h-image__frame-container-outer\">\n<div class=\"h-image__frame-container\">\n\n<img decoding=\"async\" width=\"320\" height=\"240\" class=\"wp-image-10086 style-14822-image style-local-9207-c5-image lazyload\" data-src=\"https:\/\/www.l3s.de\/wp-content\/uploads\/2022\/10\/Bild_2022-10-25_113056561.png\" alt=\"\" data-srcset=\"https:\/\/www.l3s.de\/wp-content\/uploads\/2022\/10\/Bild_2022-10-25_113056561.png 320w, https:\/\/www.l3s.de\/wp-content\/uploads\/2022\/10\/Bild_2022-10-25_113056561-300x225.png 300w, https:\/\/www.l3s.de\/wp-content\/uploads\/2022\/10\/Bild_2022-10-25_113056561-16x12.png 16w\" data-sizes=\"(max-width: 320px) 100vw, 320px\" src=\"data:image\/svg+xml;base64,PHN2ZyB3aWR0aD0iMSIgaGVpZ2h0PSIxIiB4bWxucz0iaHR0cDovL3d3dy53My5vcmcvMjAwMC9zdmciPjwvc3ZnPg==\" style=\"--smush-placeholder-width: 320px; --smush-placeholder-aspect-ratio: 320\/240;\" \/>\n<div class=\"h-image__frame h-hide-lg h-hide-md h-hide-sm style-14822-frameImage style-local-9207-c5-frameImage\"><\/div>\n<\/div>\n<\/div>\n<\/div>\n<div class=\"h-global-transition-all h-heading style-18772 style-local-9207-c26 h-hide-lg h-hide-md position-relative h-element\" data-colibri-id=\"9207-c26\">\n<div class=\"h-heading__outer style-18772 style-local-9207-c26\">\n<h2 class=\"\">Zukunftslabor Mobilit\u00e4t<\/h2>\n<\/div>\n<\/div>\n<div class=\"h-text h-text-component style-18773 style-local-9207-c27 h-hide-lg h-hide-md position-relative h-element\" data-colibri-id=\"9207-c27\">\n<div class=\"\">\n\nKommunikationsbasierte Fusion von Sensorinformationen\n\n<\/div>\n<\/div>\n<div class=\"style-14823 style-local-9207-c6 position-relative h-element\" data-colibri-id=\"9207-c6\"><\/div>\n<div class=\"h-row-container gutters-row-lg-0 gutters-row-md-0 gutters-row-0 gutters-row-v-lg-0 gutters-row-v-md-0 gutters-row-v-0 style-14824 style-local-9207-c7 position-relative\" data-colibri-id=\"9207-c7\">\n<div class=\"h-row justify-content-lg-center justify-content-md-center justify-content-center align-items-lg-stretch align-items-md-stretch align-items-stretch gutters-col-lg-0 gutters-col-md-0 gutters-col-0 gutters-col-v-lg-0 gutters-col-v-md-0 gutters-col-v-0\">\n<div class=\"h-column h-column-container d-flex h-col-lg-auto h-col-md-auto h-col-auto style-14825-outer style-local-9207-c8-outer\">\n<div class=\"d-flex h-flex-basis h-column__inner h-px-lg-0 h-px-md-0 h-px-0 v-inner-lg-0 v-inner-md-0 v-inner-0 style-14825 style-local-9207-c8 position-relative\" data-colibri-id=\"9207-c8\">\n<div class=\"w-100 h-y-container h-column__content h-column__v-align flex-basis-100 align-self-lg-start align-self-md-start align-self-start\">\n<div class=\"h-text h-text-component style-14826 style-local-9207-c9 position-relative h-element\" data-colibri-id=\"9207-c9\">\n<div class=\"\">\n\nStart:\n\n<\/div>\n<\/div>\n<\/div>\n<\/div>\n<\/div>\n<div class=\"h-column h-column-container d-flex h-col-lg-auto h-col-md-auto h-col-auto style-14827-outer style-local-9207-c10-outer\">\n<div class=\"d-flex h-flex-basis h-column__inner h-px-lg-0 h-px-md-0 h-px-0 v-inner-lg-0 v-inner-md-0 v-inner-0 style-14827 style-local-9207-c10 position-relative\" data-colibri-id=\"9207-c10\">\n<div class=\"w-100 h-y-container h-column__content h-column__v-align flex-basis-100 align-self-lg-start align-self-md-start align-self-start\">\n<div class=\"h-text h-text-component style-14828 style-local-9207-c11 position-relative h-element\" data-colibri-id=\"9207-c11\">\n<div class=\"\">\n\n01.10.2019\n\n<\/div>\n<\/div>\n<\/div>\n<\/div>\n<\/div>\n<\/div>\n<\/div>\n<div class=\"h-row-container gutters-row-lg-0 gutters-row-md-0 gutters-row-0 gutters-row-v-lg-0 gutters-row-v-md-0 gutters-row-v-0 style-14824 style-local-9207-c12 position-relative\" data-colibri-id=\"9207-c12\">\n<div class=\"h-row justify-content-lg-center justify-content-md-center justify-content-center align-items-lg-stretch align-items-md-stretch align-items-stretch gutters-col-lg-0 gutters-col-md-0 gutters-col-0 gutters-col-v-lg-0 gutters-col-v-md-0 gutters-col-v-0\">\n<div class=\"h-column h-column-container d-flex h-col-lg-auto h-col-md-auto h-col-auto style-14825-outer style-local-9207-c13-outer\">\n<div class=\"d-flex h-flex-basis h-column__inner h-px-lg-0 h-px-md-0 h-px-0 v-inner-lg-0 v-inner-md-0 v-inner-0 style-14825 style-local-9207-c13 position-relative\" data-colibri-id=\"9207-c13\">\n<div class=\"w-100 h-y-container h-column__content h-column__v-align flex-basis-100 align-self-lg-start align-self-md-start align-self-start\">\n<div class=\"h-text h-text-component style-14826 style-local-9207-c14 position-relative h-element\" data-colibri-id=\"9207-c14\">\n<div class=\"\">\n\nEnde:\n\n<\/div>\n<\/div>\n<\/div>\n<\/div>\n<\/div>\n<div class=\"h-column h-column-container d-flex h-col-lg-auto h-col-md-auto h-col-auto style-14827-outer style-local-9207-c15-outer\">\n<div class=\"d-flex h-flex-basis h-column__inner h-px-lg-0 h-px-md-0 h-px-0 v-inner-lg-0 v-inner-md-0 v-inner-0 style-14827 style-local-9207-c15 position-relative\" data-colibri-id=\"9207-c15\">\n<div class=\"w-100 h-y-container h-column__content h-column__v-align flex-basis-100 align-self-lg-start align-self-md-start align-self-start\">\n<div class=\"h-text h-text-component style-14828 style-local-9207-c16 position-relative h-element\" data-colibri-id=\"9207-c16\">\n<div class=\"\">\n\n31.03.2025\n\n<\/div>\n<\/div>\n<\/div>\n<\/div>\n<\/div>\n<\/div>\n<\/div>\n<div class=\"h-row-container gutters-row-lg-0 gutters-row-md-0 gutters-row-0 gutters-row-v-lg-0 gutters-row-v-md-0 gutters-row-v-0 style-14824 style-local-9207-c17 position-relative\" data-colibri-id=\"9207-c17\">\n<div class=\"h-row justify-content-lg-center justify-content-md-center justify-content-center align-items-lg-stretch align-items-md-stretch align-items-stretch gutters-col-lg-0 gutters-col-md-0 gutters-col-0 gutters-col-v-lg-0 gutters-col-v-md-0 gutters-col-v-0\">\n<div class=\"h-column h-column-container d-flex h-col-lg-auto h-col-md-auto h-col-auto style-14825-outer style-local-9207-c18-outer\">\n<div class=\"d-flex h-flex-basis h-column__inner h-px-lg-0 h-px-md-0 h-px-0 v-inner-lg-0 v-inner-md-0 v-inner-0 style-14825 style-local-9207-c18 position-relative\" data-colibri-id=\"9207-c18\">\n<div class=\"w-100 h-y-container h-column__content h-column__v-align flex-basis-100 align-self-lg-start align-self-md-start align-self-start\">\n<div class=\"h-text h-text-component style-14826 style-local-9207-c19 position-relative h-element\" data-colibri-id=\"9207-c19\">\n<div class=\"\">\n\nWebseite:\n\n<\/div>\n<\/div>\n<\/div>\n<\/div>\n<\/div>\n<div class=\"h-column h-column-container d-flex h-col-lg-auto h-col-md-auto h-col-auto style-14827-outer style-local-9207-c20-outer\">\n<div class=\"d-flex h-flex-basis h-column__inner h-px-lg-0 h-px-md-0 h-px-0 v-inner-lg-0 v-inner-md-0 v-inner-0 style-14827 style-local-9207-c20 position-relative\" data-colibri-id=\"9207-c20\">\n<div class=\"w-100 h-y-container h-column__content h-column__v-align flex-basis-100 align-self-lg-start align-self-md-start align-self-start\">\n<div class=\"h-x-container style-14829 style-local-9207-c21 position-relative h-element\" data-colibri-id=\"9207-c21\">\n<div class=\"h-x-container-inner style-dynamic-9207-c21-group style-14829-spacing style-local-9207-c21-spacing\"><span class=\"h-link__outer style-14830-outer style-local-9207-c22-outer d-inline-flex h-element\"><a class=\"d-flex w-100 align-items-center h-link style-14830 style-local-9207-c22 position-relative\" href=\"https:\/\/www.zdin.de\/zukunftslabore\/mobilitaet\" target=\"_blank\" rel=\"noopener\" data-colibri-id=\"9207-c22\"> www.zdin.de\/ zukunftslabore\/ mobilitaet<\/a>\n<\/span><\/div>\n<\/div>\n<\/div>\n<\/div>\n<\/div>\n<\/div>\n<\/div>\n<\/div>\n<\/div>\n<\/div>\n<div class=\"h-column h-column-container d-flex h-col-lg-auto h-col-md-auto h-col-auto style-14831-outer style-local-9207-c23-outer\">\n<div class=\"d-flex h-flex-basis h-column__inner h-px-lg-0 h-px-md-0 h-px-0 v-inner-lg-0 v-inner-md-0 v-inner-0 style-14831 style-local-9207-c23 position-relative\" data-colibri-id=\"9207-c23\">\n<div class=\"w-100 h-y-container h-column__content h-column__v-align flex-basis-100 align-self-lg-start align-self-md-start align-self-start\">\n<div class=\"h-row-container gutters-row-lg-1 gutters-row-md-1 gutters-row-0 gutters-row-v-lg-1 gutters-row-v-md-1 gutters-row-v-1 style-14832 style-local-9207-c24 position-relative\" data-colibri-id=\"9207-c24\">\n<div class=\"h-row justify-content-lg-center justify-content-md-center justify-content-center align-items-lg-stretch align-items-md-stretch align-items-stretch gutters-col-lg-1 gutters-col-md-1 gutters-col-0 gutters-col-v-lg-1 gutters-col-v-md-1 gutters-col-v-1\">\n<div class=\"h-column h-column-container d-flex h-col-lg-12 h-col-md-12 h-col-12 style-14833-outer style-local-9207-c25-outer\">\n<div class=\"d-flex h-flex-basis h-column__inner h-px-lg-1 h-px-md-1 h-px-1 v-inner-lg-1 v-inner-md-1 v-inner-1 style-14833 style-local-9207-c25 position-relative\" data-colibri-id=\"9207-c25\">\n<div class=\"w-100 h-y-container h-column__content h-column__v-align flex-basis-100 align-self-lg-start align-self-md-start align-self-start\">\n<div class=\"h-global-transition-all h-heading style-14834 style-local-9207-c50 h-hide-sm position-relative h-element\" data-colibri-id=\"9207-c50\">\n<div class=\"h-heading__outer style-14834 style-local-9207-c50\">\n<h2 class=\"\">Zukunftslabor Mobilit\u00e4t<\/h2>\n<\/div>\n<\/div>\n<div class=\"h-text h-text-component style-14835 style-local-9207-c51 h-hide-sm position-relative h-element\" data-colibri-id=\"9207-c51\">\n<div class=\"\">\n\nKommunikationsbasierte Fusion von Sensorinformationen\n\n<\/div>\n<\/div>\n<div class=\"style-14836 style-local-9207-c28 position-relative h-element\" data-colibri-id=\"9207-c28\"><\/div>\n<div class=\"h-text h-text-component style-14837 style-local-9207-c29 position-relative h-element\" data-colibri-id=\"9207-c29\">\n<div class=\"\">\n\nThe technical development of wireless and mobile communication enables numerous novel applications that improve traffic efficiency and traffic safety. Vehicles generate FCD (Floating Car Data) that is distributed and aggregated\nvia mobile communications in order to estimate the traffic situation and to enable a dynamic, traffic-dependent routing.\n\nWith Wifi-based ITS-G5 technology, vehicles periodically transmit CAMs (Cooperative Awareness Messages) to vehicles in their local vicinity. These CAMs comprise position, heading, and speed of the transmitting vehicle and\nenable the receiving vehicle to detect and avoid potentially hazardous trajectories. This provides the basis for cooperative driver assistance systems like cooperative lane change, intersection, or traffic jam assistants.\n\nIn case of road users that are not equipped, specifically vulnerable road users like cyclists and pedestrians, a CAM-based system cannot achieve a full environment recognition due to missing data. A remedy are CPMs (Collective\nPerception Messages), that deliver sensor information, e.g., of radar, lidar, and video sensors, of a vehicle to other road users. These sensor information, that are gathered by different vehicles, need to be fused accordingly\n(track-to-track fusion) to collectively achieve a more precise and more complete recognition of the environment. In other words, the goal is to see through the eyes of others &#8211; e.g., to detect persons that are possibly\nhidden by other vehicles.\n\n<\/div>\n<\/div>\n<div class=\"style-14838 style-local-9207-c30 position-relative h-element\" data-colibri-id=\"9207-c30\"><\/div>\n<div class=\"h-accordion style-14839 style-local-9207-c31 position-relative h-element\" data-toggle=\"true\" data-is-preview=\"true\" data-colibri-component=\"accordion\" data-colibri-id=\"9207-c31\">\n<div class=\"h-accordion-item h-accordion-item-first-child style-14840 style-local-9207-c32 position-relative h-element\" data-colibri-id=\"9207-c32\">\n<a class=\"h-accordion-item-title d-flex align-items-center h-global-transition\" href=\"#9207-c32\" data-open-by-default=\"false\">\nF\u00f6rderprogramm<\/a>\n<div class=\"h-accordion-item-title-normal-icon h-accordion-item-title-icon h-accordion-item-title-icon-right\"><span class=\"h-svg-icon\"><!--Icon by Icons8 Line Awesome (https:\/\/icons8.com\/line-awesome)--><\/span><\/div>\n<div class=\"h-accordion-item-title-active-icon h-accordion-item-title-icon h-accordion-item-title-icon-right\"><span class=\"h-svg-icon\"><!--Icon by Icons8 Line Awesome (https:\/\/icons8.com\/line-awesome)--><\/span><\/div>\n<div id=\"9207-c32\" class=\"h-accordion-item-content__container\">\n<div class=\"w-100 h-y-container h-accordion-item-content\">\n<div class=\"h-text h-text-component style-14841 style-local-9207-c33 position-relative h-element\" data-colibri-id=\"9207-c33\">\n<div class=\"\">\n\nVolkswagenStiftung, Ministerium f\u00fcr Wissenschaft und Kultur\n\n<\/div>\n<\/div>\n<\/div>\n<\/div>\n<\/div>\n<div class=\"h-accordion-item style-14842 style-local-9207-c34 position-relative h-element\" data-colibri-id=\"9207-c34\">\n<a class=\"h-accordion-item-title d-flex align-items-center h-global-transition\" href=\"#9207-c34\" data-open-by-default=\"false\">\nProjektpartner<\/a>\n<div class=\"h-accordion-item-title-normal-icon h-accordion-item-title-icon h-accordion-item-title-icon-right\"><span class=\"h-svg-icon\"><!--Icon by Icons8 Line Awesome (https:\/\/icons8.com\/line-awesome)--><\/span><\/div>\n<div class=\"h-accordion-item-title-active-icon h-accordion-item-title-icon h-accordion-item-title-icon-right\"><span class=\"h-svg-icon\"><!--Icon by Icons8 Line Awesome (https:\/\/icons8.com\/line-awesome)--><\/span><\/div>\n<div id=\"9207-c34\" class=\"h-accordion-item-content__container\">\n<div class=\"w-100 h-y-container h-accordion-item-content\">\n<div class=\"h-text h-text-component style-14843 style-local-9207-c35 position-relative h-element\" data-colibri-id=\"9207-c35\">\n<div class=\"\">\n<ul>\n \t<li>Zukunftslabor-Sprecher: Prof. Dr.-Ing. Thomas Vietor<\/li>\n \t<li>TU Braunschweig &#8211; Institut f\u00fcr Konstruktionstechnik<\/li>\n \t<li>Nieders\u00e4chsisches Forschungszentrum Fahrzeugtechnik (NFF)<\/li>\n \t<li>Carl von Ossietzky Universit\u00e4t Oldenburg, Abteilung Hybride Systeme<\/li>\n \t<li>Deutsches Zentrum f\u00fcr Luft- und Raumfahrt (DLR), Institut f\u00fcr Verkehrssystemtechnik (Braunschweig) \/ Institut Systems Engineering f\u00fcr zuk\u00fcnftige Mobilit\u00e4t (Oldenburg)<\/li>\n \t<li>Georg-August-Universit\u00e4t G\u00f6ttingen, Arbeitsgruppe Data Fusion<\/li>\n \t<li>Hochschule Osnabr\u00fcck, Institut f\u00fcr Produktion und Logistik<\/li>\n \t<li>Leibniz Universit\u00e4t Hannover, Forschungszentrum L3S \/ Institut f\u00fcr Kartographie und Geoinformatik<\/li>\n \t<li>OFFIS Institut f\u00fcr Informatik, FuE-Bereich Society<\/li>\n \t<li>Ostfalia Hochschule f\u00fcr angewandte Wissenschaften \u2013 Hochschule Braunschweig\/Wolfenb\u00fcttel, Fachgruppe Regelungstechnik und Fahrzeugmechatronik \/ Institut f\u00fcr verteilte Systeme<\/li>\n \t<li>Technische Universit\u00e4t Braunschweig, Institut f\u00fcr Automobilwirtschaft und Industrielle Produktion \/ Institut f\u00fcr Softwaretechnik und Fahrzeuginformatik<\/li>\n \t<li>Technische Universit\u00e4t Clausthal, Institut f\u00fcr Informatik \/ Institute for Software and Systems Engineering<\/li>\n<\/ul>\n<\/div>\n<\/div>\n<\/div>\n<\/div>\n<\/div>\n<\/div>\n<div class=\"style-14844 style-local-9207-c36 position-relative h-element\" data-colibri-id=\"9207-c36\"><\/div>\n<\/div>\n<\/div>\n<\/div>\n<\/div>\n<\/div>\n<div class=\"h-row-container gutters-row-lg-1 gutters-row-md-1 gutters-row-0 gutters-row-v-lg-1 gutters-row-v-md-1 gutters-row-v-1 style-14845 style-local-9207-c37 position-relative\" data-colibri-id=\"9207-c37\">\n<div class=\"h-row justify-content-lg-start justify-content-md-start justify-content-start align-items-lg-stretch align-items-md-stretch align-items-stretch gutters-col-lg-1 gutters-col-md-1 gutters-col-0 gutters-col-v-lg-1 gutters-col-v-md-1 gutters-col-v-1\">\n<div class=\"h-column h-column-container d-flex h-col-lg-auto h-col-md-auto h-col-auto style-14846-outer style-local-9207-c38-outer\">\n<div class=\"d-flex h-flex-basis h-column__inner h-px-lg-2 h-px-md-2 h-px-2 v-inner-lg-2 v-inner-md-2 v-inner-2 style-14846 style-local-9207-c38 position-relative\" data-colibri-id=\"9207-c38\">\n<div class=\"w-100 h-y-container h-column__content h-column__v-align flex-basis-100 align-self-lg-start align-self-md-start align-self-start\">\n<div class=\"h-global-transition-all h-heading style-14847 style-local-9207-c39 position-relative h-element\" data-colibri-id=\"9207-c39\">\n<div class=\"h-heading__outer style-14847 style-local-9207-c39\">\n<h1 class=\"\">Kontakt<\/h1>\n<\/div>\n<\/div>\n<\/div>\n<\/div>\n<\/div>\n<div class=\"h-column h-column-container d-flex h-col-lg-auto h-col-md-auto h-col-auto style-14848-outer style-local-9207-c40-outer\">\n<div class=\"d-flex h-flex-basis h-column__inner h-px-lg-2 h-px-md-2 h-px-2 v-inner-lg-2 v-inner-md-2 v-inner-2 style-14848 style-local-9207-c40 position-relative\" data-colibri-id=\"9207-c40\">\n<div class=\"w-100 h-y-container h-column__content h-column__v-align flex-basis-100 align-self-lg-start align-self-md-start align-self-start\">\n<div class=\"d-block style-14849 style-local-9207-c41 position-relative h-element\" data-colibri-id=\"9207-c41\">\n<div class=\"h-image__frame-container-outer\">\n<div class=\"h-image__frame-container\">\n\n<img decoding=\"async\" width=\"267\" height=\"267\" class=\"wp-image-4502 style-14849-image style-local-9207-c41-image lazyload\" data-src=\"https:\/\/www.l3s.de\/wp-content\/uploads\/2022\/08\/cropped-Fidler-Markus_2.jpg\" alt=\"\" data-srcset=\"https:\/\/www.l3s.de\/wp-content\/uploads\/2022\/08\/cropped-Fidler-Markus_2.jpg 267w, https:\/\/www.l3s.de\/wp-content\/uploads\/2022\/08\/cropped-Fidler-Markus_2-150x150.jpg 150w, https:\/\/www.l3s.de\/wp-content\/uploads\/2022\/08\/cropped-Fidler-Markus_2-12x12.jpg 12w\" data-sizes=\"(max-width: 267px) 100vw, 267px\" src=\"data:image\/svg+xml;base64,PHN2ZyB3aWR0aD0iMSIgaGVpZ2h0PSIxIiB4bWxucz0iaHR0cDovL3d3dy53My5vcmcvMjAwMC9zdmciPjwvc3ZnPg==\" style=\"--smush-placeholder-width: 267px; --smush-placeholder-aspect-ratio: 267\/267;\" \/>\n<div class=\"h-image__frame h-hide-lg h-hide-md h-hide-sm style-14849-frameImage style-local-9207-c41-frameImage\"><\/div>\n<\/div>\n<\/div>\n<\/div>\n<div class=\"h-global-transition-all h-heading style-14850 style-local-9207-c42 position-relative h-element\" data-colibri-id=\"9207-c42\">\n<div class=\"h-heading__outer style-14850 style-local-9207-c42\">\n<h4 class=\"\">Prof. Dr.-Ing. Markus Fidler<\/h4>\n<\/div>\n<\/div>\n<div class=\"h-text h-text-component style-14851 style-local-9207-c43 position-relative h-element\" data-colibri-id=\"9207-c43\">\n<div class=\"\">\n\nProjektmanager\n\n<\/div>\n<\/div>\n<div class=\"h-row-container gutters-row-lg-0 gutters-row-md-0 gutters-row-0 gutters-row-v-lg-0 gutters-row-v-md-0 gutters-row-v-0 style-14852 style-local-9207-c44 position-relative\" data-colibri-id=\"9207-c44\">\n<div class=\"h-row justify-content-lg-center justify-content-md-center justify-content-center align-items-lg-stretch align-items-md-stretch align-items-stretch gutters-col-lg-0 gutters-col-md-0 gutters-col-0 gutters-col-v-lg-0 gutters-col-v-md-0 gutters-col-v-0\">\n<div class=\"h-column h-column-container d-flex h-col-lg h-col-md h-col-auto style-14853-outer style-local-9207-c45-outer\">\n<div class=\"d-flex h-flex-basis h-column__inner h-px-lg-0 h-px-md-0 h-px-0 v-inner-lg-0 v-inner-md-0 v-inner-0 style-14853 style-local-9207-c45 position-relative\" data-colibri-id=\"9207-c45\">\n<div class=\"w-100 h-y-container h-column__content h-column__v-align flex-basis-100 align-self-lg-start align-self-md-start align-self-start\">\n<div class=\"h-x-container style-14854 style-local-9207-c46 position-relative h-element\" data-colibri-id=\"9207-c46\">\n<div class=\"h-x-container-inner style-dynamic-9207-c46-group style-14854-spacing style-local-9207-c46-spacing\"><span class=\"h-link__outer style-14855-outer style-local-9207-c47-outer d-inline-flex h-element\"><a class=\"d-flex w-100 align-items-center h-link style-14855 style-local-9207-c47 position-relative\" href=\"mailto:fidler@l3s.de\" data-colibri-id=\"9207-c47\"><span class=\"h-svg-icon h-link__icon style-14855-icon style-local-9207-c47-icon\"><!--Icon by Icons8 Line Awesome (https:\/\/icons8.com\/line-awesome)--><\/span> fidler@l3s.de<\/a>\n<\/span><\/div>\n<\/div>\n<div class=\"h-x-container style-14856 style-local-9207-c48 position-relative h-element\" data-colibri-id=\"9207-c48\">\n<div class=\"h-x-container-inner style-dynamic-9207-c48-group style-14856-spacing style-local-9207-c48-spacing\"><span class=\"h-link__outer style-14855-outer style-local-9207-c49-outer d-inline-flex h-element\"><a class=\"d-flex w-100 align-items-center h-link style-14855 style-local-9207-c49 position-relative\" href=\"tel:+49 511 762-2820\" data-colibri-id=\"9207-c49\"><span class=\"h-svg-icon h-link__icon style-14855-icon style-local-9207-c49-icon\"><!--Icon by Icons8 Line Awesome (https:\/\/icons8.com\/line-awesome)--><\/span> +49 511 762-2820<\/a>\n<\/span><\/div>\n<\/div>\n<\/div>\n<\/div>\n<\/div>\n<\/div>\n<\/div>\n<\/div>\n<\/div>\n<\/div>\n<\/div>\n<\/div>\n<\/div>\n<\/div>\n<\/div>\n<\/div>\n<\/div>\n<\/div>\n<\/div>\n<\/div>","protected":false},"excerpt":{"rendered":"<p>Future Lab &#8220;Mobility&#8221; Communication-based fusion of sensor data Start: 01.10.2019 End: 31.03.2025 Website: www.zdin.de\/ zukunftslabore\/ mobilitaet Future Lab &#8220;Mobility&#8221; Communication-based fusion of sensor data The technical development of wireless and mobile communication enables numerous novel applications that improve traffic efficiency and traffic safety. Vehicles generate FCD (Floating Car Data) that is distributed and aggregated via [&hellip;]<\/p>","protected":false},"author":7,"featured_media":10086,"parent":10129,"menu_order":0,"comment_status":"closed","ping_status":"closed","template":"page-templates\/full-width-page.php","meta":{"_acf_changed":false,"footnotes":""},"categories":[75],"tags":[119],"class_list":["post-9207","page","type-page","status-publish","has-post-thumbnail","hentry","category-project-archive","tag-archive"],"acf":[],"aioseo_notices":[],"publishpress_future_action":{"enabled":false,"date":"2026-05-16 14:02:44","action":"category","newStatus":"draft","terms":[75],"taxonomy":"category","extraData":[]},"publishpress_future_workflow_manual_trigger":{"enabledWorkflows":[]},"_links":{"self":[{"href":"https:\/\/www.l3s.de\/de\/wp-json\/wp\/v2\/pages\/9207","targetHints":{"allow":["GET"]}}],"collection":[{"href":"https:\/\/www.l3s.de\/de\/wp-json\/wp\/v2\/pages"}],"about":[{"href":"https:\/\/www.l3s.de\/de\/wp-json\/wp\/v2\/types\/page"}],"author":[{"embeddable":true,"href":"https:\/\/www.l3s.de\/de\/wp-json\/wp\/v2\/users\/7"}],"replies":[{"embeddable":true,"href":"https:\/\/www.l3s.de\/de\/wp-json\/wp\/v2\/comments?post=9207"}],"version-history":[{"count":2,"href":"https:\/\/www.l3s.de\/de\/wp-json\/wp\/v2\/pages\/9207\/revisions"}],"predecessor-version":[{"id":38097,"href":"https:\/\/www.l3s.de\/de\/wp-json\/wp\/v2\/pages\/9207\/revisions\/38097"}],"up":[{"embeddable":true,"href":"https:\/\/www.l3s.de\/de\/wp-json\/wp\/v2\/pages\/10129"}],"wp:featuredmedia":[{"embeddable":true,"href":"https:\/\/www.l3s.de\/de\/wp-json\/wp\/v2\/media\/10086"}],"wp:attachment":[{"href":"https:\/\/www.l3s.de\/de\/wp-json\/wp\/v2\/media?parent=9207"}],"wp:term":[{"taxonomy":"category","embeddable":true,"href":"https:\/\/www.l3s.de\/de\/wp-json\/wp\/v2\/categories?post=9207"},{"taxonomy":"post_tag","embeddable":true,"href":"https:\/\/www.l3s.de\/de\/wp-json\/wp\/v2\/tags?post=9207"}],"curies":[{"name":"wp","href":"https:\/\/api.w.org\/{rel}","templated":true}]}}