{"id":9197,"date":"2022-10-05T10:11:22","date_gmt":"2022-10-05T08:11:22","guid":{"rendered":"https:\/\/www.l3s.de\/?page_id=9197"},"modified":"2025-03-31T11:17:07","modified_gmt":"2025-03-31T09:17:07","slug":"future-lab-health","status":"publish","type":"page","link":"https:\/\/www.l3s.de\/de\/research-at-l3s\/all-projects\/project-archive\/future-lab-health\/","title":{"rendered":"Zukunftslabor &#8220;Gesundheit&#8221; (Future Lab &#8220;Health\u201c)"},"content":{"rendered":"<div class=\"style-9715 style-local-9197-c1 position-relative\" data-colibri-id=\"9197-c1\">\n<div id=\"reusable-sections-2\" class=\"h-section h-section-global-spacing d-flex align-items-lg-center align-items-md-center align-items-center style-14857 style-local-9197-c2 position-relative\" data-colibri-component=\"section\" data-colibri-id=\"9197-c2\">\n<div class=\"h-section-grid-container h-section-boxed-container\">\n<div class=\"h-row-container gutters-row-lg-0 gutters-row-md-0 gutters-row-0 gutters-row-v-lg-0 gutters-row-v-md-0 gutters-row-v-0 style-14858 style-local-9197-c3 position-relative\" data-colibri-id=\"9197-c3\">\n<div class=\"h-row justify-content-lg-center justify-content-md-center justify-content-center align-items-lg-stretch align-items-md-stretch align-items-stretch gutters-col-lg-0 gutters-col-md-0 gutters-col-0 gutters-col-v-lg-0 gutters-col-v-md-0 gutters-col-v-0\">\n<div class=\"h-column h-column-container d-flex h-col-lg-auto h-col-md-auto h-col-auto style-14859-outer style-local-9197-c4-outer\">\n<div class=\"d-flex h-flex-basis h-column__inner h-px-lg-2 h-px-md-2 h-px-2 v-inner-lg-2 v-inner-md-2 v-inner-2 style-14859 style-local-9197-c4 position-relative\" data-colibri-id=\"9197-c4\">\n<div class=\"w-100 h-y-container h-column__content h-column__v-align flex-basis-100 align-self-lg-start align-self-md-start align-self-start\">\n<div class=\"d-block style-14860 style-local-9197-c5 position-relative h-element\" data-colibri-id=\"9197-c5\">\n<div class=\"h-image__frame-container-outer\">\n<div class=\"h-image__frame-container\">\n\n<img decoding=\"async\" width=\"1417\" height=\"1181\" class=\"wp-image-9198 style-14860-image style-local-9197-c5-image lazyload\" data-src=\"https:\/\/www.l3s.de\/wp-content\/uploads\/2022\/10\/ZDIN_Zukunftslabore_Logo_Icons_GES_pos_rgb.jpeg\" alt=\"\" data-srcset=\"https:\/\/www.l3s.de\/wp-content\/uploads\/2022\/10\/ZDIN_Zukunftslabore_Logo_Icons_GES_pos_rgb.jpeg 1417w, https:\/\/www.l3s.de\/wp-content\/uploads\/2022\/10\/ZDIN_Zukunftslabore_Logo_Icons_GES_pos_rgb-300x250.jpeg 300w, https:\/\/www.l3s.de\/wp-content\/uploads\/2022\/10\/ZDIN_Zukunftslabore_Logo_Icons_GES_pos_rgb-1024x853.jpeg 1024w, https:\/\/www.l3s.de\/wp-content\/uploads\/2022\/10\/ZDIN_Zukunftslabore_Logo_Icons_GES_pos_rgb-768x640.jpeg 768w, https:\/\/www.l3s.de\/wp-content\/uploads\/2022\/10\/ZDIN_Zukunftslabore_Logo_Icons_GES_pos_rgb-14x12.jpeg 14w\" data-sizes=\"(max-width: 1417px) 100vw, 1417px\" src=\"data:image\/svg+xml;base64,PHN2ZyB3aWR0aD0iMSIgaGVpZ2h0PSIxIiB4bWxucz0iaHR0cDovL3d3dy53My5vcmcvMjAwMC9zdmciPjwvc3ZnPg==\" style=\"--smush-placeholder-width: 1417px; --smush-placeholder-aspect-ratio: 1417\/1181;\" \/>\n<div class=\"h-image__frame h-hide-lg h-hide-md h-hide-sm style-14860-frameImage style-local-9197-c5-frameImage\"><\/div>\n<\/div>\n<\/div>\n<\/div>\n<div class=\"h-global-transition-all h-heading style-18774 style-local-9197-c6 h-hide-lg h-hide-md position-relative h-element\" data-colibri-id=\"9197-c6\">\n<div class=\"h-heading__outer style-18774 style-local-9197-c6\">\n<h2 class=\"\">Zukunftslabor Gesundheit<\/h2>\n<\/div>\n<\/div>\n<div class=\"h-text h-text-component style-18969 style-local-9197-c7 h-hide-lg h-hide-md position-relative h-element\" data-colibri-id=\"9197-c7\">\n<div class=\"\">\n\nDigitale Technologien f\u00fcr Versorgung und Pflege\n\n<\/div>\n<\/div>\n<div class=\"style-14861 style-local-9197-c8 position-relative h-element\" data-colibri-id=\"9197-c8\"><\/div>\n<div class=\"h-row-container gutters-row-lg-0 gutters-row-md-0 gutters-row-0 gutters-row-v-lg-0 gutters-row-v-md-0 gutters-row-v-0 style-14862 style-local-9197-c9 position-relative\" data-colibri-id=\"9197-c9\">\n<div class=\"h-row justify-content-lg-center justify-content-md-start justify-content-center align-items-lg-stretch align-items-md-stretch align-items-stretch gutters-col-lg-0 gutters-col-md-0 gutters-col-0 gutters-col-v-lg-0 gutters-col-v-md-0 gutters-col-v-0\">\n<div class=\"h-column h-column-container d-flex h-col-lg-auto h-col-md-auto h-col-auto style-14863-outer style-local-9197-c10-outer\">\n<div class=\"d-flex h-flex-basis h-column__inner h-px-lg-0 h-px-md-0 h-px-0 v-inner-lg-0 v-inner-md-0 v-inner-0 style-14863 style-local-9197-c10 position-relative\" data-colibri-id=\"9197-c10\">\n<div class=\"w-100 h-y-container h-column__content h-column__v-align flex-basis-100 align-self-lg-start align-self-md-start align-self-start\">\n<div class=\"h-text h-text-component style-14864 style-local-9197-c11 position-relative h-element\" data-colibri-id=\"9197-c11\">\n<div class=\"\">\n\nStart:\n\n<\/div>\n<\/div>\n<\/div>\n<\/div>\n<\/div>\n<div class=\"h-column h-column-container d-flex h-col-lg-auto h-col-md-auto h-col-auto style-14865-outer style-local-9197-c12-outer\">\n<div class=\"d-flex h-flex-basis h-column__inner h-px-lg-0 h-px-md-0 h-px-0 v-inner-lg-0 v-inner-md-0 v-inner-0 style-14865 style-local-9197-c12 position-relative\" data-colibri-id=\"9197-c12\">\n<div class=\"w-100 h-y-container h-column__content h-column__v-align flex-basis-100 align-self-lg-start align-self-md-start align-self-start\">\n<div class=\"h-text h-text-component style-14866 style-local-9197-c13 position-relative h-element\" data-colibri-id=\"9197-c13\">\n<div class=\"\">\n\n01.10.2019\n\n<\/div>\n<\/div>\n<\/div>\n<\/div>\n<\/div>\n<\/div>\n<\/div>\n<div class=\"h-row-container gutters-row-lg-0 gutters-row-md-0 gutters-row-0 gutters-row-v-lg-0 gutters-row-v-md-0 gutters-row-v-0 style-14862 style-local-9197-c14 position-relative\" data-colibri-id=\"9197-c14\">\n<div class=\"h-row justify-content-lg-center justify-content-md-start justify-content-center align-items-lg-stretch align-items-md-stretch align-items-stretch gutters-col-lg-0 gutters-col-md-0 gutters-col-0 gutters-col-v-lg-0 gutters-col-v-md-0 gutters-col-v-0\">\n<div class=\"h-column h-column-container d-flex h-col-lg-auto h-col-md-auto h-col-auto style-14863-outer style-local-9197-c15-outer\">\n<div class=\"d-flex h-flex-basis h-column__inner h-px-lg-0 h-px-md-0 h-px-0 v-inner-lg-0 v-inner-md-0 v-inner-0 style-14863 style-local-9197-c15 position-relative\" data-colibri-id=\"9197-c15\">\n<div class=\"w-100 h-y-container h-column__content h-column__v-align flex-basis-100 align-self-lg-start align-self-md-start align-self-start\">\n<div class=\"h-text h-text-component style-14864 style-local-9197-c16 position-relative h-element\" data-colibri-id=\"9197-c16\">\n<div class=\"\">\n\nEnde:\n\n<\/div>\n<\/div>\n<\/div>\n<\/div>\n<\/div>\n<div class=\"h-column h-column-container d-flex h-col-lg-auto h-col-md-auto h-col-auto style-14865-outer style-local-9197-c17-outer\">\n<div class=\"d-flex h-flex-basis h-column__inner h-px-lg-0 h-px-md-0 h-px-0 v-inner-lg-0 v-inner-md-0 v-inner-0 style-14865 style-local-9197-c17 position-relative\" data-colibri-id=\"9197-c17\">\n<div class=\"w-100 h-y-container h-column__content h-column__v-align flex-basis-100 align-self-lg-start align-self-md-start align-self-start\">\n<div class=\"h-text h-text-component style-14866 style-local-9197-c18 position-relative h-element\" data-colibri-id=\"9197-c18\">\n<div class=\"\">\n\n31.01.2025\n\n<\/div>\n<\/div>\n<\/div>\n<\/div>\n<\/div>\n<\/div>\n<\/div>\n<div class=\"h-row-container gutters-row-lg-0 gutters-row-md-0 gutters-row-0 gutters-row-v-lg-0 gutters-row-v-md-0 gutters-row-v-0 style-14862 style-local-9197-c19 position-relative\" data-colibri-id=\"9197-c19\">\n<div class=\"h-row justify-content-lg-center justify-content-md-start justify-content-center align-items-lg-stretch align-items-md-stretch align-items-stretch gutters-col-lg-0 gutters-col-md-0 gutters-col-0 gutters-col-v-lg-0 gutters-col-v-md-0 gutters-col-v-0\">\n<div class=\"h-column h-column-container d-flex h-col-lg-auto h-col-md-auto h-col-auto style-14863-outer style-local-9197-c20-outer\">\n<div class=\"d-flex h-flex-basis h-column__inner h-px-lg-0 h-px-md-0 h-px-0 v-inner-lg-0 v-inner-md-0 v-inner-0 style-14863 style-local-9197-c20 position-relative\" data-colibri-id=\"9197-c20\">\n<div class=\"w-100 h-y-container h-column__content h-column__v-align flex-basis-100 align-self-lg-start align-self-md-start align-self-start\">\n<div class=\"h-text h-text-component style-14864 style-local-9197-c21 position-relative h-element\" data-colibri-id=\"9197-c21\">\n<div class=\"\">\n\nWebseite:\n\n<\/div>\n<\/div>\n<\/div>\n<\/div>\n<\/div>\n<div class=\"h-column h-column-container d-flex h-col-lg-auto h-col-md-auto h-col-auto style-14865-outer style-local-9197-c22-outer\">\n<div class=\"d-flex h-flex-basis h-column__inner h-px-lg-0 h-px-md-0 h-px-0 v-inner-lg-0 v-inner-md-0 v-inner-0 style-14865 style-local-9197-c22 position-relative\" data-colibri-id=\"9197-c22\">\n<div class=\"w-100 h-y-container h-column__content h-column__v-align flex-basis-100 align-self-lg-start align-self-md-start align-self-start\">\n<div class=\"h-x-container style-14867 style-local-9197-c23 position-relative h-element\" data-colibri-id=\"9197-c23\">\n<div class=\"h-x-container-inner style-dynamic-9197-c23-group style-14867-spacing style-local-9197-c23-spacing\"><span class=\"h-link__outer style-14868-outer style-local-9197-c24-outer d-inline-flex h-element\"><a class=\"d-flex w-100 align-items-center h-link style-14868 style-local-9197-c24 position-relative\" href=\"https:\/\/www.zdin.de\/zukunftslabore\/gesundheit\" target=\"_blank\" rel=\"noopener\" data-colibri-id=\"9197-c24\"> www.zdin.de\/zukunftslabore\/ gesundheit<\/a>\n<\/span><\/div>\n<\/div>\n<\/div>\n<\/div>\n<\/div>\n<\/div>\n<\/div>\n<\/div>\n<\/div>\n<\/div>\n<div class=\"h-column h-column-container d-flex h-col-lg-auto h-col-md-auto h-col-auto style-14869-outer style-local-9197-c25-outer\">\n<div class=\"d-flex h-flex-basis h-column__inner h-px-lg-0 h-px-md-0 h-px-0 v-inner-lg-0 v-inner-md-0 v-inner-0 style-14869 style-local-9197-c25 position-relative\" data-colibri-id=\"9197-c25\">\n<div class=\"w-100 h-y-container h-column__content h-column__v-align flex-basis-100 align-self-lg-start align-self-md-start align-self-start\">\n<div class=\"h-row-container gutters-row-lg-1 gutters-row-md-1 gutters-row-0 gutters-row-v-lg-1 gutters-row-v-md-1 gutters-row-v-1 style-14870 style-local-9197-c26 position-relative\" data-colibri-id=\"9197-c26\">\n<div class=\"h-row justify-content-lg-center justify-content-md-center justify-content-center align-items-lg-stretch align-items-md-stretch align-items-stretch gutters-col-lg-1 gutters-col-md-1 gutters-col-0 gutters-col-v-lg-1 gutters-col-v-md-1 gutters-col-v-1\">\n<div class=\"h-column h-column-container d-flex h-col-lg-12 h-col-md-12 h-col-12 style-14871-outer style-local-9197-c27-outer\">\n<div class=\"d-flex h-flex-basis h-column__inner h-px-lg-1 h-px-md-1 h-px-1 v-inner-lg-1 v-inner-md-1 v-inner-1 style-14871 style-local-9197-c27 position-relative\" data-colibri-id=\"9197-c27\">\n<div class=\"w-100 h-y-container h-column__content h-column__v-align flex-basis-100 align-self-lg-start align-self-md-start align-self-start\">\n<div class=\"h-global-transition-all h-heading style-14872 style-local-9197-c28 h-hide-sm position-relative h-element\" data-colibri-id=\"9197-c28\">\n<div class=\"h-heading__outer style-14872 style-local-9197-c28\">\n<h2 class=\"\">Zukunftslabor Gesundheit<\/h2>\n<\/div>\n<\/div>\n<div class=\"h-text h-text-component style-14873 style-local-9197-c29 h-hide-sm position-relative h-element\" data-colibri-id=\"9197-c29\">\n<div class=\"\">\n\nDigitale Technologien f\u00fcr Versorgung und Pflege\n\n<\/div>\n<\/div>\n<div class=\"style-14874 style-local-9197-c30 position-relative h-element\" data-colibri-id=\"9197-c30\"><\/div>\n<div class=\"h-text h-text-component style-14875 style-local-9197-c31 position-relative h-element\" data-colibri-id=\"9197-c31\">\n<div class=\"\">\n\nMedical research and health care are facing a fundamental revolution due to increasing digitalization. Fundamental advances in sensor technology and imaging &#8211; both in everyday clinical practice and in the private setting\n&#8211; are providing new types of health-related data. The Future Health Laboratory bundles the competencies of Lower Saxony in these areas and provides application-oriented answers to promote innovative solutions in order to\nestablish digital technologies for care and nursing.\n\n<\/div>\n<\/div>\n<div class=\"style-14876 style-local-9197-c32 position-relative h-element\" data-colibri-id=\"9197-c32\"><\/div>\n<div class=\"h-accordion style-14877 style-local-9197-c33 position-relative h-element\" data-toggle=\"true\" data-is-preview=\"true\" data-colibri-component=\"accordion\" data-colibri-id=\"9197-c33\">\n<div class=\"h-accordion-item h-accordion-item-first-child style-14878 style-local-9197-c34 position-relative h-element\" data-colibri-id=\"9197-c34\"><a class=\"h-accordion-item-title d-flex align-items-center h-global-transition\" href=\"#9197-c34\" data-open-by-default=\"false\">\nF\u00f6rderprogramm<\/a>\n<div class=\"h-accordion-item-title-normal-icon h-accordion-item-title-icon h-accordion-item-title-icon-right\"><span class=\"h-svg-icon\"><!--Icon by Icons8 Line Awesome (https:\/\/icons8.com\/line-awesome)--><\/span><\/div>\n<div class=\"h-accordion-item-title-active-icon h-accordion-item-title-icon h-accordion-item-title-icon-right\"><span class=\"h-svg-icon\"><!--Icon by Icons8 Line Awesome (https:\/\/icons8.com\/line-awesome)--><\/span><\/div>\n<div id=\"9197-c34\" class=\"h-accordion-item-content__container\">\n<div class=\"w-100 h-y-container h-accordion-item-content\">\n<div class=\"h-text h-text-component style-14879 style-local-9197-c35 position-relative h-element\" data-colibri-id=\"9197-c35\">\n<div class=\"\">\n\nVolkswagenStiftung, Ministerium f\u00fcr Wissenschaft und Kultur\n\n<\/div>\n<\/div>\n<\/div>\n<\/div>\n<\/div>\n<div class=\"h-accordion-item style-14880 style-local-9197-c36 position-relative h-element\" data-colibri-id=\"9197-c36\"><a class=\"h-accordion-item-title d-flex align-items-center h-global-transition\" href=\"#9197-c36\" data-open-by-default=\"false\">\nProjektpartner<\/a>\n<div class=\"h-accordion-item-title-normal-icon h-accordion-item-title-icon h-accordion-item-title-icon-right\"><span class=\"h-svg-icon\"><!--Icon by Icons8 Line Awesome (https:\/\/icons8.com\/line-awesome)--><\/span><\/div>\n<div class=\"h-accordion-item-title-active-icon h-accordion-item-title-icon h-accordion-item-title-icon-right\"><span class=\"h-svg-icon\"><!--Icon by Icons8 Line Awesome (https:\/\/icons8.com\/line-awesome)--><\/span><\/div>\n<div id=\"9197-c36\" class=\"h-accordion-item-content__container\">\n<div class=\"w-100 h-y-container h-accordion-item-content\">\n<div class=\"h-text h-text-component style-14881 style-local-9197-c37 position-relative h-element\" data-colibri-id=\"9197-c37\">\n<div class=\"\">\n<ul>\n \t<li>Zukunftslabor-Sprecher: Prof. Dr. Ramin Yahyapour<\/li>\n \t<li>Universit\u00e4tsmedizin G\u00f6ttingen &#8211; Institut f\u00fcr Medizinische Informatik<\/li>\n \t<li>Carl von Ossietzky Universit\u00e4t Oldenburg, Abteilung Assistenzsysteme und Medizintechnik<\/li>\n \t<li>HAWK Hochschule f\u00fcr angewandte Wissenschaft und Kunst Hildesheim\/Holzminden\/G\u00f6ttingen, Fakult\u00e4t Ingenieurwissenschaft und Gesundheit<\/li>\n \t<li>Hochschule Hannover, Abteilung Information und Kommunikation<\/li>\n \t<li>Hochschule Osnabr\u00fcck, Forschungsgruppe Informatik im Gesundheitswesen<\/li>\n \t<li>Jade Hochschule &#8211; Wilhelmshaven Oldenburg Elsfleth, Institut f\u00fcr Technische Assistenzsysteme<\/li>\n \t<li>Leibniz Universit\u00e4t Hannover, Forschungszentrum L3S \/ Institut f\u00fcr Informationsverarbeitung<\/li>\n \t<li>Medizinische Hochschule Hannover, Peter L. Reichertz Institut f\u00fcr Medizinische Informatik<\/li>\n \t<li>Technische Universit\u00e4t Braunschweig, Peter L. Reichertz Institut f\u00fcr Medizinische Informatik<\/li>\n<\/ul>\n<\/div>\n<\/div>\n<\/div>\n<\/div>\n<\/div>\n<\/div>\n<div class=\"style-14882 style-local-9197-c38 position-relative h-element\" data-colibri-id=\"9197-c38\"><\/div>\n<\/div>\n<\/div>\n<\/div>\n<\/div>\n<\/div>\n<\/div>\n<\/div>\n<\/div>\n<\/div>\n<\/div>\n<\/div>\n<\/div>\n<\/div>","protected":false},"excerpt":{"rendered":"<p>Future Lab &#8220;Health\u201c Digital technologies for care and nursing Start: 01.10.2019 End: 31.01.2025 Website: www.zdin.de\/zukunftslabore\/ gesundheit Future Lab &#8220;Health\u201c Digital technologies for care and nursing Medical research and health care are facing a fundamental revolution due to increasing digitalization. Fundamental advances in sensor technology and imaging &#8211; both in everyday clinical practice and in the [&hellip;]<\/p>","protected":false},"author":7,"featured_media":10102,"parent":10129,"menu_order":0,"comment_status":"closed","ping_status":"closed","template":"page-templates\/full-width-page.php","meta":{"_acf_changed":false,"footnotes":""},"categories":[75],"tags":[119],"class_list":["post-9197","page","type-page","status-publish","has-post-thumbnail","hentry","category-project-archive","tag-archive"],"acf":[],"aioseo_notices":[],"publishpress_future_action":{"enabled":false,"date":"2026-05-18 00:13:09","action":"category","newStatus":"draft","terms":[75],"taxonomy":"category","extraData":[]},"publishpress_future_workflow_manual_trigger":{"enabledWorkflows":[]},"_links":{"self":[{"href":"https:\/\/www.l3s.de\/de\/wp-json\/wp\/v2\/pages\/9197","targetHints":{"allow":["GET"]}}],"collection":[{"href":"https:\/\/www.l3s.de\/de\/wp-json\/wp\/v2\/pages"}],"about":[{"href":"https:\/\/www.l3s.de\/de\/wp-json\/wp\/v2\/types\/page"}],"author":[{"embeddable":true,"href":"https:\/\/www.l3s.de\/de\/wp-json\/wp\/v2\/users\/7"}],"replies":[{"embeddable":true,"href":"https:\/\/www.l3s.de\/de\/wp-json\/wp\/v2\/comments?post=9197"}],"version-history":[{"count":3,"href":"https:\/\/www.l3s.de\/de\/wp-json\/wp\/v2\/pages\/9197\/revisions"}],"predecessor-version":[{"id":39326,"href":"https:\/\/www.l3s.de\/de\/wp-json\/wp\/v2\/pages\/9197\/revisions\/39326"}],"up":[{"embeddable":true,"href":"https:\/\/www.l3s.de\/de\/wp-json\/wp\/v2\/pages\/10129"}],"wp:featuredmedia":[{"embeddable":true,"href":"https:\/\/www.l3s.de\/de\/wp-json\/wp\/v2\/media\/10102"}],"wp:attachment":[{"href":"https:\/\/www.l3s.de\/de\/wp-json\/wp\/v2\/media?parent=9197"}],"wp:term":[{"taxonomy":"category","embeddable":true,"href":"https:\/\/www.l3s.de\/de\/wp-json\/wp\/v2\/categories?post=9197"},{"taxonomy":"post_tag","embeddable":true,"href":"https:\/\/www.l3s.de\/de\/wp-json\/wp\/v2\/tags?post=9197"}],"curies":[{"name":"wp","href":"https:\/\/api.w.org\/{rel}","templated":true}]}}