{"id":8944,"date":"2022-10-04T10:28:04","date_gmt":"2022-10-04T08:28:04","guid":{"rendered":"https:\/\/www.l3s.de\/?page_id=8944"},"modified":"2025-02-04T14:56:46","modified_gmt":"2025-02-04T13:56:46","slug":"bacdata","status":"publish","type":"page","link":"https:\/\/www.l3s.de\/de\/research-at-l3s\/all-projects\/project-archive\/bacdata\/","title":{"rendered":"BacData"},"content":{"rendered":"<div class=\"style-9172 style-local-8944-c1 position-relative\" data-colibri-id=\"8944-c1\">\n<div id=\"reusable-sections-2\" class=\"h-section h-section-global-spacing d-flex align-items-lg-center align-items-md-center align-items-center style-14405 style-local-8944-c2 position-relative\" data-colibri-component=\"section\" data-colibri-id=\"8944-c2\">\n<div class=\"h-section-grid-container h-section-boxed-container\">\n<div class=\"h-row-container gutters-row-lg-0 gutters-row-md-0 gutters-row-0 gutters-row-v-lg-0 gutters-row-v-md-0 gutters-row-v-0 style-14406 style-local-8944-c3 position-relative\" data-colibri-id=\"8944-c3\">\n<div class=\"h-row justify-content-lg-center justify-content-md-center justify-content-center align-items-lg-stretch align-items-md-stretch align-items-stretch gutters-col-lg-0 gutters-col-md-0 gutters-col-0 gutters-col-v-lg-0 gutters-col-v-md-0 gutters-col-v-0\">\n<div class=\"h-column h-column-container d-flex h-col-lg-auto h-col-md-auto h-col-auto style-14407-outer style-local-8944-c4-outer\">\n<div class=\"d-flex h-flex-basis h-column__inner h-px-lg-2 h-px-md-2 h-px-2 v-inner-lg-2 v-inner-md-2 v-inner-2 style-14407 style-local-8944-c4 position-relative\" data-colibri-id=\"8944-c4\">\n<div class=\"w-100 h-y-container h-column__content h-column__v-align flex-basis-100 align-self-lg-start align-self-md-start align-self-start\">\n<div class=\"d-block style-14408 style-local-8944-c5 position-relative h-element\" data-colibri-id=\"8944-c5\">\n<div class=\"h-image__frame-container-outer\">\n<div class=\"h-image__frame-container\">\n\n<img decoding=\"async\" width=\"440\" height=\"329\" class=\"wp-image-18555 style-14408-image style-local-8944-c5-image lazyload\" data-src=\"https:\/\/www.l3s.de\/wp-content\/uploads\/2023\/03\/440px-Polymicrobic_biofilm_epifluorescence.jpeg\" alt=\"\" data-srcset=\"https:\/\/www.l3s.de\/wp-content\/uploads\/2023\/03\/440px-Polymicrobic_biofilm_epifluorescence.jpeg 440w, https:\/\/www.l3s.de\/wp-content\/uploads\/2023\/03\/440px-Polymicrobic_biofilm_epifluorescence-300x224.jpeg 300w, https:\/\/www.l3s.de\/wp-content\/uploads\/2023\/03\/440px-Polymicrobic_biofilm_epifluorescence-16x12.jpeg 16w\" data-sizes=\"(max-width: 440px) 100vw, 440px\" src=\"data:image\/svg+xml;base64,PHN2ZyB3aWR0aD0iMSIgaGVpZ2h0PSIxIiB4bWxucz0iaHR0cDovL3d3dy53My5vcmcvMjAwMC9zdmciPjwvc3ZnPg==\" style=\"--smush-placeholder-width: 440px; --smush-placeholder-aspect-ratio: 440\/329;\" \/>\n<div class=\"h-image__frame h-hide-lg h-hide-md h-hide-sm style-14408-frameImage style-local-8944-c5-frameImage\"><\/div>\n<\/div>\n<\/div>\n<\/div>\n<div class=\"h-global-transition-all h-heading style-18847 style-local-8944-c6 h-hide-lg h-hide-md position-relative h-element\" data-colibri-id=\"8944-c6\">\n<div class=\"h-heading__outer style-18847 style-local-8944-c6\">\n<h2 class=\"\">BacData<\/h2>\n<\/div>\n<\/div>\n<div class=\"h-text h-text-component style-18848 style-local-8944-c7 h-hide-lg h-hide-md position-relative h-element\" data-colibri-id=\"8944-c7\">\n<div class=\"\">\n\nAufbau eines Analyserahmens f\u00fcr die Pr\u00e4zisionsmikrobiologie zur Bek\u00e4mpfung von biofilmassoziierten Infektionen.\n\n<\/div>\n<\/div>\n<div class=\"style-14409 style-local-8944-c8 position-relative h-element\" data-colibri-id=\"8944-c8\"><\/div>\n<div class=\"h-row-container gutters-row-lg-0 gutters-row-md-0 gutters-row-0 gutters-row-v-lg-0 gutters-row-v-md-0 gutters-row-v-0 style-14410 style-local-8944-c9 position-relative\" data-colibri-id=\"8944-c9\">\n<div class=\"h-row justify-content-lg-center justify-content-md-center justify-content-center align-items-lg-stretch align-items-md-stretch align-items-stretch gutters-col-lg-0 gutters-col-md-0 gutters-col-0 gutters-col-v-lg-0 gutters-col-v-md-0 gutters-col-v-0\">\n<div class=\"h-column h-column-container d-flex h-col-lg-auto h-col-md-auto h-col-auto style-14411-outer style-local-8944-c10-outer\">\n<div class=\"d-flex h-flex-basis h-column__inner h-px-lg-0 h-px-md-0 h-px-0 v-inner-lg-0 v-inner-md-0 v-inner-0 style-14411 style-local-8944-c10 position-relative\" data-colibri-id=\"8944-c10\">\n<div class=\"w-100 h-y-container h-column__content h-column__v-align flex-basis-100 align-self-lg-start align-self-md-start align-self-start\">\n<div class=\"h-text h-text-component style-14412 style-local-8944-c11 position-relative h-element\" data-colibri-id=\"8944-c11\">\n<div class=\"\">\n\nStart:\n\n<\/div>\n<\/div>\n<\/div>\n<\/div>\n<\/div>\n<div class=\"h-column h-column-container d-flex h-col-lg-auto h-col-md-auto h-col-auto style-14413-outer style-local-8944-c12-outer\">\n<div class=\"d-flex h-flex-basis h-column__inner h-px-lg-0 h-px-md-0 h-px-0 v-inner-lg-0 v-inner-md-0 v-inner-0 style-14413 style-local-8944-c12 position-relative\" data-colibri-id=\"8944-c12\">\n<div class=\"w-100 h-y-container h-column__content h-column__v-align flex-basis-100 align-self-lg-start align-self-md-start align-self-start\">\n<div class=\"h-text h-text-component style-14414 style-local-8944-c13 position-relative h-element\" data-colibri-id=\"8944-c13\">\n<div class=\"\">\n\n01.01.2020\n\n<\/div>\n<\/div>\n<\/div>\n<\/div>\n<\/div>\n<\/div>\n<\/div>\n<div class=\"h-row-container gutters-row-lg-0 gutters-row-md-0 gutters-row-0 gutters-row-v-lg-0 gutters-row-v-md-0 gutters-row-v-0 style-14410 style-local-8944-c14 position-relative\" data-colibri-id=\"8944-c14\">\n<div class=\"h-row justify-content-lg-center justify-content-md-center justify-content-center align-items-lg-stretch align-items-md-stretch align-items-stretch gutters-col-lg-0 gutters-col-md-0 gutters-col-0 gutters-col-v-lg-0 gutters-col-v-md-0 gutters-col-v-0\">\n<div class=\"h-column h-column-container d-flex h-col-lg-auto h-col-md-auto h-col-auto style-14411-outer style-local-8944-c15-outer\">\n<div class=\"d-flex h-flex-basis h-column__inner h-px-lg-0 h-px-md-0 h-px-0 v-inner-lg-0 v-inner-md-0 v-inner-0 style-14411 style-local-8944-c15 position-relative\" data-colibri-id=\"8944-c15\">\n<div class=\"w-100 h-y-container h-column__content h-column__v-align flex-basis-100 align-self-lg-start align-self-md-start align-self-start\">\n<div class=\"h-text h-text-component style-14412 style-local-8944-c16 position-relative h-element\" data-colibri-id=\"8944-c16\">\n<div class=\"\">\n\nEnde:\n\n<\/div>\n<\/div>\n<\/div>\n<\/div>\n<\/div>\n<div class=\"h-column h-column-container d-flex h-col-lg-auto h-col-md-auto h-col-auto style-14413-outer style-local-8944-c17-outer\">\n<div class=\"d-flex h-flex-basis h-column__inner h-px-lg-0 h-px-md-0 h-px-0 v-inner-lg-0 v-inner-md-0 v-inner-0 style-14413 style-local-8944-c17 position-relative\" data-colibri-id=\"8944-c17\">\n<div class=\"w-100 h-y-container h-column__content h-column__v-align flex-basis-100 align-self-lg-start align-self-md-start align-self-start\">\n<div class=\"h-text h-text-component style-14414 style-local-8944-c18 position-relative h-element\" data-colibri-id=\"8944-c18\">\n<div class=\"\">\n\n30.06.2023\n\n<\/div>\n<\/div>\n<\/div>\n<\/div>\n<\/div>\n<\/div>\n<\/div>\n<div class=\"h-row-container gutters-row-lg-0 gutters-row-md-0 gutters-row-0 gutters-row-v-lg-0 gutters-row-v-md-0 gutters-row-v-0 style-14410 style-local-8944-c19 position-relative\" data-colibri-id=\"8944-c19\">\n<div class=\"h-row justify-content-lg-center justify-content-md-center justify-content-center align-items-lg-stretch align-items-md-stretch align-items-stretch gutters-col-lg-0 gutters-col-md-0 gutters-col-0 gutters-col-v-lg-0 gutters-col-v-md-0 gutters-col-v-0\">\n<div class=\"h-column h-column-container d-flex h-col-lg-auto h-col-md-auto h-col-auto style-14411-outer style-local-8944-c20-outer\">\n<div class=\"d-flex h-flex-basis h-column__inner h-px-lg-0 h-px-md-0 h-px-0 v-inner-lg-0 v-inner-md-0 v-inner-0 style-14411 style-local-8944-c20 position-relative\" data-colibri-id=\"8944-c20\">\n<div class=\"w-100 h-y-container h-column__content h-column__v-align flex-basis-100 align-self-lg-start align-self-md-start align-self-start\">\n<div class=\"h-text h-text-component style-14412 style-local-8944-c21 position-relative h-element\" data-colibri-id=\"8944-c21\">\n<div class=\"\">\n\nWebseite:\n\n<\/div>\n<\/div>\n<\/div>\n<\/div>\n<\/div>\n<div class=\"h-column h-column-container d-flex h-col-lg-auto h-col-md-auto h-col-auto style-14413-outer style-local-8944-c22-outer\">\n<div class=\"d-flex h-flex-basis h-column__inner h-px-lg-0 h-px-md-0 h-px-0 v-inner-lg-0 v-inner-md-0 v-inner-0 style-14413 style-local-8944-c22 position-relative\" data-colibri-id=\"8944-c22\">\n<div class=\"w-100 h-y-container h-column__content h-column__v-align flex-basis-100 align-self-lg-start align-self-md-start align-self-start\">\n<div class=\"h-x-container style-14415 style-local-8944-c23 position-relative h-element\" data-colibri-id=\"8944-c23\">\n<div class=\"h-x-container-inner style-dynamic-8944-c23-group style-14415-spacing style-local-8944-c23-spacing\"><span class=\"h-link__outer style-14416-outer style-local-8944-c24-outer d-inline-flex h-element\"><a class=\"d-flex w-100 align-items-center h-link style-14416 style-local-8944-c24 position-relative\" href=\"\/de\/\u2013\/\" target=\"_blank\" rel=\"noopener\" data-colibri-id=\"8944-c24\"> \u2013<\/a>\n<\/span><\/div>\n<\/div>\n<\/div>\n<\/div>\n<\/div>\n<\/div>\n<\/div>\n<\/div>\n<\/div>\n<\/div>\n<div class=\"h-column h-column-container d-flex h-col-lg-auto h-col-md-auto h-col-auto style-14417-outer style-local-8944-c25-outer\">\n<div class=\"d-flex h-flex-basis h-column__inner h-px-lg-0 h-px-md-0 h-px-0 v-inner-lg-0 v-inner-md-0 v-inner-0 style-14417 style-local-8944-c25 position-relative\" data-colibri-id=\"8944-c25\">\n<div class=\"w-100 h-y-container h-column__content h-column__v-align flex-basis-100 align-self-lg-start align-self-md-start align-self-start\">\n<div class=\"h-row-container gutters-row-lg-1 gutters-row-md-1 gutters-row-0 gutters-row-v-lg-1 gutters-row-v-md-1 gutters-row-v-1 style-14418 style-local-8944-c26 position-relative\" data-colibri-id=\"8944-c26\">\n<div class=\"h-row justify-content-lg-start justify-content-md-start justify-content-start align-items-lg-stretch align-items-md-stretch align-items-stretch gutters-col-lg-1 gutters-col-md-1 gutters-col-0 gutters-col-v-lg-1 gutters-col-v-md-1 gutters-col-v-1\">\n<div class=\"h-column h-column-container d-flex h-col-lg-auto h-col-md-auto h-col-auto style-14419-outer style-local-8944-c27-outer\">\n<div class=\"d-flex h-flex-basis h-column__inner h-px-lg-1 h-px-md-1 h-px-1 v-inner-lg-1 v-inner-md-1 v-inner-1 style-14419 style-local-8944-c27 position-relative\" data-colibri-id=\"8944-c27\">\n<div class=\"w-100 h-y-container h-column__content h-column__v-align flex-basis-100 align-self-lg-start align-self-md-start align-self-start\">\n<div class=\"h-global-transition-all h-heading style-14420 style-local-8944-c28 h-hide-sm position-relative h-element\" data-colibri-id=\"8944-c28\">\n<div class=\"h-heading__outer style-14420 style-local-8944-c28\">\n<h2 class=\"\">BacData<\/h2>\n<\/div>\n<\/div>\n<div class=\"h-text h-text-component style-14421 style-local-8944-c29 h-hide-sm position-relative h-element\" data-colibri-id=\"8944-c29\">\n<div class=\"\">\n\nAufbau eines Analyserahmens f\u00fcr die Pr\u00e4zisionsmikrobiologie zur Bek\u00e4mpfung von biofilmassoziierten Infektionen.\n\n<\/div>\n<\/div>\n<div class=\"style-14422 style-local-8944-c30 position-relative h-element\" data-colibri-id=\"8944-c30\"><\/div>\n<div class=\"h-text h-text-component style-14423 style-local-8944-c31 position-relative h-element\" data-colibri-id=\"8944-c31\">\n<div class=\"\">\n\nBiofilm-associated infections present a major diagnostic and therapeutic challenge in modern medicine. Morbidity and mortality due to chronic biofilm-associated infections have remained unchanged over the past few decades.\nIt is almost impossible to eradicate biofilm-associated infections because &#8211; even in the absence of genotypic resistance &#8211; bacteria within biofilms efficiently withstand antibiotic treatment and the host immune response.\nThe urgent medical need for new therapy options for biofilm-associated infections has spurred global biofilm research during the last years; however, we are only at the beginning of understanding the reasons for biofilm\nrecalcitrance. The advances of Next Generation Sequencing (NGS) have opened up new frontiers in genome research. Accelerated detection of an individual \u0301s molecular \/ genetic profile is being increasingly used to customize\nhealth management and treatment in approaches to personalized medicine. The basis for those approaches is a detailed understanding of the intricate link between genotypes and phenotypes, and how the environment influences\nthat link. Rapid developments in sequencing technologies have been followed by an expansion and adaptation of machine learning techniques for omics data. This project will be based on the advanced use of microbial genomics\nand omics technology to generate new insights into mechanisms of biofilm resistance of two clinically relevant chronic biofilm-associated infections: A) the Pseudomonas aeruginosa-infected cystic fibrosis lung, as a model\nfor life-threatening mono-species biofilm-infections, and B) the dental implant infection, as a representative for prevalent polymicrobial biofilm- associated infections. The central aims are to develop the relevant capabilities\nin data science research: (i) to develop innovative diagnostics and to strive for personalized therapeutic solutions in patients suffering from biofilm-associated infections, and (ii) to advance workflow and tool chain\nstandardization in order to support these research questions and similar ones in the future.\n\n<\/div>\n<\/div>\n<div class=\"style-14424 style-local-8944-c32 position-relative h-element\" data-colibri-id=\"8944-c32\"><\/div>\n<div class=\"h-accordion style-14425 style-local-8944-c33 position-relative h-element\" data-toggle=\"true\" data-is-preview=\"true\" data-colibri-component=\"accordion\" data-colibri-id=\"8944-c33\">\n<div class=\"h-accordion-item h-accordion-item-first-child style-14426 style-local-8944-c34 position-relative h-element\" data-colibri-id=\"8944-c34\">\n<a class=\"h-accordion-item-title d-flex align-items-center h-global-transition\" href=\"#8944-c34\" data-open-by-default=\"false\">\nF\u00f6rderprogramm<\/a>\n<div class=\"h-accordion-item-title-normal-icon h-accordion-item-title-icon h-accordion-item-title-icon-right\"><span class=\"h-svg-icon\"><!--Icon by Icons8 Line Awesome (https:\/\/icons8.com\/line-awesome)--><\/span><\/div>\n<div class=\"h-accordion-item-title-active-icon h-accordion-item-title-icon h-accordion-item-title-icon-right\"><span class=\"h-svg-icon\"><!--Icon by Icons8 Line Awesome (https:\/\/icons8.com\/line-awesome)--><\/span><\/div>\n<div id=\"8944-c34\" class=\"h-accordion-item-content__container\">\n<div class=\"w-100 h-y-container h-accordion-item-content\">\n<div class=\"h-text h-text-component style-14427 style-local-8944-c35 position-relative h-element\" data-colibri-id=\"8944-c35\">\n<div class=\"\">\n\n\u2013\n\n<\/div>\n<\/div>\n<\/div>\n<\/div>\n<\/div>\n<div class=\"h-accordion-item style-14428 style-local-8944-c36 position-relative h-element\" data-colibri-id=\"8944-c36\">\n<a class=\"h-accordion-item-title d-flex align-items-center h-global-transition\" href=\"#8944-c36\" data-open-by-default=\"false\">\nProjektpartner<\/a>\n<div class=\"h-accordion-item-title-normal-icon h-accordion-item-title-icon h-accordion-item-title-icon-right\"><span class=\"h-svg-icon\"><!--Icon by Icons8 Line Awesome (https:\/\/icons8.com\/line-awesome)--><\/span><\/div>\n<div class=\"h-accordion-item-title-active-icon h-accordion-item-title-icon h-accordion-item-title-icon-right\"><span class=\"h-svg-icon\"><!--Icon by Icons8 Line Awesome (https:\/\/icons8.com\/line-awesome)--><\/span><\/div>\n<div id=\"8944-c36\" class=\"h-accordion-item-content__container\">\n<div class=\"w-100 h-y-container h-accordion-item-content\">\n<div class=\"h-text h-text-component style-14429 style-local-8944-c37 position-relative h-element\" data-colibri-id=\"8944-c37\">\n<div class=\"\">\n\n\u2013\n\n<\/div>\n<\/div>\n<\/div>\n<\/div>\n<\/div>\n<\/div>\n<div class=\"style-18901 style-local-8944-c74 position-relative h-element\" data-colibri-id=\"8944-c74\"><\/div>\n<\/div>\n<\/div>\n<\/div>\n<div class=\"h-column h-column-container d-flex h-col-lg-auto h-col-md-auto h-col-auto style-18921-outer style-local-8944-c99-outer\">\n<div class=\"d-flex h-flex-basis h-column__inner h-px-lg-2 h-px-md-2 h-px-2 v-inner-lg-2 v-inner-md-2 v-inner-2 style-18921 style-local-8944-c99 position-relative\" data-colibri-id=\"8944-c99\">\n<div class=\"w-100 h-y-container h-column__content h-column__v-align flex-basis-100 align-self-lg-start align-self-md-start align-self-start\">\n<div class=\"h-global-transition-all h-heading style-18904 style-local-8944-c77 position-relative h-element\" data-colibri-id=\"8944-c77\">\n<div class=\"h-heading__outer style-18904 style-local-8944-c77\">\n<h1 class=\"\">Kontakt<\/h1>\n<\/div>\n<\/div>\n<\/div>\n<\/div>\n<\/div>\n<div class=\"h-column h-column-container d-flex h-col-lg-auto h-col-md-auto h-col-auto style-18920-outer style-local-8944-c98-outer\">\n<div class=\"d-flex h-flex-basis h-column__inner h-px-lg-2 h-px-md-2 h-px-2 v-inner-lg-2 v-inner-md-2 v-inner-2 style-18920 style-local-8944-c98 position-relative\" data-colibri-id=\"8944-c98\">\n<div class=\"w-100 h-y-container h-column__content h-column__v-align flex-basis-100 align-self-lg-center align-self-md-center align-self-center\">\n<div class=\"d-block style-18906 style-local-8944-c79 position-relative h-element\" data-colibri-id=\"8944-c79\">\n<div class=\"h-image__frame-container-outer\">\n<div class=\"h-image__frame-container\">\n\n<img decoding=\"async\" width=\"150\" height=\"150\" class=\"wp-image-3732 style-18906-image style-local-8944-c79-image lazyload\" data-src=\"https:\/\/www.l3s.de\/wp-content\/uploads\/2022\/08\/Zhang-Wei.jpg\" alt=\"\" data-srcset=\"https:\/\/www.l3s.de\/wp-content\/uploads\/2022\/08\/Zhang-Wei.jpg 150w, https:\/\/www.l3s.de\/wp-content\/uploads\/2022\/08\/Zhang-Wei-12x12.jpg 12w\" data-sizes=\"(max-width: 150px) 100vw, 150px\" src=\"data:image\/svg+xml;base64,PHN2ZyB3aWR0aD0iMSIgaGVpZ2h0PSIxIiB4bWxucz0iaHR0cDovL3d3dy53My5vcmcvMjAwMC9zdmciPjwvc3ZnPg==\" style=\"--smush-placeholder-width: 150px; --smush-placeholder-aspect-ratio: 150\/150;\" \/>\n<div class=\"h-image__frame h-hide-lg h-hide-md h-hide-sm style-18906-frameImage style-local-8944-c79-frameImage\"><\/div>\n<\/div>\n<\/div>\n<\/div>\n<div class=\"h-global-transition-all h-heading style-18907 style-local-8944-c80 position-relative h-element\" data-colibri-id=\"8944-c80\">\n<div class=\"h-heading__outer style-18907 style-local-8944-c80\">\n<h4 class=\"\">Wei Zhang<\/h4>\n<\/div>\n<\/div>\n<div class=\"h-x-container style-18911 style-local-8944-c84 position-relative h-element\" data-colibri-id=\"8944-c84\">\n<div class=\"h-x-container-inner style-dynamic-8944-c84-group style-18911-spacing style-local-8944-c84-spacing\"><span class=\"h-link__outer style-18912-outer style-local-8944-c85-outer d-inline-flex h-element\"><a class=\"d-flex w-100 align-items-center h-link style-18912 style-local-8944-c85 position-relative\" href=\"mailto:wezhang@l3s.de\" data-colibri-id=\"8944-c85\"><span class=\"h-svg-icon h-link__icon style-18912-icon style-local-8944-c85-icon\"><!--Icon by Simple Line Icons (https:\/\/github.com\/thesabbir\/simple-line-icons)--><\/span> wezhang@l3s.de<\/a>\n<\/span><\/div>\n<\/div>\n<div class=\"h-x-container style-18913 style-local-8944-c86 position-relative h-element\" data-colibri-id=\"8944-c86\">\n<div class=\"h-x-container-inner style-dynamic-8944-c86-group style-18913-spacing style-local-8944-c86-spacing\"><span class=\"h-link__outer style-18914-outer style-local-8944-c87-outer d-inline-flex h-element\"><a class=\"d-flex w-100 align-items-center h-link style-18914 style-local-8944-c87 position-relative\" href=\"tel:+49 511 762-16163\" data-colibri-id=\"8944-c87\"><span class=\"h-svg-icon h-link__icon style-18914-icon style-local-8944-c87-icon\"><!--Icon by Icons8 Line Awesome (https:\/\/icons8.com\/line-awesome)--><\/span> +49 511 762-16163<\/a>\n<\/span><\/div>\n<\/div>\n<\/div>\n<\/div>\n<\/div>\n<\/div>\n<\/div>\n<\/div>\n<\/div>\n<\/div>\n<\/div>\n<\/div>\n<\/div>\n<\/div>\n<\/div>","protected":false},"excerpt":{"rendered":"<p>BacData Building an analytics framework for precision microbiology to fight biofilm-associated infections. Start: 01.01.2020 End: 30.06.2023 Website: \u2013 BacData Building an analytics framework for precision microbiology to fight biofilm-associated infections. Biofilm-associated infections present a major diagnostic and therapeutic challenge in modern medicine. Morbidity and mortality due to chronic biofilm-associated infections have remained unchanged over the [&hellip;]<\/p>","protected":false},"author":7,"featured_media":8945,"parent":10129,"menu_order":0,"comment_status":"closed","ping_status":"closed","template":"page-templates\/full-width-page.php","meta":{"_acf_changed":false,"footnotes":""},"categories":[75],"tags":[119],"class_list":["post-8944","page","type-page","status-publish","has-post-thumbnail","hentry","category-project-archive","tag-archive"],"acf":[],"aioseo_notices":[],"publishpress_future_action":{"enabled":false,"date":"2026-05-15 16:40:02","action":"category","newStatus":"draft","terms":[75],"taxonomy":"category","extraData":[]},"publishpress_future_workflow_manual_trigger":{"enabledWorkflows":[]},"_links":{"self":[{"href":"https:\/\/www.l3s.de\/de\/wp-json\/wp\/v2\/pages\/8944","targetHints":{"allow":["GET"]}}],"collection":[{"href":"https:\/\/www.l3s.de\/de\/wp-json\/wp\/v2\/pages"}],"about":[{"href":"https:\/\/www.l3s.de\/de\/wp-json\/wp\/v2\/types\/page"}],"author":[{"embeddable":true,"href":"https:\/\/www.l3s.de\/de\/wp-json\/wp\/v2\/users\/7"}],"replies":[{"embeddable":true,"href":"https:\/\/www.l3s.de\/de\/wp-json\/wp\/v2\/comments?post=8944"}],"version-history":[{"count":1,"href":"https:\/\/www.l3s.de\/de\/wp-json\/wp\/v2\/pages\/8944\/revisions"}],"predecessor-version":[{"id":38543,"href":"https:\/\/www.l3s.de\/de\/wp-json\/wp\/v2\/pages\/8944\/revisions\/38543"}],"up":[{"embeddable":true,"href":"https:\/\/www.l3s.de\/de\/wp-json\/wp\/v2\/pages\/10129"}],"wp:featuredmedia":[{"embeddable":true,"href":"https:\/\/www.l3s.de\/de\/wp-json\/wp\/v2\/media\/8945"}],"wp:attachment":[{"href":"https:\/\/www.l3s.de\/de\/wp-json\/wp\/v2\/media?parent=8944"}],"wp:term":[{"taxonomy":"category","embeddable":true,"href":"https:\/\/www.l3s.de\/de\/wp-json\/wp\/v2\/categories?post=8944"},{"taxonomy":"post_tag","embeddable":true,"href":"https:\/\/www.l3s.de\/de\/wp-json\/wp\/v2\/tags?post=8944"}],"curies":[{"name":"wp","href":"https:\/\/api.w.org\/{rel}","templated":true}]}}