{"id":8015,"date":"2018-04-01T18:12:20","date_gmt":"2018-04-01T16:12:20","guid":{"rendered":"https:\/\/www.l3s.de\/?page_id=8015"},"modified":"2023-02-15T15:13:32","modified_gmt":"2023-02-15T14:13:32","slug":"easier-handling-of-diabetes","status":"publish","type":"page","link":"https:\/\/www.l3s.de\/de\/magazine\/binaire-articles\/easier-handling-of-diabetes\/","title":{"rendered":"Leichter leben bei Diabetes"},"content":{"rendered":"<div data-colibri-id=\"8015-c1\" class=\"style-8848 style-local-8015-c1 position-relative\">\n  <!---->\n  <div data-colibri-component=\"section\" data-colibri-id=\"8015-c2\" id=\"reusable-sections\" class=\"h-section h-section-global-spacing d-flex align-items-lg-center align-items-md-center align-items-center style-8849 style-local-8015-c2 position-relative\">\n    <!---->\n    <!---->\n    <div class=\"h-section-grid-container h-section-boxed-container\">\n      <!---->\n      <div data-colibri-id=\"8015-c3\" class=\"h-row-container gutters-row-lg-3 gutters-row-md-3 gutters-row-0 gutters-row-v-lg-3 gutters-row-v-md-3 gutters-row-v-3 style-8850 style-local-8015-c3 position-relative\">\n        <div class=\"background-wrapper\">\n          <div class=\"background-layer background-layer-media-container-lg\">\n            <div data-enabled=\"true\" data-colibri-component=\"parallax\" class=\"background-layer paraxify lazyload\" model-id=\"8015-c3\" media=\"desktop\" is-preview=\"true\" style=\"background-image:inherit;\" data-bg-image=\"url(&quot;https:\/\/www.l3s.de\/wp-content\/uploads\/2022\/09\/AdobeStock_54906622-scaled.jpg&quot;)\"><\/div>\n          <\/div>\n          <div class=\"background-layer background-layer-media-container-md\">\n            <div data-enabled=\"true\" data-colibri-component=\"parallax\" class=\"background-layer paraxify lazyload\" model-id=\"8015-c3\" media=\"tablet\" is-preview=\"true\" style=\"background-image:inherit;\" data-bg-image=\"url(&quot;https:\/\/www.l3s.de\/wp-content\/uploads\/2022\/09\/AdobeStock_54906622-scaled.jpg&quot;)\"><\/div>\n          <\/div>\n          <div class=\"background-layer background-layer-media-container\">\n            <div data-enabled=\"true\" data-colibri-component=\"parallax\" class=\"background-layer paraxify lazyload\" model-id=\"8015-c3\" media=\"mobile\" is-preview=\"true\" style=\"background-image:inherit;\" data-bg-image=\"url(&quot;https:\/\/www.l3s.de\/wp-content\/uploads\/2022\/09\/AdobeStock_54906622-scaled.jpg&quot;)\"><\/div>\n          <\/div>\n        <\/div>\n        <div class=\"h-row justify-content-lg-center justify-content-md-center justify-content-center align-items-lg-stretch align-items-md-stretch align-items-stretch gutters-col-lg-3 gutters-col-md-3 gutters-col-0 gutters-col-v-lg-3 gutters-col-v-md-3 gutters-col-v-3\">\n          <!---->\n          <div class=\"h-column h-column-container d-flex h-col-lg-auto h-col-md-auto h-col-auto style-8851-outer style-local-8015-c4-outer\">\n            <div data-colibri-id=\"8015-c4\" class=\"d-flex h-flex-basis h-column__inner h-ui-empty-state-container h-px-lg-3 h-px-md-3 h-px-3 v-inner-lg-3 v-inner-md-3 v-inner-3 style-8851 style-local-8015-c4 position-relative\">\n              <!---->\n              <!---->\n              <div class=\"w-100 h-y-container h-column__content h-column__v-align flex-basis-100\">\n                <!---->\n              <\/div>\n            <\/div>\n          <\/div>\n        <\/div>\n      <\/div>\n      <div data-colibri-id=\"8015-c5\" class=\"h-row-container gutters-row-lg-0 gutters-row-md-0 gutters-row-0 gutters-row-v-lg-0 gutters-row-v-md-0 gutters-row-v-0 style-11925 style-local-8015-c5 position-relative\">\n        <!---->\n        <div class=\"h-row justify-content-lg-center justify-content-md-center justify-content-center align-items-lg-stretch align-items-md-stretch align-items-stretch gutters-col-lg-0 gutters-col-md-0 gutters-col-0 gutters-col-v-lg-0 gutters-col-v-md-0 gutters-col-v-0\">\n          <!---->\n          <div class=\"h-column h-column-container d-flex h-col-lg-auto h-col-md-auto h-col-auto style-11926-outer style-local-8015-c6-outer\">\n            <div data-colibri-id=\"8015-c6\" class=\"d-flex h-flex-basis h-column__inner h-px-lg-0 h-px-md-0 h-px-0 v-inner-lg-0 v-inner-md-0 v-inner-0 style-11926 style-local-8015-c6 position-relative\">\n              <!---->\n              <!---->\n              <div class=\"w-100 h-y-container h-column__content h-column__v-align flex-basis-100 align-self-lg-start align-self-md-start align-self-start\">\n                <!---->\n                <div data-colibri-id=\"8015-c7\" class=\"h-text h-text-component style-11927 style-local-8015-c7 position-relative h-element\">\n                  <!---->\n                  <!---->\n                  <div class=\"\">\n                    <p><span style=\"font-weight: 300; font-size: 14px; font-family: &quot;Open Sans&quot;; color: rgb(0, 0, 0);\">Foto: \u00a9<\/span>Dmitry Lobanov &#8211; stock.adobe.com<\/p>\n                  <\/div>\n                <\/div>\n              <\/div>\n            <\/div>\n          <\/div>\n        <\/div>\n      <\/div>\n      <div data-colibri-id=\"8015-c8\" class=\"h-row-container gutters-row-lg-2 gutters-row-md-2 gutters-row-0 gutters-row-v-lg-2 gutters-row-v-md-2 gutters-row-v-2 style-8852 style-local-8015-c8 position-relative\">\n        <!---->\n        <div class=\"h-row justify-content-lg-center justify-content-md-center justify-content-center align-items-lg-stretch align-items-md-stretch align-items-stretch gutters-col-lg-2 gutters-col-md-2 gutters-col-0 gutters-col-v-lg-2 gutters-col-v-md-2 gutters-col-v-2\">\n          <!---->\n          <div class=\"h-column h-column-container d-flex h-col-lg h-col-md-auto h-col-auto style-8853-outer style-local-8015-c9-outer\">\n            <div data-colibri-id=\"8015-c9\" class=\"d-flex h-flex-basis h-column__inner h-px-lg-0 h-px-md-0 h-px-0 v-inner-lg-0 v-inner-md-0 v-inner-0 style-8853 style-local-8015-c9 position-relative\">\n              <!---->\n              <!---->\n              <div class=\"w-100 h-y-container h-column__content h-column__v-align flex-basis-100 align-self-lg-start align-self-md-start align-self-start\">\n                <!---->\n                <div data-colibri-id=\"8015-c10\" class=\"h-row-container gutters-row-lg-0 gutters-row-md-0 gutters-row-0 gutters-row-v-lg-0 gutters-row-v-md-0 gutters-row-v-0 style-8854 style-local-8015-c10 position-relative\">\n                  <!---->\n                  <div class=\"h-row justify-content-lg-center justify-content-md-center justify-content-center align-items-lg-stretch align-items-md-stretch align-items-stretch gutters-col-lg-0 gutters-col-md-0 gutters-col-0 gutters-col-v-lg-0 gutters-col-v-md-0 gutters-col-v-0\">\n                    <!---->\n                    <div class=\"h-column h-column-container d-flex h-col-lg-auto h-col-md-auto h-col-auto style-8855-outer style-local-8015-c11-outer\">\n                      <div data-colibri-id=\"8015-c11\" class=\"d-flex h-flex-basis h-column__inner h-px-lg-2 h-px-md-2 h-px-2 v-inner-lg-2 v-inner-md-2 v-inner-2 style-8855 style-local-8015-c11 position-relative\">\n                        <!---->\n                        <!---->\n                        <div class=\"w-100 h-y-container h-column__content h-column__v-align flex-basis-100 align-self-lg-start align-self-md-start align-self-start\">\n                          <!---->\n                          <div data-colibri-id=\"8015-c12\" class=\"h-text h-text-component style-8856 style-local-8015-c12 position-relative h-element\">\n                            <!---->\n                            <!---->\n                            <div class=\"\">\n                              <p>Ausgabe 01\/2018<\/p>\n                            <\/div>\n                          <\/div>\n                          <div data-colibri-id=\"8015-c13\" class=\"h-x-container style-8857 style-local-8015-c13 position-relative h-element\">\n                            <!---->\n                            <div class=\"h-x-container-inner style-dynamic-8015-c13-group style-8857-spacing style-local-8015-c13-spacing\"><span class=\"h-link__outer style-8858-outer style-local-8015-c14-outer d-inline-flex h-element\"><a h-use-smooth-scroll=\"true\" href=\"https:\/\/www.l3s.de\/wp-content\/uploads\/2022\/09\/L3S-Magazin-Binaire-web.pdf\" target=\"_blank\" data-colibri-id=\"8015-c14\" class=\"d-flex w-100 align-items-center h-link style-8858 style-local-8015-c14 position-relative\" rel=\"noopener\"><!----><!----> <span>Innovation durch Forschung<\/span><\/a>\n                              <\/span>\n                            <\/div>\n                          <\/div>\n                          <div data-colibri-id=\"8015-c15\" class=\"style-8859 style-local-8015-c15 position-relative h-element\">\n                            <!---->\n                          <\/div>\n                        <\/div>\n                      <\/div>\n                    <\/div>\n                    <div class=\"h-column h-column-container d-flex h-col-lg-auto h-col-md-auto h-col-auto style-8860-outer style-local-8015-c16-outer\">\n                      <div data-colibri-id=\"8015-c16\" class=\"d-flex h-flex-basis h-column__inner h-px-lg-2 h-px-md-2 h-px-2 v-inner-lg-2 v-inner-md-2 v-inner-2 style-8860 style-local-8015-c16 position-relative\">\n                        <!---->\n                        <!---->\n                        <div class=\"w-100 h-y-container h-column__content h-column__v-align flex-basis-100 align-self-lg-start align-self-md-start align-self-start\">\n                          <!---->\n                          <div data-colibri-id=\"8015-c17\" class=\"h-global-transition-all h-heading style-8861 style-local-8015-c17 position-relative h-element\">\n                            <!---->\n                            <div class=\"h-heading__outer style-8861 style-local-8015-c17\">\n                              <!---->\n                              <!---->\n                              <h6 class=\"\">Kontinuierliche Zusammenarbeit: L3S und Infineon Technologies<\/h6>\n                            <\/div>\n                          <\/div>\n                          <div data-colibri-id=\"8015-c18\" class=\"h-global-transition-all h-heading style-8862 style-local-8015-c18 position-relative h-element\">\n                            <!---->\n                            <div class=\"h-heading__outer style-8862 style-local-8015-c18\">\n                              <!---->\n                              <!---->\n                              <h1 class=\"\">Leichter leben bei Diabetes<\/h1>\n                            <\/div>\n                          <\/div>\n                          <div data-colibri-id=\"8015-c19\" class=\"style-8863 style-local-8015-c19 position-relative h-element\">\n                            <!---->\n                          <\/div>\n                          <div data-colibri-id=\"8015-c20\" class=\"h-row-container gutters-row-lg-0 gutters-row-md-0 gutters-row-0 gutters-row-v-lg-0 gutters-row-v-md-0 gutters-row-v-0 style-8864 style-local-8015-c20 position-relative\">\n                            <!---->\n                            <div class=\"h-row justify-content-lg-center justify-content-md-center justify-content-center align-items-lg-stretch align-items-md-stretch align-items-stretch gutters-col-lg-0 gutters-col-md-0 gutters-col-0 gutters-col-v-lg-0 gutters-col-v-md-0 gutters-col-v-0\">\n                              <!---->\n                              <div class=\"h-column h-column-container d-flex h-col-lg h-col-md h-col-auto style-8865-outer style-local-8015-c21-outer\">\n                                <div data-colibri-id=\"8015-c21\" class=\"d-flex h-flex-basis h-column__inner h-px-lg-0 h-px-md-0 h-px-0 v-inner-lg-0 v-inner-md-0 v-inner-0 style-8865 style-local-8015-c21 position-relative\">\n                                  <!---->\n                                  <!---->\n                                  <div class=\"w-100 h-y-container h-column__content h-column__v-align flex-basis-100 align-self-lg-start align-self-md-start align-self-start\">\n                                    <!---->\n                                    <div data-colibri-id=\"8015-c22\" class=\"h-text h-text-component style-8866 style-local-8015-c22 position-relative h-element\">\n                                      <!---->\n                                      <!---->\n                                      <div class=\"\">\n                                        <p>Diabetes Mellitus ist mit ca. 415 Millionen betroffenen Menschen, davon ca. 7 Millionen in Deutschland, die weltweit h\u00e4ufigste chronische Krankheit. F\u00fcr viele Patienten bedeutet Diabetes, t\u00e4glich Blutzuckerwerte zu messen,  die verzehrten Kohlenhydrate zu sch\u00e4tzen und Insulin zu spritzen. Hinzu kommt die regelm\u00e4\u00dfige und l\u00fcckenlose Dokumentation der Werte. Das am L3S mitentwickelte GlycoRec-System hilft Diabetespatienten im t\u00e4glichen Umgang mit ihrer Erkrankung.<\/p>\n                                        <p>Esysta, ein drahtloses Blutzuckermessger\u00e4t mit Insulin-Pen des Projektpartners Emperra, ersetzt bereits das handschriftlich gef\u00fchrte Diabetestagebuch. Es misst Blutzucker und Insulin automatisch und f\u00fchrt zu vollst\u00e4ndigeren Daten. Die GlycoRec-App erfasst zus\u00e4tzlich die k\u00f6rperliche Aktivit\u00e4t, bietet Funktionen zur Ern\u00e4hrungserfassung, prognostiziert die Entwicklung des Blutzuckers und gibt Ratschl\u00e4ge und Warnungen. Die Forscher am L3S haben ein Vorhersagemodell entwickelt, das auch bei punktueller Messung des Blutzuckers, zum Beispiel vor dem Essen, ausreichend pr\u00e4zise ist.<\/p>\n                                        <p>Eine wichtige Grundlage ist die zuverl\u00e4ssige Erfassung der Ern\u00e4hrung der Patienten. Um den Kohlenhydratgehalt eines Gerichts zu bestimmen, greifen die Forscher auf Rezepte aus dem Internet zur\u00fcck, beispielsweise auf kochbar.de. Viele der Rezepte enthalten Angaben zu N\u00e4hrwerten. Unsicherheiten der \u00fcberwiegend von Laien vergebenen N\u00e4hrwerte einzelner Rezepte k\u00f6nnen durch das Aggregieren vieler Eingaben weitgehend ausgeglichen werden \u2013 ein Prinzip, das im Crowdsourcing \u00fcblich ist. Um die Qualit\u00e4t der von Nutzern eingestellten Rezepte einzusch\u00e4tzen, haben die Wissenschaftler geeignete Indikatoren isoliert: so f\u00fchrte bereits die Bereinigung von Freundschaftseffekten zu einer deutlichen Verbesserung der Datenqualit\u00e4t im Hinblick auf die Zuverl\u00e4ssigkeit der Kohlenhydratangaben. Die aggregierten \u201eCrowd-Durchschnittsgerichte\u201c werden um Eintr\u00e4ge aus dem Bundeslebensmittelschl\u00fcssel (BLS) erg\u00e4nzt \u2012 einer Datenbank, die durchschnittliche N\u00e4hrstoffwerte von fast 15.000 Lebensmitteln enth\u00e4lt.<\/p>\n                                      <\/div>\n                                    <\/div>\n                                  <\/div>\n                                <\/div>\n                              <\/div>\n                            <\/div>\n                          <\/div>\n                        <\/div>\n                      <\/div>\n                    <\/div>\n                  <\/div>\n                <\/div>\n              <\/div>\n            <\/div>\n          <\/div>\n        <\/div>\n      <\/div>\n    <\/div>\n  <\/div>\n  <div data-colibri-component=\"section\" data-colibri-id=\"8015-c23\" id=\"reusable-sections-2\" class=\"h-section h-section-global-spacing d-flex align-items-lg-center align-items-md-center align-items-center style-8870 style-local-8015-c23 position-relative\">\n    <!---->\n    <!---->\n    <div class=\"h-section-grid-container h-section-boxed-container\">\n      <!---->\n      <div data-colibri-id=\"8015-c24\" class=\"h-row-container gutters-row-lg-0 gutters-row-md-0 gutters-row-0 gutters-row-v-lg-0 gutters-row-v-md-0 gutters-row-v-0 style-8871 style-local-8015-c24 position-relative\">\n        <!---->\n        <div class=\"h-row justify-content-lg-center justify-content-md-center justify-content-center align-items-lg-stretch align-items-md-stretch align-items-stretch gutters-col-lg-0 gutters-col-md-0 gutters-col-0 gutters-col-v-lg-0 gutters-col-v-md-0 gutters-col-v-0\">\n          <!---->\n          <div class=\"h-column h-column-container d-flex h-col-lg-auto h-col-md-auto h-col-auto style-8872-outer style-local-8015-c25-outer\">\n            <div data-colibri-id=\"8015-c25\" class=\"d-flex h-flex-basis h-column__inner h-px-lg-0 h-px-md-0 h-px-0 v-inner-lg-0 v-inner-md-0 v-inner-0 style-8872 style-local-8015-c25 position-relative\">\n              <!---->\n              <!---->\n              <div class=\"w-100 h-y-container h-column__content h-column__v-align flex-basis-100 align-self-lg-start align-self-md-start align-self-start\">\n                <!---->\n                <div data-colibri-id=\"8015-c26\" class=\"h-divider style-8873 style-local-8015-c26 position-relative h-element\">\n                  <!----><span class=\"h-divider__line style-8873-line style-local-8015-c26-line style-8873-line style-local-8015-c26-line\"><\/span><\/div>\n              <\/div>\n            <\/div>\n          <\/div>\n        <\/div>\n      <\/div>\n      <div data-colibri-id=\"8015-c27\" class=\"h-row-container gutters-row-lg-2 gutters-row-md-2 gutters-row-0 gutters-row-v-lg-2 gutters-row-v-md-2 gutters-row-v-2 style-8874 style-local-8015-c27 position-relative\">\n        <!---->\n        <div class=\"h-row justify-content-lg-center justify-content-md-center justify-content-center align-items-lg-stretch align-items-md-stretch align-items-stretch gutters-col-lg-2 gutters-col-md-2 gutters-col-0 gutters-col-v-lg-2 gutters-col-v-md-2 gutters-col-v-2\">\n          <!---->\n          <div class=\"h-column h-column-container d-flex h-col-lg-auto h-col-md-auto h-col-auto style-8879-outer style-local-8015-c28-outer\">\n            <div data-colibri-id=\"8015-c28\" class=\"d-flex h-flex-basis h-column__inner h-px-lg-2 h-px-md-2 h-px-2 v-inner-lg-2 v-inner-md-2 v-inner-2 style-8879 style-local-8015-c28 position-relative\">\n              <!---->\n              <!---->\n              <div class=\"w-100 h-y-container h-column__content h-column__v-align flex-basis-100 align-self-lg-start align-self-md-start align-self-start\">\n                <!---->\n                <div data-colibri-id=\"8015-c29\" class=\"h-global-transition-all h-heading style-8876 style-local-8015-c29 position-relative h-element\">\n                  <!---->\n                  <div class=\"h-heading__outer style-8876 style-local-8015-c29\">\n                    <!---->\n                    <!---->\n                    <h6 class=\"\">Kontakt<\/h6>\n                  <\/div>\n                <\/div>\n                <div data-colibri-id=\"8015-c30\" class=\"h-row-container gutters-row-lg-2 gutters-row-md-2 gutters-row-0 gutters-row-v-lg-2 gutters-row-v-md-2 gutters-row-v-2 style-8880 style-local-8015-c30 position-relative\">\n                  <!---->\n                  <div class=\"h-row justify-content-lg-center justify-content-md-center justify-content-center align-items-lg-stretch align-items-md-stretch align-items-stretch gutters-col-lg-2 gutters-col-md-2 gutters-col-0 gutters-col-v-lg-2 gutters-col-v-md-2 gutters-col-v-2\">\n                    <!---->\n                    <div class=\"h-column h-column-container d-flex h-col-lg-auto h-col-md-auto h-col-auto style-8881-outer style-local-8015-c31-outer\">\n                      <div data-colibri-id=\"8015-c31\" class=\"d-flex h-flex-basis h-column__inner h-px-lg-2 h-px-md-2 h-px-2 v-inner-lg-2 v-inner-md-2 v-inner-2 style-8881 style-local-8015-c31 position-relative\">\n                        <!---->\n                        <!---->\n                        <div class=\"w-100 h-y-container h-column__content h-column__v-align flex-basis-100 align-self-lg-start align-self-md-start align-self-start\">\n                          <!---->\n                          <div data-colibri-id=\"8015-c32\" class=\"d-block style-8882 style-local-8015-c32 position-relative h-element\">\n                            <!---->\n                            <div class=\"h-image__frame-container-outer\">\n                              <div class=\"h-image__frame-container\">\n                                <!---->\n                                <!---->\n                                <img decoding=\"async\" width=\"150\" height=\"150\" data-src=\"https:\/\/www.l3s.de\/wp-content\/uploads\/2022\/08\/Rokicki-Markus.jpg\" class=\"wp-image-3302 style-8882-image style-local-8015-c32-image lazyload\" alt=\"\" data-srcset=\"https:\/\/www.l3s.de\/wp-content\/uploads\/2022\/08\/Rokicki-Markus.jpg 150w, https:\/\/www.l3s.de\/wp-content\/uploads\/2022\/08\/Rokicki-Markus-12x12.jpg 12w\" data-sizes=\"(max-width: 150px) 100vw, 150px\" src=\"data:image\/svg+xml;base64,PHN2ZyB3aWR0aD0iMSIgaGVpZ2h0PSIxIiB4bWxucz0iaHR0cDovL3d3dy53My5vcmcvMjAwMC9zdmciPjwvc3ZnPg==\" style=\"--smush-placeholder-width: 150px; --smush-placeholder-aspect-ratio: 150\/150;\" \/>\n                                <div class=\"h-image__frame h-hide-lg h-hide-md h-hide-sm style-8882-frameImage style-local-8015-c32-frameImage\"><\/div>\n                              <\/div>\n                            <\/div>\n                          <\/div>\n                          <div data-colibri-id=\"8015-c33\" class=\"h-row-container gutters-row-lg-0 gutters-row-md-0 gutters-row-0 gutters-row-v-lg-0 gutters-row-v-md-0 gutters-row-v-0 style-8883 style-local-8015-c33 position-relative\">\n                            <!---->\n                            <div class=\"h-row justify-content-lg-center justify-content-md-center justify-content-center align-items-lg-stretch align-items-md-stretch align-items-stretch gutters-col-lg-0 gutters-col-md-0 gutters-col-0 gutters-col-v-lg-0 gutters-col-v-md-0 gutters-col-v-0\">\n                              <!---->\n                              <div class=\"h-column h-column-container d-flex h-col-lg h-col-md h-col-auto style-8884-outer style-local-8015-c34-outer\">\n                                <div data-colibri-id=\"8015-c34\" class=\"d-flex h-flex-basis h-column__inner h-px-lg-0 h-px-md-0 h-px-0 v-inner-lg-0 v-inner-md-0 v-inner-0 style-8884 style-local-8015-c34 position-relative\">\n                                  <!---->\n                                  <!---->\n                                  <div class=\"w-100 h-y-container h-column__content h-column__v-align flex-basis-100 align-self-lg-start align-self-md-start align-self-start\">\n                                    <!---->\n                                    <div data-colibri-id=\"8015-c35\" class=\"h-global-transition-all h-heading style-8885 style-local-8015-c35 position-relative h-element\">\n                                      <!---->\n                                      <div class=\"h-heading__outer style-8885 style-local-8015-c35\">\n                                        <!---->\n                                        <!---->\n                                        <h4 class=\"\">Markus Rokicki<\/h4>\n                                      <\/div>\n                                    <\/div>\n                                    <div data-colibri-id=\"8015-c36\" class=\"h-x-container style-8886 style-local-8015-c36 position-relative h-element\">\n                                      <!---->\n                                      <div class=\"h-x-container-inner style-dynamic-8015-c36-group style-8886-spacing style-local-8015-c36-spacing\"><span class=\"h-link__outer style-8887-outer style-local-8015-c37-outer d-inline-flex h-element\"><a h-use-smooth-scroll=\"true\" href=\"mailto:rokicki@l3s.de\"  data-colibri-id=\"8015-c37\" class=\"d-flex w-100 align-items-center h-link style-8887 style-local-8015-c37 position-relative\"><!----><!----> <span>rokicki@l3s.de<\/span><\/a>\n                                        <\/span>\n                                      <\/div>\n                                    <\/div>\n                                  <\/div>\n                                <\/div>\n                              <\/div>\n                            <\/div>\n                          <\/div>\n                          <div data-colibri-id=\"8015-c38\" class=\"h-text h-text-component style-8888 style-local-8015-c38 position-relative h-element\">\n                            <!---->\n                            <!---->\n                            <div class=\"\">\n                              <p>Markus Rokicki ist wissenschaftlicher Mitarbeiter am L3S. Seine Forschungsinteressen liegen im Bereich Human Computation, spielbasierte Crowdsourcing-Motivationsmechanismen sowie der Analyse von Benutzerverhalten in Online-Food-Sharing-Communities.<\/p>\n                            <\/div>\n                          <\/div>\n                        <\/div>\n                      <\/div>\n                    <\/div>\n                  <\/div>\n                <\/div>\n              <\/div>\n            <\/div>\n          <\/div>\n        <\/div>\n      <\/div>\n    <\/div>\n  <\/div>\n<\/div>","protected":false},"excerpt":{"rendered":"<p>Foto: \u00a9Dmitry Lobanov &#8211; stock.adobe.com Issue: 01\/2018 Innovation durch Forschung Continuous cooperation: L3S and Infineon Technologies Easier handling of diabetes Diabetes Mellitus is the world&#8217;s most common chronic disease, affecting approximately 415 million people, including approximately 7 million in Germany. For many patients, diabetes means taking daily blood glucose readings, estimating the carbohydrates they consume [&hellip;]<\/p>","protected":false},"author":7,"featured_media":8016,"parent":2750,"menu_order":0,"comment_status":"closed","ping_status":"closed","template":"page-templates\/full-width-page.php","meta":{"_acf_changed":false,"footnotes":""},"categories":[],"tags":[28,89],"class_list":["post-8015","page","type-page","status-publish","has-post-thumbnail","hentry","tag-binaire","tag-binaire-2018-01"],"acf":[],"aioseo_notices":[],"publishpress_future_action":{"enabled":false,"date":"2026-05-07 13:59:03","action":"category","newStatus":"draft","terms":[75],"taxonomy":"category","extraData":[]},"publishpress_future_workflow_manual_trigger":{"enabledWorkflows":[]},"_links":{"self":[{"href":"https:\/\/www.l3s.de\/de\/wp-json\/wp\/v2\/pages\/8015","targetHints":{"allow":["GET"]}}],"collection":[{"href":"https:\/\/www.l3s.de\/de\/wp-json\/wp\/v2\/pages"}],"about":[{"href":"https:\/\/www.l3s.de\/de\/wp-json\/wp\/v2\/types\/page"}],"author":[{"embeddable":true,"href":"https:\/\/www.l3s.de\/de\/wp-json\/wp\/v2\/users\/7"}],"replies":[{"embeddable":true,"href":"https:\/\/www.l3s.de\/de\/wp-json\/wp\/v2\/comments?post=8015"}],"version-history":[{"count":0,"href":"https:\/\/www.l3s.de\/de\/wp-json\/wp\/v2\/pages\/8015\/revisions"}],"up":[{"embeddable":true,"href":"https:\/\/www.l3s.de\/de\/wp-json\/wp\/v2\/pages\/2750"}],"wp:featuredmedia":[{"embeddable":true,"href":"https:\/\/www.l3s.de\/de\/wp-json\/wp\/v2\/media\/8016"}],"wp:attachment":[{"href":"https:\/\/www.l3s.de\/de\/wp-json\/wp\/v2\/media?parent=8015"}],"wp:term":[{"taxonomy":"category","embeddable":true,"href":"https:\/\/www.l3s.de\/de\/wp-json\/wp\/v2\/categories?post=8015"},{"taxonomy":"post_tag","embeddable":true,"href":"https:\/\/www.l3s.de\/de\/wp-json\/wp\/v2\/tags?post=8015"}],"curies":[{"name":"wp","href":"https:\/\/api.w.org\/{rel}","templated":true}]}}