{"id":8004,"date":"2018-06-01T18:07:30","date_gmt":"2018-06-01T16:07:30","guid":{"rendered":"https:\/\/www.l3s.de\/?page_id=8004"},"modified":"2022-12-06T12:49:48","modified_gmt":"2022-12-06T11:49:48","slug":"interpreting-search-engine-rankings","status":"publish","type":"page","link":"https:\/\/www.l3s.de\/de\/magazine\/binaire-articles\/interpreting-search-engine-rankings\/","title":{"rendered":"Wie kommen Suchmaschinenrankings zustande?"},"content":{"rendered":"<div data-colibri-id=\"8004-c1\" class=\"style-8807 style-local-8004-c1 position-relative\">\n  <!---->\n  <div data-colibri-component=\"section\" data-colibri-id=\"8004-c2\" id=\"reusable-sections\" class=\"h-section h-section-global-spacing d-flex align-items-lg-center align-items-md-center align-items-center style-8808 style-local-8004-c2 position-relative\">\n    <!---->\n    <!---->\n    <div class=\"h-section-grid-container h-section-boxed-container\">\n      <!---->\n      <div data-colibri-id=\"8004-c3\" class=\"h-row-container gutters-row-lg-3 gutters-row-md-3 gutters-row-0 gutters-row-v-lg-3 gutters-row-v-md-3 gutters-row-v-3 style-8809 style-local-8004-c3 position-relative\">\n        <div class=\"background-wrapper\">\n          <div class=\"background-layer background-layer-media-container-lg\">\n            <div data-enabled=\"true\" data-colibri-component=\"parallax\" class=\"background-layer paraxify lazyload\" model-id=\"8004-c3\" media=\"desktop\" is-preview=\"true\" style=\"background-image:inherit;\" data-bg-image=\"url(&quot;https:\/\/www.l3s.de\/wp-content\/uploads\/2022\/09\/Blocksy-import-export-options.jpg.webp&quot;)\"><\/div>\n          <\/div>\n          <div class=\"background-layer background-layer-media-container-md\">\n            <div data-enabled=\"true\" data-colibri-component=\"parallax\" class=\"background-layer paraxify lazyload\" model-id=\"8004-c3\" media=\"tablet\" is-preview=\"true\" style=\"background-image:inherit;\" data-bg-image=\"url(&quot;https:\/\/www.l3s.de\/wp-content\/uploads\/2022\/09\/Blocksy-import-export-options.jpg.webp&quot;)\"><\/div>\n          <\/div>\n          <div class=\"background-layer background-layer-media-container\">\n            <div data-enabled=\"true\" data-colibri-component=\"parallax\" class=\"background-layer paraxify lazyload\" model-id=\"8004-c3\" media=\"mobile\" is-preview=\"true\" style=\"background-image:inherit;\" data-bg-image=\"url(&quot;https:\/\/www.l3s.de\/wp-content\/uploads\/2022\/09\/Blocksy-import-export-options.jpg.webp&quot;)\"><\/div>\n          <\/div>\n        <\/div>\n        <div class=\"h-row justify-content-lg-center justify-content-md-center justify-content-center align-items-lg-stretch align-items-md-stretch align-items-stretch gutters-col-lg-3 gutters-col-md-3 gutters-col-0 gutters-col-v-lg-3 gutters-col-v-md-3 gutters-col-v-3\">\n          <!---->\n          <div class=\"h-column h-column-container d-flex h-col-lg-auto h-col-md-auto h-col-auto style-8810-outer style-local-8004-c4-outer\">\n            <div data-colibri-id=\"8004-c4\" class=\"d-flex h-flex-basis h-column__inner h-ui-empty-state-container h-px-lg-3 h-px-md-3 h-px-3 v-inner-lg-3 v-inner-md-3 v-inner-3 style-8810 style-local-8004-c4 position-relative\">\n              <!---->\n              <!---->\n              <div class=\"w-100 h-y-container h-column__content h-column__v-align flex-basis-100\">\n                <!---->\n              <\/div>\n            <\/div>\n          <\/div>\n        <\/div>\n      <\/div>\n      <div data-colibri-id=\"8004-c5\" class=\"h-row-container gutters-row-lg-2 gutters-row-md-2 gutters-row-0 gutters-row-v-lg-2 gutters-row-v-md-2 gutters-row-v-2 style-8811 style-local-8004-c5 position-relative\">\n        <!---->\n        <div class=\"h-row justify-content-lg-center justify-content-md-center justify-content-center align-items-lg-stretch align-items-md-stretch align-items-stretch gutters-col-lg-2 gutters-col-md-2 gutters-col-0 gutters-col-v-lg-2 gutters-col-v-md-2 gutters-col-v-2\">\n          <!---->\n          <div class=\"h-column h-column-container d-flex h-col-lg h-col-md-auto h-col-auto style-8812-outer style-local-8004-c6-outer\">\n            <div data-colibri-id=\"8004-c6\" class=\"d-flex h-flex-basis h-column__inner h-px-lg-0 h-px-md-0 h-px-0 v-inner-lg-0 v-inner-md-0 v-inner-0 style-8812 style-local-8004-c6 position-relative\">\n              <!---->\n              <!---->\n              <div class=\"w-100 h-y-container h-column__content h-column__v-align flex-basis-100 align-self-lg-start align-self-md-start align-self-start\">\n                <!---->\n                <div data-colibri-id=\"8004-c7\" class=\"h-row-container gutters-row-lg-0 gutters-row-md-0 gutters-row-0 gutters-row-v-lg-0 gutters-row-v-md-0 gutters-row-v-0 style-8813 style-local-8004-c7 position-relative\">\n                  <!---->\n                  <div class=\"h-row justify-content-lg-center justify-content-md-center justify-content-center align-items-lg-stretch align-items-md-stretch align-items-stretch gutters-col-lg-0 gutters-col-md-0 gutters-col-0 gutters-col-v-lg-0 gutters-col-v-md-0 gutters-col-v-0\">\n                    <!---->\n                    <div class=\"h-column h-column-container d-flex h-col-lg-auto h-col-md-auto h-col-auto style-8814-outer style-local-8004-c8-outer\">\n                      <div data-colibri-id=\"8004-c8\" class=\"d-flex h-flex-basis h-column__inner h-px-lg-2 h-px-md-2 h-px-2 v-inner-lg-2 v-inner-md-2 v-inner-2 style-8814 style-local-8004-c8 position-relative\">\n                        <!---->\n                        <!---->\n                        <div class=\"w-100 h-y-container h-column__content h-column__v-align flex-basis-100 align-self-lg-start align-self-md-start align-self-start\">\n                          <!---->\n                          <div data-colibri-id=\"8004-c9\" class=\"h-text h-text-component style-8815 style-local-8004-c9 position-relative h-element\">\n                            <!---->\n                            <!---->\n                            <div class=\"\">\n                              <p>Ausgabe: 02\/2018<\/p>\n                            <\/div>\n                          <\/div>\n                          <div data-colibri-id=\"8004-c10\" class=\"h-x-container style-8816 style-local-8004-c10 position-relative h-element\">\n                            <!---->\n                            <div class=\"h-x-container-inner style-dynamic-8004-c10-group style-8816-spacing style-local-8004-c10-spacing\"><span class=\"h-link__outer style-8817-outer style-local-8004-c11-outer d-inline-flex h-element\"><a h-use-smooth-scroll=\"true\" href=\"https:\/\/www.l3s.de\/wp-content\/uploads\/2022\/09\/L3S-Binaire-2-web.pdf\" target=\"_blank\" data-colibri-id=\"8004-c11\" class=\"d-flex w-100 align-items-center h-link style-8817 style-local-8004-c11 position-relative\" rel=\"noopener\"><!----><!----> <span>Maschinelles Lernen<\/span><\/a>\n                              <\/span>\n                            <\/div>\n                          <\/div>\n                          <div data-colibri-id=\"8004-c12\" class=\"style-8818 style-local-8004-c12 position-relative h-element\">\n                            <!---->\n                          <\/div>\n                        <\/div>\n                      <\/div>\n                    <\/div>\n                    <div class=\"h-column h-column-container d-flex h-col-lg-auto h-col-md-auto h-col-auto style-8819-outer style-local-8004-c13-outer\">\n                      <div data-colibri-id=\"8004-c13\" class=\"d-flex h-flex-basis h-column__inner h-px-lg-2 h-px-md-2 h-px-2 v-inner-lg-2 v-inner-md-2 v-inner-2 style-8819 style-local-8004-c13 position-relative\">\n                        <!---->\n                        <!---->\n                        <div class=\"w-100 h-y-container h-column__content h-column__v-align flex-basis-100 align-self-lg-start align-self-md-start align-self-start\">\n                          <!---->\n                          <div data-colibri-id=\"8004-c14\" class=\"h-global-transition-all h-heading style-8821 style-local-8004-c14 position-relative h-element\">\n                            <!---->\n                            <div class=\"h-heading__outer style-8821 style-local-8004-c14\">\n                              <!---->\n                              <!---->\n                              <h1 class=\"\">Wie kommen Suchmaschinenrankings zustande?<\/h1>\n                            <\/div>\n                          <\/div>\n                          <div data-colibri-id=\"8004-c15\" class=\"style-8822 style-local-8004-c15 position-relative h-element\">\n                            <!---->\n                          <\/div>\n                          <div data-colibri-id=\"8004-c16\" class=\"h-row-container gutters-row-lg-0 gutters-row-md-0 gutters-row-0 gutters-row-v-lg-0 gutters-row-v-md-0 gutters-row-v-0 style-8823 style-local-8004-c16 position-relative\">\n                            <!---->\n                            <div class=\"h-row justify-content-lg-center justify-content-md-center justify-content-center align-items-lg-stretch align-items-md-stretch align-items-stretch gutters-col-lg-0 gutters-col-md-0 gutters-col-0 gutters-col-v-lg-0 gutters-col-v-md-0 gutters-col-v-0\">\n                              <!---->\n                              <div class=\"h-column h-column-container d-flex h-col-lg h-col-md h-col-auto style-8824-outer style-local-8004-c17-outer\">\n                                <div data-colibri-id=\"8004-c17\" class=\"d-flex h-flex-basis h-column__inner h-px-lg-0 h-px-md-0 h-px-0 v-inner-lg-0 v-inner-md-0 v-inner-0 style-8824 style-local-8004-c17 position-relative\">\n                                  <!---->\n                                  <!---->\n                                  <div class=\"w-100 h-y-container h-column__content h-column__v-align flex-basis-100 align-self-lg-start align-self-md-start align-self-start\">\n                                    <!---->\n                                    <div data-colibri-id=\"8004-c18\" class=\"h-text h-text-component style-8825 style-local-8004-c18 position-relative h-element\">\n                                      <!---->\n                                      <!---->\n                                      <div class=\"\">\n                                        <p>Entscheidungen werden immer h\u00e4ufiger von Algorithmen getroffen, zum Beispiel in der Medizin, der Automobilindustrie oder im Handel. Das zeigt, wie sehr sich die Leistungsf\u00e4higkeit komplexer Modelle des maschinellen Lernens mittlerweile verbessert hat. Auch die meisten modernen Suchmaschinen sind auf maschinelles Lernen angewiesen, damit jeder Nutzer wirklich die Informationen erh\u00e4lt, nach denen er sucht. Maschinelles Lernen erm\u00f6glicht es, die Suchergebnisse je nach  Nutzerinteresse in eine individuelle Rangfolge zu bringen. Dabei werden verschiedene Faktoren ber\u00fccksichtigt: zum Beispiel eine Vielzahl von Signalen, die auf Informationen in den Dokumenten basieren, die Relevanz der Dokumente und das Nutzerverhalten. \nDas ist sehr komplex und nicht mehr nachvollziehbar, Modelle der Entscheidungsfindung sind dann eine Art Black Box. Der Nutzer versteht auch nicht ansatzweise, wie das Ergebnis zustande kommt. Wenn also ein Algorithmus Informationen gewichtet, um Vorhersagen, Klassifizierungen und Ranglisten zu erstellen, dann kommt der Transparenz eine besondere Bedeutung zu, um m\u00f6gliche Diskriminierungen im Auge zu haben und das Vertrauen in das System durch Interpretierbarkeit zu st\u00e4rken. Interpretierbarkeit hei\u00dft hier, das Ergebnis f\u00fcr jeden verst\u00e4ndlich erkl\u00e4ren zu k\u00f6nnen.&nbsp;<\/p>\n                                        <p>Aber wie kann Transparenz und Erkl\u00e4rbarkeit hergestellt werden? In letzter Zeit wird immer intensiver daran geforscht, wie ein maschinelles Lernsystem die Erkl\u00e4rungen gleich mitliefern kann, zum Beispiel bei der Klassifizierung von Bildern und Texten, bei maschinellen \u00dcbersetzungen sowie bei Empfehlungssystemen. Bislang fehlen Untersuchungen im Bereich der Web-Suche, also bei der Suche nach komplexen Inhalten.  Die f\u00fcr den maschinellen Lernprozess erforderlichen gro\u00dfen Datenmengen und komplexen Modelle erschweren die Erkl\u00e4rbarkeit der Ergebnisse. Am L3S arbeitet Prof. Dr. Avishek Anand mit seinem Team daran, die Fundamente f\u00fcr die Interpretierbarkeit der Web-Suche zu legen, und hat daf\u00fcr einen Amazon Research Award erhalten.<\/p>\n                                      <\/div>\n                                    <\/div>\n                                  <\/div>\n                                <\/div>\n                              <\/div>\n                            <\/div>\n                          <\/div>\n                        <\/div>\n                      <\/div>\n                    <\/div>\n                  <\/div>\n                <\/div>\n              <\/div>\n            <\/div>\n          <\/div>\n        <\/div>\n      <\/div>\n    <\/div>\n  <\/div>\n  <div data-colibri-component=\"section\" data-colibri-id=\"8004-c19\" id=\"reusable-sections-2\" class=\"h-section h-section-global-spacing d-flex align-items-lg-center align-items-md-center align-items-center style-8829 style-local-8004-c19 position-relative\">\n    <!---->\n    <!---->\n    <div class=\"h-section-grid-container h-section-boxed-container\">\n      <!---->\n      <div data-colibri-id=\"8004-c20\" class=\"h-row-container gutters-row-lg-0 gutters-row-md-0 gutters-row-0 gutters-row-v-lg-0 gutters-row-v-md-0 gutters-row-v-0 style-8830 style-local-8004-c20 position-relative\">\n        <!---->\n        <div class=\"h-row justify-content-lg-center justify-content-md-center justify-content-center align-items-lg-stretch align-items-md-stretch align-items-stretch gutters-col-lg-0 gutters-col-md-0 gutters-col-0 gutters-col-v-lg-0 gutters-col-v-md-0 gutters-col-v-0\">\n          <!---->\n          <div class=\"h-column h-column-container d-flex h-col-lg-auto h-col-md-auto h-col-auto style-8831-outer style-local-8004-c21-outer\">\n            <div data-colibri-id=\"8004-c21\" class=\"d-flex h-flex-basis h-column__inner h-px-lg-0 h-px-md-0 h-px-0 v-inner-lg-0 v-inner-md-0 v-inner-0 style-8831 style-local-8004-c21 position-relative\">\n              <!---->\n              <!---->\n              <div class=\"w-100 h-y-container h-column__content h-column__v-align flex-basis-100 align-self-lg-start align-self-md-start align-self-start\">\n                <!---->\n                <div data-colibri-id=\"8004-c22\" class=\"h-divider style-8832 style-local-8004-c22 position-relative h-element\">\n                  <!----><span class=\"h-divider__line style-8832-line style-local-8004-c22-line style-8832-line style-local-8004-c22-line\"><\/span><\/div>\n              <\/div>\n            <\/div>\n          <\/div>\n        <\/div>\n      <\/div>\n      <div data-colibri-id=\"8004-c23\" class=\"h-row-container gutters-row-lg-2 gutters-row-md-2 gutters-row-0 gutters-row-v-lg-2 gutters-row-v-md-2 gutters-row-v-2 style-8833 style-local-8004-c23 position-relative\">\n        <!---->\n        <div class=\"h-row justify-content-lg-center justify-content-md-center justify-content-center align-items-lg-stretch align-items-md-stretch align-items-stretch gutters-col-lg-2 gutters-col-md-2 gutters-col-0 gutters-col-v-lg-2 gutters-col-v-md-2 gutters-col-v-2\">\n          <!---->\n          <div class=\"h-column h-column-container d-flex h-col-lg-auto h-col-md-auto h-col-auto style-8838-outer style-local-8004-c24-outer\">\n            <div data-colibri-id=\"8004-c24\" class=\"d-flex h-flex-basis h-column__inner h-px-lg-2 h-px-md-2 h-px-2 v-inner-lg-2 v-inner-md-2 v-inner-2 style-8838 style-local-8004-c24 position-relative\">\n              <!---->\n              <!---->\n              <div class=\"w-100 h-y-container h-column__content h-column__v-align flex-basis-100 align-self-lg-start align-self-md-start align-self-start\">\n                <!---->\n                <div data-colibri-id=\"8004-c25\" class=\"h-global-transition-all h-heading style-8835 style-local-8004-c25 position-relative h-element\">\n                  <!---->\n                  <div class=\"h-heading__outer style-8835 style-local-8004-c25\">\n                    <!---->\n                    <!---->\n                    <h6 class=\"\">Kontakt<\/h6>\n                  <\/div>\n                <\/div>\n                <div data-colibri-id=\"8004-c26\" class=\"h-row-container gutters-row-lg-2 gutters-row-md-2 gutters-row-0 gutters-row-v-lg-2 gutters-row-v-md-2 gutters-row-v-2 style-8839 style-local-8004-c26 position-relative\">\n                  <!---->\n                  <div class=\"h-row justify-content-lg-center justify-content-md-center justify-content-center align-items-lg-stretch align-items-md-stretch align-items-stretch gutters-col-lg-2 gutters-col-md-2 gutters-col-0 gutters-col-v-lg-2 gutters-col-v-md-2 gutters-col-v-2\">\n                    <!---->\n                    <div class=\"h-column h-column-container d-flex h-col-lg-auto h-col-md-auto h-col-auto style-8840-outer style-local-8004-c27-outer\">\n                      <div data-colibri-id=\"8004-c27\" class=\"d-flex h-flex-basis h-column__inner h-px-lg-2 h-px-md-2 h-px-2 v-inner-lg-2 v-inner-md-2 v-inner-2 style-8840 style-local-8004-c27 position-relative\">\n                        <!---->\n                        <!---->\n                        <div class=\"w-100 h-y-container h-column__content h-column__v-align flex-basis-100 align-self-lg-start align-self-md-start align-self-start\">\n                          <!---->\n                          <div data-colibri-id=\"8004-c28\" class=\"d-block style-8841 style-local-8004-c28 position-relative h-element\">\n                            <!---->\n                            <div class=\"h-image__frame-container-outer\">\n                              <div class=\"h-image__frame-container\">\n                                <!---->\n                                <!---->\n                                <img decoding=\"async\" width=\"1024\" height=\"1024\" data-src=\"https:\/\/www.l3s.de\/wp-content\/uploads\/2022\/08\/Anand-Avishek-3.jpg\" class=\"wp-image-4203 style-8841-image style-local-8004-c28-image lazyload\" alt=\"\" data-srcset=\"https:\/\/www.l3s.de\/wp-content\/uploads\/2022\/08\/Anand-Avishek-3.jpg 1024w, https:\/\/www.l3s.de\/wp-content\/uploads\/2022\/08\/Anand-Avishek-3-300x300.jpg 300w, https:\/\/www.l3s.de\/wp-content\/uploads\/2022\/08\/Anand-Avishek-3-150x150.jpg 150w, https:\/\/www.l3s.de\/wp-content\/uploads\/2022\/08\/Anand-Avishek-3-768x768.jpg 768w, https:\/\/www.l3s.de\/wp-content\/uploads\/2022\/08\/Anand-Avishek-3-12x12.jpg 12w\" data-sizes=\"(max-width: 1024px) 100vw, 1024px\" src=\"data:image\/svg+xml;base64,PHN2ZyB3aWR0aD0iMSIgaGVpZ2h0PSIxIiB4bWxucz0iaHR0cDovL3d3dy53My5vcmcvMjAwMC9zdmciPjwvc3ZnPg==\" style=\"--smush-placeholder-width: 1024px; --smush-placeholder-aspect-ratio: 1024\/1024;\" \/>\n                                <div class=\"h-image__frame h-hide-lg h-hide-md h-hide-sm style-8841-frameImage style-local-8004-c28-frameImage\"><\/div>\n                              <\/div>\n                            <\/div>\n                          <\/div>\n                          <div data-colibri-id=\"8004-c29\" class=\"h-row-container gutters-row-lg-0 gutters-row-md-0 gutters-row-0 gutters-row-v-lg-0 gutters-row-v-md-0 gutters-row-v-0 style-8842 style-local-8004-c29 position-relative\">\n                            <!---->\n                            <div class=\"h-row justify-content-lg-center justify-content-md-center justify-content-center align-items-lg-stretch align-items-md-stretch align-items-stretch gutters-col-lg-0 gutters-col-md-0 gutters-col-0 gutters-col-v-lg-0 gutters-col-v-md-0 gutters-col-v-0\">\n                              <!---->\n                              <div class=\"h-column h-column-container d-flex h-col-lg h-col-md h-col-auto style-8843-outer style-local-8004-c30-outer\">\n                                <div data-colibri-id=\"8004-c30\" class=\"d-flex h-flex-basis h-column__inner h-px-lg-0 h-px-md-0 h-px-0 v-inner-lg-0 v-inner-md-0 v-inner-0 style-8843 style-local-8004-c30 position-relative\">\n                                  <!---->\n                                  <!---->\n                                  <div class=\"w-100 h-y-container h-column__content h-column__v-align flex-basis-100 align-self-lg-start align-self-md-start align-self-start\">\n                                    <!---->\n                                    <div data-colibri-id=\"8004-c31\" class=\"h-global-transition-all h-heading style-8844 style-local-8004-c31 position-relative h-element\">\n                                      <!---->\n                                      <div class=\"h-heading__outer style-8844 style-local-8004-c31\">\n                                        <!---->\n                                        <!---->\n                                        <h4 class=\"\">Prof. Dr. Avishek Anand<\/h4>\n                                      <\/div>\n                                    <\/div>\n                                    <div data-colibri-id=\"8004-c32\" class=\"h-x-container style-8845 style-local-8004-c32 position-relative h-element\">\n                                      <!---->\n                                      <div class=\"h-x-container-inner style-dynamic-8004-c32-group style-8845-spacing style-local-8004-c32-spacing\"><span class=\"h-link__outer style-8846-outer style-local-8004-c33-outer d-inline-flex h-element\"><a h-use-smooth-scroll=\"true\" href=\"mailto:anand@l3s.de\"  data-colibri-id=\"8004-c33\" class=\"d-flex w-100 align-items-center h-link style-8846 style-local-8004-c33 position-relative\"><!----><!----> <span>anand@l3s.de<\/span><\/a>\n                                        <\/span>\n                                      <\/div>\n                                    <\/div>\n                                  <\/div>\n                                <\/div>\n                              <\/div>\n                            <\/div>\n                          <\/div>\n                          <div data-colibri-id=\"8004-c34\" class=\"h-text h-text-component style-8847 style-local-8004-c34 position-relative h-element\">\n                            <!---->\n                            <!---->\n                            <div class=\"\">\n                              <p>Avishek Anand ist Juniorprofessor an der Leibniz Universit\u00e4t Hannover und Mitglied des Forschungszentrums L3S. Er befasst sich mit Fragen von Information-Retrieval und Web-Suche: Wie k\u00f6nnen wir Entscheidungen erkl\u00e4ren, die durch Suchmaschinen getroffen wurden? Wie k\u00f6nnen wir zeitbezogene Informationen einbinden, um das Suchergebnis zu verbessern?<\/p>\n                            <\/div>\n                          <\/div>\n                        <\/div>\n                      <\/div>\n                    <\/div>\n                  <\/div>\n                <\/div>\n              <\/div>\n            <\/div>\n          <\/div>\n        <\/div>\n      <\/div>\n    <\/div>\n  <\/div>\n<\/div>","protected":false},"excerpt":{"rendered":"<p>Issue: 02\/2018 Maschinelles Lernen Interpreting Search Engine Rankings Today algorithmic decision making is prevalent in several fields including medicine, automobiles and retail. On one hand, this is testament to the ever improving performance and capabilities of complex machine learning models. Most of the modern search engines also heavily rely on machine learning to make it [&hellip;]<\/p>","protected":false},"author":7,"featured_media":8005,"parent":2750,"menu_order":0,"comment_status":"closed","ping_status":"closed","template":"page-templates\/full-width-page.php","meta":{"_acf_changed":false,"footnotes":""},"categories":[],"tags":[28,90],"class_list":["post-8004","page","type-page","status-publish","has-post-thumbnail","hentry","tag-binaire","tag-binaire-2018-02"],"acf":[],"aioseo_notices":[],"publishpress_future_action":{"enabled":false,"date":"2026-05-27 00:26:09","action":"category","newStatus":"draft","terms":[75],"taxonomy":"category","extraData":[]},"publishpress_future_workflow_manual_trigger":{"enabledWorkflows":[]},"_links":{"self":[{"href":"https:\/\/www.l3s.de\/de\/wp-json\/wp\/v2\/pages\/8004","targetHints":{"allow":["GET"]}}],"collection":[{"href":"https:\/\/www.l3s.de\/de\/wp-json\/wp\/v2\/pages"}],"about":[{"href":"https:\/\/www.l3s.de\/de\/wp-json\/wp\/v2\/types\/page"}],"author":[{"embeddable":true,"href":"https:\/\/www.l3s.de\/de\/wp-json\/wp\/v2\/users\/7"}],"replies":[{"embeddable":true,"href":"https:\/\/www.l3s.de\/de\/wp-json\/wp\/v2\/comments?post=8004"}],"version-history":[{"count":0,"href":"https:\/\/www.l3s.de\/de\/wp-json\/wp\/v2\/pages\/8004\/revisions"}],"up":[{"embeddable":true,"href":"https:\/\/www.l3s.de\/de\/wp-json\/wp\/v2\/pages\/2750"}],"wp:featuredmedia":[{"embeddable":true,"href":"https:\/\/www.l3s.de\/de\/wp-json\/wp\/v2\/media\/8005"}],"wp:attachment":[{"href":"https:\/\/www.l3s.de\/de\/wp-json\/wp\/v2\/media?parent=8004"}],"wp:term":[{"taxonomy":"category","embeddable":true,"href":"https:\/\/www.l3s.de\/de\/wp-json\/wp\/v2\/categories?post=8004"},{"taxonomy":"post_tag","embeddable":true,"href":"https:\/\/www.l3s.de\/de\/wp-json\/wp\/v2\/tags?post=8004"}],"curies":[{"name":"wp","href":"https:\/\/api.w.org\/{rel}","templated":true}]}}