{"id":7824,"date":"2018-04-03T16:29:51","date_gmt":"2018-04-03T14:29:51","guid":{"rendered":"https:\/\/www.l3s.de\/?page_id=7824"},"modified":"2022-12-06T12:31:56","modified_gmt":"2022-12-06T11:31:56","slug":"bright-minds-for-artificial-intelligence","status":"publish","type":"page","link":"https:\/\/www.l3s.de\/de\/magazine\/binaire-articles\/bright-minds-for-artificial-intelligence\/","title":{"rendered":"Helle K\u00f6pfe f\u00fcr k\u00fcnstliche Intelligenz"},"content":{"rendered":"<div data-colibri-id=\"7824-c1\" class=\"style-8363 style-local-7824-c1 position-relative\">\n  <!---->\n  <div data-colibri-component=\"section\" data-colibri-id=\"7824-c2\" id=\"reusable-sections\" class=\"h-section h-section-global-spacing d-flex align-items-lg-center align-items-md-center align-items-center style-8364 style-local-7824-c2 position-relative\">\n    <!---->\n    <!---->\n    <div class=\"h-section-grid-container h-section-boxed-container\">\n      <!---->\n      <div data-colibri-id=\"7824-c3\" class=\"h-row-container gutters-row-lg-2 gutters-row-md-2 gutters-row-0 gutters-row-v-lg-2 gutters-row-v-md-2 gutters-row-v-2 style-8365 style-local-7824-c3 position-relative\">\n        <!---->\n        <div class=\"h-row justify-content-lg-center justify-content-md-center justify-content-center align-items-lg-stretch align-items-md-stretch align-items-stretch gutters-col-lg-2 gutters-col-md-2 gutters-col-0 gutters-col-v-lg-2 gutters-col-v-md-2 gutters-col-v-2\">\n          <!---->\n          <div class=\"h-column h-column-container d-flex h-col-lg-auto h-col-md-auto h-col-auto style-8366-outer style-local-7824-c4-outer\">\n            <div data-colibri-id=\"7824-c4\" class=\"d-flex h-flex-basis h-column__inner h-px-lg-0 h-px-md-0 h-px-0 v-inner-lg-0 v-inner-md-0 v-inner-0 style-8366 style-local-7824-c4 position-relative\">\n              <!---->\n              <!---->\n              <div class=\"w-100 h-y-container h-column__content h-column__v-align flex-basis-100 align-self-lg-start align-self-md-start align-self-start\">\n                <!---->\n                <div data-colibri-id=\"7824-c5\" class=\"d-block style-8367 style-local-7824-c5 position-relative h-element\">\n                  <!---->\n                  <div class=\"h-image__frame-container-outer\">\n                    <div class=\"h-image__frame-container\">\n                      <!---->\n                      <!---->\n                      <img decoding=\"async\" width=\"448\" height=\"298\" data-src=\"https:\/\/www.l3s.de\/wp-content\/uploads\/2022\/09\/DSC_0224.jpeg\" class=\"wp-image-7825 style-8367-image style-local-7824-c5-image lazyload\" alt=\"\" data-srcset=\"https:\/\/www.l3s.de\/wp-content\/uploads\/2022\/09\/DSC_0224.jpeg 448w, https:\/\/www.l3s.de\/wp-content\/uploads\/2022\/09\/DSC_0224-300x200.jpeg 300w, https:\/\/www.l3s.de\/wp-content\/uploads\/2022\/09\/DSC_0224-18x12.jpeg 18w\" data-sizes=\"(max-width: 448px) 100vw, 448px\" src=\"data:image\/svg+xml;base64,PHN2ZyB3aWR0aD0iMSIgaGVpZ2h0PSIxIiB4bWxucz0iaHR0cDovL3d3dy53My5vcmcvMjAwMC9zdmciPjwvc3ZnPg==\" style=\"--smush-placeholder-width: 448px; --smush-placeholder-aspect-ratio: 448\/298;\" \/>\n                      <div class=\"h-image__frame h-hide-lg h-hide-md h-hide-sm style-8367-frameImage style-local-7824-c5-frameImage\"><\/div>\n                    <\/div>\n                  <\/div>\n                <\/div>\n              <\/div>\n            <\/div>\n          <\/div>\n        <\/div>\n      <\/div>\n      <div data-colibri-id=\"7824-c6\" class=\"h-row-container gutters-row-lg-2 gutters-row-md-2 gutters-row-0 gutters-row-v-lg-2 gutters-row-v-md-2 gutters-row-v-2 style-8368 style-local-7824-c6 position-relative\">\n        <!---->\n        <div class=\"h-row justify-content-lg-center justify-content-md-center justify-content-center align-items-lg-stretch align-items-md-stretch align-items-stretch gutters-col-lg-2 gutters-col-md-2 gutters-col-0 gutters-col-v-lg-2 gutters-col-v-md-2 gutters-col-v-2\">\n          <!---->\n          <div class=\"h-column h-column-container d-flex h-col-lg h-col-md-auto h-col-auto style-8369-outer style-local-7824-c7-outer\">\n            <div data-colibri-id=\"7824-c7\" class=\"d-flex h-flex-basis h-column__inner h-px-lg-0 h-px-md-0 h-px-0 v-inner-lg-0 v-inner-md-0 v-inner-0 style-8369 style-local-7824-c7 position-relative\">\n              <!---->\n              <!---->\n              <div class=\"w-100 h-y-container h-column__content h-column__v-align flex-basis-100 align-self-lg-start align-self-md-start align-self-start\">\n                <!---->\n                <div data-colibri-id=\"7824-c8\" class=\"h-row-container gutters-row-lg-0 gutters-row-md-0 gutters-row-0 gutters-row-v-lg-0 gutters-row-v-md-0 gutters-row-v-0 style-8370 style-local-7824-c8 position-relative\">\n                  <!---->\n                  <div class=\"h-row justify-content-lg-center justify-content-md-center justify-content-center align-items-lg-stretch align-items-md-stretch align-items-stretch gutters-col-lg-0 gutters-col-md-0 gutters-col-0 gutters-col-v-lg-0 gutters-col-v-md-0 gutters-col-v-0\">\n                    <!---->\n                    <div class=\"h-column h-column-container d-flex h-col-lg-auto h-col-md-auto h-col-auto style-8371-outer style-local-7824-c9-outer\">\n                      <div data-colibri-id=\"7824-c9\" class=\"d-flex h-flex-basis h-column__inner h-px-lg-2 h-px-md-2 h-px-2 v-inner-lg-2 v-inner-md-2 v-inner-2 style-8371 style-local-7824-c9 position-relative\">\n                        <!---->\n                        <!---->\n                        <div class=\"w-100 h-y-container h-column__content h-column__v-align flex-basis-100 align-self-lg-start align-self-md-start align-self-start\">\n                          <!---->\n                          <div data-colibri-id=\"7824-c10\" class=\"h-text h-text-component style-8372 style-local-7824-c10 position-relative h-element\">\n                            <!---->\n                            <!---->\n                            <div class=\"\">\n                              <p>Ausgabe 01\/2018<\/p>\n                            <\/div>\n                          <\/div>\n                          <div data-colibri-id=\"7824-c11\" class=\"h-x-container style-8373 style-local-7824-c11 position-relative h-element\">\n                            <!---->\n                            <div class=\"h-x-container-inner style-dynamic-7824-c11-group style-8373-spacing style-local-7824-c11-spacing\"><span class=\"h-link__outer style-8374-outer style-local-7824-c12-outer d-inline-flex h-element\"><a h-use-smooth-scroll=\"true\" href=\"https:\/\/www.l3s.de\/wp-content\/uploads\/2022\/09\/L3S-Magazin-Binaire-web.pdf\" target=\"_blank\" data-colibri-id=\"7824-c12\" class=\"d-flex w-100 align-items-center h-link style-8374 style-local-7824-c12 position-relative\" rel=\"noopener\"><!----><!----> <span>Innovation durch Forschung<\/span><\/a>\n                              <\/span>\n                            <\/div>\n                          <\/div>\n                          <div data-colibri-id=\"7824-c13\" class=\"style-8375 style-local-7824-c13 position-relative h-element\">\n                            <!---->\n                          <\/div>\n                        <\/div>\n                      <\/div>\n                    <\/div>\n                    <div class=\"h-column h-column-container d-flex h-col-lg-auto h-col-md-auto h-col-auto style-8376-outer style-local-7824-c14-outer\">\n                      <div data-colibri-id=\"7824-c14\" class=\"d-flex h-flex-basis h-column__inner h-px-lg-2 h-px-md-2 h-px-2 v-inner-lg-2 v-inner-md-2 v-inner-2 style-8376 style-local-7824-c14 position-relative\">\n                        <!---->\n                        <!---->\n                        <div class=\"w-100 h-y-container h-column__content h-column__v-align flex-basis-100 align-self-lg-start align-self-md-start align-self-start\">\n                          <!---->\n                          <div data-colibri-id=\"7824-c15\" class=\"h-global-transition-all h-heading style-8378 style-local-7824-c15 position-relative h-element\">\n                            <!---->\n                            <div class=\"h-heading__outer style-8378 style-local-7824-c15\">\n                              <!---->\n                              <!---->\n                              <h1 class=\"\">Helle K\u00f6pfe f\u00fcr k\u00fcnstliche Intelligenz<\/h1>\n                            <\/div>\n                          <\/div>\n                          <div data-colibri-id=\"7824-c16\" class=\"style-8379 style-local-7824-c16 position-relative h-element\">\n                            <!---->\n                          <\/div>\n                          <div data-colibri-id=\"7824-c17\" class=\"h-row-container gutters-row-lg-0 gutters-row-md-0 gutters-row-0 gutters-row-v-lg-0 gutters-row-v-md-0 gutters-row-v-0 style-8380 style-local-7824-c17 position-relative\">\n                            <!---->\n                            <div class=\"h-row justify-content-lg-center justify-content-md-center justify-content-center align-items-lg-stretch align-items-md-stretch align-items-stretch gutters-col-lg-0 gutters-col-md-0 gutters-col-0 gutters-col-v-lg-0 gutters-col-v-md-0 gutters-col-v-0\">\n                              <!---->\n                              <div class=\"h-column h-column-container d-flex h-col-lg h-col-md h-col-auto style-8381-outer style-local-7824-c18-outer\">\n                                <div data-colibri-id=\"7824-c18\" class=\"d-flex h-flex-basis h-column__inner h-px-lg-0 h-px-md-0 h-px-0 v-inner-lg-0 v-inner-md-0 v-inner-0 style-8381 style-local-7824-c18 position-relative\">\n                                  <!---->\n                                  <!---->\n                                  <div class=\"w-100 h-y-container h-column__content h-column__v-align flex-basis-100 align-self-lg-start align-self-md-start align-self-start\">\n                                    <!---->\n                                    <div data-colibri-id=\"7824-c19\" class=\"h-text h-text-component style-8382 style-local-7824-c19 position-relative h-element\">\n                                      <!---->\n                                      <!---->\n                                      <div class=\"\">\n                                        <p class=\"translation-block\">Das L3S baut eine&nbsp;<em>Applied Machine Learning Academy<\/em>&nbsp;(AMA) auf - mit besonderem Schwerpunkt auf dem Einsatz des maschinellen Lernens in der intelligenten Produktion. Dies geschieht&nbsp;in Kooperation mit dem Institut f&uuml;r Fertigungstechnik und Werkzeugmaschinen (IFW) und im Rahmen des gleichnamigen BMBF-gef&ouml;rderten Projekts.<\/p>\n                                      <\/div>\n                                    <\/div>\n                                    <div data-colibri-id=\"7824-c20\" class=\"h-text h-text-component style-8382 style-local-7824-c20 position-relative h-element\">\n                                      <!---->\n                                      <!---->\n                                      <div class=\"\">\n                                        <p><strong style=\"font-size: 111%; font-weight: 600;\">Warum eine Machine-Learning-Academy?<\/strong><\/p>\n                                        <p class=\"translation-block\">Universit&auml;ten wie die Leibniz Universit&auml;t bieten bereits hervorragende Vorlesungen und andere Veranstaltungen im Bereich des maschinellen Lernens (ML), der k&uuml;nstlichen Intelligenz und Data-Science an. Diese richten sich jedoch haupts&auml;chlich an Studierende der Informatik und verwandter Studienf&auml;cher. Qualifizierungsbedarf herrscht hingegen bei Mitarbeitern, die bereits in der Industrie t&auml;tig sind und sich f&uuml;r die Nutzung maschinellen Lernens in ihrem Arbeitsumfeld fit machen wollen oder m&uuml;ssen. Tats&auml;chlich wird insbesondere im Mittelstand der Mangel an Fachkr&auml;ften als eines der gr&ouml;&szlig;ten Hemmnisse f&uuml;r den erfolgreichen Einstieg in die Digitalisierung gesehen. Eine&nbsp;<em>Applied Machine Learning Academy<\/em>&nbsp;(AMA) kann hier wichtige Beitr&auml;ge zur Qualifizierung leisten. Zus&auml;tzlich sind in AMA auch ML-Qualifizierungsangebote f&uuml;r Studierende aus Fachrichtungen wie dem Maschinenbau geplant, um zuk&uuml;nftige Absolventen besser auf die zentrale Rolle intelligenter Systeme vorzubereiten.<\/p>\n                                      <\/div>\n                                    <\/div>\n                                    <div data-colibri-id=\"7824-c21\" class=\"h-text h-text-component style-8382 style-local-7824-c21 position-relative h-element\">\n                                      <!---->\n                                      <!---->\n                                      <div class=\"\">\n                                        <p><strong style=\"font-size: 111%; font-weight: 600;\">Was hat AMA zu bieten?<\/strong><\/p>\n                                        <p>Das Kursangebot von AMA umfasst einf\u00fchrende Veranstaltungen, etwa ein ML-Schnuppertag, und eine Reihe von grundlegenden Kursen zu ML-relevanten Themen, zum Beispiel Deep Learning. Einen zweiten Baustein bilden die anwendungsorientierten Kurse. Sie  konzentrieren sich auf die speziellen Herausforderungen des Einsatzes von ML im Kontext der intelligenten Produktion. Die praktische Ausbildung in Laboren und in Hands-on-Sessions spielt eine wichtige Rolle im AMA-Ausbildungskonzept. Erg\u00e4nzt wird das AMA Portfolio durch weiterf\u00fchrende Kurse etwa zu juristischen Aspekten der Nutzung von Big Data oder zu Bias und Fairness in intelligenten Systemen. Bei der Auswahl und Gestaltung der Kurse wird besonderer Wert auf eine starke Bedarfsorientierung des Kursangebots und die Nachhaltigkeit der Qualifizierung gelegt.<\/p>\n                                      <\/div>\n                                    <\/div>\n                                    <div data-colibri-id=\"7824-c22\" class=\"h-text h-text-component style-8382 style-local-7824-c22 position-relative h-element\">\n                                      <!---->\n                                      <!---->\n                                      <div class=\"\">\n                                        <p><strong style=\"font-size: 111%; font-weight: 600;\">Was bedeutet nachhaltige Qualifizierung?<\/strong><\/p>\n                                        <p>Intelligente Systeme und maschinelles Lernen als wichtige Bausteine der Digitalisierung unterliegen einem rasanten Wandel. Mitarbeiter m\u00fcssen sich daher regelm\u00e4\u00dfig weiterbilden.   AMA kombiniert anwendungsorientierte Wissensvermittlung mit Lernmodulen, die Mitarbeiter in die Lage versetzen, sich selbst\u00e4ndig in neue Entwicklungen einzuarbeiten.<\/p>\n                                      <\/div>\n                                    <\/div>\n                                    <div data-colibri-id=\"7824-c23\" class=\"h-text h-text-component style-8382 style-local-7824-c23 position-relative h-element\">\n                                      <!---->\n                                      <!---->\n                                      <div class=\"\">\n                                        <p><strong style=\"font-size: 111%; font-weight: 600;\">Dialog mit der Wirtschaft<\/strong><\/p>\n                                        <p>F\u00fcr ein bedarfsorientiertes AMA-Qualifizierungsangebot ist ein reger Dialog mit der Industrie von zentraler Bedeutung. Das interdisziplin\u00e4re AMA-Team kann auf hervorragende Kontakte zur\u00fcckgreifen: zum Beispiel aus dem Productions Innovations Network (PIN) und dem Machining Innovations Network e.V. (MIN). Eine enge Zusammenarbeit mit dem Kompetenzzentrum Mittelstand 4.0 in Hannover wird f\u00fcr weitere Synergieeffekte sorgen und zur Attraktivit\u00e4t des AMA-Qualifizierungsangebots beitragen.<\/p>\n                                      <\/div>\n                                    <\/div>\n                                    <div data-colibri-id=\"7824-c24\" class=\"h-text h-text-component style-8382 style-local-7824-c24 position-relative h-element\">\n                                      <!---->\n                                      <!---->\n                                      <div class=\"\">\n                                        <p><strong style=\"font-size: 111%; font-weight: 600;\">Forschung und Qualifizierung?<\/strong><\/p>\n                                        <p>Das neue, sich schnell entwickelnde und vielf\u00e4ltige ML-Anwendungsfeld intelligente Produktion \u2013 oft auch unter dem Schlagwort Industrie 4.0 gefasst \u2013 befindet sich aktuell in einem experimentellen Zustand, sodass noch kein wohldefiniertes Methodenportfolio f\u00fcr die Anwendung und Ausbildung existiert. Es geh\u00f6rt zu den Aufgaben von AMA,  ein Portfolio zu entwickeln, das als Grundlage f\u00fcr die Qualifizierung in diesem Bereich dienen kann. Zu diesem Zweck erforschen und erproben Teams aus Data-Scientists und Produktionstechnikern auf der Grundlage konkreter Anforderungen aus der Industrie in Mini-Projekten innovative ML-L\u00f6sungen f\u00fcr die intelligente Produktion. Diese exemplarischen L\u00f6sungen und gesammelten Erfahrungen bilden die Grundlage f\u00fcr die Entwicklung weiterer anwendungsorientierter ML-Trainingsinhalte.<\/p>\n                                      <\/div>\n                                    <\/div>\n                                  <\/div>\n                                <\/div>\n                              <\/div>\n                            <\/div>\n                          <\/div>\n                        <\/div>\n                      <\/div>\n                    <\/div>\n                  <\/div>\n                <\/div>\n              <\/div>\n            <\/div>\n          <\/div>\n        <\/div>\n      <\/div>\n    <\/div>\n  <\/div>\n<\/div>","protected":false},"excerpt":{"rendered":"<p>Issue: 01\/2018 Innovation durch Forschung Bright minds for artificial intelligence The L3S is establishing an&nbsp;Applied Machine Learning Academy&nbsp;(AMA) &#8211; with a special focus on the use of machine learning in intelligent production. This is done in cooperation with the&nbsp;Institute for Manufacturing Engineering and Machine Tools&nbsp;(IFW) within the framework of the BMBF-funded project of the same [&hellip;]<\/p>","protected":false},"author":7,"featured_media":7825,"parent":2750,"menu_order":0,"comment_status":"closed","ping_status":"closed","template":"page-templates\/full-width-page.php","meta":{"_acf_changed":false,"footnotes":""},"categories":[],"tags":[28,89],"class_list":["post-7824","page","type-page","status-publish","has-post-thumbnail","hentry","tag-binaire","tag-binaire-2018-01"],"acf":[],"aioseo_notices":[],"publishpress_future_action":{"enabled":false,"date":"2026-05-21 16:45:06","action":"category","newStatus":"draft","terms":[75],"taxonomy":"category","extraData":[]},"publishpress_future_workflow_manual_trigger":{"enabledWorkflows":[]},"_links":{"self":[{"href":"https:\/\/www.l3s.de\/de\/wp-json\/wp\/v2\/pages\/7824","targetHints":{"allow":["GET"]}}],"collection":[{"href":"https:\/\/www.l3s.de\/de\/wp-json\/wp\/v2\/pages"}],"about":[{"href":"https:\/\/www.l3s.de\/de\/wp-json\/wp\/v2\/types\/page"}],"author":[{"embeddable":true,"href":"https:\/\/www.l3s.de\/de\/wp-json\/wp\/v2\/users\/7"}],"replies":[{"embeddable":true,"href":"https:\/\/www.l3s.de\/de\/wp-json\/wp\/v2\/comments?post=7824"}],"version-history":[{"count":0,"href":"https:\/\/www.l3s.de\/de\/wp-json\/wp\/v2\/pages\/7824\/revisions"}],"up":[{"embeddable":true,"href":"https:\/\/www.l3s.de\/de\/wp-json\/wp\/v2\/pages\/2750"}],"wp:featuredmedia":[{"embeddable":true,"href":"https:\/\/www.l3s.de\/de\/wp-json\/wp\/v2\/media\/7825"}],"wp:attachment":[{"href":"https:\/\/www.l3s.de\/de\/wp-json\/wp\/v2\/media?parent=7824"}],"wp:term":[{"taxonomy":"category","embeddable":true,"href":"https:\/\/www.l3s.de\/de\/wp-json\/wp\/v2\/categories?post=7824"},{"taxonomy":"post_tag","embeddable":true,"href":"https:\/\/www.l3s.de\/de\/wp-json\/wp\/v2\/tags?post=7824"}],"curies":[{"name":"wp","href":"https:\/\/api.w.org\/{rel}","templated":true}]}}