{"id":7814,"date":"2018-04-05T16:01:34","date_gmt":"2018-04-05T14:01:34","guid":{"rendered":"https:\/\/www.l3s.de\/?page_id=7814"},"modified":"2023-01-17T10:31:57","modified_gmt":"2023-01-17T09:31:57","slug":"how-autonomous-vehicles-learn-from-us","status":"publish","type":"page","link":"https:\/\/www.l3s.de\/de\/magazine\/binaire-articles\/how-autonomous-vehicles-learn-from-us\/","title":{"rendered":"Wie autonome Fahrzeuge von uns lernen"},"content":{"rendered":"<div data-colibri-id=\"7814-c1\" class=\"style-8322 style-local-7814-c1 position-relative\">\n  <!---->\n  <div data-colibri-component=\"section\" data-colibri-id=\"7814-c2\" id=\"reusable-sections\" class=\"h-section h-section-global-spacing d-flex align-items-lg-center align-items-md-center align-items-center style-8323 style-local-7814-c2 position-relative\">\n    <!---->\n    <!---->\n    <div class=\"h-section-grid-container h-section-boxed-container\">\n      <!---->\n      <div data-colibri-id=\"7814-c3\" class=\"h-row-container gutters-row-lg-3 gutters-row-md-3 gutters-row-0 gutters-row-v-lg-3 gutters-row-v-md-3 gutters-row-v-3 style-8324 style-local-7814-c3 position-relative\">\n        <div class=\"background-wrapper\">\n          <div class=\"background-layer background-layer-media-container-lg\">\n            <div data-enabled=\"true\" data-colibri-component=\"parallax\" class=\"background-layer paraxify lazyload\" model-id=\"7814-c3\" media=\"desktop\" is-preview=\"true\" style=\"background-image:inherit;\" data-bg-image=\"url(&quot;https:\/\/www.l3s.de\/wp-content\/uploads\/2022\/09\/autonome-personenfahrzeuge-die-strasen-der-zukunft.jpeg&quot;)\"><\/div>\n          <\/div>\n          <div class=\"background-layer background-layer-media-container-md\">\n            <div data-enabled=\"true\" data-colibri-component=\"parallax\" class=\"background-layer paraxify lazyload\" model-id=\"7814-c3\" media=\"tablet\" is-preview=\"true\" style=\"background-image:inherit;\" data-bg-image=\"url(&quot;https:\/\/www.l3s.de\/wp-content\/uploads\/2022\/09\/autonome-personenfahrzeuge-die-strasen-der-zukunft.jpeg&quot;)\"><\/div>\n          <\/div>\n          <div class=\"background-layer background-layer-media-container\">\n            <div data-enabled=\"true\" data-colibri-component=\"parallax\" class=\"background-layer paraxify lazyload\" model-id=\"7814-c3\" media=\"mobile\" is-preview=\"true\" style=\"background-image:inherit;\" data-bg-image=\"url(&quot;https:\/\/www.l3s.de\/wp-content\/uploads\/2022\/09\/autonome-personenfahrzeuge-die-strasen-der-zukunft.jpeg&quot;)\"><\/div>\n          <\/div>\n        <\/div>\n        <div class=\"h-row justify-content-lg-center justify-content-md-center justify-content-center align-items-lg-stretch align-items-md-stretch align-items-stretch gutters-col-lg-3 gutters-col-md-3 gutters-col-0 gutters-col-v-lg-3 gutters-col-v-md-3 gutters-col-v-3\">\n          <!---->\n          <div class=\"h-column h-column-container d-flex h-col-lg-auto h-col-md-auto h-col-auto style-8325-outer style-local-7814-c4-outer\">\n            <div data-colibri-id=\"7814-c4\" class=\"d-flex h-flex-basis h-column__inner h-ui-empty-state-container h-px-lg-3 h-px-md-3 h-px-3 v-inner-lg-3 v-inner-md-3 v-inner-3 style-8325 style-local-7814-c4 position-relative\">\n              <!---->\n              <!---->\n              <div class=\"w-100 h-y-container h-column__content h-column__v-align flex-basis-100\">\n                <!---->\n              <\/div>\n            <\/div>\n          <\/div>\n        <\/div>\n      <\/div>\n      <div data-colibri-id=\"7814-c35\" class=\"h-row-container gutters-row-lg-0 gutters-row-md-0 gutters-row-0 gutters-row-v-lg-0 gutters-row-v-md-0 gutters-row-v-0 style-11919 style-local-7814-c35 position-relative\">\n        <!---->\n        <div class=\"h-row justify-content-lg-center justify-content-md-center justify-content-center align-items-lg-stretch align-items-md-stretch align-items-stretch gutters-col-lg-0 gutters-col-md-0 gutters-col-0 gutters-col-v-lg-0 gutters-col-v-md-0 gutters-col-v-0\">\n          <!---->\n          <div class=\"h-column h-column-container d-flex h-col-lg-auto h-col-md-auto h-col-auto style-11920-outer style-local-7814-c36-outer\">\n            <div data-colibri-id=\"7814-c36\" class=\"d-flex h-flex-basis h-column__inner h-px-lg-0 h-px-md-0 h-px-0 v-inner-lg-0 v-inner-md-0 v-inner-0 style-11920 style-local-7814-c36 position-relative\">\n              <!---->\n              <!---->\n              <div class=\"w-100 h-y-container h-column__content h-column__v-align flex-basis-100 align-self-lg-start align-self-md-start align-self-start\">\n                <!---->\n                <div data-colibri-id=\"7814-c37\" class=\"h-text h-text-component style-11921 style-local-7814-c37 position-relative h-element\">\n                  <!---->\n                  <!---->\n                  <div class=\"\">\n                    <p><span style=\"font-weight: 300; font-size: 14px; font-family: &quot;Open Sans&quot;; color: rgb(0, 0, 0);\">Foto: \u00a9<\/span>Olivier Le Moal <span style=\"color: rgb(0, 0, 0); font-family: &quot;Open Sans&quot;; font-size: 14px; font-weight: 300;\">\u2013<\/span>                      Fotolia<\/p>\n                  <\/div>\n                <\/div>\n              <\/div>\n            <\/div>\n          <\/div>\n        <\/div>\n      <\/div>\n      <div data-colibri-id=\"7814-c5\" class=\"h-row-container gutters-row-lg-2 gutters-row-md-2 gutters-row-0 gutters-row-v-lg-2 gutters-row-v-md-2 gutters-row-v-2 style-8326 style-local-7814-c5 position-relative\">\n        <!---->\n        <div class=\"h-row justify-content-lg-center justify-content-md-center justify-content-center align-items-lg-stretch align-items-md-stretch align-items-stretch gutters-col-lg-2 gutters-col-md-2 gutters-col-0 gutters-col-v-lg-2 gutters-col-v-md-2 gutters-col-v-2\">\n          <!---->\n          <div class=\"h-column h-column-container d-flex h-col-lg h-col-md-auto h-col-auto style-8327-outer style-local-7814-c6-outer\">\n            <div data-colibri-id=\"7814-c6\" class=\"d-flex h-flex-basis h-column__inner h-px-lg-0 h-px-md-0 h-px-0 v-inner-lg-0 v-inner-md-0 v-inner-0 style-8327 style-local-7814-c6 position-relative\">\n              <!---->\n              <!---->\n              <div class=\"w-100 h-y-container h-column__content h-column__v-align flex-basis-100 align-self-lg-start align-self-md-start align-self-start\">\n                <!---->\n                <div data-colibri-id=\"7814-c7\" class=\"h-row-container gutters-row-lg-0 gutters-row-md-0 gutters-row-0 gutters-row-v-lg-0 gutters-row-v-md-0 gutters-row-v-0 style-8328 style-local-7814-c7 position-relative\">\n                  <!---->\n                  <div class=\"h-row justify-content-lg-center justify-content-md-center justify-content-center align-items-lg-stretch align-items-md-stretch align-items-stretch gutters-col-lg-0 gutters-col-md-0 gutters-col-0 gutters-col-v-lg-0 gutters-col-v-md-0 gutters-col-v-0\">\n                    <!---->\n                    <div class=\"h-column h-column-container d-flex h-col-lg-auto h-col-md-auto h-col-auto style-8329-outer style-local-7814-c8-outer\">\n                      <div data-colibri-id=\"7814-c8\" class=\"d-flex h-flex-basis h-column__inner h-px-lg-2 h-px-md-2 h-px-2 v-inner-lg-2 v-inner-md-2 v-inner-2 style-8329 style-local-7814-c8 position-relative\">\n                        <!---->\n                        <!---->\n                        <div class=\"w-100 h-y-container h-column__content h-column__v-align flex-basis-100 align-self-lg-start align-self-md-start align-self-start\">\n                          <!---->\n                          <div data-colibri-id=\"7814-c9\" class=\"h-text h-text-component style-8330 style-local-7814-c9 position-relative h-element\">\n                            <!---->\n                            <!---->\n                            <div class=\"\">\n                              <p>Ausgabe 01\/2018<\/p>\n                            <\/div>\n                          <\/div>\n                          <div data-colibri-id=\"7814-c10\" class=\"h-x-container style-8331 style-local-7814-c10 position-relative h-element\">\n                            <!---->\n                            <div class=\"h-x-container-inner style-dynamic-7814-c10-group style-8331-spacing style-local-7814-c10-spacing\"><span class=\"h-link__outer style-8332-outer style-local-7814-c11-outer d-inline-flex h-element\"><a h-use-smooth-scroll=\"true\" href=\"https:\/\/www.l3s.de\/wp-content\/uploads\/2022\/09\/L3S-Magazin-Binaire-web.pdf\" target=\"_blank\" data-colibri-id=\"7814-c11\" class=\"d-flex w-100 align-items-center h-link style-8332 style-local-7814-c11 position-relative\" rel=\"noopener\"><!----><!----> <span>Innovation durch Forschung<\/span><\/a>\n                              <\/span>\n                            <\/div>\n                          <\/div>\n                          <div data-colibri-id=\"7814-c12\" class=\"style-8333 style-local-7814-c12 position-relative h-element\">\n                            <!---->\n                          <\/div>\n                        <\/div>\n                      <\/div>\n                    <\/div>\n                    <div class=\"h-column h-column-container d-flex h-col-lg-auto h-col-md-auto h-col-auto style-8334-outer style-local-7814-c13-outer\">\n                      <div data-colibri-id=\"7814-c13\" class=\"d-flex h-flex-basis h-column__inner h-px-lg-2 h-px-md-2 h-px-2 v-inner-lg-2 v-inner-md-2 v-inner-2 style-8334 style-local-7814-c13 position-relative\">\n                        <!---->\n                        <!---->\n                        <div class=\"w-100 h-y-container h-column__content h-column__v-align flex-basis-100 align-self-lg-start align-self-md-start align-self-start\">\n                          <!---->\n                          <div data-colibri-id=\"7814-c14\" class=\"h-global-transition-all h-heading style-8336 style-local-7814-c14 position-relative h-element\">\n                            <!---->\n                            <div class=\"h-heading__outer style-8336 style-local-7814-c14\">\n                              <!---->\n                              <!---->\n                              <h1 class=\"\">Wie autonome Fahrzeuge von uns lernen <\/h1>\n                            <\/div>\n                          <\/div>\n                          <div data-colibri-id=\"7814-c15\" class=\"style-8337 style-local-7814-c15 position-relative h-element\">\n                            <!---->\n                          <\/div>\n                          <div data-colibri-id=\"7814-c16\" class=\"h-row-container gutters-row-lg-0 gutters-row-md-0 gutters-row-0 gutters-row-v-lg-0 gutters-row-v-md-0 gutters-row-v-0 style-8338 style-local-7814-c16 position-relative\">\n                            <!---->\n                            <div class=\"h-row justify-content-lg-center justify-content-md-center justify-content-center align-items-lg-stretch align-items-md-stretch align-items-stretch gutters-col-lg-0 gutters-col-md-0 gutters-col-0 gutters-col-v-lg-0 gutters-col-v-md-0 gutters-col-v-0\">\n                              <!---->\n                              <div class=\"h-column h-column-container d-flex h-col-lg h-col-md h-col-auto style-8339-outer style-local-7814-c17-outer\">\n                                <div data-colibri-id=\"7814-c17\" class=\"d-flex h-flex-basis h-column__inner h-px-lg-0 h-px-md-0 h-px-0 v-inner-lg-0 v-inner-md-0 v-inner-0 style-8339 style-local-7814-c17 position-relative\">\n                                  <!---->\n                                  <!---->\n                                  <div class=\"w-100 h-y-container h-column__content h-column__v-align flex-basis-100 align-self-lg-start align-self-md-start align-self-start\">\n                                    <!---->\n                                    <div data-colibri-id=\"7814-c18\" class=\"h-text h-text-component style-8340 style-local-7814-c18 position-relative h-element\">\n                                      <!---->\n                                      <!---->\n                                      <div class=\"\">\n                                        <p>Autonom fahrende Autos sind schon lange keine Science-Fiction mehr, sondern werden in verschiedenen Autonomiegraden bereits heute im Stra\u00dfenverkehr erprobt. Klar ist, dass die Fahrzeuge dabei auf Stra\u00dfenverlauf, Fahrbahnmarkierungen und Verkehrszeichen achten und zudem die aktuelle Situation ber\u00fccksichtigen m\u00fcssen, zum Beispiel Baustellen, Sperrungen oder Wettereinfl\u00fcsse. Um sicher am Verkehr teilzunehmen, spielen nicht zuletzt andere Verkehrsteilnehmer eine zentrale Rolle, seien es Autos, Radfahrer oder Fu\u00dfg\u00e4nger. Doch woher wei\u00df ein Fahrzeug, wie es sich in jeder Situation verhalten sollte? Ist das komplett durch abstrakte Regeln beschreibbar? M\u00fcssen verschiedene Reaktionsm\u00f6glichkeiten gegeneinander abgewogen werden? Und wie geht man mit Situationen um, f\u00fcr die geeignete Regeln fehlen?<\/p>\n                                        <p>Besonders im Stadtverkehr gelten eine Vielzahl von Regeln, die zum Teil auch zueinander in Konflikt stehen k\u00f6nnen. Dies f\u00fchrt schnell zu unnat\u00fcrlichem und z\u00f6gerlichem, oft sogar unfalltr\u00e4chtigem Fahrverhalten. Maschinelle Lernverfahren k\u00f6nnten daher die heutigen regelbasierten Verfahren erg\u00e4nzen. Die Idee ist, nicht mehr alle m\u00f6glichen Situationen vorhersehen und durch geeignete Regeln abfangen zu m\u00fcssen, sondern direkt aus dem Verhalten menschlicher Fahrer in zahlreichen Situationen statistisch zu lernen.<\/p>\n                                        <p>Im Projekt \u201eUrban Mobility Assist\u201c widmen sich Jos\u00e9 Mar\u00eda Gonz\u00e1lez Pinto und Wolf-Tilo Balke der Frage, ob aus einer gr\u00f6\u00dferen Menge von Aufzeichnungen des individuellen Fahrverhaltens (Big Data) typische Taktiken f\u00fcr die gleiche Strategie mit ausreichender Genauigkeit bestimmt werden k\u00f6nnen. G\u00e4be es solch dominante Taktiken, die sich noch dazu unterschiedlichen \u00f6rtlichen oder aktuell feststellbaren Situationen zuordnen lie\u00dfen, w\u00e4re das ein deutlicher Gewinn f\u00fcr die Verbesserung der autonomen Mobilit\u00e4t. Die Wissenschaftler setzten auf eine Mischung aktueller Fahrverhaltensmodelle und legten den Fokus auf Spurwechsel, Kreuzungen und Kreisverkehr in urbanen Bereichen. Erste Ergebnisse zeigen, dass das Erlernen von typischem Fahrverhalten aus Fahrzeug-Flottendaten in der Tat m\u00f6glich ist.<\/p>\n                                      <\/div>\n                                    <\/div>\n                                  <\/div>\n                                <\/div>\n                              <\/div>\n                            <\/div>\n                          <\/div>\n                        <\/div>\n                      <\/div>\n                    <\/div>\n                  <\/div>\n                <\/div>\n              <\/div>\n            <\/div>\n          <\/div>\n        <\/div>\n      <\/div>\n    <\/div>\n  <\/div>\n  <div data-colibri-component=\"section\" data-colibri-id=\"7814-c19\" id=\"reusable-sections-2\" class=\"h-section h-section-global-spacing d-flex align-items-lg-center align-items-md-center align-items-center style-8344 style-local-7814-c19 position-relative\">\n    <!---->\n    <!---->\n    <div class=\"h-section-grid-container h-section-boxed-container\">\n      <!---->\n      <div data-colibri-id=\"7814-c20\" class=\"h-row-container gutters-row-lg-0 gutters-row-md-0 gutters-row-0 gutters-row-v-lg-0 gutters-row-v-md-0 gutters-row-v-0 style-8345 style-local-7814-c20 position-relative\">\n        <!---->\n        <div class=\"h-row justify-content-lg-center justify-content-md-center justify-content-center align-items-lg-stretch align-items-md-stretch align-items-stretch gutters-col-lg-0 gutters-col-md-0 gutters-col-0 gutters-col-v-lg-0 gutters-col-v-md-0 gutters-col-v-0\">\n          <!---->\n          <div class=\"h-column h-column-container d-flex h-col-lg-auto h-col-md-auto h-col-auto style-8346-outer style-local-7814-c21-outer\">\n            <div data-colibri-id=\"7814-c21\" class=\"d-flex h-flex-basis h-column__inner h-px-lg-0 h-px-md-0 h-px-0 v-inner-lg-0 v-inner-md-0 v-inner-0 style-8346 style-local-7814-c21 position-relative\">\n              <!---->\n              <!---->\n              <div class=\"w-100 h-y-container h-column__content h-column__v-align flex-basis-100 align-self-lg-start align-self-md-start align-self-start\">\n                <!---->\n                <div data-colibri-id=\"7814-c22\" class=\"h-divider style-8347 style-local-7814-c22 position-relative h-element\">\n                  <!----><span class=\"h-divider__line style-8347-line style-local-7814-c22-line style-8347-line style-local-7814-c22-line\"><\/span><\/div>\n              <\/div>\n            <\/div>\n          <\/div>\n        <\/div>\n      <\/div>\n      <div data-colibri-id=\"7814-c23\" class=\"h-row-container gutters-row-lg-2 gutters-row-md-2 gutters-row-0 gutters-row-v-lg-2 gutters-row-v-md-2 gutters-row-v-2 style-8348 style-local-7814-c23 position-relative\">\n        <!---->\n        <div class=\"h-row justify-content-lg-center justify-content-md-center justify-content-center align-items-lg-stretch align-items-md-stretch align-items-stretch gutters-col-lg-2 gutters-col-md-2 gutters-col-0 gutters-col-v-lg-2 gutters-col-v-md-2 gutters-col-v-2\">\n          <!---->\n          <div class=\"h-column h-column-container d-flex h-col-lg-auto h-col-md-auto h-col-auto style-8353-outer style-local-7814-c24-outer\">\n            <div data-colibri-id=\"7814-c24\" class=\"d-flex h-flex-basis h-column__inner h-px-lg-2 h-px-md-2 h-px-2 v-inner-lg-2 v-inner-md-2 v-inner-2 style-8353 style-local-7814-c24 position-relative\">\n              <!---->\n              <!---->\n              <div class=\"w-100 h-y-container h-column__content h-column__v-align flex-basis-100 align-self-lg-start align-self-md-start align-self-start\">\n                <!---->\n                <div data-colibri-id=\"7814-c25\" class=\"h-global-transition-all h-heading style-8350 style-local-7814-c25 position-relative h-element\">\n                  <!---->\n                  <div class=\"h-heading__outer style-8350 style-local-7814-c25\">\n                    <!---->\n                    <!---->\n                    <h6 class=\"\">Kontakt<\/h6>\n                  <\/div>\n                <\/div>\n                <div data-colibri-id=\"7814-c26\" class=\"h-row-container gutters-row-lg-2 gutters-row-md-2 gutters-row-0 gutters-row-v-lg-2 gutters-row-v-md-2 gutters-row-v-2 style-8354 style-local-7814-c26 position-relative\">\n                  <!---->\n                  <div class=\"h-row justify-content-lg-center justify-content-md-center justify-content-center align-items-lg-stretch align-items-md-stretch align-items-stretch gutters-col-lg-2 gutters-col-md-2 gutters-col-0 gutters-col-v-lg-2 gutters-col-v-md-2 gutters-col-v-2\">\n                    <!---->\n                    <div class=\"h-column h-column-container d-flex h-col-lg-auto h-col-md-auto h-col-auto style-8355-outer style-local-7814-c27-outer\">\n                      <div data-colibri-id=\"7814-c27\" class=\"d-flex h-flex-basis h-column__inner h-px-lg-2 h-px-md-2 h-px-2 v-inner-lg-2 v-inner-md-2 v-inner-2 style-8355 style-local-7814-c27 position-relative\">\n                        <!---->\n                        <!---->\n                        <div class=\"w-100 h-y-container h-column__content h-column__v-align flex-basis-100 align-self-lg-start align-self-md-start align-self-start\">\n                          <!---->\n                          <div data-colibri-id=\"7814-c28\" class=\"d-block style-8356 style-local-7814-c28 position-relative h-element\">\n                            <!---->\n                            <div class=\"h-image__frame-container-outer\">\n                              <div class=\"h-image__frame-container\">\n                                <!---->\n                                <!---->\n                                <img decoding=\"async\" width=\"150\" height=\"150\" data-src=\"https:\/\/www.l3s.de\/wp-content\/uploads\/2022\/08\/Balke-Wolf-Tilo.jpg\" class=\"wp-image-1668 style-8356-image style-local-7814-c28-image lazyload\" alt=\"\" data-srcset=\"https:\/\/www.l3s.de\/wp-content\/uploads\/2022\/08\/Balke-Wolf-Tilo.jpg 150w, https:\/\/www.l3s.de\/wp-content\/uploads\/2022\/08\/Balke-Wolf-Tilo-12x12.jpg 12w\" data-sizes=\"(max-width: 150px) 100vw, 150px\" src=\"data:image\/svg+xml;base64,PHN2ZyB3aWR0aD0iMSIgaGVpZ2h0PSIxIiB4bWxucz0iaHR0cDovL3d3dy53My5vcmcvMjAwMC9zdmciPjwvc3ZnPg==\" style=\"--smush-placeholder-width: 150px; --smush-placeholder-aspect-ratio: 150\/150;\" \/>\n                                <div class=\"h-image__frame h-hide-lg h-hide-md h-hide-sm style-8356-frameImage style-local-7814-c28-frameImage\"><\/div>\n                              <\/div>\n                            <\/div>\n                          <\/div>\n                          <div data-colibri-id=\"7814-c29\" class=\"h-row-container gutters-row-lg-0 gutters-row-md-0 gutters-row-0 gutters-row-v-lg-0 gutters-row-v-md-0 gutters-row-v-0 style-8357 style-local-7814-c29 position-relative\">\n                            <!---->\n                            <div class=\"h-row justify-content-lg-center justify-content-md-center justify-content-center align-items-lg-stretch align-items-md-stretch align-items-stretch gutters-col-lg-0 gutters-col-md-0 gutters-col-0 gutters-col-v-lg-0 gutters-col-v-md-0 gutters-col-v-0\">\n                              <!---->\n                              <div class=\"h-column h-column-container d-flex h-col-lg h-col-md h-col-auto style-8358-outer style-local-7814-c30-outer\">\n                                <div data-colibri-id=\"7814-c30\" class=\"d-flex h-flex-basis h-column__inner h-px-lg-0 h-px-md-0 h-px-0 v-inner-lg-0 v-inner-md-0 v-inner-0 style-8358 style-local-7814-c30 position-relative\">\n                                  <!---->\n                                  <!---->\n                                  <div class=\"w-100 h-y-container h-column__content h-column__v-align flex-basis-100 align-self-lg-start align-self-md-start align-self-start\">\n                                    <!---->\n                                    <div data-colibri-id=\"7814-c31\" class=\"h-global-transition-all h-heading style-8359 style-local-7814-c31 position-relative h-element\">\n                                      <!---->\n                                      <div class=\"h-heading__outer style-8359 style-local-7814-c31\">\n                                        <!---->\n                                        <!---->\n                                        <h4 class=\"\">Prof. Dr. Wolf-Tilo Balke<\/h4>\n                                      <\/div>\n                                    <\/div>\n                                    <div data-colibri-id=\"7814-c32\" class=\"h-x-container style-8360 style-local-7814-c32 position-relative h-element\">\n                                      <!---->\n                                      <div class=\"h-x-container-inner style-dynamic-7814-c32-group style-8360-spacing style-local-7814-c32-spacing\"><span class=\"h-link__outer style-8361-outer style-local-7814-c33-outer d-inline-flex h-element\"><a h-use-smooth-scroll=\"true\" href=\"mailto:balke@l3s.de\"  data-colibri-id=\"7814-c33\" class=\"d-flex w-100 align-items-center h-link style-8361 style-local-7814-c33 position-relative\"><!----><!----> <span>balke@l3s.de<\/span><\/a>\n                                        <\/span>\n                                      <\/div>\n                                    <\/div>\n                                  <\/div>\n                                <\/div>\n                              <\/div>\n                            <\/div>\n                          <\/div>\n                          <div data-colibri-id=\"7814-c34\" class=\"h-text h-text-component style-8362 style-local-7814-c34 position-relative h-element\">\n                            <!---->\n                            <!---->\n                            <div class=\"\">\n                              <p>Prof. Dr. Wolf-Tilo Balke ist seit 2008 Leiter des Instituts f\u00fcr Informationssysteme (IfIS) und Ordinarius an der Technischen Universit\u00e4t Braunschweig sowie Mitglied des Direktoriums des Forschungszentrums L3S.<\/p>\n                            <\/div>\n                          <\/div>\n                        <\/div>\n                      <\/div>\n                    <\/div>\n                  <\/div>\n                <\/div>\n              <\/div>\n            <\/div>\n          <\/div>\n        <\/div>\n      <\/div>\n    <\/div>\n  <\/div>\n<\/div>","protected":false},"excerpt":{"rendered":"<p>Foto: \u00a9Olivier Le Moal \u2013 Fotolia Issue: 01\/2018 Innovation durch Forschung How autonomous vehicles learn from us Autonomously driving cars have long since ceased to be science fiction and are already being tested in road traffic at various degrees of autonomy. It is clear that the vehicles must pay attention to the course of the [&hellip;]<\/p>","protected":false},"author":7,"featured_media":7815,"parent":2750,"menu_order":0,"comment_status":"closed","ping_status":"closed","template":"page-templates\/full-width-page.php","meta":{"_acf_changed":false,"footnotes":""},"categories":[],"tags":[28,89],"class_list":["post-7814","page","type-page","status-publish","has-post-thumbnail","hentry","tag-binaire","tag-binaire-2018-01"],"acf":[],"aioseo_notices":[],"publishpress_future_action":{"enabled":false,"date":"2026-05-27 00:24:24","action":"category","newStatus":"draft","terms":[75],"taxonomy":"category","extraData":[]},"publishpress_future_workflow_manual_trigger":{"enabledWorkflows":[]},"_links":{"self":[{"href":"https:\/\/www.l3s.de\/de\/wp-json\/wp\/v2\/pages\/7814","targetHints":{"allow":["GET"]}}],"collection":[{"href":"https:\/\/www.l3s.de\/de\/wp-json\/wp\/v2\/pages"}],"about":[{"href":"https:\/\/www.l3s.de\/de\/wp-json\/wp\/v2\/types\/page"}],"author":[{"embeddable":true,"href":"https:\/\/www.l3s.de\/de\/wp-json\/wp\/v2\/users\/7"}],"replies":[{"embeddable":true,"href":"https:\/\/www.l3s.de\/de\/wp-json\/wp\/v2\/comments?post=7814"}],"version-history":[{"count":0,"href":"https:\/\/www.l3s.de\/de\/wp-json\/wp\/v2\/pages\/7814\/revisions"}],"up":[{"embeddable":true,"href":"https:\/\/www.l3s.de\/de\/wp-json\/wp\/v2\/pages\/2750"}],"wp:featuredmedia":[{"embeddable":true,"href":"https:\/\/www.l3s.de\/de\/wp-json\/wp\/v2\/media\/7815"}],"wp:attachment":[{"href":"https:\/\/www.l3s.de\/de\/wp-json\/wp\/v2\/media?parent=7814"}],"wp:term":[{"taxonomy":"category","embeddable":true,"href":"https:\/\/www.l3s.de\/de\/wp-json\/wp\/v2\/categories?post=7814"},{"taxonomy":"post_tag","embeddable":true,"href":"https:\/\/www.l3s.de\/de\/wp-json\/wp\/v2\/tags?post=7814"}],"curies":[{"name":"wp","href":"https:\/\/api.w.org\/{rel}","templated":true}]}}