{"id":7804,"date":"2018-04-06T15:57:03","date_gmt":"2018-04-06T13:57:03","guid":{"rendered":"https:\/\/www.l3s.de\/?page_id=7804"},"modified":"2022-12-06T12:51:17","modified_gmt":"2022-12-06T11:51:17","slug":"new-manufacturing-process-for-high-performance-chips","status":"publish","type":"page","link":"https:\/\/www.l3s.de\/de\/magazine\/binaire-articles\/new-manufacturing-process-for-high-performance-chips\/","title":{"rendered":"Neues Fertigungsverfahren f\u00fcr leistungsstarke Chips"},"content":{"rendered":"<div data-colibri-id=\"7804-c1\" class=\"style-8283 style-local-7804-c1 position-relative\">\n  <!---->\n  <div data-colibri-component=\"section\" data-colibri-id=\"7804-c2\" id=\"reusable-sections\" class=\"h-section h-section-global-spacing d-flex align-items-lg-center align-items-md-center align-items-center style-8284 style-local-7804-c2 position-relative\">\n    <!---->\n    <!---->\n    <div class=\"h-section-grid-container h-section-boxed-container\">\n      <!---->\n      <div data-colibri-id=\"7804-c3\" class=\"h-row-container gutters-row-lg-2 gutters-row-md-2 gutters-row-0 gutters-row-v-lg-2 gutters-row-v-md-2 gutters-row-v-2 style-8285 style-local-7804-c3 position-relative\">\n        <!---->\n        <div class=\"h-row justify-content-lg-center justify-content-md-center justify-content-center align-items-lg-stretch align-items-md-stretch align-items-stretch gutters-col-lg-2 gutters-col-md-2 gutters-col-0 gutters-col-v-lg-2 gutters-col-v-md-2 gutters-col-v-2\">\n          <!---->\n          <div class=\"h-column h-column-container d-flex h-col-lg-auto h-col-md-auto h-col-auto style-8286-outer style-local-7804-c4-outer\">\n            <div data-colibri-id=\"7804-c4\" class=\"d-flex h-flex-basis h-column__inner h-px-lg-0 h-px-md-0 h-px-0 v-inner-lg-0 v-inner-md-0 v-inner-0 style-8286 style-local-7804-c4 position-relative\">\n              <!---->\n              <!---->\n              <div class=\"w-100 h-y-container h-column__content h-column__v-align flex-basis-100 align-self-lg-start align-self-md-start align-self-start\">\n                <!---->\n                <div data-colibri-id=\"7804-c5\" class=\"d-block style-8287 style-local-7804-c5 position-relative h-element\">\n                  <!---->\n                  <div class=\"h-image__frame-container-outer\">\n                    <div class=\"h-image__frame-container\">\n                      <!---->\n                      <!---->\n                      <img decoding=\"async\" width=\"775\" height=\"582\" data-src=\"https:\/\/www.l3s.de\/wp-content\/uploads\/2022\/09\/things2do.jpeg\" class=\"wp-image-7805 style-8287-image style-local-7804-c5-image lazyload\" alt=\"\" data-srcset=\"https:\/\/www.l3s.de\/wp-content\/uploads\/2022\/09\/things2do.jpeg 775w, https:\/\/www.l3s.de\/wp-content\/uploads\/2022\/09\/things2do-300x225.jpeg 300w, https:\/\/www.l3s.de\/wp-content\/uploads\/2022\/09\/things2do-768x577.jpeg 768w, https:\/\/www.l3s.de\/wp-content\/uploads\/2022\/09\/things2do-16x12.jpeg 16w\" data-sizes=\"(max-width: 775px) 100vw, 775px\" src=\"data:image\/svg+xml;base64,PHN2ZyB3aWR0aD0iMSIgaGVpZ2h0PSIxIiB4bWxucz0iaHR0cDovL3d3dy53My5vcmcvMjAwMC9zdmciPjwvc3ZnPg==\" style=\"--smush-placeholder-width: 775px; --smush-placeholder-aspect-ratio: 775\/582;\" \/>\n                      <div class=\"h-image__frame h-hide-lg h-hide-md h-hide-sm style-8287-frameImage style-local-7804-c5-frameImage\"><\/div>\n                    <\/div>\n                  <\/div>\n                <\/div>\n              <\/div>\n            <\/div>\n          <\/div>\n        <\/div>\n      <\/div>\n      <div data-colibri-id=\"7804-c6\" class=\"h-row-container gutters-row-lg-2 gutters-row-md-2 gutters-row-0 gutters-row-v-lg-2 gutters-row-v-md-2 gutters-row-v-2 style-8288 style-local-7804-c6 position-relative\">\n        <!---->\n        <div class=\"h-row justify-content-lg-center justify-content-md-center justify-content-center align-items-lg-stretch align-items-md-stretch align-items-stretch gutters-col-lg-2 gutters-col-md-2 gutters-col-0 gutters-col-v-lg-2 gutters-col-v-md-2 gutters-col-v-2\">\n          <!---->\n          <div class=\"h-column h-column-container d-flex h-col-lg h-col-md-auto h-col-auto style-8289-outer style-local-7804-c7-outer\">\n            <div data-colibri-id=\"7804-c7\" class=\"d-flex h-flex-basis h-column__inner h-px-lg-0 h-px-md-0 h-px-0 v-inner-lg-0 v-inner-md-0 v-inner-0 style-8289 style-local-7804-c7 position-relative\">\n              <!---->\n              <!---->\n              <div class=\"w-100 h-y-container h-column__content h-column__v-align flex-basis-100 align-self-lg-start align-self-md-start align-self-start\">\n                <!---->\n                <div data-colibri-id=\"7804-c8\" class=\"h-row-container gutters-row-lg-0 gutters-row-md-0 gutters-row-0 gutters-row-v-lg-0 gutters-row-v-md-0 gutters-row-v-0 style-8290 style-local-7804-c8 position-relative\">\n                  <!---->\n                  <div class=\"h-row justify-content-lg-center justify-content-md-center justify-content-center align-items-lg-stretch align-items-md-stretch align-items-stretch gutters-col-lg-0 gutters-col-md-0 gutters-col-0 gutters-col-v-lg-0 gutters-col-v-md-0 gutters-col-v-0\">\n                    <!---->\n                    <div class=\"h-column h-column-container d-flex h-col-lg-auto h-col-md-auto h-col-auto style-8291-outer style-local-7804-c9-outer\">\n                      <div data-colibri-id=\"7804-c9\" class=\"d-flex h-flex-basis h-column__inner h-px-lg-2 h-px-md-2 h-px-2 v-inner-lg-2 v-inner-md-2 v-inner-2 style-8291 style-local-7804-c9 position-relative\">\n                        <!---->\n                        <!---->\n                        <div class=\"w-100 h-y-container h-column__content h-column__v-align flex-basis-100 align-self-lg-start align-self-md-start align-self-start\">\n                          <!---->\n                          <div data-colibri-id=\"7804-c10\" class=\"h-text h-text-component style-8292 style-local-7804-c10 position-relative h-element\">\n                            <!---->\n                            <!---->\n                            <div class=\"\">\n                              <p>Ausgabe 01\/2018<\/p>\n                            <\/div>\n                          <\/div>\n                          <div data-colibri-id=\"7804-c11\" class=\"h-x-container style-8293 style-local-7804-c11 position-relative h-element\">\n                            <!---->\n                            <div class=\"h-x-container-inner style-dynamic-7804-c11-group style-8293-spacing style-local-7804-c11-spacing\"><span class=\"h-link__outer style-8294-outer style-local-7804-c12-outer d-inline-flex h-element\"><a h-use-smooth-scroll=\"true\" href=\"https:\/\/www.l3s.de\/wp-content\/uploads\/2022\/09\/L3S-Magazin-Binaire-web.pdf\" target=\"_blank\" data-colibri-id=\"7804-c12\" class=\"d-flex w-100 align-items-center h-link style-8294 style-local-7804-c12 position-relative\" rel=\"noopener\"><!----><!----> <span>Innovation durch Forschung<\/span><\/a>\n                              <\/span>\n                            <\/div>\n                          <\/div>\n                          <div data-colibri-id=\"7804-c13\" class=\"style-8295 style-local-7804-c13 position-relative h-element\">\n                            <!---->\n                          <\/div>\n                        <\/div>\n                      <\/div>\n                    <\/div>\n                    <div class=\"h-column h-column-container d-flex h-col-lg-auto h-col-md-auto h-col-auto style-8296-outer style-local-7804-c14-outer\">\n                      <div data-colibri-id=\"7804-c14\" class=\"d-flex h-flex-basis h-column__inner h-px-lg-2 h-px-md-2 h-px-2 v-inner-lg-2 v-inner-md-2 v-inner-2 style-8296 style-local-7804-c14 position-relative\">\n                        <!---->\n                        <!---->\n                        <div class=\"w-100 h-y-container h-column__content h-column__v-align flex-basis-100 align-self-lg-start align-self-md-start align-self-start\">\n                          <!---->\n                          <div data-colibri-id=\"7804-c15\" class=\"h-global-transition-all h-heading style-8298 style-local-7804-c15 position-relative h-element\">\n                            <!---->\n                            <div class=\"h-heading__outer style-8298 style-local-7804-c15\">\n                              <!---->\n                              <!---->\n                              <h1 class=\"\">Neues Fertigungsverfahren f\u00fcr leistungsstarke Chips<\/h1>\n                            <\/div>\n                          <\/div>\n                          <div data-colibri-id=\"7804-c16\" class=\"style-8299 style-local-7804-c16 position-relative h-element\">\n                            <!---->\n                          <\/div>\n                          <div data-colibri-id=\"7804-c17\" class=\"h-row-container gutters-row-lg-0 gutters-row-md-0 gutters-row-0 gutters-row-v-lg-0 gutters-row-v-md-0 gutters-row-v-0 style-8300 style-local-7804-c17 position-relative\">\n                            <!---->\n                            <div class=\"h-row justify-content-lg-center justify-content-md-center justify-content-center align-items-lg-stretch align-items-md-stretch align-items-stretch gutters-col-lg-0 gutters-col-md-0 gutters-col-0 gutters-col-v-lg-0 gutters-col-v-md-0 gutters-col-v-0\">\n                              <!---->\n                              <div class=\"h-column h-column-container d-flex h-col-lg h-col-md h-col-auto style-8301-outer style-local-7804-c18-outer\">\n                                <div data-colibri-id=\"7804-c18\" class=\"d-flex h-flex-basis h-column__inner h-px-lg-0 h-px-md-0 h-px-0 v-inner-lg-0 v-inner-md-0 v-inner-0 style-8301 style-local-7804-c18 position-relative\">\n                                  <!---->\n                                  <!---->\n                                  <div class=\"w-100 h-y-container h-column__content h-column__v-align flex-basis-100 align-self-lg-start align-self-md-start align-self-start\">\n                                    <!---->\n                                    <div data-colibri-id=\"7804-c19\" class=\"h-text h-text-component style-8302 style-local-7804-c19 position-relative h-element\">\n                                      <!---->\n                                      <!---->\n                                      <div class=\"\">\n                                        <p class=\"translation-block\">F&uuml;r die Digitalisierung ist die Mikro- und Nanoelektronik eine Schl&uuml;sseltechnologie,&nbsp;<em>da sie die Basiskomponenten und -systeme der digitalen Produkte &uuml;berhaupt erst erm&ouml;glicht.<\/em>&nbsp;Das europ&auml;ische Projekt THINGS2DO soll die FD-SOI-Halbleitertechnologie&nbsp;(fully-depleted silicon-on-insulator) f&ouml;rdern und entwickeln, um energieeffiziente,<strong>&nbsp;<\/strong><em>hochintegrierte Schaltkreise<\/em>&nbsp;fertigen zu k&ouml;nnen. Sie werden zum Beispiel f&uuml;r fortschrittliche Fahrerassistenzsysteme ben&ouml;tigt, die den Fahrer bei der sicheren Steuerung eines Fahrzeugs unterst&uuml;tzen und einen immer gr&ouml;&szlig;eren Teil der Aufgaben des Fahrers bis hin zum autonomen Fahren &uuml;bernehmen.<\/p>\n                                        <p>Am L3S forschen Prof. Holger Blume und sein Team an echtzeitf&auml;higen Multi-Kamera-Fahrerassistenzsystemen f&uuml;r ein System-on-Chip (SoC) des Projektpartners Dream Chip Technologies GmbH. Sie evaluieren und optimieren die Einsatzm&ouml;glichkeiten der SoC-Architektur und Fertigungstechnologie anhand mehrerer konkreter Applikationen zur 360&deg;-&Uuml;berwachung beim Einparken sowie zur Erkennung von Personen und Hindernissen.<\/p>\n                                        <p class=\"translation-block\">&bdquo;Automobilhersteller und Zulieferer k&ouml;nnen mit der sogenannten Design-Space-Exploration bereits in der Projektkonzeptionsphase die Leistungsf&auml;higkeit der Hardware-Plattform absch&auml;tzen und optimieren&ldquo;, betont Prof. Blume. &bdquo;Dies ist insbesondere vor der zunehmenden Zentralisierung der Rechenleistung in einem Fahrzeug relevant&ldquo;. In aktuellen Modellen werden etliche elektronische Funktionen - vom elektrisch beheiz- und einstellbaren Au&szlig;enspiegel bis zur R&uuml;ckfahrkamera und Motorregelung - von einzelnen Systemen gesteuert, die &uuml;ber ein komplexes Netz miteinander kommunizieren. Zahlreiche Fahrerassistenzfunktionen werden auf Grund der hohen Bandbreiten in Zukunft auf einer zentralen Plattform integriert, die besonders&nbsp;<em>fehlerrobust und energieeffizient<\/em>&nbsp;arbeiten muss.<\/p>\n                                        <p class=\"translation-block\">&ldquo;Die Leistungsaufnahme, die wir gemessen haben, erf&uuml;llt unsere Erwartungen&ldquo;, sagt Jens Benndorf, Gesch&auml;ftsf&uuml;hrer der Dream Chip Technologies GmbH, &uuml;ber die Ergebnisse der neuartigen SoC-Architektur in Kombination mit neuester Fertigungstechnologie. &bdquo;Das Kundeninteresse an diesem komplexen und hochintegrierten europ&auml;ischen Prozessor f&uuml;r den Automotive-Markt ist sehr hoch&nbsp;<em>und wir sind bereits in der Planung f&uuml;r weitere Tape-outs, um die Marktf&auml;higkeit unter Beweis zu stellen<\/em>&ldquo;, betont Martin Zeller, &bdquo;Chief SoC Architect&ldquo; bei Dream Chip.<\/p>\n                                      <\/div>\n                                    <\/div>\n                                  <\/div>\n                                <\/div>\n                              <\/div>\n                            <\/div>\n                          <\/div>\n                        <\/div>\n                      <\/div>\n                    <\/div>\n                  <\/div>\n                <\/div>\n              <\/div>\n            <\/div>\n          <\/div>\n        <\/div>\n      <\/div>\n    <\/div>\n  <\/div>\n  <div data-colibri-component=\"section\" data-colibri-id=\"7804-c20\" id=\"reusable-sections-2\" class=\"h-section h-section-global-spacing d-flex align-items-lg-center align-items-md-center align-items-center style-8303 style-local-7804-c20 position-relative\">\n    <!---->\n    <!---->\n    <div class=\"h-section-grid-container h-section-boxed-container\">\n      <!---->\n      <div data-colibri-id=\"7804-c21\" class=\"h-row-container gutters-row-lg-0 gutters-row-md-0 gutters-row-0 gutters-row-v-lg-0 gutters-row-v-md-0 gutters-row-v-0 style-8304 style-local-7804-c21 position-relative\">\n        <!---->\n        <div class=\"h-row justify-content-lg-center justify-content-md-center justify-content-center align-items-lg-stretch align-items-md-stretch align-items-stretch gutters-col-lg-0 gutters-col-md-0 gutters-col-0 gutters-col-v-lg-0 gutters-col-v-md-0 gutters-col-v-0\">\n          <!---->\n          <div class=\"h-column h-column-container d-flex h-col-lg-auto h-col-md-auto h-col-auto style-8305-outer style-local-7804-c22-outer\">\n            <div data-colibri-id=\"7804-c22\" class=\"d-flex h-flex-basis h-column__inner h-px-lg-0 h-px-md-0 h-px-0 v-inner-lg-0 v-inner-md-0 v-inner-0 style-8305 style-local-7804-c22 position-relative\">\n              <!---->\n              <!---->\n              <div class=\"w-100 h-y-container h-column__content h-column__v-align flex-basis-100 align-self-lg-start align-self-md-start align-self-start\">\n                <!---->\n                <div data-colibri-id=\"7804-c23\" class=\"h-divider style-8306 style-local-7804-c23 position-relative h-element\">\n                  <!----><span class=\"h-divider__line style-8306-line style-local-7804-c23-line style-8306-line style-local-7804-c23-line\"><\/span><\/div>\n              <\/div>\n            <\/div>\n          <\/div>\n        <\/div>\n      <\/div>\n      <div data-colibri-id=\"7804-c24\" class=\"h-row-container gutters-row-lg-2 gutters-row-md-2 gutters-row-0 gutters-row-v-lg-2 gutters-row-v-md-2 gutters-row-v-2 style-8307 style-local-7804-c24 position-relative\">\n        <!---->\n        <div class=\"h-row justify-content-lg-center justify-content-md-center justify-content-center align-items-lg-stretch align-items-md-stretch align-items-stretch gutters-col-lg-2 gutters-col-md-2 gutters-col-0 gutters-col-v-lg-2 gutters-col-v-md-2 gutters-col-v-2\">\n          <!---->\n          <div class=\"h-column h-column-container d-flex h-col-lg-auto h-col-md-auto h-col-auto style-8312-outer style-local-7804-c25-outer\">\n            <div data-colibri-id=\"7804-c25\" class=\"d-flex h-flex-basis h-column__inner h-px-lg-2 h-px-md-2 h-px-2 v-inner-lg-2 v-inner-md-2 v-inner-2 style-8312 style-local-7804-c25 position-relative\">\n              <!---->\n              <!---->\n              <div class=\"w-100 h-y-container h-column__content h-column__v-align flex-basis-100 align-self-lg-start align-self-md-start align-self-start\">\n                <!---->\n                <div data-colibri-id=\"7804-c26\" class=\"h-global-transition-all h-heading style-8309 style-local-7804-c26 position-relative h-element\">\n                  <!---->\n                  <div class=\"h-heading__outer style-8309 style-local-7804-c26\">\n                    <!---->\n                    <!---->\n                    <h6 class=\"\">Kontakt<\/h6>\n                  <\/div>\n                <\/div>\n                <div data-colibri-id=\"7804-c27\" class=\"h-row-container gutters-row-lg-2 gutters-row-md-2 gutters-row-0 gutters-row-v-lg-2 gutters-row-v-md-2 gutters-row-v-2 style-8313 style-local-7804-c27 position-relative\">\n                  <!---->\n                  <div class=\"h-row justify-content-lg-center justify-content-md-center justify-content-center align-items-lg-stretch align-items-md-stretch align-items-stretch gutters-col-lg-2 gutters-col-md-2 gutters-col-0 gutters-col-v-lg-2 gutters-col-v-md-2 gutters-col-v-2\">\n                    <!---->\n                    <div class=\"h-column h-column-container d-flex h-col-lg-auto h-col-md-auto h-col-auto style-8314-outer style-local-7804-c28-outer\">\n                      <div data-colibri-id=\"7804-c28\" class=\"d-flex h-flex-basis h-column__inner h-px-lg-2 h-px-md-2 h-px-2 v-inner-lg-2 v-inner-md-2 v-inner-2 style-8314 style-local-7804-c28 position-relative\">\n                        <!---->\n                        <!---->\n                        <div class=\"w-100 h-y-container h-column__content h-column__v-align flex-basis-100 align-self-lg-start align-self-md-start align-self-start\">\n                          <!---->\n                          <div data-colibri-id=\"7804-c29\" class=\"d-block style-8315 style-local-7804-c29 position-relative h-element\">\n                            <!---->\n                            <div class=\"h-image__frame-container-outer\">\n                              <div class=\"h-image__frame-container\">\n                                <!---->\n                                <!---->\n                                <img decoding=\"async\" width=\"512\" height=\"512\" data-src=\"https:\/\/www.l3s.de\/wp-content\/uploads\/2022\/09\/Holger-Blume.jpeg\" class=\"wp-image-7313 style-8315-image style-local-7804-c29-image lazyload\" alt=\"\" data-srcset=\"https:\/\/www.l3s.de\/wp-content\/uploads\/2022\/09\/Holger-Blume.jpeg 512w, https:\/\/www.l3s.de\/wp-content\/uploads\/2022\/09\/Holger-Blume-300x300.jpeg 300w, https:\/\/www.l3s.de\/wp-content\/uploads\/2022\/09\/Holger-Blume-150x150.jpeg 150w, https:\/\/www.l3s.de\/wp-content\/uploads\/2022\/09\/Holger-Blume-12x12.jpeg 12w\" data-sizes=\"(max-width: 512px) 100vw, 512px\" src=\"data:image\/svg+xml;base64,PHN2ZyB3aWR0aD0iMSIgaGVpZ2h0PSIxIiB4bWxucz0iaHR0cDovL3d3dy53My5vcmcvMjAwMC9zdmciPjwvc3ZnPg==\" style=\"--smush-placeholder-width: 512px; --smush-placeholder-aspect-ratio: 512\/512;\" \/>\n                                <div class=\"h-image__frame h-hide-lg h-hide-md h-hide-sm style-8315-frameImage style-local-7804-c29-frameImage\"><\/div>\n                              <\/div>\n                            <\/div>\n                          <\/div>\n                          <div data-colibri-id=\"7804-c30\" class=\"h-row-container gutters-row-lg-0 gutters-row-md-0 gutters-row-0 gutters-row-v-lg-0 gutters-row-v-md-0 gutters-row-v-0 style-8316 style-local-7804-c30 position-relative\">\n                            <!---->\n                            <div class=\"h-row justify-content-lg-center justify-content-md-center justify-content-center align-items-lg-stretch align-items-md-stretch align-items-stretch gutters-col-lg-0 gutters-col-md-0 gutters-col-0 gutters-col-v-lg-0 gutters-col-v-md-0 gutters-col-v-0\">\n                              <!---->\n                              <div class=\"h-column h-column-container d-flex h-col-lg h-col-md h-col-auto style-8317-outer style-local-7804-c31-outer\">\n                                <div data-colibri-id=\"7804-c31\" class=\"d-flex h-flex-basis h-column__inner h-px-lg-0 h-px-md-0 h-px-0 v-inner-lg-0 v-inner-md-0 v-inner-0 style-8317 style-local-7804-c31 position-relative\">\n                                  <!---->\n                                  <!---->\n                                  <div class=\"w-100 h-y-container h-column__content h-column__v-align flex-basis-100 align-self-lg-start align-self-md-start align-self-start\">\n                                    <!---->\n                                    <div data-colibri-id=\"7804-c32\" class=\"h-global-transition-all h-heading style-8318 style-local-7804-c32 position-relative h-element\">\n                                      <!---->\n                                      <div class=\"h-heading__outer style-8318 style-local-7804-c32\">\n                                        <!---->\n                                        <!---->\n                                        <h4 class=\"\">Prof. Dr.-Ing. Holger Blume<\/h4>\n                                      <\/div>\n                                    <\/div>\n                                    <div data-colibri-id=\"7804-c33\" class=\"h-x-container style-8319 style-local-7804-c33 position-relative h-element\">\n                                      <!---->\n                                      <div class=\"h-x-container-inner style-dynamic-7804-c33-group style-8319-spacing style-local-7804-c33-spacing\"><span class=\"h-link__outer style-8320-outer style-local-7804-c34-outer d-inline-flex h-element\"><a h-use-smooth-scroll=\"true\" href=\"mailto:blume@l3s.de\"  data-colibri-id=\"7804-c34\" class=\"d-flex w-100 align-items-center h-link style-8320 style-local-7804-c34 position-relative\"><!----><!----> <span>blume@l3s.de<\/span><\/a>\n                                        <\/span>\n                                      <\/div>\n                                    <\/div>\n                                  <\/div>\n                                <\/div>\n                              <\/div>\n                            <\/div>\n                          <\/div>\n                          <div data-colibri-id=\"7804-c35\" class=\"h-text h-text-component style-8321 style-local-7804-c35 position-relative h-element\">\n                            <!---->\n                            <!---->\n                            <div class=\"\">\n                              <p>Holger Blume leitet das Institut f\u00fcr Mikroelektronische Systeme der Leibniz Universit\u00e4t Hannover und ist Professor f\u00fcr das Fachgebiet \"Architekturen und Systeme\". Seit 2016 ist er Mitglied im L3S.<\/p>\n                            <\/div>\n                          <\/div>\n                        <\/div>\n                      <\/div>\n                    <\/div>\n                  <\/div>\n                <\/div>\n              <\/div>\n            <\/div>\n          <\/div>\n        <\/div>\n      <\/div>\n    <\/div>\n  <\/div>\n<\/div>","protected":false},"excerpt":{"rendered":"<p>Issue: 01\/2018 Innovation durch Forschung New manufacturing process for high-performance chips Micro- and nanoelectronics is a key technology for digitization,&nbsp;as it is the key to making the basic components and systems of digital products possible in the first place.&nbsp;The European THINGS2DO project aims to promote and develop FD-SOI&nbsp;(fully-depleted silicon-on-insulator) semiconductor technology to produce energy-efficient,&nbsp;highly integrated [&hellip;]<\/p>","protected":false},"author":7,"featured_media":7805,"parent":2750,"menu_order":0,"comment_status":"closed","ping_status":"closed","template":"page-templates\/full-width-page.php","meta":{"_acf_changed":false,"footnotes":""},"categories":[],"tags":[28,89],"class_list":["post-7804","page","type-page","status-publish","has-post-thumbnail","hentry","tag-binaire","tag-binaire-2018-01"],"acf":[],"aioseo_notices":[],"publishpress_future_action":{"enabled":false,"date":"2026-05-17 12:13:46","action":"category","newStatus":"draft","terms":[75],"taxonomy":"category","extraData":[]},"publishpress_future_workflow_manual_trigger":{"enabledWorkflows":[]},"_links":{"self":[{"href":"https:\/\/www.l3s.de\/de\/wp-json\/wp\/v2\/pages\/7804","targetHints":{"allow":["GET"]}}],"collection":[{"href":"https:\/\/www.l3s.de\/de\/wp-json\/wp\/v2\/pages"}],"about":[{"href":"https:\/\/www.l3s.de\/de\/wp-json\/wp\/v2\/types\/page"}],"author":[{"embeddable":true,"href":"https:\/\/www.l3s.de\/de\/wp-json\/wp\/v2\/users\/7"}],"replies":[{"embeddable":true,"href":"https:\/\/www.l3s.de\/de\/wp-json\/wp\/v2\/comments?post=7804"}],"version-history":[{"count":0,"href":"https:\/\/www.l3s.de\/de\/wp-json\/wp\/v2\/pages\/7804\/revisions"}],"up":[{"embeddable":true,"href":"https:\/\/www.l3s.de\/de\/wp-json\/wp\/v2\/pages\/2750"}],"wp:featuredmedia":[{"embeddable":true,"href":"https:\/\/www.l3s.de\/de\/wp-json\/wp\/v2\/media\/7805"}],"wp:attachment":[{"href":"https:\/\/www.l3s.de\/de\/wp-json\/wp\/v2\/media?parent=7804"}],"wp:term":[{"taxonomy":"category","embeddable":true,"href":"https:\/\/www.l3s.de\/de\/wp-json\/wp\/v2\/categories?post=7804"},{"taxonomy":"post_tag","embeddable":true,"href":"https:\/\/www.l3s.de\/de\/wp-json\/wp\/v2\/tags?post=7804"}],"curies":[{"name":"wp","href":"https:\/\/api.w.org\/{rel}","templated":true}]}}