{"id":7772,"date":"2018-06-02T15:42:53","date_gmt":"2018-06-02T13:42:53","guid":{"rendered":"https:\/\/www.l3s.de\/?page_id=7772"},"modified":"2023-01-17T10:50:50","modified_gmt":"2023-01-17T09:50:50","slug":"just-dont-lose-your-bearings","status":"publish","type":"page","link":"https:\/\/www.l3s.de\/de\/magazine\/binaire-articles\/just-dont-lose-your-bearings\/","title":{"rendered":"Blo\u00df nicht die Orientierung verlieren"},"content":{"rendered":"<div data-colibri-id=\"7772-c1\" class=\"style-8201 style-local-7772-c1 position-relative\">\n  <!---->\n  <div data-colibri-component=\"section\" data-colibri-id=\"7772-c2\" id=\"reusable-sections\" class=\"h-section h-section-global-spacing d-flex align-items-lg-center align-items-md-center align-items-center style-8202 style-local-7772-c2 position-relative\">\n    <!---->\n    <!---->\n    <div class=\"h-section-grid-container h-section-boxed-container\">\n      <!---->\n      <div data-colibri-id=\"7772-c3\" class=\"h-row-container gutters-row-lg-3 gutters-row-md-3 gutters-row-0 gutters-row-v-lg-3 gutters-row-v-md-3 gutters-row-v-3 style-8203 style-local-7772-c3 position-relative\">\n        <div class=\"background-wrapper\">\n          <div class=\"background-layer background-layer-media-container-lg\">\n            <div data-enabled=\"true\" data-colibri-component=\"parallax\" class=\"background-layer paraxify lazyload\" model-id=\"7772-c3\" media=\"desktop\" is-preview=\"true\" style=\"background-image:inherit;\" data-bg-image=\"url(&quot;https:\/\/www.l3s.de\/wp-content\/uploads\/2022\/09\/bild.jpeg&quot;)\"><\/div>\n          <\/div>\n          <div class=\"background-layer background-layer-media-container-md\">\n            <div data-enabled=\"true\" data-colibri-component=\"parallax\" class=\"background-layer paraxify lazyload\" model-id=\"7772-c3\" media=\"tablet\" is-preview=\"true\" style=\"background-image:inherit;\" data-bg-image=\"url(&quot;https:\/\/www.l3s.de\/wp-content\/uploads\/2022\/09\/bild.jpeg&quot;)\"><\/div>\n          <\/div>\n          <div class=\"background-layer background-layer-media-container\">\n            <div data-enabled=\"true\" data-colibri-component=\"parallax\" class=\"background-layer paraxify lazyload\" model-id=\"7772-c3\" media=\"mobile\" is-preview=\"true\" style=\"background-image:inherit;\" data-bg-image=\"url(&quot;https:\/\/www.l3s.de\/wp-content\/uploads\/2022\/09\/bild.jpeg&quot;)\"><\/div>\n          <\/div>\n        <\/div>\n        <div class=\"h-row justify-content-lg-center justify-content-md-center justify-content-center align-items-lg-stretch align-items-md-stretch align-items-stretch gutters-col-lg-3 gutters-col-md-3 gutters-col-0 gutters-col-v-lg-3 gutters-col-v-md-3 gutters-col-v-3\">\n          <!---->\n          <div class=\"h-column h-column-container d-flex h-col-lg-auto h-col-md-auto h-col-auto style-8204-outer style-local-7772-c4-outer\">\n            <div data-colibri-id=\"7772-c4\" class=\"d-flex h-flex-basis h-column__inner h-ui-empty-state-container h-px-lg-3 h-px-md-3 h-px-3 v-inner-lg-3 v-inner-md-3 v-inner-3 style-8204 style-local-7772-c4 position-relative\">\n              <!---->\n              <!---->\n              <div class=\"w-100 h-y-container h-column__content h-column__v-align flex-basis-100\">\n                <!---->\n              <\/div>\n            <\/div>\n          <\/div>\n        <\/div>\n      <\/div>\n      <div data-colibri-id=\"7772-c36\" class=\"h-row-container gutters-row-lg-0 gutters-row-md-0 gutters-row-0 gutters-row-v-lg-0 gutters-row-v-md-0 gutters-row-v-0 style-11935 style-local-7772-c36 position-relative\">\n        <!---->\n        <div class=\"h-row justify-content-lg-center justify-content-md-center justify-content-center align-items-lg-stretch align-items-md-stretch align-items-stretch gutters-col-lg-0 gutters-col-md-0 gutters-col-0 gutters-col-v-lg-0 gutters-col-v-md-0 gutters-col-v-0\">\n          <!---->\n          <div class=\"h-column h-column-container d-flex h-col-lg-auto h-col-md-auto h-col-auto style-11936-outer style-local-7772-c37-outer\">\n            <div data-colibri-id=\"7772-c37\" class=\"d-flex h-flex-basis h-column__inner h-px-lg-0 h-px-md-0 h-px-0 v-inner-lg-0 v-inner-md-0 v-inner-0 style-11936 style-local-7772-c37 position-relative\">\n              <!---->\n              <!---->\n              <div class=\"w-100 h-y-container h-column__content h-column__v-align flex-basis-100 align-self-lg-start align-self-md-start align-self-start\">\n                <!---->\n                <div data-colibri-id=\"7772-c38\" class=\"h-text h-text-component style-11937 style-local-7772-c38 position-relative h-element\">\n                  <!---->\n                  <!---->\n                  <div class=\"\">\n                    <p>Foto: <span style=\"font-weight: 300; font-size: 14px; font-family: &quot;Open Sans&quot;; color: rgb(0, 0, 0);\">\u00a9<\/span>David Perez &#8211; Flickr.com<\/p>\n                  <\/div>\n                <\/div>\n              <\/div>\n            <\/div>\n          <\/div>\n        <\/div>\n      <\/div>\n      <div data-colibri-id=\"7772-c5\" class=\"h-row-container gutters-row-lg-2 gutters-row-md-2 gutters-row-0 gutters-row-v-lg-2 gutters-row-v-md-2 gutters-row-v-2 style-8205 style-local-7772-c5 position-relative\">\n        <!---->\n        <div class=\"h-row justify-content-lg-center justify-content-md-center justify-content-center align-items-lg-stretch align-items-md-stretch align-items-stretch gutters-col-lg-2 gutters-col-md-2 gutters-col-0 gutters-col-v-lg-2 gutters-col-v-md-2 gutters-col-v-2\">\n          <!---->\n          <div class=\"h-column h-column-container d-flex h-col-lg h-col-md-auto h-col-auto style-8206-outer style-local-7772-c6-outer\">\n            <div data-colibri-id=\"7772-c6\" class=\"d-flex h-flex-basis h-column__inner h-px-lg-0 h-px-md-0 h-px-0 v-inner-lg-0 v-inner-md-0 v-inner-0 style-8206 style-local-7772-c6 position-relative\">\n              <!---->\n              <!---->\n              <div class=\"w-100 h-y-container h-column__content h-column__v-align flex-basis-100 align-self-lg-start align-self-md-start align-self-start\">\n                <!---->\n                <div data-colibri-id=\"7772-c7\" class=\"h-row-container gutters-row-lg-0 gutters-row-md-0 gutters-row-0 gutters-row-v-lg-0 gutters-row-v-md-0 gutters-row-v-0 style-8207 style-local-7772-c7 position-relative\">\n                  <!---->\n                  <div class=\"h-row justify-content-lg-center justify-content-md-center justify-content-center align-items-lg-stretch align-items-md-stretch align-items-stretch gutters-col-lg-0 gutters-col-md-0 gutters-col-0 gutters-col-v-lg-0 gutters-col-v-md-0 gutters-col-v-0\">\n                    <!---->\n                    <div class=\"h-column h-column-container d-flex h-col-lg-auto h-col-md-auto h-col-auto style-8208-outer style-local-7772-c8-outer\">\n                      <div data-colibri-id=\"7772-c8\" class=\"d-flex h-flex-basis h-column__inner h-px-lg-2 h-px-md-2 h-px-2 v-inner-lg-2 v-inner-md-2 v-inner-2 style-8208 style-local-7772-c8 position-relative\">\n                        <!---->\n                        <!---->\n                        <div class=\"w-100 h-y-container h-column__content h-column__v-align flex-basis-100 align-self-lg-start align-self-md-start align-self-start\">\n                          <!---->\n                          <div data-colibri-id=\"7772-c9\" class=\"h-text h-text-component style-8209 style-local-7772-c9 position-relative h-element\">\n                            <!---->\n                            <!---->\n                            <div class=\"\">\n                              <p>Ausgabe: 02\/2018<\/p>\n                            <\/div>\n                          <\/div>\n                          <div data-colibri-id=\"7772-c10\" class=\"h-x-container style-8210 style-local-7772-c10 position-relative h-element\">\n                            <!---->\n                            <div class=\"h-x-container-inner style-dynamic-7772-c10-group style-8210-spacing style-local-7772-c10-spacing\"><span class=\"h-link__outer style-8211-outer style-local-7772-c11-outer d-inline-flex h-element\"><a h-use-smooth-scroll=\"true\" href=\"https:\/\/www.l3s.de\/wp-content\/uploads\/2022\/09\/L3S-Binaire-2-web.pdf\" target=\"_blank\" data-colibri-id=\"7772-c11\" class=\"d-flex w-100 align-items-center h-link style-8211 style-local-7772-c11 position-relative\" rel=\"noopener\"><!----><!----> <span>Maschinelles Lernen<\/span><\/a>\n                              <\/span>\n                            <\/div>\n                          <\/div>\n                          <div data-colibri-id=\"7772-c12\" class=\"style-8212 style-local-7772-c12 position-relative h-element\">\n                            <!---->\n                          <\/div>\n                        <\/div>\n                      <\/div>\n                    <\/div>\n                    <div class=\"h-column h-column-container d-flex h-col-lg-auto h-col-md-auto h-col-auto style-8213-outer style-local-7772-c13-outer\">\n                      <div data-colibri-id=\"7772-c13\" class=\"d-flex h-flex-basis h-column__inner h-px-lg-2 h-px-md-2 h-px-2 v-inner-lg-2 v-inner-md-2 v-inner-2 style-8213 style-local-7772-c13 position-relative\">\n                        <!---->\n                        <!---->\n                        <div class=\"w-100 h-y-container h-column__content h-column__v-align flex-basis-100 align-self-lg-start align-self-md-start align-self-start\">\n                          <!---->\n                          <div data-colibri-id=\"7772-c14\" class=\"h-global-transition-all h-heading style-8214 style-local-7772-c14 position-relative h-element\">\n                            <!---->\n                            <div class=\"h-heading__outer style-8214 style-local-7772-c14\">\n                              <!---->\n                              <!---->\n                              <h6 class=\"\">Machine-Learning f\u00fcr die automatische Detektion von Fluchtpunkten<\/h6>\n                            <\/div>\n                          <\/div>\n                          <div data-colibri-id=\"7772-c15\" class=\"h-global-transition-all h-heading style-8215 style-local-7772-c15 position-relative h-element\">\n                            <!---->\n                            <div class=\"h-heading__outer style-8215 style-local-7772-c15\">\n                              <!---->\n                              <!---->\n                              <h1 class=\"\">Blo\u00df nicht die Orientierung verlieren<\/h1>\n                            <\/div>\n                          <\/div>\n                          <div data-colibri-id=\"7772-c16\" class=\"style-8216 style-local-7772-c16 position-relative h-element\">\n                            <!---->\n                          <\/div>\n                          <div data-colibri-id=\"7772-c17\" class=\"h-row-container gutters-row-lg-0 gutters-row-md-0 gutters-row-0 gutters-row-v-lg-0 gutters-row-v-md-0 gutters-row-v-0 style-8217 style-local-7772-c17 position-relative\">\n                            <!---->\n                            <div class=\"h-row justify-content-lg-center justify-content-md-center justify-content-center align-items-lg-stretch align-items-md-stretch align-items-stretch gutters-col-lg-0 gutters-col-md-0 gutters-col-0 gutters-col-v-lg-0 gutters-col-v-md-0 gutters-col-v-0\">\n                              <!---->\n                              <div class=\"h-column h-column-container d-flex h-col-lg h-col-md h-col-auto style-8218-outer style-local-7772-c18-outer\">\n                                <div data-colibri-id=\"7772-c18\" class=\"d-flex h-flex-basis h-column__inner h-px-lg-0 h-px-md-0 h-px-0 v-inner-lg-0 v-inner-md-0 v-inner-0 style-8218 style-local-7772-c18 position-relative\">\n                                  <!---->\n                                  <!---->\n                                  <div class=\"w-100 h-y-container h-column__content h-column__v-align flex-basis-100 align-self-lg-start align-self-md-start align-self-start\">\n                                    <!---->\n                                    <div data-colibri-id=\"7772-c19\" class=\"h-text h-text-component style-8219 style-local-7772-c19 position-relative h-element\">\n                                      <!---->\n                                      <!---->\n                                      <div class=\"\">\n                                        <p>In einigen Bereichen ist das menschliche Gehirn der Maschine immer noch \u00fcberlegen: F\u00fcr Menschen ist es zum Beispiel ziemlich einfach, die grobe Struktur einer Szene auf einen Blick zu erfassen. Das Gehirn greift dabei auf seine F\u00e4higkeit zur\u00fcck, Fluchtpunkte im Bild der Umwelt zu identifizieren. Sie geben Aufschluss \u00fcber die Orientierung und Anordnung von Objekten. Fluchtpunkte entstehen, wenn im dreidimensionalen Raum parallele Linien auf einer zweidimensionalen Ebene abgebildet werden \u2013 beispielsweise auf der Netzhaut eines Auges oder dem Sensor einer Digitalkamera. Die vormals parallelen Linien werden durch diese Projektion so transformiert, dass sie sich anschlie\u00dfend in einem gemeinsamen Fluchtpunkt schneiden.<\/p>\n                                        <p class=\"translation-block\">Fluchtpunkte k\u00f6nnen zur Extraktion von Informationen aus Bildern genutzt werden, die\u00a0<em>f\u00fcr komplexe Anwendungen wie die Steuerung autonomer Fahrzeuge<\/em>\u00a0n\u00f6tig sind. Nicht nur die Ausrichtungen und relativen Abst\u00e4nde von Objekten wie Autos und Geb\u00e4uden innerhalb einer Szene, sondern auch die Orientierung des Fahrzeugs zu seiner Umwelt k\u00f6nnen mit Hilfe von Fluchtpunkten gemessen werden, die aus einer einzigen Kamera gewonnen werden.<\/p>\n                                        <p class=\"translation-block\">Trotz mehr als 20 Jahren Forschung gibt es bislang jedoch&nbsp;<em>keine ausreichend robusten Algorithmen<\/em>&nbsp;zur automatischen Fluchtpunktdetektion. Das menschliche Gehirn bezieht viel Kontextinformation und Vorwissen ein, die sich nur mit sehr hohem Aufwand in einen klassischen Bildverarbeitungsalgorithmus gie&szlig;en lie&szlig;en. Am Institut f&uuml;r Informationsverarbeitung erforschen L3S-Wissenschaftler daher, wie k&uuml;nstliche neuronale Netze dieses Wissen erlernen und zum Erkennen von Fluchtpunkten nutzen k&ouml;nnen. Bekannte Netzarchitekturen und Datens&auml;tze zum Anlernen der neuronalen Netze haben sich bislang als untauglich f&uuml;r diese Problemstellung erwiesen. Die Forschungsschwerpunkte am L3S liegen daher auf der&nbsp;<em>Erkundung neuartiger Netzstrukturen<\/em>&nbsp;und der effektiven Erzeugung und Anreicherung von Daten, mit denen sie trainiert werden k&ouml;nnen.<\/p>\n                                      <\/div>\n                                    <\/div>\n                                  <\/div>\n                                <\/div>\n                              <\/div>\n                            <\/div>\n                          <\/div>\n                        <\/div>\n                      <\/div>\n                    <\/div>\n                  <\/div>\n                <\/div>\n              <\/div>\n            <\/div>\n          <\/div>\n        <\/div>\n      <\/div>\n    <\/div>\n  <\/div>\n  <div data-colibri-component=\"section\" data-colibri-id=\"7772-c20\" id=\"reusable-sections-2\" class=\"h-section h-section-global-spacing d-flex align-items-lg-center align-items-md-center align-items-center style-8223 style-local-7772-c20 position-relative\">\n    <!---->\n    <!---->\n    <div class=\"h-section-grid-container h-section-boxed-container\">\n      <!---->\n      <div data-colibri-id=\"7772-c21\" class=\"h-row-container gutters-row-lg-0 gutters-row-md-0 gutters-row-0 gutters-row-v-lg-0 gutters-row-v-md-0 gutters-row-v-0 style-8224 style-local-7772-c21 position-relative\">\n        <!---->\n        <div class=\"h-row justify-content-lg-center justify-content-md-center justify-content-center align-items-lg-stretch align-items-md-stretch align-items-stretch gutters-col-lg-0 gutters-col-md-0 gutters-col-0 gutters-col-v-lg-0 gutters-col-v-md-0 gutters-col-v-0\">\n          <!---->\n          <div class=\"h-column h-column-container d-flex h-col-lg-auto h-col-md-auto h-col-auto style-8225-outer style-local-7772-c22-outer\">\n            <div data-colibri-id=\"7772-c22\" class=\"d-flex h-flex-basis h-column__inner h-px-lg-0 h-px-md-0 h-px-0 v-inner-lg-0 v-inner-md-0 v-inner-0 style-8225 style-local-7772-c22 position-relative\">\n              <!---->\n              <!---->\n              <div class=\"w-100 h-y-container h-column__content h-column__v-align flex-basis-100 align-self-lg-start align-self-md-start align-self-start\">\n                <!---->\n                <div data-colibri-id=\"7772-c23\" class=\"h-divider style-8226 style-local-7772-c23 position-relative h-element\">\n                  <!----><span class=\"h-divider__line style-8226-line style-local-7772-c23-line style-8226-line style-local-7772-c23-line\"><\/span><\/div>\n              <\/div>\n            <\/div>\n          <\/div>\n        <\/div>\n      <\/div>\n      <div data-colibri-id=\"7772-c24\" class=\"h-row-container gutters-row-lg-2 gutters-row-md-2 gutters-row-0 gutters-row-v-lg-2 gutters-row-v-md-2 gutters-row-v-2 style-8227 style-local-7772-c24 position-relative\">\n        <!---->\n        <div class=\"h-row justify-content-lg-center justify-content-md-center justify-content-center align-items-lg-stretch align-items-md-stretch align-items-stretch gutters-col-lg-2 gutters-col-md-2 gutters-col-0 gutters-col-v-lg-2 gutters-col-v-md-2 gutters-col-v-2\">\n          <!---->\n          <div class=\"h-column h-column-container d-flex h-col-lg-auto h-col-md-auto h-col-auto style-8232-outer style-local-7772-c25-outer\">\n            <div data-colibri-id=\"7772-c25\" class=\"d-flex h-flex-basis h-column__inner h-px-lg-2 h-px-md-2 h-px-2 v-inner-lg-2 v-inner-md-2 v-inner-2 style-8232 style-local-7772-c25 position-relative\">\n              <!---->\n              <!---->\n              <div class=\"w-100 h-y-container h-column__content h-column__v-align flex-basis-100 align-self-lg-start align-self-md-start align-self-start\">\n                <!---->\n                <div data-colibri-id=\"7772-c26\" class=\"h-global-transition-all h-heading style-8229 style-local-7772-c26 position-relative h-element\">\n                  <!---->\n                  <div class=\"h-heading__outer style-8229 style-local-7772-c26\">\n                    <!---->\n                    <!---->\n                    <h6 class=\"\">Kontakt<\/h6>\n                  <\/div>\n                <\/div>\n                <div data-colibri-id=\"7772-c27\" class=\"h-row-container gutters-row-lg-2 gutters-row-md-2 gutters-row-0 gutters-row-v-lg-2 gutters-row-v-md-2 gutters-row-v-2 style-8233 style-local-7772-c27 position-relative\">\n                  <!---->\n                  <div class=\"h-row justify-content-lg-center justify-content-md-center justify-content-center align-items-lg-stretch align-items-md-stretch align-items-stretch gutters-col-lg-2 gutters-col-md-2 gutters-col-0 gutters-col-v-lg-2 gutters-col-v-md-2 gutters-col-v-2\">\n                    <!---->\n                    <div class=\"h-column h-column-container d-flex h-col-lg-auto h-col-md-auto h-col-auto style-8234-outer style-local-7772-c28-outer\">\n                      <div data-colibri-id=\"7772-c28\" class=\"d-flex h-flex-basis h-column__inner h-px-lg-2 h-px-md-2 h-px-2 v-inner-lg-2 v-inner-md-2 v-inner-2 style-8234 style-local-7772-c28 position-relative\">\n                        <!---->\n                        <!---->\n                        <div class=\"w-100 h-y-container h-column__content h-column__v-align flex-basis-100 align-self-lg-start align-self-md-start align-self-start\">\n                          <!---->\n                          <div data-colibri-id=\"7772-c29\" class=\"d-block style-8235 style-local-7772-c29 position-relative h-element\">\n                            <!---->\n                            <div class=\"h-image__frame-container-outer\">\n                              <div class=\"h-image__frame-container\">\n                                <!---->\n                                <!---->\n                                <img decoding=\"async\" width=\"200\" height=\"200\" data-src=\"https:\/\/www.l3s.de\/wp-content\/uploads\/2022\/09\/1634152605059.jpeg\" class=\"wp-image-7776 style-8235-image style-local-7772-c29-image lazyload\" alt=\"\" data-srcset=\"https:\/\/www.l3s.de\/wp-content\/uploads\/2022\/09\/1634152605059.jpeg 200w, https:\/\/www.l3s.de\/wp-content\/uploads\/2022\/09\/1634152605059-150x150.jpeg 150w, https:\/\/www.l3s.de\/wp-content\/uploads\/2022\/09\/1634152605059-12x12.jpeg 12w\" data-sizes=\"(max-width: 200px) 100vw, 200px\" src=\"data:image\/svg+xml;base64,PHN2ZyB3aWR0aD0iMSIgaGVpZ2h0PSIxIiB4bWxucz0iaHR0cDovL3d3dy53My5vcmcvMjAwMC9zdmciPjwvc3ZnPg==\" style=\"--smush-placeholder-width: 200px; --smush-placeholder-aspect-ratio: 200\/200;\" \/>\n                                <div class=\"h-image__frame h-hide-lg h-hide-md h-hide-sm style-8235-frameImage style-local-7772-c29-frameImage\"><\/div>\n                              <\/div>\n                            <\/div>\n                          <\/div>\n                          <div data-colibri-id=\"7772-c30\" class=\"h-row-container gutters-row-lg-0 gutters-row-md-0 gutters-row-0 gutters-row-v-lg-0 gutters-row-v-md-0 gutters-row-v-0 style-8236 style-local-7772-c30 position-relative\">\n                            <!---->\n                            <div class=\"h-row justify-content-lg-center justify-content-md-center justify-content-center align-items-lg-stretch align-items-md-stretch align-items-stretch gutters-col-lg-0 gutters-col-md-0 gutters-col-0 gutters-col-v-lg-0 gutters-col-v-md-0 gutters-col-v-0\">\n                              <!---->\n                              <div class=\"h-column h-column-container d-flex h-col-lg h-col-md h-col-auto style-8237-outer style-local-7772-c31-outer\">\n                                <div data-colibri-id=\"7772-c31\" class=\"d-flex h-flex-basis h-column__inner h-px-lg-0 h-px-md-0 h-px-0 v-inner-lg-0 v-inner-md-0 v-inner-0 style-8237 style-local-7772-c31 position-relative\">\n                                  <!---->\n                                  <!---->\n                                  <div class=\"w-100 h-y-container h-column__content h-column__v-align flex-basis-100 align-self-lg-start align-self-md-start align-self-start\">\n                                    <!---->\n                                    <div data-colibri-id=\"7772-c32\" class=\"h-global-transition-all h-heading style-8238 style-local-7772-c32 position-relative h-element\">\n                                      <!---->\n                                      <div class=\"h-heading__outer style-8238 style-local-7772-c32\">\n                                        <!---->\n                                        <!---->\n                                        <h4 class=\"\">Florian Kluger, M.Sc.<\/h4>\n                                      <\/div>\n                                    <\/div>\n                                    <div data-colibri-id=\"7772-c33\" class=\"h-x-container style-8239 style-local-7772-c33 position-relative h-element\">\n                                      <!---->\n                                      <div class=\"h-x-container-inner style-dynamic-7772-c33-group style-8239-spacing style-local-7772-c33-spacing\"><span class=\"h-link__outer style-8240-outer style-local-7772-c34-outer d-inline-flex h-element\"><a h-use-smooth-scroll=\"true\" href=\"mailto:kluger@tnt.uni-hannover.de\"  data-colibri-id=\"7772-c34\" class=\"d-flex w-100 align-items-center h-link style-8240 style-local-7772-c34 position-relative\"><!----><!----> <span>kluger@tnt.uni-hannover.de<\/span><\/a>\n                                        <\/span>\n                                      <\/div>\n                                    <\/div>\n                                  <\/div>\n                                <\/div>\n                              <\/div>\n                            <\/div>\n                          <\/div>\n                          <div data-colibri-id=\"7772-c35\" class=\"h-text h-text-component style-8241 style-local-7772-c35 position-relative h-element\">\n                            <!---->\n                            <!---->\n                            <div class=\"\">\n                              <p>Florian Kluger ist wissenschaftlicher Mitarbeiter am Institut f\u00fcr Informationsverarbeitung. Er besch\u00e4ftigt sich mit Machine-Learning und dessen Anwendungen im Bereich automatischer Bildinterpretation.<\/p>\n                            <\/div>\n                          <\/div>\n                        <\/div>\n                      <\/div>\n                    <\/div>\n                  <\/div>\n                <\/div>\n              <\/div>\n            <\/div>\n          <\/div>\n        <\/div>\n      <\/div>\n    <\/div>\n  <\/div>\n<\/div>","protected":false},"excerpt":{"rendered":"<p>Foto: \u00a9David Perez &#8211; Flickr.com Issue: 02\/2018 Maschinelles Lernen Machine learning for the automatic detection of vanishing points Just don&#8217;t lose your bearings In some areas, the human brain is still superior to the machine: For example, it is quite easy for people to grasp the rough structure of a scene at a glance. In [&hellip;]<\/p>","protected":false},"author":7,"featured_media":7773,"parent":2750,"menu_order":0,"comment_status":"closed","ping_status":"closed","template":"page-templates\/full-width-page.php","meta":{"_acf_changed":false,"footnotes":""},"categories":[],"tags":[28,90],"class_list":["post-7772","page","type-page","status-publish","has-post-thumbnail","hentry","tag-binaire","tag-binaire-2018-02"],"acf":[],"aioseo_notices":[],"publishpress_future_action":{"enabled":false,"date":"2026-05-10 03:11:33","action":"category","newStatus":"draft","terms":[75],"taxonomy":"category","extraData":[]},"publishpress_future_workflow_manual_trigger":{"enabledWorkflows":[]},"_links":{"self":[{"href":"https:\/\/www.l3s.de\/de\/wp-json\/wp\/v2\/pages\/7772","targetHints":{"allow":["GET"]}}],"collection":[{"href":"https:\/\/www.l3s.de\/de\/wp-json\/wp\/v2\/pages"}],"about":[{"href":"https:\/\/www.l3s.de\/de\/wp-json\/wp\/v2\/types\/page"}],"author":[{"embeddable":true,"href":"https:\/\/www.l3s.de\/de\/wp-json\/wp\/v2\/users\/7"}],"replies":[{"embeddable":true,"href":"https:\/\/www.l3s.de\/de\/wp-json\/wp\/v2\/comments?post=7772"}],"version-history":[{"count":0,"href":"https:\/\/www.l3s.de\/de\/wp-json\/wp\/v2\/pages\/7772\/revisions"}],"up":[{"embeddable":true,"href":"https:\/\/www.l3s.de\/de\/wp-json\/wp\/v2\/pages\/2750"}],"wp:featuredmedia":[{"embeddable":true,"href":"https:\/\/www.l3s.de\/de\/wp-json\/wp\/v2\/media\/7773"}],"wp:attachment":[{"href":"https:\/\/www.l3s.de\/de\/wp-json\/wp\/v2\/media?parent=7772"}],"wp:term":[{"taxonomy":"category","embeddable":true,"href":"https:\/\/www.l3s.de\/de\/wp-json\/wp\/v2\/categories?post=7772"},{"taxonomy":"post_tag","embeddable":true,"href":"https:\/\/www.l3s.de\/de\/wp-json\/wp\/v2\/tags?post=7772"}],"curies":[{"name":"wp","href":"https:\/\/api.w.org\/{rel}","templated":true}]}}