{"id":7602,"date":"2019-11-05T15:25:49","date_gmt":"2019-11-05T14:25:49","guid":{"rendered":"https:\/\/www.l3s.de\/?page_id=7602"},"modified":"2023-02-14T12:08:01","modified_gmt":"2023-02-14T11:08:01","slug":"big-data-for-better-hearing","status":"publish","type":"page","link":"https:\/\/www.l3s.de\/de\/magazine\/binaire-articles\/big-data-for-better-hearing\/","title":{"rendered":"Big Data f\u00fcr besseres H\u00f6ren"},"content":{"rendered":"<div data-colibri-id=\"7602-c1\" class=\"style-7743 style-local-7602-c1 position-relative\">\n  <!---->\n  <div data-colibri-component=\"section\" data-colibri-id=\"7602-c2\" id=\"reusable-sections\" class=\"h-section h-section-global-spacing d-flex align-items-lg-center align-items-md-center align-items-center style-7744 style-local-7602-c2 position-relative\">\n    <!---->\n    <!---->\n    <div class=\"h-section-grid-container h-section-boxed-container\">\n      <!---->\n      <div data-colibri-id=\"7602-c3\" class=\"h-row-container gutters-row-lg-2 gutters-row-md-2 gutters-row-0 gutters-row-v-lg-2 gutters-row-v-md-2 gutters-row-v-2 style-7745 style-local-7602-c3 position-relative\">\n        <!---->\n        <div class=\"h-row justify-content-lg-center justify-content-md-center justify-content-center align-items-lg-stretch align-items-md-stretch align-items-stretch gutters-col-lg-2 gutters-col-md-2 gutters-col-0 gutters-col-v-lg-2 gutters-col-v-md-2 gutters-col-v-2\">\n          <!---->\n          <div class=\"h-column h-column-container d-flex h-col-lg-auto h-col-md-auto h-col-auto style-7746-outer style-local-7602-c4-outer\">\n            <div data-colibri-id=\"7602-c4\" class=\"d-flex h-flex-basis h-column__inner h-px-lg-0 h-px-md-0 h-px-0 v-inner-lg-0 v-inner-md-0 v-inner-0 style-7746 style-local-7602-c4 position-relative\">\n              <!---->\n              <!---->\n              <div class=\"w-100 h-y-container h-column__content h-column__v-align flex-basis-100 align-self-lg-start align-self-md-start align-self-start\">\n                <!---->\n                <div data-colibri-id=\"7602-c5\" class=\"d-block style-7747 style-local-7602-c5 position-relative h-element\">\n                  <!---->\n                  <div class=\"h-image__frame-container-outer\">\n                    <div class=\"h-image__frame-container\">\n                      <!---->\n                      <!---->\n                      <img decoding=\"async\" width=\"1920\" height=\"996\" data-src=\"https:\/\/www.l3s.de\/wp-content\/uploads\/2022\/09\/Cochlear_implant-scaled.jpg\" class=\"wp-image-7604 style-7747-image style-local-7602-c5-image lazyload\" alt=\"\" data-srcset=\"https:\/\/www.l3s.de\/wp-content\/uploads\/2022\/09\/Cochlear_implant-scaled.jpg 1920w, https:\/\/www.l3s.de\/wp-content\/uploads\/2022\/09\/Cochlear_implant-300x156.jpg 300w, https:\/\/www.l3s.de\/wp-content\/uploads\/2022\/09\/Cochlear_implant-1024x531.jpg 1024w, https:\/\/www.l3s.de\/wp-content\/uploads\/2022\/09\/Cochlear_implant-768x398.jpg 768w, https:\/\/www.l3s.de\/wp-content\/uploads\/2022\/09\/Cochlear_implant-1536x797.jpg 1536w, https:\/\/www.l3s.de\/wp-content\/uploads\/2022\/09\/Cochlear_implant-2048x1062.jpg 2048w, https:\/\/www.l3s.de\/wp-content\/uploads\/2022\/09\/Cochlear_implant-18x9.jpg 18w\" data-sizes=\"(max-width: 1920px) 100vw, 1920px\" src=\"data:image\/svg+xml;base64,PHN2ZyB3aWR0aD0iMSIgaGVpZ2h0PSIxIiB4bWxucz0iaHR0cDovL3d3dy53My5vcmcvMjAwMC9zdmciPjwvc3ZnPg==\" style=\"--smush-placeholder-width: 1920px; --smush-placeholder-aspect-ratio: 1920\/996;\" \/>\n                      <div class=\"h-image__frame h-hide-lg h-hide-md h-hide-sm style-7747-frameImage style-local-7602-c5-frameImage\"><\/div>\n                    <\/div>\n                  <\/div>\n                <\/div>\n              <\/div>\n            <\/div>\n          <\/div>\n        <\/div>\n      <\/div>\n      <div data-colibri-id=\"7602-c6\" class=\"h-row-container gutters-row-lg-2 gutters-row-md-2 gutters-row-0 gutters-row-v-lg-2 gutters-row-v-md-2 gutters-row-v-2 style-7748 style-local-7602-c6 position-relative\">\n        <!---->\n        <div class=\"h-row justify-content-lg-center justify-content-md-center justify-content-center align-items-lg-stretch align-items-md-stretch align-items-stretch gutters-col-lg-2 gutters-col-md-2 gutters-col-0 gutters-col-v-lg-2 gutters-col-v-md-2 gutters-col-v-2\">\n          <!---->\n          <div class=\"h-column h-column-container d-flex h-col-lg h-col-md-auto h-col-auto style-7749-outer style-local-7602-c7-outer\">\n            <div data-colibri-id=\"7602-c7\" class=\"d-flex h-flex-basis h-column__inner h-px-lg-0 h-px-md-0 h-px-0 v-inner-lg-0 v-inner-md-0 v-inner-0 style-7749 style-local-7602-c7 position-relative\">\n              <!---->\n              <!---->\n              <div class=\"w-100 h-y-container h-column__content h-column__v-align flex-basis-100 align-self-lg-start align-self-md-start align-self-start\">\n                <!---->\n                <div data-colibri-id=\"7602-c8\" class=\"h-row-container gutters-row-lg-0 gutters-row-md-0 gutters-row-0 gutters-row-v-lg-0 gutters-row-v-md-0 gutters-row-v-0 style-7750 style-local-7602-c8 position-relative\">\n                  <!---->\n                  <div class=\"h-row justify-content-lg-center justify-content-md-center justify-content-center align-items-lg-stretch align-items-md-stretch align-items-stretch gutters-col-lg-0 gutters-col-md-0 gutters-col-0 gutters-col-v-lg-0 gutters-col-v-md-0 gutters-col-v-0\">\n                    <!---->\n                    <div class=\"h-column h-column-container d-flex h-col-lg-auto h-col-md-auto h-col-auto style-7751-outer style-local-7602-c9-outer\">\n                      <div data-colibri-id=\"7602-c9\" class=\"d-flex h-flex-basis h-column__inner h-px-lg-2 h-px-md-2 h-px-2 v-inner-lg-2 v-inner-md-2 v-inner-2 style-7751 style-local-7602-c9 position-relative\">\n                        <!---->\n                        <!---->\n                        <div class=\"w-100 h-y-container h-column__content h-column__v-align flex-basis-100 align-self-lg-start align-self-md-start align-self-start\">\n                          <!---->\n                          <div data-colibri-id=\"7602-c10\" class=\"h-text h-text-component style-7752 style-local-7602-c10 position-relative h-element\">\n                            <!---->\n                            <!---->\n                            <div class=\"\">\n                              <p>Ausgabe: 02\/2019<\/p>\n                            <\/div>\n                          <\/div>\n                          <div data-colibri-id=\"7602-c11\" class=\"h-x-container style-7753 style-local-7602-c11 position-relative h-element\">\n                            <!---->\n                            <div class=\"h-x-container-inner style-dynamic-7602-c11-group style-7753-spacing style-local-7602-c11-spacing\"><span class=\"h-link__outer style-7754-outer style-local-7602-c12-outer d-inline-flex h-element\"><a h-use-smooth-scroll=\"true\" href=\"https:\/\/www.l3s.de\/wp-content\/uploads\/2022\/09\/L3S-Binaire-2019-2-Magazin_web.pdf\" target=\"_blank\" data-colibri-id=\"7602-c12\" class=\"d-flex w-100 align-items-center h-link style-7754 style-local-7602-c12 position-relative\" rel=\"noopener\"><!----><!----> <span>Big Data in der Medizin<\/span><\/a>\n                              <\/span>\n                            <\/div>\n                          <\/div>\n                          <div data-colibri-id=\"7602-c13\" class=\"style-7755 style-local-7602-c13 position-relative h-element\">\n                            <!---->\n                          <\/div>\n                        <\/div>\n                      <\/div>\n                    <\/div>\n                    <div class=\"h-column h-column-container d-flex h-col-lg-auto h-col-md-auto h-col-auto style-7756-outer style-local-7602-c14-outer\">\n                      <div data-colibri-id=\"7602-c14\" class=\"d-flex h-flex-basis h-column__inner h-px-lg-2 h-px-md-2 h-px-2 v-inner-lg-2 v-inner-md-2 v-inner-2 style-7756 style-local-7602-c14 position-relative\">\n                        <!---->\n                        <!---->\n                        <div class=\"w-100 h-y-container h-column__content h-column__v-align flex-basis-100 align-self-lg-start align-self-md-start align-self-start\">\n                          <!---->\n                          <div data-colibri-id=\"7602-c15\" class=\"h-global-transition-all h-heading style-7758 style-local-7602-c15 position-relative h-element\">\n                            <!---->\n                            <div class=\"h-heading__outer style-7758 style-local-7602-c15\">\n                              <!---->\n                              <!---->\n                              <h1 class=\"\">Big Data f\u00fcr besseres H\u00f6ren<\/h1>\n                            <\/div>\n                          <\/div>\n                          <div data-colibri-id=\"7602-c16\" class=\"style-7759 style-local-7602-c16 position-relative h-element\">\n                            <!---->\n                          <\/div>\n                          <div data-colibri-id=\"7602-c17\" class=\"h-row-container gutters-row-lg-0 gutters-row-md-0 gutters-row-0 gutters-row-v-lg-0 gutters-row-v-md-0 gutters-row-v-0 style-7760 style-local-7602-c17 position-relative\">\n                            <!---->\n                            <div class=\"h-row justify-content-lg-center justify-content-md-center justify-content-center align-items-lg-stretch align-items-md-stretch align-items-stretch gutters-col-lg-0 gutters-col-md-0 gutters-col-0 gutters-col-v-lg-0 gutters-col-v-md-0 gutters-col-v-0\">\n                              <!---->\n                              <div class=\"h-column h-column-container d-flex h-col-lg h-col-md h-col-auto style-7761-outer style-local-7602-c18-outer\">\n                                <div data-colibri-id=\"7602-c18\" class=\"d-flex h-flex-basis h-column__inner h-px-lg-0 h-px-md-0 h-px-0 v-inner-lg-0 v-inner-md-0 v-inner-0 style-7761 style-local-7602-c18 position-relative\">\n                                  <!---->\n                                  <!---->\n                                  <div class=\"w-100 h-y-container h-column__content h-column__v-align flex-basis-100 align-self-lg-start align-self-md-start align-self-start\">\n                                    <!---->\n                                    <div data-colibri-id=\"7602-c19\" class=\"h-text h-text-component style-7762 style-local-7602-c19 position-relative h-element\">\n                                      <!---->\n                                      <!---->\n                                      <div class=\"\">\n                                        <p>Schwerh\u00f6rigkeit ist die h\u00e4ufigste chronische neurosensorische Erkrankung. In Industriestaaten sind mehr als 17 Prozent der Bev\u00f6lkerung betroffen - mit erheblicher Einschr\u00e4nkung der Lebensqualit\u00e4t bis hin zur sozialen Isolation. Bei leicht- bis mittelgradiger H\u00f6rst\u00f6rung k\u00f6nnen H\u00f6rger\u00e4te dieses Defizit \u00fcblicherweise ausgleichen. Doch schon bei mittelgradiger und insbesondere hochgradiger Schwerh\u00f6rigkeit k\u00f6nnen nur noch H\u00f6rimplantate helfen. Sie \u00fcbernehmen  im Innenohr die Funktion der H\u00f6rschnecke (Cochlea). Dank der enormen technischen Entwicklung und der Fortschritte in der Chirurgie sind Cochlea-Implantate (CI) f\u00fcr immer mehr h\u00f6rgesch\u00e4digte Menschen geeignet.<\/p>\n                                        <p class=\"translation-block\"><p>Allein in Deutschland k&ouml;nnten damit mehr als eine Million Menschen ihr H&ouml;rverm&ouml;gen deutlich verbessern. Tats&auml;chlich sind jedoch erst etwa 40.000 Menschen mit einem derartigen System versorgt. Der Grund: Viele potentielle CI-Kandidaten sind unsicher oder haben Angst vor dem operativen Eingriff. Zumal die H&ouml;rresultate mit dem Cochlea-Implantat von Patient zu Patient sehr unterschiedlich sein k&ouml;nnen. Warum das so ist, wollen Wissenschaftler der&nbsp;<em>Medizinischen Hochschule Hannover<\/em>&nbsp;(<em>MHH<\/em>) und des&nbsp;<em>L3S<\/em>&nbsp;nun mit aktuellen Methoden der k&uuml;nstlichen Intelligenz herausfinden.<\/p><\/p>\n                                        <p class=\"translation-block\">Die daf\u00fcr notwendigen gro\u00dfen Datenmengen kommen von der MHH. Dort befindet sich nicht nur das gr\u00f6\u00dfte CI-Zentrum der Welt, sondern auch die gr\u00f6\u00dfte CI-Datenbank. Sie enth\u00e4lt pr\u00e4- und postoperativ erhobene Daten von fast 10.000 Patienten. Anhand von 3D-Bilddaten der Cochlea nach Implantation wollen die Wissenschaftler zum Beispiel herausfinden, welchen Einfluss die Position der Elektrode auf den H\u00f6rerfolg hat. Um weitere Zusammenh\u00e4nge zu erkennen, werden die Daten der zum Zeitpunkt der Operation entnommenen Blut- und Perilymphproben der CI-Patienten analysiert. Mithilfe aller Daten entwickeln die Wissenschaftler Vorhersagemodelle f\u00fcr den individuellen H\u00f6rerfolg mit einem Implantat. Das Ziel: Jeder Patient erh\u00e4lt das optimale H\u00f6rsystem. Die Zahl der erfolgreich CI-versorgten Patienten soll somit signifikant steigen.<\/p>\n                                      <\/div>\n                                    <\/div>\n                                  <\/div>\n                                <\/div>\n                              <\/div>\n                            <\/div>\n                          <\/div>\n                        <\/div>\n                      <\/div>\n                    <\/div>\n                  <\/div>\n                <\/div>\n              <\/div>\n            <\/div>\n          <\/div>\n        <\/div>\n      <\/div>\n    <\/div>\n  <\/div>\n<\/div>","protected":false},"excerpt":{"rendered":"<p>Issue: 02\/2019 Big Data in der Medizin Big data for better hearing Hearing loss is the most common chronic neurosensory disease. In industrialized countries, more than 17 percent of the population is affected &#8211; with a considerable reduction in quality of life and even social isolation. In cases of mild to moderate hearing impairment, hearing [&hellip;]<\/p>","protected":false},"author":7,"featured_media":7604,"parent":2750,"menu_order":0,"comment_status":"closed","ping_status":"closed","template":"page-templates\/full-width-page.php","meta":{"_acf_changed":false,"footnotes":""},"categories":[],"tags":[28,87],"class_list":["post-7602","page","type-page","status-publish","has-post-thumbnail","hentry","tag-binaire","tag-binaire-2019-02"],"acf":[],"aioseo_notices":[],"publishpress_future_action":{"enabled":false,"date":"2026-05-16 06:42:18","action":"category","newStatus":"draft","terms":[75],"taxonomy":"category","extraData":[]},"publishpress_future_workflow_manual_trigger":{"enabledWorkflows":[]},"_links":{"self":[{"href":"https:\/\/www.l3s.de\/de\/wp-json\/wp\/v2\/pages\/7602","targetHints":{"allow":["GET"]}}],"collection":[{"href":"https:\/\/www.l3s.de\/de\/wp-json\/wp\/v2\/pages"}],"about":[{"href":"https:\/\/www.l3s.de\/de\/wp-json\/wp\/v2\/types\/page"}],"author":[{"embeddable":true,"href":"https:\/\/www.l3s.de\/de\/wp-json\/wp\/v2\/users\/7"}],"replies":[{"embeddable":true,"href":"https:\/\/www.l3s.de\/de\/wp-json\/wp\/v2\/comments?post=7602"}],"version-history":[{"count":0,"href":"https:\/\/www.l3s.de\/de\/wp-json\/wp\/v2\/pages\/7602\/revisions"}],"up":[{"embeddable":true,"href":"https:\/\/www.l3s.de\/de\/wp-json\/wp\/v2\/pages\/2750"}],"wp:featuredmedia":[{"embeddable":true,"href":"https:\/\/www.l3s.de\/de\/wp-json\/wp\/v2\/media\/7604"}],"wp:attachment":[{"href":"https:\/\/www.l3s.de\/de\/wp-json\/wp\/v2\/media?parent=7602"}],"wp:term":[{"taxonomy":"category","embeddable":true,"href":"https:\/\/www.l3s.de\/de\/wp-json\/wp\/v2\/categories?post=7602"},{"taxonomy":"post_tag","embeddable":true,"href":"https:\/\/www.l3s.de\/de\/wp-json\/wp\/v2\/tags?post=7602"}],"curies":[{"name":"wp","href":"https:\/\/api.w.org\/{rel}","templated":true}]}}