{"id":7569,"date":"2019-11-08T15:07:33","date_gmt":"2019-11-08T14:07:33","guid":{"rendered":"https:\/\/www.l3s.de\/?page_id=7569"},"modified":"2023-01-11T17:15:54","modified_gmt":"2023-01-11T16:15:54","slug":"big-data-against-the-norovirus","status":"publish","type":"page","link":"https:\/\/www.l3s.de\/de\/magazine\/binaire-articles\/big-data-against-the-norovirus\/","title":{"rendered":"Big Data gegen das Norovirus"},"content":{"rendered":"<div data-colibri-id=\"7569-c1\" class=\"style-7620 style-local-7569-c1 position-relative\">\n  <!---->\n  <div data-colibri-component=\"section\" data-colibri-id=\"7569-c2\" id=\"reusable-sections\" class=\"h-section h-section-global-spacing d-flex align-items-lg-center align-items-md-center align-items-center style-7621 style-local-7569-c2 position-relative\">\n    <!---->\n    <!---->\n    <div class=\"h-section-grid-container h-section-boxed-container\">\n      <!---->\n      <div data-colibri-id=\"7569-c3\" class=\"h-row-container gutters-row-lg-3 gutters-row-md-3 gutters-row-0 gutters-row-v-lg-3 gutters-row-v-md-3 gutters-row-v-3 style-7622 style-local-7569-c3 position-relative\">\n        <div class=\"background-wrapper\">\n          <div class=\"background-layer background-layer-media-container-lg\">\n            <div data-enabled=\"true\" data-colibri-component=\"parallax\" class=\"background-layer paraxify lazyload\" model-id=\"7569-c3\" media=\"desktop\" is-preview=\"true\" style=\"background-image:inherit;\" data-bg-image=\"url(&quot;https:\/\/www.l3s.de\/wp-content\/uploads\/2022\/09\/Fotolia_13710896_XL2-scaled.jpeg&quot;)\"><\/div>\n          <\/div>\n          <div class=\"background-layer background-layer-media-container-md\">\n            <div data-enabled=\"true\" data-colibri-component=\"parallax\" class=\"background-layer paraxify lazyload\" model-id=\"7569-c3\" media=\"tablet\" is-preview=\"true\" style=\"background-image:inherit;\" data-bg-image=\"url(&quot;https:\/\/www.l3s.de\/wp-content\/uploads\/2022\/09\/Fotolia_13710896_XL2-scaled.jpeg&quot;)\"><\/div>\n          <\/div>\n          <div class=\"background-layer background-layer-media-container\">\n            <div data-enabled=\"true\" data-colibri-component=\"parallax\" class=\"background-layer paraxify lazyload\" model-id=\"7569-c3\" media=\"mobile\" is-preview=\"true\" style=\"background-image:inherit;\" data-bg-image=\"url(&quot;https:\/\/www.l3s.de\/wp-content\/uploads\/2022\/09\/Fotolia_13710896_XL2-scaled.jpeg&quot;)\"><\/div>\n          <\/div>\n        <\/div>\n        <div class=\"h-row justify-content-lg-center justify-content-md-center justify-content-center align-items-lg-stretch align-items-md-stretch align-items-stretch gutters-col-lg-3 gutters-col-md-3 gutters-col-0 gutters-col-v-lg-3 gutters-col-v-md-3 gutters-col-v-3\">\n          <!---->\n          <div class=\"h-column h-column-container d-flex h-col-lg-auto h-col-md-auto h-col-auto style-7623-outer style-local-7569-c4-outer\">\n            <div data-colibri-id=\"7569-c4\" class=\"d-flex h-flex-basis h-column__inner h-ui-empty-state-container h-px-lg-3 h-px-md-3 h-px-3 v-inner-lg-3 v-inner-md-3 v-inner-3 style-7623 style-local-7569-c4 position-relative\">\n              <!---->\n              <!---->\n              <div class=\"w-100 h-y-container h-column__content h-column__v-align flex-basis-100\">\n                <!---->\n              <\/div>\n            <\/div>\n          <\/div>\n        <\/div>\n      <\/div>\n      <div data-colibri-id=\"7569-c35\" class=\"h-row-container gutters-row-lg-0 gutters-row-md-0 gutters-row-0 gutters-row-v-lg-0 gutters-row-v-md-0 gutters-row-v-0 style-11895 style-local-7569-c35 position-relative\">\n        <!---->\n        <div class=\"h-row justify-content-lg-center justify-content-md-center justify-content-center align-items-lg-stretch align-items-md-stretch align-items-stretch gutters-col-lg-0 gutters-col-md-0 gutters-col-0 gutters-col-v-lg-0 gutters-col-v-md-0 gutters-col-v-0\">\n          <!---->\n          <div class=\"h-column h-column-container d-flex h-col-lg-auto h-col-md-auto h-col-auto style-11896-outer style-local-7569-c36-outer\">\n            <div data-colibri-id=\"7569-c36\" class=\"d-flex h-flex-basis h-column__inner h-px-lg-0 h-px-md-0 h-px-0 v-inner-lg-0 v-inner-md-0 v-inner-0 style-11896 style-local-7569-c36 position-relative\">\n              <!---->\n              <!---->\n              <div class=\"w-100 h-y-container h-column__content h-column__v-align flex-basis-100 align-self-lg-start align-self-md-start align-self-start\">\n                <!---->\n                <div data-colibri-id=\"7569-c37\" class=\"h-text h-text-component style-11897 style-local-7569-c37 position-relative h-element\">\n                  <!---->\n                  <!---->\n                  <div class=\"\">\n                    <p>Foto: Adobe Stock<\/p>\n                  <\/div>\n                <\/div>\n              <\/div>\n            <\/div>\n          <\/div>\n        <\/div>\n      <\/div>\n      <div data-colibri-id=\"7569-c5\" class=\"h-row-container gutters-row-lg-2 gutters-row-md-2 gutters-row-0 gutters-row-v-lg-2 gutters-row-v-md-2 gutters-row-v-2 style-7624 style-local-7569-c5 position-relative\">\n        <!---->\n        <div class=\"h-row justify-content-lg-center justify-content-md-center justify-content-center align-items-lg-stretch align-items-md-stretch align-items-stretch gutters-col-lg-2 gutters-col-md-2 gutters-col-0 gutters-col-v-lg-2 gutters-col-v-md-2 gutters-col-v-2\">\n          <!---->\n          <div class=\"h-column h-column-container d-flex h-col-lg h-col-md-auto h-col-auto style-7625-outer style-local-7569-c6-outer\">\n            <div data-colibri-id=\"7569-c6\" class=\"d-flex h-flex-basis h-column__inner h-px-lg-0 h-px-md-0 h-px-0 v-inner-lg-0 v-inner-md-0 v-inner-0 style-7625 style-local-7569-c6 position-relative\">\n              <!---->\n              <!---->\n              <div class=\"w-100 h-y-container h-column__content h-column__v-align flex-basis-100 align-self-lg-start align-self-md-start align-self-start\">\n                <!---->\n                <div data-colibri-id=\"7569-c7\" class=\"h-row-container gutters-row-lg-0 gutters-row-md-0 gutters-row-0 gutters-row-v-lg-0 gutters-row-v-md-0 gutters-row-v-0 style-7626 style-local-7569-c7 position-relative\">\n                  <!---->\n                  <div class=\"h-row justify-content-lg-center justify-content-md-center justify-content-center align-items-lg-stretch align-items-md-stretch align-items-stretch gutters-col-lg-0 gutters-col-md-0 gutters-col-0 gutters-col-v-lg-0 gutters-col-v-md-0 gutters-col-v-0\">\n                    <!---->\n                    <div class=\"h-column h-column-container d-flex h-col-lg-auto h-col-md-auto h-col-auto style-7627-outer style-local-7569-c8-outer\">\n                      <div data-colibri-id=\"7569-c8\" class=\"d-flex h-flex-basis h-column__inner h-px-lg-2 h-px-md-2 h-px-2 v-inner-lg-2 v-inner-md-2 v-inner-2 style-7627 style-local-7569-c8 position-relative\">\n                        <!---->\n                        <!---->\n                        <div class=\"w-100 h-y-container h-column__content h-column__v-align flex-basis-100 align-self-lg-start align-self-md-start align-self-start\">\n                          <!---->\n                          <div data-colibri-id=\"7569-c9\" class=\"h-text h-text-component style-7628 style-local-7569-c9 position-relative h-element\">\n                            <!---->\n                            <!---->\n                            <div class=\"\">\n                              <p>Ausgabe: 02\/2019<\/p>\n                            <\/div>\n                          <\/div>\n                          <div data-colibri-id=\"7569-c10\" class=\"h-x-container style-7629 style-local-7569-c10 position-relative h-element\">\n                            <!---->\n                            <div class=\"h-x-container-inner style-dynamic-7569-c10-group style-7629-spacing style-local-7569-c10-spacing\"><span class=\"h-link__outer style-7630-outer style-local-7569-c11-outer d-inline-flex h-element\"><a h-use-smooth-scroll=\"true\" href=\"https:\/\/www.l3s.de\/wp-content\/uploads\/2022\/09\/L3S-Binaire-2019-2-Magazin_web.pdf\" target=\"_blank\" data-colibri-id=\"7569-c11\" class=\"d-flex w-100 align-items-center h-link style-7630 style-local-7569-c11 position-relative\" rel=\"noopener\"><!----><!----> <span>Big Data in der Medizin<\/span><\/a>\n                              <\/span>\n                            <\/div>\n                          <\/div>\n                          <div data-colibri-id=\"7569-c12\" class=\"style-7631 style-local-7569-c12 position-relative h-element\">\n                            <!---->\n                          <\/div>\n                        <\/div>\n                      <\/div>\n                    <\/div>\n                    <div class=\"h-column h-column-container d-flex h-col-lg-auto h-col-md-auto h-col-auto style-7632-outer style-local-7569-c13-outer\">\n                      <div data-colibri-id=\"7569-c13\" class=\"d-flex h-flex-basis h-column__inner h-px-lg-2 h-px-md-2 h-px-2 v-inner-lg-2 v-inner-md-2 v-inner-2 style-7632 style-local-7569-c13 position-relative\">\n                        <!---->\n                        <!---->\n                        <div class=\"w-100 h-y-container h-column__content h-column__v-align flex-basis-100 align-self-lg-start align-self-md-start align-self-start\">\n                          <!---->\n                          <div data-colibri-id=\"7569-c14\" class=\"h-global-transition-all h-heading style-7634 style-local-7569-c14 position-relative h-element\">\n                            <!---->\n                            <div class=\"h-heading__outer style-7634 style-local-7569-c14\">\n                              <!---->\n                              <!---->\n                              <h1 class=\"\">Big Data gegen das Norovirus<\/h1>\n                            <\/div>\n                          <\/div>\n                          <div data-colibri-id=\"7569-c15\" class=\"style-7635 style-local-7569-c15 position-relative h-element\">\n                            <!---->\n                          <\/div>\n                          <div data-colibri-id=\"7569-c16\" class=\"h-row-container gutters-row-lg-0 gutters-row-md-0 gutters-row-0 gutters-row-v-lg-0 gutters-row-v-md-0 gutters-row-v-0 style-7636 style-local-7569-c16 position-relative\">\n                            <!---->\n                            <div class=\"h-row justify-content-lg-center justify-content-md-center justify-content-center align-items-lg-stretch align-items-md-stretch align-items-stretch gutters-col-lg-0 gutters-col-md-0 gutters-col-0 gutters-col-v-lg-0 gutters-col-v-md-0 gutters-col-v-0\">\n                              <!---->\n                              <div class=\"h-column h-column-container d-flex h-col-lg h-col-md h-col-auto style-7637-outer style-local-7569-c17-outer\">\n                                <div data-colibri-id=\"7569-c17\" class=\"d-flex h-flex-basis h-column__inner h-px-lg-0 h-px-md-0 h-px-0 v-inner-lg-0 v-inner-md-0 v-inner-0 style-7637 style-local-7569-c17 position-relative\">\n                                  <!---->\n                                  <!---->\n                                  <div class=\"w-100 h-y-container h-column__content h-column__v-align flex-basis-100 align-self-lg-start align-self-md-start align-self-start\">\n                                    <!---->\n                                    <div data-colibri-id=\"7569-c18\" class=\"h-text h-text-component style-7638 style-local-7569-c18 position-relative h-element\">\n                                      <!---->\n                                      <!---->\n                                      <div class=\"\">\n                                        <p class=\"translation-block\">Pl\u00f6tzliche \u00dcbelkeit, heftiges Erbrechen, Durchfall: f\u00fcr einen\u00a0Gro\u00dfteil der Magen-Darm-Infekte (Gastroenteritiden)\u00a0sind Noroviren verantwortlich.\u00a0Sie sind hochinfekti\u00f6s und k\u00f6nnen\u00a0akute Gastroenteritis-Ausbr\u00fcche in Gemeinschaftseinrichtungen, Krankenh\u00e4usern, Altenheimen oder auch auf Kreuzfahrtschiffen ausl\u00f6sen.\u00a0 Besonders gef\u00e4hrlich sind Noroviren f\u00fcr\u00a0immungeschw\u00e4chte Patienten, beispielsweise nach einer Organtransplantation, da sie chronische Infektionen etablieren und Komplikationen ausl\u00f6sen k\u00f6nnen.<\/p>\n                                        <p class=\"translation-block\">Bisher gibt es weder einen Impfstoff\u00a0noch eine spezifische Therapie zur Vorbeugung oder Behandlung von Norovirus-Infektionen. Auch ist nicht bekannt, was die individuellen Unterschiede in der Anf\u00e4lligkeit und im Infektionsverlauf ausmacht. Am\u00a0Zentrum f\u00fcr Individualisierte Infektionsmedizin,\u00a0das zurzeit in Hannover entsteht, werden im Forschungsprojekt\u00a0PRESENt\u00a0Wissenschaftler des\u00a0TWINCORE, der\u00a0Medizinischen Hochschule Hannover, des\u00a0Helmholtz-Zentrums f\u00fcr Infektionsforschung\u00a0und des\u00a0L3S\u00a0gemeinsam nach den Ursachen dieser Varianzen suchen.\u00a0In klinischen Studien werden die\u00a0PRESENt-Forscher \u00fcber 5000 Patientendatens\u00e4tze auswerten und mittels\u00a0Big-Data-Analysemethoden\u00a0kritische Faktoren f\u00fcr die Entwicklung von Komplikationen durch eine Norovirus-Infektion aufdecken. Das Ziel ist,\u00a0die\u00a0Anf\u00e4lligkeit\u00a0jedes einzelnen Patienten f\u00fcr komplizierte und schwere Noroviruserkrankungen pr\u00e4zise und schnell\u00a0vorherzusagen. Die Wissenschaftler setzen daf\u00fcr klinische Daten und individuelle Parameter wie Geschlecht, Alter und Vorerkrankungen in Relation zueinander und berechnen Muster f\u00fcr den Infektionsverlauf.\u00a0Im n\u00e4chsten Schritt wird das Konsortium die Wirksamkeit von Desinfektionsmitteln gegen Patienten-isolierte Norovirusproben testen. Zuletzt werten die Forscher Mikrobiom-Daten dahingehend aus, ob eine\u00a0Probiotikatherapie\u00a0schwere Norovirusinfektionen verhindern und chronische Infektionen heilen kann.\u00a0Somit soll\u00a0PRESENt\u00a0nicht nur individuelle Unterschiede des Norovirusinfektionsverlaufs aufdecken, sondern vor allem eine\u00a0personalisierte Prognose, Pr\u00e4vention und Behandlung von schweren Norovirusverl\u00e4ufen\u00a0erm\u00f6glichen.<\/p>\n                                      <\/div>\n                                    <\/div>\n                                  <\/div>\n                                <\/div>\n                              <\/div>\n                            <\/div>\n                          <\/div>\n                        <\/div>\n                      <\/div>\n                    <\/div>\n                  <\/div>\n                <\/div>\n              <\/div>\n            <\/div>\n          <\/div>\n        <\/div>\n      <\/div>\n    <\/div>\n  <\/div>\n  <div data-colibri-component=\"section\" data-colibri-id=\"7569-c19\" id=\"reusable-sections-2\" class=\"h-section h-section-global-spacing d-flex align-items-lg-center align-items-md-center align-items-center style-7642 style-local-7569-c19 position-relative\">\n    <!---->\n    <!---->\n    <div class=\"h-section-grid-container h-section-boxed-container\">\n      <!---->\n      <div data-colibri-id=\"7569-c20\" class=\"h-row-container gutters-row-lg-0 gutters-row-md-0 gutters-row-0 gutters-row-v-lg-0 gutters-row-v-md-0 gutters-row-v-0 style-7643 style-local-7569-c20 position-relative\">\n        <!---->\n        <div class=\"h-row justify-content-lg-center justify-content-md-center justify-content-center align-items-lg-stretch align-items-md-stretch align-items-stretch gutters-col-lg-0 gutters-col-md-0 gutters-col-0 gutters-col-v-lg-0 gutters-col-v-md-0 gutters-col-v-0\">\n          <!---->\n          <div class=\"h-column h-column-container d-flex h-col-lg-auto h-col-md-auto h-col-auto style-7644-outer style-local-7569-c21-outer\">\n            <div data-colibri-id=\"7569-c21\" class=\"d-flex h-flex-basis h-column__inner h-px-lg-0 h-px-md-0 h-px-0 v-inner-lg-0 v-inner-md-0 v-inner-0 style-7644 style-local-7569-c21 position-relative\">\n              <!---->\n              <!---->\n              <div class=\"w-100 h-y-container h-column__content h-column__v-align flex-basis-100 align-self-lg-start align-self-md-start align-self-start\">\n                <!---->\n                <div data-colibri-id=\"7569-c22\" class=\"h-divider style-7645 style-local-7569-c22 position-relative h-element\">\n                  <!----><span class=\"h-divider__line style-7645-line style-local-7569-c22-line style-7645-line style-local-7569-c22-line\"><\/span><\/div>\n              <\/div>\n            <\/div>\n          <\/div>\n        <\/div>\n      <\/div>\n      <div data-colibri-id=\"7569-c23\" class=\"h-row-container gutters-row-lg-2 gutters-row-md-2 gutters-row-0 gutters-row-v-lg-2 gutters-row-v-md-2 gutters-row-v-2 style-7646 style-local-7569-c23 position-relative\">\n        <!---->\n        <div class=\"h-row justify-content-lg-center justify-content-md-center justify-content-center align-items-lg-stretch align-items-md-stretch align-items-stretch gutters-col-lg-2 gutters-col-md-2 gutters-col-0 gutters-col-v-lg-2 gutters-col-v-md-2 gutters-col-v-2\">\n          <!---->\n          <div class=\"h-column h-column-container d-flex h-col-lg-auto h-col-md-auto h-col-auto style-7651-outer style-local-7569-c24-outer\">\n            <div data-colibri-id=\"7569-c24\" class=\"d-flex h-flex-basis h-column__inner h-px-lg-2 h-px-md-2 h-px-2 v-inner-lg-2 v-inner-md-2 v-inner-2 style-7651 style-local-7569-c24 position-relative\">\n              <!---->\n              <!---->\n              <div class=\"w-100 h-y-container h-column__content h-column__v-align flex-basis-100 align-self-lg-start align-self-md-start align-self-start\">\n                <!---->\n                <div data-colibri-id=\"7569-c25\" class=\"h-global-transition-all h-heading style-7648 style-local-7569-c25 position-relative h-element\">\n                  <!---->\n                  <div class=\"h-heading__outer style-7648 style-local-7569-c25\">\n                    <!---->\n                    <!---->\n                    <h6 class=\"\">Kontakt<\/h6>\n                  <\/div>\n                <\/div>\n                <div data-colibri-id=\"7569-c26\" class=\"h-row-container gutters-row-lg-2 gutters-row-md-2 gutters-row-0 gutters-row-v-lg-2 gutters-row-v-md-2 gutters-row-v-2 style-7652 style-local-7569-c26 position-relative\">\n                  <!---->\n                  <div class=\"h-row justify-content-lg-center justify-content-md-center justify-content-center align-items-lg-stretch align-items-md-stretch align-items-stretch gutters-col-lg-2 gutters-col-md-2 gutters-col-0 gutters-col-v-lg-2 gutters-col-v-md-2 gutters-col-v-2\">\n                    <!---->\n                    <div class=\"h-column h-column-container d-flex h-col-lg-auto h-col-md-auto h-col-auto style-7653-outer style-local-7569-c27-outer\">\n                      <div data-colibri-id=\"7569-c27\" class=\"d-flex h-flex-basis h-column__inner h-px-lg-2 h-px-md-2 h-px-2 v-inner-lg-2 v-inner-md-2 v-inner-2 style-7653 style-local-7569-c27 position-relative\">\n                        <!---->\n                        <!---->\n                        <div class=\"w-100 h-y-container h-column__content h-column__v-align flex-basis-100 align-self-lg-start align-self-md-start align-self-start\">\n                          <!---->\n                          <div data-colibri-id=\"7569-c28\" class=\"d-block style-7654 style-local-7569-c28 position-relative h-element\">\n                            <!---->\n                            <div class=\"h-image__frame-container-outer\">\n                              <div class=\"h-image__frame-container\">\n                                <!---->\n                                <!---->\n                                <img decoding=\"async\" width=\"798\" height=\"798\" data-src=\"https:\/\/www.l3s.de\/wp-content\/uploads\/2022\/09\/megha-798x1024_0.jpg\" class=\"wp-image-6887 style-7654-image style-local-7569-c28-image lazyload\" alt=\"\" data-srcset=\"https:\/\/www.l3s.de\/wp-content\/uploads\/2022\/09\/megha-798x1024_0.jpg 798w, https:\/\/www.l3s.de\/wp-content\/uploads\/2022\/09\/megha-798x1024_0-300x300.jpg 300w, https:\/\/www.l3s.de\/wp-content\/uploads\/2022\/09\/megha-798x1024_0-150x150.jpg 150w, https:\/\/www.l3s.de\/wp-content\/uploads\/2022\/09\/megha-798x1024_0-768x768.jpg 768w, https:\/\/www.l3s.de\/wp-content\/uploads\/2022\/09\/megha-798x1024_0-12x12.jpg 12w\" data-sizes=\"(max-width: 798px) 100vw, 798px\" src=\"data:image\/svg+xml;base64,PHN2ZyB3aWR0aD0iMSIgaGVpZ2h0PSIxIiB4bWxucz0iaHR0cDovL3d3dy53My5vcmcvMjAwMC9zdmciPjwvc3ZnPg==\" style=\"--smush-placeholder-width: 798px; --smush-placeholder-aspect-ratio: 798\/798;\" \/>\n                                <div class=\"h-image__frame h-hide-lg h-hide-md h-hide-sm style-7654-frameImage style-local-7569-c28-frameImage\"><\/div>\n                              <\/div>\n                            <\/div>\n                          <\/div>\n                          <div data-colibri-id=\"7569-c29\" class=\"h-row-container gutters-row-lg-0 gutters-row-md-0 gutters-row-0 gutters-row-v-lg-0 gutters-row-v-md-0 gutters-row-v-0 style-7655 style-local-7569-c29 position-relative\">\n                            <!---->\n                            <div class=\"h-row justify-content-lg-center justify-content-md-center justify-content-center align-items-lg-stretch align-items-md-stretch align-items-stretch gutters-col-lg-0 gutters-col-md-0 gutters-col-0 gutters-col-v-lg-0 gutters-col-v-md-0 gutters-col-v-0\">\n                              <!---->\n                              <div class=\"h-column h-column-container d-flex h-col-lg h-col-md h-col-auto style-7656-outer style-local-7569-c30-outer\">\n                                <div data-colibri-id=\"7569-c30\" class=\"d-flex h-flex-basis h-column__inner h-px-lg-0 h-px-md-0 h-px-0 v-inner-lg-0 v-inner-md-0 v-inner-0 style-7656 style-local-7569-c30 position-relative\">\n                                  <!---->\n                                  <!---->\n                                  <div class=\"w-100 h-y-container h-column__content h-column__v-align flex-basis-100 align-self-lg-start align-self-md-start align-self-start\">\n                                    <!---->\n                                    <div data-colibri-id=\"7569-c31\" class=\"h-global-transition-all h-heading style-7648 style-local-7569-c31 position-relative h-element\">\n                                      <!---->\n                                      <div class=\"h-heading__outer style-7648 style-local-7569-c31\">\n                                        <!---->\n                                        <!---->\n                                        <h6 class=\"\">Dr. Megha Khosla<\/h6>\n                                      <\/div>\n                                    <\/div>\n                                    <div data-colibri-id=\"7569-c32\" class=\"h-x-container style-7658 style-local-7569-c32 position-relative h-element\">\n                                      <!---->\n                                      <div class=\"h-x-container-inner style-dynamic-7569-c32-group style-7658-spacing style-local-7569-c32-spacing\"><span class=\"h-link__outer style-7659-outer style-local-7569-c33-outer d-inline-flex h-element\"><a h-use-smooth-scroll=\"true\" href=\"mailto:khosla@l3s.de\"  data-colibri-id=\"7569-c33\" class=\"d-flex w-100 align-items-center h-link style-7659 style-local-7569-c33 position-relative\"><!----><!----> <span>khosla@l3s.de<\/span><\/a>\n                                        <\/span>\n                                      <\/div>\n                                    <\/div>\n                                  <\/div>\n                                <\/div>\n                              <\/div>\n                            <\/div>\n                          <\/div>\n                          <div data-colibri-id=\"7569-c34\" class=\"h-text h-text-component style-7660 style-local-7569-c34 position-relative h-element\">\n                            <!---->\n                            <!---->\n                            <div class=\"\">\n                              <p>Megha Kosla ist wissenschaftliche Mitarbeiterin am L3S. Sie erforscht Machine-Learning-Verfahren zur Analyse komplexer Daten wie den Sozialen Netzwerken, Web-Graphen und biomedizinischen Daten.<\/p>\n                            <\/div>\n                          <\/div>\n                        <\/div>\n                      <\/div>\n                    <\/div>\n                  <\/div>\n                <\/div>\n              <\/div>\n            <\/div>\n          <\/div>\n        <\/div>\n      <\/div>\n    <\/div>\n  <\/div>\n<\/div>","protected":false},"excerpt":{"rendered":"<p>Foto: Adobe Stock Issue: 02\/2019 Big Data in der Medizin Big Data against the Norovirus Sudden nausea, violent vomiting, diarrhoea: Noroviruses are responsible for the&nbsp;majority of gastrointestinal infections (gastroenteritis). They are highly infectious and can&nbsp;cause acute gastroenteritis outbreaks in community facilities, hospitals, retirement homes or on cruise ships. Noroviruses are particularly dangerous for&nbsp;immunocompromised patients, for&nbsp;example [&hellip;]<\/p>","protected":false},"author":7,"featured_media":7570,"parent":2750,"menu_order":0,"comment_status":"closed","ping_status":"closed","template":"page-templates\/full-width-page.php","meta":{"_acf_changed":false,"footnotes":""},"categories":[],"tags":[28,87],"class_list":["post-7569","page","type-page","status-publish","has-post-thumbnail","hentry","tag-binaire","tag-binaire-2019-02"],"acf":[],"aioseo_notices":[],"publishpress_future_action":{"enabled":false,"date":"2026-05-05 03:49:39","action":"category","newStatus":"draft","terms":[75],"taxonomy":"category","extraData":[]},"publishpress_future_workflow_manual_trigger":{"enabledWorkflows":[]},"_links":{"self":[{"href":"https:\/\/www.l3s.de\/de\/wp-json\/wp\/v2\/pages\/7569","targetHints":{"allow":["GET"]}}],"collection":[{"href":"https:\/\/www.l3s.de\/de\/wp-json\/wp\/v2\/pages"}],"about":[{"href":"https:\/\/www.l3s.de\/de\/wp-json\/wp\/v2\/types\/page"}],"author":[{"embeddable":true,"href":"https:\/\/www.l3s.de\/de\/wp-json\/wp\/v2\/users\/7"}],"replies":[{"embeddable":true,"href":"https:\/\/www.l3s.de\/de\/wp-json\/wp\/v2\/comments?post=7569"}],"version-history":[{"count":0,"href":"https:\/\/www.l3s.de\/de\/wp-json\/wp\/v2\/pages\/7569\/revisions"}],"up":[{"embeddable":true,"href":"https:\/\/www.l3s.de\/de\/wp-json\/wp\/v2\/pages\/2750"}],"wp:featuredmedia":[{"embeddable":true,"href":"https:\/\/www.l3s.de\/de\/wp-json\/wp\/v2\/media\/7570"}],"wp:attachment":[{"href":"https:\/\/www.l3s.de\/de\/wp-json\/wp\/v2\/media?parent=7569"}],"wp:term":[{"taxonomy":"category","embeddable":true,"href":"https:\/\/www.l3s.de\/de\/wp-json\/wp\/v2\/categories?post=7569"},{"taxonomy":"post_tag","embeddable":true,"href":"https:\/\/www.l3s.de\/de\/wp-json\/wp\/v2\/tags?post=7569"}],"curies":[{"name":"wp","href":"https:\/\/api.w.org\/{rel}","templated":true}]}}