{"id":7333,"date":"2020-06-05T13:06:12","date_gmt":"2020-06-05T11:06:12","guid":{"rendered":"https:\/\/www.l3s.de\/?page_id=7333"},"modified":"2022-12-28T15:16:38","modified_gmt":"2022-12-28T14:16:38","slug":"six-questions-to-thomas-hahn-president-of-bdva","status":"publish","type":"page","link":"https:\/\/www.l3s.de\/de\/magazine\/binaire-articles\/six-questions-to-thomas-hahn-president-of-bdva\/","title":{"rendered":"Sechs Fragen an Thomas Hahn, Pr\u00e4sident BDVA"},"content":{"rendered":"<div data-colibri-id=\"7333-c1\" class=\"style-6762 style-local-7333-c1 position-relative\">\n  <!---->\n  <div data-colibri-component=\"section\" data-colibri-id=\"7333-c2\" id=\"reusable-sections\" class=\"h-section h-section-global-spacing d-flex align-items-lg-center align-items-md-center align-items-center style-6763 style-local-7333-c2 position-relative\">\n    <!---->\n    <!---->\n    <div class=\"h-section-grid-container h-section-boxed-container\">\n      <!---->\n      <div data-colibri-id=\"7333-c3\" class=\"h-row-container gutters-row-lg-2 gutters-row-md-2 gutters-row-0 gutters-row-v-lg-2 gutters-row-v-md-2 gutters-row-v-2 style-6764 style-local-7333-c3 position-relative\">\n        <!---->\n        <div class=\"h-row justify-content-lg-center justify-content-md-center justify-content-center align-items-lg-stretch align-items-md-stretch align-items-stretch gutters-col-lg-2 gutters-col-md-2 gutters-col-0 gutters-col-v-lg-2 gutters-col-v-md-2 gutters-col-v-2\">\n          <!---->\n          <div class=\"h-column h-column-container d-flex h-col-lg-auto h-col-md-auto h-col-auto style-6765-outer style-local-7333-c4-outer\">\n            <div data-colibri-id=\"7333-c4\" class=\"d-flex h-flex-basis h-column__inner h-px-lg-0 h-px-md-0 h-px-0 v-inner-lg-0 v-inner-md-0 v-inner-0 style-6765 style-local-7333-c4 position-relative\">\n              <!---->\n              <!---->\n              <div class=\"w-100 h-y-container h-column__content h-column__v-align flex-basis-100 align-self-lg-start align-self-md-start align-self-start\">\n                <!---->\n                <div data-colibri-id=\"7333-c5\" class=\"d-block style-6766 style-local-7333-c5 position-relative h-element\">\n                  <!---->\n                  <div class=\"h-image__frame-container-outer\">\n                    <div class=\"h-image__frame-container\">\n                      <!---->\n                      <!---->\n                      <img decoding=\"async\" width=\"1920\" height=\"1278\" data-src=\"https:\/\/www.l3s.de\/wp-content\/uploads\/2022\/09\/Thomas_Hahn_Siemens_Corporate_Technology.jpeg\" class=\"wp-image-7334 style-6766-image style-local-7333-c5-image lazyload\" alt=\"\" data-srcset=\"https:\/\/www.l3s.de\/wp-content\/uploads\/2022\/09\/Thomas_Hahn_Siemens_Corporate_Technology.jpeg 1920w, https:\/\/www.l3s.de\/wp-content\/uploads\/2022\/09\/Thomas_Hahn_Siemens_Corporate_Technology-300x200.jpeg 300w, https:\/\/www.l3s.de\/wp-content\/uploads\/2022\/09\/Thomas_Hahn_Siemens_Corporate_Technology-1024x681.jpeg 1024w, https:\/\/www.l3s.de\/wp-content\/uploads\/2022\/09\/Thomas_Hahn_Siemens_Corporate_Technology-768x511.jpeg 768w, https:\/\/www.l3s.de\/wp-content\/uploads\/2022\/09\/Thomas_Hahn_Siemens_Corporate_Technology-1536x1022.jpeg 1536w, https:\/\/www.l3s.de\/wp-content\/uploads\/2022\/09\/Thomas_Hahn_Siemens_Corporate_Technology-2048x1363.jpeg 2048w, https:\/\/www.l3s.de\/wp-content\/uploads\/2022\/09\/Thomas_Hahn_Siemens_Corporate_Technology-18x12.jpeg 18w\" data-sizes=\"(max-width: 1920px) 100vw, 1920px\" src=\"data:image\/svg+xml;base64,PHN2ZyB3aWR0aD0iMSIgaGVpZ2h0PSIxIiB4bWxucz0iaHR0cDovL3d3dy53My5vcmcvMjAwMC9zdmciPjwvc3ZnPg==\" style=\"--smush-placeholder-width: 1920px; --smush-placeholder-aspect-ratio: 1920\/1278;\" \/>\n                      <div class=\"h-image__frame h-hide-lg h-hide-md h-hide-sm style-6766-frameImage style-local-7333-c5-frameImage\"><\/div>\n                    <\/div>\n                  <\/div>\n                <\/div>\n              <\/div>\n            <\/div>\n          <\/div>\n        <\/div>\n      <\/div>\n      <div data-colibri-id=\"7333-c6\" class=\"h-row-container gutters-row-lg-2 gutters-row-md-2 gutters-row-0 gutters-row-v-lg-2 gutters-row-v-md-2 gutters-row-v-2 style-6767 style-local-7333-c6 position-relative\">\n        <!---->\n        <div class=\"h-row justify-content-lg-center justify-content-md-center justify-content-center align-items-lg-stretch align-items-md-stretch align-items-stretch gutters-col-lg-2 gutters-col-md-2 gutters-col-0 gutters-col-v-lg-2 gutters-col-v-md-2 gutters-col-v-2\">\n          <!---->\n          <div class=\"h-column h-column-container d-flex h-col-lg h-col-md-auto h-col-auto style-6768-outer style-local-7333-c7-outer\">\n            <div data-colibri-id=\"7333-c7\" class=\"d-flex h-flex-basis h-column__inner h-px-lg-0 h-px-md-0 h-px-0 v-inner-lg-0 v-inner-md-0 v-inner-0 style-6768 style-local-7333-c7 position-relative\">\n              <!---->\n              <!---->\n              <div class=\"w-100 h-y-container h-column__content h-column__v-align flex-basis-100 align-self-lg-start align-self-md-start align-self-start\">\n                <!---->\n                <div data-colibri-id=\"7333-c8\" class=\"h-row-container gutters-row-lg-0 gutters-row-md-0 gutters-row-0 gutters-row-v-lg-0 gutters-row-v-md-0 gutters-row-v-0 style-6769 style-local-7333-c8 position-relative\">\n                  <!---->\n                  <div class=\"h-row justify-content-lg-center justify-content-md-center justify-content-center align-items-lg-stretch align-items-md-stretch align-items-stretch gutters-col-lg-0 gutters-col-md-0 gutters-col-0 gutters-col-v-lg-0 gutters-col-v-md-0 gutters-col-v-0\">\n                    <!---->\n                    <div class=\"h-column h-column-container d-flex h-col-lg-auto h-col-md-auto h-col-auto style-6770-outer style-local-7333-c9-outer\">\n                      <div data-colibri-id=\"7333-c9\" class=\"d-flex h-flex-basis h-column__inner h-px-lg-2 h-px-md-2 h-px-2 v-inner-lg-2 v-inner-md-2 v-inner-2 style-6770 style-local-7333-c9 position-relative\">\n                        <!---->\n                        <!---->\n                        <div class=\"w-100 h-y-container h-column__content h-column__v-align flex-basis-100 align-self-lg-start align-self-md-start align-self-start\">\n                          <!---->\n                          <div data-colibri-id=\"7333-c10\" class=\"h-text h-text-component style-6771 style-local-7333-c10 position-relative h-element\">\n                            <!---->\n                            <!---->\n                            <div class=\"\">\n                              <p>Ausgabe 02\/2020<\/p>\n                            <\/div>\n                          <\/div>\n                          <div data-colibri-id=\"7333-c11\" class=\"h-x-container style-6772 style-local-7333-c11 position-relative h-element\">\n                            <!---->\n                            <div class=\"h-x-container-inner style-dynamic-7333-c11-group style-6772-spacing style-local-7333-c11-spacing\"><span class=\"h-link__outer style-6773-outer style-local-7333-c12-outer d-inline-flex h-element\"><a h-use-smooth-scroll=\"true\" href=\"https:\/\/www.l3s.de\/wp-content\/uploads\/2022\/09\/L3S-Binaire-8-Magazin_web.pdf\" target=\"_blank\" data-colibri-id=\"7333-c12\" class=\"d-flex w-100 align-items-center h-link style-6773 style-local-7333-c12 position-relative\" rel=\"noopener\"><!----><!----> <span>Innovationen Krisen Startups<\/span><\/a>\n                              <\/span>\n                            <\/div>\n                          <\/div>\n                          <div data-colibri-id=\"7333-c13\" class=\"style-6774 style-local-7333-c13 position-relative h-element\">\n                            <!---->\n                          <\/div>\n                        <\/div>\n                      <\/div>\n                    <\/div>\n                    <div class=\"h-column h-column-container d-flex h-col-lg-auto h-col-md-auto h-col-auto style-6775-outer style-local-7333-c14-outer\">\n                      <div data-colibri-id=\"7333-c14\" class=\"d-flex h-flex-basis h-column__inner h-px-lg-2 h-px-md-2 h-px-2 v-inner-lg-2 v-inner-md-2 v-inner-2 style-6775 style-local-7333-c14 position-relative\">\n                        <!---->\n                        <!---->\n                        <div class=\"w-100 h-y-container h-column__content h-column__v-align flex-basis-100 align-self-lg-start align-self-md-start align-self-start\">\n                          <!---->\n                          <div data-colibri-id=\"7333-c15\" class=\"h-global-transition-all h-heading style-6776 style-local-7333-c15 position-relative h-element\">\n                            <!---->\n                            <div class=\"h-heading__outer style-6776 style-local-7333-c15\">\n                              <!---->\n                              <!---->\n                              <h6 class=\"\">Thomas Hahn ist Chief Software Expert bei Siemens und Pr\u00e4sident der Big Data Value Association (BDVA), Foto: Siemens AG<\/h6>\n                            <\/div>\n                          <\/div>\n                          <div data-colibri-id=\"7333-c16\" class=\"h-global-transition-all h-heading style-6777 style-local-7333-c16 position-relative h-element\">\n                            <!---->\n                            <div class=\"h-heading__outer style-6777 style-local-7333-c16\">\n                              <!---->\n                              <!---->\n                              <h1 class=\"\">Sechs Fragen an Thomas Hahn, Pr\u00e4sident BDVA<\/h1>\n                            <\/div>\n                          <\/div>\n                          <div data-colibri-id=\"7333-c17\" class=\"style-6778 style-local-7333-c17 position-relative h-element\">\n                            <!---->\n                          <\/div>\n                          <div data-colibri-id=\"7333-c18\" class=\"h-row-container gutters-row-lg-0 gutters-row-md-0 gutters-row-0 gutters-row-v-lg-0 gutters-row-v-md-0 gutters-row-v-0 style-6779 style-local-7333-c18 position-relative\">\n                            <!---->\n                            <div class=\"h-row justify-content-lg-center justify-content-md-center justify-content-center align-items-lg-stretch align-items-md-stretch align-items-stretch gutters-col-lg-0 gutters-col-md-0 gutters-col-0 gutters-col-v-lg-0 gutters-col-v-md-0 gutters-col-v-0\">\n                              <!---->\n                              <div class=\"h-column h-column-container d-flex h-col-lg h-col-md h-col-auto style-6780-outer style-local-7333-c19-outer\">\n                                <div data-colibri-id=\"7333-c19\" class=\"d-flex h-flex-basis h-column__inner h-px-lg-0 h-px-md-0 h-px-0 v-inner-lg-0 v-inner-md-0 v-inner-0 style-6780 style-local-7333-c19 position-relative\">\n                                  <!---->\n                                  <!---->\n                                  <div class=\"w-100 h-y-container h-column__content h-column__v-align flex-basis-100 align-self-lg-start align-self-md-start align-self-start\">\n                                    <!---->\n                                    <div data-colibri-id=\"7333-c20\" class=\"h-text h-text-component style-6781 style-local-7333-c20 position-relative h-element\">\n                                      <!---->\n                                      <!---->\n                                      <div class=\"\">\n                                        <p><strong style=\"font-weight: 600;\"><em>Was sind die Ziele der BDVA und was ist Ihre eigene Rolle dabei?<\/em><\/strong><\/p>\n                                        <p class=\"translation-block\">Die&nbsp;<a href=\"http:\/\/bdva.eu\/\"><strong>Big Data Value Association<\/strong><\/a>&nbsp;(BDVA) baut ein europ&auml;isches Innovations&ouml;kosystem mit folgenden Zielen auf: erstens die auf Daten-Analyse (&bdquo;<strong>Big Data<\/strong>&ldquo;) und k&uuml;nstlicher Intelligenz (<strong>&bdquo;KI&ldquo;<\/strong>) basierende digitale Transformation in und f&uuml;r Europa zu unterst&uuml;tzen, zweitens den h&ouml;chstm&ouml;glichen wirtschaftlichen und gesellschaftlichen Nutzen (&bdquo;<strong>Value<\/strong>&ldquo;) zu generieren und drittens Europas Weg hin zu einer f&uuml;hrenden Rolle bei der Wertgenerierung aus Big-Data- und KI-Technologien zu unterst&uuml;tzen. Deshalb arbeitet der BDVA mit Partnern aus Industrie und Forschung zusammen, also mit kleinen und mittelst&auml;ndischen Unternehmen (KMU), Startups, global agierenden Konzernen sowie Forschungseinrichtungen und Universit&auml;ten.<\/p>\n                                        <p>Aktuell etabliert BDVA zusammen mit Claire, Ellis, EurAI und euRobotics eine gemeinsame Partnerschaft zu den Themen k\u00fcnstliche Intelligenz, Data und Robotik. Dabei treibt uns folgende Vision an: Wir wollen die Wettbewerbsf\u00e4higkeit Europas st\u00e4rken, das gesellschaftliche Wohlergehen mehren und die Herausforderungen der Umwelt aktiv angehen. Denn nur so k\u00f6nnen wir weltweit f\u00fchrend sein bei der Erforschung, Entwicklung und Bereitstellung nutzenstiftender vertrauensw\u00fcrdiger KI, Data und Robotik \u2013 und zwar auf der Grundlage europ\u00e4ischer Grundrechte, Prinzipien und Werte.<\/p>\n                                        <p>F\u00fcr mich pers\u00f6nlich ist es eine gro\u00dfe Ehre, seit Ende 2018 der Pr\u00e4sident der BDVA zu sein und zusammen mit einem sehr kompetenten und engagierten Team dies umzusetzen.<\/p>\n                                      <\/div>\n                                    <\/div>\n                                    <div data-colibri-id=\"7333-c21\" class=\"h-text h-text-component style-6781 style-local-7333-c21 position-relative h-element\">\n                                      <!---->\n                                      <!---->\n                                      <div class=\"\">\n                                        <p><strong style=\"font-weight: 600;\"><em>Wie unterst\u00fctzt Siemens die BDVA?<\/em><\/strong><\/p>\n                                        <p>Bei Siemens sind wir davon \u00fcberzeugt: KI wird das Kr\u00e4fteverh\u00e4ltnis an den M\u00e4rkten und Wertsch\u00f6pfungsketten nachhaltig beeinflussen. Hier m\u00fcssen wir in Europa unsere Position behaupten und ausbauen. Europa kann und muss der Schrittmacher f\u00fcr die industrielle KI sein \u2013 denn in Europa ist das Domain-Wissen verf\u00fcgbar, und hier existiert ein starkes Netzwerk zwischen den KMU, den gro\u00dfen Unternehmen, Verb\u00e4nden, Forschungsinstituten und den Regierungen. Deshalb ist es f\u00fcr uns wichtig, die Einrichtung einer europ\u00e4ischen Partnerschaft zu KI, Data und Robotik als zentrale Drehscheibe mitzuentwickeln.\n\nF\u00fcr Siemens sind die Digitalisierung und die Generierung von Kundennutzen aus Daten mithilfe von KI absolut relevant. Es versetzt sowohl uns als auch unsere Kunden in die Lage, neue Gesch\u00e4ftsm\u00f6glichkeiten zu erschlie\u00dfen.\n\nSiemens ist Gr\u00fcndungsmitglied der BDVA und unterst\u00fctzt die Ziele der BDVA aktiv \u2013 pers\u00f6nlich durch mich respektive durch meinen Kollegen.<\/p>\n                                      <\/div>\n                                    <\/div>\n                                    <div data-colibri-id=\"7333-c22\" class=\"h-text h-text-component style-6781 style-local-7333-c22 position-relative h-element\">\n                                      <!---->\n                                      <!---->\n                                      <div class=\"\">\n                                        <p><strong style=\"font-weight: 600; color: rgb(51, 51, 51); font-family: &quot;Open Sans&quot;; font-size: 101%;\"><em>Innovation durch datengetriebene Innovationen und k\u00fcnstliche Intelligenz ist eines der Kernziele der BDVA. Wie sehen Sie europ\u00e4ische Unternehmen in diesen Bereichen aufgestellt?<\/em><\/strong><\/p>\n                                        <p>Wir haben, sobald es in die Anwendungen geht \u2013 produzierende Industrie, Medizintechnik oder Mobilit\u00e4t, um nur einige zu nennen \u2013 nach wie vor eine weltweite starke Stellung inne und sind auch in vielen Anwendungen Weltmarktf\u00fchrer. Sicherlich d\u00fcrfen wir uns darauf nicht ausruhen, aber wir sollten uns in Europa auch nicht hinter unseren Erfolgen verstecken.\n\nEs wird viel \u00fcber die Hyperscaler, deren Dominanz bei datengetriebener Innovation und deren Vormachtstellung gesprochen.\n\nIn dem weiten Feld der KI-Anwendungen im Business-to-Business-Bereich (B2B) wird in den kommenden Jahren viel realisiert werden. Es werden ein umfassendes Domain-Know-how und die Erfahrungen von europ\u00e4ischen Unternehmen gefragt sein, wenn es darum geht, etablierte Prozesse und Verfahren auf Basis der Analyse von Daten und KI zu verbessern.\n\nWir sollten uns hier mit Elan einbringen, uns zusammentun, uns fokussieren und unsere St\u00e4rken in Europa nutzen. Und dabei m\u00fcssen wir auch neue Gesch\u00e4ftsm\u00f6glichkeiten adressieren \u2013 wobei wir sicherlich auch sehr viel von den Erfahrungen zum Beispiel aus dem Silicon Valley lernen k\u00f6nnen.<\/p>\n                                      <\/div>\n                                    <\/div>\n                                    <div data-colibri-id=\"7333-c23\" class=\"h-text h-text-component style-6781 style-local-7333-c23 position-relative h-element\">\n                                      <!---->\n                                      <!---->\n                                      <div class=\"\">\n                                        <p><strong style=\"font-weight: 600;\"><em>Was sind aktuell die wichtigsten Initiativen der BDVA, und wie gehen Sie hier voran?<\/em><\/strong><\/p>\n                                        <p>Die aktuell wichtigste Initiative, in der ich mich auch am st\u00e4rksten engagiere: die neue Partnerschaft zu KI, Data, Robotik und Embedded-Anwendungen zu etablieren \u2013 in und f\u00fcr Europa und unter Einbeziehung von Forschung, Industrie, KMU und Startups.<\/p>\n                                      <\/div>\n                                    <\/div>\n                                    <div data-colibri-id=\"7333-c24\" class=\"h-text h-text-component style-6781 style-local-7333-c24 position-relative h-element\">\n                                      <!---->\n                                      <!---->\n                                      <div class=\"\">\n                                        <p><strong style=\"font-weight: 600;\"><em>Ein wichtiges Instrument der BDVA sind die European Innovation Spaces. K\u00f6nnen Sie deren Aufgaben n\u00e4her beschreiben?<\/em><\/strong><\/p>\n                                        <p>Die Erarbeitung von Spezifikationen und das gemeinsame Erarbeiten von Technologien sind sehr wichtig. Aber all dies muss vor deren produktiven Einsatz erprobt werden. Und genau dort spielen \u201eInnovation Spaces\u201c eine sehr wichtige Rolle. Ihre Aufgaben bestehen darin, neue Technologien vor deren Nutzung zu erproben, neue Herausforderungen zu finden und andere Themenbereiche wie etwa Standardisierung zu beeinflussen \u2013 nicht zu vergessen, dass man auch regional verteilte Ansprechpartner braucht.\n\nBDVA hat hierf\u00fcr \u201eEuropean Data Innovation Spaces und Hubs\u201c etabliert, um die Einf\u00fchrung von Big-Data- und KI-basierten Innovationen in allen Bereichen der europ\u00e4ischen Industrie voranzutreiben. Bestehende Hubs k\u00f6nnen jedes Jahr nach einem Bewertungsprozess auf der Grundlage eines Kriterienkatalogs ein Label als \u201eBDVA i-Space\u201c erhalten: Die zugrunde gelegten Kriterien sind Exzellenz der Infrastruktur, Qualit\u00e4t der Dienstleistungen, Projekte und Sektoren, Auswirkungen auf das \u00d6kosystem und das Gesch\u00e4ftsmodell.<\/p>\n                                      <\/div>\n                                    <\/div>\n                                    <div data-colibri-id=\"7333-c25\" class=\"h-text h-text-component style-6781 style-local-7333-c25 position-relative h-element\">\n                                      <!---->\n                                      <!---->\n                                      <div class=\"\">\n                                        <p><strong style=\"font-weight: 600;\"><em>Das L3S ist einer dieser Innovation Spaces. Wie viele weitere gibt es in Deutschland und in Europa, und welche Bereiche decken diese ab?<\/em><\/strong><\/p>\n                                        <p class=\"translation-block\">Es gibt heute insgesamt 15 Innovation Spaces \u00fcber Europa verteilt, davon zwei in Deutschland. Die vollst\u00e4ndige Liste finden Sie unter <a href=\"http:\/\/www.bdva.eu\/node\/1172\" class=\"customize-unpreviewable\" target=\"_self\">\u00a0http:\/\/www.bdva.eu\/node\/1172<\/a>. Die Innovation Spaces decken eine gro\u00dfe Bandbreite von Feldern ab: Analyse von Daten mit High-Performance-Computing, Erforschung der industriellen Anwendung von Big Data, Testen von Big-Data-Anwendungen, Erforschung und Erprobung von Methoden der KI, Erarbeitung von Empfehlungen und Strategien f\u00fcr Business, Politik und Gesellschaft, um nur einige zu nennen. Jedes Jahr macht sich die BDVA auf die Suche nach neuen Innovation Spaces \u2013 aktuell l\u00e4uft der Prozess f\u00fcr 2020: <span>\u00a0<\/span>\n                                          <a href=\"http:\/\/bdva.eu\/node\/1466\" class=\"customize-unpreviewable\" target=\"_self\">http:\/\/bdva.eu\/node\/1466<\/a>. Der Innovation Space L3S ist ein sehr starker, kompetenter und hoch gesch\u00e4tzter Partner im Team der Innovation Spaces von BDVA!<\/p>\n                                        <p><em style=\"font-weight: 600;\">Thomas Hahn<\/em><em style=\"font-weight: 600; color: rgb(0, 0, 0); font-family: &quot;Open Sans&quot;; font-size: 16px;\">, vielen Dank f\u00fcr das Gespr\u00e4ch!<\/em><\/p>\n                                        <p>\n                                          <br>\n                                        <\/p>\n                                        <p><em style=\"font-size: 92%;\">Interview: Prof. Dr. Wolfgang Nejdl, L3S<\/em><\/p>\n                                      <\/div>\n                                    <\/div>\n                                  <\/div>\n                                <\/div>\n                              <\/div>\n                            <\/div>\n                          <\/div>\n                        <\/div>\n                      <\/div>\n                    <\/div>\n                  <\/div>\n                <\/div>\n              <\/div>\n            <\/div>\n          <\/div>\n        <\/div>\n      <\/div>\n    <\/div>\n  <\/div>\n<\/div>","protected":false},"excerpt":{"rendered":"<p>Issue: 02\/2020 Innovationen Krisen Startups Thomas Hahn is Chief Software Expert at Siemens and President of the Big Data Value Association (BDVA), Photo: Siemens AG Six Questions to Thomas Hahn, President of BDVA What are the goals of the BDVA and what is your own role in them? The&nbsp; Big Data Value Association&nbsp;(BDVA) is building [&hellip;]<\/p>","protected":false},"author":7,"featured_media":7334,"parent":2750,"menu_order":0,"comment_status":"closed","ping_status":"closed","template":"page-templates\/full-width-page.php","meta":{"_acf_changed":false,"footnotes":""},"categories":[],"tags":[28,84],"class_list":["post-7333","page","type-page","status-publish","has-post-thumbnail","hentry","tag-binaire","tag-binaire-2020-02"],"acf":[],"aioseo_notices":[],"publishpress_future_action":{"enabled":false,"date":"2026-05-06 12:51:00","action":"category","newStatus":"draft","terms":[75],"taxonomy":"category","extraData":[]},"publishpress_future_workflow_manual_trigger":{"enabledWorkflows":[]},"_links":{"self":[{"href":"https:\/\/www.l3s.de\/de\/wp-json\/wp\/v2\/pages\/7333","targetHints":{"allow":["GET"]}}],"collection":[{"href":"https:\/\/www.l3s.de\/de\/wp-json\/wp\/v2\/pages"}],"about":[{"href":"https:\/\/www.l3s.de\/de\/wp-json\/wp\/v2\/types\/page"}],"author":[{"embeddable":true,"href":"https:\/\/www.l3s.de\/de\/wp-json\/wp\/v2\/users\/7"}],"replies":[{"embeddable":true,"href":"https:\/\/www.l3s.de\/de\/wp-json\/wp\/v2\/comments?post=7333"}],"version-history":[{"count":0,"href":"https:\/\/www.l3s.de\/de\/wp-json\/wp\/v2\/pages\/7333\/revisions"}],"up":[{"embeddable":true,"href":"https:\/\/www.l3s.de\/de\/wp-json\/wp\/v2\/pages\/2750"}],"wp:featuredmedia":[{"embeddable":true,"href":"https:\/\/www.l3s.de\/de\/wp-json\/wp\/v2\/media\/7334"}],"wp:attachment":[{"href":"https:\/\/www.l3s.de\/de\/wp-json\/wp\/v2\/media?parent=7333"}],"wp:term":[{"taxonomy":"category","embeddable":true,"href":"https:\/\/www.l3s.de\/de\/wp-json\/wp\/v2\/categories?post=7333"},{"taxonomy":"post_tag","embeddable":true,"href":"https:\/\/www.l3s.de\/de\/wp-json\/wp\/v2\/tags?post=7333"}],"curies":[{"name":"wp","href":"https:\/\/api.w.org\/{rel}","templated":true}]}}