{"id":7260,"date":"2020-06-11T12:07:52","date_gmt":"2020-06-11T10:07:52","guid":{"rendered":"https:\/\/www.l3s.de\/?page_id=7260"},"modified":"2023-02-08T11:08:18","modified_gmt":"2023-02-08T10:08:18","slug":"corona-starting-a-business-in-times-of-pandemic","status":"publish","type":"page","link":"https:\/\/www.l3s.de\/de\/magazine\/binaire-articles\/corona-starting-a-business-in-times-of-pandemic\/","title":{"rendered":"Corona: Gr\u00fcnden in Zeiten der Pandemie"},"content":{"rendered":"<div data-colibri-id=\"7260-c1\" class=\"style-6513 style-local-7260-c1 position-relative\">\n  <!---->\n  <div data-colibri-component=\"section\" data-colibri-id=\"7260-c2\" id=\"reusable-sections\" class=\"h-section h-section-global-spacing d-flex align-items-lg-center align-items-md-center align-items-center style-6514 style-local-7260-c2 position-relative\">\n    <!---->\n    <!---->\n    <div class=\"h-section-grid-container h-section-boxed-container\">\n      <!---->\n      <div data-colibri-id=\"7260-c3\" class=\"h-row-container gutters-row-lg-3 gutters-row-md-3 gutters-row-0 gutters-row-v-lg-3 gutters-row-v-md-3 gutters-row-v-3 style-6515 style-local-7260-c3 position-relative\">\n        <div class=\"background-wrapper\">\n          <div class=\"background-layer background-layer-media-container-lg\">\n            <div data-enabled=\"true\" data-colibri-component=\"parallax\" class=\"background-layer paraxify lazyload\" model-id=\"7260-c3\" media=\"desktop\" is-preview=\"true\" style=\"background-image:inherit;\" data-bg-image=\"url(&quot;https:\/\/www.l3s.de\/wp-content\/uploads\/2022\/09\/QuizCo_HI_4233-scaled.jpg&quot;)\"><\/div>\n          <\/div>\n          <div class=\"background-layer background-layer-media-container-md\">\n            <div data-enabled=\"true\" data-colibri-component=\"parallax\" class=\"background-layer paraxify lazyload\" model-id=\"7260-c3\" media=\"tablet\" is-preview=\"true\" style=\"background-image:inherit;\" data-bg-image=\"url(&quot;https:\/\/www.l3s.de\/wp-content\/uploads\/2022\/09\/QuizCo_HI_4233-scaled.jpg&quot;)\"><\/div>\n          <\/div>\n          <div class=\"background-layer background-layer-media-container\">\n            <div data-enabled=\"true\" data-colibri-component=\"parallax\" class=\"background-layer paraxify lazyload\" model-id=\"7260-c3\" media=\"mobile\" is-preview=\"true\" style=\"background-image:inherit;\" data-bg-image=\"url(&quot;https:\/\/www.l3s.de\/wp-content\/uploads\/2022\/09\/QuizCo_HI_4233-scaled.jpg&quot;)\"><\/div>\n          <\/div>\n        <\/div>\n        <div class=\"h-row justify-content-lg-center justify-content-md-center justify-content-center align-items-lg-stretch align-items-md-stretch align-items-stretch gutters-col-lg-3 gutters-col-md-3 gutters-col-0 gutters-col-v-lg-3 gutters-col-v-md-3 gutters-col-v-3\">\n          <!---->\n          <div class=\"h-column h-column-container d-flex h-col-lg-auto h-col-md-auto h-col-auto style-6516-outer style-local-7260-c4-outer\">\n            <div data-colibri-id=\"7260-c4\" class=\"d-flex h-flex-basis h-column__inner h-ui-empty-state-container h-px-lg-3 h-px-md-3 h-px-3 v-inner-lg-3 v-inner-md-3 v-inner-3 style-6516 style-local-7260-c4 position-relative\">\n              <!---->\n              <!---->\n              <div class=\"w-100 h-y-container h-column__content h-column__v-align flex-basis-100\">\n                <!---->\n              <\/div>\n            <\/div>\n          <\/div>\n        <\/div>\n      <\/div>\n      <div data-colibri-id=\"7260-c5\" class=\"h-row-container gutters-row-lg-0 gutters-row-md-0 gutters-row-0 gutters-row-v-lg-0 gutters-row-v-md-0 gutters-row-v-0 style-11845 style-local-7260-c5 position-relative\">\n        <!---->\n        <div class=\"h-row justify-content-lg-center justify-content-md-center justify-content-center align-items-lg-stretch align-items-md-stretch align-items-stretch gutters-col-lg-0 gutters-col-md-0 gutters-col-0 gutters-col-v-lg-0 gutters-col-v-md-0 gutters-col-v-0\">\n          <!---->\n          <div class=\"h-column h-column-container d-flex h-col-lg-auto h-col-md-auto h-col-auto style-11846-outer style-local-7260-c6-outer\">\n            <div data-colibri-id=\"7260-c6\" class=\"d-flex h-flex-basis h-column__inner h-px-lg-0 h-px-md-0 h-px-0 v-inner-lg-0 v-inner-md-0 v-inner-0 style-11846 style-local-7260-c6 position-relative\">\n              <!---->\n              <!---->\n              <div class=\"w-100 h-y-container h-column__content h-column__v-align flex-basis-100 align-self-lg-start align-self-md-start align-self-start\">\n                <!---->\n                <div data-colibri-id=\"7260-c7\" class=\"h-text h-text-component style-11847 style-local-7260-c7 position-relative h-element\">\n                  <!---->\n                  <!---->\n                  <div class=\"\">\n                    <p>Foto: QuizCo<\/p>\n                  <\/div>\n                <\/div>\n              <\/div>\n            <\/div>\n          <\/div>\n        <\/div>\n      <\/div>\n      <div data-colibri-id=\"7260-c8\" class=\"h-row-container gutters-row-lg-2 gutters-row-md-2 gutters-row-0 gutters-row-v-lg-2 gutters-row-v-md-2 gutters-row-v-2 style-6517 style-local-7260-c8 position-relative\">\n        <!---->\n        <div class=\"h-row justify-content-lg-center justify-content-md-center justify-content-center align-items-lg-stretch align-items-md-stretch align-items-stretch gutters-col-lg-2 gutters-col-md-2 gutters-col-0 gutters-col-v-lg-2 gutters-col-v-md-2 gutters-col-v-2\">\n          <!---->\n          <div class=\"h-column h-column-container d-flex h-col-lg h-col-md-auto h-col-auto style-6518-outer style-local-7260-c9-outer\">\n            <div data-colibri-id=\"7260-c9\" class=\"d-flex h-flex-basis h-column__inner h-px-lg-0 h-px-md-0 h-px-0 v-inner-lg-0 v-inner-md-0 v-inner-0 style-6518 style-local-7260-c9 position-relative\">\n              <!---->\n              <!---->\n              <div class=\"w-100 h-y-container h-column__content h-column__v-align flex-basis-100 align-self-lg-start align-self-md-start align-self-start\">\n                <!---->\n                <div data-colibri-id=\"7260-c10\" class=\"h-row-container gutters-row-lg-0 gutters-row-md-0 gutters-row-0 gutters-row-v-lg-0 gutters-row-v-md-0 gutters-row-v-0 style-6519 style-local-7260-c10 position-relative\">\n                  <!---->\n                  <div class=\"h-row justify-content-lg-center justify-content-md-center justify-content-center align-items-lg-stretch align-items-md-stretch align-items-stretch gutters-col-lg-0 gutters-col-md-0 gutters-col-0 gutters-col-v-lg-0 gutters-col-v-md-0 gutters-col-v-0\">\n                    <!---->\n                    <div class=\"h-column h-column-container d-flex h-col-lg-auto h-col-md-auto h-col-auto style-6520-outer style-local-7260-c11-outer\">\n                      <div data-colibri-id=\"7260-c11\" class=\"d-flex h-flex-basis h-column__inner h-px-lg-2 h-px-md-2 h-px-2 v-inner-lg-2 v-inner-md-2 v-inner-2 style-6520 style-local-7260-c11 position-relative\">\n                        <!---->\n                        <!---->\n                        <div class=\"w-100 h-y-container h-column__content h-column__v-align flex-basis-100 align-self-lg-start align-self-md-start align-self-start\">\n                          <!---->\n                          <div data-colibri-id=\"7260-c12\" class=\"h-text h-text-component style-6521 style-local-7260-c12 position-relative h-element\">\n                            <!---->\n                            <!---->\n                            <div class=\"\">\n                              <p>Ausgabe 02\/2020<\/p>\n                            <\/div>\n                          <\/div>\n                          <div data-colibri-id=\"7260-c13\" class=\"h-x-container style-6522 style-local-7260-c13 position-relative h-element\">\n                            <!---->\n                            <div class=\"h-x-container-inner style-dynamic-7260-c13-group style-6522-spacing style-local-7260-c13-spacing\"><span class=\"h-link__outer style-6523-outer style-local-7260-c14-outer d-inline-flex h-element\"><a h-use-smooth-scroll=\"true\" href=\"https:\/\/www.l3s.de\/wp-content\/uploads\/2022\/09\/L3S-Binaire-8-Magazin_web.pdf\" target=\"_blank\" data-colibri-id=\"7260-c14\" class=\"d-flex w-100 align-items-center h-link style-6523 style-local-7260-c14 position-relative\" rel=\"noopener\"><!----><!----> <span>Innovation, Krisen, Startups<\/span><\/a>\n                              <\/span>\n                            <\/div>\n                          <\/div>\n                          <div data-colibri-id=\"7260-c15\" class=\"style-6524 style-local-7260-c15 position-relative h-element\">\n                            <!---->\n                          <\/div>\n                        <\/div>\n                      <\/div>\n                    <\/div>\n                    <div class=\"h-column h-column-container d-flex h-col-lg-auto h-col-md-auto h-col-auto style-6525-outer style-local-7260-c16-outer\">\n                      <div data-colibri-id=\"7260-c16\" class=\"d-flex h-flex-basis h-column__inner h-px-lg-2 h-px-md-2 h-px-2 v-inner-lg-2 v-inner-md-2 v-inner-2 style-6525 style-local-7260-c16 position-relative\">\n                        <!---->\n                        <!---->\n                        <div class=\"w-100 h-y-container h-column__content h-column__v-align flex-basis-100 align-self-lg-start align-self-md-start align-self-start\">\n                          <!---->\n                          <div data-colibri-id=\"7260-c17\" class=\"h-global-transition-all h-heading style-6527 style-local-7260-c17 position-relative h-element\">\n                            <!---->\n                            <div class=\"h-heading__outer style-6527 style-local-7260-c17\">\n                              <!---->\n                              <!---->\n                              <h1 class=\"\">Corona: Gr\u00fcnden in Zeiten der Pandemie<\/h1>\n                            <\/div>\n                          <\/div>\n                          <div data-colibri-id=\"7260-c18\" class=\"style-6528 style-local-7260-c18 position-relative h-element\">\n                            <!---->\n                          <\/div>\n                          <div data-colibri-id=\"7260-c19\" class=\"h-row-container gutters-row-lg-0 gutters-row-md-0 gutters-row-0 gutters-row-v-lg-0 gutters-row-v-md-0 gutters-row-v-0 style-6529 style-local-7260-c19 position-relative\">\n                            <!---->\n                            <div class=\"h-row justify-content-lg-center justify-content-md-center justify-content-center align-items-lg-stretch align-items-md-stretch align-items-stretch gutters-col-lg-0 gutters-col-md-0 gutters-col-0 gutters-col-v-lg-0 gutters-col-v-md-0 gutters-col-v-0\">\n                              <!---->\n                              <div class=\"h-column h-column-container d-flex h-col-lg h-col-md h-col-auto style-6530-outer style-local-7260-c20-outer\">\n                                <div data-colibri-id=\"7260-c20\" class=\"d-flex h-flex-basis h-column__inner h-px-lg-0 h-px-md-0 h-px-0 v-inner-lg-0 v-inner-md-0 v-inner-0 style-6530 style-local-7260-c20 position-relative\">\n                                  <!---->\n                                  <!---->\n                                  <div class=\"w-100 h-y-container h-column__content h-column__v-align flex-basis-100 align-self-lg-start align-self-md-start align-self-start\">\n                                    <!---->\n                                    <div data-colibri-id=\"7260-c21\" class=\"h-text h-text-component style-6531 style-local-7260-c21 position-relative h-element\">\n                                      <!---->\n                                      <!---->\n                                      <div class=\"\">\n                                        <p>\n                                          <a href=\"https:\/\/www.l3s.de\/de\/magazine\/binaire-archive\/corona-starting-a-business-in-times-of-pandemic\/www.quizco.de\/\" target=\"_blank\" rel=\"noopener\">QuizCo<\/a> ist ein Startup am L3S. Die drei Gr\u00fcnder erhalten ein EXIST-Gr\u00fcnderstipendium des Bundesministeriums f\u00fcr Wirtschaft und Energie. QuizCo besch\u00e4ftigt sich mit den Themen des individuellen, digital unterst\u00fctzen Lernens und der Herausforderung der Lerninhaltserstellung. Eigentlich genau die richtigen Themen in Zeiten wie diesen. Hier berichten die Gr\u00fcnder, wie sie mit der Corona-Krise umgehen:<\/p>\n                                      <\/div>\n                                    <\/div>\n                                    <div data-colibri-id=\"7260-c22\" class=\"h-row-container gutters-row-lg-0 gutters-row-md-0 gutters-row-0 gutters-row-v-lg-0 gutters-row-v-md-0 gutters-row-v-0 style-6532 style-local-7260-c22 position-relative\">\n                                      <!---->\n                                      <div class=\"h-row justify-content-lg-start justify-content-md-start justify-content-start align-items-lg-stretch align-items-md-stretch align-items-stretch gutters-col-lg-0 gutters-col-md-0 gutters-col-0 gutters-col-v-lg-0 gutters-col-v-md-0 gutters-col-v-0\">\n                                        <!---->\n                                        <div class=\"h-column h-column-container d-flex h-col-lg-auto h-col-md-auto h-col-auto style-6533-outer style-local-7260-c23-outer\">\n                                          <div data-colibri-id=\"7260-c23\" class=\"d-flex h-flex-basis h-column__inner h-px-lg-0 h-px-md-0 h-px-0 v-inner-lg-0 v-inner-md-0 v-inner-0 style-6533 style-local-7260-c23 position-relative\">\n                                            <!---->\n                                            <!---->\n                                            <div class=\"w-100 h-y-container h-column__content h-column__v-align flex-basis-100 align-self-lg-start align-self-md-start align-self-start\">\n                                              <!---->\n                                              <div data-colibri-id=\"7260-c24\" class=\"d-block style-6534 style-local-7260-c24 position-relative h-element\">\n                                                <!---->\n                                                <div class=\"h-image__frame-container-outer\">\n                                                  <a href=\"\/de\/www.quizco.de\/\" h-use-smooth-scroll=\"true\" class=\"image-link\">\n                                                    <div class=\"h-image__frame-container\">\n                                                      <!---->\n                                                      <!---->\n                                                      <img decoding=\"async\" width=\"284\" height=\"72\" data-src=\"https:\/\/www.l3s.de\/wp-content\/uploads\/2022\/09\/cropped-QuizCo-Logo_klein_0.png\" class=\"wp-image-7265 style-6534-image style-local-7260-c24-image lazyload\" alt=\"\" data-srcset=\"https:\/\/www.l3s.de\/wp-content\/uploads\/2022\/09\/cropped-QuizCo-Logo_klein_0.png 284w, https:\/\/www.l3s.de\/wp-content\/uploads\/2022\/09\/cropped-QuizCo-Logo_klein_0-18x5.png 18w\" data-sizes=\"(max-width: 284px) 100vw, 284px\" src=\"data:image\/svg+xml;base64,PHN2ZyB3aWR0aD0iMSIgaGVpZ2h0PSIxIiB4bWxucz0iaHR0cDovL3d3dy53My5vcmcvMjAwMC9zdmciPjwvc3ZnPg==\" style=\"--smush-placeholder-width: 284px; --smush-placeholder-aspect-ratio: 284\/72;\" \/>\n                                                      <div class=\"h-image__frame h-hide-lg h-hide-md h-hide-sm style-6534-frameImage style-local-7260-c24-frameImage\"><\/div>\n                                                    <\/div>\n                                                  <\/a>\n                                                <\/div>\n                                              <\/div>\n                                            <\/div>\n                                          <\/div>\n                                        <\/div>\n                                      <\/div>\n                                    <\/div>\n                                    <div data-colibri-id=\"7260-c25\" class=\"h-text h-text-component style-6531 style-local-7260-c25 position-relative h-element\">\n                                      <!---->\n                                      <!---->\n                                      <div class=\"\">\n                                        <p>Kurz vor Ausbruch der Krise feierten wir den Go-Live unserer neu entwickelten Lernumgebung \u201eknowlab.\u201c. Bis dato konnten wir uns \u00fcber ein gro\u00dfes Interesse verschiedener Kunden und Partner freuen, jedoch machte die aktuelle wirtschaftliche Situation uns und unseren Interessenten einen Strich durch die Rechnung. Gl\u00fccklicherweise wurde an vielen Stellen sehr professionell mit der Lage umgegangen, und diverse Bereiche des Lebens erfuhren eine Art digitale Transformation. So auch das Lernen, wo zum jetzigen Zeitpunkt h\u00e4ufig auf kostenfreie Lernplattformen zur\u00fcckgegriffen wird. Die Herausforderung besteht nun jedoch darin, qualifizierte Lerninhalte zur Verf\u00fcgung zu stellen. Im Fall der digitalen Lehre ist es nicht ausreichend, eine beliebige PDF-Datei zur Verf\u00fcgung zu stellen und zu erwarten, dass alle Lernenden diese lesen und dann nennenswerte Lernfortschritte verzeichnen k\u00f6nnen. Es geht vielmehr darum, motivierende Lerninhalte zu erstellen. Zu diesem Zweck haben wir entschieden, unsere Technologie zu \u00f6ffnen und bei Bedarf f\u00fcr die automatisierte Inhaltserstellung zur Verf\u00fcgung zu stellen. So ist es nun m\u00f6glich, mithilfe k\u00fcnstlicher Intelligenz Dokumente zu analysieren und vollautomatisch Lern- und Abfrageinhalte daraus zu erzeugen. Aus einem einzigen Dokument k\u00f6nnen verschiedene Inhalte generiert werden. Dazu z\u00e4hlen: Zusammenfassungen, Karteikarten, L\u00fcckentexte, Quizfragen oder Multiple-Choice-Aufgaben. Durch eine gut aufgestellte Datenbank k\u00f6nnen des Weiteren verschiedene multimediale Inhalte, wie Bilder, automatisch und kontextbezogen zu einzelnen Aufgabentypen hinzugef\u00fcgt werden.<\/p>\n                                        <p>Neben den drei Gr\u00fcndern Wiebke, Max und Jacob besch\u00e4ftigen wir momentan drei weitere Angestellte. Wir stehen gerne als Partner f\u00fcr Abschlussarbeiten im Bereich der k\u00fcnstlichen Intelligenz zur Verf\u00fcgung und freuen uns \u00fcber Interesse an Kooperationen und weiteren Projekten.<\/p>\n                                      <\/div>\n                                    <\/div>\n                                  <\/div>\n                                <\/div>\n                              <\/div>\n                            <\/div>\n                          <\/div>\n                        <\/div>\n                      <\/div>\n                    <\/div>\n                  <\/div>\n                <\/div>\n              <\/div>\n            <\/div>\n          <\/div>\n        <\/div>\n      <\/div>\n    <\/div>\n  <\/div>\n<\/div>","protected":false},"excerpt":{"rendered":"<p>Foto: QuizCo Issue: 02\/2020 Innovation, Krisen, Startups Corona: Starting a business in times of pandemic QuizCo is a start-up at the L3S. The three founders receive an EXIST-Gr\u00fcnderstipendium from the Federal Ministry of Economics and Energy. QuizCo deals with the topics of individual, digitally supported learning and the challenge of creating learning content. Actually, exactly [&hellip;]<\/p>","protected":false},"author":7,"featured_media":7261,"parent":2750,"menu_order":0,"comment_status":"closed","ping_status":"closed","template":"page-templates\/full-width-page.php","meta":{"_acf_changed":false,"footnotes":""},"categories":[],"tags":[28,84],"class_list":["post-7260","page","type-page","status-publish","has-post-thumbnail","hentry","tag-binaire","tag-binaire-2020-02"],"acf":[],"aioseo_notices":[],"publishpress_future_action":{"enabled":false,"date":"2026-05-16 00:35:38","action":"category","newStatus":"draft","terms":[75],"taxonomy":"category","extraData":[]},"publishpress_future_workflow_manual_trigger":{"enabledWorkflows":[]},"_links":{"self":[{"href":"https:\/\/www.l3s.de\/de\/wp-json\/wp\/v2\/pages\/7260","targetHints":{"allow":["GET"]}}],"collection":[{"href":"https:\/\/www.l3s.de\/de\/wp-json\/wp\/v2\/pages"}],"about":[{"href":"https:\/\/www.l3s.de\/de\/wp-json\/wp\/v2\/types\/page"}],"author":[{"embeddable":true,"href":"https:\/\/www.l3s.de\/de\/wp-json\/wp\/v2\/users\/7"}],"replies":[{"embeddable":true,"href":"https:\/\/www.l3s.de\/de\/wp-json\/wp\/v2\/comments?post=7260"}],"version-history":[{"count":0,"href":"https:\/\/www.l3s.de\/de\/wp-json\/wp\/v2\/pages\/7260\/revisions"}],"up":[{"embeddable":true,"href":"https:\/\/www.l3s.de\/de\/wp-json\/wp\/v2\/pages\/2750"}],"wp:featuredmedia":[{"embeddable":true,"href":"https:\/\/www.l3s.de\/de\/wp-json\/wp\/v2\/media\/7261"}],"wp:attachment":[{"href":"https:\/\/www.l3s.de\/de\/wp-json\/wp\/v2\/media?parent=7260"}],"wp:term":[{"taxonomy":"category","embeddable":true,"href":"https:\/\/www.l3s.de\/de\/wp-json\/wp\/v2\/categories?post=7260"},{"taxonomy":"post_tag","embeddable":true,"href":"https:\/\/www.l3s.de\/de\/wp-json\/wp\/v2\/tags?post=7260"}],"curies":[{"name":"wp","href":"https:\/\/api.w.org\/{rel}","templated":true}]}}