{"id":7116,"date":"2020-12-08T13:52:47","date_gmt":"2020-12-08T12:52:47","guid":{"rendered":"https:\/\/www.l3s.de\/?page_id=7116"},"modified":"2023-12-01T16:10:56","modified_gmt":"2023-12-01T15:10:56","slug":"solutions-to-the-data-shortage","status":"publish","type":"page","link":"https:\/\/www.l3s.de\/de\/magazine\/binaire-articles\/solutions-to-the-data-shortage\/","title":{"rendered":"Intelligente Produktion: L\u00f6sungen gegen den Datenengpass"},"content":{"rendered":"<div data-colibri-id=\"7116-c1\" class=\"style-5987 style-local-7116-c1 position-relative\">\n  <!---->\n  <div data-colibri-component=\"section\" data-colibri-id=\"7116-c2\" id=\"reusable-sections\" class=\"h-section h-section-global-spacing d-flex align-items-lg-center align-items-md-center align-items-center style-5988 style-local-7116-c2 position-relative\">\n    <!---->\n    <!---->\n    <div class=\"h-section-grid-container h-section-boxed-container\">\n      <!---->\n      <div data-colibri-id=\"7116-c3\" class=\"h-row-container gutters-row-lg-3 gutters-row-md-3 gutters-row-0 gutters-row-v-lg-3 gutters-row-v-md-3 gutters-row-v-3 colibri-featured-img-bg style-5989 style-local-7116-c3 position-relative\">\n        <!---->\n        <div class=\"h-row justify-content-lg-center justify-content-md-center justify-content-center align-items-lg-stretch align-items-md-stretch align-items-stretch gutters-col-lg-3 gutters-col-md-3 gutters-col-0 gutters-col-v-lg-3 gutters-col-v-md-3 gutters-col-v-3\">\n          <!---->\n          <div class=\"h-column h-column-container d-flex h-col-lg-auto h-col-md-auto h-col-auto style-5990-outer style-local-7116-c4-outer\">\n            <div data-colibri-id=\"7116-c4\" class=\"d-flex h-flex-basis h-column__inner h-ui-empty-state-container h-px-lg-3 h-px-md-3 h-px-3 v-inner-lg-3 v-inner-md-3 v-inner-3 style-5990 style-local-7116-c4 position-relative\">\n              <!---->\n              <!---->\n              <div class=\"w-100 h-y-container h-column__content h-column__v-align flex-basis-100\">\n                <!---->\n              <\/div>\n            <\/div>\n          <\/div>\n        <\/div>\n      <\/div>\n      <div data-colibri-id=\"7116-c5\" class=\"h-row-container gutters-row-lg-2 gutters-row-md-2 gutters-row-0 gutters-row-v-lg-2 gutters-row-v-md-2 gutters-row-v-2 style-5991 style-local-7116-c5 position-relative\">\n        <!---->\n        <div class=\"h-row justify-content-lg-center justify-content-md-center justify-content-center align-items-lg-stretch align-items-md-stretch align-items-stretch gutters-col-lg-2 gutters-col-md-2 gutters-col-0 gutters-col-v-lg-2 gutters-col-v-md-2 gutters-col-v-2\">\n          <!---->\n          <div class=\"h-column h-column-container d-flex h-col-lg h-col-md-auto h-col-auto style-5992-outer style-local-7116-c6-outer\">\n            <div data-colibri-id=\"7116-c6\" class=\"d-flex h-flex-basis h-column__inner h-px-lg-0 h-px-md-0 h-px-0 v-inner-lg-0 v-inner-md-0 v-inner-0 style-5992 style-local-7116-c6 position-relative\">\n              <!---->\n              <!---->\n              <div class=\"w-100 h-y-container h-column__content h-column__v-align flex-basis-100 align-self-lg-start align-self-md-start align-self-start\">\n                <!---->\n                <div data-colibri-id=\"7116-c7\" class=\"h-row-container gutters-row-lg-0 gutters-row-md-0 gutters-row-0 gutters-row-v-lg-0 gutters-row-v-md-0 gutters-row-v-0 style-5993 style-local-7116-c7 position-relative\">\n                  <!---->\n                  <div class=\"h-row justify-content-lg-center justify-content-md-center justify-content-center align-items-lg-stretch align-items-md-stretch align-items-stretch gutters-col-lg-0 gutters-col-md-0 gutters-col-0 gutters-col-v-lg-0 gutters-col-v-md-0 gutters-col-v-0\">\n                    <!---->\n                    <div class=\"h-column h-column-container d-flex h-col-lg-auto h-col-md-auto h-col-auto style-5994-outer style-local-7116-c8-outer\">\n                      <div data-colibri-id=\"7116-c8\" class=\"d-flex h-flex-basis h-column__inner h-px-lg-2 h-px-md-2 h-px-2 v-inner-lg-2 v-inner-md-2 v-inner-2 style-5994 style-local-7116-c8 position-relative\">\n                        <!---->\n                        <!---->\n                        <div class=\"w-100 h-y-container h-column__content h-column__v-align flex-basis-100 align-self-lg-start align-self-md-start align-self-start\">\n                          <!---->\n                          <div data-colibri-id=\"7116-c9\" class=\"h-text h-text-component style-5995 style-local-7116-c9 position-relative h-element\">\n                            <!---->\n                            <!---->\n                            <div class=\"\">\n                              <p>Ausgabe: 01\/2021<\/p>\n                            <\/div>\n                          <\/div>\n                          <div data-colibri-id=\"7116-c10\" class=\"h-x-container style-5996 style-local-7116-c10 position-relative h-element\">\n                            <!---->\n                            <div class=\"h-x-container-inner style-dynamic-7116-c10-group style-5996-spacing style-local-7116-c10-spacing\"><span class=\"h-link__outer style-5997-outer style-local-7116-c11-outer d-inline-flex h-element\"><a h-use-smooth-scroll=\"true\" href=\"https:\/\/www.l3s.de\/wp-content\/uploads\/2022\/09\/L3S-Binaire-10-Magazin_WEB.pdf\" target=\"_blank\" data-colibri-id=\"7116-c11\" class=\"d-flex w-100 align-items-center h-link style-5997 style-local-7116-c11 position-relative\" rel=\"noopener\"><!----><!----> <span>Sonderausgabe Startup<\/span><\/a>\n                              <\/span>\n                            <\/div>\n                          <\/div>\n                          <div data-colibri-id=\"7116-c12\" class=\"style-5998 style-local-7116-c12 position-relative h-element\">\n                            <!---->\n                          <\/div>\n                        <\/div>\n                      <\/div>\n                    <\/div>\n                    <div class=\"h-column h-column-container d-flex h-col-lg-auto h-col-md-auto h-col-auto style-5999-outer style-local-7116-c13-outer\">\n                      <div data-colibri-id=\"7116-c13\" class=\"d-flex h-flex-basis h-column__inner h-px-lg-2 h-px-md-2 h-px-2 v-inner-lg-2 v-inner-md-2 v-inner-2 style-5999 style-local-7116-c13 position-relative\">\n                        <!---->\n                        <!---->\n                        <div class=\"w-100 h-y-container h-column__content h-column__v-align flex-basis-100 align-self-lg-start align-self-md-start align-self-start\">\n                          <!---->\n                          <div data-colibri-id=\"7116-c14\" class=\"h-global-transition-all h-heading style-6001 style-local-7116-c14 position-relative h-element\">\n                            <!---->\n                            <div class=\"h-heading__outer style-6001 style-local-7116-c14\">\n                              <!---->\n                              <!---->\n                              <h1 class=\"\">Intelligente Produktion: L\u00f6sungen gegen den Datenengpass<\/h1>\n                            <\/div>\n                          <\/div>\n                          <div data-colibri-id=\"7116-c15\" class=\"style-6002 style-local-7116-c15 position-relative h-element\">\n                            <!---->\n                          <\/div>\n                          <div data-colibri-id=\"7116-c16\" class=\"h-row-container gutters-row-lg-0 gutters-row-md-0 gutters-row-0 gutters-row-v-lg-0 gutters-row-v-md-0 gutters-row-v-0 style-6003 style-local-7116-c16 position-relative\">\n                            <!---->\n                            <div class=\"h-row justify-content-lg-center justify-content-md-center justify-content-center align-items-lg-stretch align-items-md-stretch align-items-stretch gutters-col-lg-0 gutters-col-md-0 gutters-col-0 gutters-col-v-lg-0 gutters-col-v-md-0 gutters-col-v-0\">\n                              <!---->\n                              <div class=\"h-column h-column-container d-flex h-col-lg h-col-md h-col-auto style-6004-outer style-local-7116-c17-outer\">\n                                <div data-colibri-id=\"7116-c17\" class=\"d-flex h-flex-basis h-column__inner h-px-lg-0 h-px-md-0 h-px-0 v-inner-lg-0 v-inner-md-0 v-inner-0 style-6004 style-local-7116-c17 position-relative\">\n                                  <!---->\n                                  <!---->\n                                  <div class=\"w-100 h-y-container h-column__content h-column__v-align flex-basis-100 align-self-lg-start align-self-md-start align-self-start\">\n                                    <!---->\n                                    <div data-colibri-id=\"7116-c18\" class=\"h-text h-text-component style-6005 style-local-7116-c18 position-relative h-element\">\n                                      <!---->\n                                      <!---->\n                                      <div class=\"\">\n                                        <p>Unter dem Schlagwort Industrie 4.0 haben vor allem gr\u00f6\u00dfere Unternehmen mit Technologien wie fortgeschrittener Robotik, Cloud-Anwendungen und Big Data schon einen gro\u00dfen Schritt in Richtung intelligente Fabrik getan. In vielen kleinen und mittleren Unternehmen (KMU) sind die Produktions- und Fertigungsprozesse aber immer noch aus einer anderen Zeit. Aus vielen Umfragen geht hervor, dass kleinere Unternehmen gegen\u00fcber den Herausforderungen der digitalen Transformation weniger aufgeschlossen sind \u2013 sei es aus Angst vor Ver\u00e4nderungen, aus Mangel an Know-how oder fehlender Infrastruktur.  Eine gro\u00dfe H\u00fcrde ist der Mangel an spezifischen Industriedaten, die Unternehmen f\u00fcr den Aufbau einer auf k\u00fcnstlicher Intelligenz basierenden Fertigung ben\u00f6tigen. Der Prozess der Datenerfassung- und -verarbeitung ist aufwendig und erfordert besondere F\u00e4higkeiten. Das am L3S gegr\u00fcndete Startup\n                                          <a href=\"https:\/\/novoai.de\" class=\"customize-unpreviewable\">NovoAI<\/a>will den Datenmangel beheben und erstellt kundenspezifische Datenbanken f\u00fcr intelligente Maschinen. Damit bietet INDAAQ auch dem Mittelstand die M\u00f6glichkeit, die Chancen der intelligenten Produktion erfolgreich zu nutzen. Mit strategischen Partnerschaften und einer effektiven Kooperation mit der Universit\u00e4t will INDAAQ die verarbeitende Industrie nun zukunftssicher machen. Das Gr\u00fcnderteam wird daf\u00fcr mit dem EXIST-Gr\u00fcnderstipendium des Bundesministeriums f\u00fcr Wirtschaft und Energie gef\u00f6rdert.<\/p>\n                                      <\/div>\n                                    <\/div>\n                                    <div data-colibri-id=\"7116-c19\" class=\"h-row-container gutters-row-lg-0 gutters-row-md-0 gutters-row-0 gutters-row-v-lg-0 gutters-row-v-md-0 gutters-row-v-0 style-6010 style-local-7116-c19 position-relative\">\n                                      <!---->\n                                      <div class=\"h-row justify-content-lg-center justify-content-md-center justify-content-center align-items-lg-stretch align-items-md-stretch align-items-stretch gutters-col-lg-0 gutters-col-md-0 gutters-col-0 gutters-col-v-lg-0 gutters-col-v-md-0 gutters-col-v-0\">\n                                        <!---->\n                                        <div class=\"h-column h-column-container d-flex h-col-lg-auto h-col-md-auto h-col-auto style-6011-outer style-local-7116-c20-outer\">\n                                          <div data-colibri-id=\"7116-c20\" class=\"d-flex h-flex-basis h-column__inner h-px-lg-0 h-px-md-0 h-px-0 v-inner-lg-0 v-inner-md-0 v-inner-0 style-6011 style-local-7116-c20 position-relative\">\n                                            <!---->\n                                            <!---->\n                                            <div class=\"w-100 h-y-container h-column__content h-column__v-align flex-basis-100 align-self-lg-start align-self-md-start align-self-start\">\n                                              <!---->\n                                              <div data-colibri-id=\"7116-c21\" class=\"d-block style-6013 style-local-7116-c21 position-relative h-element\">\n                                                <!---->\n                                                <div class=\"h-image__frame-container-outer\">\n                                                  <a href=\"https:\/\/novoai.de\" target=\"_blank\" h-use-smooth-scroll=\"true\" class=\"image-link\" rel=\"noopener\">\n                                                    <div class=\"h-image__frame-container\">\n                                                      <!---->\n                                                      <!---->\n                                                      <img decoding=\"async\" width=\"2048\" height=\"631\" data-src=\"https:\/\/www.l3s.de\/wp-content\/uploads\/2022\/12\/Bild_2022-12-01_081735780.png\" class=\"wp-image-11769 style-6013-image style-local-7116-c21-image lazyload\" alt=\"\" data-srcset=\"https:\/\/www.l3s.de\/wp-content\/uploads\/2022\/12\/Bild_2022-12-01_081735780.png 2048w, https:\/\/www.l3s.de\/wp-content\/uploads\/2022\/12\/Bild_2022-12-01_081735780-300x92.png 300w, https:\/\/www.l3s.de\/wp-content\/uploads\/2022\/12\/Bild_2022-12-01_081735780-1024x316.png 1024w, https:\/\/www.l3s.de\/wp-content\/uploads\/2022\/12\/Bild_2022-12-01_081735780-768x237.png 768w, https:\/\/www.l3s.de\/wp-content\/uploads\/2022\/12\/Bild_2022-12-01_081735780-1536x473.png 1536w, https:\/\/www.l3s.de\/wp-content\/uploads\/2022\/12\/Bild_2022-12-01_081735780-18x6.png 18w\" data-sizes=\"(max-width: 2048px) 100vw, 2048px\" src=\"data:image\/svg+xml;base64,PHN2ZyB3aWR0aD0iMSIgaGVpZ2h0PSIxIiB4bWxucz0iaHR0cDovL3d3dy53My5vcmcvMjAwMC9zdmciPjwvc3ZnPg==\" style=\"--smush-placeholder-width: 2048px; --smush-placeholder-aspect-ratio: 2048\/631;\" \/>\n                                                      <div class=\"h-image__frame h-hide-lg h-hide-md h-hide-sm style-6013-frameImage style-local-7116-c21-frameImage\"><\/div>\n                                                    <\/div>\n                                                  <\/a>\n                                                <\/div>\n                                              <\/div>\n                                            <\/div>\n                                          <\/div>\n                                        <\/div>\n                                        <div class=\"h-column h-column-container d-flex h-col-lg-auto h-col-md-auto h-col-auto style-6012-outer style-local-7116-c22-outer\">\n                                          <div data-colibri-id=\"7116-c22\" class=\"d-flex h-flex-basis h-column__inner h-px-lg-0 h-px-md-0 h-px-0 v-inner-lg-0 v-inner-md-0 v-inner-0 style-6012 style-local-7116-c22 position-relative\">\n                                            <!---->\n                                            <!---->\n                                            <div class=\"w-100 h-y-container h-column__content h-column__v-align flex-basis-100 align-self-lg-start align-self-md-start align-self-start\">\n                                              <!---->\n                                              <div data-colibri-id=\"7116-c23\" class=\"h-text h-text-component style-22993 style-local-7116-c23 position-relative h-element\">\n                                                <!---->\n                                                <!---->\n                                                <div class=\"\">\n                                                  <p><strong style=\"font-weight: 400;\">Kontakt:<\/strong><\/p>\n                                                  <p><strong style=\"font-weight: 400;\">Dimitrij Lewin, BBA<\/strong><\/p>\n                                                  <p>\n                                                    <a href=\"https:\/\/www.l3s.de\/de\/magazine\/binaire-articles\/solutions-to-the-data-shortage\/mailto\/\/:lewin@novoai.de\/\" style=\"font-weight: 400;\"><strong>lewin@novoai.de<\/strong><\/a>\n                                                  <\/p>\n                                                  <p><strong style=\"font-weight: 400;\">Dimitrij Lewin ist Mitgr\u00fcnder von INDAAQ und f\u00fcr Finanzen und Marketing zust\u00e4ndig. Er hat Betriebswirtschaftslehre an der Hochschule Hannover studiert.<\/strong><\/p>\n                                                <\/div>\n                                              <\/div>\n                                            <\/div>\n                                          <\/div>\n                                        <\/div>\n                                      <\/div>\n                                    <\/div>\n                                  <\/div>\n                                <\/div>\n                              <\/div>\n                            <\/div>\n                          <\/div>\n                        <\/div>\n                      <\/div>\n                    <\/div>\n                  <\/div>\n                <\/div>\n              <\/div>\n            <\/div>\n          <\/div>\n        <\/div>\n      <\/div>\n    <\/div>\n  <\/div>\n<\/div>","protected":false},"excerpt":{"rendered":"<p>Issue: 01\/2021 Sonderausgabe Startup Intelligent Production: Solutions to the Data Shortage Under the buzzword Industry 4.0, larger companies, in particular, have already taken a big step towards the smart factory with technologies such as advanced robotics, cloud applications and big data. In many small and medium-sized enterprises (SMEs), however, production and manufacturing processes are still [&hellip;]<\/p>","protected":false},"author":7,"featured_media":29653,"parent":2750,"menu_order":0,"comment_status":"closed","ping_status":"closed","template":"page-templates\/full-width-page.php","meta":{"_acf_changed":false,"footnotes":""},"categories":[],"tags":[28,79],"class_list":["post-7116","page","type-page","status-publish","has-post-thumbnail","hentry","tag-binaire","tag-binaire-2021-01"],"acf":[],"aioseo_notices":[],"publishpress_future_action":{"enabled":false,"date":"2026-05-08 15:36:58","action":"category","newStatus":"draft","terms":[75],"taxonomy":"category","extraData":[]},"publishpress_future_workflow_manual_trigger":{"enabledWorkflows":[]},"_links":{"self":[{"href":"https:\/\/www.l3s.de\/de\/wp-json\/wp\/v2\/pages\/7116","targetHints":{"allow":["GET"]}}],"collection":[{"href":"https:\/\/www.l3s.de\/de\/wp-json\/wp\/v2\/pages"}],"about":[{"href":"https:\/\/www.l3s.de\/de\/wp-json\/wp\/v2\/types\/page"}],"author":[{"embeddable":true,"href":"https:\/\/www.l3s.de\/de\/wp-json\/wp\/v2\/users\/7"}],"replies":[{"embeddable":true,"href":"https:\/\/www.l3s.de\/de\/wp-json\/wp\/v2\/comments?post=7116"}],"version-history":[{"count":0,"href":"https:\/\/www.l3s.de\/de\/wp-json\/wp\/v2\/pages\/7116\/revisions"}],"up":[{"embeddable":true,"href":"https:\/\/www.l3s.de\/de\/wp-json\/wp\/v2\/pages\/2750"}],"wp:featuredmedia":[{"embeddable":true,"href":"https:\/\/www.l3s.de\/de\/wp-json\/wp\/v2\/media\/29653"}],"wp:attachment":[{"href":"https:\/\/www.l3s.de\/de\/wp-json\/wp\/v2\/media?parent=7116"}],"wp:term":[{"taxonomy":"category","embeddable":true,"href":"https:\/\/www.l3s.de\/de\/wp-json\/wp\/v2\/categories?post=7116"},{"taxonomy":"post_tag","embeddable":true,"href":"https:\/\/www.l3s.de\/de\/wp-json\/wp\/v2\/tags?post=7116"}],"curies":[{"name":"wp","href":"https:\/\/api.w.org\/{rel}","templated":true}]}}