{"id":7106,"date":"2020-02-21T14:18:01","date_gmt":"2020-02-21T13:18:01","guid":{"rendered":"https:\/\/www.l3s.de\/?page_id=7106"},"modified":"2023-01-11T15:01:47","modified_gmt":"2023-01-11T14:01:47","slug":"etn-cleopatra-the-highlights-of-our-last-twelve-months","status":"publish","type":"page","link":"https:\/\/www.l3s.de\/de\/magazine\/binaire-articles\/etn-cleopatra-the-highlights-of-our-last-twelve-months\/","title":{"rendered":"ETN CLEOPATRA: Die Highlights der letzten zw\u00f6lf Monate"},"content":{"rendered":"<div data-colibri-id=\"7106-c1\" class=\"style-5968 style-local-7106-c1 position-relative\">\n  <!---->\n  <div data-colibri-component=\"section\" data-colibri-id=\"7106-c2\" id=\"reusable-sections\" class=\"h-section h-section-global-spacing d-flex align-items-lg-center align-items-md-center align-items-center style-5969 style-local-7106-c2 position-relative\">\n    <!---->\n    <!---->\n    <div class=\"h-section-grid-container h-section-boxed-container\">\n      <!---->\n      <div data-colibri-id=\"7106-c3\" class=\"h-row-container gutters-row-lg-3 gutters-row-md-3 gutters-row-0 gutters-row-v-lg-3 gutters-row-v-md-3 gutters-row-v-3 style-5970 style-local-7106-c3 position-relative\">\n        <div class=\"background-wrapper\">\n          <div class=\"background-layer background-layer-media-container-lg\">\n            <div data-enabled=\"true\" data-colibri-component=\"parallax\" class=\"background-layer paraxify lazyload\" model-id=\"7106-c3\" media=\"desktop\" is-preview=\"true\" style=\"background-image:inherit;\" data-bg-image=\"url(&quot;https:\/\/www.l3s.de\/wp-content\/uploads\/2022\/09\/photo-1504711331083-9c895941bf81.png&quot;)\"><\/div>\n          <\/div>\n          <div class=\"background-layer background-layer-media-container-md\">\n            <div data-enabled=\"true\" data-colibri-component=\"parallax\" class=\"background-layer paraxify lazyload\" model-id=\"7106-c3\" media=\"tablet\" is-preview=\"true\" style=\"background-image:inherit;\" data-bg-image=\"url(&quot;https:\/\/www.l3s.de\/wp-content\/uploads\/2022\/09\/photo-1504711331083-9c895941bf81.png&quot;)\"><\/div>\n          <\/div>\n          <div class=\"background-layer background-layer-media-container\">\n            <div data-enabled=\"true\" data-colibri-component=\"parallax\" class=\"background-layer paraxify lazyload\" model-id=\"7106-c3\" media=\"mobile\" is-preview=\"true\" style=\"background-image:inherit;\" data-bg-image=\"url(&quot;https:\/\/www.l3s.de\/wp-content\/uploads\/2022\/09\/photo-1504711331083-9c895941bf81.png&quot;)\"><\/div>\n          <\/div>\n        <\/div>\n        <div class=\"h-row justify-content-lg-center justify-content-md-center justify-content-center align-items-lg-stretch align-items-md-stretch align-items-stretch gutters-col-lg-3 gutters-col-md-3 gutters-col-0 gutters-col-v-lg-3 gutters-col-v-md-3 gutters-col-v-3\">\n          <!---->\n          <div class=\"h-column h-column-container d-flex h-col-lg-auto h-col-md-auto h-col-auto style-5971-outer style-local-7106-c4-outer\">\n            <div data-colibri-id=\"7106-c4\" class=\"d-flex h-flex-basis h-column__inner h-ui-empty-state-container h-px-lg-3 h-px-md-3 h-px-3 v-inner-lg-3 v-inner-md-3 v-inner-3 style-5971 style-local-7106-c4 position-relative\">\n              <!---->\n              <!---->\n              <div class=\"w-100 h-y-container h-column__content h-column__v-align flex-basis-100\">\n                <!---->\n              <\/div>\n            <\/div>\n          <\/div>\n        <\/div>\n      <\/div>\n      <div data-colibri-id=\"7106-c19\" class=\"h-row-container gutters-row-lg-0 gutters-row-md-0 gutters-row-0 gutters-row-v-lg-0 gutters-row-v-md-0 gutters-row-v-0 style-11826 style-local-7106-c19 position-relative\">\n        <!---->\n        <div class=\"h-row justify-content-lg-center justify-content-md-center justify-content-center align-items-lg-stretch align-items-md-stretch align-items-stretch gutters-col-lg-0 gutters-col-md-0 gutters-col-0 gutters-col-v-lg-0 gutters-col-v-md-0 gutters-col-v-0\">\n          <!---->\n          <div class=\"h-column h-column-container d-flex h-col-lg-auto h-col-md-auto h-col-auto style-11827-outer style-local-7106-c20-outer\">\n            <div data-colibri-id=\"7106-c20\" class=\"d-flex h-flex-basis h-column__inner h-px-lg-0 h-px-md-0 h-px-0 v-inner-lg-0 v-inner-md-0 v-inner-0 style-11827 style-local-7106-c20 position-relative\">\n              <!---->\n              <!---->\n              <div class=\"w-100 h-y-container h-column__content h-column__v-align flex-basis-100 align-self-lg-start align-self-md-start align-self-start\">\n                <!---->\n                <div data-colibri-id=\"7106-c21\" class=\"h-text h-text-component style-11828 style-local-7106-c21 position-relative h-element\">\n                  <!---->\n                  <!---->\n                  <div class=\"\">\n                    <p>Foto:&nbsp;\u00a9AbsolutVision \u2013 unsplash.com<\/p>\n                  <\/div>\n                <\/div>\n              <\/div>\n            <\/div>\n          <\/div>\n        <\/div>\n      <\/div>\n      <div data-colibri-id=\"7106-c5\" class=\"h-row-container gutters-row-lg-2 gutters-row-md-2 gutters-row-0 gutters-row-v-lg-2 gutters-row-v-md-2 gutters-row-v-2 style-5972 style-local-7106-c5 position-relative\">\n        <!---->\n        <div class=\"h-row justify-content-lg-center justify-content-md-center justify-content-center align-items-lg-stretch align-items-md-stretch align-items-stretch gutters-col-lg-2 gutters-col-md-2 gutters-col-0 gutters-col-v-lg-2 gutters-col-v-md-2 gutters-col-v-2\">\n          <!---->\n          <div class=\"h-column h-column-container d-flex h-col-lg h-col-md-auto h-col-auto style-5973-outer style-local-7106-c6-outer\">\n            <div data-colibri-id=\"7106-c6\" class=\"d-flex h-flex-basis h-column__inner h-px-lg-0 h-px-md-0 h-px-0 v-inner-lg-0 v-inner-md-0 v-inner-0 style-5973 style-local-7106-c6 position-relative\">\n              <!---->\n              <!---->\n              <div class=\"w-100 h-y-container h-column__content h-column__v-align flex-basis-100 align-self-lg-start align-self-md-start align-self-start\">\n                <!---->\n                <div data-colibri-id=\"7106-c7\" class=\"h-row-container gutters-row-lg-0 gutters-row-md-0 gutters-row-0 gutters-row-v-lg-0 gutters-row-v-md-0 gutters-row-v-0 style-5974 style-local-7106-c7 position-relative\">\n                  <!---->\n                  <div class=\"h-row justify-content-lg-center justify-content-md-center justify-content-center align-items-lg-stretch align-items-md-stretch align-items-stretch gutters-col-lg-0 gutters-col-md-0 gutters-col-0 gutters-col-v-lg-0 gutters-col-v-md-0 gutters-col-v-0\">\n                    <!---->\n                    <div class=\"h-column h-column-container d-flex h-col-lg-auto h-col-md-auto h-col-auto style-5975-outer style-local-7106-c8-outer\">\n                      <div data-colibri-id=\"7106-c8\" class=\"d-flex h-flex-basis h-column__inner h-px-lg-2 h-px-md-2 h-px-2 v-inner-lg-2 v-inner-md-2 v-inner-2 style-5975 style-local-7106-c8 position-relative\">\n                        <!---->\n                        <!---->\n                        <div class=\"w-100 h-y-container h-column__content h-column__v-align flex-basis-100 align-self-lg-start align-self-md-start align-self-start\">\n                          <!---->\n                          <div data-colibri-id=\"7106-c9\" class=\"h-text h-text-component style-5976 style-local-7106-c9 position-relative h-element\">\n                            <!---->\n                            <!---->\n                            <div class=\"\">\n                              <p>Ausgabe 01\/2020<\/p>\n                            <\/div>\n                          <\/div>\n                          <div data-colibri-id=\"7106-c10\" class=\"h-x-container style-5977 style-local-7106-c10 position-relative h-element\">\n                            <!---->\n                            <div class=\"h-x-container-inner style-dynamic-7106-c10-group style-5977-spacing style-local-7106-c10-spacing\"><span class=\"h-link__outer style-5978-outer style-local-7106-c11-outer d-inline-flex h-element\"><a h-use-smooth-scroll=\"true\" href=\"https:\/\/www.l3s.de\/wp-content\/uploads\/2022\/09\/L3S-Binaire-7-Magazin_online.pdf\" target=\"_blank\" data-colibri-id=\"7106-c11\" class=\"d-flex w-100 align-items-center h-link style-5978 style-local-7106-c11 position-relative\" rel=\"noopener\"><!----><!----> <span>K\u00fcnstliche Intelligenz<\/span><\/a>\n                              <\/span>\n                            <\/div>\n                          <\/div>\n                          <div data-colibri-id=\"7106-c12\" class=\"style-5979 style-local-7106-c12 position-relative h-element\">\n                            <!---->\n                          <\/div>\n                        <\/div>\n                      <\/div>\n                    <\/div>\n                    <div class=\"h-column h-column-container d-flex h-col-lg-auto h-col-md-auto h-col-auto style-5980-outer style-local-7106-c13-outer\">\n                      <div data-colibri-id=\"7106-c13\" class=\"d-flex h-flex-basis h-column__inner h-px-lg-2 h-px-md-2 h-px-2 v-inner-lg-2 v-inner-md-2 v-inner-2 style-5980 style-local-7106-c13 position-relative\">\n                        <!---->\n                        <!---->\n                        <div class=\"w-100 h-y-container h-column__content h-column__v-align flex-basis-100 align-self-lg-start align-self-md-start align-self-start\">\n                          <!---->\n                          <div data-colibri-id=\"7106-c14\" class=\"h-global-transition-all h-heading style-5982 style-local-7106-c14 position-relative h-element\">\n                            <!---->\n                            <div class=\"h-heading__outer style-5982 style-local-7106-c14\">\n                              <!---->\n                              <!---->\n                              <h1 class=\"\">ETN CLEOPATRA: Die Highlights der letzten zw\u00f6lf Monate<\/h1>\n                            <\/div>\n                          <\/div>\n                          <div data-colibri-id=\"7106-c15\" class=\"style-5983 style-local-7106-c15 position-relative h-element\">\n                            <!---->\n                          <\/div>\n                          <div data-colibri-id=\"7106-c16\" class=\"h-row-container gutters-row-lg-0 gutters-row-md-0 gutters-row-0 gutters-row-v-lg-0 gutters-row-v-md-0 gutters-row-v-0 style-5984 style-local-7106-c16 position-relative\">\n                            <!---->\n                            <div class=\"h-row justify-content-lg-center justify-content-md-center justify-content-center align-items-lg-stretch align-items-md-stretch align-items-stretch gutters-col-lg-0 gutters-col-md-0 gutters-col-0 gutters-col-v-lg-0 gutters-col-v-md-0 gutters-col-v-0\">\n                              <!---->\n                              <div class=\"h-column h-column-container d-flex h-col-lg h-col-md h-col-auto style-5985-outer style-local-7106-c17-outer\">\n                                <div data-colibri-id=\"7106-c17\" class=\"d-flex h-flex-basis h-column__inner h-px-lg-0 h-px-md-0 h-px-0 v-inner-lg-0 v-inner-md-0 v-inner-0 style-5985 style-local-7106-c17 position-relative\">\n                                  <!---->\n                                  <!---->\n                                  <div class=\"w-100 h-y-container h-column__content h-column__v-align flex-basis-100 align-self-lg-start align-self-md-start align-self-start\">\n                                    <!---->\n                                    <div data-colibri-id=\"7106-c18\" class=\"h-text h-text-component style-5986 style-local-7106-c18 position-relative h-element\">\n                                      <!---->\n                                      <!---->\n                                      <div class=\"\">\n                                        <p class=\"translation-block\">Die Doktorandinnen und Doktoranden der ETN <em>Cross-lingual Event-centric Open Analytics Research Academy<\/em> (<a href=\"http:\/\/cleopatra-project.eu\" target=\"_blank\" rel=\"nofollow noopener\" style=\"font-weight: 300\" class=\"customize-unpreviewable\"><strong>CLEOPATRA<\/strong><\/a>) haben sich zum Ziel gesetzt, die sprach&uuml;bergreifende Verarbeitung von Text- und Bildinformationen zu aktuellen Gro&szlig;ereignissen wesentlich zu erleichtern und innovative Methoden f&uuml;r einen effizienten und intuitiven Zugang zu mehrsprachigen Informationen und Interaktionsm&ouml;glichkeiten zu entwickeln.<\/p>\n                                        <p>Trotz der Herausforderungen, die mit der Durchf\u00fchrung eines internationalen Forschungsprojekts in Zeiten eingeschr\u00e4nkter Mobilit\u00e4t und Zugangsm\u00f6glichkeiten verbunden sind, konnte das CLEOPATRA-Projektteam in den vergangenen zw\u00f6lf Monaten einige wichtige Erfolge erzielen. Unsere vierzehn Early Stage Researchers (ESR) haben eine bemerkenswerte Anpassungs-, Innovations- und Kooperationsf\u00e4higkeit bewiesen. Sie haben online \u00fcber verschiedene L\u00e4nder und Zeitzonen hinweg zusammengearbeitet, um Werkzeuge und Methoden f\u00fcr die Untersuchung der digitalen Spuren gro\u00dfer globaler Ereignisse zu entwickeln. Im April 2020 wurden ein Hackathon und eine Forschungs- und Entwicklungswoche kurzerhand virtuell abgehalten. In Teams entwickelten die ESRs Demonstratoren, um Fragen zu beantworten, wie Online-Medien im Laufe der Zeit und in mehreren (oft unterfinanzierten) Sprachen analysiert werden k\u00f6nnen. Eine weitere Gelegenheit, an den Demonstratoren zu arbeiten und neue Forschungsideen zu entwickeln, bot eine Trainingswoche im Juni 2020, die in Verbindung mit der Sommerschule f\u00fcr digitale Methoden der Universit\u00e4t Amsterdam stattfand. Im Januar 2021 organisierten die ESRs einen zweiten virtuellen Hackathon und eine Forschungs- und Entwicklungswoche, die zu einem aktualisierten Open Event Knowledge Graph (OEKG) f\u00fchrte. Der OEKG ist eine der wichtigsten Ressourcen des Projekts und enth\u00e4lt derzeit Informationen \u00fcber mehr als eine Million Veranstaltungen in 15 europ\u00e4ischen Sprachen. Es handelt sich um eine einzigartige Ressource, die unser Verst\u00e4ndnis davon ver\u00e4ndern wird, wie soziale, kulturelle und politische Ereignisse in der \u00dcbergangszeit online stattfinden. Diese Aktivit\u00e4ten haben zu neuen und vielversprechenden Forschungskooperationen gef\u00fchrt, die hoffentlich in den kommenden Monaten Fr\u00fcchte tragen werden.<\/p>\n                                        <p>Die ESR und die Beg\u00fcnstigten des Projekts waren auch an der Organisation und Teilnahme an Konferenzen beteiligt. Im Juni 2020 wurde in Verbindung mit der 17. Extended Semantic Web Conference ein internationaler Workshop zum Thema sprach\u00fcbergreifende ereignisorientierte offene Analyse online abgehalten. Der Preis f\u00fcr das beste Paper des Workshops ging an ein Team unter der Leitung von CLEOPATRA ESR, Golsa Tahmasebzadeh, in Zusammenarbeit mit Sherzod Hakimov, Eric M\u00fcller-Budack und Ralph Ewerth. Ein zweiter internationaler Workshop wird im April 2021 stattfinden, diesmal in Verbindung mit der Webkonferenz. Das Projekt wurde auf zahlreichen Online-Konferenzen in verschiedenen Bereichen wie Semantisches Web, K\u00fcnstliche Intelligenz, Web-Archive und Sprachtechnologien vorgestellt. Zu den Ver\u00f6ffentlichungen, die aus diesen Veranstaltungen und anderen Aktivit\u00e4ten hervorgingen, geh\u00f6ren Blogbeitr\u00e4ge, offene Datens\u00e4tze und nicht weniger als 17 Konferenzberichte und Zeitschriftenartikel.<\/p>\n                                        <p class=\"translation-block\">Informationen \u00fcber all diese Aktivit\u00e4ten und die verschiedenen offenen Ressourcen, die das Projektteam entwickelt hat, finden Sie auf der <a href=\"http:\/\/cleopatra-project.eu\" rel=\"nofollow noopener\" target=\"_blank\" class=\"customize-unpreviewable\"> CLEOPATRA-Website<\/a>. Sie k\u00f6nnen uns auf Twitter @Cleopatra_ITN folgen, um die neuesten Nachrichten und Updates zu erhalten.<\/p>\n                                      <\/div>\n                                    <\/div>\n                                  <\/div>\n                                <\/div>\n                              <\/div>\n                            <\/div>\n                          <\/div>\n                        <\/div>\n                      <\/div>\n                    <\/div>\n                  <\/div>\n                <\/div>\n              <\/div>\n            <\/div>\n          <\/div>\n        <\/div>\n      <\/div>\n    <\/div>\n  <\/div>\n<\/div>","protected":false},"excerpt":{"rendered":"<p>Foto:&nbsp;\u00a9AbsolutVision \u2013 unsplash.com Issue: 01\/2020 K\u00fcnstliche Intelligenz ETN CLEOPATRA: The highlights of our last twelve months The PhD students of the ETN&nbsp;Cross-lingual Event-centric Open Analytics Research Academy&nbsp; (CLEOPATRA) aim to significantly facilitate the cross-lingual processing of textual and visual information on important current events and develop innovative methods for efficient and intuitive access to multilingual [&hellip;]<\/p>","protected":false},"author":7,"featured_media":7107,"parent":2750,"menu_order":0,"comment_status":"closed","ping_status":"closed","template":"page-templates\/full-width-page.php","meta":{"_acf_changed":false,"footnotes":""},"categories":[],"tags":[28,83],"class_list":["post-7106","page","type-page","status-publish","has-post-thumbnail","hentry","tag-binaire","tag-binaire-2020-01"],"acf":[],"aioseo_notices":[],"publishpress_future_action":{"enabled":false,"date":"2026-05-05 03:57:13","action":"category","newStatus":"draft","terms":[75],"taxonomy":"category","extraData":[]},"publishpress_future_workflow_manual_trigger":{"enabledWorkflows":[]},"_links":{"self":[{"href":"https:\/\/www.l3s.de\/de\/wp-json\/wp\/v2\/pages\/7106","targetHints":{"allow":["GET"]}}],"collection":[{"href":"https:\/\/www.l3s.de\/de\/wp-json\/wp\/v2\/pages"}],"about":[{"href":"https:\/\/www.l3s.de\/de\/wp-json\/wp\/v2\/types\/page"}],"author":[{"embeddable":true,"href":"https:\/\/www.l3s.de\/de\/wp-json\/wp\/v2\/users\/7"}],"replies":[{"embeddable":true,"href":"https:\/\/www.l3s.de\/de\/wp-json\/wp\/v2\/comments?post=7106"}],"version-history":[{"count":0,"href":"https:\/\/www.l3s.de\/de\/wp-json\/wp\/v2\/pages\/7106\/revisions"}],"up":[{"embeddable":true,"href":"https:\/\/www.l3s.de\/de\/wp-json\/wp\/v2\/pages\/2750"}],"wp:featuredmedia":[{"embeddable":true,"href":"https:\/\/www.l3s.de\/de\/wp-json\/wp\/v2\/media\/7107"}],"wp:attachment":[{"href":"https:\/\/www.l3s.de\/de\/wp-json\/wp\/v2\/media?parent=7106"}],"wp:term":[{"taxonomy":"category","embeddable":true,"href":"https:\/\/www.l3s.de\/de\/wp-json\/wp\/v2\/categories?post=7106"},{"taxonomy":"post_tag","embeddable":true,"href":"https:\/\/www.l3s.de\/de\/wp-json\/wp\/v2\/tags?post=7106"}],"curies":[{"name":"wp","href":"https:\/\/api.w.org\/{rel}","templated":true}]}}