{"id":6958,"date":"2021-05-07T12:04:15","date_gmt":"2021-05-07T10:04:15","guid":{"rendered":"https:\/\/www.l3s.de\/?page_id=6958"},"modified":"2023-01-11T13:14:52","modified_gmt":"2023-01-11T12:14:52","slug":"interview-with-dr-lea-lensment","status":"publish","type":"page","link":"https:\/\/www.l3s.de\/de\/magazine\/binaire-articles\/interview-with-dr-lea-lensment\/","title":{"rendered":"Interview mit Dr. Lea Lensment"},"content":{"rendered":"<div data-colibri-id=\"6958-c1\" class=\"style-5509 style-local-6958-c1 position-relative\">\n  <!---->\n  <div data-colibri-component=\"section\" data-colibri-id=\"6958-c2\" id=\"reusable-sections\" class=\"h-section h-section-global-spacing d-flex align-items-lg-center align-items-md-center align-items-center style-5510 style-local-6958-c2 position-relative\">\n    <!---->\n    <!---->\n    <div class=\"h-section-grid-container h-section-boxed-container\">\n      <!---->\n      <div data-colibri-id=\"6958-c3\" class=\"h-row-container gutters-row-lg-0 gutters-row-md-0 gutters-row-0 gutters-row-v-lg-0 gutters-row-v-md-0 gutters-row-v-0 style-5511 style-local-6958-c3 position-relative\">\n        <!---->\n        <div class=\"h-row justify-content-lg-center justify-content-md-center justify-content-center align-items-lg-stretch align-items-md-stretch align-items-stretch gutters-col-lg-0 gutters-col-md-0 gutters-col-0 gutters-col-v-lg-0 gutters-col-v-md-0 gutters-col-v-0\">\n          <!---->\n          <div class=\"h-column h-column-container d-flex h-col-lg-auto h-col-md-auto h-col-auto style-5512-outer style-local-6958-c4-outer\">\n            <div data-colibri-id=\"6958-c4\" class=\"d-flex h-flex-basis h-column__inner h-px-lg-0 h-px-md-0 h-px-0 v-inner-lg-0 v-inner-md-0 v-inner-0 style-5512 style-local-6958-c4 position-relative\">\n              <!---->\n              <!---->\n              <div class=\"w-100 h-y-container h-column__content h-column__v-align flex-basis-100 align-self-lg-start align-self-md-start align-self-start\">\n                <!---->\n                <div data-colibri-id=\"6958-c5\" class=\"d-block style-5513 style-local-6958-c5 position-relative h-element\">\n                  <!---->\n                  <div class=\"h-image__frame-container-outer\">\n                    <div class=\"h-image__frame-container\">\n                      <!---->\n                      <!---->\n                      <img decoding=\"async\" width=\"1920\" height=\"1040\" data-src=\"https:\/\/www.l3s.de\/wp-content\/uploads\/2022\/09\/Lensment_1_zuschnitt.jpg\" class=\"wp-image-6959 style-5513-image style-local-6958-c5-image lazyload\" alt=\"\" data-srcset=\"https:\/\/www.l3s.de\/wp-content\/uploads\/2022\/09\/Lensment_1_zuschnitt.jpg 1920w, https:\/\/www.l3s.de\/wp-content\/uploads\/2022\/09\/Lensment_1_zuschnitt-300x162.jpg 300w, https:\/\/www.l3s.de\/wp-content\/uploads\/2022\/09\/Lensment_1_zuschnitt-1024x554.jpg 1024w, https:\/\/www.l3s.de\/wp-content\/uploads\/2022\/09\/Lensment_1_zuschnitt-768x416.jpg 768w, https:\/\/www.l3s.de\/wp-content\/uploads\/2022\/09\/Lensment_1_zuschnitt-1536x832.jpg 1536w, https:\/\/www.l3s.de\/wp-content\/uploads\/2022\/09\/Lensment_1_zuschnitt-2048x1109.jpg 2048w, https:\/\/www.l3s.de\/wp-content\/uploads\/2022\/09\/Lensment_1_zuschnitt-18x10.jpg 18w\" data-sizes=\"(max-width: 1920px) 100vw, 1920px\" src=\"data:image\/svg+xml;base64,PHN2ZyB3aWR0aD0iMSIgaGVpZ2h0PSIxIiB4bWxucz0iaHR0cDovL3d3dy53My5vcmcvMjAwMC9zdmciPjwvc3ZnPg==\" style=\"--smush-placeholder-width: 1920px; --smush-placeholder-aspect-ratio: 1920\/1040;\" \/>\n                      <div class=\"h-image__frame h-hide-lg h-hide-md h-hide-sm style-5513-frameImage style-local-6958-c5-frameImage\"><\/div>\n                    <\/div>\n                  <\/div>\n                <\/div>\n                <div data-colibri-id=\"6958-c30\" class=\"h-text h-text-component style-11775 style-local-6958-c30 position-relative h-element\">\n                  <!---->\n                  <!---->\n                  <div class=\"\">\n                    <p>Foto: Kaja Friege<\/p>\n                  <\/div>\n                <\/div>\n              <\/div>\n            <\/div>\n          <\/div>\n        <\/div>\n      <\/div>\n      <div data-colibri-id=\"6958-c6\" class=\"h-row-container gutters-row-lg-2 gutters-row-md-2 gutters-row-0 gutters-row-v-lg-2 gutters-row-v-md-2 gutters-row-v-2 style-5514 style-local-6958-c6 position-relative\">\n        <!---->\n        <div class=\"h-row justify-content-lg-center justify-content-md-center justify-content-center align-items-lg-stretch align-items-md-stretch align-items-stretch gutters-col-lg-2 gutters-col-md-2 gutters-col-0 gutters-col-v-lg-2 gutters-col-v-md-2 gutters-col-v-2\">\n          <!---->\n          <div class=\"h-column h-column-container d-flex h-col-lg h-col-md-auto h-col-auto style-5515-outer style-local-6958-c7-outer\">\n            <div data-colibri-id=\"6958-c7\" class=\"d-flex h-flex-basis h-column__inner h-px-lg-0 h-px-md-0 h-px-0 v-inner-lg-0 v-inner-md-0 v-inner-0 style-5515 style-local-6958-c7 position-relative\">\n              <!---->\n              <!---->\n              <div class=\"w-100 h-y-container h-column__content h-column__v-align flex-basis-100 align-self-lg-start align-self-md-start align-self-start\">\n                <!---->\n                <div data-colibri-id=\"6958-c8\" class=\"h-row-container gutters-row-lg-0 gutters-row-md-0 gutters-row-0 gutters-row-v-lg-0 gutters-row-v-md-0 gutters-row-v-0 style-5516 style-local-6958-c8 position-relative\">\n                  <!---->\n                  <div class=\"h-row justify-content-lg-center justify-content-md-center justify-content-center align-items-lg-stretch align-items-md-stretch align-items-stretch gutters-col-lg-0 gutters-col-md-0 gutters-col-0 gutters-col-v-lg-0 gutters-col-v-md-0 gutters-col-v-0\">\n                    <!---->\n                    <div class=\"h-column h-column-container d-flex h-col-lg-auto h-col-md-auto h-col-auto style-5517-outer style-local-6958-c9-outer\">\n                      <div data-colibri-id=\"6958-c9\" class=\"d-flex h-flex-basis h-column__inner h-px-lg-2 h-px-md-2 h-px-2 v-inner-lg-2 v-inner-md-2 v-inner-2 style-5517 style-local-6958-c9 position-relative\">\n                        <!---->\n                        <!---->\n                        <div class=\"w-100 h-y-container h-column__content h-column__v-align flex-basis-100 align-self-lg-start align-self-md-start align-self-start\">\n                          <!---->\n                          <div data-colibri-id=\"6958-c10\" class=\"h-text h-text-component style-5518 style-local-6958-c10 position-relative h-element\">\n                            <!---->\n                            <!---->\n                            <div class=\"\">\n                              <p>Ausgabe: 05\/2021<\/p>\n                            <\/div>\n                          <\/div>\n                          <div data-colibri-id=\"6958-c11\" class=\"h-x-container style-5519 style-local-6958-c11 position-relative h-element\">\n                            <!---->\n                            <div class=\"h-x-container-inner style-dynamic-6958-c11-group style-5519-spacing style-local-6958-c11-spacing\"><span class=\"h-link__outer style-5520-outer style-local-6958-c12-outer d-inline-flex h-element\"><a h-use-smooth-scroll=\"true\" href=\"https:\/\/www.l3s.de\/wp-content\/uploads\/2022\/08\/L3S-Binaire-13-WEB_komprimiert.pdf\" target=\"_blank\" data-colibri-id=\"6958-c12\" class=\"d-flex w-100 align-items-center h-link style-5520 style-local-6958-c12 position-relative\" rel=\"noopener\"><!----><!----> <span>L3S und Partner<\/span><\/a>\n                              <\/span>\n                            <\/div>\n                          <\/div>\n                          <div data-colibri-id=\"6958-c13\" class=\"style-5521 style-local-6958-c13 position-relative h-element\">\n                            <!---->\n                          <\/div>\n                        <\/div>\n                      <\/div>\n                    <\/div>\n                    <div class=\"h-column h-column-container d-flex h-col-lg-auto h-col-md-auto h-col-auto style-5522-outer style-local-6958-c14-outer\">\n                      <div data-colibri-id=\"6958-c14\" class=\"d-flex h-flex-basis h-column__inner h-px-lg-2 h-px-md-2 h-px-2 v-inner-lg-2 v-inner-md-2 v-inner-2 style-5522 style-local-6958-c14 position-relative\">\n                        <!---->\n                        <!---->\n                        <div class=\"w-100 h-y-container h-column__content h-column__v-align flex-basis-100 align-self-lg-start align-self-md-start align-self-start\">\n                          <!---->\n                          <div data-colibri-id=\"6958-c15\" class=\"h-global-transition-all h-heading style-5524 style-local-6958-c15 position-relative h-element\">\n                            <!---->\n                            <div class=\"h-heading__outer style-5524 style-local-6958-c15\">\n                              <!---->\n                              <!---->\n                              <h1 class=\"\">Interview mit Dr. Lea Lensment<\/h1>\n                            <\/div>\n                          <\/div>\n                          <div data-colibri-id=\"6958-c16\" class=\"style-5525 style-local-6958-c16 position-relative h-element\">\n                            <!---->\n                          <\/div>\n                          <div data-colibri-id=\"6958-c17\" class=\"h-row-container gutters-row-lg-0 gutters-row-md-0 gutters-row-0 gutters-row-v-lg-0 gutters-row-v-md-0 gutters-row-v-0 style-5526 style-local-6958-c17 position-relative\">\n                            <!---->\n                            <div class=\"h-row justify-content-lg-center justify-content-md-center justify-content-center align-items-lg-stretch align-items-md-stretch align-items-stretch gutters-col-lg-0 gutters-col-md-0 gutters-col-0 gutters-col-v-lg-0 gutters-col-v-md-0 gutters-col-v-0\">\n                              <!---->\n                              <div class=\"h-column h-column-container d-flex h-col-lg h-col-md h-col-auto style-5527-outer style-local-6958-c18-outer\">\n                                <div data-colibri-id=\"6958-c18\" class=\"d-flex h-flex-basis h-column__inner h-px-lg-0 h-px-md-0 h-px-0 v-inner-lg-0 v-inner-md-0 v-inner-0 style-5527 style-local-6958-c18 position-relative\">\n                                  <!---->\n                                  <!---->\n                                  <div class=\"w-100 h-y-container h-column__content h-column__v-align flex-basis-100 align-self-lg-start align-self-md-start align-self-start\">\n                                    <!---->\n                                    <div data-colibri-id=\"6958-c19\" class=\"h-text h-text-component style-5528 style-local-6958-c19 position-relative h-element\">\n                                      <!---->\n                                      <!---->\n                                      <div class=\"\">\n                                        <p><span style=\"color: rgb(51, 51, 51); font-family: &quot;Open Sans&quot;; font-size: 101%; font-weight: 300;\">Dr. Ivana Marenzi, Projektleiterin im Bereich Digitale Bildung am L3S, spricht mit Dr. Lea Lensment, Studienr\u00e4tin f\u00fcr die F\u00e4cher Chemie und Physik an der Ricarda-Huch-Schule in Hannover, \u00fcber die Digitalisierung von Schule in der Pandemie und die Schulplattform IServ.&nbsp;<\/span><\/p>\n                                      <\/div>\n                                    <\/div>\n                                    <div data-colibri-id=\"6958-c20\" class=\"h-text h-text-component style-5528 style-local-6958-c20 position-relative h-element\">\n                                      <!---->\n                                      <!---->\n                                      <div class=\"\">\n                                        <p><strong style=\"font-weight: 600;\"><em>Frau Dr. Lensment, wie war die Akzeptanz der Online-Schule und auch von IServ, bei Ihnen, bei Ihren Kollegen und bei Ihren Sch\u00fclern?<\/em><\/strong><\/p>\n                                        <p>Als ich vor zehn Jahren an meiner jetzigen Schule anfing, wurde dort schon mit IServ gearbeitet. In allen Chemie- und Physik-Fachr\u00e4umen gab es eine relativ stabile Internetverbindung und schon digitale Tafeln. Durch die Pandemie hat sich mein Nutzungsverhalten aber grunds\u00e4tzlich ver\u00e4ndert. IServ verwende ich nicht mehr nur f\u00fcr E-Mails oder die Speicherung von Unterrichtsergebnissen und den Arbeitsbl\u00e4ttern, sondern der ganze Unterricht und die Organisation findet nun \u00fcber IServ statt.<\/p>\n                                      <\/div>\n                                    <\/div>\n                                    <div data-colibri-id=\"6958-c21\" class=\"h-text h-text-component style-5528 style-local-6958-c21 position-relative h-element\">\n                                      <!---->\n                                      <!---->\n                                      <div class=\"\">\n                                        <p><strong style=\"font-weight: 600;\"><em>Wie verwenden Sie IServ?<\/em><\/strong><\/p>\n                                        <p>In der Ricarda-Huch-Schule verwenden wir Standardmodule wie E-Mail, Dateien, Office und Klausurplan. Dazugekommen sind die Module Aufgaben, Videokonferenzen, Texte (f\u00fcr die Gruppenarbeit), Umfragen, Edupool, News und Kalender f\u00fcr die Organisation der Videokonferenzen.<\/p>\n                                      <\/div>\n                                    <\/div>\n                                    <div data-colibri-id=\"6958-c22\" class=\"h-text h-text-component style-5528 style-local-6958-c22 position-relative h-element\">\n                                      <!---->\n                                      <!---->\n                                      <div class=\"\">\n                                        <p><strong style=\"font-weight: 600;\"><em>Wie k\u00f6nnen Ihre Sch\u00fcler zusammenarbeiten?<\/em><\/strong><\/p>\n                                        <p>Am h\u00e4ufigsten wird an meiner Schule sicherlich das IServ-Videokonferenz-Modul BigBlueButton und das Modul Texte eingesetzt. Beide Tools sind gut f\u00fcr die Gruppenarbeit geeignet. Kommunikation in den Gruppen findet \u00fcber die Module Messenger und Foren statt, aber auch \u00fcber Whatsapp.<\/p>\n                                      <\/div>\n                                    <\/div>\n                                    <div data-colibri-id=\"6958-c23\" class=\"h-text h-text-component style-5528 style-local-6958-c23 position-relative h-element\">\n                                      <!---->\n                                      <!---->\n                                      <div class=\"\">\n                                        <p><strong style=\"font-weight: 600;\"><em>Verwenden Sie auch andere Tools oder Plattformen?<\/em><\/strong><\/p>\n                                        <p>Ja, und regelm\u00e4\u00dfig schaue ich nach neuen Tools mit anderen Funktionalit\u00e4ten oder fertigen Anwendungen. Oft ist eine Verwendung aus Datenschutzgr\u00fcnden jedoch schwierig, so k\u00f6nnen wir zum Beispiel Padlet oder LearningApps nur begrenzt einsetzen. H5P-Einheiten werden aber \u00fcber das IServ-Modul Edupool verwendet, was viele neue Unterrichtsm\u00f6glichkeiten bietet.<\/p>\n                                      <\/div>\n                                    <\/div>\n                                    <div data-colibri-id=\"6958-c24\" class=\"h-text h-text-component style-5528 style-local-6958-c24 position-relative h-element\">\n                                      <!---->\n                                      <!---->\n                                      <div class=\"\">\n                                        <p><strong style=\"font-weight: 600;\"><em>Welche Endger\u00e4te verwenden Ihre Sch\u00fcler?<\/em><\/strong><\/p>\n                                        <p>Nicht alle haben zu Hause einen PC, einen Laptop oder ein Tablet zu Verf\u00fcgung. Die Teilnahme am Online-Unterricht mit einem Smartphone ist sicherlich alles anderes als optimal. Die oft mangelhafte Internetanbindung zuhause ist ein weiteres Problem. So ist es f\u00fcr einige Sch\u00fcler sehr schwierig, dem Unterricht zu folgen, und f\u00fcr Lehrkr\u00e4fte zu unterrichten.<\/p>\n                                      <\/div>\n                                    <\/div>\n                                    <div data-colibri-id=\"6958-c25\" class=\"h-text h-text-component style-5528 style-local-6958-c25 position-relative h-element\">\n                                      <!---->\n                                      <!---->\n                                      <div class=\"\">\n                                        <p><strong style=\"font-weight: 600;\"><em>Wie steht es um die digitalen F\u00e4higkeiten Ihrer Sch\u00fcler?<\/em><\/strong><\/p>\n                                        <p>Dies kann man kaum pauschal beantworten. J\u00fcngere Sch\u00fcler brauchen noch viel Hilfe im Umgang mit Hard- und Software. Diese Unterst\u00fctzung kann die Schule kaum organisieren und muss von Eltern geleistet werden. Ab dem achten Jahrgang sind kaum Hilfestellungen mehr n\u00f6tig. Dennoch m\u00fcssen auch \u00e4ltere Sch\u00fclerinnen und Sch\u00fcler digitale F\u00e4higkeiten erst erwerben.<\/p>\n                                      <\/div>\n                                    <\/div>\n                                    <div data-colibri-id=\"6958-c26\" class=\"h-text h-text-component style-5528 style-local-6958-c26 position-relative h-element\">\n                                      <!---->\n                                      <!---->\n                                      <div class=\"\">\n                                        <p><strong style=\"font-weight: 600;\"><em>Haben sich die Leistungen der Sch\u00fcler im Digitalunterricht ver\u00e4ndert?<\/em><\/strong><\/p>\n                                        <p>Ein Vergleich zum Pr\u00e4senzunterricht ist \u00e4u\u00dferst schwierig; wie viel und wie sehr in der Tiefe im Online-Unterricht gelernt wurde, kann man vielleicht auch erst nach der Pandemie feststellen. Klar ist, dass dies stark von den gestellten Aufgaben und von den Sch\u00fclerinnen und Sch\u00fclern selbst abh\u00e4ngt. Problematisch ist sicherlich der Online-Unterricht selbst. Anders als im Pr\u00e4senzunterricht, in dem man die gesamte Klasse im Blick hat und in der Situation reagieren kann, haben die Sch\u00fcler keine Kamera und manchmal auch kein Mikrofon aktiviert. Die Gr\u00fcnde sind sehr unterschiedlich. Die Beteiligung am Unterrichtsgeschehen variiert wie im Pr\u00e4senzunterricht sehr stark, aber man kann weniger darauf eingehen. Speziell ist dann sicherlich auch die faire und individuelle Leistungsbewertung.<\/p>\n                                      <\/div>\n                                    <\/div>\n                                    <div data-colibri-id=\"6958-c27\" class=\"h-text h-text-component style-5528 style-local-6958-c27 position-relative h-element\">\n                                      <!---->\n                                      <!---->\n                                      <div class=\"\">\n                                        <p><strong style=\"font-weight: 600;\"><em>Wie ist die Infrastruktur an Ihrer Schule?<\/em><\/strong><\/p>\n                                        <p>Meine Schule wird gerade nach dem Standard des Medienentwicklungsplans der Stadt Hannover ausger\u00fcstet. Dies bedeutet, dass in allen Unterrichtsr\u00e4umen eine digitale Tafel und schnelles Internet zur Verf\u00fcgung stehen wird. Die Computerr\u00e4ume werden mit neuen Ger\u00e4ten ausgestattet und es ist Support vom Rechenzentrum der Stadt Hannover vorgesehen. Bis jetzt wurden in Hannover f\u00fcnf Schulen nach diesem Standard ausgestattet, sechs weitere folgen. Technisch kommt es damit zu einem riesigen Entwicklungssprung im Vergleich zur Situation vor der Pandemie. Aber die Unterrichtsplanung und -durchf\u00fchrung findet \u00fcberwiegend zu Hause statt. Das bedeutet, dass die Lehrkr\u00e4fte mit privaten Ger\u00e4ten und h\u00e4uslichem Internet Distanzunterricht durchf\u00fchren m\u00fcssen.<\/p>\n                                      <\/div>\n                                    <\/div>\n                                    <div data-colibri-id=\"6958-c28\" class=\"h-text h-text-component style-5528 style-local-6958-c28 position-relative h-element\">\n                                      <!---->\n                                      <!---->\n                                      <div class=\"\">\n                                        <p><strong style=\"font-weight: 600;\"><em>Ist es einfach, Online-Unterricht zu planen?<\/em><\/strong><\/p>\n                                        <p>Es ist f\u00fcr mich und viele andere Lehrkr\u00e4fte deutlich zeitaufwendiger. Ein eigenes Thema ist die Orientierung im Dschungel der M\u00f6glichkeiten aus juristischer Perspektive: Darf ich das Tool \u00fcberhaupt verwenden, welche Daten werden gespeichert und wo?<\/p>\n                                      <\/div>\n                                    <\/div>\n                                    <div data-colibri-id=\"6958-c29\" class=\"h-text h-text-component style-5528 style-local-6958-c29 position-relative h-element\">\n                                      <!---->\n                                      <!---->\n                                      <div class=\"\">\n                                        <p><strong style=\"font-weight: 600;\"><em>Was haben Sie f\u00fcr die Zeit nach der Pandemie gelernt?<\/em><\/strong><\/p>\n                                        <p>Covid-19 war ein Katalysator f\u00fcr die Digitalisierung in der Schule und auch f\u00fcr die Entwicklung meiner digitalen Kompetenzen. Einige digitale Tools werde ich mit Sicherheit weiterhin nutzen, obwohl ich auch froh bin, wenn regul\u00e4rer Pr\u00e4senzunterricht mit analogen Materialien und vielf\u00e4ltigeren Sozialformen wieder m\u00f6glich ist. Bleiben wird sicher auch der leichtere Austausch mit Kollegen, etwa \u00fcber die Notwendigkeit von Hardware oder die Einf\u00fchrung von Tabletklassen. Die Sch\u00fclerinnen und Sch\u00fcler werden in der Berufswelt zunehmend digital arbeiten und m\u00fcssen jetzt in der Schule auch darauf vorbereitet sein. In gewisser Weise war die Covid-19-Pandemie f\u00fcr alle Lehrkr\u00e4fte eine Initialz\u00fcndung mit Langzeitwirkung.<\/p>\n                                        <p>\n                                          <br>\n                                        <\/p>\n                                        <p><em style=\"font-weight: 600;\">Dr. Lea Lensment, vielen Dank f\u00fcr das Gespr\u00e4ch!<\/em><\/p>\n                                      <\/div>\n                                    <\/div>\n                                  <\/div>\n                                <\/div>\n                              <\/div>\n                            <\/div>\n                          <\/div>\n                        <\/div>\n                      <\/div>\n                    <\/div>\n                  <\/div>\n                <\/div>\n              <\/div>\n            <\/div>\n          <\/div>\n        <\/div>\n      <\/div>\n    <\/div>\n  <\/div>\n<\/div>","protected":false},"excerpt":{"rendered":"<p>Foto: Kaja Friege Issue: 05\/2021 L3S und Partner Interview with Dr. Lea Lensment Dr. Ivana Marenzi, project manager in the area of digital education at L3S, speaks with Dr. Lea Lensment, teacher of chemistry and physics at the Ricarda Huch School in Hanover, on the digitization of schools in the pandemic and the IServ school [&hellip;]<\/p>","protected":false},"author":7,"featured_media":6959,"parent":2750,"menu_order":0,"comment_status":"closed","ping_status":"closed","template":"page-templates\/full-width-page.php","meta":{"_acf_changed":false,"footnotes":""},"categories":[],"tags":[28,80],"class_list":["post-6958","page","type-page","status-publish","has-post-thumbnail","hentry","tag-binaire","tag-binaire-2021-02"],"acf":[],"aioseo_notices":[],"publishpress_future_action":{"enabled":false,"date":"2026-05-05 03:48:56","action":"category","newStatus":"draft","terms":[75],"taxonomy":"category","extraData":[]},"publishpress_future_workflow_manual_trigger":{"enabledWorkflows":[]},"_links":{"self":[{"href":"https:\/\/www.l3s.de\/de\/wp-json\/wp\/v2\/pages\/6958","targetHints":{"allow":["GET"]}}],"collection":[{"href":"https:\/\/www.l3s.de\/de\/wp-json\/wp\/v2\/pages"}],"about":[{"href":"https:\/\/www.l3s.de\/de\/wp-json\/wp\/v2\/types\/page"}],"author":[{"embeddable":true,"href":"https:\/\/www.l3s.de\/de\/wp-json\/wp\/v2\/users\/7"}],"replies":[{"embeddable":true,"href":"https:\/\/www.l3s.de\/de\/wp-json\/wp\/v2\/comments?post=6958"}],"version-history":[{"count":0,"href":"https:\/\/www.l3s.de\/de\/wp-json\/wp\/v2\/pages\/6958\/revisions"}],"up":[{"embeddable":true,"href":"https:\/\/www.l3s.de\/de\/wp-json\/wp\/v2\/pages\/2750"}],"wp:featuredmedia":[{"embeddable":true,"href":"https:\/\/www.l3s.de\/de\/wp-json\/wp\/v2\/media\/6959"}],"wp:attachment":[{"href":"https:\/\/www.l3s.de\/de\/wp-json\/wp\/v2\/media?parent=6958"}],"wp:term":[{"taxonomy":"category","embeddable":true,"href":"https:\/\/www.l3s.de\/de\/wp-json\/wp\/v2\/categories?post=6958"},{"taxonomy":"post_tag","embeddable":true,"href":"https:\/\/www.l3s.de\/de\/wp-json\/wp\/v2\/tags?post=6958"}],"curies":[{"name":"wp","href":"https:\/\/api.w.org\/{rel}","templated":true}]}}