{"id":6917,"date":"2021-05-10T16:19:31","date_gmt":"2021-05-10T14:19:31","guid":{"rendered":"https:\/\/www.l3s.de\/?page_id=6917"},"modified":"2022-12-27T12:38:58","modified_gmt":"2022-12-27T11:38:58","slug":"interview-with-dr-dominik-rohrmus-on-further-training","status":"publish","type":"page","link":"https:\/\/www.l3s.de\/de\/magazine\/binaire-articles\/interview-with-dr-dominik-rohrmus-on-further-training\/","title":{"rendered":"Interview mit Dr. Dominik Rohrmus \u00fcber Weiterbildung"},"content":{"rendered":"<div data-colibri-id=\"6917-c1\" class=\"style-5402 style-local-6917-c1 position-relative\">\n  <!---->\n  <div data-colibri-component=\"section\" data-colibri-id=\"6917-c2\" id=\"reusable-sections\" class=\"h-section h-section-global-spacing d-flex align-items-lg-center align-items-md-center align-items-center style-5403 style-local-6917-c2 position-relative\">\n    <!---->\n    <!---->\n    <div class=\"h-section-grid-container h-section-boxed-container\">\n      <!---->\n      <div data-colibri-id=\"6917-c3\" class=\"h-row-container gutters-row-lg-2 gutters-row-md-2 gutters-row-0 gutters-row-v-lg-2 gutters-row-v-md-2 gutters-row-v-2 style-5404 style-local-6917-c3 position-relative\">\n        <!---->\n        <div class=\"h-row justify-content-lg-center justify-content-md-center justify-content-center align-items-lg-stretch align-items-md-stretch align-items-stretch gutters-col-lg-2 gutters-col-md-2 gutters-col-0 gutters-col-v-lg-2 gutters-col-v-md-2 gutters-col-v-2\">\n          <!---->\n          <div class=\"h-column h-column-container d-flex h-col-lg-auto h-col-md-auto h-col-auto style-5405-outer style-local-6917-c4-outer\">\n            <div data-colibri-id=\"6917-c4\" class=\"d-flex h-flex-basis h-column__inner h-px-lg-0 h-px-md-0 h-px-0 v-inner-lg-0 v-inner-md-0 v-inner-0 style-5405 style-local-6917-c4 position-relative\">\n              <!---->\n              <!---->\n              <div class=\"w-100 h-y-container h-column__content h-column__v-align flex-basis-100 align-self-lg-start align-self-md-start align-self-start\">\n                <!---->\n                <div data-colibri-id=\"6917-c5\" class=\"d-block style-5406 style-local-6917-c5 position-relative h-element\">\n                  <!---->\n                  <div class=\"h-image__frame-container-outer\">\n                    <div class=\"h-image__frame-container\">\n                      <!---->\n                      <!---->\n                      <img decoding=\"async\" width=\"1920\" height=\"1281\" data-src=\"https:\/\/www.l3s.de\/wp-content\/uploads\/2022\/09\/2021-05-27-AJF_4994-press-scaled.jpeg\" class=\"wp-image-6918 style-5406-image style-local-6917-c5-image lazyload\" alt=\"\" data-srcset=\"https:\/\/www.l3s.de\/wp-content\/uploads\/2022\/09\/2021-05-27-AJF_4994-press-scaled.jpeg 1920w, https:\/\/www.l3s.de\/wp-content\/uploads\/2022\/09\/2021-05-27-AJF_4994-press-300x200.jpeg 300w, https:\/\/www.l3s.de\/wp-content\/uploads\/2022\/09\/2021-05-27-AJF_4994-press-1024x683.jpeg 1024w, https:\/\/www.l3s.de\/wp-content\/uploads\/2022\/09\/2021-05-27-AJF_4994-press-768x512.jpeg 768w, https:\/\/www.l3s.de\/wp-content\/uploads\/2022\/09\/2021-05-27-AJF_4994-press-1536x1024.jpeg 1536w, https:\/\/www.l3s.de\/wp-content\/uploads\/2022\/09\/2021-05-27-AJF_4994-press-2048x1365.jpeg 2048w, https:\/\/www.l3s.de\/wp-content\/uploads\/2022\/09\/2021-05-27-AJF_4994-press-18x12.jpeg 18w\" data-sizes=\"(max-width: 1920px) 100vw, 1920px\" src=\"data:image\/svg+xml;base64,PHN2ZyB3aWR0aD0iMSIgaGVpZ2h0PSIxIiB4bWxucz0iaHR0cDovL3d3dy53My5vcmcvMjAwMC9zdmciPjwvc3ZnPg==\" style=\"--smush-placeholder-width: 1920px; --smush-placeholder-aspect-ratio: 1920\/1281;\" \/>\n                      <div class=\"h-image__frame h-hide-lg h-hide-md h-hide-sm style-5406-frameImage style-local-6917-c5-frameImage\"><\/div>\n                    <\/div>\n                  <\/div>\n                <\/div>\n              <\/div>\n            <\/div>\n          <\/div>\n        <\/div>\n      <\/div>\n      <div data-colibri-id=\"6917-c6\" class=\"h-row-container gutters-row-lg-2 gutters-row-md-2 gutters-row-0 gutters-row-v-lg-2 gutters-row-v-md-2 gutters-row-v-2 style-5407 style-local-6917-c6 position-relative\">\n        <!---->\n        <div class=\"h-row justify-content-lg-center justify-content-md-center justify-content-center align-items-lg-stretch align-items-md-stretch align-items-stretch gutters-col-lg-2 gutters-col-md-2 gutters-col-0 gutters-col-v-lg-2 gutters-col-v-md-2 gutters-col-v-2\">\n          <!---->\n          <div class=\"h-column h-column-container d-flex h-col-lg h-col-md-auto h-col-auto style-5408-outer style-local-6917-c7-outer\">\n            <div data-colibri-id=\"6917-c7\" class=\"d-flex h-flex-basis h-column__inner h-px-lg-0 h-px-md-0 h-px-0 v-inner-lg-0 v-inner-md-0 v-inner-0 style-5408 style-local-6917-c7 position-relative\">\n              <!---->\n              <!---->\n              <div class=\"w-100 h-y-container h-column__content h-column__v-align flex-basis-100 align-self-lg-start align-self-md-start align-self-start\">\n                <!---->\n                <div data-colibri-id=\"6917-c8\" class=\"h-row-container gutters-row-lg-0 gutters-row-md-0 gutters-row-0 gutters-row-v-lg-0 gutters-row-v-md-0 gutters-row-v-0 style-5409 style-local-6917-c8 position-relative\">\n                  <!---->\n                  <div class=\"h-row justify-content-lg-center justify-content-md-center justify-content-center align-items-lg-stretch align-items-md-stretch align-items-stretch gutters-col-lg-0 gutters-col-md-0 gutters-col-0 gutters-col-v-lg-0 gutters-col-v-md-0 gutters-col-v-0\">\n                    <!---->\n                    <div class=\"h-column h-column-container d-flex h-col-lg-auto h-col-md-auto h-col-auto style-5410-outer style-local-6917-c9-outer\">\n                      <div data-colibri-id=\"6917-c9\" class=\"d-flex h-flex-basis h-column__inner h-px-lg-2 h-px-md-2 h-px-2 v-inner-lg-2 v-inner-md-2 v-inner-2 style-5410 style-local-6917-c9 position-relative\">\n                        <!---->\n                        <!---->\n                        <div class=\"w-100 h-y-container h-column__content h-column__v-align flex-basis-100 align-self-lg-start align-self-md-start align-self-start\">\n                          <!---->\n                          <div data-colibri-id=\"6917-c10\" class=\"h-text h-text-component style-5411 style-local-6917-c10 position-relative h-element\">\n                            <!---->\n                            <!---->\n                            <div class=\"\">\n                              <p>Ausgabe: 02\/2021<\/p>\n                            <\/div>\n                          <\/div>\n                          <div data-colibri-id=\"6917-c11\" class=\"h-x-container style-5412 style-local-6917-c11 position-relative h-element\">\n                            <!---->\n                            <div class=\"h-x-container-inner style-dynamic-6917-c11-group style-5412-spacing style-local-6917-c11-spacing\"><span class=\"h-link__outer style-5413-outer style-local-6917-c12-outer d-inline-flex h-element\"><a h-use-smooth-scroll=\"true\" href=\"https:\/\/www.l3s.de\/wp-content\/uploads\/2022\/08\/L3S-Binaire-11-Magazin-WEB_komprimiert.pdf\" target=\"_blank\" data-colibri-id=\"6917-c12\" class=\"d-flex w-100 align-items-center h-link style-5413 style-local-6917-c12 position-relative\" rel=\"noopener\"><!----><!----> <span>Digitales Lernen<\/span><\/a>\n                              <\/span>\n                            <\/div>\n                          <\/div>\n                          <div data-colibri-id=\"6917-c13\" class=\"style-5414 style-local-6917-c13 position-relative h-element\">\n                            <!---->\n                          <\/div>\n                        <\/div>\n                      <\/div>\n                    <\/div>\n                    <div class=\"h-column h-column-container d-flex h-col-lg-auto h-col-md-auto h-col-auto style-5415-outer style-local-6917-c14-outer\">\n                      <div data-colibri-id=\"6917-c14\" class=\"d-flex h-flex-basis h-column__inner h-px-lg-2 h-px-md-2 h-px-2 v-inner-lg-2 v-inner-md-2 v-inner-2 style-5415 style-local-6917-c14 position-relative\">\n                        <!---->\n                        <!---->\n                        <div class=\"w-100 h-y-container h-column__content h-column__v-align flex-basis-100 align-self-lg-start align-self-md-start align-self-start\">\n                          <!---->\n                          <div data-colibri-id=\"6917-c15\" class=\"h-global-transition-all h-heading style-5416 style-local-6917-c15 position-relative h-element\">\n                            <!---->\n                            <div class=\"h-heading__outer style-5416 style-local-6917-c15\">\n                              <!---->\n                              <!---->\n                              <h6 class=\"\">\u201eWeiterbildung der Mitarbeiter von h\u00f6chster Bedeutung\u201c<\/h6>\n                            <\/div>\n                          <\/div>\n                          <div data-colibri-id=\"6917-c16\" class=\"h-global-transition-all h-heading style-5417 style-local-6917-c16 position-relative h-element\">\n                            <!---->\n                            <div class=\"h-heading__outer style-5417 style-local-6917-c16\">\n                              <!---->\n                              <!---->\n                              <h1 class=\"\">Interview mit Dr. Dominik Rohrmus \u00fcber Weiterbildung<\/h1>\n                            <\/div>\n                          <\/div>\n                          <div data-colibri-id=\"6917-c17\" class=\"style-5418 style-local-6917-c17 position-relative h-element\">\n                            <!---->\n                          <\/div>\n                          <div data-colibri-id=\"6917-c18\" class=\"h-row-container gutters-row-lg-0 gutters-row-md-0 gutters-row-0 gutters-row-v-lg-0 gutters-row-v-md-0 gutters-row-v-0 style-5419 style-local-6917-c18 position-relative\">\n                            <!---->\n                            <div class=\"h-row justify-content-lg-center justify-content-md-center justify-content-center align-items-lg-stretch align-items-md-stretch align-items-stretch gutters-col-lg-0 gutters-col-md-0 gutters-col-0 gutters-col-v-lg-0 gutters-col-v-md-0 gutters-col-v-0\">\n                              <!---->\n                              <div class=\"h-column h-column-container d-flex h-col-lg h-col-md h-col-auto style-5420-outer style-local-6917-c19-outer\">\n                                <div data-colibri-id=\"6917-c19\" class=\"d-flex h-flex-basis h-column__inner h-px-lg-0 h-px-md-0 h-px-0 v-inner-lg-0 v-inner-md-0 v-inner-0 style-5420 style-local-6917-c19 position-relative\">\n                                  <!---->\n                                  <!---->\n                                  <div class=\"w-100 h-y-container h-column__content h-column__v-align flex-basis-100 align-self-lg-start align-self-md-start align-self-start\">\n                                    <!---->\n                                    <div data-colibri-id=\"6917-c20\" class=\"h-text h-text-component style-5421 style-local-6917-c20 position-relative h-element\">\n                                      <!---->\n                                      <!---->\n                                      <div class=\"\">\n                                        <p>Die Digitalisierung der Industrie funktioniert nicht ohne qualifizierte Mitarbeiter. Kleine und mittlere Unternehmen (KMU) erhalten dabei Unterst\u00fctzung vom gemeinn\u00fctzigen Verein&nbsp;\n                                          <a href=\"https:\/\/lni40.de\" target=\"_blank\" class=\"customize-unpreviewable\" style=\"color: rgb(0, 79, 137);\" rel=\"noopener\"><em>Labs Network Industrie 4.0&nbsp;<\/em>(LNI)<\/a>. Dr. Dominik Rohrmus \u00fcber die Aufgaben des LNI, die digitale Weiterbildung in KMU und welche Rolle die Pandemie dabei spielt.<\/p>\n                                      <\/div>\n                                    <\/div>\n                                    <div data-colibri-id=\"6917-c21\" class=\"h-text h-text-component style-5421 style-local-6917-c21 position-relative h-element\">\n                                      <!---->\n                                      <!---->\n                                      <div class=\"\">\n                                        <p><em style=\"font-weight: 600;\">Herr Dr. Rohrmus, was ist das LNI?<\/em><\/p>\n                                        <p class=\"translation-block\">LNI ist ein vorwettbewerblicher Verein, der auf Initiative von gro\u00dfen deutschen Industrieverb\u00e4nden wie VDMA, ZVEI und Bitkom sowie gro\u00dfen deutschen Industrieunternehmen gegr\u00fcndet wurde. Der Verein dient dem Zweck, den Mittelstand und auch kleine Unternehmen auf dem Weg der digitalen Transformation zu begleiten und zu unterst\u00fctzen. Das L von LNI steht f\u00fcr Labs. Gemeint sind dabei Testzentren, in denen seit nunmehr sechs Jahren sogenannte Use-Case-Projekte stattfinden. In Hannover zum Beispiel sind diese Labs das Forschungszentrum L3S und das Mittelstand 4.0 Kompetenzzentrum Hannover. Die Ergebnisse der Use Cases unterst\u00fctzen die internationale Standardisierung und Normierung in Form von sogenannten Testbeds.<\/p>\n                                      <\/div>\n                                    <\/div>\n                                    <div data-colibri-id=\"6917-c22\" class=\"h-text h-text-component style-5421 style-local-6917-c22 position-relative h-element\">\n                                      <!---->\n                                      <!---->\n                                      <div class=\"\">\n                                        <p><em style=\"font-weight: 600;\">Was hat das LNI mit Aus- und Weiterbildung zu tun?<\/em><\/p>\n                                        <p class=\"translation-block\">LNI ist gemeinn\u00fctzig und hat einen Bildungsauftrag. Wir fokussieren uns dabei auf die berufliche Aus- und Weiterbildung. Die genannten Use Cases finden zusammen mit KMU und Bildungstr\u00e4gern statt. Diese Bildungs-Use-Cases sind sehr breit gef\u00e4chert: von Train-the-Trainer-Konzepten innerhalb einer Firma bis hin zu gro\u00dfen Online-Projekten wie <a href=\"https:\/\/www.l3s.de\/de\/magazine\/binaire-articles\/interview-with-dr-dominik-rohrmus-on-further-training\/www.opendigimedia.de\/\" target=\"_blank\" rel=\"noopener\">OpenDigiMedia<\/a>, das wir sehr gerne in Hannover unterst\u00fctzt haben. OpenDigiMedia ist eine Lernplattform zur Industrie 4.0, die verschiedene Online-Kurse speziell f\u00fcr KMU im Umfeld des produzierenden Gewerbes entwickelt. Das ist wichtig, da KMU schon aufgrund ihrer Gr\u00f6\u00dfe nicht die M\u00f6glichkeit haben, Ressourcen f\u00fcr Aus- und Weiterbildung vorzuhalten. Daher sind gerade jetzt in der Pandemiezeit Online-Kursangebote f\u00fcr die Industrie-4.0-Weiterbildung der Mitarbeiter von h\u00f6chster Bedeutung.<\/p>\n                                      <\/div>\n                                    <\/div>\n                                    <div data-colibri-id=\"6917-c23\" class=\"h-text h-text-component style-5421 style-local-6917-c23 position-relative h-element\">\n                                      <!---->\n                                      <!---->\n                                      <div class=\"\">\n                                        <p><em style=\"font-weight: 600;\">Was ist die Aufgabe des LNI in den Use Cases?<\/em><\/p>\n                                        <p>LNI hat die Aufgabe des Maklers. Wir vermitteln kleine und mittlere Unternehmen an die erw\u00e4hnten Labs, also die Testzentren.<\/p>\n                                      <\/div>\n                                    <\/div>\n                                    <div data-colibri-id=\"6917-c24\" class=\"h-text h-text-component style-5421 style-local-6917-c24 position-relative h-element\">\n                                      <!---->\n                                      <!---->\n                                      <div class=\"\">\n                                        <p><em style=\"font-weight: 600;\">Wie finden Sie diese kleinen und mittleren Unternehmen?<\/em><\/p>\n                                        <p class=\"translation-block\">Essentially through the 79 chambers of commerce and industry. Most of them know about LNI and approach us when they hear about problems in one of their companies. Then we establish a connection. For example, to\r\n                                          the&nbsp;<em>OpenDigiMedia&nbsp;<\/em>project. It is of the utmost importance that SME employees try things out, apply them, and gain experience in order to break down inhibitions. It is also important to constantly\r\n                                          optimize the content and pedagogy. We are here in adult vocational training. This needs appropriate pedagogical concepts and approaches. It should not be underestimated that employees are very intensively involved\r\n                                          in their professions. All the companies we deal with attach great importance to continuing education and give employees the necessary freedom. After all, I am allowed to speak here for almost 300 SMEs in the Federal\r\n                                          Republic, with whom we are in regular exchange.&nbsp;<em>OpenDigiMedia&nbsp;<\/em>with its deliberately digital format facilitates many things here in practical implementation.<\/p>\n                                      <\/div>\n                                    <\/div>\n                                    <div data-colibri-id=\"6917-c25\" class=\"h-text h-text-component style-5421 style-local-6917-c25 position-relative h-element\">\n                                      <!---->\n                                      <!---->\n                                      <div class=\"\">\n                                        <p><em style=\"font-weight: 600;\">Wie hat sich die Corona-Pandemie auf die Weiterbildung ausgewirkt?<\/em><\/p>\n                                        <p class=\"translation-block\">Due to the pandemic, demand for online educational content has skyrocketed, as company owners \u2013 often family-run businesses in our case \u2013 naturally immediately realized how important digital professional development\r\n                                          is now. Offerings deliberately focused on digital pedagogy were in place before the pandemic. The trick is to make sure the pedagogical concepts and educational content fit the seasoned professionals.&nbsp;<em>OpenDigiMedia&nbsp;<\/em>has\r\n                                          done this excellently for the industrial sector and Industry 4.0.<\/p>\n                                      <\/div>\n                                    <\/div>\n                                    <div data-colibri-id=\"6917-c26\" class=\"h-text h-text-component style-5421 style-local-6917-c26 position-relative h-element\">\n                                      <!---->\n                                      <!---->\n                                      <div class=\"\">\n                                        <p><em style=\"font-weight: 600;\">Und das ist ein Kriterium, warum Sie das Projekt den KMU anbieten?<\/em><\/p>\n                                        <p class=\"translation-block\">Exactly. No one can have a complete overview of all the offerings in the area of professional development. At any rate, LNI does not presume to do so. I myself have come to know&nbsp;<em>OpenDigiMedia&nbsp;<\/em>as\r\n                                          a well thought-out concept and am really happy to recommend it to SMEs. Especially now in the pandemic time the format fits well into the increased screen work. Flexible time management is possible here and this\r\n                                          fits in with the further training of employees in the direction of digitalization and Industry 4.0.<\/p>\n                                      <\/div>\n                                    <\/div>\n                                    <div data-colibri-id=\"6917-c27\" class=\"h-text h-text-component style-5421 style-local-6917-c27 position-relative h-element\">\n                                      <!---->\n                                      <!---->\n                                      <div class=\"\">\n                                        <p><em style=\"font-weight: 600;\">Welche KMU sind denn beim LNI besonders engagiert?<\/em><\/p>\n                                        <p>Im besonderen Fokus sind Familienunternehmen, die oftmals nur eine kleine akademisch ausgebildete Mitarbeiterzahl haben. Diese Unternehmen haben nat\u00fcrlicherweise eine gewisse Hemmschwelle beim Betreten universit\u00e4rer Labore. An dieser Stelle bricht LNI das Eis und \u00f6ffnet Wege in die genannten Testzentren f\u00fcr Industrie 4.0.<\/p>\n                                      <\/div>\n                                    <\/div>\n                                    <div data-colibri-id=\"6917-c28\" class=\"h-text h-text-component style-5421 style-local-6917-c28 position-relative h-element\">\n                                      <!---->\n                                      <!---->\n                                      <div class=\"\">\n                                        <p><em style=\"font-weight: 600;\">F\u00e4llt es den KMU eigentlich leicht, das Weiterbildungsangebot wahrzunehmen?<\/em><\/p>\n                                        <p>Es ist  f\u00fcr produzierende KMU immer noch eine gewisse Herausforderung, den Mitarbeitern Online-Schulungsprogramme nahezubringen. Nicht jeder Mitarbeiter hat einen eigenen Bildschirmarbeitsplatz zur Verf\u00fcgung. Hier ist der Unternehmer gefordert. Im Alltag des Unternehmens ist das eine Herausforderung, aber kein Grund, den Kopf in den Sand zu stecken, sondern ganz bewusst das Thema anzugehen. Schritt f\u00fcr Schritt.<\/p>\n                                      <\/div>\n                                    <\/div>\n                                    <div data-colibri-id=\"6917-c29\" class=\"h-text h-text-component style-5421 style-local-6917-c29 position-relative h-element\">\n                                      <!---->\n                                      <!---->\n                                      <div class=\"\">\n                                        <p><em style=\"font-weight: 600;\">Herr Dr. Rohrmus, vielen Dank f\u00fcr das Gespr\u00e4ch!<\/em><\/p>\n                                        <p>\n                                          <br>\n                                        <\/p>\n                                        <p><span style=\"font-weight: 300; font-size: 101%; font-family: &quot;Open Sans&quot;; color: rgb(0, 0, 0);\">Interview: Susanne Oetzmann<\/span><\/p>\n                                      <\/div>\n                                    <\/div>\n                                  <\/div>\n                                <\/div>\n                              <\/div>\n                            <\/div>\n                          <\/div>\n                        <\/div>\n                      <\/div>\n                    <\/div>\n                  <\/div>\n                <\/div>\n              <\/div>\n            <\/div>\n          <\/div>\n        <\/div>\n      <\/div>\n    <\/div>\n  <\/div>\n<\/div>","protected":false},"excerpt":{"rendered":"<p>Issue: 02\/2021 Digitales Lernen &#8220;Employee training of paramount importance&#8221; Interview with Dr. Dominik Rohrmus on further training The digitization of industry does not work without qualified employees. Small and medium-sized enterprises (SMEs) receive support from the non-profit association&nbsp; Labs Network Industrie 4.0&nbsp;(LNI). Dr. Dominik Rohrmus on the tasks of the LNI, digital training in SMEs [&hellip;]<\/p>","protected":false},"author":7,"featured_media":6918,"parent":2750,"menu_order":0,"comment_status":"closed","ping_status":"closed","template":"page-templates\/full-width-page.php","meta":{"_acf_changed":false,"footnotes":""},"categories":[],"tags":[28,80],"class_list":["post-6917","page","type-page","status-publish","has-post-thumbnail","hentry","tag-binaire","tag-binaire-2021-02"],"acf":[],"aioseo_notices":[],"publishpress_future_action":{"enabled":false,"date":"2026-05-08 15:48:45","action":"category","newStatus":"draft","terms":[75],"taxonomy":"category","extraData":[]},"publishpress_future_workflow_manual_trigger":{"enabledWorkflows":[]},"_links":{"self":[{"href":"https:\/\/www.l3s.de\/de\/wp-json\/wp\/v2\/pages\/6917","targetHints":{"allow":["GET"]}}],"collection":[{"href":"https:\/\/www.l3s.de\/de\/wp-json\/wp\/v2\/pages"}],"about":[{"href":"https:\/\/www.l3s.de\/de\/wp-json\/wp\/v2\/types\/page"}],"author":[{"embeddable":true,"href":"https:\/\/www.l3s.de\/de\/wp-json\/wp\/v2\/users\/7"}],"replies":[{"embeddable":true,"href":"https:\/\/www.l3s.de\/de\/wp-json\/wp\/v2\/comments?post=6917"}],"version-history":[{"count":0,"href":"https:\/\/www.l3s.de\/de\/wp-json\/wp\/v2\/pages\/6917\/revisions"}],"up":[{"embeddable":true,"href":"https:\/\/www.l3s.de\/de\/wp-json\/wp\/v2\/pages\/2750"}],"wp:featuredmedia":[{"embeddable":true,"href":"https:\/\/www.l3s.de\/de\/wp-json\/wp\/v2\/media\/6918"}],"wp:attachment":[{"href":"https:\/\/www.l3s.de\/de\/wp-json\/wp\/v2\/media?parent=6917"}],"wp:term":[{"taxonomy":"category","embeddable":true,"href":"https:\/\/www.l3s.de\/de\/wp-json\/wp\/v2\/categories?post=6917"},{"taxonomy":"post_tag","embeddable":true,"href":"https:\/\/www.l3s.de\/de\/wp-json\/wp\/v2\/tags?post=6917"}],"curies":[{"name":"wp","href":"https:\/\/api.w.org\/{rel}","templated":true}]}}