{"id":42119,"date":"2026-01-07T08:30:02","date_gmt":"2026-01-07T07:30:02","guid":{"rendered":"https:\/\/www.l3s.de\/?page_id=42119"},"modified":"2026-01-07T11:30:08","modified_gmt":"2026-01-07T10:30:08","slug":"cornelius-herz","status":"publish","type":"page","link":"https:\/\/www.l3s.de\/de\/people\/members\/cornelius-herz\/","title":{"rendered":"Cornelius Herz"},"content":{"rendered":"<div data-colibri-id=\"42119-c1\" class=\"style-28936 style-local-42119-c1 position-relative\">\n  <!---->\n  <div data-colibri-component=\"section\" data-colibri-id=\"42119-c2\" id=\"initial-content\" class=\"h-section h-section-global-spacing d-flex align-items-lg-center align-items-md-center align-items-center style-28937 style-local-42119-c2 position-relative\">\n    <!---->\n    <!---->\n    <div class=\"h-section-grid-container h-section-boxed-container\">\n      <!---->\n      <div data-colibri-id=\"42119-c3\" class=\"h-row-container gutters-row-lg-2 gutters-row-md-2 gutters-row-0 gutters-row-v-lg-2 gutters-row-v-md-2 gutters-row-v-2 style-28945 style-local-42119-c3 position-relative\">\n        <!---->\n        <div class=\"h-row justify-content-lg-center justify-content-md-center justify-content-center align-items-lg-stretch align-items-md-stretch align-items-stretch gutters-col-lg-2 gutters-col-md-2 gutters-col-0 gutters-col-v-lg-2 gutters-col-v-md-2 gutters-col-v-2\">\n          <!---->\n          <div class=\"h-column h-column-container d-flex h-col-lg-auto h-col-md-auto h-col-auto style-19669-outer style-local-42119-c4-outer\">\n            <div data-colibri-id=\"42119-c4\" class=\"d-flex h-flex-basis h-column__inner h-px-lg-2 h-px-md-2 h-px-2 v-inner-lg-2 v-inner-md-2 v-inner-2 style-19669 style-local-42119-c4 position-relative\">\n              <!---->\n              <!---->\n              <div class=\"w-100 h-y-container h-column__content h-column__v-align flex-basis-100 align-self-lg-start align-self-md-start align-self-start\">\n                <!---->\n                <div data-colibri-id=\"42119-c5\" class=\"d-block style-4517 style-local-42119-c5 position-relative h-element\">\n                  <!---->\n                  <div class=\"h-image__frame-container-outer\">\n                    <div class=\"h-image__frame-container\">\n                      <!---->\n                      <!---->\n                      <img decoding=\"async\" width=\"815\" height=\"801\" data-src=\"https:\/\/www.l3s.de\/wp-content\/uploads\/2026\/01\/cropped-Herz-Cornelius.jpg\" class=\"wp-image-42112 style-4517-image style-local-42119-c5-image lazyload\" alt=\"\" data-srcset=\"https:\/\/www.l3s.de\/wp-content\/uploads\/2026\/01\/cropped-Herz-Cornelius.jpg 815w, https:\/\/www.l3s.de\/wp-content\/uploads\/2026\/01\/cropped-Herz-Cornelius-300x295.jpg 300w, https:\/\/www.l3s.de\/wp-content\/uploads\/2026\/01\/cropped-Herz-Cornelius-768x755.jpg 768w, https:\/\/www.l3s.de\/wp-content\/uploads\/2026\/01\/cropped-Herz-Cornelius-12x12.jpg 12w\" data-sizes=\"(max-width: 815px) 100vw, 815px\" src=\"data:image\/svg+xml;base64,PHN2ZyB3aWR0aD0iMSIgaGVpZ2h0PSIxIiB4bWxucz0iaHR0cDovL3d3dy53My5vcmcvMjAwMC9zdmciPjwvc3ZnPg==\" style=\"--smush-placeholder-width: 815px; --smush-placeholder-aspect-ratio: 815\/801;\" \/>\n                      <div class=\"h-image__frame h-hide-lg h-hide-md h-hide-sm style-4517-frameImage style-local-42119-c5-frameImage\"><\/div>\n                    <\/div>\n                  <\/div>\n                <\/div>\n                <div data-colibri-id=\"42119-c6\" class=\"h-x-container style-28955 style-local-42119-c6 position-relative h-element\">\n                  <!---->\n                  <div class=\"h-x-container-inner style-dynamic-42119-c6-group style-28955-spacing style-local-42119-c6-spacing\"><span class=\"h-link__outer style-19676-outer style-local-42119-c7-outer d-inline-flex h-element\"><a h-use-smooth-scroll=\"true\" href=\"\/de\/cornelius.herz@germanistik.uni-hannover.de\/\"  data-colibri-id=\"42119-c7\" class=\"d-flex w-100 align-items-center h-link style-19676 style-local-42119-c7 position-relative\"><!----><span  class=\"h-svg-icon h-link__icon style-19676-icon style-local-42119-c7-icon\"><!--Icon by Font Awesome (https:\/\/fontawesome.com)-->\n    <svg version=\"1.1\" xmlns=\"http:\/\/www.w3.org\/2000\/svg\" xmlns:xlink=\"http:\/\/www.w3.org\/1999\/xlink\" id=\"envelope-o\" viewbox=\"0 0 1792 1896.0833\">\n      <path d=\"M1664 1504V736q-32 36-69 66-268 206-426 338-51 43-83 67t-86.5 48.5T897 1280h-2q-48 0-102.5-24.5T706 1207t-83-67q-158-132-426-338-37-30-69-66v768q0 13 9.5 22.5t22.5 9.5h1472q13 0 22.5-9.5t9.5-22.5zm0-1051v-24.5l-.5-13-3-12.5-5.5-9-9-7.5-14-2.5H160q-13 0-22.5 9.5T128 416q0 168 147 284 193 152 401 317 6 5 35 29.5t46 37.5 44.5 31.5T852 1143t43 9h2q20 0 43-9t50.5-27.5 44.5-31.5 46-37.5 35-29.5q208-165 401-317 54-43 100.5-115.5T1664 453zm128-37v1088q0 66-47 113t-113 47H160q-66 0-113-47T0 1504V416q0-66 47-113t113-47h1472q66 0 113 47t47 113z\"><\/path>\n    <\/svg><\/span> <span>cornelius.herz@germanistik.uni-hannover.de<\/span><\/a>\n                    <\/span>\n                  <\/div>\n                <\/div>\n                <div data-colibri-id=\"42119-c8\" class=\"h-x-container style-28957 style-local-42119-c8 position-relative h-element\">\n                  <!---->\n                  <div class=\"h-x-container-inner style-dynamic-42119-c8-group style-28957-spacing style-local-42119-c8-spacing\"><span class=\"h-link__outer style-19678-outer style-local-42119-c9-outer d-inline-flex h-element\"><a h-use-smooth-scroll=\"true\" href=\"tel:+4951176219596\"  data-colibri-id=\"42119-c9\" class=\"d-flex w-100 align-items-center h-link style-19678 style-local-42119-c9 position-relative\"><!----><span  class=\"h-svg-icon h-link__icon style-19678-icon style-local-42119-c9-icon\"><!--Icon by Ionicons (https:\/\/ionicons.com)--><svg version=\"1.1\" xmlns=\"http:\/\/www.w3.org\/2000\/svg\" xmlns:xlink=\"http:\/\/www.w3.org\/1999\/xlink\" id=\"ios-telephone-outline\" viewbox=\"0 0 352.0607 512\"><path d=\"M336.06 336c16 16 26 35 0 66-25 30-42 30-64 30-24 0-58-14-93-40-32-23-46-34-78-67-34-35-55-64-79-107-27-50-24-74-18-92 4-12 14-24 28-33l1-1c6-4 18-12 32-12 13 0 24 6 34 18l1 1c11 14 24 31 32 47 10 21 10 38-1 53-9 12-12 19-12 23s5 9 13 18l1 1c16 18 20 23 26 29 1 1 3 2 4 3l2 2c7 7 11 12 29 28l1 1c7 6 9 8 12 8 5 0 16-7 29-15 4-3 11-5 17-5 27 0 68 29 83 44zm-12 55c19-22 13-31 1-43-13-14-50-39-72-39-3 0-6 1-8 2-19 12-28 18-37 18s-15-6-23-13h-1c-19-16-23-21-30-29l-2-2c-1-1-3-2-4-3-6-6-11-12-27-30v-1c-10-11-17-18-18-28s5-20 16-34c15-20-5-48-31-79l-1-1c-7-8-14-12-22-12-10 0-18 6-23 9-1 0-2 1-2 1-11 7-18 16-21 24-5 16-7 35 17 79 23 42 43 70 76 104 31 32 45 42 76 64 32 23 64 38 84 38 21 0 32-1 52-25z\"><\/path><\/svg><\/span>                    <span> +49 511 762 19596 <\/span><\/a>\n                    <\/span>\n                  <\/div>\n                <\/div>\n              <\/div>\n            <\/div>\n          <\/div>\n          <div class=\"h-column h-column-container d-flex h-col-lg-auto h-col-md-auto h-col-auto style-4522-outer style-local-42119-c10-outer\">\n            <div data-colibri-id=\"42119-c10\" class=\"d-flex h-flex-basis h-column__inner h-px-lg-0 h-px-md-0 h-px-0 v-inner-lg-0 v-inner-md-0 v-inner-0 style-4522 style-local-42119-c10 position-relative\">\n              <!---->\n              <!---->\n              <div class=\"w-100 h-y-container h-column__content h-column__v-align flex-basis-100 align-self-lg-start align-self-md-start align-self-start\">\n                <!---->\n                <div data-colibri-id=\"42119-c11\" class=\"h-global-transition-all h-heading style-19689 style-local-42119-c11 h-hide-sm position-relative h-element\">\n                  <!---->\n                  <div class=\"h-heading__outer style-19689 style-local-42119-c11\">\n                    <!---->\n                    <!---->\n                    <h2 class=\"\">Prof. Dr. Cornelius Herz<\/h2>\n                  <\/div>\n                <\/div>\n                <div data-colibri-id=\"42119-c12\" class=\"h-text h-text-component style-28948 style-local-42119-c12 position-relative h-element\">\n                  <!---->\n                  <!---->\n                  <div class=\"\">\n                    <p><span style=\"font-weight: 700;\">Assoziiertes Mitglied<\/span><\/p>\n                  <\/div>\n                <\/div>\n                <div data-colibri-id=\"42119-c13\" class=\"style-4527 style-local-42119-c13 position-relative h-element\">\n                  <!---->\n                <\/div>\n                <div data-colibri-id=\"42119-c14\" class=\"h-text h-text-component style-28950 style-local-42119-c14 position-relative h-element\">\n                  <!---->\n                  <!---->\n                  <div class=\"\">\n                    <p>Cornelius Herz ist Professor am Institut Deutsches Seminar der Philosophischen Fakult\u00e4t der Leibniz Universt\u00e4t Hannover.<\/p>\n                  <\/div>\n                <\/div>\n                <div data-colibri-id=\"42119-c15\" class=\"style-22330 style-local-42119-c15 position-relative h-element\">\n                  <!---->\n                <\/div>\n                <div data-colibri-id=\"42119-c16\" class=\"h-text h-text-component style-28952 style-local-42119-c16 position-relative h-element\">\n                  <!---->\n                  <!---->\n                  <div class=\"\">\n                    <p><span style=\"font-weight: 700;\">Publikationen<\/span><\/p>\n                  <\/div>\n                <\/div>\n                <div data-colibri-id=\"42119-c17\" class=\"h-text h-text-component style-28953 style-local-42119-c17 position-relative h-element\">\n                  <!---->\n                  <!---->\n                  <div class=\"\">\n                    <p>Eine Liste aller Publikationen von Cornelius Herz finden Sie&nbsp;\n                      <a href=\"https:\/\/orcid.org\/0000-0003-2407-2378\" target=\"_blank\" class=\"customize-unpreviewable\" draggable=\"false\">hier<\/a>.<\/p>\n                  <\/div>\n                <\/div>\n                <div data-colibri-id=\"42119-c18\" class=\"style-22330 style-local-42119-c18 position-relative h-element\">\n                  <!---->\n                <\/div>\n                <div data-toggle=\"true\" data-is-preview=\"true\" data-colibri-component=\"accordion\" data-colibri-id=\"42119-c19\" class=\"h-accordion style-20764 style-local-42119-c19 position-relative h-element\">\n                  <!---->\n                  <div data-colibri-id=\"42119-c20\" class=\"h-accordion-item h-accordion-item-first-child style-28959 style-local-42119-c20 position-relative h-element\">\n                    <!---->\n                    <a data-open-by-default=\"false\" href=\"#42119-c20\" class=\"h-accordion-item-title d-flex align-items-center h-global-transition\">\n                      <!----><span>Curriculum Vitae<\/span>\n                      <div class=\"h-accordion-item-title-normal-icon h-accordion-item-title-icon h-accordion-item-title-icon-right\"><span class=\"h-svg-icon\"><!--Icon by Icons8 Line Awesome (https:\/\/icons8.com\/line-awesome)--><svg version=\"1.1\" xmlns=\"http:\/\/www.w3.org\/2000\/svg\" xmlns:xlink=\"http:\/\/www.w3.org\/1999\/xlink\" id=\"plus\" viewbox=\"0 0 512 545.5\"><path d=\"M240 112h32v160h160v32H272v160h-32V304H80v-32h160V112z\"><\/path><\/svg><\/span><\/div>\n                      <div class=\"h-accordion-item-title-active-icon h-accordion-item-title-icon h-accordion-item-title-icon-right\"><span class=\"h-svg-icon\"><!--Icon by Icons8 Line Awesome (https:\/\/icons8.com\/line-awesome)--><svg version=\"1.1\" xmlns=\"http:\/\/www.w3.org\/2000\/svg\" xmlns:xlink=\"http:\/\/www.w3.org\/1999\/xlink\" id=\"minus\" viewbox=\"0 0 512 545.5\"><path d=\"M80 272h352v32H80v-32z\"><\/path><\/svg><\/span><\/div>\n                    <\/a>\n                    <div id=\"42119-c20\" class=\"h-accordion-item-content__container\">\n                      <div class=\"w-100 h-y-container h-accordion-item-content\">\n                        <!---->\n                        <div data-colibri-id=\"42119-c21\" class=\"h-text h-text-component style-28960 style-local-42119-c21 position-relative h-element\">\n                          <!---->\n                          <!---->\n                          <div class=\"\">\n                            <p>Cornelius Herz studierte Germanistik, Anglistik, Latinistik und Erziehungswissenschaft, bevor er nach dem Referendariat als Lehrer sowie im Auftrag des Schulministeriums in Nordrhein-Westfalen in der Medienberatung NRW t\u00e4tig war. <\/p>\n                            <p>Nach seiner Promotion zu historischen\nMedienwandel- und Bildungsprozessen 2012 besch\u00e4ftigte er sich in seiner Habilitation als abgeordneter Lehrer an der Ruhr-Universit\u00e4t Bochum mit einer quantitativ-empirischen Studie zu Beliefs zu Zielen des Literaturunterrichts (2019). Seit 2020 hat er als Universit\u00e4tsprofessor f\u00fcr Didaktik der deutschen Literatur an der Leibniz Universit\u00e4t Hannover weitere Forschungsschwerpunkte u.a. zu Digital Humanities, Digital Literacy und Lesen im Spiegel inklusiv-gesellschaftlicher Teilhabe in Zeiten des Medienwandels sowie zu kritisch-reflexiver Didaktik ausgebaut.<\/p>\n                          <\/div>\n                        <\/div>\n                      <\/div>\n                    <\/div>\n                  <\/div>\n                <\/div>\n              <\/div>\n            <\/div>\n          <\/div>\n        <\/div>\n      <\/div>\n    <\/div>\n  <\/div>\n<\/div>","protected":false},"excerpt":{"rendered":"<p>cornelius.herz@germanistik.uni-hannover.de +49 511 762 19596 Prof. Dr. Cornelius Herz Associated Member Cornelius Herz is a professor in the German department at the Faculty of Humanities at Leibniz University Hannover. Publications You can find a list of Cornelius Herz&#8217;s publications&nbsp; here. Curriculum Vitae Cornelius Herz studied German, English, Latin, and education before working as a teacher [&hellip;]<\/p>","protected":false},"author":4,"featured_media":42112,"parent":1688,"menu_order":0,"comment_status":"closed","ping_status":"closed","template":"page-templates\/full-width-page.php","meta":{"_acf_changed":false,"footnotes":""},"categories":[],"tags":[],"class_list":["post-42119","page","type-page","status-publish","has-post-thumbnail","hentry"],"acf":[],"aioseo_notices":[],"publishpress_future_action":{"enabled":false,"date":"2026-05-16 10:28:29","action":"category","newStatus":"draft","terms":[75],"taxonomy":"category","extraData":[]},"publishpress_future_workflow_manual_trigger":{"enabledWorkflows":[]},"_links":{"self":[{"href":"https:\/\/www.l3s.de\/de\/wp-json\/wp\/v2\/pages\/42119","targetHints":{"allow":["GET"]}}],"collection":[{"href":"https:\/\/www.l3s.de\/de\/wp-json\/wp\/v2\/pages"}],"about":[{"href":"https:\/\/www.l3s.de\/de\/wp-json\/wp\/v2\/types\/page"}],"author":[{"embeddable":true,"href":"https:\/\/www.l3s.de\/de\/wp-json\/wp\/v2\/users\/4"}],"replies":[{"embeddable":true,"href":"https:\/\/www.l3s.de\/de\/wp-json\/wp\/v2\/comments?post=42119"}],"version-history":[{"count":7,"href":"https:\/\/www.l3s.de\/de\/wp-json\/wp\/v2\/pages\/42119\/revisions"}],"predecessor-version":[{"id":42154,"href":"https:\/\/www.l3s.de\/de\/wp-json\/wp\/v2\/pages\/42119\/revisions\/42154"}],"up":[{"embeddable":true,"href":"https:\/\/www.l3s.de\/de\/wp-json\/wp\/v2\/pages\/1688"}],"wp:featuredmedia":[{"embeddable":true,"href":"https:\/\/www.l3s.de\/de\/wp-json\/wp\/v2\/media\/42112"}],"wp:attachment":[{"href":"https:\/\/www.l3s.de\/de\/wp-json\/wp\/v2\/media?parent=42119"}],"wp:term":[{"taxonomy":"category","embeddable":true,"href":"https:\/\/www.l3s.de\/de\/wp-json\/wp\/v2\/categories?post=42119"},{"taxonomy":"post_tag","embeddable":true,"href":"https:\/\/www.l3s.de\/de\/wp-json\/wp\/v2\/tags?post=42119"}],"curies":[{"name":"wp","href":"https:\/\/api.w.org\/{rel}","templated":true}]}}