{"id":37928,"date":"2024-12-19T12:07:04","date_gmt":"2024-12-19T11:07:04","guid":{"rendered":"https:\/\/www.l3s.de\/?page_id=37928"},"modified":"2024-12-19T14:32:36","modified_gmt":"2024-12-19T13:32:36","slug":"efficient-analysis-of-patient-data","status":"publish","type":"page","link":"https:\/\/www.l3s.de\/de\/magazine\/binaire-articles\/efficient-analysis-of-patient-data\/","title":{"rendered":"Effiziente Analyse von Patientendaten\u00a0"},"content":{"rendered":"<div data-colibri-id=\"37928-c1\" class=\"style-26530 style-local-37928-c1 position-relative\">\r\n  <!---->\r\n  <div data-colibri-component=\"section\" data-colibri-id=\"37928-c2\" id=\"reusable-sections\" class=\"h-section h-section-global-spacing d-flex align-items-lg-center align-items-md-center align-items-center style-26531 style-local-37928-c2 position-relative\">\r\n    <!---->\r\n    <!---->\r\n    <div class=\"h-section-grid-container h-section-boxed-container\">\r\n      <!---->\r\n      <div data-colibri-id=\"37928-c3\" class=\"h-row-container gutters-row-lg-0 gutters-row-md-0 gutters-row-0 gutters-row-v-lg-0 gutters-row-v-md-0 gutters-row-v-0 style-26532 style-local-37928-c3 position-relative\">\r\n        <!---->\r\n        <div class=\"h-row justify-content-lg-center justify-content-md-center justify-content-center align-items-lg-stretch align-items-md-stretch align-items-stretch gutters-col-lg-0 gutters-col-md-0 gutters-col-0 gutters-col-v-lg-0 gutters-col-v-md-0 gutters-col-v-0\">\r\n          <!---->\r\n          <div class=\"h-column h-column-container d-flex h-col-lg-auto h-col-md-auto h-col-auto style-26533-outer style-local-37928-c4-outer\">\r\n            <div data-colibri-id=\"37928-c4\" class=\"d-flex h-flex-basis h-column__inner h-ui-empty-state-container h-px-lg-0 h-px-md-0 h-px-0 v-inner-lg-0 v-inner-md-0 v-inner-0 colibri-featured-img-bg style-26533 style-local-37928-c4 position-relative\">\r\n              <div class=\"background-wrapper\">\r\n                <div class=\"background-layer background-layer-media-container-lg\">\r\n                  <div data-enabled=\"true\" data-colibri-component=\"parallax\" class=\"background-layer paraxify colibri-featured-img-bg lazyload\" model-id=\"37928-c4\" media=\"desktop\" is-preview=\"true\" style=\"background-image:inherit;\" data-bg-image=\"url(&quot;https:\/\/www.l3s.de\/wp-content\/uploads\/2022\/09\/AdobeStock_107295809-scaled.jpg&quot;)\"><\/div>\r\n                <\/div>\r\n                <div class=\"background-layer background-layer-media-container-md\">\r\n                  <div data-enabled=\"true\" data-colibri-component=\"parallax\" class=\"background-layer paraxify colibri-featured-img-bg lazyload\" model-id=\"37928-c4\" media=\"tablet\" is-preview=\"true\" style=\"background-image:inherit;\" data-bg-image=\"url(&quot;https:\/\/www.l3s.de\/wp-content\/uploads\/2022\/09\/AdobeStock_107295809-scaled.jpg&quot;)\"><\/div>\r\n                <\/div>\r\n                <div class=\"background-layer background-layer-media-container\">\r\n                  <div data-enabled=\"true\" data-colibri-component=\"parallax\" class=\"background-layer paraxify colibri-featured-img-bg lazyload\" model-id=\"37928-c4\" media=\"mobile\" is-preview=\"true\" style=\"background-image:inherit;\" data-bg-image=\"url(&quot;https:\/\/www.l3s.de\/wp-content\/uploads\/2022\/09\/AdobeStock_107295809-scaled.jpg&quot;)\"><\/div>\r\n                <\/div>\r\n              <\/div>\r\n              <!---->\r\n              <div class=\"w-100 h-y-container h-column__content h-column__v-align flex-basis-100\">\r\n                <!---->\r\n              <\/div>\r\n            <\/div>\r\n          <\/div>\r\n        <\/div>\r\n      <\/div>\r\n      <div data-colibri-id=\"37928-c5\" class=\"h-row-container gutters-row-lg-0 gutters-row-md-0 gutters-row-0 gutters-row-v-lg-0 gutters-row-v-md-0 gutters-row-v-0 style-26534 style-local-37928-c5 position-relative\">\r\n        <!---->\r\n        <div class=\"h-row justify-content-lg-center justify-content-md-center justify-content-center align-items-lg-stretch align-items-md-stretch align-items-stretch gutters-col-lg-0 gutters-col-md-0 gutters-col-0 gutters-col-v-lg-0 gutters-col-v-md-0 gutters-col-v-0\">\r\n          <!---->\r\n          <div class=\"h-column h-column-container d-flex h-col-lg-auto h-col-md-auto h-col-auto style-26535-outer style-local-37928-c6-outer\">\r\n            <div data-colibri-id=\"37928-c6\" class=\"d-flex h-flex-basis h-column__inner h-px-lg-0 h-px-md-0 h-px-0 v-inner-lg-0 v-inner-md-0 v-inner-0 style-26535 style-local-37928-c6 position-relative\">\r\n              <!---->\r\n              <!---->\r\n              <div class=\"w-100 h-y-container h-column__content h-column__v-align flex-basis-100 align-self-lg-start align-self-md-start align-self-start\">\r\n                <!---->\r\n                <div data-colibri-id=\"37928-c7\" class=\"h-text h-text-component style-26536 style-local-37928-c7 position-relative h-element\">\r\n                  <!---->\r\n                  <!---->\r\n                  <div class=\"\">\r\n                    <p>Das Bild wurde von Flux f\u00fcr die Aufforderung \u201edrei Monitore mit zwei verschiedenen elektronischen Krankenakten und ein kleines R\u00f6ntgenbild, professionelle Fotografie, Bokeh, nat\u00fcrliches Licht, Canon-Objektiv, aufgenommen mit einer DSLR mit 64 Megapixeln, scharfer Fokus\u201c erstellt.<\/p>\r\n                  <\/div>\r\n                <\/div>\r\n              <\/div>\r\n            <\/div>\r\n          <\/div>\r\n        <\/div>\r\n      <\/div>\r\n      <div data-colibri-id=\"37928-c8\" class=\"h-row-container gutters-row-lg-2 gutters-row-md-2 gutters-row-0 gutters-row-v-lg-2 gutters-row-v-md-2 gutters-row-v-2 style-26537 style-local-37928-c8 position-relative\">\r\n        <!---->\r\n        <div class=\"h-row justify-content-lg-center justify-content-md-center justify-content-center align-items-lg-stretch align-items-md-stretch align-items-stretch gutters-col-lg-2 gutters-col-md-2 gutters-col-0 gutters-col-v-lg-2 gutters-col-v-md-2 gutters-col-v-2\">\r\n          <!---->\r\n          <div class=\"h-column h-column-container d-flex h-col-lg-auto h-col-md-auto h-col-auto style-26538-outer style-local-37928-c9-outer\">\r\n            <div data-colibri-id=\"37928-c9\" class=\"d-flex h-flex-basis h-column__inner h-px-lg-2 h-px-md-2 h-px-2 v-inner-lg-2 v-inner-md-2 v-inner-2 style-26538 style-local-37928-c9 position-relative\">\r\n              <!---->\r\n              <!---->\r\n              <div class=\"w-100 h-y-container h-column__content h-column__v-align flex-basis-100 align-self-lg-start align-self-md-start align-self-start\">\r\n                <!---->\r\n                <div data-colibri-id=\"37928-c10\" class=\"h-text h-text-component style-26539 style-local-37928-c10 position-relative h-element\">\r\n                  <!---->\r\n                  <!---->\r\n                  <div class=\"\">\r\n                    <p>Ausgabe: 02\/2024<\/p>\r\n                  <\/div>\r\n                <\/div>\r\n                <div data-colibri-id=\"37928-c11\" class=\"h-x-container style-26540 style-local-37928-c11 position-relative h-element\">\r\n                  <!---->\r\n                  <div class=\"h-x-container-inner style-dynamic-37928-c11-group style-26540-spacing style-local-37928-c11-spacing\"><span class=\"h-link__outer style-26541-outer style-local-37928-c12-outer d-inline-flex h-element\"><a h-use-smooth-scroll=\"true\" href=\"https:\/\/www.l3s.de\/de\/magazine\/#2024\"  data-colibri-id=\"37928-c12\" class=\"d-flex w-100 align-items-center h-link style-26541 style-local-37928-c12 position-relative\"><!----><!----> <span>Exzellenz in der KI-Forschung<\/span><\/a>\r\n                    <\/span>\r\n                  <\/div>\r\n                <\/div>\r\n                <div data-colibri-id=\"37928-c13\" class=\"style-26542 style-local-37928-c13 position-relative h-element\">\r\n                  <!---->\r\n                <\/div>\r\n              <\/div>\r\n            <\/div>\r\n          <\/div>\r\n          <div class=\"h-column h-column-container d-flex h-col-lg h-col-md-auto h-col-auto style-26543-outer style-local-37928-c14-outer\">\r\n            <div data-colibri-id=\"37928-c14\" class=\"d-flex h-flex-basis h-column__inner h-px-lg-2 h-px-md-2 h-px-2 v-inner-lg-2 v-inner-md-2 v-inner-2 style-26543 style-local-37928-c14 position-relative\">\r\n              <!---->\r\n              <!---->\r\n              <div class=\"w-100 h-y-container h-column__content h-column__v-align flex-basis-100 align-self-lg-start align-self-md-start align-self-start\">\r\n                <!---->\r\n                <div data-colibri-id=\"37928-c15\" class=\"h-global-transition-all h-heading style-26544 style-local-37928-c15 position-relative h-element\">\r\n                  <!---->\r\n                  <div class=\"h-heading__outer style-26544 style-local-37928-c15\">\r\n                    <!---->\r\n                    <!---->\r\n                    <h6 class=\"\">KI in der Medizin<\/h6>\r\n                  <\/div>\r\n                <\/div>\r\n                <div data-colibri-id=\"37928-c16\" class=\"h-global-transition-all h-heading style-26545 style-local-37928-c16 position-relative h-element\">\r\n                  <!---->\r\n                  <div class=\"h-heading__outer style-26545 style-local-37928-c16\">\r\n                    <!---->\r\n                    <!---->\r\n                    <h1 class=\"\">Effiziente Analyse von Patientendaten <\/h1>\r\n                  <\/div>\r\n                <\/div>\r\n                <div data-colibri-id=\"37928-c17\" class=\"style-26546 style-local-37928-c17 position-relative h-element\">\r\n                  <!---->\r\n                <\/div>\r\n                <div data-colibri-id=\"37928-c18\" class=\"h-row-container gutters-row-lg-0 gutters-row-md-0 gutters-row-0 gutters-row-v-lg-0 gutters-row-v-md-0 gutters-row-v-0 style-26547 style-local-37928-c18 position-relative\">\r\n                  <!---->\r\n                  <div class=\"h-row justify-content-lg-center justify-content-md-center justify-content-center align-items-lg-stretch align-items-md-stretch align-items-stretch gutters-col-lg-0 gutters-col-md-0 gutters-col-0 gutters-col-v-lg-0 gutters-col-v-md-0 gutters-col-v-0\">\r\n                    <!---->\r\n                    <div class=\"h-column h-column-container d-flex h-col-lg h-col-md h-col-auto style-26548-outer style-local-37928-c19-outer\">\r\n                      <div data-colibri-id=\"37928-c19\" class=\"d-flex h-flex-basis h-column__inner h-px-lg-0 h-px-md-0 h-px-0 v-inner-lg-0 v-inner-md-0 v-inner-0 style-26548 style-local-37928-c19 position-relative\">\r\n                        <!---->\r\n                        <!---->\r\n                        <div class=\"w-100 h-y-container h-column__content h-column__v-align flex-basis-100 align-self-lg-start align-self-md-start align-self-start\">\r\n                          <!---->\r\n                          <div data-colibri-id=\"37928-c20\" class=\"h-text h-text-component style-26549 style-local-37928-c20 position-relative h-element\">\r\n                            <!---->\r\n                            <!---->\r\n                            <div class=\"\">\r\n                              <p>Elektronische Gesundheitsakten (EHRs) sind eine wertvolle Datenquelle f\u00fcr die medizinische Forschung. Sie erm\u00f6glichen personalisierte Vorhersagen, Diagnosen und Behandlungsempfehlungen. Wissenschaftler des Forschungszentrums L3S haben nun IVP-VAE vorgestellt, ein Modell, das eine genaue und effiziente Analyse von EHRs erm\u00f6glicht.<\/p>\r\n                              <p>EHR-Daten werden h\u00e4ufig unregelm\u00e4\u00dfig erfasst, was bedeutet, dass Messungen in ungleichen Zeitabst\u00e4nden vorgenommen werden, teilweise Datenpunkte fehlen und die Sequenzen in ihrer L\u00e4nge variieren. Diese Komplexit\u00e4ten machen die Analyse von EHR-Daten besonders herausfordernd f\u00fcr bestehende Modelle wie rekurrente neuronale Netze (RNNs) und Transformer. \u201eUnsere Arbeit zeigt, dass wir diese H\u00fcrden \u00fcberwinden k\u00f6nnen, indem wir unregelm\u00e4\u00dfige Zeitreihen als kontinuierliche Prozesse modellieren und sie als sogenannte Anfangswertprobleme (IVPs) l\u00f6sen\u201c, sagt Jingge Xiao, Erstautor der Studie.<\/p>\r\n                              <p>Das neuartige Modell IVP-VAE kombiniert Variational Autoencoders (VAE) mit IVP-Solvern, um Zeitreihen gleichzeitig und nicht-sequentiell zu verarbeiten. Diese Parallelisierung reduziert die Berechnungszeit erheblich und erlaubt die direkte Modellierung kontinuierlicher Prozesse. Ein weiterer Clou: Durch die Umkehrbarkeit der IVP-Solver k\u00f6nnen Encoder und Decoder dieselben Rechenprozesse nutzen, was die Modellkomplexit\u00e4t senkt.<\/p>\r\n                              <p>\u201eMit IVP-VAE erreichen wir eine bis zu 40-fache Beschleunigung gegen\u00fcber bestehenden Modellen, ohne dabei die Genauigkeit zu opfern\u201c, betont Xiao. Auf drei realen Datens\u00e4tzen \u2013 darunter der bekannte MIMIC-IV-Datensatz \u2013 zeigte IVP-VAE konstant bessere Ergebnisse in der Klassifikation und Vorhersage von Zeitreihen. Besonders beeindruckend ist die Leistung bei kleinen Datens\u00e4tzen, wie sie in der Analyse seltener Erkrankungen h\u00e4ufig vorkommen.<\/p>\r\n                              <p>Die Ergebnisse markieren einen wichtigen Schritt in der datenbasierten Gesundheitsforschung. IVP-VAE bietet nicht nur einen performanten Ansatz f\u00fcr EHR-Daten, sondern zeigt auch Potenzial f\u00fcr andere Anwendungen mit unregelm\u00e4\u00dfigen Zeitreihen. Wie Xiao anmerkt: \u201eDieses Modell kann die Grundlage f\u00fcr Fortschritte in der personalisierten Medizin legen und die Effizienz in der klinischen Forschung erheblich steigern.\u201c<\/p>\r\n                              <p><em>Jingge Xiao, Leonie Basso, Wolfgang Nejdl, Niloy Ganguly, Sandipan Sikdar: IVP-VAE: Modeling EHR Time Series with Initial Value Problem Solvers. AAAI 2024: 16023-16031&nbsp;<\/em>\r\n                                <a href=\"https:\/\/ojs.aaai.org\/index.php\/AAAI\/article\/view\/29534\"\r\n                                  target=\"_blank\" class=\"customize-unpreviewable\"><em>ojs.aaai.org\/index.php\/AAAI\/article\/view\/29534<\/em><\/a>\r\n                              <\/p>\r\n                            <\/div>\r\n                          <\/div>\r\n                        <\/div>\r\n                      <\/div>\r\n                    <\/div>\r\n                  <\/div>\r\n                <\/div>\r\n              <\/div>\r\n            <\/div>\r\n          <\/div>\r\n        <\/div>\r\n      <\/div>\r\n    <\/div>\r\n  <\/div>\r\n  <div data-colibri-component=\"section\" data-colibri-id=\"37928-c21\" id=\"reusable-sections-2\" class=\"h-section h-section-global-spacing d-flex align-items-lg-center align-items-md-center align-items-center style-26550 style-local-37928-c21 position-relative\">\r\n    <!---->\r\n    <!---->\r\n    <div class=\"h-section-grid-container h-section-boxed-container\">\r\n      <!---->\r\n      <div data-colibri-id=\"37928-c22\" class=\"h-row-container gutters-row-lg-0 gutters-row-md-0 gutters-row-0 gutters-row-v-lg-0 gutters-row-v-md-0 gutters-row-v-0 style-26551 style-local-37928-c22 position-relative\">\r\n        <!---->\r\n        <div class=\"h-row justify-content-lg-center justify-content-md-center justify-content-center align-items-lg-stretch align-items-md-stretch align-items-stretch gutters-col-lg-0 gutters-col-md-0 gutters-col-0 gutters-col-v-lg-0 gutters-col-v-md-0 gutters-col-v-0\">\r\n          <!---->\r\n          <div class=\"h-column h-column-container d-flex h-col-lg-auto h-col-md-auto h-col-auto style-26552-outer style-local-37928-c23-outer\">\r\n            <div data-colibri-id=\"37928-c23\" class=\"d-flex h-flex-basis h-column__inner h-px-lg-0 h-px-md-0 h-px-0 v-inner-lg-0 v-inner-md-0 v-inner-0 style-26552 style-local-37928-c23 position-relative\">\r\n              <!---->\r\n              <!---->\r\n              <div class=\"w-100 h-y-container h-column__content h-column__v-align flex-basis-100 align-self-lg-start align-self-md-start align-self-start\">\r\n                <!---->\r\n                <div data-colibri-id=\"37928-c24\" class=\"h-divider style-26553 style-local-37928-c24 position-relative h-element\">\r\n                  <!----><span class=\"h-divider__line style-26553-line style-local-37928-c24-line style-26553-line style-local-37928-c24-line\"><\/span><\/div>\r\n              <\/div>\r\n            <\/div>\r\n          <\/div>\r\n        <\/div>\r\n      <\/div>\r\n      <div data-colibri-id=\"37928-c25\" class=\"h-row-container gutters-row-lg-2 gutters-row-md-2 gutters-row-0 gutters-row-v-lg-2 gutters-row-v-md-2 gutters-row-v-2 style-26554 style-local-37928-c25 position-relative\">\r\n        <!---->\r\n        <div class=\"h-row justify-content-lg-end justify-content-md-end justify-content-end align-items-lg-stretch align-items-md-stretch align-items-stretch gutters-col-lg-2 gutters-col-md-2 gutters-col-0 gutters-col-v-lg-2 gutters-col-v-md-2 gutters-col-v-2\">\r\n          <!---->\r\n          <div class=\"h-column h-column-container d-flex h-col-lg-auto h-col-md-auto h-col-auto style-26559-outer style-local-37928-c26-outer\">\r\n            <div data-colibri-id=\"37928-c26\" class=\"d-flex h-flex-basis h-column__inner h-px-lg-2 h-px-md-2 h-px-2 v-inner-lg-2 v-inner-md-2 v-inner-2 style-26559 style-local-37928-c26 position-relative\">\r\n              <!---->\r\n              <!---->\r\n              <div class=\"w-100 h-y-container h-column__content h-column__v-align flex-basis-100 align-self-lg-start align-self-md-start align-self-start\">\r\n                <!---->\r\n                <div data-colibri-id=\"37928-c27\" class=\"h-global-transition-all h-heading style-26556 style-local-37928-c27 position-relative h-element\">\r\n                  <!---->\r\n                  <div class=\"h-heading__outer style-26556 style-local-37928-c27\">\r\n                    <!---->\r\n                    <!---->\r\n                    <h6 class=\"\">Kontakt<\/h6>\r\n                  <\/div>\r\n                <\/div>\r\n                <div data-colibri-id=\"37928-c28\" class=\"h-row-container gutters-row-lg-0 gutters-row-md-0 gutters-row-0 gutters-row-v-lg-0 gutters-row-v-md-0 gutters-row-v-0 style-26560 style-local-37928-c28 position-relative\">\r\n                  <!---->\r\n                  <div class=\"h-row justify-content-lg-center justify-content-md-center justify-content-center align-items-lg-stretch align-items-md-stretch align-items-stretch gutters-col-lg-0 gutters-col-md-0 gutters-col-0 gutters-col-v-lg-0 gutters-col-v-md-0 gutters-col-v-0\">\r\n                    <!---->\r\n                    <div class=\"h-column h-column-container d-flex h-col-lg-auto h-col-md-auto h-col-auto style-26569-outer style-local-37928-c29-outer\">\r\n                      <div data-colibri-id=\"37928-c29\" class=\"d-flex h-flex-basis h-column__inner h-px-lg-2 h-px-md-2 h-px-2 v-inner-lg-2 v-inner-md-2 v-inner-2 style-26569 style-local-37928-c29 position-relative\">\r\n                        <!---->\r\n                        <!---->\r\n                        <div class=\"w-100 h-y-container h-column__content h-column__v-align flex-basis-100 align-self-lg-start align-self-md-start align-self-start\">\r\n                          <!---->\r\n                          <div data-colibri-id=\"37928-c30\" class=\"d-block style-26570 style-local-37928-c30 position-relative h-element\">\r\n                            <!---->\r\n                            <div class=\"h-image__frame-container-outer\">\r\n                              <div class=\"h-image__frame-container\">\r\n                                <!---->\r\n                                <!---->\r\n                                <img decoding=\"async\" data-src=\"https:\/\/www.l3s.de\/wp-content\/uploads\/2024\/12\/jingge_xiao-150x150.jpg\" class=\"style-26570-image style-local-37928-c30-image lazyload\" src=\"data:image\/svg+xml;base64,PHN2ZyB3aWR0aD0iMSIgaGVpZ2h0PSIxIiB4bWxucz0iaHR0cDovL3d3dy53My5vcmcvMjAwMC9zdmciPjwvc3ZnPg==\" style=\"--smush-placeholder-width: 150px; --smush-placeholder-aspect-ratio: 150\/150;\">\r\n                                <div class=\"h-image__frame h-hide-lg h-hide-md h-hide-sm style-26570-frameImage style-local-37928-c30-frameImage\"><\/div>\r\n                              <\/div>\r\n                            <\/div>\r\n                          <\/div>\r\n                          <div data-colibri-id=\"37928-c31\" class=\"h-row-container gutters-row-lg-0 gutters-row-md-0 gutters-row-0 gutters-row-v-lg-0 gutters-row-v-md-0 gutters-row-v-0 style-26571 style-local-37928-c31 position-relative\">\r\n                            <!---->\r\n                            <div class=\"h-row justify-content-lg-center justify-content-md-center justify-content-center align-items-lg-stretch align-items-md-stretch align-items-stretch gutters-col-lg-0 gutters-col-md-0 gutters-col-0 gutters-col-v-lg-0 gutters-col-v-md-0 gutters-col-v-0\">\r\n                              <!---->\r\n                              <div class=\"h-column h-column-container d-flex h-col-lg h-col-md h-col-auto style-26572-outer style-local-37928-c32-outer\">\r\n                                <div data-colibri-id=\"37928-c32\" class=\"d-flex h-flex-basis h-column__inner h-px-lg-0 h-px-md-0 h-px-0 v-inner-lg-0 v-inner-md-0 v-inner-0 style-26572 style-local-37928-c32 position-relative\">\r\n                                  <!---->\r\n                                  <!---->\r\n                                  <div class=\"w-100 h-y-container h-column__content h-column__v-align flex-basis-100 align-self-lg-start align-self-md-start align-self-start\">\r\n                                    <!---->\r\n                                    <div data-colibri-id=\"37928-c33\" class=\"h-global-transition-all h-heading style-26565 style-local-37928-c33 position-relative h-element\">\r\n                                      <!---->\r\n                                      <div class=\"h-heading__outer style-26565 style-local-37928-c33\">\r\n                                        <!---->\r\n                                        <!---->\r\n                                        <h4 class=\"\">Jingge Xiao, M. Sc. <\/h4>\r\n                                      <\/div>\r\n                                    <\/div>\r\n                                    <div data-colibri-id=\"37928-c34\" class=\"h-x-container style-26573 style-local-37928-c34 position-relative h-element\">\r\n                                      <!---->\r\n                                      <div class=\"h-x-container-inner style-dynamic-37928-c34-group style-26573-spacing style-local-37928-c34-spacing\"><span class=\"h-link__outer style-26567-outer style-local-37928-c35-outer d-inline-flex h-element\"><a h-use-smooth-scroll=\"true\" href=\"mailto:xiao@L3S.de\"  data-colibri-id=\"37928-c35\" class=\"d-flex w-100 align-items-center h-link style-26567 style-local-37928-c35 position-relative\"><!----><!----> <span>xiao@L3S.de <\/span><\/a>\r\n                                        <\/span>\r\n                                      <\/div>\r\n                                    <\/div>\r\n                                  <\/div>\r\n                                <\/div>\r\n                              <\/div>\r\n                            <\/div>\r\n                          <\/div>\r\n                          <div data-colibri-id=\"37928-c36\" class=\"h-text h-text-component style-26568 style-local-37928-c36 position-relative h-element\">\r\n                            <!---->\r\n                            <!---->\r\n                            <div class=\"\">\r\n                              <p>Jingge Xiao ist Doktorand am L3S. Er forscht zu Zeitreihenanalyse und Deep Generative Modelling. <\/p>\r\n                            <\/div>\r\n                          <\/div>\r\n                        <\/div>\r\n                      <\/div>\r\n                    <\/div>\r\n                  <\/div>\r\n                <\/div>\r\n              <\/div>\r\n            <\/div>\r\n          <\/div>\r\n        <\/div>\r\n      <\/div>\r\n    <\/div>\r\n  <\/div>\r\n<\/div>","protected":false},"excerpt":{"rendered":"<p>The image is created by Flux for the prompt &#8220;three monitors with two different Electronic Health Records and a small X-ray, professional photography, bokeh, natural lighting, canon lens, shot on dslr 64 megapixels sharp focus&#8221; Issue: 02\/2024 Excellence in AI-Research AI in Medicine Efficient Analysis of Patient Data Electronic health records (EHRs) are a valuable [&hellip;]<\/p>","protected":false},"author":11,"featured_media":37929,"parent":2750,"menu_order":0,"comment_status":"closed","ping_status":"closed","template":"page-templates\/full-width-page.php","meta":{"_acf_changed":false,"footnotes":""},"categories":[],"tags":[28,191],"class_list":["post-37928","page","type-page","status-publish","has-post-thumbnail","hentry","tag-binaire","tag-binaire-2024-02"],"acf":[],"aioseo_notices":[],"publishpress_future_action":{"enabled":false,"date":"2026-05-05 03:58:55","action":"category","newStatus":"draft","terms":[75],"taxonomy":"category","extraData":[]},"publishpress_future_workflow_manual_trigger":{"enabledWorkflows":[]},"_links":{"self":[{"href":"https:\/\/www.l3s.de\/de\/wp-json\/wp\/v2\/pages\/37928","targetHints":{"allow":["GET"]}}],"collection":[{"href":"https:\/\/www.l3s.de\/de\/wp-json\/wp\/v2\/pages"}],"about":[{"href":"https:\/\/www.l3s.de\/de\/wp-json\/wp\/v2\/types\/page"}],"author":[{"embeddable":true,"href":"https:\/\/www.l3s.de\/de\/wp-json\/wp\/v2\/users\/11"}],"replies":[{"embeddable":true,"href":"https:\/\/www.l3s.de\/de\/wp-json\/wp\/v2\/comments?post=37928"}],"version-history":[{"count":5,"href":"https:\/\/www.l3s.de\/de\/wp-json\/wp\/v2\/pages\/37928\/revisions"}],"predecessor-version":[{"id":38042,"href":"https:\/\/www.l3s.de\/de\/wp-json\/wp\/v2\/pages\/37928\/revisions\/38042"}],"up":[{"embeddable":true,"href":"https:\/\/www.l3s.de\/de\/wp-json\/wp\/v2\/pages\/2750"}],"wp:featuredmedia":[{"embeddable":true,"href":"https:\/\/www.l3s.de\/de\/wp-json\/wp\/v2\/media\/37929"}],"wp:attachment":[{"href":"https:\/\/www.l3s.de\/de\/wp-json\/wp\/v2\/media?parent=37928"}],"wp:term":[{"taxonomy":"category","embeddable":true,"href":"https:\/\/www.l3s.de\/de\/wp-json\/wp\/v2\/categories?post=37928"},{"taxonomy":"post_tag","embeddable":true,"href":"https:\/\/www.l3s.de\/de\/wp-json\/wp\/v2\/tags?post=37928"}],"curies":[{"name":"wp","href":"https:\/\/api.w.org\/{rel}","templated":true}]}}