{"id":37887,"date":"2024-12-18T16:12:28","date_gmt":"2024-12-18T15:12:28","guid":{"rendered":"https:\/\/www.l3s.de\/?page_id=37887"},"modified":"2024-12-19T14:46:33","modified_gmt":"2024-12-19T13:46:33","slug":"digital-epidemic-control","status":"publish","type":"page","link":"https:\/\/www.l3s.de\/de\/magazine\/binaire-articles\/digital-epidemic-control\/","title":{"rendered":"Digitale Epidemiebek\u00e4mpfung\u00a0"},"content":{"rendered":"<div data-colibri-id=\"37887-c1\" class=\"style-26491 style-local-37887-c1 position-relative\">\r\n  <!---->\r\n  <div data-colibri-component=\"section\" data-colibri-id=\"37887-c2\" id=\"reusable-sections\" class=\"h-section h-section-global-spacing d-flex align-items-lg-center align-items-md-center align-items-center style-26492 style-local-37887-c2 position-relative\">\r\n    <!---->\r\n    <!---->\r\n    <div class=\"h-section-grid-container h-section-boxed-container\">\r\n      <!---->\r\n      <div data-colibri-id=\"37887-c3\" class=\"h-row-container gutters-row-lg-0 gutters-row-md-0 gutters-row-0 gutters-row-v-lg-0 gutters-row-v-md-0 gutters-row-v-0 style-26493 style-local-37887-c3 position-relative\">\r\n        <!---->\r\n        <div class=\"h-row justify-content-lg-center justify-content-md-center justify-content-center align-items-lg-stretch align-items-md-stretch align-items-stretch gutters-col-lg-0 gutters-col-md-0 gutters-col-0 gutters-col-v-lg-0 gutters-col-v-md-0 gutters-col-v-0\">\r\n          <!---->\r\n          <div class=\"h-column h-column-container d-flex h-col-lg-auto h-col-md-auto h-col-auto style-26494-outer style-local-37887-c4-outer\">\r\n            <div data-colibri-id=\"37887-c4\" class=\"d-flex h-flex-basis h-column__inner h-ui-empty-state-container h-px-lg-0 h-px-md-0 h-px-0 v-inner-lg-0 v-inner-md-0 v-inner-0 colibri-featured-img-bg style-26494 style-local-37887-c4 position-relative\">\r\n              <div class=\"background-wrapper\">\r\n                <div class=\"background-layer background-layer-media-container-lg\">\r\n                  <div data-enabled=\"true\" data-colibri-component=\"parallax\" class=\"background-layer paraxify colibri-featured-img-bg lazyload\" model-id=\"37887-c4\" media=\"desktop\" is-preview=\"true\" style=\"background-image:inherit; background-position: center center;\" data-bg-image=\"url(&quot;https:\/\/www.l3s.de\/wp-content\/uploads\/2022\/09\/AdobeStock_107295809-scaled.jpg&quot;)\">\r\n                    <div class=\"resize-triggers\">\r\n                      <div class=\"expand-trigger\">\r\n                        <div style=\"width: 1px; height: 1px;\"><\/div>\r\n                      <\/div>\r\n                      <div class=\"contract-trigger\"><\/div>\r\n                    <\/div>\r\n                  <\/div>\r\n                <\/div>\r\n                <div class=\"background-layer background-layer-media-container-md\">\r\n                  <div data-enabled=\"true\" data-colibri-component=\"parallax\" class=\"background-layer paraxify colibri-featured-img-bg lazyload\" model-id=\"37887-c4\" media=\"tablet\" is-preview=\"true\" style=\"background-image:inherit; background-position: center center;\" data-bg-image=\"url(&quot;https:\/\/www.l3s.de\/wp-content\/uploads\/2022\/09\/AdobeStock_107295809-scaled.jpg&quot;)\">\r\n                    <div class=\"resize-triggers\">\r\n                      <div class=\"expand-trigger\">\r\n                        <div style=\"width: 1px; height: 1px;\"><\/div>\r\n                      <\/div>\r\n                      <div class=\"contract-trigger\"><\/div>\r\n                    <\/div>\r\n                  <\/div>\r\n                <\/div>\r\n                <div class=\"background-layer background-layer-media-container\">\r\n                  <div data-enabled=\"true\" data-colibri-component=\"parallax\" class=\"background-layer paraxify colibri-featured-img-bg lazyload\" model-id=\"37887-c4\" media=\"mobile\" is-preview=\"true\" style=\"background-image:inherit; background-position: center center;\" data-bg-image=\"url(&quot;https:\/\/www.l3s.de\/wp-content\/uploads\/2022\/09\/AdobeStock_107295809-scaled.jpg&quot;)\">\r\n                    <div class=\"resize-triggers\">\r\n                      <div class=\"expand-trigger\">\r\n                        <div style=\"width: 1px; height: 1px;\"><\/div>\r\n                      <\/div>\r\n                      <div class=\"contract-trigger\"><\/div>\r\n                    <\/div>\r\n                  <\/div>\r\n                <\/div>\r\n              <\/div>\r\n              <!---->\r\n              <div class=\"w-100 h-y-container h-column__content h-column__v-align flex-basis-100\">\r\n                <!---->\r\n              <\/div>\r\n            <\/div>\r\n          <\/div>\r\n        <\/div>\r\n      <\/div>\r\n      <div data-colibri-id=\"37887-c5\" class=\"h-row-container gutters-row-lg-0 gutters-row-md-0 gutters-row-0 gutters-row-v-lg-0 gutters-row-v-md-0 gutters-row-v-0 style-26495 style-local-37887-c5 position-relative\">\r\n        <!---->\r\n        <div class=\"h-row justify-content-lg-center justify-content-md-center justify-content-center align-items-lg-stretch align-items-md-stretch align-items-stretch gutters-col-lg-0 gutters-col-md-0 gutters-col-0 gutters-col-v-lg-0 gutters-col-v-md-0 gutters-col-v-0\">\r\n          <!---->\r\n          <div class=\"h-column h-column-container d-flex h-col-lg-auto h-col-md-auto h-col-auto style-26496-outer style-local-37887-c6-outer\">\r\n            <div data-colibri-id=\"37887-c6\" class=\"d-flex h-flex-basis h-column__inner h-px-lg-0 h-px-md-0 h-px-0 v-inner-lg-0 v-inner-md-0 v-inner-0 style-26496 style-local-37887-c6 position-relative\">\r\n              <!---->\r\n              <!---->\r\n              <div class=\"w-100 h-y-container h-column__content h-column__v-align flex-basis-100 align-self-lg-start align-self-md-start align-self-start\">\r\n                <!---->\r\n                <div data-colibri-id=\"37887-c7\" class=\"h-text h-text-component style-26497 style-local-37887-c7 position-relative h-element\">\r\n                  <!---->\r\n                  <!---->\r\n                  <div class=\"\">\r\n                    <p>Das Bild wurde von Flux f\u00fcr die Aufforderung \u201emehrere Bildschirme mit Social-Media-Seiten flie\u00dfen in einen Trichter, der aus Nullen und Einsen besteht\u201c erstellt.<\/p>\r\n                  <\/div>\r\n                <\/div>\r\n              <\/div>\r\n            <\/div>\r\n          <\/div>\r\n        <\/div>\r\n      <\/div>\r\n      <div data-colibri-id=\"37887-c8\" class=\"h-row-container gutters-row-lg-2 gutters-row-md-2 gutters-row-0 gutters-row-v-lg-2 gutters-row-v-md-2 gutters-row-v-2 style-26498 style-local-37887-c8 position-relative\">\r\n        <!---->\r\n        <div class=\"h-row justify-content-lg-center justify-content-md-center justify-content-center align-items-lg-stretch align-items-md-stretch align-items-stretch gutters-col-lg-2 gutters-col-md-2 gutters-col-0 gutters-col-v-lg-2 gutters-col-v-md-2 gutters-col-v-2\">\r\n          <!---->\r\n          <div class=\"h-column h-column-container d-flex h-col-lg-auto h-col-md-auto h-col-auto style-26499-outer style-local-37887-c9-outer\">\r\n            <div data-colibri-id=\"37887-c9\" class=\"d-flex h-flex-basis h-column__inner h-px-lg-2 h-px-md-2 h-px-2 v-inner-lg-2 v-inner-md-2 v-inner-2 style-26499 style-local-37887-c9 position-relative\">\r\n              <!---->\r\n              <!---->\r\n              <div class=\"w-100 h-y-container h-column__content h-column__v-align flex-basis-100 align-self-lg-start align-self-md-start align-self-start\">\r\n                <!---->\r\n                <div data-colibri-id=\"37887-c10\" class=\"h-text h-text-component style-26500 style-local-37887-c10 position-relative h-element\">\r\n                  <!---->\r\n                  <!---->\r\n                  <div class=\"\">\r\n                    <p>Ausgabe: 02\/2024<\/p>\r\n                  <\/div>\r\n                <\/div>\r\n                <div data-colibri-id=\"37887-c11\" class=\"h-x-container style-26501 style-local-37887-c11 position-relative h-element\">\r\n                  <!---->\r\n                  <div class=\"h-x-container-inner style-dynamic-37887-c11-group style-26501-spacing style-local-37887-c11-spacing\"><span class=\"h-link__outer style-26502-outer style-local-37887-c12-outer d-inline-flex h-element\"><a h-use-smooth-scroll=\"true\" href=\"https:\/\/www.l3s.de\/de\/magazine\/#2024\"  data-colibri-id=\"37887-c12\" class=\"d-flex w-100 align-items-center h-link style-26502 style-local-37887-c12 position-relative\"><!----><!----> <span>Exzellenz in der KI-Forschung<\/span><\/a>\r\n                    <\/span>\r\n                  <\/div>\r\n                <\/div>\r\n                <div data-colibri-id=\"37887-c13\" class=\"style-26503 style-local-37887-c13 position-relative h-element\">\r\n                  <!---->\r\n                <\/div>\r\n              <\/div>\r\n            <\/div>\r\n          <\/div>\r\n          <div class=\"h-column h-column-container d-flex h-col-lg h-col-md-auto h-col-auto style-26504-outer style-local-37887-c14-outer\">\r\n            <div data-colibri-id=\"37887-c14\" class=\"d-flex h-flex-basis h-column__inner h-px-lg-2 h-px-md-2 h-px-2 v-inner-lg-2 v-inner-md-2 v-inner-2 style-26504 style-local-37887-c14 position-relative\">\r\n              <!---->\r\n              <!---->\r\n              <div class=\"w-100 h-y-container h-column__content h-column__v-align flex-basis-100 align-self-lg-start align-self-md-start align-self-start\">\r\n                <!---->\r\n                <div data-colibri-id=\"37887-c15\" class=\"h-global-transition-all h-heading style-26505 style-local-37887-c15 position-relative h-element\">\r\n                  <!---->\r\n                  <div class=\"h-heading__outer style-26505 style-local-37887-c15\">\r\n                    <!---->\r\n                    <!---->\r\n                    <h6 class=\"\">Soziale Medien<\/h6>\r\n                  <\/div>\r\n                <\/div>\r\n                <div data-colibri-id=\"37887-c16\" class=\"h-global-transition-all h-heading style-26506 style-local-37887-c16 position-relative h-element\">\r\n                  <!---->\r\n                  <div class=\"h-heading__outer style-26506 style-local-37887-c16\">\r\n                    <!---->\r\n                    <!---->\r\n                    <h1 class=\"\">Digitale Epidemiebek\u00e4mpfung <\/h1>\r\n                  <\/div>\r\n                <\/div>\r\n                <div data-colibri-id=\"37887-c17\" class=\"style-26507 style-local-37887-c17 position-relative h-element\">\r\n                  <!---->\r\n                <\/div>\r\n                <div data-colibri-id=\"37887-c18\" class=\"h-row-container gutters-row-lg-0 gutters-row-md-0 gutters-row-0 gutters-row-v-lg-0 gutters-row-v-md-0 gutters-row-v-0 style-26508 style-local-37887-c18 position-relative\">\r\n                  <!---->\r\n                  <div class=\"h-row justify-content-lg-center justify-content-md-center justify-content-center align-items-lg-stretch align-items-md-stretch align-items-stretch gutters-col-lg-0 gutters-col-md-0 gutters-col-0 gutters-col-v-lg-0 gutters-col-v-md-0 gutters-col-v-0\">\r\n                    <!---->\r\n                    <div class=\"h-column h-column-container d-flex h-col-lg h-col-md h-col-auto style-26509-outer style-local-37887-c19-outer\">\r\n                      <div data-colibri-id=\"37887-c19\" class=\"d-flex h-flex-basis h-column__inner h-px-lg-0 h-px-md-0 h-px-0 v-inner-lg-0 v-inner-md-0 v-inner-0 style-26509 style-local-37887-c19 position-relative\">\r\n                        <!---->\r\n                        <!---->\r\n                        <div class=\"w-100 h-y-container h-column__content h-column__v-align flex-basis-100 align-self-lg-start align-self-md-start align-self-start\">\r\n                          <!---->\r\n                          <div data-colibri-id=\"37887-c20\" class=\"h-text h-text-component style-26510 style-local-37887-c20 position-relative h-element\">\r\n                            <!---->\r\n                            <!---->\r\n                            <div class=\"\">\r\n                              <p>W\u00e4hrend der COVID-19-Pandemie und fr\u00fcherer Epidemien wie dem Ebola-Ausbruch von 2013 lieferten die sozialen Medien wertvolle Echtzeitdaten: Millionen von Tweets wurden gepostet - mit n\u00fctzlichen Informationen zu Symptomen, \u00dcbertragungswegen und Pr\u00e4ventionsma\u00dfnahmen, aber auch mit irrelevanten oder irref\u00fchrenden Inhalten. Doch wie l\u00e4sst sich die Datenflut effizient nutzen? Eine aktuelle Studie des L3S zeigt, wie KI-gest\u00fctzte Modelle aus Tausenden von Tweets relevante Inhalte filtern und zusammenfassen k\u00f6nnen, um durch einen vertrauensw\u00fcrdigen Ansatz wichtige Erkenntnisse bereitzustellen.<\/p>\r\n                              <p>Die in der Studie vorgestellte Methode nutzt moderne maschinelle Lernverfahren, um Tweets automatisch zu klassifizieren und pr\u00e4gnant zusammenzufassen. Im Fokus steht dabei nicht nur die Modellgenauigkeit, sondern auch die Interpretierbarkeit der Ergebnisse. Denn viele der aktuellen KI-Modelle agieren als Blackbox; Nutzer k\u00f6nnen nicht nachvollziehen, wie die KI zu ihren Entscheidungen kommt.<\/p>\r\n                              <p>\u201eUnser Modell extrahiert aus den Tweets Schl\u00fcsselinformationen, sogenannte Rationales, um seine Entscheidungen zu erkl\u00e4ren\u201c, sagt Thi Huyen Nguyen, Erstautorin der Studie. Dar\u00fcber hinaus erfassen Rationales wesentliche Inhalte in Tweets. Rationales k\u00f6nnen zur Erstellung pr\u00e4gnanter Zusammenfassungen der Situation verwendet werden und sind daher besonders wertvoll f\u00fcr Entscheidungstr\u00e4ger, die umgehend auf ver\u00e4nderte Gegebenheiten reagieren m\u00fcssen.<\/p>\r\n                              <p>Die Ergebnisse der Studie sind vielversprechend: Das entwickelte Modell erreichte eine Klassifikationsgenauigkeit von 82 Prozent und \u00fcbertraf damit herk\u00f6mmliche Methoden. Dar\u00fcber hinaus half die vorgeschlagene einfache, graphbasierte Ranking-Methode dabei, die wichtigsten Informationen herauszufiltern und Redundanz zu vermeiden. Die generierten kurzen Zusammenfassungen vermittelten ein umfassendes Bild der Lage w\u00e4hrend eines Krankheitsausbruchs.<\/p>\r\n                              <p>Soziale Netzwerke sind also nicht nur ein Ort der Kommunikation, sondern auch eine wertvolle Datenquelle f\u00fcr das Krisenmanagement \u2013 vorausgesetzt, man verf\u00fcgt \u00fcber die richtigen Werkzeuge, um die Datenflut zu beherrschen.<\/p>\r\n                              <p><em>Thi Huyen Nguyen, Marco Fisichella, Koustav Rudra: A Trustworthy Approach to Classify and Analyze Epidemic-Related Information From Microblogs. IEEE Trans. Comput. Soc. Syst. 11(5): 6229-6241 (2024) <\/em>\r\n                                <a href=\"https:\/\/ieeexplore.ieee.org\/abstract\/document\/10530086\"\r\n                                  target=\"_blank\" class=\"customize-unpreviewable\"><em>ieeexplore.ieee.org\/abstract\/document\/10530086<\/em><\/a>\r\n                              <\/p>\r\n                            <\/div>\r\n                          <\/div>\r\n                        <\/div>\r\n                      <\/div>\r\n                    <\/div>\r\n                  <\/div>\r\n                <\/div>\r\n              <\/div>\r\n            <\/div>\r\n          <\/div>\r\n        <\/div>\r\n      <\/div>\r\n    <\/div>\r\n  <\/div>\r\n  <div data-colibri-component=\"section\" data-colibri-id=\"37887-c21\" id=\"reusable-sections-2\" class=\"h-section h-section-global-spacing d-flex align-items-lg-center align-items-md-center align-items-center style-26511 style-local-37887-c21 position-relative\">\r\n    <!---->\r\n    <!---->\r\n    <div class=\"h-section-grid-container h-section-boxed-container\">\r\n      <!---->\r\n      <div data-colibri-id=\"37887-c22\" class=\"h-row-container gutters-row-lg-0 gutters-row-md-0 gutters-row-0 gutters-row-v-lg-0 gutters-row-v-md-0 gutters-row-v-0 style-26512 style-local-37887-c22 position-relative\">\r\n        <!---->\r\n        <div class=\"h-row justify-content-lg-center justify-content-md-center justify-content-center align-items-lg-stretch align-items-md-stretch align-items-stretch gutters-col-lg-0 gutters-col-md-0 gutters-col-0 gutters-col-v-lg-0 gutters-col-v-md-0 gutters-col-v-0\">\r\n          <!---->\r\n          <div class=\"h-column h-column-container d-flex h-col-lg-auto h-col-md-auto h-col-auto style-26513-outer style-local-37887-c23-outer\">\r\n            <div data-colibri-id=\"37887-c23\" class=\"d-flex h-flex-basis h-column__inner h-px-lg-0 h-px-md-0 h-px-0 v-inner-lg-0 v-inner-md-0 v-inner-0 style-26513 style-local-37887-c23 position-relative\">\r\n              <!---->\r\n              <!---->\r\n              <div class=\"w-100 h-y-container h-column__content h-column__v-align flex-basis-100 align-self-lg-start align-self-md-start align-self-start\">\r\n                <!---->\r\n                <div data-colibri-id=\"37887-c24\" class=\"h-divider style-26514 style-local-37887-c24 position-relative h-element\">\r\n                  <!----><span class=\"h-divider__line style-26514-line style-local-37887-c24-line style-26514-line style-local-37887-c24-line\"><\/span><\/div>\r\n              <\/div>\r\n            <\/div>\r\n          <\/div>\r\n        <\/div>\r\n      <\/div>\r\n      <div data-colibri-id=\"37887-c25\" class=\"h-row-container gutters-row-lg-2 gutters-row-md-2 gutters-row-0 gutters-row-v-lg-2 gutters-row-v-md-2 gutters-row-v-2 style-26515 style-local-37887-c25 position-relative\">\r\n        <!---->\r\n        <div class=\"h-row justify-content-lg-end justify-content-md-end justify-content-end align-items-lg-stretch align-items-md-stretch align-items-stretch gutters-col-lg-2 gutters-col-md-2 gutters-col-0 gutters-col-v-lg-2 gutters-col-v-md-2 gutters-col-v-2\">\r\n          <!---->\r\n          <div class=\"h-column h-column-container d-flex h-col-lg-auto h-col-md-auto h-col-auto style-26520-outer style-local-37887-c30-outer\">\r\n            <div data-colibri-id=\"37887-c30\" class=\"d-flex h-flex-basis h-column__inner h-px-lg-2 h-px-md-2 h-px-2 v-inner-lg-2 v-inner-md-2 v-inner-2 style-26520 style-local-37887-c30 position-relative\">\r\n              <!---->\r\n              <!---->\r\n              <div class=\"w-100 h-y-container h-column__content h-column__v-align flex-basis-100 align-self-lg-start align-self-md-start align-self-start\">\r\n                <!---->\r\n                <div data-colibri-id=\"37887-c31\" class=\"h-global-transition-all h-heading style-26517 style-local-37887-c31 position-relative h-element\">\r\n                  <!---->\r\n                  <div class=\"h-heading__outer style-26517 style-local-37887-c31\">\r\n                    <!---->\r\n                    <!---->\r\n                    <h6 class=\"\">Kontakt<\/h6>\r\n                  <\/div>\r\n                <\/div>\r\n                <div data-colibri-id=\"37887-c32\" class=\"h-row-container gutters-row-lg-0 gutters-row-md-0 gutters-row-0 gutters-row-v-lg-0 gutters-row-v-md-0 gutters-row-v-0 style-26521 style-local-37887-c32 position-relative\">\r\n                  <!---->\r\n                  <div class=\"h-row justify-content-lg-center justify-content-md-center justify-content-center align-items-lg-stretch align-items-md-stretch align-items-stretch gutters-col-lg-0 gutters-col-md-0 gutters-col-0 gutters-col-v-lg-0 gutters-col-v-md-0 gutters-col-v-0\">\r\n                    <!---->\r\n                    <div class=\"h-column h-column-container d-flex h-col-lg-auto h-col-md-auto h-col-auto style-26522-outer style-local-37887-c33-outer\">\r\n                      <div data-colibri-id=\"37887-c33\" class=\"d-flex h-flex-basis h-column__inner h-px-lg-2 h-px-md-2 h-px-2 v-inner-lg-2 v-inner-md-2 v-inner-2 style-26522 style-local-37887-c33 position-relative\">\r\n                        <!---->\r\n                        <!---->\r\n                        <div class=\"w-100 h-y-container h-column__content h-column__v-align flex-basis-100 align-self-lg-start align-self-md-start align-self-start\">\r\n                          <!---->\r\n                          <div data-colibri-id=\"37887-c34\" class=\"d-block style-26523 style-local-37887-c34 position-relative h-element\">\r\n                            <!---->\r\n                            <div class=\"h-image__frame-container-outer\">\r\n                              <div class=\"h-image__frame-container\">\r\n                                <!---->\r\n                                <!---->\r\n                                <img decoding=\"async\" data-src=\"https:\/\/www.l3s.de\/wp-content\/uploads\/2023\/04\/Bild_2023-04-06_115743009-150x150.png\" class=\"style-26523-image style-local-37887-c34-image lazyload\" src=\"data:image\/svg+xml;base64,PHN2ZyB3aWR0aD0iMSIgaGVpZ2h0PSIxIiB4bWxucz0iaHR0cDovL3d3dy53My5vcmcvMjAwMC9zdmciPjwvc3ZnPg==\" style=\"--smush-placeholder-width: 150px; --smush-placeholder-aspect-ratio: 150\/150;\">\r\n                                <div class=\"h-image__frame h-hide-lg h-hide-md h-hide-sm style-26523-frameImage style-local-37887-c34-frameImage\"><\/div>\r\n                              <\/div>\r\n                            <\/div>\r\n                          <\/div>\r\n                          <div data-colibri-id=\"37887-c35\" class=\"h-row-container gutters-row-lg-0 gutters-row-md-0 gutters-row-0 gutters-row-v-lg-0 gutters-row-v-md-0 gutters-row-v-0 style-26524 style-local-37887-c35 position-relative\">\r\n                            <!---->\r\n                            <div class=\"h-row justify-content-lg-center justify-content-md-center justify-content-center align-items-lg-stretch align-items-md-stretch align-items-stretch gutters-col-lg-0 gutters-col-md-0 gutters-col-0 gutters-col-v-lg-0 gutters-col-v-md-0 gutters-col-v-0\">\r\n                              <!---->\r\n                              <div class=\"h-column h-column-container d-flex h-col-lg h-col-md h-col-auto style-26525-outer style-local-37887-c36-outer\">\r\n                                <div data-colibri-id=\"37887-c36\" class=\"d-flex h-flex-basis h-column__inner h-px-lg-0 h-px-md-0 h-px-0 v-inner-lg-0 v-inner-md-0 v-inner-0 style-26525 style-local-37887-c36 position-relative\">\r\n                                  <!---->\r\n                                  <!---->\r\n                                  <div class=\"w-100 h-y-container h-column__content h-column__v-align flex-basis-100 align-self-lg-start align-self-md-start align-self-start\">\r\n                                    <!---->\r\n                                    <div data-colibri-id=\"37887-c37\" class=\"h-global-transition-all h-heading style-26526 style-local-37887-c37 position-relative h-element\">\r\n                                      <!---->\r\n                                      <div class=\"h-heading__outer style-26526 style-local-37887-c37\">\r\n                                        <!---->\r\n                                        <!---->\r\n                                        <h4 class=\"\">Dr. Thi Huyen Nguyen <\/h4>\r\n                                      <\/div>\r\n                                    <\/div>\r\n                                    <div data-colibri-id=\"37887-c38\" class=\"h-x-container style-26527 style-local-37887-c38 position-relative h-element\">\r\n                                      <!---->\r\n                                      <div class=\"h-x-container-inner style-dynamic-37887-c38-group style-26527-spacing style-local-37887-c38-spacing\"><span class=\"h-link__outer style-26528-outer style-local-37887-c39-outer d-inline-flex h-element\"><a h-use-smooth-scroll=\"true\" href=\"mailto:nguyen@L3S.de\"  data-colibri-id=\"37887-c39\" class=\"d-flex w-100 align-items-center h-link style-26528 style-local-37887-c39 position-relative\"><!----><!----> <span>nguyen@L3S.de <\/span><\/a>\r\n                                        <\/span>\r\n                                      <\/div>\r\n                                    <\/div>\r\n                                  <\/div>\r\n                                <\/div>\r\n                              <\/div>\r\n                            <\/div>\r\n                          <\/div>\r\n                          <div data-colibri-id=\"37887-c40\" class=\"h-text h-text-component style-26529 style-local-37887-c40 position-relative h-element\">\r\n                            <!---->\r\n                            <!---->\r\n                            <div class=\"\">\r\n                              <p>Thi Huyen Nguyen ist wissenschaftliche Mitarbeiterin am L3S. Sie forscht zum Einsatz von k\u00fcnstlicher Intelligenz f\u00fcr das Gemeinwohl. <\/p>\r\n                            <\/div>\r\n                          <\/div>\r\n                        <\/div>\r\n                      <\/div>\r\n                    <\/div>\r\n                  <\/div>\r\n                <\/div>\r\n              <\/div>\r\n            <\/div>\r\n          <\/div>\r\n        <\/div>\r\n      <\/div>\r\n    <\/div>\r\n  <\/div>\r\n<\/div>","protected":false},"excerpt":{"rendered":"<p>The image is created by Flux for the prompt &#8220;several screens with social media pages flow into a funnel consisting of zeros and ones&#8221;. Issue: 02\/2024 Excellence in AI research Social Media Digital Epidemic Control During the COVID-19 pandemic and previous epidemics, such as the 2013 Ebola outbreak, social media provided valuable real-time data: Millions [&hellip;]<\/p>","protected":false},"author":11,"featured_media":37888,"parent":2750,"menu_order":0,"comment_status":"closed","ping_status":"closed","template":"page-templates\/full-width-page.php","meta":{"_acf_changed":false,"footnotes":""},"categories":[],"tags":[28,191],"class_list":["post-37887","page","type-page","status-publish","has-post-thumbnail","hentry","tag-binaire","tag-binaire-2024-02"],"acf":[],"aioseo_notices":[],"publishpress_future_action":{"enabled":false,"date":"2026-05-26 03:33:21","action":"category","newStatus":"draft","terms":[75],"taxonomy":"category","extraData":[]},"publishpress_future_workflow_manual_trigger":{"enabledWorkflows":[]},"_links":{"self":[{"href":"https:\/\/www.l3s.de\/de\/wp-json\/wp\/v2\/pages\/37887","targetHints":{"allow":["GET"]}}],"collection":[{"href":"https:\/\/www.l3s.de\/de\/wp-json\/wp\/v2\/pages"}],"about":[{"href":"https:\/\/www.l3s.de\/de\/wp-json\/wp\/v2\/types\/page"}],"author":[{"embeddable":true,"href":"https:\/\/www.l3s.de\/de\/wp-json\/wp\/v2\/users\/11"}],"replies":[{"embeddable":true,"href":"https:\/\/www.l3s.de\/de\/wp-json\/wp\/v2\/comments?post=37887"}],"version-history":[{"count":3,"href":"https:\/\/www.l3s.de\/de\/wp-json\/wp\/v2\/pages\/37887\/revisions"}],"predecessor-version":[{"id":37899,"href":"https:\/\/www.l3s.de\/de\/wp-json\/wp\/v2\/pages\/37887\/revisions\/37899"}],"up":[{"embeddable":true,"href":"https:\/\/www.l3s.de\/de\/wp-json\/wp\/v2\/pages\/2750"}],"wp:featuredmedia":[{"embeddable":true,"href":"https:\/\/www.l3s.de\/de\/wp-json\/wp\/v2\/media\/37888"}],"wp:attachment":[{"href":"https:\/\/www.l3s.de\/de\/wp-json\/wp\/v2\/media?parent=37887"}],"wp:term":[{"taxonomy":"category","embeddable":true,"href":"https:\/\/www.l3s.de\/de\/wp-json\/wp\/v2\/categories?post=37887"},{"taxonomy":"post_tag","embeddable":true,"href":"https:\/\/www.l3s.de\/de\/wp-json\/wp\/v2\/tags?post=37887"}],"curies":[{"name":"wp","href":"https:\/\/api.w.org\/{rel}","templated":true}]}}