{"id":32256,"date":"2024-04-25T10:02:46","date_gmt":"2024-04-25T08:02:46","guid":{"rendered":"https:\/\/www.l3s.de\/?page_id=32256"},"modified":"2024-11-13T10:42:05","modified_gmt":"2024-11-13T09:42:05","slug":"christoph-hirche","status":"publish","type":"page","link":"https:\/\/www.l3s.de\/de\/people\/research-group-leaders\/christoph-hirche\/","title":{"rendered":"Christoph Hirche"},"content":{"rendered":"<div data-colibri-id=\"32256-c1\" class=\"style-24522 style-local-32256-c1 position-relative\">\n  <!---->\n  <div data-colibri-component=\"section\" data-colibri-id=\"32256-c2\" id=\"reusable-sections\" class=\"h-section h-section-global-spacing d-flex align-items-lg-center align-items-md-center align-items-center style-24523 style-local-32256-c2 position-relative\">\n    <!---->\n    <!---->\n    <div class=\"h-section-grid-container h-section-boxed-container\">\n      <!---->\n      <div data-colibri-id=\"32256-c3\" class=\"h-row-container gutters-row-lg-0 gutters-row-md-0 gutters-row-0 gutters-row-v-lg-0 gutters-row-v-md-0 gutters-row-v-0 style-24524 style-local-32256-c3 position-relative\">\n        <!---->\n        <div class=\"h-row justify-content-lg-center justify-content-md-center justify-content-center align-items-lg-stretch align-items-md-stretch align-items-stretch gutters-col-lg-0 gutters-col-md-0 gutters-col-0 gutters-col-v-lg-0 gutters-col-v-md-0 gutters-col-v-0\">\n          <!---->\n          <div class=\"h-column h-column-container d-flex h-col-lg-auto h-col-md-auto h-col-auto style-24525-outer style-local-32256-c4-outer\">\n            <div data-colibri-id=\"32256-c4\" class=\"d-flex h-flex-basis h-column__inner h-px-lg-2 h-px-md-2 h-px-2 v-inner-lg-2 v-inner-md-2 v-inner-2 style-24525 style-local-32256-c4 position-relative\">\n              <!---->\n              <!---->\n              <div class=\"w-100 h-y-container h-column__content h-column__v-align flex-basis-100 align-self-lg-start align-self-md-start align-self-start\">\n                <!---->\n                <div data-colibri-id=\"32256-c5\" class=\"h-global-transition-all h-heading style-24526 style-local-32256-c5 h-hide-lg h-hide-md position-relative h-element\">\n                  <!---->\n                  <div class=\"h-heading__outer style-24526 style-local-32256-c5\">\n                    <!---->\n                    <!---->\n                    <h2 class=\"\">Jun.-Prof. Christoph Hirche<\/h2>\n                  <\/div>\n                <\/div>\n                <div data-colibri-id=\"32256-c6\" class=\"h-text h-text-component style-24527 style-local-32256-c6 h-hide-lg h-hide-md position-relative h-element\">\n                  <!---->\n                  <!---->\n                  <div class=\"\">\n                    <p><strong style=\"color: rgb(17, 47, 74); font-family: &quot;Noto Sans&quot;; font-size: 16px; font-weight: 700;\">Forschungsgruppenleiter<\/strong><\/p>\n                  <\/div>\n                <\/div>\n                <div data-colibri-id=\"32256-c7\" class=\"d-block style-24528 style-local-32256-c7 position-relative h-element\">\n                  <!---->\n                  <div class=\"h-image__frame-container-outer\">\n                    <div class=\"h-image__frame-container\">\n                      <!---->\n                      <!---->\n                      <img decoding=\"async\" width=\"600\" height=\"600\" data-src=\"https:\/\/www.l3s.de\/wp-content\/uploads\/2024\/11\/Hirche-Christoph.jpg\" class=\"wp-image-36780 style-24528-image style-local-32256-c7-image lazyload\" alt=\"\" data-srcset=\"https:\/\/www.l3s.de\/wp-content\/uploads\/2024\/11\/Hirche-Christoph.jpg 600w, https:\/\/www.l3s.de\/wp-content\/uploads\/2024\/11\/Hirche-Christoph-300x300.jpg 300w, https:\/\/www.l3s.de\/wp-content\/uploads\/2024\/11\/Hirche-Christoph-150x150.jpg 150w, https:\/\/www.l3s.de\/wp-content\/uploads\/2024\/11\/Hirche-Christoph-12x12.jpg 12w\" data-sizes=\"(max-width: 600px) 100vw, 600px\" src=\"data:image\/svg+xml;base64,PHN2ZyB3aWR0aD0iMSIgaGVpZ2h0PSIxIiB4bWxucz0iaHR0cDovL3d3dy53My5vcmcvMjAwMC9zdmciPjwvc3ZnPg==\" style=\"--smush-placeholder-width: 600px; --smush-placeholder-aspect-ratio: 600\/600;\" \/>\n                      <div class=\"h-image__frame h-hide-lg h-hide-md h-hide-sm style-24528-frameImage style-local-32256-c7-frameImage\"><\/div>\n                    <\/div>\n                  <\/div>\n                <\/div>\n                <div data-colibri-id=\"32256-c8\" class=\"h-row-container gutters-row-lg-0 gutters-row-md-0 gutters-row-0 gutters-row-v-lg-0 gutters-row-v-md-0 gutters-row-v-0 style-24529 style-local-32256-c8 position-relative\">\n                  <!---->\n                  <div class=\"h-row justify-content-lg-center justify-content-md-center justify-content-center align-items-lg-stretch align-items-md-stretch align-items-stretch gutters-col-lg-0 gutters-col-md-0 gutters-col-0 gutters-col-v-lg-0 gutters-col-v-md-0 gutters-col-v-0\">\n                    <!---->\n                    <div class=\"h-column h-column-container d-flex h-col-lg-auto h-col-md-auto h-col-auto style-24530-outer style-local-32256-c9-outer\">\n                      <div data-colibri-id=\"32256-c9\" class=\"d-flex h-flex-basis h-column__inner h-px-lg-0 h-px-md-0 h-px-0 v-inner-lg-0 v-inner-md-0 v-inner-0 style-24530 style-local-32256-c9 position-relative\">\n                        <!---->\n                        <!---->\n                        <div class=\"w-100 h-y-container h-column__content h-column__v-align flex-basis-auto align-self-lg-center align-self-md-center align-self-center\">\n                          <!---->\n                          <div data-colibri-id=\"32256-c10\" class=\"h-x-container style-24531 style-local-32256-c10 position-relative h-element\">\n                            <!---->\n                            <div class=\"h-x-container-inner style-dynamic-32256-c10-group style-24531-spacing style-local-32256-c10-spacing\"><span class=\"h-link__outer style-24532-outer style-local-32256-c11-outer d-inline-flex h-element\"><a h-use-smooth-scroll=\"true\" href=\"mailto:hirche@tnt.uni-hannover.de\"  data-colibri-id=\"32256-c11\" class=\"d-flex w-100 align-items-center h-link style-24532 style-local-32256-c11 position-relative\"><!----><span  class=\"h-svg-icon h-link__icon style-24532-icon style-local-32256-c11-icon\"><!--Icon by Simple Line Icons (https:\/\/github.com\/thesabbir\/simple-line-icons)--><svg version=\"1.1\" xmlns=\"http:\/\/www.w3.org\/2000\/svg\" xmlns:xlink=\"http:\/\/www.w3.org\/1999\/xlink\" id=\"envelope\" viewbox=\"0 0 512 514.032\"><path d=\"M511.728 117.016c.496-3.072.088-6.24-1.24-9.136-4.032-17.72-16.84-26.864-38.488-26.864H56c-19.04 0-39.552 7-49.64 20.736-.872.664-1.704 1.416-2.456 2.288-3.224 3.72-4.352 8.504-3.632 13.016-.144 1.296-.272 2.6-.272 3.96v256c0 26.512 29.496 56 56 56h416c26.512 0 40-29.488 40-56v-256c0-1.416-.184-2.656-.272-4zm-455.728-4h416.216L256 285.344 40.656 113.72c4.896-.904 10.92-.704 15.344-.704zm416 288H56c-8.824 0-24-15.168-24-24V147.792l213.52 170.824c3.008 2.6 6.744 3.896 10.48 3.896s7.472-1.296 10.488-3.896L480 147.8v229.216c0 8.832.832 24-8 24z\"><\/path><\/svg><\/span>                              <span>hirche@tnt.uni-hannover.de<\/span><\/a>\n                              <\/span>\n                            <\/div>\n                          <\/div>\n                          <div data-colibri-id=\"32256-c12\" class=\"h-x-container style-24533 style-local-32256-c12 position-relative h-element\">\n                            <!---->\n                            <div class=\"h-x-container-inner style-dynamic-32256-c12-group style-24533-spacing style-local-32256-c12-spacing\"><span class=\"h-link__outer style-24534-outer style-local-32256-c13-outer d-inline-flex h-element\"><a h-use-smooth-scroll=\"true\" href=\"tel:+49 511 762-5323\"  data-colibri-id=\"32256-c13\" class=\"d-flex w-100 align-items-center h-link style-24534 style-local-32256-c13 position-relative\"><!----><span  class=\"h-svg-icon h-link__icon style-24534-icon style-local-32256-c13-icon\"><!--Icon by Icons8 Line Awesome (https:\/\/icons8.com\/line-awesome)--><svg version=\"1.1\" xmlns=\"http:\/\/www.w3.org\/2000\/svg\" xmlns:xlink=\"http:\/\/www.w3.org\/1999\/xlink\" id=\"phone\" viewbox=\"0 0 512 545.5\"><path d=\"M138.5 80c8.375 0 16.656 3.024 23.5 8.5l1 .5.5.5 64 66 1.5 1.5-.5.5c14.174 13.212 13.968 35.53.5 49l-32 32c4.92 11.277 18.33 40.02 44.5 65 26.358 25.16 53.932 39.467 65.5 45l31.5-31.5.5-.5c13.28-13.28 36.72-13.28 50 0l.5 1 65 65c13.28 13.28 13.28 36.22 0 49.5L405 481.5l-.5.5-.5.5c-15.01 12.867-36.04 17.486-55.5 11h-.5c-37.55-14.693-113.51-48.01-181.5-116C98.773 309.773 64.052 234.84 50.5 196c-.035-.1.034-.4 0-.5-6.703-18.434-1.915-39.738 13.5-54l-.5-.5 50-51.5.5-.5 1-.5c6.844-5.476 15.125-8.5 23.5-8.5zm0 32c-1.172 0-2.344.575-3.5 1.5L86.5 163l-.5.5-.5.5c-5.674 4.863-7.44 14.493-5 21 12.12 34.847 45.2 106.7 108.5 170 62.784 62.784 133.224 93.76 169.5 108 9.34 3.113 17.11 1.833 24.5-4.5l49-49c2.72-2.72 2.72-1.78 0-4.5l-65.5-65.5c-2.72-2.72-2.28-2.72-5 0l-40 40-7.5 7.5-10-4.5s-43.83-18.552-81-52.5l-3.5-3c-38.595-36.84-57-86-57-86l-3.5-10 7.5-7 40-40c1.966-1.966.874-3.6 1-3.5l-.5-.5-1-1-64-65.5c-1.156-.925-2.328-1.5-3.5-1.5z\"><\/path><\/svg><\/span>                              <span>+49 511 762-5323<\/span><\/a>\n                              <\/span>\n                            <\/div>\n                          <\/div>\n                          <div data-colibri-id=\"32256-c14\" class=\"h-x-container style-24535 style-local-32256-c14 position-relative h-element\">\n                            <!---->\n                            <div class=\"h-x-container-inner style-dynamic-32256-c14-group style-24535-spacing style-local-32256-c14-spacing\"><span class=\"h-link__outer style-24534-outer style-local-32256-c15-outer d-inline-flex h-element\"><a h-use-smooth-scroll=\"true\" href=\"https:\/\/maps.app.goo.gl\/Fa48QXakoFJfNHqh6\" target=\"_blank\" data-colibri-id=\"32256-c15\" class=\"d-flex w-100 align-items-center h-link style-24534 style-local-32256-c15 position-relative\" rel=\"noopener\"><!----><span  class=\"h-svg-icon h-link__icon style-24534-icon style-local-32256-c15-icon\"><!--Icon by Icons8 Line Awesome (https:\/\/icons8.com\/line-awesome)--><svg version=\"1.1\" xmlns=\"http:\/\/www.w3.org\/2000\/svg\" xmlns:xlink=\"http:\/\/www.w3.org\/1999\/xlink\" id=\"map-marker\" viewbox=\"0 0 512 545.5\"><path d=\"M256 80c79.336 0 144 64.664 144 144 0 22.5-9.116 48.313-21.5 76.5s-28.314 58.098-44.5 86C301.628 442.306 269 489 269 489l-13 19-13-19s-32.628-46.694-65-102.5c-16.186-27.902-32.116-57.813-44.5-86S112 246.5 112 224c0-79.336 64.664-144 144-144zm0 32c-62.04 0-112 49.96-112 112 0 12.844 6.884 37.06 18.5 63.5s27.686 55.738 43.5 83c25.155 43.364 40.74 66.3 50 80 9.26-13.7 24.845-36.636 50-80 15.815-27.262 31.884-56.56 43.5-83S368 236.844 368 224c0-62.04-49.96-112-112-112zm0 80c17.673 0 32 14.327 32 32s-14.327 32-32 32-32-14.327-32-32 14.327-32 32-32z\"><\/path><\/svg><\/span>                              <span>Adresse<\/span><\/a>\n                              <\/span>\n                            <\/div>\n                          <\/div>\n                        <\/div>\n                      <\/div>\n                    <\/div>\n                  <\/div>\n                <\/div>\n              <\/div>\n            <\/div>\n          <\/div>\n          <div class=\"h-column h-column-container d-flex h-col-lg-auto h-col-md-auto h-col-auto style-24542-outer style-local-32256-c16-outer\">\n            <div data-colibri-id=\"32256-c16\" class=\"d-flex h-flex-basis h-column__inner h-px-lg-0 h-px-md-0 h-px-0 v-inner-lg-0 v-inner-md-0 v-inner-0 style-24542 style-local-32256-c16 position-relative\">\n              <!---->\n              <!---->\n              <div class=\"w-100 h-y-container h-column__content h-column__v-align flex-basis-100 align-self-lg-start align-self-md-start align-self-start\">\n                <!---->\n                <div data-colibri-id=\"32256-c17\" class=\"h-row-container gutters-row-lg-1 gutters-row-md-1 gutters-row-0 gutters-row-v-lg-1 gutters-row-v-md-1 gutters-row-v-1 style-24543 style-local-32256-c17 position-relative\">\n                  <!---->\n                  <div class=\"h-row justify-content-lg-center justify-content-md-center justify-content-center align-items-lg-stretch align-items-md-stretch align-items-stretch gutters-col-lg-1 gutters-col-md-1 gutters-col-0 gutters-col-v-lg-1 gutters-col-v-md-1 gutters-col-v-1\">\n                    <!---->\n                    <div class=\"h-column h-column-container d-flex h-col-lg-12 h-col-md-12 h-col-12 style-24544-outer style-local-32256-c18-outer\">\n                      <div data-colibri-id=\"32256-c18\" class=\"d-flex h-flex-basis h-column__inner h-px-lg-1 h-px-md-1 h-px-1 v-inner-lg-1 v-inner-md-1 v-inner-1 style-24544 style-local-32256-c18 position-relative\">\n                        <!---->\n                        <!---->\n                        <div class=\"w-100 h-y-container h-column__content h-column__v-align flex-basis-100 align-self-lg-start align-self-md-start align-self-start\">\n                          <!---->\n                          <div data-colibri-id=\"32256-c19\" class=\"h-global-transition-all h-heading style-24545 style-local-32256-c19 h-hide-sm position-relative h-element\">\n                            <!---->\n                            <div class=\"h-heading__outer style-24545 style-local-32256-c19\">\n                              <!---->\n                              <!---->\n                              <h2 class=\"\">Jun.-Prof. Christoph Hirche<\/h2>\n                            <\/div>\n                          <\/div>\n                          <div data-colibri-id=\"32256-c20\" class=\"h-text h-text-component style-24546 style-local-32256-c20 h-hide-sm position-relative h-element\">\n                            <!---->\n                            <!---->\n                            <div class=\"\">\n                              <p><strong style=\"color: rgb(17, 47, 74); font-family: &quot;Noto Sans&quot;; font-size: 16px; font-weight: 700;\">Forschungsgruppenleiter<\/strong><\/p>\n                            <\/div>\n                          <\/div>\n                          <div data-colibri-id=\"32256-c21\" class=\"style-24547 style-local-32256-c21 position-relative h-element\">\n                            <!---->\n                          <\/div>\n                          <div data-colibri-id=\"32256-c22\" class=\"style-24548 style-local-32256-c22 h-hide-lg h-hide-md position-relative h-element\">\n                            <!---->\n                          <\/div>\n                          <div data-colibri-id=\"32256-c23\" class=\"h-text h-text-component style-24549 style-local-32256-c23 position-relative h-element\">\n                            <!---->\n                            <!---->\n                            <div class=\"\">\n                              <p><strong style=\"font-weight: 400; font-size: 16px; font-family: &quot;Noto Sans&quot;; color: rgb(17, 47, 74);\">Forschungsgruppe: Quanten&amp; Algorithmen<\/strong><\/p>\n                            <\/div>\n                          <\/div>\n                          <div data-colibri-id=\"32256-c24\" class=\"style-24550 style-local-32256-c24 position-relative h-element\">\n                            <!---->\n                          <\/div>\n                          <div data-colibri-id=\"32256-c25\" class=\"h-global-transition-all h-heading style-24551 style-local-32256-c25 position-relative h-element\">\n                            <!---->\n                            <div class=\"h-heading__outer style-24551 style-local-32256-c25\">\n                              <!---->\n                              <!---->\n                              <h6 class=\"\">Forschungsschwerpunkte<\/h6>\n                            <\/div>\n                          <\/div>\n                          <div data-colibri-id=\"32256-c26\" class=\"h-text h-text-component style-24552 style-local-32256-c26 position-relative h-element\">\n                            <!---->\n                            <!---->\n                            <div class=\"\">\n                              <ul>\n                                <li>Quanteninformationstheorie<\/li>\n                                <li>Quantencomputing<\/li>\n                                <li>Lerntheorie<\/li>\n                              <\/ul>\n                            <\/div>\n                          <\/div>\n                          <div data-colibri-id=\"32256-c27\" class=\"style-24550 style-local-32256-c27 position-relative h-element\">\n                            <!---->\n                          <\/div>\n                          <div data-colibri-id=\"32256-c28\" class=\"h-global-transition-all h-heading style-24551 style-local-32256-c28 position-relative h-element\">\n                            <!---->\n                            <div class=\"h-heading__outer style-24551 style-local-32256-c28\">\n                              <!---->\n                              <!---->\n                              <h6 class=\"\">Publikationen<\/h6>\n                            <\/div>\n                          <\/div>\n                          <div data-colibri-id=\"32256-c29\" class=\"h-text h-text-component style-24553 style-local-32256-c29 position-relative h-element\">\n                            <!---->\n                            <!---->\n                            <div class=\"\">\n                              <p>\n                                <a href=\"https:\/\/scholar.google.de\/citations?user=wHih5p4AAAAJ&amp;hl=de\" target=\"_blank\" class=\"customize-unpreviewable\" rel=\"noopener\">Google Scholar<\/a>\n                              <\/p>\n                            <\/div>\n                          <\/div>\n                          <div data-colibri-id=\"32256-c30\" class=\"style-24550 style-local-32256-c30 position-relative h-element\">\n                            <!---->\n                          <\/div>\n                          <div data-toggle=\"true\" data-is-preview=\"true\" data-colibri-component=\"accordion\" data-colibri-id=\"32256-c31\" class=\"h-accordion style-24554 style-local-32256-c31 position-relative h-element\">\n                            <!---->\n                            <div data-colibri-id=\"32256-c32\" class=\"h-accordion-item h-accordion-item-first-child style-24555 style-local-32256-c32 position-relative h-element\">\n                              <!---->\n                              <a data-open-by-default=\"false\" href=\"#32256-c32\" class=\"h-accordion-item-title d-flex align-items-center h-global-transition\">\n                                <!----><span>Curriculum Vitae<\/span>\n                                <div class=\"h-accordion-item-title-normal-icon h-accordion-item-title-icon h-accordion-item-title-icon-right\"><span class=\"h-svg-icon\"><!--Icon by Icons8 Line Awesome (https:\/\/icons8.com\/line-awesome)--><svg version=\"1.1\" xmlns=\"http:\/\/www.w3.org\/2000\/svg\" xmlns:xlink=\"http:\/\/www.w3.org\/1999\/xlink\" id=\"plus\" viewbox=\"0 0 512 545.5\"><path d=\"M240 112h32v160h160v32H272v160h-32V304H80v-32h160V112z\"><\/path><\/svg><\/span><\/div>\n                                <div class=\"h-accordion-item-title-active-icon h-accordion-item-title-icon h-accordion-item-title-icon-right\"><span class=\"h-svg-icon\"><!--Icon by Icons8 Line Awesome (https:\/\/icons8.com\/line-awesome)--><svg version=\"1.1\" xmlns=\"http:\/\/www.w3.org\/2000\/svg\" xmlns:xlink=\"http:\/\/www.w3.org\/1999\/xlink\" id=\"minus\" viewbox=\"0 0 512 545.5\"><path d=\"M80 272h352v32H80v-32z\"><\/path><\/svg><\/span><\/div>\n                              <\/a>\n                              <div id=\"32256-c32\" class=\"h-accordion-item-content__container\">\n                                <div class=\"w-100 h-y-container h-accordion-item-content\">\n                                  <!---->\n                                  <div data-colibri-id=\"32256-c33\" class=\"h-text h-text-component style-24556 style-local-32256-c33 position-relative h-element\">\n                                    <!---->\n                                    <!---->\n                                    <div class=\"\">\n                                      <p><span style=\"font-weight: 600;\"><\/span>Prof. Hirche ist derzeit Juniorprofessor am Institut f\u00fcr Informationsverarbeitung an der Universit\u00e4t Hannover. Zuvor hatte er Forschungspositionen an der Technischen Universit\u00e4t M\u00fcnchen, der National University of Singapore und der Universit\u00e4t Kopenhagen inne. Seinen Doktortitel erlangte er an der Autonomen Universit\u00e4t in Barcelona, nach einem Master- und Bachelorabschluss in Physik an der Universit\u00e4t Hannover.\n                                        <br>\n                                      <\/p>\n                                    <\/div>\n                                  <\/div>\n                                <\/div>\n                              <\/div>\n                            <\/div>\n                          <\/div>\n                        <\/div>\n                      <\/div>\n                    <\/div>\n                  <\/div>\n                <\/div>\n                <div data-colibri-id=\"32256-c34\" class=\"style-24557 style-local-32256-c34 position-relative h-element\">\n                  <!---->\n                <\/div>\n              <\/div>\n            <\/div>\n          <\/div>\n        <\/div>\n      <\/div>\n    <\/div>\n  <\/div>\n<\/div>","protected":false},"excerpt":{"rendered":"<p>Jun.-Prof. Christoph Hirche Research Group Leader hirche@tnt.uni-hannover.de +49 511 762-5323 Address Jun.-Prof. Christoph Hirche Research Group Leader Research Group: Quantum Learning &amp; Algorithms Research Focus Quantum information theory Quantum computing Learning theory Publications Google Scholar Curriculum Vitae \ufeffProf. Hirche is currently a Junior Professor at the Institute for Information Processing at the University of Hannover. [&hellip;]<\/p>","protected":false},"author":11,"featured_media":0,"parent":1691,"menu_order":0,"comment_status":"closed","ping_status":"closed","template":"page-templates\/full-width-page.php","meta":{"_acf_changed":false,"footnotes":""},"categories":[],"tags":[],"class_list":["post-32256","page","type-page","status-publish","hentry"],"acf":[],"aioseo_notices":[],"publishpress_future_action":{"enabled":false,"date":"2026-05-20 01:25:49","action":"category","newStatus":"draft","terms":[75],"taxonomy":"category","extraData":[]},"publishpress_future_workflow_manual_trigger":{"enabledWorkflows":[]},"_links":{"self":[{"href":"https:\/\/www.l3s.de\/de\/wp-json\/wp\/v2\/pages\/32256","targetHints":{"allow":["GET"]}}],"collection":[{"href":"https:\/\/www.l3s.de\/de\/wp-json\/wp\/v2\/pages"}],"about":[{"href":"https:\/\/www.l3s.de\/de\/wp-json\/wp\/v2\/types\/page"}],"author":[{"embeddable":true,"href":"https:\/\/www.l3s.de\/de\/wp-json\/wp\/v2\/users\/11"}],"replies":[{"embeddable":true,"href":"https:\/\/www.l3s.de\/de\/wp-json\/wp\/v2\/comments?post=32256"}],"version-history":[{"count":16,"href":"https:\/\/www.l3s.de\/de\/wp-json\/wp\/v2\/pages\/32256\/revisions"}],"predecessor-version":[{"id":36790,"href":"https:\/\/www.l3s.de\/de\/wp-json\/wp\/v2\/pages\/32256\/revisions\/36790"}],"up":[{"embeddable":true,"href":"https:\/\/www.l3s.de\/de\/wp-json\/wp\/v2\/pages\/1691"}],"wp:attachment":[{"href":"https:\/\/www.l3s.de\/de\/wp-json\/wp\/v2\/media?parent=32256"}],"wp:term":[{"taxonomy":"category","embeddable":true,"href":"https:\/\/www.l3s.de\/de\/wp-json\/wp\/v2\/categories?post=32256"},{"taxonomy":"post_tag","embeddable":true,"href":"https:\/\/www.l3s.de\/de\/wp-json\/wp\/v2\/tags?post=32256"}],"curies":[{"name":"wp","href":"https:\/\/api.w.org\/{rel}","templated":true}]}}