{"id":32010,"date":"2024-04-24T10:29:53","date_gmt":"2024-04-24T08:29:53","guid":{"rendered":"https:\/\/www.l3s.de\/?page_id=32010"},"modified":"2026-01-02T10:51:59","modified_gmt":"2026-01-02T09:51:59","slug":"arena","status":"publish","type":"page","link":"https:\/\/www.l3s.de\/de\/research-at-l3s\/all-projects\/project-archive\/arena\/","title":{"rendered":"ARENA"},"content":{"rendered":"<div class=\"style-23986 style-local-32010-c1 position-relative\" data-colibri-id=\"32010-c1\">\n<div id=\"reusable-sections\" class=\"h-section h-section-global-spacing d-flex align-items-lg-center align-items-md-center align-items-center style-23987 style-local-32010-c2 position-relative\" data-colibri-component=\"section\" data-colibri-id=\"32010-c2\">\n<div class=\"h-section-grid-container h-section-boxed-container\">\n<div class=\"h-row-container gutters-row-lg-0 gutters-row-md-0 gutters-row-0 gutters-row-v-lg-0 gutters-row-v-md-0 gutters-row-v-0 style-23988 style-local-32010-c3 position-relative\" data-colibri-id=\"32010-c3\">\n<div class=\"h-row justify-content-lg-center justify-content-md-center justify-content-center align-items-lg-stretch align-items-md-stretch align-items-stretch gutters-col-lg-0 gutters-col-md-0 gutters-col-0 gutters-col-v-lg-0 gutters-col-v-md-0 gutters-col-v-0\">\n<div class=\"h-column h-column-container d-flex h-col-lg-auto h-col-md-auto h-col-auto style-23989-outer style-local-32010-c4-outer\">\n<div class=\"d-flex h-flex-basis h-column__inner h-px-lg-2 h-px-md-2 h-px-2 v-inner-lg-2 v-inner-md-2 v-inner-2 style-23989 style-local-32010-c4 position-relative\" data-colibri-id=\"32010-c4\">\n<div class=\"w-100 h-y-container h-column__content h-column__v-align flex-basis-100 align-self-lg-start align-self-md-start align-self-start\">\n<div class=\"d-block style-23990 style-local-32010-c5 position-relative h-element\" data-colibri-id=\"32010-c5\">\n<div class=\"h-image__frame-container-outer\">\n<div class=\"h-image__frame-container\">\n\n<img decoding=\"async\" width=\"400\" height=\"400\" class=\"wp-image-32011 style-23990-image style-local-32010-c5-image lazyload\" data-src=\"https:\/\/www.l3s.de\/wp-content\/uploads\/2024\/04\/ARENA_logo.jpeg\" alt=\"\" data-srcset=\"https:\/\/www.l3s.de\/wp-content\/uploads\/2024\/04\/ARENA_logo.jpeg 400w, https:\/\/www.l3s.de\/wp-content\/uploads\/2024\/04\/ARENA_logo-300x300.jpeg 300w, https:\/\/www.l3s.de\/wp-content\/uploads\/2024\/04\/ARENA_logo-150x150.jpeg 150w, https:\/\/www.l3s.de\/wp-content\/uploads\/2024\/04\/ARENA_logo-12x12.jpeg 12w\" data-sizes=\"(max-width: 400px) 100vw, 400px\" src=\"data:image\/svg+xml;base64,PHN2ZyB3aWR0aD0iMSIgaGVpZ2h0PSIxIiB4bWxucz0iaHR0cDovL3d3dy53My5vcmcvMjAwMC9zdmciPjwvc3ZnPg==\" style=\"--smush-placeholder-width: 400px; --smush-placeholder-aspect-ratio: 400\/400;\" \/>\n<div class=\"h-image__frame h-hide-lg h-hide-md h-hide-sm style-23990-frameImage style-local-32010-c5-frameImage\"><\/div>\n<\/div>\n<\/div>\n<\/div>\n<div class=\"style-23991 style-local-32010-c6 position-relative h-element\" data-colibri-id=\"32010-c6\"><\/div>\n<div class=\"h-row-container gutters-row-lg-0 gutters-row-md-0 gutters-row-0 gutters-row-v-lg-0 gutters-row-v-md-0 gutters-row-v-0 style-23992 style-local-32010-c7 position-relative\" data-colibri-id=\"32010-c7\">\n<div class=\"h-row justify-content-lg-center justify-content-md-center justify-content-center align-items-lg-stretch align-items-md-stretch align-items-stretch gutters-col-lg-0 gutters-col-md-0 gutters-col-0 gutters-col-v-lg-0 gutters-col-v-md-0 gutters-col-v-0\">\n<div class=\"h-column h-column-container d-flex h-col-lg-auto h-col-md-auto h-col-auto style-23993-outer style-local-32010-c8-outer\">\n<div class=\"d-flex h-flex-basis h-column__inner h-px-lg-0 h-px-md-0 h-px-0 v-inner-lg-0 v-inner-md-0 v-inner-0 style-23993 style-local-32010-c8 position-relative\" data-colibri-id=\"32010-c8\">\n<div class=\"w-100 h-y-container h-column__content h-column__v-align flex-basis-100 align-self-lg-start align-self-md-start align-self-start\">\n<div class=\"h-text h-text-component style-23994 style-local-32010-c9 position-relative h-element\" data-colibri-id=\"32010-c9\">\n<div class=\"\">\n\nStart:\n\n<\/div>\n<\/div>\n<\/div>\n<\/div>\n<\/div>\n<div class=\"h-column h-column-container d-flex h-col-lg-auto h-col-md-auto h-col-auto style-23995-outer style-local-32010-c10-outer\">\n<div class=\"d-flex h-flex-basis h-column__inner h-px-lg-0 h-px-md-0 h-px-0 v-inner-lg-0 v-inner-md-0 v-inner-0 style-23995 style-local-32010-c10 position-relative\" data-colibri-id=\"32010-c10\">\n<div class=\"w-100 h-y-container h-column__content h-column__v-align flex-basis-100 align-self-lg-start align-self-md-start align-self-start\">\n<div class=\"h-text h-text-component style-23996 style-local-32010-c11 position-relative h-element\" data-colibri-id=\"32010-c11\">\n<div class=\"\">\n\n01.01.2024\n\n<\/div>\n<\/div>\n<\/div>\n<\/div>\n<\/div>\n<\/div>\n<\/div>\n<div class=\"h-row-container gutters-row-lg-0 gutters-row-md-0 gutters-row-0 gutters-row-v-lg-0 gutters-row-v-md-0 gutters-row-v-0 style-23992 style-local-32010-c12 position-relative\" data-colibri-id=\"32010-c12\">\n<div class=\"h-row justify-content-lg-center justify-content-md-center justify-content-center align-items-lg-stretch align-items-md-stretch align-items-stretch gutters-col-lg-0 gutters-col-md-0 gutters-col-0 gutters-col-v-lg-0 gutters-col-v-md-0 gutters-col-v-0\">\n<div class=\"h-column h-column-container d-flex h-col-lg-auto h-col-md-auto h-col-auto style-23993-outer style-local-32010-c13-outer\">\n<div class=\"d-flex h-flex-basis h-column__inner h-px-lg-0 h-px-md-0 h-px-0 v-inner-lg-0 v-inner-md-0 v-inner-0 style-23993 style-local-32010-c13 position-relative\" data-colibri-id=\"32010-c13\">\n<div class=\"w-100 h-y-container h-column__content h-column__v-align flex-basis-100 align-self-lg-start align-self-md-start align-self-start\">\n<div class=\"h-text h-text-component style-23994 style-local-32010-c14 position-relative h-element\" data-colibri-id=\"32010-c14\">\n<div class=\"\">\n\nEnde:\n\n<\/div>\n<\/div>\n<\/div>\n<\/div>\n<\/div>\n<div class=\"h-column h-column-container d-flex h-col-lg-auto h-col-md-auto h-col-auto style-23995-outer style-local-32010-c15-outer\">\n<div class=\"d-flex h-flex-basis h-column__inner h-px-lg-0 h-px-md-0 h-px-0 v-inner-lg-0 v-inner-md-0 v-inner-0 style-23995 style-local-32010-c15 position-relative\" data-colibri-id=\"32010-c15\">\n<div class=\"w-100 h-y-container h-column__content h-column__v-align flex-basis-100 align-self-lg-start align-self-md-start align-self-start\">\n<div class=\"h-text h-text-component style-23996 style-local-32010-c16 position-relative h-element\" data-colibri-id=\"32010-c16\">\n<div class=\"\">\n\n31.12.2025\n\n<\/div>\n<\/div>\n<\/div>\n<\/div>\n<\/div>\n<\/div>\n<\/div>\n<div class=\"h-row-container gutters-row-lg-0 gutters-row-md-0 gutters-row-0 gutters-row-v-lg-0 gutters-row-v-md-0 gutters-row-v-0 style-23992 style-local-32010-c17 position-relative\" data-colibri-id=\"32010-c17\">\n<div class=\"h-row justify-content-lg-center justify-content-md-center justify-content-center align-items-lg-stretch align-items-md-stretch align-items-stretch gutters-col-lg-0 gutters-col-md-0 gutters-col-0 gutters-col-v-lg-0 gutters-col-v-md-0 gutters-col-v-0\">\n<div class=\"h-column h-column-container d-flex h-col-lg-auto h-col-md-auto h-col-auto style-23993-outer style-local-32010-c18-outer\">\n<div class=\"d-flex h-flex-basis h-column__inner h-px-lg-0 h-px-md-0 h-px-0 v-inner-lg-0 v-inner-md-0 v-inner-0 style-23993 style-local-32010-c18 position-relative\" data-colibri-id=\"32010-c18\">\n<div class=\"w-100 h-y-container h-column__content h-column__v-align flex-basis-100 align-self-lg-start align-self-md-start align-self-start\">\n<div class=\"h-text h-text-component style-23994 style-local-32010-c19 position-relative h-element\" data-colibri-id=\"32010-c19\">\n<div class=\"\">\n\nWebseite:\n\n<\/div>\n<\/div>\n<\/div>\n<\/div>\n<\/div>\n<div class=\"h-column h-column-container d-flex h-col-lg-auto h-col-md-auto h-col-auto style-23995-outer style-local-32010-c20-outer\">\n<div class=\"d-flex h-flex-basis h-column__inner h-px-lg-0 h-px-md-0 h-px-0 v-inner-lg-0 v-inner-md-0 v-inner-0 style-23995 style-local-32010-c20 position-relative\" data-colibri-id=\"32010-c20\">\n<div class=\"w-100 h-y-container h-column__content h-column__v-align flex-basis-100 align-self-lg-start align-self-md-start align-self-start\">\n<div class=\"h-x-container style-23997 style-local-32010-c21 position-relative h-element\" data-colibri-id=\"32010-c21\">\n<div class=\"h-x-container-inner style-dynamic-32010-c21-group style-23997-spacing style-local-32010-c21-spacing\"><span class=\"h-link__outer style-23998-outer style-local-32010-c22-outer d-inline-flex h-element\">\n<\/span><\/div>\n<\/div>\n<\/div>\n<\/div>\n<\/div>\n<\/div>\n<\/div>\n<\/div>\n<\/div>\n<\/div>\n<div class=\"h-column h-column-container d-flex h-col-lg-auto h-col-md-auto h-col-auto style-23999-outer style-local-32010-c23-outer\">\n<div class=\"d-flex h-flex-basis h-column__inner h-px-lg-0 h-px-md-0 h-px-0 v-inner-lg-0 v-inner-md-0 v-inner-0 style-23999 style-local-32010-c23 position-relative\" data-colibri-id=\"32010-c23\">\n<div class=\"w-100 h-y-container h-column__content h-column__v-align flex-basis-100 align-self-lg-start align-self-md-start align-self-start\">\n<div class=\"style-24000 style-local-32010-c24 h-hide-lg position-relative h-element\" data-colibri-id=\"32010-c24\"><\/div>\n<div class=\"h-row-container gutters-row-lg-1 gutters-row-md-1 gutters-row-0 gutters-row-v-lg-1 gutters-row-v-md-1 gutters-row-v-1 style-24001 style-local-32010-c25 position-relative\" data-colibri-id=\"32010-c25\">\n<div class=\"h-row justify-content-lg-center justify-content-md-center justify-content-center align-items-lg-stretch align-items-md-stretch align-items-stretch gutters-col-lg-1 gutters-col-md-1 gutters-col-0 gutters-col-v-lg-1 gutters-col-v-md-1 gutters-col-v-1\">\n<div class=\"h-column h-column-container d-flex h-col-lg-12 h-col-md-12 h-col-12 style-24002-outer style-local-32010-c26-outer\">\n<div class=\"d-flex h-flex-basis h-column__inner h-px-lg-1 h-px-md-1 h-px-1 v-inner-lg-1 v-inner-md-1 v-inner-1 style-24002 style-local-32010-c26 position-relative\" data-colibri-id=\"32010-c26\">\n<div class=\"w-100 h-y-container h-column__content h-column__v-align flex-basis-100 align-self-lg-start align-self-md-start align-self-start\">\n<div class=\"h-global-transition-all h-heading style-24003 style-local-32010-c27 position-relative h-element\" data-colibri-id=\"32010-c27\">\n<div class=\"h-heading__outer style-24003 style-local-32010-c27\">\n<h2 class=\"\">ARENA<\/h2>\n<\/div>\n<\/div>\n<div class=\"h-text h-text-component style-24004 style-local-32010-c28 position-relative h-element\" data-colibri-id=\"32010-c28\">\n<div class=\"\">\n\nDie Integration gro\u00dfer Sprachmodelle mit Wissensgraphen zum Zweck der wissenschaftlichen Papier\u00fcberpr\u00fcfung\n\n<\/div>\n<\/div>\n<div class=\"style-24005 style-local-32010-c29 position-relative h-element\" data-colibri-id=\"32010-c29\"><\/div>\n<div class=\"h-text h-text-component style-24006 style-local-32010-c30 position-relative h-element\" data-colibri-id=\"32010-c30\">\n<div class=\"\">\n\nUsing AI in peer review aims to enhance efficiency and accuracy, yet grapples with challenges in semantic understanding and consistency. Balancing automation with human input to achieve human-level review quality remains\nchallenging, given the complexities in defining a &#8220;good&#8221; review and collecting annotated data. While AI-generated reviews may cover more paper aspects, they often lack constructiveness and factuality compared to human reviews.\nThis project seeks to augment the generation of factual review statements by integrating structural information from research papers and employing techniques like argument mining to extract and analyze the paper&#8217;s reasoning\nand evidence for summarization. This objective is realized through the integration of knowledge graphs, incorporating external information to refine the assessment of a paper&#8217;s impact and contribution to the research field.\n\n<\/div>\n<\/div>\n<div class=\"style-24007 style-local-32010-c31 position-relative h-element\" data-colibri-id=\"32010-c31\"><\/div>\n<div class=\"h-accordion style-24008 style-local-32010-c32 position-relative h-element\" data-toggle=\"false\" data-is-preview=\"true\" data-colibri-component=\"accordion\" data-colibri-id=\"32010-c32\">\n<div class=\"h-accordion-item h-accordion-item-first-child style-24009 style-local-32010-c33 position-relative h-element\" data-colibri-id=\"32010-c33\">\n<a class=\"h-accordion-item-title d-flex align-items-center h-global-transition\" href=\"#32010-c33\" data-open-by-default=\"false\">\nF\u00f6rderprogramm<\/a>\n<div class=\"h-accordion-item-title-normal-icon h-accordion-item-title-icon h-accordion-item-title-icon-right\"><span class=\"h-svg-icon\"><!--Icon by Icons8 Line Awesome (https:\/\/icons8.com\/line-awesome)--><\/span><\/div>\n<div class=\"h-accordion-item-title-active-icon h-accordion-item-title-icon h-accordion-item-title-icon-right\"><span class=\"h-svg-icon\"><!--Icon by Icons8 Line Awesome (https:\/\/icons8.com\/line-awesome)--><\/span><\/div>\n<div id=\"32010-c33\" class=\"h-accordion-item-content__container\">\n<div class=\"w-100 h-y-container h-accordion-item-content\">\n<div class=\"h-text h-text-component style-24010 style-local-32010-c34 position-relative h-element\" data-colibri-id=\"32010-c34\">\n<div class=\"\">\n\nState Ministry for Science and Culture (MWK),\u00a0Member of the Leibniz Young Investigator Grant funding program\n\n<\/div>\n<\/div>\n<\/div>\n<\/div>\n<\/div>\n<div class=\"h-accordion-item style-24011 style-local-32010-c35 position-relative h-element\" data-colibri-id=\"32010-c35\">\n<a class=\"h-accordion-item-title d-flex align-items-center h-global-transition\" href=\"#32010-c35\" data-open-by-default=\"false\">\nProjektpartner<\/a>\n<div class=\"h-accordion-item-title-normal-icon h-accordion-item-title-icon h-accordion-item-title-icon-right\"><span class=\"h-svg-icon\"><!--Icon by Icons8 Line Awesome (https:\/\/icons8.com\/line-awesome)--><\/span><\/div>\n<div class=\"h-accordion-item-title-active-icon h-accordion-item-title-icon h-accordion-item-title-icon-right\"><span class=\"h-svg-icon\"><!--Icon by Icons8 Line Awesome (https:\/\/icons8.com\/line-awesome)--><\/span><\/div>\n<div id=\"32010-c35\" class=\"h-accordion-item-content__container\">\n<div class=\"w-100 h-y-container h-accordion-item-content h-ui-empty-state-container\"><\/div>\n<\/div>\n<\/div>\n<\/div>\n<div class=\"style-24013 style-local-32010-c36 position-relative h-element\" data-colibri-id=\"32010-c36\"><\/div>\n<\/div>\n<\/div>\n<\/div>\n<\/div>\n<\/div>\n<div class=\"h-row-container gutters-row-lg-1 gutters-row-md-1 gutters-row-0 gutters-row-v-lg-1 gutters-row-v-md-1 gutters-row-v-1 style-24014 style-local-32010-c37 position-relative\" data-colibri-id=\"32010-c37\">\n<div class=\"h-row justify-content-lg-start justify-content-md-center justify-content-start align-items-lg-stretch align-items-md-stretch align-items-stretch gutters-col-lg-1 gutters-col-md-1 gutters-col-0 gutters-col-v-lg-1 gutters-col-v-md-1 gutters-col-v-1\">\n<div class=\"h-column h-column-container d-flex h-col-lg-auto h-col-md-auto h-col-auto style-24015-outer style-local-32010-c38-outer\">\n<div class=\"d-flex h-flex-basis h-column__inner h-px-lg-2 h-px-md-2 h-px-2 v-inner-lg-2 v-inner-md-2 v-inner-2 style-24015 style-local-32010-c38 position-relative\" data-colibri-id=\"32010-c38\">\n<div class=\"w-100 h-y-container h-column__content h-column__v-align flex-basis-100 align-self-lg-start align-self-md-center align-self-start\">\n<div class=\"h-global-transition-all h-heading style-24016 style-local-32010-c39 position-relative h-element\" data-colibri-id=\"32010-c39\">\n<div class=\"h-heading__outer style-24016 style-local-32010-c39\">\n<h1 class=\"\">Kontakt<\/h1>\n<\/div>\n<\/div>\n<\/div>\n<\/div>\n<\/div>\n<div class=\"h-column h-column-container d-flex h-col-lg-auto h-col-md-auto h-col-auto style-24017-outer style-local-32010-c40-outer\">\n<div class=\"d-flex h-flex-basis h-column__inner h-px-lg-2 h-px-md-2 h-px-2 v-inner-lg-2 v-inner-md-2 v-inner-2 style-24017 style-local-32010-c40 position-relative\" data-colibri-id=\"32010-c40\">\n<div class=\"w-100 h-y-container h-column__content h-column__v-align flex-basis-100 align-self-lg-start align-self-md-start align-self-start\">\n<div class=\"d-block style-24018 style-local-32010-c41 position-relative h-element\" data-colibri-id=\"32010-c41\">\n<div class=\"h-image__frame-container-outer\">\n<div class=\"h-image__frame-container\">\n\n<img decoding=\"async\" width=\"150\" height=\"150\" class=\"wp-image-3698 style-24018-image style-local-32010-c41-image lazyload\" data-src=\"https:\/\/www.l3s.de\/wp-content\/uploads\/2022\/08\/Ahmadi-Zahra.jpg\" alt=\"\" data-srcset=\"https:\/\/www.l3s.de\/wp-content\/uploads\/2022\/08\/Ahmadi-Zahra.jpg 150w, https:\/\/www.l3s.de\/wp-content\/uploads\/2022\/08\/Ahmadi-Zahra-12x12.jpg 12w\" data-sizes=\"(max-width: 150px) 100vw, 150px\" src=\"data:image\/svg+xml;base64,PHN2ZyB3aWR0aD0iMSIgaGVpZ2h0PSIxIiB4bWxucz0iaHR0cDovL3d3dy53My5vcmcvMjAwMC9zdmciPjwvc3ZnPg==\" style=\"--smush-placeholder-width: 150px; --smush-placeholder-aspect-ratio: 150\/150;\" \/>\n<div class=\"h-image__frame h-hide-lg h-hide-md h-hide-sm style-24018-frameImage style-local-32010-c41-frameImage\"><\/div>\n<\/div>\n<\/div>\n<\/div>\n<div class=\"h-global-transition-all h-heading style-24019 style-local-32010-c42 position-relative h-element\" data-colibri-id=\"32010-c42\">\n<div class=\"h-heading__outer style-24019 style-local-32010-c42\">\n<h4 class=\"\">Zahra Ahmadi<\/h4>\n<\/div>\n<\/div>\n<div class=\"h-text h-text-component style-24020 style-local-32010-c43 position-relative h-element\" data-colibri-id=\"32010-c43\">\n<div class=\"\">\n\nProjektkoordinator\n\n<\/div>\n<\/div>\n<div class=\"h-row-container gutters-row-lg-0 gutters-row-md-0 gutters-row-0 gutters-row-v-lg-0 gutters-row-v-md-0 gutters-row-v-0 style-24021 style-local-32010-c44 position-relative\" data-colibri-id=\"32010-c44\">\n<div class=\"h-row justify-content-lg-center justify-content-md-center justify-content-center align-items-lg-stretch align-items-md-stretch align-items-stretch gutters-col-lg-0 gutters-col-md-0 gutters-col-0 gutters-col-v-lg-0 gutters-col-v-md-0 gutters-col-v-0\">\n<div class=\"h-column h-column-container d-flex h-col-lg h-col-md h-col-auto style-24022-outer style-local-32010-c45-outer\">\n<div class=\"d-flex h-flex-basis h-column__inner h-px-lg-0 h-px-md-0 h-px-0 v-inner-lg-0 v-inner-md-0 v-inner-0 style-24022 style-local-32010-c45 position-relative\" data-colibri-id=\"32010-c45\">\n<div class=\"w-100 h-y-container h-column__content h-column__v-align flex-basis-100 align-self-lg-start align-self-md-start align-self-start\">\n<div class=\"h-x-container style-24023 style-local-32010-c46 position-relative h-element\" data-colibri-id=\"32010-c46\">\n<div class=\"h-x-container-inner style-dynamic-32010-c46-group style-24023-spacing style-local-32010-c46-spacing\"><span class=\"h-link__outer style-24024-outer style-local-32010-c47-outer d-inline-flex h-element\"><a class=\"d-flex w-100 align-items-center h-link style-24024 style-local-32010-c47 position-relative\" href=\"mailto:ahmadi@l3s.de\" data-colibri-id=\"32010-c47\"><span class=\"h-svg-icon h-link__icon style-24024-icon style-local-32010-c47-icon\"><!--Icon by Simple Line Icons (https:\/\/github.com\/thesabbir\/simple-line-icons)--><\/span> ahmadi@l3s.de<\/a>\n<\/span><\/div>\n<\/div>\n<div class=\"h-x-container style-24025 style-local-32010-c48 position-relative h-element\" data-colibri-id=\"32010-c48\">\n<div class=\"h-x-container-inner style-dynamic-32010-c48-group style-24025-spacing style-local-32010-c48-spacing\"><span class=\"h-link__outer style-24026-outer style-local-32010-c49-outer d-inline-flex h-element\"><a class=\"d-flex w-100 align-items-center h-link style-24026 style-local-32010-c49 position-relative\" data-colibri-id=\"32010-c49\"><span class=\"h-svg-icon h-link__icon style-24026-icon style-local-32010-c49-icon\"><!--Icon by Icons8 Line Awesome (https:\/\/icons8.com\/line-awesome)--><\/span> &#8211;<\/a>\n<\/span><\/div>\n<\/div>\n<\/div>\n<\/div>\n<\/div>\n<\/div>\n<\/div>\n<\/div>\n<\/div>\n<\/div>\n<div class=\"h-column h-column-container d-flex h-col-lg-auto h-col-md-auto h-col-auto style-24027-outer style-local-32010-c50-outer\">\n<div class=\"d-flex h-flex-basis h-column__inner h-px-lg-2 h-px-md-2 h-px-2 v-inner-lg-2 v-inner-md-2 v-inner-2 style-24027 style-local-32010-c50 position-relative\" data-colibri-id=\"32010-c50\">\n<div class=\"w-100 h-y-container h-column__content h-column__v-align flex-basis-100 align-self-lg-start align-self-md-start align-self-start\">\n<div class=\"d-block style-24018 style-local-32010-c51 position-relative h-element\" data-colibri-id=\"32010-c51\">\n<div class=\"h-image__frame-container-outer\">\n<div class=\"h-image__frame-container\">\n\n<img decoding=\"async\" width=\"150\" height=\"150\" class=\"wp-image-19232 style-24018-image style-local-32010-c51-image lazyload\" data-src=\"https:\/\/www.l3s.de\/wp-content\/uploads\/2022\/08\/cropped-Idahl-Maximilian.jpg\" alt=\"\" data-srcset=\"https:\/\/www.l3s.de\/wp-content\/uploads\/2022\/08\/cropped-Idahl-Maximilian.jpg 150w, https:\/\/www.l3s.de\/wp-content\/uploads\/2022\/08\/cropped-Idahl-Maximilian-12x12.jpg 12w\" data-sizes=\"(max-width: 150px) 100vw, 150px\" src=\"data:image\/svg+xml;base64,PHN2ZyB3aWR0aD0iMSIgaGVpZ2h0PSIxIiB4bWxucz0iaHR0cDovL3d3dy53My5vcmcvMjAwMC9zdmciPjwvc3ZnPg==\" style=\"--smush-placeholder-width: 150px; --smush-placeholder-aspect-ratio: 150\/150;\" \/>\n<div class=\"h-image__frame h-hide-lg h-hide-md h-hide-sm style-24018-frameImage style-local-32010-c51-frameImage\"><\/div>\n<\/div>\n<\/div>\n<\/div>\n<div class=\"h-global-transition-all h-heading style-24019 style-local-32010-c52 position-relative h-element\" data-colibri-id=\"32010-c52\">\n<div class=\"h-heading__outer style-24019 style-local-32010-c52\">\n<h4 class=\"\">Maximilian Idahl<\/h4>\n<\/div>\n<\/div>\n<div class=\"h-text h-text-component style-24020 style-local-32010-c53 position-relative h-element\" data-colibri-id=\"32010-c53\">\n<div class=\"\">\n\nProjektmanager\n\n<\/div>\n<\/div>\n<div class=\"h-row-container gutters-row-lg-0 gutters-row-md-0 gutters-row-0 gutters-row-v-lg-0 gutters-row-v-md-0 gutters-row-v-0 style-24028 style-local-32010-c54 position-relative\" data-colibri-id=\"32010-c54\">\n<div class=\"h-row justify-content-lg-center justify-content-md-center justify-content-center align-items-lg-stretch align-items-md-stretch align-items-stretch gutters-col-lg-0 gutters-col-md-0 gutters-col-0 gutters-col-v-lg-0 gutters-col-v-md-0 gutters-col-v-0\">\n<div class=\"h-column h-column-container d-flex h-col-lg h-col-md h-col-auto style-24029-outer style-local-32010-c55-outer\">\n<div class=\"d-flex h-flex-basis h-column__inner h-px-lg-0 h-px-md-0 h-px-0 v-inner-lg-0 v-inner-md-0 v-inner-0 style-24029 style-local-32010-c55 position-relative\" data-colibri-id=\"32010-c55\">\n<div class=\"w-100 h-y-container h-column__content h-column__v-align flex-basis-100 align-self-lg-start align-self-md-start align-self-start\">\n<div class=\"h-x-container style-24030 style-local-32010-c56 position-relative h-element\" data-colibri-id=\"32010-c56\">\n<div class=\"h-x-container-inner style-dynamic-32010-c56-group style-24030-spacing style-local-32010-c56-spacing\"><span class=\"h-link__outer style-24024-outer style-local-32010-c57-outer d-inline-flex h-element\"><a class=\"d-flex w-100 align-items-center h-link style-24024 style-local-32010-c57 position-relative\" href=\"mailto:idahl@l3s.de\" data-colibri-id=\"32010-c57\"><span class=\"h-svg-icon h-link__icon style-24024-icon style-local-32010-c57-icon\"><!--Icon by Simple Line Icons (https:\/\/github.com\/thesabbir\/simple-line-icons)--><\/span> idahl@l3s.de<\/a>\n<\/span><\/div>\n<\/div>\n<div class=\"h-x-container style-24031 style-local-32010-c58 position-relative h-element\" data-colibri-id=\"32010-c58\">\n<div class=\"h-x-container-inner style-dynamic-32010-c58-group style-24031-spacing style-local-32010-c58-spacing\"><span class=\"h-link__outer style-24026-outer style-local-32010-c59-outer d-inline-flex h-element\"><a class=\"d-flex w-100 align-items-center h-link style-24026 style-local-32010-c59 position-relative\" href=\"tel:+4951176217702\" data-colibri-id=\"32010-c59\"><span class=\"h-svg-icon h-link__icon style-24026-icon style-local-32010-c59-icon\"><!--Icon by Icons8 Line Awesome (https:\/\/icons8.com\/line-awesome)--><\/span> +49 511 762-17702<\/a>\n<\/span><\/div>\n<\/div>\n<\/div>\n<\/div>\n<\/div>\n<\/div>\n<\/div>\n<\/div>\n<\/div>\n<\/div>\n<\/div>\n<\/div>\n<\/div>\n<\/div>\n<\/div>\n<\/div>\n<\/div>\n<\/div>\n<\/div>\n<\/div>","protected":false},"excerpt":{"rendered":"<p>Start: 01.01.2024 End: 31.12.2025 Website: ARENA Integrating large language models with knowledge graphs for the purpose of scientific paper reviewing Using AI in peer review aims to enhance efficiency and accuracy, yet grapples with challenges in semantic understanding and consistency. Balancing automation with human input to achieve human-level review quality remains challenging, given the complexities [&hellip;]<\/p>","protected":false},"author":13,"featured_media":32011,"parent":10129,"menu_order":0,"comment_status":"closed","ping_status":"closed","template":"page-templates\/full-width-page.php","meta":{"_acf_changed":false,"footnotes":""},"categories":[75],"tags":[119],"class_list":["post-32010","page","type-page","status-publish","has-post-thumbnail","hentry","category-project-archive","tag-archive"],"acf":[],"aioseo_notices":[],"publishpress_future_action":{"enabled":false,"date":"2026-05-13 11:13:28","action":"category","newStatus":"draft","terms":[75],"taxonomy":"category","extraData":[]},"publishpress_future_workflow_manual_trigger":{"enabledWorkflows":[]},"_links":{"self":[{"href":"https:\/\/www.l3s.de\/de\/wp-json\/wp\/v2\/pages\/32010","targetHints":{"allow":["GET"]}}],"collection":[{"href":"https:\/\/www.l3s.de\/de\/wp-json\/wp\/v2\/pages"}],"about":[{"href":"https:\/\/www.l3s.de\/de\/wp-json\/wp\/v2\/types\/page"}],"author":[{"embeddable":true,"href":"https:\/\/www.l3s.de\/de\/wp-json\/wp\/v2\/users\/13"}],"replies":[{"embeddable":true,"href":"https:\/\/www.l3s.de\/de\/wp-json\/wp\/v2\/comments?post=32010"}],"version-history":[{"count":5,"href":"https:\/\/www.l3s.de\/de\/wp-json\/wp\/v2\/pages\/32010\/revisions"}],"predecessor-version":[{"id":42081,"href":"https:\/\/www.l3s.de\/de\/wp-json\/wp\/v2\/pages\/32010\/revisions\/42081"}],"up":[{"embeddable":true,"href":"https:\/\/www.l3s.de\/de\/wp-json\/wp\/v2\/pages\/10129"}],"wp:featuredmedia":[{"embeddable":true,"href":"https:\/\/www.l3s.de\/de\/wp-json\/wp\/v2\/media\/32011"}],"wp:attachment":[{"href":"https:\/\/www.l3s.de\/de\/wp-json\/wp\/v2\/media?parent=32010"}],"wp:term":[{"taxonomy":"category","embeddable":true,"href":"https:\/\/www.l3s.de\/de\/wp-json\/wp\/v2\/categories?post=32010"},{"taxonomy":"post_tag","embeddable":true,"href":"https:\/\/www.l3s.de\/de\/wp-json\/wp\/v2\/tags?post=32010"}],"curies":[{"name":"wp","href":"https:\/\/api.w.org\/{rel}","templated":true}]}}