{"id":28439,"date":"2023-08-10T09:00:27","date_gmt":"2023-08-10T07:00:27","guid":{"rendered":"https:\/\/www.l3s.de\/?page_id=28439"},"modified":"2023-09-20T11:07:00","modified_gmt":"2023-09-20T09:07:00","slug":"strengthen-research-maintain-digital-sovereignty","status":"publish","type":"page","link":"https:\/\/www.l3s.de\/de\/magazine\/binaire-articles\/strengthen-research-maintain-digital-sovereignty\/","title":{"rendered":"Forschung st\u00e4rken, digitale Souver\u00e4nit\u00e4t erhalten"},"content":{"rendered":"<div data-colibri-id=\"28439-c1\" class=\"style-22525 style-local-28439-c1 position-relative\">\n  <!---->\n  <div data-colibri-component=\"section\" data-colibri-id=\"28439-c2\" id=\"reusable-sections\" class=\"h-section h-section-global-spacing d-flex align-items-lg-center align-items-md-center align-items-center style-22526 style-local-28439-c2 position-relative\">\n    <!---->\n    <!---->\n    <div class=\"h-section-grid-container h-section-boxed-container\">\n      <!---->\n      <div data-colibri-id=\"28439-c3\" class=\"h-row-container gutters-row-lg-0 gutters-row-md-0 gutters-row-0 gutters-row-v-lg-0 gutters-row-v-md-0 gutters-row-v-0 style-22527 style-local-28439-c3 position-relative\">\n        <!---->\n        <div class=\"h-row justify-content-lg-center justify-content-md-center justify-content-center align-items-lg-stretch align-items-md-stretch align-items-stretch gutters-col-lg-0 gutters-col-md-0 gutters-col-0 gutters-col-v-lg-0 gutters-col-v-md-0 gutters-col-v-0\">\n          <!---->\n          <div class=\"h-column h-column-container d-flex h-col-lg-auto h-col-md-auto h-col-auto style-22528-outer style-local-28439-c4-outer\">\n            <div data-colibri-id=\"28439-c4\" class=\"d-flex h-flex-basis h-column__inner h-ui-empty-state-container h-px-lg-0 h-px-md-0 h-px-0 v-inner-lg-0 v-inner-md-0 v-inner-0 colibri-featured-img-bg style-22528 style-local-28439-c4 position-relative\">\n              <!---->\n              <!---->\n              <div class=\"w-100 h-y-container h-column__content h-column__v-align flex-basis-100\">\n                <!---->\n              <\/div>\n            <\/div>\n          <\/div>\n        <\/div>\n      <\/div>\n      <div data-colibri-id=\"28439-c5\" class=\"h-row-container gutters-row-lg-0 gutters-row-md-0 gutters-row-0 gutters-row-v-lg-0 gutters-row-v-md-0 gutters-row-v-0 style-22529 style-local-28439-c5 position-relative\">\n        <!---->\n        <div class=\"h-row justify-content-lg-center justify-content-md-center justify-content-center align-items-lg-stretch align-items-md-stretch align-items-stretch gutters-col-lg-0 gutters-col-md-0 gutters-col-0 gutters-col-v-lg-0 gutters-col-v-md-0 gutters-col-v-0\">\n          <!---->\n          <div class=\"h-column h-column-container d-flex h-col-lg-auto h-col-md-auto h-col-auto style-22530-outer style-local-28439-c6-outer\">\n            <div data-colibri-id=\"28439-c6\" class=\"d-flex h-flex-basis h-column__inner h-px-lg-0 h-px-md-0 h-px-0 v-inner-lg-0 v-inner-md-0 v-inner-0 style-22530 style-local-28439-c6 position-relative\">\n              <!---->\n              <!---->\n              <div class=\"w-100 h-y-container h-column__content h-column__v-align flex-basis-100 align-self-lg-start align-self-md-start align-self-start\">\n                <!---->\n                <div data-colibri-id=\"28439-c7\" class=\"h-text h-text-component style-22531 style-local-28439-c7 position-relative h-element\">\n                  <!---->\n                  <!---->\n                  <div class=\"\">\n                    <p>\u00a9generated by NightCaf\u00e9 AI<\/p>\n                  <\/div>\n                <\/div>\n              <\/div>\n            <\/div>\n          <\/div>\n        <\/div>\n      <\/div>\n      <div data-colibri-id=\"28439-c8\" class=\"h-row-container gutters-row-lg-2 gutters-row-md-2 gutters-row-0 gutters-row-v-lg-2 gutters-row-v-md-2 gutters-row-v-2 style-22532 style-local-28439-c8 position-relative\">\n        <!---->\n        <div class=\"h-row justify-content-lg-center justify-content-md-center justify-content-center align-items-lg-stretch align-items-md-stretch align-items-stretch gutters-col-lg-2 gutters-col-md-2 gutters-col-0 gutters-col-v-lg-2 gutters-col-v-md-2 gutters-col-v-2\">\n          <!---->\n          <div class=\"h-column h-column-container d-flex h-col-lg-auto h-col-md-auto h-col-auto style-22533-outer style-local-28439-c9-outer\">\n            <div data-colibri-id=\"28439-c9\" class=\"d-flex h-flex-basis h-column__inner h-px-lg-2 h-px-md-2 h-px-2 v-inner-lg-2 v-inner-md-2 v-inner-2 style-22533 style-local-28439-c9 position-relative\">\n              <!---->\n              <!---->\n              <div class=\"w-100 h-y-container h-column__content h-column__v-align flex-basis-100 align-self-lg-start align-self-md-start align-self-start\">\n                <!---->\n                <div data-colibri-id=\"28439-c10\" class=\"h-text h-text-component style-22534 style-local-28439-c10 position-relative h-element\">\n                  <!---->\n                  <!---->\n                  <div class=\"\">\n                    <p>Ausgabe 02\/2023<\/p>\n                  <\/div>\n                <\/div>\n                <div data-colibri-id=\"28439-c11\" class=\"h-x-container style-22535 style-local-28439-c11 position-relative h-element\">\n                  <!---->\n                  <div class=\"h-x-container-inner style-dynamic-28439-c11-group style-22535-spacing style-local-28439-c11-spacing\"><span class=\"h-link__outer style-22536-outer style-local-28439-c12-outer d-inline-flex h-element\"><a h-use-smooth-scroll=\"true\" href=\"https:\/\/www.l3s.de\/de\/magazine\/#2022\"  data-colibri-id=\"28439-c12\" class=\"d-flex w-100 align-items-center h-link style-22536 style-local-28439-c12 position-relative\"><!----><!----> <span>Generative KI<\/span><\/a>\n                    <\/span>\n                  <\/div>\n                <\/div>\n                <div data-colibri-id=\"28439-c13\" class=\"style-22537 style-local-28439-c13 position-relative h-element\">\n                  <!---->\n                <\/div>\n              <\/div>\n            <\/div>\n          <\/div>\n          <div class=\"h-column h-column-container d-flex h-col-lg h-col-md-auto h-col-auto style-22538-outer style-local-28439-c14-outer\">\n            <div data-colibri-id=\"28439-c14\" class=\"d-flex h-flex-basis h-column__inner h-px-lg-2 h-px-md-2 h-px-2 v-inner-lg-2 v-inner-md-2 v-inner-2 style-22538 style-local-28439-c14 position-relative\">\n              <!---->\n              <!---->\n              <div class=\"w-100 h-y-container h-column__content h-column__v-align flex-basis-100 align-self-lg-start align-self-md-start align-self-start\">\n                <!---->\n                <div data-colibri-id=\"28439-c15\" class=\"h-global-transition-all h-heading style-22539 style-local-28439-c15 position-relative h-element\">\n                  <!---->\n                  <div class=\"h-heading__outer style-22539 style-local-28439-c15\">\n                    <!---->\n                    <!---->\n                    <h6 class=\"\">Generative KI<\/h6>\n                  <\/div>\n                <\/div>\n                <div data-colibri-id=\"28439-c16\" class=\"h-global-transition-all h-heading style-22540 style-local-28439-c16 position-relative h-element\">\n                  <!---->\n                  <div class=\"h-heading__outer style-22540 style-local-28439-c16\">\n                    <!---->\n                    <!---->\n                    <h1 class=\"\">Forschung st\u00e4rken, digitale Souver\u00e4nit\u00e4t erhalten<\/h1>\n                  <\/div>\n                <\/div>\n                <div data-colibri-id=\"28439-c17\" class=\"style-22541 style-local-28439-c17 position-relative h-element\">\n                  <!---->\n                <\/div>\n                <div data-colibri-id=\"28439-c18\" class=\"h-row-container gutters-row-lg-0 gutters-row-md-0 gutters-row-0 gutters-row-v-lg-0 gutters-row-v-md-0 gutters-row-v-0 style-22542 style-local-28439-c18 position-relative\">\n                  <!---->\n                  <div class=\"h-row justify-content-lg-center justify-content-md-center justify-content-center align-items-lg-stretch align-items-md-stretch align-items-stretch gutters-col-lg-0 gutters-col-md-0 gutters-col-0 gutters-col-v-lg-0 gutters-col-v-md-0 gutters-col-v-0\">\n                    <!---->\n                    <div class=\"h-column h-column-container d-flex h-col-lg h-col-md h-col-auto style-22543-outer style-local-28439-c19-outer\">\n                      <div data-colibri-id=\"28439-c19\" class=\"d-flex h-flex-basis h-column__inner h-px-lg-0 h-px-md-0 h-px-0 v-inner-lg-0 v-inner-md-0 v-inner-0 style-22543 style-local-28439-c19 position-relative\">\n                        <!---->\n                        <!---->\n                        <div class=\"w-100 h-y-container h-column__content h-column__v-align flex-basis-100 align-self-lg-start align-self-md-start align-self-start\">\n                          <!---->\n                          <div data-colibri-id=\"28439-c20\" class=\"h-text h-text-component style-22544 style-local-28439-c20 position-relative h-element\">\n                            <!---->\n                            <!---->\n                            <div class=\"\">\n                              <p>Sp\u00e4testens seit dem ChatGPT-Launch im vergangenen Jahr sind gro\u00dfe vortrainierte KI-Modelle zur Textgenerierung zum \u00f6ffentlichen Dauerthema geworden. Zugespitzt lautet die Frage in Podien und Meinungsbeitr\u00e4gen nicht selten: Generative KI \u2013 Heilsbringer oder D\u00e4mon? Es ist offensichtlich, dass die Antwort differenzierter ausfallen muss. Schlie\u00dflich beeinflussen die Gr\u00f6\u00dfe des Modells und Trainingsdatensets, die Kosten des Trainings, die Performance nach absolviertem Training wie auch der Anwendungsfall die Qualit\u00e4t und Vertrauensw\u00fcrdigkeit des Ergebnisses.<\/p>\n                              <p>Prominente Einw\u00fcrfe erschweren dabei die sachliche Debatte: Der Autor Yuval Harari schrieb k\u00fcrzlich im Economist, \u201edas Betriebssystem der menschlichen Zivilisation\u201c (die Sprache) sei durch generative KI gehackt worden. Elon Musk forderte mit Steve Wosniak (Apple), Evan Sharp (Pinterest) und weiteren Tech-Gr\u00f6\u00dfen sogar ein KI-Moratorium, nur um kurz darauf TruthGPT anzuk\u00fcndigen. Nat\u00fcrlich muss die Technologiebewertung neben der wirtschaftlichen und gesellschaftlichen Potenzialbestimmung auch ethische und regulatorische Anforderungen an den Technologieeinsatz einbeziehen. Den thought leaders ging es wohl weniger um eine differenzierte Betrachtung, die f\u00fcr eine kluge Innovationsf\u00f6rderung und Regulierung gleicherma\u00dfen handlungsleitend sein kann. Aber Differenzierung ist notwendig, um die Potenziale der Sprunginnovation KI zu erschlie\u00dfen, ohne die menschliche Entfaltungsm\u00f6glichkeit zu behindern.<\/p>\n                              <p>Gro\u00dfe Sprachmodelle sind m\u00e4chtige Werkzeuge f\u00fcr die Wissensaufbereitung, Interaktion und Entscheidungsunterst\u00fctzung. Gehackt wurde unser Betriebssystem dennoch nicht. Die Oberfl\u00e4chen- und Tiefenstruktur der Sprache ist komplex und \u00fcberfordert die Chatbots bisweilen. Sie \u201ehalluzinieren\u201c, um es mit dem KI-Pionier John McCarthy zu sagen, wenn das Trainingsmaterial in Wissensgebieten nicht ausreicht und das Sprachmodell ann\u00e4hernd wahrscheinliche, aber letztlich falsche oder irref\u00fchrende Antworten hervorbringt. Eine vielversprechende L\u00f6sung k\u00f6nnen Wissensgraphen sein, indem Chatbots abgesicherte Antworten auf Basis der im Wissensgraphen gespeicherten Informationen und Fakten geben. Das L3S arbeitet an diesen Themen. <\/p>\n                              <p>Zur\u00fcck zur Eingangsfrage. Die Antwort f\u00e4llt dreigeteilt aus:<\/p>\n                              <p>1. Eine Versachlichung der \u00f6ffentlichen KI-Debatte ist wichtig, um den gesellschaftlichen Diskurs und das technologie- und innovationspolitische Handeln auf ein festes Fundament zu stellen. Hierzu kann die Wissenschaft in der Beratung von Politik und Gesellschaft einen wirkungsvollen Beitrag leisten, auch wenn dies herausfordernd sein kann. <\/p>\n                              <p>2. Europas Anspruch einer globalen Standardsetzung f\u00fcr vertrauensw\u00fcrdige KI-Systeme ist unterst\u00fctzenswert. Anbieter gro\u00dfer, vortrainierter KI-Modelle sind jedoch meist kapital- und datenintensive Technologieunternehmen aus den USA und China. Sie liefern die Foundation-Models f\u00fcr die digitale Wertsch\u00f6pfung von morgen. Greifen Forscher und Unternehmen prim\u00e4r auf au\u00dfereurop\u00e4ische Anbieter zur\u00fcck, k\u00f6nnen Abh\u00e4ngigkeiten und Wertsch\u00f6pfungseinbu\u00dfen die Folge sein. Den weltweit fortschrittlichsten Rechtsrahmen f\u00fcr KI zu etablieren, ist daher wenig wirksam, wenn Europa prim\u00e4r Konsument der Technologie ist, die es zu regulieren versucht.<\/p>\n                              <p>3. KI-Forschung zu st\u00e4rken hei\u00dft, Europas digitale Souver\u00e4nit\u00e4t zu erhalten. Will Europa nicht nur Konsument sein, muss es Abh\u00e4ngigkeiten entlang des Tech-Stacks reduzieren. Das betrifft den Halbleiterbereich mit Hardwarekomponenten, die f\u00fcr das Training und den Einsatz von KI-Algorithmen unerl\u00e4sslich sind. Ebenso Investitionen in Foundation-Models, die Enabler f\u00fcr neue Gesch\u00e4ftsmodelle sind und zugleich Konformit\u00e4t mit der europ\u00e4ischen KI- und Datenschutzgrundverordnung erzielen sollten. Auch Kompetenzen zur Implementierung, Verwaltung und Verbesserung von KI-Modellen im industriellen Kontext sowie die Entwicklung ma\u00dfgeschneiderter KI-Services f\u00fcr Unternehmen, Verwaltung und Gesellschaft bis hin zur Daten- und KI-Kompetenz entlang der gesamten Bildungskette gilt es zu f\u00f6rdern. Zudem spielen Open-Source-Ans\u00e4tze eine besondere Rolle, f\u00f6rdern sie doch die Demokratisierung der KI-Entwicklung und die umfassende Beteiligung von Unternehmen, Start-ups, Communities und Forschungseinrichtungen.<\/p>\n                              <p>Europa kann einen gewichtigen Beitrag leisten, damit KI zum Heilsbringer wird. Legen wir los.<\/p>\n                              <p>\n                                <br>\n                              <\/p>\n                            <\/div>\n                          <\/div>\n                        <\/div>\n                      <\/div>\n                    <\/div>\n                  <\/div>\n                <\/div>\n              <\/div>\n            <\/div>\n          <\/div>\n        <\/div>\n      <\/div>\n    <\/div>\n  <\/div>\n  <div data-colibri-component=\"section\" data-colibri-id=\"28439-c21\" id=\"reusable-sections-2\" class=\"h-section h-section-global-spacing d-flex align-items-lg-center align-items-md-center align-items-center style-22545 style-local-28439-c21 position-relative\">\n    <!---->\n    <!---->\n    <div class=\"h-section-grid-container h-section-boxed-container\">\n      <!---->\n      <div data-colibri-id=\"28439-c22\" class=\"h-row-container gutters-row-lg-0 gutters-row-md-0 gutters-row-0 gutters-row-v-lg-0 gutters-row-v-md-0 gutters-row-v-0 style-22546 style-local-28439-c22 position-relative\">\n        <!---->\n        <div class=\"h-row justify-content-lg-center justify-content-md-center justify-content-center align-items-lg-stretch align-items-md-stretch align-items-stretch gutters-col-lg-0 gutters-col-md-0 gutters-col-0 gutters-col-v-lg-0 gutters-col-v-md-0 gutters-col-v-0\">\n          <!---->\n          <div class=\"h-column h-column-container d-flex h-col-lg-auto h-col-md-auto h-col-auto style-22547-outer style-local-28439-c23-outer\">\n            <div data-colibri-id=\"28439-c23\" class=\"d-flex h-flex-basis h-column__inner h-px-lg-0 h-px-md-0 h-px-0 v-inner-lg-0 v-inner-md-0 v-inner-0 style-22547 style-local-28439-c23 position-relative\">\n              <!---->\n              <!---->\n              <div class=\"w-100 h-y-container h-column__content h-column__v-align flex-basis-100 align-self-lg-start align-self-md-start align-self-start\">\n                <!---->\n                <div data-colibri-id=\"28439-c24\" class=\"h-divider style-22548 style-local-28439-c24 position-relative h-element\">\n                  <!----><span class=\"h-divider__line style-22548-line style-local-28439-c24-line style-22548-line style-local-28439-c24-line\"><\/span><\/div>\n              <\/div>\n            <\/div>\n          <\/div>\n        <\/div>\n      <\/div>\n      <div data-colibri-id=\"28439-c25\" class=\"h-row-container gutters-row-lg-2 gutters-row-md-2 gutters-row-0 gutters-row-v-lg-2 gutters-row-v-md-2 gutters-row-v-2 style-22549 style-local-28439-c25 position-relative\">\n        <!---->\n        <div class=\"h-row justify-content-lg-center justify-content-md-center justify-content-center align-items-lg-stretch align-items-md-stretch align-items-stretch gutters-col-lg-2 gutters-col-md-2 gutters-col-0 gutters-col-v-lg-2 gutters-col-v-md-2 gutters-col-v-2\">\n          <!---->\n          <div class=\"h-column h-column-container d-flex h-col-lg-auto h-col-md-auto h-col-auto style-22554-outer style-local-28439-c30-outer\">\n            <div data-colibri-id=\"28439-c30\" class=\"d-flex h-flex-basis h-column__inner h-px-lg-2 h-px-md-2 h-px-2 v-inner-lg-2 v-inner-md-2 v-inner-2 style-22554 style-local-28439-c30 position-relative\">\n              <!---->\n              <!---->\n              <div class=\"w-100 h-y-container h-column__content h-column__v-align flex-basis-100 align-self-lg-start align-self-md-start align-self-start\">\n                <!---->\n                <div data-colibri-id=\"28439-c31\" class=\"h-global-transition-all h-heading style-22551 style-local-28439-c31 position-relative h-element\">\n                  <!---->\n                  <div class=\"h-heading__outer style-22551 style-local-28439-c31\">\n                    <!---->\n                    <!---->\n                    <h6 class=\"\">Kontakt<\/h6>\n                  <\/div>\n                <\/div>\n                <div data-colibri-id=\"28439-c32\" class=\"h-row-container gutters-row-lg-0 gutters-row-md-0 gutters-row-0 gutters-row-v-lg-0 gutters-row-v-md-0 gutters-row-v-0 style-22555 style-local-28439-c32 position-relative\">\n                  <!---->\n                  <div class=\"h-row justify-content-lg-center justify-content-md-center justify-content-center align-items-lg-stretch align-items-md-stretch align-items-stretch gutters-col-lg-0 gutters-col-md-0 gutters-col-0 gutters-col-v-lg-0 gutters-col-v-md-0 gutters-col-v-0\">\n                    <!---->\n                    <div class=\"h-column h-column-container d-flex h-col-lg-auto h-col-md-auto h-col-auto style-22564-outer style-local-28439-c41-outer\">\n                      <div data-colibri-id=\"28439-c41\" class=\"d-flex h-flex-basis h-column__inner h-px-lg-2 h-px-md-2 h-px-2 v-inner-lg-2 v-inner-md-2 v-inner-2 style-22564 style-local-28439-c41 position-relative\">\n                        <!---->\n                        <!---->\n                        <div class=\"w-100 h-y-container h-column__content h-column__v-align flex-basis-100 align-self-lg-start align-self-md-start align-self-start\">\n                          <!---->\n                          <div data-colibri-id=\"28439-c42\" class=\"d-block style-22565 style-local-28439-c42 position-relative h-element\">\n                            <!---->\n                            <div class=\"h-image__frame-container-outer\">\n                              <div class=\"h-image__frame-container\">\n                                <!---->\n                                <!---->\n                                <img decoding=\"async\" data-src=\"https:\/\/www.l3s.de\/wp-content\/uploads\/2022\/09\/Winter-Johannes-150x150.jpg\" class=\"style-22565-image style-local-28439-c42-image lazyload\" src=\"data:image\/svg+xml;base64,PHN2ZyB3aWR0aD0iMSIgaGVpZ2h0PSIxIiB4bWxucz0iaHR0cDovL3d3dy53My5vcmcvMjAwMC9zdmciPjwvc3ZnPg==\" style=\"--smush-placeholder-width: 150px; --smush-placeholder-aspect-ratio: 150\/150;\">\n                                <div class=\"h-image__frame h-hide-lg h-hide-md h-hide-sm style-22565-frameImage style-local-28439-c42-frameImage\"><\/div>\n                              <\/div>\n                            <\/div>\n                          <\/div>\n                          <div data-colibri-id=\"28439-c43\" class=\"h-row-container gutters-row-lg-0 gutters-row-md-0 gutters-row-0 gutters-row-v-lg-0 gutters-row-v-md-0 gutters-row-v-0 style-22566 style-local-28439-c43 position-relative\">\n                            <!---->\n                            <div class=\"h-row justify-content-lg-center justify-content-md-center justify-content-center align-items-lg-stretch align-items-md-stretch align-items-stretch gutters-col-lg-0 gutters-col-md-0 gutters-col-0 gutters-col-v-lg-0 gutters-col-v-md-0 gutters-col-v-0\">\n                              <!---->\n                              <div class=\"h-column h-column-container d-flex h-col-lg h-col-md h-col-auto style-22567-outer style-local-28439-c44-outer\">\n                                <div data-colibri-id=\"28439-c44\" class=\"d-flex h-flex-basis h-column__inner h-px-lg-0 h-px-md-0 h-px-0 v-inner-lg-0 v-inner-md-0 v-inner-0 style-22567 style-local-28439-c44 position-relative\">\n                                  <!---->\n                                  <!---->\n                                  <div class=\"w-100 h-y-container h-column__content h-column__v-align flex-basis-100 align-self-lg-start align-self-md-start align-self-start\">\n                                    <!---->\n                                    <div data-colibri-id=\"28439-c45\" class=\"h-global-transition-all h-heading style-22560 style-local-28439-c45 position-relative h-element\">\n                                      <!---->\n                                      <div class=\"h-heading__outer style-22560 style-local-28439-c45\">\n                                        <!---->\n                                        <!---->\n                                        <h4 class=\"\">Dr. Johannes Winter<\/h4>\n                                      <\/div>\n                                    <\/div>\n                                    <div data-colibri-id=\"28439-c46\" class=\"h-x-container style-22568 style-local-28439-c46 position-relative h-element\">\n                                      <!---->\n                                      <div class=\"h-x-container-inner style-dynamic-28439-c46-group style-22568-spacing style-local-28439-c46-spacing\"><span class=\"h-link__outer style-22562-outer style-local-28439-c47-outer d-inline-flex h-element\"><a h-use-smooth-scroll=\"true\" href=\"mailto:winter@l3s.de\"  data-colibri-id=\"28439-c47\" class=\"d-flex w-100 align-items-center h-link style-22562 style-local-28439-c47 position-relative\"><!----><!----> <span>winter@l3s.de<\/span><\/a>\n                                        <\/span>\n                                      <\/div>\n                                    <\/div>\n                                  <\/div>\n                                <\/div>\n                              <\/div>\n                            <\/div>\n                          <\/div>\n                          <div data-colibri-id=\"28439-c48\" class=\"h-text h-text-component style-22563 style-local-28439-c48 position-relative h-element\">\n                            <!---->\n                            <!---->\n                            <div class=\"\">\n                              <p>Johannes Winter ist Chief Strategy Officer und stellvertretender Gesch\u00e4ftsf\u00fchrer des L3S.<\/p>\n                            <\/div>\n                          <\/div>\n                        <\/div>\n                      <\/div>\n                    <\/div>\n                  <\/div>\n                <\/div>\n              <\/div>\n            <\/div>\n          <\/div>\n        <\/div>\n      <\/div>\n    <\/div>\n  <\/div>\n<\/div>","protected":false},"excerpt":{"rendered":"<p>\u00a9generated by NightCaf\u00e9 AI Issue: 02\/2023 Generative AI Generative AI Strengthen research, maintain digital sovereignty Ever since the launch of ChatGPT last year, large, pre-trained AI models for text generation have become an ongoing public issue. The question posed in podiums and opinion pieces is not infrequent: Generative AI &#8211; saviour or demon? It is [&hellip;]<\/p>","protected":false},"author":5,"featured_media":28440,"parent":2750,"menu_order":0,"comment_status":"closed","ping_status":"closed","template":"page-templates\/full-width-page.php","meta":{"_acf_changed":false,"footnotes":""},"categories":[],"tags":[28,137],"class_list":["post-28439","page","type-page","status-publish","has-post-thumbnail","hentry","tag-binaire","tag-binaire-2023-02"],"acf":[],"aioseo_notices":[],"publishpress_future_action":{"enabled":false,"date":"2026-05-07 14:07:24","action":"category","newStatus":"draft","terms":[75],"taxonomy":"category","extraData":[]},"publishpress_future_workflow_manual_trigger":{"enabledWorkflows":[]},"_links":{"self":[{"href":"https:\/\/www.l3s.de\/de\/wp-json\/wp\/v2\/pages\/28439","targetHints":{"allow":["GET"]}}],"collection":[{"href":"https:\/\/www.l3s.de\/de\/wp-json\/wp\/v2\/pages"}],"about":[{"href":"https:\/\/www.l3s.de\/de\/wp-json\/wp\/v2\/types\/page"}],"author":[{"embeddable":true,"href":"https:\/\/www.l3s.de\/de\/wp-json\/wp\/v2\/users\/5"}],"replies":[{"embeddable":true,"href":"https:\/\/www.l3s.de\/de\/wp-json\/wp\/v2\/comments?post=28439"}],"version-history":[{"count":0,"href":"https:\/\/www.l3s.de\/de\/wp-json\/wp\/v2\/pages\/28439\/revisions"}],"up":[{"embeddable":true,"href":"https:\/\/www.l3s.de\/de\/wp-json\/wp\/v2\/pages\/2750"}],"wp:featuredmedia":[{"embeddable":true,"href":"https:\/\/www.l3s.de\/de\/wp-json\/wp\/v2\/media\/28440"}],"wp:attachment":[{"href":"https:\/\/www.l3s.de\/de\/wp-json\/wp\/v2\/media?parent=28439"}],"wp:term":[{"taxonomy":"category","embeddable":true,"href":"https:\/\/www.l3s.de\/de\/wp-json\/wp\/v2\/categories?post=28439"},{"taxonomy":"post_tag","embeddable":true,"href":"https:\/\/www.l3s.de\/de\/wp-json\/wp\/v2\/tags?post=28439"}],"curies":[{"name":"wp","href":"https:\/\/api.w.org\/{rel}","templated":true}]}}