{"id":27652,"date":"2023-06-22T14:32:57","date_gmt":"2023-06-22T12:32:57","guid":{"rendered":"https:\/\/www.l3s.de\/?page_id=27652"},"modified":"2025-07-02T11:20:42","modified_gmt":"2025-07-02T09:20:42","slug":"towards-a-framework-for-assessing-explanation-quality-trr-318-inf","status":"publish","type":"page","link":"https:\/\/www.l3s.de\/de\/research-at-l3s\/all-projects\/project-archive\/towards-a-framework-for-assessing-explanation-quality-trr-318-inf\/","title":{"rendered":"Towards a Framework for Assessing Explanation Quality (TRR 318 INF)"},"content":{"rendered":"<div class=\"style-22041 style-local-27652-c1 position-relative\" data-colibri-id=\"27652-c1\">\n<div id=\"reusable-sections\" class=\"h-section h-section-global-spacing d-flex align-items-lg-center align-items-md-center align-items-center style-22042 style-local-27652-c2 position-relative\" data-colibri-component=\"section\" data-colibri-id=\"27652-c2\">\n<div class=\"h-section-grid-container h-section-boxed-container\">\n<div class=\"h-row-container gutters-row-lg-0 gutters-row-md-0 gutters-row-0 gutters-row-v-lg-0 gutters-row-v-md-0 gutters-row-v-0 style-22043 style-local-27652-c3 position-relative\" data-colibri-id=\"27652-c3\">\n<div class=\"h-row justify-content-lg-center justify-content-md-center justify-content-center align-items-lg-stretch align-items-md-stretch align-items-stretch gutters-col-lg-0 gutters-col-md-0 gutters-col-0 gutters-col-v-lg-0 gutters-col-v-md-0 gutters-col-v-0\">\n<div class=\"h-column h-column-container d-flex h-col-lg-auto h-col-md-auto h-col-auto style-22044-outer style-local-27652-c4-outer\">\n<div class=\"d-flex h-flex-basis h-column__inner h-px-lg-2 h-px-md-2 h-px-2 v-inner-lg-2 v-inner-md-2 v-inner-2 style-22044 style-local-27652-c4 position-relative\" data-colibri-id=\"27652-c4\">\n<div class=\"w-100 h-y-container h-column__content h-column__v-align flex-basis-100 align-self-lg-start align-self-md-start align-self-start\">\n<div class=\"d-block style-22045 style-local-27652-c5 position-relative h-element\" data-colibri-id=\"27652-c5\">\n<div class=\"h-image__frame-container-outer\">\n<div class=\"h-image__frame-container\">\n\n<img decoding=\"async\" width=\"1600\" height=\"800\" class=\"wp-image-27633 style-22045-image style-local-27652-c5-image lazyload\" data-src=\"https:\/\/www.l3s.de\/wp-content\/uploads\/2023\/06\/2023_06_Logo_TRR-318-C04.png\" alt=\"\" data-srcset=\"https:\/\/www.l3s.de\/wp-content\/uploads\/2023\/06\/2023_06_Logo_TRR-318-C04.png 1600w, https:\/\/www.l3s.de\/wp-content\/uploads\/2023\/06\/2023_06_Logo_TRR-318-C04-300x150.png 300w, https:\/\/www.l3s.de\/wp-content\/uploads\/2023\/06\/2023_06_Logo_TRR-318-C04-1024x512.png 1024w, https:\/\/www.l3s.de\/wp-content\/uploads\/2023\/06\/2023_06_Logo_TRR-318-C04-768x384.png 768w, https:\/\/www.l3s.de\/wp-content\/uploads\/2023\/06\/2023_06_Logo_TRR-318-C04-1536x768.png 1536w, https:\/\/www.l3s.de\/wp-content\/uploads\/2023\/06\/2023_06_Logo_TRR-318-C04-18x9.png 18w\" data-sizes=\"(max-width: 1600px) 100vw, 1600px\" src=\"data:image\/svg+xml;base64,PHN2ZyB3aWR0aD0iMSIgaGVpZ2h0PSIxIiB4bWxucz0iaHR0cDovL3d3dy53My5vcmcvMjAwMC9zdmciPjwvc3ZnPg==\" style=\"--smush-placeholder-width: 1600px; --smush-placeholder-aspect-ratio: 1600\/800;\" \/>\n<div class=\"h-image__frame h-hide-lg h-hide-md h-hide-sm style-22045-frameImage style-local-27652-c5-frameImage\"><\/div>\n<\/div>\n<\/div>\n<\/div>\n<div class=\"style-22046 style-local-27652-c6 position-relative h-element\" data-colibri-id=\"27652-c6\"><\/div>\n<div class=\"h-row-container gutters-row-lg-0 gutters-row-md-0 gutters-row-0 gutters-row-v-lg-0 gutters-row-v-md-0 gutters-row-v-0 style-22047 style-local-27652-c7 position-relative\" data-colibri-id=\"27652-c7\">\n<div class=\"h-row justify-content-lg-center justify-content-md-center justify-content-center align-items-lg-stretch align-items-md-stretch align-items-stretch gutters-col-lg-0 gutters-col-md-0 gutters-col-0 gutters-col-v-lg-0 gutters-col-v-md-0 gutters-col-v-0\">\n<div class=\"h-column h-column-container d-flex h-col-lg-auto h-col-md-auto h-col-auto style-22048-outer style-local-27652-c8-outer\">\n<div class=\"d-flex h-flex-basis h-column__inner h-px-lg-0 h-px-md-0 h-px-0 v-inner-lg-0 v-inner-md-0 v-inner-0 style-22048 style-local-27652-c8 position-relative\" data-colibri-id=\"27652-c8\">\n<div class=\"w-100 h-y-container h-column__content h-column__v-align flex-basis-100 align-self-lg-start align-self-md-start align-self-start\">\n<div class=\"h-text h-text-component style-22049 style-local-27652-c9 position-relative h-element\" data-colibri-id=\"27652-c9\">\n<div class=\"\">\n\nStart:\n\n<\/div>\n<\/div>\n<\/div>\n<\/div>\n<\/div>\n<div class=\"h-column h-column-container d-flex h-col-lg-auto h-col-md-auto h-col-auto style-22050-outer style-local-27652-c10-outer\">\n<div class=\"d-flex h-flex-basis h-column__inner h-px-lg-0 h-px-md-0 h-px-0 v-inner-lg-0 v-inner-md-0 v-inner-0 style-22050 style-local-27652-c10 position-relative\" data-colibri-id=\"27652-c10\">\n<div class=\"w-100 h-y-container h-column__content h-column__v-align flex-basis-100 align-self-lg-start align-self-md-start align-self-start\">\n<div class=\"h-text h-text-component style-22051 style-local-27652-c11 position-relative h-element\" data-colibri-id=\"27652-c11\">\n<div class=\"\">\n\n01.07.2021\n\n<\/div>\n<\/div>\n<\/div>\n<\/div>\n<\/div>\n<\/div>\n<\/div>\n<div class=\"h-row-container gutters-row-lg-0 gutters-row-md-0 gutters-row-0 gutters-row-v-lg-0 gutters-row-v-md-0 gutters-row-v-0 style-22047 style-local-27652-c12 position-relative\" data-colibri-id=\"27652-c12\">\n<div class=\"h-row justify-content-lg-center justify-content-md-center justify-content-center align-items-lg-stretch align-items-md-stretch align-items-stretch gutters-col-lg-0 gutters-col-md-0 gutters-col-0 gutters-col-v-lg-0 gutters-col-v-md-0 gutters-col-v-0\">\n<div class=\"h-column h-column-container d-flex h-col-lg-auto h-col-md-auto h-col-auto style-22048-outer style-local-27652-c13-outer\">\n<div class=\"d-flex h-flex-basis h-column__inner h-px-lg-0 h-px-md-0 h-px-0 v-inner-lg-0 v-inner-md-0 v-inner-0 style-22048 style-local-27652-c13 position-relative\" data-colibri-id=\"27652-c13\">\n<div class=\"w-100 h-y-container h-column__content h-column__v-align flex-basis-100 align-self-lg-start align-self-md-start align-self-start\">\n<div class=\"h-text h-text-component style-22049 style-local-27652-c14 position-relative h-element\" data-colibri-id=\"27652-c14\">\n<div class=\"\">\n\nEnde:\n\n<\/div>\n<\/div>\n<\/div>\n<\/div>\n<\/div>\n<div class=\"h-column h-column-container d-flex h-col-lg-auto h-col-md-auto h-col-auto style-22050-outer style-local-27652-c15-outer\">\n<div class=\"d-flex h-flex-basis h-column__inner h-px-lg-0 h-px-md-0 h-px-0 v-inner-lg-0 v-inner-md-0 v-inner-0 style-22050 style-local-27652-c15 position-relative\" data-colibri-id=\"27652-c15\">\n<div class=\"w-100 h-y-container h-column__content h-column__v-align flex-basis-100 align-self-lg-start align-self-md-start align-self-start\">\n<div class=\"h-text h-text-component style-22051 style-local-27652-c16 position-relative h-element\" data-colibri-id=\"27652-c16\">\n<div class=\"\">\n\n30.06.2025\n\n<\/div>\n<\/div>\n<\/div>\n<\/div>\n<\/div>\n<\/div>\n<\/div>\n<div class=\"h-row-container gutters-row-lg-0 gutters-row-md-0 gutters-row-0 gutters-row-v-lg-0 gutters-row-v-md-0 gutters-row-v-0 style-22047 style-local-27652-c17 position-relative\" data-colibri-id=\"27652-c17\">\n<div class=\"h-row justify-content-lg-center justify-content-md-center justify-content-center align-items-lg-stretch align-items-md-stretch align-items-stretch gutters-col-lg-0 gutters-col-md-0 gutters-col-0 gutters-col-v-lg-0 gutters-col-v-md-0 gutters-col-v-0\">\n<div class=\"h-column h-column-container d-flex h-col-lg-auto h-col-md-auto h-col-auto style-22048-outer style-local-27652-c18-outer\">\n<div class=\"d-flex h-flex-basis h-column__inner h-px-lg-0 h-px-md-0 h-px-0 v-inner-lg-0 v-inner-md-0 v-inner-0 style-22048 style-local-27652-c18 position-relative\" data-colibri-id=\"27652-c18\">\n<div class=\"w-100 h-y-container h-column__content h-column__v-align flex-basis-100 align-self-lg-start align-self-md-start align-self-start\">\n<div class=\"h-text h-text-component style-22049 style-local-27652-c19 position-relative h-element\" data-colibri-id=\"27652-c19\">\n<div class=\"\">\n\nWebseite:\n\n<\/div>\n<\/div>\n<\/div>\n<\/div>\n<\/div>\n<div class=\"h-column h-column-container d-flex h-col-lg-auto h-col-md-auto h-col-auto style-22050-outer style-local-27652-c20-outer\">\n<div class=\"d-flex h-flex-basis h-column__inner h-px-lg-0 h-px-md-0 h-px-0 v-inner-lg-0 v-inner-md-0 v-inner-0 style-22050 style-local-27652-c20 position-relative\" data-colibri-id=\"27652-c20\">\n<div class=\"w-100 h-y-container h-column__content h-column__v-align flex-basis-100 align-self-lg-start align-self-md-start align-self-start\">\n<div class=\"h-x-container style-22052 style-local-27652-c21 position-relative h-element\" data-colibri-id=\"27652-c21\">\n<div class=\"h-x-container-inner style-dynamic-27652-c21-group style-22052-spacing style-local-27652-c21-spacing\"><span class=\"h-link__outer style-22053-outer style-local-27652-c22-outer d-inline-flex h-element\"><a class=\"d-flex w-100 align-items-center h-link style-22053 style-local-27652-c22 position-relative\" href=\"https:\/\/www.ai.uni-hannover.de\/en\/research\/projects\/explanation-quality\" target=\"_blank\" rel=\"noopener\" data-colibri-id=\"27652-c22\"> ai.uni-hannover.de\/&#8230;<\/a>\n<\/span><\/div>\n<\/div>\n<\/div>\n<\/div>\n<\/div>\n<\/div>\n<\/div>\n<\/div>\n<\/div>\n<\/div>\n<div class=\"h-column h-column-container d-flex h-col-lg-auto h-col-md-auto h-col-auto style-22054-outer style-local-27652-c23-outer\">\n<div class=\"d-flex h-flex-basis h-column__inner h-px-lg-0 h-px-md-0 h-px-0 v-inner-lg-0 v-inner-md-0 v-inner-0 style-22054 style-local-27652-c23 position-relative\" data-colibri-id=\"27652-c23\">\n<div class=\"w-100 h-y-container h-column__content h-column__v-align flex-basis-100 align-self-lg-start align-self-md-start align-self-start\">\n<div class=\"style-22055 style-local-27652-c24 h-hide-lg position-relative h-element\" data-colibri-id=\"27652-c24\"><\/div>\n<div class=\"h-row-container gutters-row-lg-1 gutters-row-md-1 gutters-row-0 gutters-row-v-lg-1 gutters-row-v-md-1 gutters-row-v-1 style-22056 style-local-27652-c25 position-relative\" data-colibri-id=\"27652-c25\">\n<div class=\"h-row justify-content-lg-center justify-content-md-center justify-content-center align-items-lg-stretch align-items-md-stretch align-items-stretch gutters-col-lg-1 gutters-col-md-1 gutters-col-0 gutters-col-v-lg-1 gutters-col-v-md-1 gutters-col-v-1\">\n<div class=\"h-column h-column-container d-flex h-col-lg-12 h-col-md-12 h-col-12 style-22057-outer style-local-27652-c26-outer\">\n<div class=\"d-flex h-flex-basis h-column__inner h-px-lg-1 h-px-md-1 h-px-1 v-inner-lg-1 v-inner-md-1 v-inner-1 style-22057 style-local-27652-c26 position-relative\" data-colibri-id=\"27652-c26\">\n<div class=\"w-100 h-y-container h-column__content h-column__v-align flex-basis-100 align-self-lg-start align-self-md-start align-self-start\">\n<div class=\"h-global-transition-all h-heading style-22058 style-local-27652-c27 position-relative h-element\" data-colibri-id=\"27652-c27\">\n<div class=\"h-heading__outer style-22058 style-local-27652-c27\">\n<h2 class=\"\">Towards a Framework for Assessing Explanation Quality<\/h2>\n<\/div>\n<\/div>\n<div class=\"style-22060 style-local-27652-c28 position-relative h-element\" data-colibri-id=\"27652-c28\"><\/div>\n<div class=\"h-text h-text-component style-22061 style-local-27652-c29 position-relative h-element\" data-colibri-id=\"27652-c29\">\n<div class=\"\">\n\nIn diesem Projekt untersuchen wir das pragmatische Ziel aller Erkl\u00e4rungsprozesse: erfolgreich zu sein - d.h. dass die Erkl\u00e4rung die beabsichtigte Form des Verstehens (Erm\u00f6glichung, Verstehen) des gegebenen Sachverhalts auf der Seite des Erkl\u00e4rten erreicht. Wir gehen insbesondere der Frage nach, welche Merkmale erfolgreiche Erkl\u00e4rungsprozesse im Allgemeinen aufweisen und welche spezifisch f\u00fcr einen bestimmten Kontext oder ein bestimmtes Setting sind. Zu diesem Zweck wird zun\u00e4chst ein gemeinsames Vokabular f\u00fcr die verschiedenen Elemente eines Erkl\u00e4rungsprozesses entwickelt und definiert. Anschlie\u00dfend untersuchen wir, welche Qualit\u00e4tsdimensionen f\u00fcr Erkl\u00e4rungsprozesse bewertet werden k\u00f6nnen. Wir modellieren diese Prozesse auf der Grundlage der im Vokabular repr\u00e4sentierten Elemente und entwickeln und evaluieren neue computergest\u00fctzte Methoden, die den Inhalt, den Stil und die Struktur von Erkl\u00e4rungen im Hinblick auf linguistische Merkmale, Interaktionsaspekte und verf\u00fcgbare Kontextparameter analysieren. Unser Ziel ist es, eine erste Theorie der Erkl\u00e4rungsqualit\u00e4t auf der Basis des Vokabulars zu etablieren und empirisch zu untermauern, um so eine gemeinsame Grundlage f\u00fcr den Erfolg beim Erkl\u00e4ren von Prozessen zu schaffen.\n\n<\/div>\n<\/div>\n<div class=\"style-22062 style-local-27652-c30 position-relative h-element\" data-colibri-id=\"27652-c30\"><\/div>\n<div class=\"h-accordion style-22063 style-local-27652-c31 position-relative h-element\" data-toggle=\"false\" data-is-preview=\"true\" data-colibri-component=\"accordion\" data-colibri-id=\"27652-c31\">\n<div class=\"h-accordion-item h-accordion-item-first-child style-22064 style-local-27652-c32 position-relative h-element\" data-colibri-id=\"27652-c32\">\n<a class=\"h-accordion-item-title d-flex align-items-center h-global-transition\" href=\"#27652-c32\" data-open-by-default=\"false\">\nF\u00f6rderprogramm<\/a>\n<div class=\"h-accordion-item-title-normal-icon h-accordion-item-title-icon h-accordion-item-title-icon-right\"><span class=\"h-svg-icon\"><!--Icon by Icons8 Line Awesome (https:\/\/icons8.com\/line-awesome)--><\/span><\/div>\n<div class=\"h-accordion-item-title-active-icon h-accordion-item-title-icon h-accordion-item-title-icon-right\"><span class=\"h-svg-icon\"><!--Icon by Icons8 Line Awesome (https:\/\/icons8.com\/line-awesome)--><\/span><\/div>\n<div id=\"27652-c32\" class=\"h-accordion-item-content__container\">\n<div class=\"w-100 h-y-container h-accordion-item-content\">\n<div class=\"h-text h-text-component style-22065 style-local-27652-c33 position-relative h-element\" data-colibri-id=\"27652-c33\">\n<div class=\"\">\n\nDFG,\u00a0Transregional collaborative research center TRR 318\n\n<\/div>\n<\/div>\n<\/div>\n<\/div>\n<\/div>\n<div class=\"h-accordion-item style-22066 style-local-27652-c34 position-relative h-element\" data-colibri-id=\"27652-c34\">\n<a class=\"h-accordion-item-title d-flex align-items-center h-global-transition\" href=\"#27652-c34\" data-open-by-default=\"false\">\nProjektpartner<\/a>\n<div class=\"h-accordion-item-title-normal-icon h-accordion-item-title-icon h-accordion-item-title-icon-right\"><span class=\"h-svg-icon\"><!--Icon by Icons8 Line Awesome (https:\/\/icons8.com\/line-awesome)--><\/span><\/div>\n<div class=\"h-accordion-item-title-active-icon h-accordion-item-title-icon h-accordion-item-title-icon-right\"><span class=\"h-svg-icon\"><!--Icon by Icons8 Line Awesome (https:\/\/icons8.com\/line-awesome)--><\/span><\/div>\n<div id=\"27652-c34\" class=\"h-accordion-item-content__container\">\n<div class=\"w-100 h-y-container h-accordion-item-content\">\n<div class=\"h-text h-text-component style-22067 style-local-27652-c35 position-relative h-element\" data-colibri-id=\"27652-c35\">\n<div class=\"\">\n<ul>\n \t<li>Universit\u00e4t Paderborn (Projektkoordinator)<\/li>\n \t<li>Universit\u00e4t Bielefeld<\/li>\n<\/ul>\n<\/div>\n<\/div>\n<\/div>\n<\/div>\n<\/div>\n<\/div>\n<div class=\"style-22068 style-local-27652-c36 position-relative h-element\" data-colibri-id=\"27652-c36\"><\/div>\n<\/div>\n<\/div>\n<\/div>\n<\/div>\n<\/div>\n<div class=\"h-row-container gutters-row-lg-1 gutters-row-md-1 gutters-row-0 gutters-row-v-lg-1 gutters-row-v-md-1 gutters-row-v-1 style-22069 style-local-27652-c37 position-relative\" data-colibri-id=\"27652-c37\">\n<div class=\"h-row justify-content-lg-start justify-content-md-center justify-content-start align-items-lg-stretch align-items-md-stretch align-items-stretch gutters-col-lg-1 gutters-col-md-1 gutters-col-0 gutters-col-v-lg-1 gutters-col-v-md-1 gutters-col-v-1\">\n<div class=\"h-column h-column-container d-flex h-col-lg-auto h-col-md-auto h-col-auto style-22070-outer style-local-27652-c38-outer\">\n<div class=\"d-flex h-flex-basis h-column__inner h-px-lg-2 h-px-md-2 h-px-2 v-inner-lg-2 v-inner-md-2 v-inner-2 style-22070 style-local-27652-c38 position-relative\" data-colibri-id=\"27652-c38\">\n<div class=\"w-100 h-y-container h-column__content h-column__v-align flex-basis-100 align-self-lg-start align-self-md-center align-self-start\">\n<div class=\"h-global-transition-all h-heading style-22071 style-local-27652-c39 position-relative h-element\" data-colibri-id=\"27652-c39\">\n<div class=\"h-heading__outer style-22071 style-local-27652-c39\">\n<h1 class=\"\">Kontakt<\/h1>\n<\/div>\n<\/div>\n<\/div>\n<\/div>\n<\/div>\n<div class=\"h-column h-column-container d-flex h-col-lg-auto h-col-md-auto h-col-auto style-22072-outer style-local-27652-c40-outer\">\n<div class=\"d-flex h-flex-basis h-column__inner h-px-lg-2 h-px-md-2 h-px-2 v-inner-lg-2 v-inner-md-2 v-inner-2 style-22072 style-local-27652-c40 position-relative\" data-colibri-id=\"27652-c40\">\n<div class=\"w-100 h-y-container h-column__content h-column__v-align flex-basis-100 align-self-lg-start align-self-md-start align-self-start\">\n<div class=\"d-block style-22073 style-local-27652-c41 position-relative h-element\" data-colibri-id=\"27652-c41\">\n<div class=\"h-image__frame-container-outer\">\n<div class=\"h-image__frame-container\">\n\n<img decoding=\"async\" width=\"960\" height=\"960\" class=\"wp-image-9904 style-22073-image style-local-27652-c41-image lazyload\" data-src=\"https:\/\/www.l3s.de\/wp-content\/uploads\/2022\/10\/Wachsmuth-Henning.jpg\" alt=\"\" data-srcset=\"https:\/\/www.l3s.de\/wp-content\/uploads\/2022\/10\/Wachsmuth-Henning.jpg 960w, https:\/\/www.l3s.de\/wp-content\/uploads\/2022\/10\/Wachsmuth-Henning-300x300.jpg 300w, https:\/\/www.l3s.de\/wp-content\/uploads\/2022\/10\/Wachsmuth-Henning-150x150.jpg 150w, https:\/\/www.l3s.de\/wp-content\/uploads\/2022\/10\/Wachsmuth-Henning-768x768.jpg 768w, https:\/\/www.l3s.de\/wp-content\/uploads\/2022\/10\/Wachsmuth-Henning-12x12.jpg 12w\" data-sizes=\"(max-width: 960px) 100vw, 960px\" src=\"data:image\/svg+xml;base64,PHN2ZyB3aWR0aD0iMSIgaGVpZ2h0PSIxIiB4bWxucz0iaHR0cDovL3d3dy53My5vcmcvMjAwMC9zdmciPjwvc3ZnPg==\" style=\"--smush-placeholder-width: 960px; --smush-placeholder-aspect-ratio: 960\/960;\" \/>\n<div class=\"h-image__frame h-hide-lg h-hide-md h-hide-sm style-22073-frameImage style-local-27652-c41-frameImage\"><\/div>\n<\/div>\n<\/div>\n<\/div>\n<div class=\"h-global-transition-all h-heading style-22074 style-local-27652-c42 position-relative h-element\" data-colibri-id=\"27652-c42\">\n<div class=\"h-heading__outer style-22074 style-local-27652-c42\">\n<h4 class=\"\">Prof. Dr. rer. nat. Henning Wachsmuth<\/h4>\n<\/div>\n<\/div>\n<div class=\"h-text h-text-component style-22075 style-local-27652-c43 position-relative h-element\" data-colibri-id=\"27652-c43\">\n<div class=\"\">\n\nProjektmanager\n\n<\/div>\n<\/div>\n<div class=\"h-row-container gutters-row-lg-0 gutters-row-md-0 gutters-row-0 gutters-row-v-lg-0 gutters-row-v-md-0 gutters-row-v-0 style-22076 style-local-27652-c44 position-relative\" data-colibri-id=\"27652-c44\">\n<div class=\"h-row justify-content-lg-center justify-content-md-center justify-content-center align-items-lg-stretch align-items-md-stretch align-items-stretch gutters-col-lg-0 gutters-col-md-0 gutters-col-0 gutters-col-v-lg-0 gutters-col-v-md-0 gutters-col-v-0\">\n<div class=\"h-column h-column-container d-flex h-col-lg h-col-md h-col-auto style-22077-outer style-local-27652-c45-outer\">\n<div class=\"d-flex h-flex-basis h-column__inner h-px-lg-0 h-px-md-0 h-px-0 v-inner-lg-0 v-inner-md-0 v-inner-0 style-22077 style-local-27652-c45 position-relative\" data-colibri-id=\"27652-c45\">\n<div class=\"w-100 h-y-container h-column__content h-column__v-align flex-basis-100 align-self-lg-start align-self-md-start align-self-start\">\n<div class=\"h-x-container style-22078 style-local-27652-c46 position-relative h-element\" data-colibri-id=\"27652-c46\">\n<div class=\"h-x-container-inner style-dynamic-27652-c46-group style-22078-spacing style-local-27652-c46-spacing\"><span class=\"h-link__outer style-22079-outer style-local-27652-c47-outer d-inline-flex h-element\"><a class=\"d-flex w-100 align-items-center h-link style-22079 style-local-27652-c47 position-relative\" href=\"mailto:henning.wachsmuth@l3s.de\" data-colibri-id=\"27652-c47\"><span class=\"h-svg-icon h-link__icon style-22079-icon style-local-27652-c47-icon\"><!--Icon by Simple Line Icons (https:\/\/github.com\/thesabbir\/simple-line-icons)--><\/span> henning.wachsmuth@l3s.de<\/a>\n<\/span><\/div>\n<\/div>\n<div class=\"h-x-container style-22080 style-local-27652-c48 position-relative h-element\" data-colibri-id=\"27652-c48\">\n<div class=\"h-x-container-inner style-dynamic-27652-c48-group style-22080-spacing style-local-27652-c48-spacing\"><span class=\"h-link__outer style-22081-outer style-local-27652-c49-outer d-inline-flex h-element\"><a class=\"d-flex w-100 align-items-center h-link style-22081 style-local-27652-c49 position-relative\" href=\"tel:+49 511 762 12377\" data-colibri-id=\"27652-c49\"><span class=\"h-svg-icon h-link__icon style-22081-icon style-local-27652-c49-icon\"><!--Icon by Icons8 Line Awesome (https:\/\/icons8.com\/line-awesome)--><\/span> +49 511 762 12377<\/a>\n<\/span><\/div>\n<\/div>\n<\/div>\n<\/div>\n<\/div>\n<\/div>\n<\/div>\n<\/div>\n<\/div>\n<\/div>\n<\/div>\n<\/div>\n<\/div>\n<\/div>\n<\/div>\n<\/div>\n<\/div>\n<\/div>\n<\/div>\n<\/div>","protected":false},"excerpt":{"rendered":"<p>Start: 01.07.2021 End: 30.06.2025 Website: ai.uni-hannover.de\/&#8230; Towards a Framework for Assessing Explanation Quality In this project, we study the pragmatic goal of all explaining processes: to be successful \u2014 that is, for the explanation to achieve the intended form of understanding (enabling, comprehension) of the given explanandum on the explainee&#8217;s side. In particular, we investigate [&hellip;]<\/p>","protected":false},"author":7,"featured_media":27633,"parent":10129,"menu_order":0,"comment_status":"closed","ping_status":"closed","template":"page-templates\/full-width-page.php","meta":{"_acf_changed":false,"footnotes":""},"categories":[75],"tags":[119],"class_list":["post-27652","page","type-page","status-publish","has-post-thumbnail","hentry","category-project-archive","tag-archive"],"acf":[],"aioseo_notices":[],"publishpress_future_action":{"enabled":false,"date":"2026-05-09 17:37:27","action":"category","newStatus":"draft","terms":[75],"taxonomy":"category","extraData":[]},"publishpress_future_workflow_manual_trigger":{"enabledWorkflows":[]},"_links":{"self":[{"href":"https:\/\/www.l3s.de\/de\/wp-json\/wp\/v2\/pages\/27652","targetHints":{"allow":["GET"]}}],"collection":[{"href":"https:\/\/www.l3s.de\/de\/wp-json\/wp\/v2\/pages"}],"about":[{"href":"https:\/\/www.l3s.de\/de\/wp-json\/wp\/v2\/types\/page"}],"author":[{"embeddable":true,"href":"https:\/\/www.l3s.de\/de\/wp-json\/wp\/v2\/users\/7"}],"replies":[{"embeddable":true,"href":"https:\/\/www.l3s.de\/de\/wp-json\/wp\/v2\/comments?post=27652"}],"version-history":[{"count":4,"href":"https:\/\/www.l3s.de\/de\/wp-json\/wp\/v2\/pages\/27652\/revisions"}],"predecessor-version":[{"id":38545,"href":"https:\/\/www.l3s.de\/de\/wp-json\/wp\/v2\/pages\/27652\/revisions\/38545"}],"up":[{"embeddable":true,"href":"https:\/\/www.l3s.de\/de\/wp-json\/wp\/v2\/pages\/10129"}],"wp:featuredmedia":[{"embeddable":true,"href":"https:\/\/www.l3s.de\/de\/wp-json\/wp\/v2\/media\/27633"}],"wp:attachment":[{"href":"https:\/\/www.l3s.de\/de\/wp-json\/wp\/v2\/media?parent=27652"}],"wp:term":[{"taxonomy":"category","embeddable":true,"href":"https:\/\/www.l3s.de\/de\/wp-json\/wp\/v2\/categories?post=27652"},{"taxonomy":"post_tag","embeddable":true,"href":"https:\/\/www.l3s.de\/de\/wp-json\/wp\/v2\/tags?post=27652"}],"curies":[{"name":"wp","href":"https:\/\/api.w.org\/{rel}","templated":true}]}}