{"id":21962,"date":"2023-04-04T15:05:13","date_gmt":"2023-04-04T13:05:13","guid":{"rendered":"https:\/\/www.l3s.de\/?page_id=21962"},"modified":"2024-02-12T18:29:11","modified_gmt":"2024-02-12T17:29:11","slug":"cruisewatch","status":"publish","type":"page","link":"https:\/\/www.l3s.de\/de\/research-at-l3s\/all-projects\/project-archive\/cruisewatch\/","title":{"rendered":"Entwicklung eines intelligenten Kreuzfahrt-Beratungstools"},"content":{"rendered":"<div data-colibri-id=\"21962-c1\" class=\"style-18327 style-local-21962-c1 position-relative\">\r\n  <!---->\r\n  <div data-colibri-component=\"section\" data-colibri-id=\"21962-c2\" id=\"reusable-sections\" class=\"h-section h-section-global-spacing d-flex align-items-lg-center align-items-md-center align-items-center style-18328 style-local-21962-c2 position-relative\">\r\n    <!---->\r\n    <!---->\r\n    <div class=\"h-section-grid-container h-section-boxed-container\">\r\n      <!---->\r\n      <div data-colibri-id=\"21962-c3\" class=\"h-row-container gutters-row-lg-0 gutters-row-md-0 gutters-row-0 gutters-row-v-lg-0 gutters-row-v-md-0 gutters-row-v-0 style-18329 style-local-21962-c3 position-relative\">\r\n        <!---->\r\n        <div class=\"h-row justify-content-lg-center justify-content-md-center justify-content-center align-items-lg-stretch align-items-md-stretch align-items-stretch gutters-col-lg-0 gutters-col-md-0 gutters-col-0 gutters-col-v-lg-0 gutters-col-v-md-0 gutters-col-v-0\">\r\n          <!---->\r\n          <div class=\"h-column h-column-container d-flex h-col-lg-auto h-col-md-auto h-col-auto style-18330-outer style-local-21962-c4-outer\">\r\n            <div data-colibri-id=\"21962-c4\" class=\"d-flex h-flex-basis h-column__inner h-px-lg-2 h-px-md-2 h-px-2 v-inner-lg-2 v-inner-md-2 v-inner-2 style-18330 style-local-21962-c4 position-relative\">\r\n              <!---->\r\n              <!---->\r\n              <div class=\"w-100 h-y-container h-column__content h-column__v-align flex-basis-100 align-self-lg-start align-self-md-start align-self-start\">\r\n                <!---->\r\n                <div data-colibri-id=\"21962-c5\" class=\"d-block style-18331 style-local-21962-c5 position-relative h-element\">\r\n                  <!---->\r\n                  <div class=\"h-image__frame-container-outer\">\r\n                    <div class=\"h-image__frame-container\">\r\n                      <!---->\r\n                      <!---->\r\n                      <img decoding=\"async\" width=\"800\" height=\"181\" data-src=\"https:\/\/www.l3s.de\/wp-content\/uploads\/2022\/09\/logo_cw_blue.png\" class=\"wp-image-8244 style-18331-image style-local-21962-c5-image lazyload\" alt=\"Logo Cruisewatch\" data-srcset=\"https:\/\/www.l3s.de\/wp-content\/uploads\/2022\/09\/logo_cw_blue.png 800w, https:\/\/www.l3s.de\/wp-content\/uploads\/2022\/09\/logo_cw_blue-300x68.png 300w, https:\/\/www.l3s.de\/wp-content\/uploads\/2022\/09\/logo_cw_blue-768x174.png 768w, https:\/\/www.l3s.de\/wp-content\/uploads\/2022\/09\/logo_cw_blue-18x4.png 18w\" data-sizes=\"(max-width: 800px) 100vw, 800px\" src=\"data:image\/svg+xml;base64,PHN2ZyB3aWR0aD0iMSIgaGVpZ2h0PSIxIiB4bWxucz0iaHR0cDovL3d3dy53My5vcmcvMjAwMC9zdmciPjwvc3ZnPg==\" style=\"--smush-placeholder-width: 800px; --smush-placeholder-aspect-ratio: 800\/181;\" \/>\r\n                      <div class=\"h-image__frame h-hide-lg h-hide-md h-hide-sm style-18331-frameImage style-local-21962-c5-frameImage\"><\/div>\r\n                    <\/div>\r\n                  <\/div>\r\n                <\/div>\r\n                <div data-colibri-id=\"21962-c6\" class=\"style-18332 style-local-21962-c6 position-relative h-element\">\r\n                  <!---->\r\n                <\/div>\r\n                <div data-colibri-id=\"21962-c7\" class=\"h-row-container gutters-row-lg-0 gutters-row-md-0 gutters-row-0 gutters-row-v-lg-0 gutters-row-v-md-0 gutters-row-v-0 style-18333 style-local-21962-c7 position-relative\">\r\n                  <!---->\r\n                  <div class=\"h-row justify-content-lg-center justify-content-md-center justify-content-center align-items-lg-stretch align-items-md-stretch align-items-stretch gutters-col-lg-0 gutters-col-md-0 gutters-col-0 gutters-col-v-lg-0 gutters-col-v-md-0 gutters-col-v-0\">\r\n                    <!---->\r\n                    <div class=\"h-column h-column-container d-flex h-col-lg-auto h-col-md-auto h-col-auto style-18334-outer style-local-21962-c8-outer\">\r\n                      <div data-colibri-id=\"21962-c8\" class=\"d-flex h-flex-basis h-column__inner h-px-lg-0 h-px-md-0 h-px-0 v-inner-lg-0 v-inner-md-0 v-inner-0 style-18334 style-local-21962-c8 position-relative\">\r\n                        <!---->\r\n                        <!---->\r\n                        <div class=\"w-100 h-y-container h-column__content h-column__v-align flex-basis-100 align-self-lg-start align-self-md-center align-self-start\">\r\n                          <!---->\r\n                          <div data-colibri-id=\"21962-c9\" class=\"h-text h-text-component style-18335 style-local-21962-c9 position-relative h-element\">\r\n                            <!---->\r\n                            <!---->\r\n                            <div class=\"\">\r\n                              <p>Webseite:<\/p>\r\n                            <\/div>\r\n                          <\/div>\r\n                        <\/div>\r\n                      <\/div>\r\n                    <\/div>\r\n                    <div class=\"h-column h-column-container d-flex h-col-lg-auto h-col-md-auto h-col-auto style-18336-outer style-local-21962-c10-outer\">\r\n                      <div data-colibri-id=\"21962-c10\" class=\"d-flex h-flex-basis h-column__inner h-px-lg-0 h-px-md-0 h-px-0 v-inner-lg-0 v-inner-md-0 v-inner-0 style-18336 style-local-21962-c10 position-relative\">\r\n                        <!---->\r\n                        <!---->\r\n                        <div class=\"w-100 h-y-container h-column__content h-column__v-align flex-basis-100 align-self-lg-start align-self-md-start align-self-start\">\r\n                          <!---->\r\n                          <div data-colibri-id=\"21962-c11\" class=\"h-x-container style-18338 style-local-21962-c11 position-relative h-element\">\r\n                            <!---->\r\n                            <div class=\"h-x-container-inner style-dynamic-21962-c11-group style-18338-spacing style-local-21962-c11-spacing\"><span class=\"h-link__outer style-18339-outer style-local-21962-c12-outer d-inline-flex h-element\"><a h-use-smooth-scroll=\"true\" href=\"https:\/\/www.cruisewatch.com\" target=\"_blank\" data-colibri-id=\"21962-c12\" class=\"d-flex w-100 align-items-center h-link style-18339 style-local-21962-c12 position-relative\" rel=\"noopener\"><!----><!----> <span>www.cruisewatch.com<\/span><\/a>\r\n                              <\/span>\r\n                            <\/div>\r\n                          <\/div>\r\n                        <\/div>\r\n                      <\/div>\r\n                    <\/div>\r\n                  <\/div>\r\n                <\/div>\r\n              <\/div>\r\n            <\/div>\r\n          <\/div>\r\n          <div class=\"h-column h-column-container d-flex h-col-lg-auto h-col-md-auto h-col-auto style-18340-outer style-local-21962-c13-outer\">\r\n            <div data-colibri-id=\"21962-c13\" class=\"d-flex h-flex-basis h-column__inner h-px-lg-0 h-px-md-0 h-px-0 v-inner-lg-0 v-inner-md-0 v-inner-0 style-18340 style-local-21962-c13 position-relative\">\r\n              <!---->\r\n              <!---->\r\n              <div class=\"w-100 h-y-container h-column__content h-column__v-align flex-basis-100 align-self-lg-start align-self-md-start align-self-start\">\r\n                <!---->\r\n                <div data-colibri-id=\"21962-c14\" class=\"style-18341 style-local-21962-c14 h-hide-lg position-relative h-element\">\r\n                  <!---->\r\n                <\/div>\r\n                <div data-colibri-id=\"21962-c15\" class=\"h-row-container gutters-row-lg-1 gutters-row-md-1 gutters-row-0 gutters-row-v-lg-1 gutters-row-v-md-1 gutters-row-v-1 style-18342 style-local-21962-c15 position-relative\">\r\n                  <!---->\r\n                  <div class=\"h-row justify-content-lg-center justify-content-md-center justify-content-center align-items-lg-stretch align-items-md-stretch align-items-stretch gutters-col-lg-1 gutters-col-md-1 gutters-col-0 gutters-col-v-lg-1 gutters-col-v-md-1 gutters-col-v-1\">\r\n                    <!---->\r\n                    <div class=\"h-column h-column-container d-flex h-col-lg-12 h-col-md-12 h-col-12 style-18343-outer style-local-21962-c16-outer\">\r\n                      <div data-colibri-id=\"21962-c16\" class=\"d-flex h-flex-basis h-column__inner h-px-lg-1 h-px-md-1 h-px-1 v-inner-lg-1 v-inner-md-1 v-inner-1 style-18343 style-local-21962-c16 position-relative\">\r\n                        <!---->\r\n                        <!---->\r\n                        <div class=\"w-100 h-y-container h-column__content h-column__v-align flex-basis-100 align-self-lg-start align-self-md-start align-self-start\">\r\n                          <!---->\r\n                          <div data-colibri-id=\"21962-c17\" class=\"h-global-transition-all h-heading style-18344 style-local-21962-c17 position-relative h-element\">\r\n                            <!---->\r\n                            <div class=\"h-heading__outer style-18344 style-local-21962-c17\">\r\n                              <!---->\r\n                              <!---->\r\n                              <h2 class=\"\">Cruisewatch<\/h2>\r\n                            <\/div>\r\n                          <\/div>\r\n                          <div data-colibri-id=\"21962-c18\" class=\"h-text h-text-component style-18345 style-local-21962-c18 position-relative h-element\">\r\n                            <!---->\r\n                            <!---->\r\n                            <div class=\"\">\r\n                              <p>Entwicklung eines intelligenten Kreuzfahrt-Beratungstools<\/p>\r\n                            <\/div>\r\n                          <\/div>\r\n                          <div data-colibri-id=\"21962-c19\" class=\"style-18346 style-local-21962-c19 position-relative h-element\">\r\n                            <!---->\r\n                          <\/div>\r\n                          <div data-colibri-id=\"21962-c20\" class=\"h-text h-text-component style-18347 style-local-21962-c20 position-relative h-element\">\r\n                            <!---->\r\n                            <!---->\r\n                            <div class=\"\">\r\n                              <p>Das Projekt konzentriert sich auf die Entwicklung neuer Anwendungen des maschinellen Lernens f\u00fcr den digitalen Kreuzfahrtberater Cruisewatch. Ein Unternehmen, das auf einer Webseite Kreuzfahrtreisen von verschiedenen Unternehmen anbietet. Cruisewatch unterh\u00e4lt eine riesige Datenbank mit (Meta-)Informationen \u00fcber kommende und vergangene Reisen. Dementsprechend erm\u00f6glicht sie die Anwendung von maschinellem Lernen in verschiedenen Richtungen. Zu den derzeit entwickelten Algorithmen geh\u00f6ren die Vorhersage von Reisepreisen, die Analyse des Kundenverhaltens und die Analyse von Kundenrezensionen, die f\u00fcr Reiseempfehlungen hilfreich sind.<\/p>\r\n                            <\/div>\r\n                          <\/div>\r\n                          <div data-colibri-id=\"21962-c22\" class=\"style-18354 style-local-21962-c22 position-relative h-element\">\r\n                            <!---->\r\n                          <\/div>\r\n                        <\/div>\r\n                      <\/div>\r\n                    <\/div>\r\n                  <\/div>\r\n                <\/div>\r\n                <div data-colibri-id=\"21962-c23\" class=\"h-row-container gutters-row-lg-1 gutters-row-md-1 gutters-row-0 gutters-row-v-lg-1 gutters-row-v-md-1 gutters-row-v-1 style-18355 style-local-21962-c23 position-relative\">\r\n                  <!---->\r\n                  <div class=\"h-row justify-content-lg-start justify-content-md-center justify-content-start align-items-lg-stretch align-items-md-stretch align-items-stretch gutters-col-lg-1 gutters-col-md-1 gutters-col-0 gutters-col-v-lg-1 gutters-col-v-md-1 gutters-col-v-1\">\r\n                    <!---->\r\n                    <div class=\"h-column h-column-container d-flex h-col-lg-auto h-col-md-auto h-col-auto style-18356-outer style-local-21962-c24-outer\">\r\n                      <div data-colibri-id=\"21962-c24\" class=\"d-flex h-flex-basis h-column__inner h-px-lg-2 h-px-md-2 h-px-2 v-inner-lg-2 v-inner-md-2 v-inner-2 style-18356 style-local-21962-c24 position-relative\">\r\n                        <!---->\r\n                        <!---->\r\n                        <div class=\"w-100 h-y-container h-column__content h-column__v-align flex-basis-100 align-self-lg-start align-self-md-start align-self-start\">\r\n                          <!---->\r\n                          <div data-colibri-id=\"21962-c25\" class=\"h-global-transition-all h-heading style-18357 style-local-21962-c25 position-relative h-element\">\r\n                            <!---->\r\n                            <div class=\"h-heading__outer style-18357 style-local-21962-c25\">\r\n                              <!---->\r\n                              <!---->\r\n                              <h1 class=\"\">Kontakt<\/h1>\r\n                            <\/div>\r\n                          <\/div>\r\n                        <\/div>\r\n                      <\/div>\r\n                    <\/div>\r\n                    <div class=\"h-column h-column-container d-flex h-col-lg-auto h-col-md-auto h-col-auto style-18358-outer style-local-21962-c26-outer\">\r\n                      <div data-colibri-id=\"21962-c26\" class=\"d-flex h-flex-basis h-column__inner h-px-lg-2 h-px-md-2 h-px-2 v-inner-lg-2 v-inner-md-2 v-inner-2 style-18358 style-local-21962-c26 position-relative\">\r\n                        <!---->\r\n                        <!---->\r\n                        <div class=\"w-100 h-y-container h-column__content h-column__v-align flex-basis-100 align-self-lg-start align-self-md-start align-self-start\">\r\n                          <!---->\r\n                          <div data-colibri-id=\"21962-c27\" class=\"d-block style-18359 style-local-21962-c27 position-relative h-element\">\r\n                            <!---->\r\n                            <div class=\"h-image__frame-container-outer\">\r\n                              <a href=\"https:\/\/www.l3s.de\/de\/people\/directors\/bodo-rosenhahn\/\" h-use-smooth-scroll=\"true\" class=\"image-link\">\r\n                                <div class=\"h-image__frame-container\">\r\n                                  <!---->\r\n                                  <!---->\r\n                                  <img decoding=\"async\" width=\"600\" height=\"600\" data-src=\"https:\/\/www.l3s.de\/wp-content\/uploads\/2022\/08\/cropped-Rosenhahn-Bodo_2-e1678788328145.jpg\" class=\"wp-image-19021 style-18359-image style-local-21962-c27-image lazyload\" alt=\"\" data-srcset=\"https:\/\/www.l3s.de\/wp-content\/uploads\/2022\/08\/cropped-Rosenhahn-Bodo_2-e1678788328145.jpg 600w, https:\/\/www.l3s.de\/wp-content\/uploads\/2022\/08\/cropped-Rosenhahn-Bodo_2-e1678788328145-300x300.jpg 300w, https:\/\/www.l3s.de\/wp-content\/uploads\/2022\/08\/cropped-Rosenhahn-Bodo_2-e1678788328145-150x150.jpg 150w, https:\/\/www.l3s.de\/wp-content\/uploads\/2022\/08\/cropped-Rosenhahn-Bodo_2-e1678788328145-12x12.jpg 12w\" data-sizes=\"(max-width: 600px) 100vw, 600px\" src=\"data:image\/svg+xml;base64,PHN2ZyB3aWR0aD0iMSIgaGVpZ2h0PSIxIiB4bWxucz0iaHR0cDovL3d3dy53My5vcmcvMjAwMC9zdmciPjwvc3ZnPg==\" style=\"--smush-placeholder-width: 600px; --smush-placeholder-aspect-ratio: 600\/600;\" \/>\r\n                                  <div class=\"h-image__frame h-hide-lg h-hide-md h-hide-sm style-18359-frameImage style-local-21962-c27-frameImage\"><\/div>\r\n                                <\/div>\r\n                              <\/a>\r\n                            <\/div>\r\n                          <\/div>\r\n                          <div data-colibri-id=\"21962-c28\" class=\"h-global-transition-all h-heading style-18360 style-local-21962-c28 position-relative h-element\">\r\n                            <!---->\r\n                            <div class=\"h-heading__outer style-18360 style-local-21962-c28\">\r\n                              <!---->\r\n                              <!---->\r\n                              <a href=\"https:\/\/www.l3s.de\/de\/people\/directors\/bodo-rosenhahn\/\" h-use-smooth-scroll=\"true\">\r\n                                <h4 class=\"\">Prof. Dr. Bodo Rosenhahn<\/h4>\r\n                              <\/a>\r\n                            <\/div>\r\n                          <\/div>\r\n                          <div data-colibri-id=\"21962-c29\" class=\"h-text h-text-component style-18361 style-local-21962-c29 position-relative h-element\">\r\n                            <!---->\r\n                            <!---->\r\n                            <div class=\"\">\r\n                              <p>Projektmanager<\/p>\r\n                            <\/div>\r\n                          <\/div>\r\n                          <div data-colibri-id=\"21962-c30\" class=\"h-row-container gutters-row-lg-0 gutters-row-md-0 gutters-row-0 gutters-row-v-lg-0 gutters-row-v-md-0 gutters-row-v-0 style-18362 style-local-21962-c30 position-relative\">\r\n                            <!---->\r\n                            <div class=\"h-row justify-content-lg-center justify-content-md-center justify-content-center align-items-lg-stretch align-items-md-stretch align-items-stretch gutters-col-lg-0 gutters-col-md-0 gutters-col-0 gutters-col-v-lg-0 gutters-col-v-md-0 gutters-col-v-0\">\r\n                              <!---->\r\n                              <div class=\"h-column h-column-container d-flex h-col-lg h-col-md h-col-auto style-18363-outer style-local-21962-c31-outer\">\r\n                                <div data-colibri-id=\"21962-c31\" class=\"d-flex h-flex-basis h-column__inner h-px-lg-0 h-px-md-0 h-px-0 v-inner-lg-0 v-inner-md-0 v-inner-0 style-18363 style-local-21962-c31 position-relative\">\r\n                                  <!---->\r\n                                  <!---->\r\n                                  <div class=\"w-100 h-y-container h-column__content h-column__v-align flex-basis-100 align-self-lg-start align-self-md-start align-self-start\">\r\n                                    <!---->\r\n                                    <div data-colibri-id=\"21962-c32\" class=\"h-x-container style-18364 style-local-21962-c32 position-relative h-element\">\r\n                                      <!---->\r\n                                      <div class=\"h-x-container-inner style-dynamic-21962-c32-group style-18364-spacing style-local-21962-c32-spacing\"><span class=\"h-link__outer style-18621-outer style-local-21962-c33-outer d-inline-flex h-element\"><a h-use-smooth-scroll=\"true\" href=\"mailto:rosenhahn@l3s.de\"  data-colibri-id=\"21962-c33\" class=\"d-flex w-100 align-items-center h-link style-18621 style-local-21962-c33 position-relative\"><!----><span  class=\"h-svg-icon h-link__icon style-18621-icon style-local-21962-c33-icon\"><!--Icon by Simple Line Icons (https:\/\/github.com\/thesabbir\/simple-line-icons)--><svg version=\"1.1\" xmlns=\"http:\/\/www.w3.org\/2000\/svg\" xmlns:xlink=\"http:\/\/www.w3.org\/1999\/xlink\" id=\"envelope\" viewbox=\"0 0 512 514.032\"><path d=\"M511.728 117.016c.496-3.072.088-6.24-1.24-9.136-4.032-17.72-16.84-26.864-38.488-26.864H56c-19.04 0-39.552 7-49.64 20.736-.872.664-1.704 1.416-2.456 2.288-3.224 3.72-4.352 8.504-3.632 13.016-.144 1.296-.272 2.6-.272 3.96v256c0 26.512 29.496 56 56 56h416c26.512 0 40-29.488 40-56v-256c0-1.416-.184-2.656-.272-4zm-455.728-4h416.216L256 285.344 40.656 113.72c4.896-.904 10.92-.704 15.344-.704zm416 288H56c-8.824 0-24-15.168-24-24V147.792l213.52 170.824c3.008 2.6 6.744 3.896 10.48 3.896s7.472-1.296 10.488-3.896L480 147.8v229.216c0 8.832.832 24-8 24z\"><\/path><\/svg><\/span>                                        <span>rosenhahn@l3s.de<\/span><\/a>\r\n                                        <\/span>\r\n                                      <\/div>\r\n                                    <\/div>\r\n                                    <div data-colibri-id=\"21962-c34\" class=\"h-x-container style-18366 style-local-21962-c34 position-relative h-element\">\r\n                                      <!---->\r\n                                      <div class=\"h-x-container-inner style-dynamic-21962-c34-group style-18366-spacing style-local-21962-c34-spacing\"><span class=\"h-link__outer style-18365-outer style-local-21962-c35-outer d-inline-flex h-element\"><a h-use-smooth-scroll=\"true\" href=\"tel:+49 511 762 5316\"  data-colibri-id=\"21962-c35\" class=\"d-flex w-100 align-items-center h-link style-18365 style-local-21962-c35 position-relative\"><!----><span  class=\"h-svg-icon h-link__icon style-18365-icon style-local-21962-c35-icon\"><!--Icon by Icons8 Line Awesome (https:\/\/icons8.com\/line-awesome)--><svg version=\"1.1\" xmlns=\"http:\/\/www.w3.org\/2000\/svg\" xmlns:xlink=\"http:\/\/www.w3.org\/1999\/xlink\" id=\"phone\" viewbox=\"0 0 512 545.5\"><path d=\"M138.5 80c8.375 0 16.656 3.024 23.5 8.5l1 .5.5.5 64 66 1.5 1.5-.5.5c14.174 13.212 13.968 35.53.5 49l-32 32c4.92 11.277 18.33 40.02 44.5 65 26.358 25.16 53.932 39.467 65.5 45l31.5-31.5.5-.5c13.28-13.28 36.72-13.28 50 0l.5 1 65 65c13.28 13.28 13.28 36.22 0 49.5L405 481.5l-.5.5-.5.5c-15.01 12.867-36.04 17.486-55.5 11h-.5c-37.55-14.693-113.51-48.01-181.5-116C98.773 309.773 64.052 234.84 50.5 196c-.035-.1.034-.4 0-.5-6.703-18.434-1.915-39.738 13.5-54l-.5-.5 50-51.5.5-.5 1-.5c6.844-5.476 15.125-8.5 23.5-8.5zm0 32c-1.172 0-2.344.575-3.5 1.5L86.5 163l-.5.5-.5.5c-5.674 4.863-7.44 14.493-5 21 12.12 34.847 45.2 106.7 108.5 170 62.784 62.784 133.224 93.76 169.5 108 9.34 3.113 17.11 1.833 24.5-4.5l49-49c2.72-2.72 2.72-1.78 0-4.5l-65.5-65.5c-2.72-2.72-2.28-2.72-5 0l-40 40-7.5 7.5-10-4.5s-43.83-18.552-81-52.5l-3.5-3c-38.595-36.84-57-86-57-86l-3.5-10 7.5-7 40-40c1.966-1.966.874-3.6 1-3.5l-.5-.5-1-1-64-65.5c-1.156-.925-2.328-1.5-3.5-1.5z\"><\/path><\/svg><\/span>                                        <span>+49 511 762-5316<\/span><\/a>\r\n                                        <\/span>\r\n                                      <\/div>\r\n                                    <\/div>\r\n                                  <\/div>\r\n                                <\/div>\r\n                              <\/div>\r\n                            <\/div>\r\n                          <\/div>\r\n                        <\/div>\r\n                      <\/div>\r\n                    <\/div>\r\n                  <\/div>\r\n                <\/div>\r\n              <\/div>\r\n            <\/div>\r\n          <\/div>\r\n        <\/div>\r\n      <\/div>\r\n    <\/div>\r\n  <\/div>\r\n<\/div>","protected":false},"excerpt":{"rendered":"<p>Website: www.cruisewatch.com Cruisewatch Development of an intelligent cruise consulting tool The project concentrates on developing new applications of machine learning for the digital cruise advisor Cruisewatch. A company which offers cruise trips from various companies on a webpage. Cruisewatch maintains a huge database of (meta-)information about upcoming and historical trips. Accordingly, it allows to apply [&hellip;]<\/p>","protected":false},"author":5,"featured_media":0,"parent":10129,"menu_order":0,"comment_status":"closed","ping_status":"closed","template":"page-templates\/full-width-page.php","meta":{"_acf_changed":false,"footnotes":""},"categories":[75],"tags":[119,121],"class_list":["post-21962","page","type-page","status-publish","hentry","category-project-archive","tag-archive","tag-startups"],"acf":[],"aioseo_notices":[],"publishpress_future_action":{"enabled":false,"date":"2026-05-17 21:56:10","action":"category","newStatus":"draft","terms":[75],"taxonomy":"category","extraData":[]},"publishpress_future_workflow_manual_trigger":{"enabledWorkflows":[]},"_links":{"self":[{"href":"https:\/\/www.l3s.de\/de\/wp-json\/wp\/v2\/pages\/21962","targetHints":{"allow":["GET"]}}],"collection":[{"href":"https:\/\/www.l3s.de\/de\/wp-json\/wp\/v2\/pages"}],"about":[{"href":"https:\/\/www.l3s.de\/de\/wp-json\/wp\/v2\/types\/page"}],"author":[{"embeddable":true,"href":"https:\/\/www.l3s.de\/de\/wp-json\/wp\/v2\/users\/5"}],"replies":[{"embeddable":true,"href":"https:\/\/www.l3s.de\/de\/wp-json\/wp\/v2\/comments?post=21962"}],"version-history":[{"count":1,"href":"https:\/\/www.l3s.de\/de\/wp-json\/wp\/v2\/pages\/21962\/revisions"}],"predecessor-version":[{"id":30322,"href":"https:\/\/www.l3s.de\/de\/wp-json\/wp\/v2\/pages\/21962\/revisions\/30322"}],"up":[{"embeddable":true,"href":"https:\/\/www.l3s.de\/de\/wp-json\/wp\/v2\/pages\/10129"}],"wp:attachment":[{"href":"https:\/\/www.l3s.de\/de\/wp-json\/wp\/v2\/media?parent=21962"}],"wp:term":[{"taxonomy":"category","embeddable":true,"href":"https:\/\/www.l3s.de\/de\/wp-json\/wp\/v2\/categories?post=21962"},{"taxonomy":"post_tag","embeddable":true,"href":"https:\/\/www.l3s.de\/de\/wp-json\/wp\/v2\/tags?post=21962"}],"curies":[{"name":"wp","href":"https:\/\/api.w.org\/{rel}","templated":true}]}}