{"id":20324,"date":"2023-03-20T15:50:24","date_gmt":"2023-03-20T14:50:24","guid":{"rendered":"https:\/\/www.l3s.de\/?page_id=20324"},"modified":"2024-11-12T11:23:22","modified_gmt":"2024-11-12T10:23:22","slug":"natural-language-processing","status":"publish","type":"page","link":"https:\/\/www.l3s.de\/de\/research-at-l3s\/all-projects\/natural-language-processing\/","title":{"rendered":"Verarbeitung nat\u00fcrlicher Sprache"},"content":{"rendered":"<div data-colibri-id=\"20324-c1\" class=\"style-18476 style-local-20324-c1 position-relative\">\n  <!---->\n  <div data-colibri-component=\"section\" data-colibri-id=\"20324-c2\" id=\"custom\" class=\"h-section h-section-global-spacing d-flex align-items-lg-center align-items-md-center align-items-center style-18477 style-local-20324-c2 position-relative\">\n    <!---->\n    <!---->\n    <div class=\"h-section-grid-container h-section-boxed-container\">\n      <!---->\n      <div data-colibri-id=\"20324-c3\" class=\"h-row-container gutters-row-lg-2 gutters-row-md-2 gutters-row-0 gutters-row-v-lg-2 gutters-row-v-md-2 gutters-row-v-2 style-18478 style-local-20324-c3 position-relative\">\n        <!---->\n        <div class=\"h-row justify-content-lg-center justify-content-md-center justify-content-center align-items-lg-stretch align-items-md-stretch align-items-stretch gutters-col-lg-2 gutters-col-md-2 gutters-col-0 gutters-col-v-lg-2 gutters-col-v-md-2 gutters-col-v-2\">\n          <!---->\n          <div class=\"h-column h-column-container d-flex h-col-lg-12 h-col-md-12 h-col-12 style-18479-outer style-local-20324-c4-outer\">\n            <div data-colibri-id=\"20324-c4\" class=\"d-flex h-flex-basis h-column__inner h-px-lg-2 h-px-md-2 h-px-2 v-inner-lg-2 v-inner-md-2 v-inner-2 style-18479 style-local-20324-c4 position-relative\">\n              <!---->\n              <!---->\n              <div class=\"w-100 h-y-container h-column__content h-column__v-align flex-basis-100 align-self-lg-start align-self-md-start align-self-start\">\n                <!---->\n                <div data-colibri-id=\"20324-c5\" class=\"h-lead h-text h-text-component style-18458 style-local-20324-c5 position-relative h-element\">\n                  <!---->\n                  <!---->\n                  <div class=\"\">\n                    <p>Eines der Hauptforschungsthemen des L3S im Bereich der k\u00fcnstlichen Intelligenz ist die Verarbeitung nat\u00fcrlicher Sprache.<\/p>\n                  <\/div>\n                <\/div>\n              <\/div>\n            <\/div>\n          <\/div>\n        <\/div>\n      <\/div>\n      <div data-colibri-id=\"20324-c6\" class=\"h-row-container gutters-row-lg-2 gutters-row-md-2 gutters-row-0 gutters-row-v-lg-2 gutters-row-v-md-2 gutters-row-v-2 style-18482 style-local-20324-c6 position-relative\">\n        <!---->\n        <div class=\"h-row justify-content-lg-center justify-content-md-center justify-content-center align-items-lg-stretch align-items-md-stretch align-items-stretch gutters-col-lg-2 gutters-col-md-2 gutters-col-0 gutters-col-v-lg-2 gutters-col-v-md-2 gutters-col-v-2\">\n          <!---->\n          <div class=\"h-column h-column-container d-flex h-col-lg-12 h-col-md-12 h-col-12 style-18483-outer style-local-20324-c7-outer\">\n            <div data-colibri-id=\"20324-c7\" class=\"d-flex h-flex-basis h-column__inner h-px-lg-2 h-px-md-2 h-px-2 v-inner-lg-2 v-inner-md-2 v-inner-2 style-18483 style-local-20324-c7 position-relative\">\n              <!---->\n              <!---->\n              <div class=\"w-100 h-y-container h-column__content h-column__v-align flex-basis-100 align-self-lg-start align-self-md-start align-self-start\">\n                <!---->\n                <div data-colibri-id=\"20324-c8\" class=\"style-18484 style-local-20324-c8 position-relative h-element\">\n                  <!---->\n                  <div class=\"\"><div class=\"pt-cv-wrapper\"><ul class=\"pt-cv-gls-menu\" id=\"pt-cv-gls-4f3fbef2s6\"><li><a href=\"#pt-cv-gls-Overview\" class=\"pt-active\">Titelthema<\/a><\/li><li><a href=\"#pt-cv-gls-G\" >G<\/a><\/li><li><a href=\"#pt-cv-gls-K\" >K<\/a><\/li><li><a href=\"#pt-cv-gls-M\" >M<\/a><\/li><li><a href=\"#pt-cv-gls-S\" >S<\/a><\/li><\/ul><div class=\"pt-cv-view pt-cv-glossary pt-cv-colsys pt-cv-left\" id=\"pt-cv-view-4f3fbef2s6\"><div data-id=\"pt-cv-page-1\" class=\"pt-cv-page\" data-cvc=\"2\"><div id=\"pt-cv-gls-G\" class=\"pt-cv-gls-group\"><div class=\"pt-cv-gls-header\">G<\/div><div class=\"pt-cv-gls-content\"><div class=\"col-md-6 col-sm-12 col-xs-12 pt-cv-content-item pt-cv-1-col\"  data-pid=\"0\"><div class='pt-cv-ifield'><a href=\"https:\/\/www.l3s.de\/de\/research-at-l3s\/all-projects\/graphia\/\" class=\"_self pt-cv-href-thumbnail pt-cv-thumb-default cvplbd\" target=\"_self\" ><img decoding=\"async\" data-src=\"https:\/\/www.l3s.de\/wp-content\/uploads\/2025\/04\/graphia-1-824x150.png\" class=\"pt-cv-thumbnail img-rounded cvp-substitute lazyload\" alt=\"GRAPHIA\" title=\"\" src=\"data:image\/svg+xml;base64,PHN2ZyB3aWR0aD0iMSIgaGVpZ2h0PSIxIiB4bWxucz0iaHR0cDovL3d3dy53My5vcmcvMjAwMC9zdmciPjwvc3ZnPg==\" style=\"--smush-placeholder-width: 824px; --smush-placeholder-aspect-ratio: 824\/150;\" \/><\/a>\n<h4 class=\"pt-cv-title\"><a href=\"https:\/\/www.l3s.de\/de\/research-at-l3s\/all-projects\/graphia\/\" class=\"_self cvplbd\" target=\"_self\" >GRAPHIA<\/a><\/h4>\n<div class=\"pt-cv-ctf-list\" data-cvc=\"1\"><div class=\"col-md-12 pt-cv-ctf-column\"><div class=\"pt-cv-custom-fields pt-cv-ctf-_aioseo_description\"><div class=\"pt-cv-ctf-value\">GRAPHIA zielt darauf ab, einen umfassenden SSH Knowledge Graph (KG) zu entwickeln, der verstreute Daten in einen einheitlichen Zugangspunkt integriert und die Datenvisualisierung und - analyse verbessert.<\/div><\/div><\/div><\/div>\n<div class=\"pt-cv-content\"><div class=\"pt-cv-rmwrap\"><a href=\"https:\/\/www.l3s.de\/de\/research-at-l3s\/all-projects\/graphia\/\" class=\"_self pt-cv-readmore btn btn-success cvplbd\" target=\"_self\">Weiterlesen<\/a><\/div><\/div><\/div><\/div><\/div><\/div>\n<div id=\"pt-cv-gls-K\" class=\"pt-cv-gls-group\"><div class=\"pt-cv-gls-header\">K<\/div><div class=\"pt-cv-gls-content\"><div class=\"col-md-6 col-sm-12 col-xs-12 pt-cv-content-item pt-cv-1-col\"  data-pid=\"0\"><div class='pt-cv-ifield'><a href=\"https:\/\/www.l3s.de\/de\/research-at-l3s\/all-projects\/kieep\/\" class=\"_self pt-cv-href-thumbnail pt-cv-thumb-default cvplbd\" target=\"_self\" ><img decoding=\"async\" data-src=\"https:\/\/www.l3s.de\/wp-content\/uploads\/2023\/03\/project-225x150.jpg\" class=\"pt-cv-thumbnail img-rounded cvp-substitute lazyload\" alt=\"KIEEP\" title=\"\" src=\"data:image\/svg+xml;base64,PHN2ZyB3aWR0aD0iMSIgaGVpZ2h0PSIxIiB4bWxucz0iaHR0cDovL3d3dy53My5vcmcvMjAwMC9zdmciPjwvc3ZnPg==\" style=\"--smush-placeholder-width: 225px; --smush-placeholder-aspect-ratio: 225\/150;\" \/><\/a>\n<h4 class=\"pt-cv-title\"><a href=\"https:\/\/www.l3s.de\/de\/research-at-l3s\/all-projects\/kieep\/\" class=\"_self cvplbd\" target=\"_self\" >KIEEP<\/a><\/h4>\n<div class=\"pt-cv-ctf-list\" data-cvc=\"1\"><div class=\"col-md-12 pt-cv-ctf-column\"><div class=\"pt-cv-custom-fields pt-cv-ctf-_aioseo_description\"><div class=\"pt-cv-ctf-value\">KIEEP beschleunigt den Ausbau erneuerbarer Energien durch KI-basiertes Aufbereiten von regulatorischen Rahmenbedingungen f\u00fcr eine effizientere Allokation von Resourcen.<\/div><\/div><\/div><\/div>\n<div class=\"pt-cv-content\"><div class=\"pt-cv-rmwrap\"><a href=\"https:\/\/www.l3s.de\/de\/research-at-l3s\/all-projects\/kieep\/\" class=\"_self pt-cv-readmore btn btn-success cvplbd\" target=\"_self\">Weiterlesen<\/a><\/div><\/div><\/div><\/div><\/div><\/div>\n<div id=\"pt-cv-gls-M\" class=\"pt-cv-gls-group\"><div class=\"pt-cv-gls-header\">M<\/div><div class=\"pt-cv-gls-content\"><div class=\"col-md-6 col-sm-12 col-xs-12 pt-cv-content-item pt-cv-1-col\"  data-pid=\"0\"><div class='pt-cv-ifield'><a href=\"https:\/\/www.l3s.de\/de\/research-at-l3s\/all-projects\/motores\/\" class=\"_self pt-cv-href-thumbnail pt-cv-thumb-default cvplbd\" target=\"_self\" ><img decoding=\"async\" data-src=\"https:\/\/www.l3s.de\/wp-content\/uploads\/2024\/09\/Motores-Logo.png\" class=\"pt-cv-thumbnail img-rounded cvp-substitute lazyload\" alt=\"MoToRes\" title=\"\" src=\"data:image\/svg+xml;base64,PHN2ZyB3aWR0aD0iMSIgaGVpZ2h0PSIxIiB4bWxucz0iaHR0cDovL3d3dy53My5vcmcvMjAwMC9zdmciPjwvc3ZnPg==\" style=\"--smush-placeholder-width: 235px; --smush-placeholder-aspect-ratio: 235\/90;\" \/><\/a>\n<h4 class=\"pt-cv-title\"><a href=\"https:\/\/www.l3s.de\/de\/research-at-l3s\/all-projects\/motores\/\" class=\"_self cvplbd\" target=\"_self\" >MoToRes<\/a><\/h4>\n<div class=\"pt-cv-ctf-list\" data-cvc=\"1\"><div class=\"col-md-12 pt-cv-ctf-column\"><div class=\"pt-cv-custom-fields pt-cv-ctf-_aioseo_description\"><div class=\"pt-cv-ctf-value\">Routenempfehlungen f\u00fcr individuelle Nutzerbed\u00fcrfnisse, regionale Spezifika und eine optimale Auslastung von Verkehrsmitteln und Attraktionen<\/div><\/div><\/div><\/div>\n<div class=\"pt-cv-content\"><div class=\"pt-cv-rmwrap\"><a href=\"https:\/\/www.l3s.de\/de\/research-at-l3s\/all-projects\/motores\/\" class=\"_self pt-cv-readmore btn btn-success cvplbd\" target=\"_self\">Weiterlesen<\/a><\/div><\/div><\/div><\/div><\/div><\/div>\n<div id=\"pt-cv-gls-S\" class=\"pt-cv-gls-group\"><div class=\"pt-cv-gls-header\">S<\/div><div class=\"pt-cv-gls-content\"><div class=\"col-md-6 col-sm-12 col-xs-12 pt-cv-content-item pt-cv-1-col\"  data-pid=\"0\"><div class='pt-cv-ifield'><a href=\"https:\/\/www.l3s.de\/de\/research-at-l3s\/all-projects\/soofi\/\" class=\"_self pt-cv-href-thumbnail pt-cv-thumb-default cvplbd\" target=\"_self\" ><img decoding=\"async\"  height=\"150\" data-src=\"https:\/\/www.l3s.de\/wp-content\/uploads\/2025\/12\/soofi-logo-300x169-266x150.png\" class=\"pt-cv-thumbnail img-rounded lazyload\" alt=\"soofi\" data-srcset=\"https:\/\/www.l3s.de\/wp-content\/uploads\/2025\/12\/soofi-logo-300x169-266x150.png\" data-sizes=\"(max-width: 266px) 100vw, 266px\" src=\"data:image\/svg+xml;base64,PHN2ZyB3aWR0aD0iMSIgaGVpZ2h0PSIxIiB4bWxucz0iaHR0cDovL3d3dy53My5vcmcvMjAwMC9zdmciPjwvc3ZnPg==\" style=\"--smush-placeholder-width: 266px; --smush-placeholder-aspect-ratio: 266\/150;\" \/><\/a>\n<h4 class=\"pt-cv-title\"><a href=\"https:\/\/www.l3s.de\/de\/research-at-l3s\/all-projects\/soofi\/\" class=\"_self cvplbd\" target=\"_self\" >soofi<\/a><\/h4>\n<div class=\"pt-cv-ctf-list\" data-cvc=\"1\"><div class=\"col-md-12 pt-cv-ctf-column\"><div class=\"pt-cv-custom-fields pt-cv-ctf-_aioseo_description\"><div class=\"pt-cv-ctf-value\">Im SOOFI-Projekt wird ein gr\u00f6\u00dferes KI-Sprachmodell entwickelt, das der Wirtschaft und Gesellschaft als Open Source zur Verf\u00fcgung gestellt wird.<\/div><\/div><\/div><\/div>\n<div class=\"pt-cv-content\"><div class=\"pt-cv-rmwrap\"><a href=\"https:\/\/www.l3s.de\/de\/research-at-l3s\/all-projects\/soofi\/\" class=\"_self pt-cv-readmore btn btn-success cvplbd\" target=\"_self\">Weiterlesen<\/a><\/div><\/div><\/div><\/div>\n<div class=\"col-md-6 col-sm-12 col-xs-12 pt-cv-content-item pt-cv-1-col\"  data-pid=\"1\"><div class='pt-cv-ifield'><a href=\"https:\/\/www.l3s.de\/de\/research-at-l3s\/all-projects\/siswiss\/\" class=\"_self pt-cv-href-thumbnail pt-cv-thumb-default cvplbd\" target=\"_self\" ><img decoding=\"async\"  height=\"150\" data-src=\"https:\/\/www.l3s.de\/wp-content\/uploads\/2025\/06\/siswiss-300x171-263x150.jpeg\" class=\"pt-cv-thumbnail img-rounded lazyload\" alt=\"SisWiss\" data-srcset=\"https:\/\/www.l3s.de\/wp-content\/uploads\/2025\/06\/siswiss-300x171-263x150.jpeg\" data-sizes=\"(max-width: 263px) 100vw, 263px\" src=\"data:image\/svg+xml;base64,PHN2ZyB3aWR0aD0iMSIgaGVpZ2h0PSIxIiB4bWxucz0iaHR0cDovL3d3dy53My5vcmcvMjAwMC9zdmciPjwvc3ZnPg==\" style=\"--smush-placeholder-width: 263px; --smush-placeholder-aspect-ratio: 263\/150;\" \/><\/a>\n<h4 class=\"pt-cv-title\"><a href=\"https:\/\/www.l3s.de\/de\/research-at-l3s\/all-projects\/siswiss\/\" class=\"_self cvplbd\" target=\"_self\" >SisWiss<\/a><\/h4>\n<div class=\"pt-cv-ctf-list\" data-cvc=\"1\"><div class=\"col-md-12 pt-cv-ctf-column\"><div class=\"pt-cv-custom-fields pt-cv-ctf-_aioseo_description\"><div class=\"pt-cv-ctf-value\">Im SisWiss Projekt sollen die Entwicklung von theoretischen Ans\u00e4tzen zur Zertifizierung eines LLMs mit konkreten Sicherheitstests kombiniert werden.<\/div><\/div><\/div><\/div>\n<div class=\"pt-cv-content\"><div class=\"pt-cv-rmwrap\"><a href=\"https:\/\/www.l3s.de\/de\/research-at-l3s\/all-projects\/siswiss\/\" class=\"_self pt-cv-readmore btn btn-success cvplbd\" target=\"_self\">Weiterlesen<\/a><\/div><\/div><\/div><\/div><\/div><\/div><\/div><\/div><\/div>\t\t\t<style type=\"text\/css\" id=\"pt-cv-inline-style-823f428z5w\">#pt-cv-view-4f3fbef2s6  { margin-top: 10px !important; margin-bottom: 10px !important; }\n#pt-cv-view-4f3fbef2s6 .pt-cv-ifield { padding-top: 20px !important; padding-left: 40px !important; padding-bottom: 20px !important; padding-right: 100px !important; }\n#pt-cv-view-4f3fbef2s6 .pt-cv-title a, #pt-cv-view-4f3fbef2s6  .panel-title { font-family: 'Noto Sans', Arial, serif !important; font-size: 20px !important; line-height: 1.3 !important; color: #03304c !important; font-weight: 600 !important; }\n#pt-cv-view-4f3fbef2s6  .pt-cv-title a:hover, #pt-cv-view-4f3fbef2s6  .panel-title:hover   { font-family: 'Noto Sans', Arial, serif !important; color: #56a29a !important; }\n#pt-cv-view-4f3fbef2s6 .pt-cv-content , #pt-cv-view-4f3fbef2s6  .pt-cv-content *:not(.pt-cv-readmore):not(style):not(script) { font-family: 'Noto Sans', Arial, serif !important; }\n#pt-cv-view-4f3fbef2s6 .pt-cv-custom-fields * { font-family: 'Noto Sans', Arial, serif !important; }\n#pt-cv-view-4f3fbef2s6 .pt-cv-readmore  { font-family: 'Noto Sans', Arial, serif !important; color: #ffffff !important; background-color: #4a8bb1 !important; }\n#pt-cv-view-4f3fbef2s6 .pt-cv-readmore:hover  { font-family: 'Noto Sans', Arial, serif !important; color: #ffffff !important; background-color: #56a29a !important; }\n#pt-cv-view-4f3fbef2s6  + .pt-cv-pagination-wrapper .pt-cv-more , #pt-cv-view-4f3fbef2s6  + .pt-cv-pagination-wrapper .pagination .active a, .pt-cv-pagination[data-sid='4f3fbef2s6'] .active a { color: #ffffff !important; background-color: #00aeef !important; }\n#pt-cv-gls-4f3fbef2s6 li a   { font-family: 'Noto Sans', Arial, serif !important; color: #03304c !important; }\n#pt-cv-gls-4f3fbef2s6 li a.pt-active   { font-family: 'Noto Sans', Arial, serif !important; color: #4a8bb1 !important; font-weight: 600 !important; }\n#pt-cv-view-4f3fbef2s6 .pt-cv-gls-header  { font-family: 'Noto Sans', Arial, serif !important; font-size: 20px !important; line-height: 1.3 !important; color: #ffffff !important; background-color: #03304c !important; font-weight: 600 !important; }\n#pt-cv-view-4f3fbef2s6 .img-rounded, #pt-cv-view-4f3fbef2s6 .pt-cv-hover-wrapper { -webkit-border-radius: 10px !important; -moz-border-radius: 10px !important; border-radius: 10px !important; }\n#pt-cv-view-4f3fbef2s6 .pt-cv-cap-w-img { border-bottom-left-radius: 10px !important; border-bottom-right-radius: 10px !important; }\n#pt-cv-view-4f3fbef2s6 { text-align: left; }<\/style>\r\n\t\t\t<link href='\/\/fonts.googleapis.com\/css?family=Noto+Sans' rel='stylesheet' type='text\/css'><\/div>\n                <\/div>\n              <\/div>\n            <\/div>\n          <\/div>\n        <\/div>\n      <\/div>\n    <\/div>\n  <\/div>\n<\/div>","protected":false},"excerpt":{"rendered":"<p>Eines der Hauptforschungsthemen des L3S im Bereich der k\u00fcnstlichen Intelligenz ist die Verarbeitung nat\u00fcrlicher Sprache.<\/p>","protected":false},"author":4,"featured_media":0,"parent":2010,"menu_order":0,"comment_status":"closed","ping_status":"closed","template":"page-templates\/full-width-page.php","meta":{"_acf_changed":false,"footnotes":""},"categories":[],"tags":[],"class_list":["post-20324","page","type-page","status-publish","hentry"],"acf":[],"aioseo_notices":[],"publishpress_future_action":{"enabled":false,"date":"2026-05-08 13:20:40","action":"category","newStatus":"draft","terms":[75],"taxonomy":"category","extraData":[]},"publishpress_future_workflow_manual_trigger":{"enabledWorkflows":[]},"_links":{"self":[{"href":"https:\/\/www.l3s.de\/de\/wp-json\/wp\/v2\/pages\/20324","targetHints":{"allow":["GET"]}}],"collection":[{"href":"https:\/\/www.l3s.de\/de\/wp-json\/wp\/v2\/pages"}],"about":[{"href":"https:\/\/www.l3s.de\/de\/wp-json\/wp\/v2\/types\/page"}],"author":[{"embeddable":true,"href":"https:\/\/www.l3s.de\/de\/wp-json\/wp\/v2\/users\/4"}],"replies":[{"embeddable":true,"href":"https:\/\/www.l3s.de\/de\/wp-json\/wp\/v2\/comments?post=20324"}],"version-history":[{"count":1,"href":"https:\/\/www.l3s.de\/de\/wp-json\/wp\/v2\/pages\/20324\/revisions"}],"predecessor-version":[{"id":36716,"href":"https:\/\/www.l3s.de\/de\/wp-json\/wp\/v2\/pages\/20324\/revisions\/36716"}],"up":[{"embeddable":true,"href":"https:\/\/www.l3s.de\/de\/wp-json\/wp\/v2\/pages\/2010"}],"wp:attachment":[{"href":"https:\/\/www.l3s.de\/de\/wp-json\/wp\/v2\/media?parent=20324"}],"wp:term":[{"taxonomy":"category","embeddable":true,"href":"https:\/\/www.l3s.de\/de\/wp-json\/wp\/v2\/categories?post=20324"},{"taxonomy":"post_tag","embeddable":true,"href":"https:\/\/www.l3s.de\/de\/wp-json\/wp\/v2\/tags?post=20324"}],"curies":[{"name":"wp","href":"https:\/\/api.w.org\/{rel}","templated":true}]}}