{"id":17833,"date":"2023-03-02T12:42:12","date_gmt":"2023-03-02T11:42:12","guid":{"rendered":"https:\/\/www.l3s.de\/?page_id=17833"},"modified":"2023-04-14T14:42:45","modified_gmt":"2023-04-14T12:42:45","slug":"fighting-bacteria-with-data","status":"publish","type":"page","link":"https:\/\/www.l3s.de\/de\/magazine\/binaire-articles\/fighting-bacteria-with-data\/","title":{"rendered":"Bakterien mit Daten bek\u00e4mpfen"},"content":{"rendered":"<div data-colibri-id=\"17833-c1\" class=\"style-12757 style-local-17833-c1 position-relative\">\n  <!---->\n  <div data-colibri-component=\"section\" data-colibri-id=\"17833-c2\" id=\"reusable-sections\" class=\"h-section h-section-global-spacing d-flex align-items-lg-center align-items-md-center align-items-center style-12758 style-local-17833-c2 position-relative\">\n    <!---->\n    <!---->\n    <div class=\"h-section-grid-container h-section-boxed-container\">\n      <!---->\n      <div data-colibri-id=\"17833-c3\" class=\"h-row-container gutters-row-lg-0 gutters-row-md-0 gutters-row-0 gutters-row-v-lg-0 gutters-row-v-md-0 gutters-row-v-0 style-12759 style-local-17833-c3 position-relative\">\n        <!---->\n        <div class=\"h-row justify-content-lg-center justify-content-md-center justify-content-center align-items-lg-stretch align-items-md-stretch align-items-stretch gutters-col-lg-0 gutters-col-md-0 gutters-col-0 gutters-col-v-lg-0 gutters-col-v-md-0 gutters-col-v-0\">\n          <!---->\n          <div class=\"h-column h-column-container d-flex h-col-lg-auto h-col-md-auto h-col-auto style-12760-outer style-local-17833-c4-outer\">\n            <div data-colibri-id=\"17833-c4\" class=\"d-flex h-flex-basis h-column__inner h-ui-empty-state-container h-px-lg-0 h-px-md-0 h-px-0 v-inner-lg-0 v-inner-md-0 v-inner-0 colibri-featured-img-bg style-12760 style-local-17833-c4 position-relative\">\n              <div class=\"background-wrapper\">\n                <div class=\"background-layer background-layer-media-container-lg\">\n                  <div data-enabled=\"true\" data-colibri-component=\"parallax\" class=\"background-layer paraxify colibri-featured-img-bg lazyload\" model-id=\"17833-c4\" media=\"desktop\" is-preview=\"true\" style=\"background-image:inherit;\" data-bg-image=\"url(&quot;https:\/\/www.l3s.de\/wp-content\/uploads\/2022\/09\/AdobeStock_107295809-scaled.jpg&quot;)\"><\/div>\n                <\/div>\n                <div class=\"background-layer background-layer-media-container-md\">\n                  <div data-enabled=\"true\" data-colibri-component=\"parallax\" class=\"background-layer paraxify colibri-featured-img-bg lazyload\" model-id=\"17833-c4\" media=\"tablet\" is-preview=\"true\" style=\"background-image:inherit;\" data-bg-image=\"url(&quot;https:\/\/www.l3s.de\/wp-content\/uploads\/2022\/09\/AdobeStock_107295809-scaled.jpg&quot;)\"><\/div>\n                <\/div>\n                <div class=\"background-layer background-layer-media-container\">\n                  <div data-enabled=\"true\" data-colibri-component=\"parallax\" class=\"background-layer paraxify colibri-featured-img-bg lazyload\" model-id=\"17833-c4\" media=\"mobile\" is-preview=\"true\" style=\"background-image:inherit;\" data-bg-image=\"url(&quot;https:\/\/www.l3s.de\/wp-content\/uploads\/2022\/09\/AdobeStock_107295809-scaled.jpg&quot;)\"><\/div>\n                <\/div>\n              <\/div>\n              <!---->\n              <div class=\"w-100 h-y-container h-column__content h-column__v-align flex-basis-100\">\n                <!---->\n              <\/div>\n            <\/div>\n          <\/div>\n        <\/div>\n      <\/div>\n      <div data-colibri-id=\"17833-c5\" class=\"h-row-container gutters-row-lg-2 gutters-row-md-2 gutters-row-0 gutters-row-v-lg-2 gutters-row-v-md-2 gutters-row-v-2 style-12764 style-local-17833-c5 position-relative\">\n        <!---->\n        <div class=\"h-row justify-content-lg-center justify-content-md-center justify-content-center align-items-lg-stretch align-items-md-stretch align-items-stretch gutters-col-lg-2 gutters-col-md-2 gutters-col-0 gutters-col-v-lg-2 gutters-col-v-md-2 gutters-col-v-2\">\n          <!---->\n          <div class=\"h-column h-column-container d-flex h-col-lg-auto h-col-md-auto h-col-auto style-12765-outer style-local-17833-c6-outer\">\n            <div data-colibri-id=\"17833-c6\" class=\"d-flex h-flex-basis h-column__inner h-px-lg-2 h-px-md-2 h-px-2 v-inner-lg-2 v-inner-md-2 v-inner-2 style-12765 style-local-17833-c6 position-relative\">\n              <!---->\n              <!---->\n              <div class=\"w-100 h-y-container h-column__content h-column__v-align flex-basis-100 align-self-lg-start align-self-md-start align-self-start\">\n                <!---->\n                <div data-colibri-id=\"17833-c7\" class=\"h-text h-text-component style-12766 style-local-17833-c7 position-relative h-element\">\n                  <!---->\n                  <!---->\n                  <div class=\"\">\n                    <p>Ausgabe 01\/2023<\/p>\n                  <\/div>\n                <\/div>\n                <div data-colibri-id=\"17833-c8\" class=\"h-x-container style-12767 style-local-17833-c8 position-relative h-element\">\n                  <!---->\n                  <div class=\"h-x-container-inner style-dynamic-17833-c8-group style-12767-spacing style-local-17833-c8-spacing\"><span class=\"h-link__outer style-12768-outer style-local-17833-c9-outer d-inline-flex h-element\"><a h-use-smooth-scroll=\"true\" href=\"https:\/\/www.l3s.de\/de\/magazine\/#2022\"  data-colibri-id=\"17833-c9\" class=\"d-flex w-100 align-items-center h-link style-12768 style-local-17833-c9 position-relative\"><!----><!----> <span>Personalisierte Medizin<\/span><\/a>\n                    <\/span>\n                  <\/div>\n                <\/div>\n                <div data-colibri-id=\"17833-c10\" class=\"style-12769 style-local-17833-c10 position-relative h-element\">\n                  <!---->\n                <\/div>\n              <\/div>\n            <\/div>\n          <\/div>\n          <div class=\"h-column h-column-container d-flex h-col-lg h-col-md-auto h-col-auto style-12770-outer style-local-17833-c11-outer\">\n            <div data-colibri-id=\"17833-c11\" class=\"d-flex h-flex-basis h-column__inner h-px-lg-2 h-px-md-2 h-px-2 v-inner-lg-2 v-inner-md-2 v-inner-2 style-12770 style-local-17833-c11 position-relative\">\n              <!---->\n              <!---->\n              <div class=\"w-100 h-y-container h-column__content h-column__v-align flex-basis-100 align-self-lg-start align-self-md-start align-self-start\">\n                <!---->\n                <div data-colibri-id=\"17833-c12\" class=\"h-global-transition-all h-heading style-12771 style-local-17833-c12 position-relative h-element\">\n                  <!---->\n                  <div class=\"h-heading__outer style-12771 style-local-17833-c12\">\n                    <!---->\n                    <!---->\n                    <h6 class=\"\">Infektionen an Zahnimplantaten<\/h6>\n                  <\/div>\n                <\/div>\n                <div data-colibri-id=\"17833-c13\" class=\"h-global-transition-all h-heading style-12772 style-local-17833-c13 position-relative h-element\">\n                  <!---->\n                  <div class=\"h-heading__outer style-12772 style-local-17833-c13\">\n                    <!---->\n                    <!---->\n                    <h1 class=\"\">BacData - Bakterien mit Daten bek\u00e4mpfen<\/h1>\n                  <\/div>\n                <\/div>\n                <div data-colibri-id=\"17833-c14\" class=\"style-12773 style-local-17833-c14 position-relative h-element\">\n                  <!---->\n                <\/div>\n                <div data-colibri-id=\"17833-c15\" class=\"h-row-container gutters-row-lg-0 gutters-row-md-0 gutters-row-0 gutters-row-v-lg-0 gutters-row-v-md-0 gutters-row-v-0 style-12774 style-local-17833-c15 position-relative\">\n                  <!---->\n                  <div class=\"h-row justify-content-lg-center justify-content-md-center justify-content-center align-items-lg-stretch align-items-md-stretch align-items-stretch gutters-col-lg-0 gutters-col-md-0 gutters-col-0 gutters-col-v-lg-0 gutters-col-v-md-0 gutters-col-v-0\">\n                    <!---->\n                    <div class=\"h-column h-column-container d-flex h-col-lg h-col-md h-col-auto style-12775-outer style-local-17833-c16-outer\">\n                      <div data-colibri-id=\"17833-c16\" class=\"d-flex h-flex-basis h-column__inner h-px-lg-0 h-px-md-0 h-px-0 v-inner-lg-0 v-inner-md-0 v-inner-0 style-12775 style-local-17833-c16 position-relative\">\n                        <!---->\n                        <!---->\n                        <div class=\"w-100 h-y-container h-column__content h-column__v-align flex-basis-100 align-self-lg-start align-self-md-start align-self-start\">\n                          <!---->\n                          <div data-colibri-id=\"17833-c17\" class=\"h-text h-text-component style-12776 style-local-17833-c17 position-relative h-element\">\n                            <!---->\n                            <!---->\n                            <div class=\"\">\n                              <p>Implantate sollten nach der Operation eigentlich keine Probleme bereiten. Aber auf ihren Oberfl\u00e4chen siedeln sich mit der Zeit Bakterien an, die sich zu einem komplexen Netzwerk formieren und Infektionen ausl\u00f6sen k\u00f6nnen. Antibiotika haben es schwer, diese Biofilme zu bek\u00e4mpfen.<\/p>\n                              <p>Im Projekt\n                                <a href=\"https:\/\/www.l3s.de\/de\/magazine\/binaire-archive\/fighting-bacteria-with-data\/www.l3s.de\/en\/projects\/bacdata\/\" target=\"_blank\" rel=\"nofollow noopener\" style=\"font-weight: 700;\">BacData<\/a>arbeiten Forscher des L3S und der Medizinischen Hochschule Hannover (MHH) daran, Biofilme genauer zu analysieren. \u201eAngesichts der allgemeinen Zunahme von Antibiotikaresistenzen ist die Forschung unerl\u00e4sslich und ein Gebot der Stunde. Daher hoffen wir, hier mit einem interdisziplin\u00e4ren Ansatz voranzukommen\u201c, sagt Dr. Sowmya Sundaram. Die Informatikerin untersucht Daten, die Wissenschaftler der MHH zuvor aus genetischen Informationen gewonnen haben. Anhand der Daten wollen die Forscher herausfinden, was die Infektionen verursacht und wie man sie vorhersagen, verhindern oder heilen kann.<\/p>\n                              <p>Sundaram hat sich in den letzten Monaten haupts\u00e4chlich mit Zahnimplantaten befasst. Zahnimplantate, die aus metallischen Komponenten - in der Regel Titan - bestehen, entwickeln im Laufe der Zeit Infektionen aufgrund der allm\u00e4hlichen Abnutzung und der Gewohnheiten der betroffenen Person.  Sundaram hat zun\u00e4chst Daten der MHH analysiert, um herauszufinden, welche Genaktivit\u00e4t mit der Biofilmbildung auf Zahnimplantaten korreliert. Die Schwierigkeit bestand darin, dass es nur sehr wenige Patienten gibt, aber jeder Patient \u00fcber umfangreiche genetische Informationen verf\u00fcgt. \u201eDas bedeutet, dass wir die Daten nicht mit Sicherheit statistisch analysieren k\u00f6nnen. Daher haben wir mehrere komplexe statistische Instrumente eingesetzt, um die wesentlichen genetischen Faktoren zu identifizieren. Wir haben die Ergebnisse nun den Wissenschaftlern der MHH vorgelegt, die sie auf Plausibilit\u00e4t \u00fcberpr\u00fcfen und interpretieren werden\u201c, so Sundaram.<\/p>\n                              <p>Das Spannende daran: Die eingesetzten Methoden zur Erkennung relevanter Korrelationen k\u00f6nnen immer dann angewendet werden, wenn nur wenige Daten zur Verf\u00fcgung stehen, so wie auch bei einigen seltenen Krankheiten. \u201eWir werden weiterhin wertvolle Erkenntnisse liefern, die unsere Kollegen an der MHH nutzen k\u00f6nnen\u201c, sagt Sundaram. \u201eUnabh\u00e4ngig davon werden wir die Ergebnisse auch daf\u00fcr nutzen k\u00f6nnen, weitere hilfreiche Rechentools f\u00fcr andere Anwendungen zu entwickeln.\u201c<\/p>\n                            <\/div>\n                          <\/div>\n                        <\/div>\n                      <\/div>\n                    <\/div>\n                  <\/div>\n                <\/div>\n              <\/div>\n            <\/div>\n          <\/div>\n        <\/div>\n      <\/div>\n    <\/div>\n  <\/div>\n  <div data-colibri-component=\"section\" data-colibri-id=\"17833-c18\" id=\"reusable-sections-2\" class=\"h-section h-section-global-spacing d-flex align-items-lg-center align-items-md-center align-items-center style-12777 style-local-17833-c18 position-relative\">\n    <!---->\n    <!---->\n    <div class=\"h-section-grid-container h-section-boxed-container\">\n      <!---->\n      <div data-colibri-id=\"17833-c19\" class=\"h-row-container gutters-row-lg-0 gutters-row-md-0 gutters-row-0 gutters-row-v-lg-0 gutters-row-v-md-0 gutters-row-v-0 style-12778 style-local-17833-c19 position-relative\">\n        <!---->\n        <div class=\"h-row justify-content-lg-center justify-content-md-center justify-content-center align-items-lg-stretch align-items-md-stretch align-items-stretch gutters-col-lg-0 gutters-col-md-0 gutters-col-0 gutters-col-v-lg-0 gutters-col-v-md-0 gutters-col-v-0\">\n          <!---->\n          <div class=\"h-column h-column-container d-flex h-col-lg-auto h-col-md-auto h-col-auto style-12779-outer style-local-17833-c20-outer\">\n            <div data-colibri-id=\"17833-c20\" class=\"d-flex h-flex-basis h-column__inner h-px-lg-0 h-px-md-0 h-px-0 v-inner-lg-0 v-inner-md-0 v-inner-0 style-12779 style-local-17833-c20 position-relative\">\n              <!---->\n              <!---->\n              <div class=\"w-100 h-y-container h-column__content h-column__v-align flex-basis-100 align-self-lg-start align-self-md-start align-self-start\">\n                <!---->\n                <div data-colibri-id=\"17833-c21\" class=\"h-divider style-12780 style-local-17833-c21 position-relative h-element\">\n                  <!----><span class=\"h-divider__line style-12780-line style-local-17833-c21-line style-12780-line style-local-17833-c21-line\"><\/span><\/div>\n              <\/div>\n            <\/div>\n          <\/div>\n        <\/div>\n      <\/div>\n      <div data-colibri-id=\"17833-c22\" class=\"h-row-container gutters-row-lg-2 gutters-row-md-2 gutters-row-0 gutters-row-v-lg-2 gutters-row-v-md-2 gutters-row-v-2 style-12781 style-local-17833-c22 position-relative\">\n        <!---->\n        <div class=\"h-row justify-content-lg-center justify-content-md-center justify-content-center align-items-lg-stretch align-items-md-stretch align-items-stretch gutters-col-lg-2 gutters-col-md-2 gutters-col-0 gutters-col-v-lg-2 gutters-col-v-md-2 gutters-col-v-2\">\n          <!---->\n          <div class=\"h-column h-column-container d-flex h-col-lg-auto h-col-md-auto h-col-auto style-12782-outer style-local-17833-c23-outer\">\n            <div data-colibri-id=\"17833-c23\" class=\"d-flex h-flex-basis h-column__inner h-px-lg-2 h-px-md-2 h-px-2 v-inner-lg-2 v-inner-md-2 v-inner-2 style-12782 style-local-17833-c23 position-relative\">\n              <!---->\n              <!---->\n              <div class=\"w-100 h-y-container h-column__content h-column__v-align flex-basis-100 align-self-lg-start align-self-md-start align-self-start\">\n                <!---->\n                <div data-colibri-id=\"17833-c24\" class=\"h-global-transition-all h-heading style-12783 style-local-17833-c24 position-relative h-element\">\n                  <!---->\n                  <div class=\"h-heading__outer style-12783 style-local-17833-c24\">\n                    <!---->\n                    <!---->\n                    <h6 class=\"\">Vorgestellte Projekte<\/h6>\n                  <\/div>\n                <\/div>\n                <div data-colibri-id=\"17833-c25\" class=\"d-block style-12784 style-local-17833-c25 position-relative h-element\">\n                  <!---->\n                  <div class=\"h-image__frame-container-outer\">\n                    <a href=\"https:\/\/www.l3s.de\/de\/research-at-l3s\/all-projects\/bacdata\/\" h-use-smooth-scroll=\"true\" class=\"image-link\">\n                      <div class=\"h-image__frame-container\">\n                        <!---->\n                        <!---->\n                        <img decoding=\"async\" width=\"440\" height=\"329\" data-src=\"https:\/\/www.l3s.de\/wp-content\/uploads\/2023\/03\/440px-Polymicrobic_biofilm_epifluorescence.jpeg\" class=\"wp-image-18555 style-12784-image style-local-17833-c25-image lazyload\" alt=\"\" data-srcset=\"https:\/\/www.l3s.de\/wp-content\/uploads\/2023\/03\/440px-Polymicrobic_biofilm_epifluorescence.jpeg 440w, https:\/\/www.l3s.de\/wp-content\/uploads\/2023\/03\/440px-Polymicrobic_biofilm_epifluorescence-300x224.jpeg 300w, https:\/\/www.l3s.de\/wp-content\/uploads\/2023\/03\/440px-Polymicrobic_biofilm_epifluorescence-16x12.jpeg 16w\" data-sizes=\"(max-width: 440px) 100vw, 440px\" src=\"data:image\/svg+xml;base64,PHN2ZyB3aWR0aD0iMSIgaGVpZ2h0PSIxIiB4bWxucz0iaHR0cDovL3d3dy53My5vcmcvMjAwMC9zdmciPjwvc3ZnPg==\" style=\"--smush-placeholder-width: 440px; --smush-placeholder-aspect-ratio: 440\/329;\" \/>\n                        <div class=\"h-image__frame h-hide-lg h-hide-md h-hide-sm style-12784-frameImage style-local-17833-c25-frameImage\"><\/div>\n                      <\/div>\n                    <\/a>\n                  <\/div>\n                <\/div>\n                <div data-colibri-id=\"17833-c26\" class=\"h-text h-text-component style-12801 style-local-17833-c26 position-relative h-element\">\n                  <!---->\n                  <!---->\n                  <div class=\"\">\n                    <p><span style=\"font-weight: 700;\">BacData<\/span><\/p>\n                  <\/div>\n                <\/div>\n              <\/div>\n            <\/div>\n          <\/div>\n          <div class=\"h-column h-column-container d-flex h-col-lg-auto h-col-md-auto h-col-auto style-12786-outer style-local-17833-c27-outer\">\n            <div data-colibri-id=\"17833-c27\" class=\"d-flex h-flex-basis h-column__inner h-px-lg-2 h-px-md-2 h-px-2 v-inner-lg-2 v-inner-md-2 v-inner-2 style-12786 style-local-17833-c27 position-relative\">\n              <!---->\n              <!---->\n              <div class=\"w-100 h-y-container h-column__content h-column__v-align flex-basis-100 align-self-lg-start align-self-md-start align-self-start\">\n                <!---->\n                <div data-colibri-id=\"17833-c28\" class=\"h-global-transition-all h-heading style-12783 style-local-17833-c28 position-relative h-element\">\n                  <!---->\n                  <div class=\"h-heading__outer style-12783 style-local-17833-c28\">\n                    <!---->\n                    <!---->\n                    <h6 class=\"\">Kontakt<\/h6>\n                  <\/div>\n                <\/div>\n                <div data-colibri-id=\"17833-c29\" class=\"h-row-container gutters-row-lg-0 gutters-row-md-0 gutters-row-0 gutters-row-v-lg-0 gutters-row-v-md-0 gutters-row-v-0 style-12787 style-local-17833-c29 position-relative\">\n                  <!---->\n                  <div class=\"h-row justify-content-lg-center justify-content-md-center justify-content-center align-items-lg-stretch align-items-md-stretch align-items-stretch gutters-col-lg-0 gutters-col-md-0 gutters-col-0 gutters-col-v-lg-0 gutters-col-v-md-0 gutters-col-v-0\">\n                    <!---->\n                    <div class=\"h-column h-column-container d-flex h-col-lg-auto h-col-md-auto h-col-auto style-12788-outer style-local-17833-c30-outer\">\n                      <div data-colibri-id=\"17833-c30\" class=\"d-flex h-flex-basis h-column__inner h-px-lg-2 h-px-md-2 h-px-2 v-inner-lg-2 v-inner-md-2 v-inner-2 style-12788 style-local-17833-c30 position-relative\">\n                        <!---->\n                        <!---->\n                        <div class=\"w-100 h-y-container h-column__content h-column__v-align flex-basis-100 align-self-lg-start align-self-md-start align-self-start\">\n                          <!---->\n                          <div data-colibri-id=\"17833-c31\" class=\"d-block style-12789 style-local-17833-c31 position-relative h-element\">\n                            <!---->\n                            <div class=\"h-image__frame-container-outer\">\n                              <div class=\"h-image__frame-container\">\n                                <!---->\n                                <!---->\n                                <img decoding=\"async\" width=\"150\" height=\"150\" data-src=\"https:\/\/www.l3s.de\/wp-content\/uploads\/2022\/08\/Sundaram-Sowmya.jpg\" class=\"wp-image-3727 style-12789-image style-local-17833-c31-image lazyload\" alt=\"\" data-srcset=\"https:\/\/www.l3s.de\/wp-content\/uploads\/2022\/08\/Sundaram-Sowmya.jpg 150w, https:\/\/www.l3s.de\/wp-content\/uploads\/2022\/08\/Sundaram-Sowmya-12x12.jpg 12w\" data-sizes=\"(max-width: 150px) 100vw, 150px\" src=\"data:image\/svg+xml;base64,PHN2ZyB3aWR0aD0iMSIgaGVpZ2h0PSIxIiB4bWxucz0iaHR0cDovL3d3dy53My5vcmcvMjAwMC9zdmciPjwvc3ZnPg==\" style=\"--smush-placeholder-width: 150px; --smush-placeholder-aspect-ratio: 150\/150;\" \/>\n                                <div class=\"h-image__frame h-hide-lg h-hide-md h-hide-sm style-12789-frameImage style-local-17833-c31-frameImage\"><\/div>\n                              <\/div>\n                            <\/div>\n                          <\/div>\n                          <div data-colibri-id=\"17833-c32\" class=\"h-row-container gutters-row-lg-0 gutters-row-md-0 gutters-row-0 gutters-row-v-lg-0 gutters-row-v-md-0 gutters-row-v-0 style-12790 style-local-17833-c32 position-relative\">\n                            <!---->\n                            <div class=\"h-row justify-content-lg-center justify-content-md-center justify-content-center align-items-lg-stretch align-items-md-stretch align-items-stretch gutters-col-lg-0 gutters-col-md-0 gutters-col-0 gutters-col-v-lg-0 gutters-col-v-md-0 gutters-col-v-0\">\n                              <!---->\n                              <div class=\"h-column h-column-container d-flex h-col-lg h-col-md h-col-auto style-12791-outer style-local-17833-c33-outer\">\n                                <div data-colibri-id=\"17833-c33\" class=\"d-flex h-flex-basis h-column__inner h-px-lg-0 h-px-md-0 h-px-0 v-inner-lg-0 v-inner-md-0 v-inner-0 style-12791 style-local-17833-c33 position-relative\">\n                                  <!---->\n                                  <!---->\n                                  <div class=\"w-100 h-y-container h-column__content h-column__v-align flex-basis-100 align-self-lg-start align-self-md-start align-self-start\">\n                                    <!---->\n                                    <div data-colibri-id=\"17833-c34\" class=\"h-global-transition-all h-heading style-12792 style-local-17833-c34 position-relative h-element\">\n                                      <!---->\n                                      <div class=\"h-heading__outer style-12792 style-local-17833-c34\">\n                                        <!---->\n                                        <!---->\n                                        <h4 class=\"\">Dr. Sowmya S. Sundaram<\/h4>\n                                      <\/div>\n                                    <\/div>\n                                    <div data-colibri-id=\"17833-c35\" class=\"h-x-container style-12793 style-local-17833-c35 position-relative h-element\">\n                                      <!---->\n                                      <div class=\"h-x-container-inner style-dynamic-17833-c35-group style-12793-spacing style-local-17833-c35-spacing\"><span class=\"h-link__outer style-12794-outer style-local-17833-c36-outer d-inline-flex h-element\"><a h-use-smooth-scroll=\"true\" href=\"mailto:sundaram@l3s.de\"  data-colibri-id=\"17833-c36\" class=\"d-flex w-100 align-items-center h-link style-12794 style-local-17833-c36 position-relative\"><!----><!----> <span>sundaram@l3s.de<\/span><\/a>\n                                        <\/span>\n                                      <\/div>\n                                    <\/div>\n                                  <\/div>\n                                <\/div>\n                              <\/div>\n                            <\/div>\n                          <\/div>\n                          <div data-colibri-id=\"17833-c37\" class=\"h-text h-text-component style-12795 style-local-17833-c37 position-relative h-element\">\n                            <!---->\n                            <!---->\n                            <div class=\"\">\n                              <p>Sowmya Sundaram ist Postdoc am L3S und forscht unter anderem im Bereich Deep Learning in der Medizin.<\/p>\n                            <\/div>\n                          <\/div>\n                        <\/div>\n                      <\/div>\n                    <\/div>\n                  <\/div>\n                <\/div>\n              <\/div>\n            <\/div>\n          <\/div>\n        <\/div>\n      <\/div>\n    <\/div>\n  <\/div>\n<\/div>","protected":false},"excerpt":{"rendered":"<p>Issue: 01\/2023 Personalisierte Medizin Infections at dental implants BacData &#8211; Fighting Bacteria with Data Implants should not cause any problems after surgery. But over time, bacteria settle on their surfaces, forming a complex network that can trigger infections. Antibiotics have a hard time fighting these biofilms. In the BacData project, researchers from the L3S and [&hellip;]<\/p>","protected":false},"author":7,"featured_media":8945,"parent":2750,"menu_order":0,"comment_status":"closed","ping_status":"closed","template":"page-templates\/full-width-page.php","meta":{"_acf_changed":false,"footnotes":""},"categories":[],"tags":[28,93],"class_list":["post-17833","page","type-page","status-publish","has-post-thumbnail","hentry","tag-binaire","tag-binaire-2023-01"],"acf":[],"aioseo_notices":[],"publishpress_future_action":{"enabled":false,"date":"2026-05-06 22:48:38","action":"category","newStatus":"draft","terms":[75],"taxonomy":"category","extraData":[]},"publishpress_future_workflow_manual_trigger":{"enabledWorkflows":[]},"_links":{"self":[{"href":"https:\/\/www.l3s.de\/de\/wp-json\/wp\/v2\/pages\/17833","targetHints":{"allow":["GET"]}}],"collection":[{"href":"https:\/\/www.l3s.de\/de\/wp-json\/wp\/v2\/pages"}],"about":[{"href":"https:\/\/www.l3s.de\/de\/wp-json\/wp\/v2\/types\/page"}],"author":[{"embeddable":true,"href":"https:\/\/www.l3s.de\/de\/wp-json\/wp\/v2\/users\/7"}],"replies":[{"embeddable":true,"href":"https:\/\/www.l3s.de\/de\/wp-json\/wp\/v2\/comments?post=17833"}],"version-history":[{"count":0,"href":"https:\/\/www.l3s.de\/de\/wp-json\/wp\/v2\/pages\/17833\/revisions"}],"up":[{"embeddable":true,"href":"https:\/\/www.l3s.de\/de\/wp-json\/wp\/v2\/pages\/2750"}],"wp:featuredmedia":[{"embeddable":true,"href":"https:\/\/www.l3s.de\/de\/wp-json\/wp\/v2\/media\/8945"}],"wp:attachment":[{"href":"https:\/\/www.l3s.de\/de\/wp-json\/wp\/v2\/media?parent=17833"}],"wp:term":[{"taxonomy":"category","embeddable":true,"href":"https:\/\/www.l3s.de\/de\/wp-json\/wp\/v2\/categories?post=17833"},{"taxonomy":"post_tag","embeddable":true,"href":"https:\/\/www.l3s.de\/de\/wp-json\/wp\/v2\/tags?post=17833"}],"curies":[{"name":"wp","href":"https:\/\/api.w.org\/{rel}","templated":true}]}}