{"id":1288,"date":"2022-08-17T13:56:49","date_gmt":"2022-08-17T11:56:49","guid":{"rendered":"https:\/\/www.l3s.de\/?page_id=1288"},"modified":"2024-11-12T12:29:41","modified_gmt":"2024-11-12T11:29:41","slug":"business-society","status":"publish","type":"page","link":"https:\/\/www.l3s.de\/de\/research-at-l3s\/all-projects\/business-society\/","title":{"rendered":"Wirtschaft &amp; Gesellschaft"},"content":{"rendered":"<div data-colibri-id=\"1288-c1\" class=\"style-1511 style-local-1288-c1 position-relative\">\n  <!---->\n  <div data-colibri-component=\"section\" data-colibri-id=\"1288-c2\" id=\"custom\" class=\"h-section h-section-global-spacing d-flex align-items-lg-center align-items-md-center align-items-center style-1512 style-local-1288-c2 position-relative\">\n    <!---->\n    <!---->\n    <div class=\"h-section-grid-container h-section-boxed-container\">\n      <!---->\n      <div data-colibri-id=\"1288-c3\" class=\"h-row-container gutters-row-lg-2 gutters-row-md-2 gutters-row-0 gutters-row-v-lg-2 gutters-row-v-md-2 gutters-row-v-2 style-11563 style-local-1288-c3 position-relative\">\n        <!---->\n        <div class=\"h-row justify-content-lg-center justify-content-md-center justify-content-center align-items-lg-stretch align-items-md-stretch align-items-stretch gutters-col-lg-2 gutters-col-md-2 gutters-col-0 gutters-col-v-lg-2 gutters-col-v-md-2 gutters-col-v-2\">\n          <!---->\n          <div class=\"h-column h-column-container d-flex h-col-lg-auto h-col-md-auto h-col-auto style-11564-outer style-local-1288-c4-outer\">\n            <div data-colibri-id=\"1288-c4\" class=\"d-flex h-flex-basis h-column__inner h-px-lg-2 h-px-md-2 h-px-2 v-inner-lg-2 v-inner-md-2 v-inner-2 style-11564 style-local-1288-c4 position-relative\">\n              <!---->\n              <!---->\n              <div class=\"w-100 h-y-container h-column__content h-column__v-align flex-basis-100 align-self-lg-start align-self-md-start align-self-start\">\n                <!---->\n                <div data-colibri-id=\"1288-c5\" class=\"h-lead h-text h-text-component style-3716 style-local-1288-c5 position-relative h-element\">\n                  <!---->\n                  <!---->\n                  <div class=\"\">\n                    <p>Mit der fortschreitenden Digitalisierung ist auch in den Bereichen Wirtschaft und Gesellschaft ein Wandel unverkennbar, der oft durch KI-Methoden unterst\u00fctzt wird. Die Forschung am L3S zielt darauf ab, diesen Wandel zu begleiten.<\/p>\n                  <\/div>\n                <\/div>\n              <\/div>\n            <\/div>\n          <\/div>\n        <\/div>\n      <\/div>\n      <div data-colibri-id=\"1288-c6\" class=\"h-row-container gutters-row-lg-2 gutters-row-md-2 gutters-row-0 gutters-row-v-lg-2 gutters-row-v-md-2 gutters-row-v-2 style-1518 style-local-1288-c6 position-relative\">\n        <!---->\n        <div class=\"h-row justify-content-lg-center justify-content-md-center justify-content-center align-items-lg-stretch align-items-md-stretch align-items-stretch gutters-col-lg-2 gutters-col-md-2 gutters-col-0 gutters-col-v-lg-2 gutters-col-v-md-2 gutters-col-v-2\">\n          <!---->\n          <div class=\"h-column h-column-container d-flex h-col-lg-auto h-col-md-auto h-col-auto style-1519-outer style-local-1288-c7-outer\">\n            <div data-colibri-id=\"1288-c7\" class=\"d-flex h-flex-basis h-column__inner h-px-lg-2 h-px-md-2 h-px-2 v-inner-lg-2 v-inner-md-2 v-inner-2 style-1519 style-local-1288-c7 position-relative\">\n              <!---->\n              <!---->\n              <div class=\"w-100 h-y-container h-column__content h-column__v-align flex-basis-100 align-self-lg-start align-self-md-start align-self-start\">\n                <!---->\n                <div data-colibri-id=\"1288-c8\" class=\"style-1520 style-local-1288-c8 position-relative h-element\">\n                  <!---->\n                  <div class=\"\"><div class=\"pt-cv-wrapper\"><ul class=\"pt-cv-gls-menu\" id=\"pt-cv-gls-da4b6bea56\"><li><a href=\"#pt-cv-gls-Overview\" class=\"pt-active\">Titelthema<\/a><\/li><li><a href=\"#pt-cv-gls-D\" >D<\/a><\/li><li><a href=\"#pt-cv-gls-K\" >K<\/a><\/li><li><a href=\"#pt-cv-gls-R\" >R<\/a><\/li><li><a href=\"#pt-cv-gls-S\" >S<\/a><\/li><li><a href=\"#pt-cv-gls-T\" >T<\/a><\/li><li><a href=\"#pt-cv-gls-X\" >X<\/a><\/li><\/ul><div class=\"pt-cv-view pt-cv-glossary pt-cv-colsys pt-cv-left\" id=\"pt-cv-view-da4b6bea56\"><div data-id=\"pt-cv-page-1\" class=\"pt-cv-page\" data-cvc=\"2\"><div id=\"pt-cv-gls-D\" class=\"pt-cv-gls-group\"><div class=\"pt-cv-gls-header\">D<\/div><div class=\"pt-cv-gls-content\"><div class=\"col-md-6 col-sm-12 col-xs-12 pt-cv-content-item pt-cv-1-col\"  data-pid=\"0\"><div class='pt-cv-ifield'><a href=\"https:\/\/www.l3s.de\/de\/research-at-l3s\/all-projects\/digiuni\/\" class=\"_self pt-cv-href-thumbnail pt-cv-thumb-default cvplbd\" target=\"_self\" ><img decoding=\"async\" width=\"768\" height=\"150\" data-src=\"https:\/\/www.l3s.de\/wp-content\/uploads\/2025\/03\/digiuini-full-logo-color-768x150.png\" class=\"pt-cv-thumbnail img-rounded lazyload\" alt=\"DigiUni\" data-srcset=\"https:\/\/www.l3s.de\/wp-content\/uploads\/2025\/03\/digiuini-full-logo-color-768x150.png 768w, https:\/\/www.l3s.de\/wp-content\/uploads\/2025\/03\/digiuini-full-logo-color-300x59.png 300w, https:\/\/www.l3s.de\/wp-content\/uploads\/2025\/03\/digiuini-full-logo-color-18x4.png 18w, https:\/\/www.l3s.de\/wp-content\/uploads\/2025\/03\/digiuini-full-logo-color.png 1024w\" data-sizes=\"(max-width: 768px) 100vw, 768px\" src=\"data:image\/svg+xml;base64,PHN2ZyB3aWR0aD0iMSIgaGVpZ2h0PSIxIiB4bWxucz0iaHR0cDovL3d3dy53My5vcmcvMjAwMC9zdmciPjwvc3ZnPg==\" style=\"--smush-placeholder-width: 768px; --smush-placeholder-aspect-ratio: 768\/150;\" \/><\/a>\n<h4 class=\"pt-cv-title\"><a href=\"https:\/\/www.l3s.de\/de\/research-at-l3s\/all-projects\/digiuni\/\" class=\"_self cvplbd\" target=\"_self\" >DigiUni<\/a><\/h4>\n<div class=\"pt-cv-ctf-list\" data-cvc=\"1\"><div class=\"col-md-12 pt-cv-ctf-column\"><div class=\"pt-cv-custom-fields pt-cv-ctf-_aioseo_description\"><div class=\"pt-cv-ctf-value\">DigiUni zielt darauf ab, eine offene digitale Bildungsumgebung f\u00fcr ukrainische Universit\u00e4ten zu entwickeln und betont die Bedeutung der Digitalisierung f\u00fcr Bildungseinrichtungen in der Ukraine.<\/div><\/div><\/div><\/div>\n<div class=\"pt-cv-content\"><div class=\"pt-cv-rmwrap\"><a href=\"https:\/\/www.l3s.de\/de\/research-at-l3s\/all-projects\/digiuni\/\" class=\"_self pt-cv-readmore btn btn-success cvplbd\" target=\"_self\">Weiterlesen<\/a><\/div><\/div><\/div><\/div><\/div><\/div>\n<div id=\"pt-cv-gls-K\" class=\"pt-cv-gls-group\"><div class=\"pt-cv-gls-header\">K<\/div><div class=\"pt-cv-gls-content\"><div class=\"col-md-6 col-sm-12 col-xs-12 pt-cv-content-item pt-cv-1-col\"  data-pid=\"0\"><div class='pt-cv-ifield'><a href=\"https:\/\/www.l3s.de\/de\/research-at-l3s\/all-projects\/krispiphy\/\" class=\"_self pt-cv-href-thumbnail pt-cv-thumb-default cvplbd\" target=\"_self\" ><img decoding=\"async\"  height=\"150\" data-src=\"https:\/\/www.l3s.de\/wp-content\/uploads\/2025\/03\/krispiphy-300x272-165x150.png\" class=\"pt-cv-thumbnail img-rounded lazyload\" alt=\"KRISPIPHY\" data-srcset=\"https:\/\/www.l3s.de\/wp-content\/uploads\/2025\/03\/krispiphy-300x272-165x150.png\" data-sizes=\"(max-width: 165px) 100vw, 165px\" src=\"data:image\/svg+xml;base64,PHN2ZyB3aWR0aD0iMSIgaGVpZ2h0PSIxIiB4bWxucz0iaHR0cDovL3d3dy53My5vcmcvMjAwMC9zdmciPjwvc3ZnPg==\" style=\"--smush-placeholder-width: 165px; --smush-placeholder-aspect-ratio: 165\/150;\" \/><\/a>\n<h4 class=\"pt-cv-title\"><a href=\"https:\/\/www.l3s.de\/de\/research-at-l3s\/all-projects\/krispiphy\/\" class=\"_self cvplbd\" target=\"_self\" >KRISPIPHY<\/a><\/h4>\n<div class=\"pt-cv-ctf-list\" data-cvc=\"1\"><div class=\"col-md-12 pt-cv-ctf-column\"><div class=\"pt-cv-custom-fields pt-cv-ctf-_aioseo_description\"><div class=\"pt-cv-ctf-value\">Identifizierung und Optimierung von Kopfh\u00f6rereigenschaften f\u00fcr eine dem nat\u00fcrlichen H\u00f6ren nachempfundene Audiowiedergabe<\/div><\/div><\/div><\/div>\n<div class=\"pt-cv-content\"><div class=\"pt-cv-rmwrap\"><a href=\"https:\/\/www.l3s.de\/de\/research-at-l3s\/all-projects\/krispiphy\/\" class=\"_self pt-cv-readmore btn btn-success cvplbd\" target=\"_self\">Weiterlesen<\/a><\/div><\/div><\/div><\/div>\n<div class=\"col-md-6 col-sm-12 col-xs-12 pt-cv-content-item pt-cv-1-col\"  data-pid=\"1\"><div class='pt-cv-ifield'><a href=\"https:\/\/www.l3s.de\/de\/research-at-l3s\/all-projects\/kieep\/\" class=\"_self pt-cv-href-thumbnail pt-cv-thumb-default cvplbd\" target=\"_self\" ><img decoding=\"async\" data-src=\"https:\/\/www.l3s.de\/wp-content\/uploads\/2023\/03\/project-225x150.jpg\" class=\"pt-cv-thumbnail img-rounded cvp-substitute lazyload\" alt=\"KIEEP\" title=\"\" src=\"data:image\/svg+xml;base64,PHN2ZyB3aWR0aD0iMSIgaGVpZ2h0PSIxIiB4bWxucz0iaHR0cDovL3d3dy53My5vcmcvMjAwMC9zdmciPjwvc3ZnPg==\" style=\"--smush-placeholder-width: 225px; --smush-placeholder-aspect-ratio: 225\/150;\" \/><\/a>\n<h4 class=\"pt-cv-title\"><a href=\"https:\/\/www.l3s.de\/de\/research-at-l3s\/all-projects\/kieep\/\" class=\"_self cvplbd\" target=\"_self\" >KIEEP<\/a><\/h4>\n<div class=\"pt-cv-ctf-list\" data-cvc=\"1\"><div class=\"col-md-12 pt-cv-ctf-column\"><div class=\"pt-cv-custom-fields pt-cv-ctf-_aioseo_description\"><div class=\"pt-cv-ctf-value\">KIEEP beschleunigt den Ausbau erneuerbarer Energien durch KI-basiertes Aufbereiten von regulatorischen Rahmenbedingungen f\u00fcr eine effizientere Allokation von Resourcen.<\/div><\/div><\/div><\/div>\n<div class=\"pt-cv-content\"><div class=\"pt-cv-rmwrap\"><a href=\"https:\/\/www.l3s.de\/de\/research-at-l3s\/all-projects\/kieep\/\" class=\"_self pt-cv-readmore btn btn-success cvplbd\" target=\"_self\">Weiterlesen<\/a><\/div><\/div><\/div><\/div><\/div><\/div>\n<div id=\"pt-cv-gls-R\" class=\"pt-cv-gls-group\"><div class=\"pt-cv-gls-header\">R<\/div><div class=\"pt-cv-gls-content\"><div class=\"col-md-6 col-sm-12 col-xs-12 pt-cv-content-item pt-cv-1-col\"  data-pid=\"0\"><div class='pt-cv-ifield'><a href=\"https:\/\/www.l3s.de\/de\/research-at-l3s\/all-projects\/rushmore\/\" class=\"_self pt-cv-href-thumbnail pt-cv-thumb-default cvplbd\" target=\"_self\" ><img decoding=\"async\" data-src=\"https:\/\/www.l3s.de\/wp-content\/uploads\/2025\/06\/rushmore_logo-184x150.png\" class=\"pt-cv-thumbnail img-rounded cvp-substitute lazyload\" alt=\"RUSHMORE\" title=\"\" src=\"data:image\/svg+xml;base64,PHN2ZyB3aWR0aD0iMSIgaGVpZ2h0PSIxIiB4bWxucz0iaHR0cDovL3d3dy53My5vcmcvMjAwMC9zdmciPjwvc3ZnPg==\" style=\"--smush-placeholder-width: 184px; --smush-placeholder-aspect-ratio: 184\/150;\" \/><\/a>\n<h4 class=\"pt-cv-title\"><a href=\"https:\/\/www.l3s.de\/de\/research-at-l3s\/all-projects\/rushmore\/\" class=\"_self cvplbd\" target=\"_self\" >RUSHMORE<\/a><\/h4>\n<div class=\"pt-cv-ctf-list\" data-cvc=\"1\"><div class=\"col-md-12 pt-cv-ctf-column\"><div class=\"pt-cv-custom-fields pt-cv-ctf-_aioseo_description\"><div class=\"pt-cv-ctf-value\">Mobilit\u00e4tsdaten, synthetische Datengenerierung und \u00fcbertragbare raumzeitliche Machine-Learning-Modelle<\/div><\/div><\/div><\/div>\n<div class=\"pt-cv-content\"><div class=\"pt-cv-rmwrap\"><a href=\"https:\/\/www.l3s.de\/de\/research-at-l3s\/all-projects\/rushmore\/\" class=\"_self pt-cv-readmore btn btn-success cvplbd\" target=\"_self\">Weiterlesen<\/a><\/div><\/div><\/div><\/div>\n<div class=\"col-md-6 col-sm-12 col-xs-12 pt-cv-content-item pt-cv-1-col\"  data-pid=\"1\"><div class='pt-cv-ifield'><a href=\"https:\/\/www.l3s.de\/de\/research-at-l3s\/all-projects\/recitals\/\" class=\"_self pt-cv-href-thumbnail pt-cv-thumb-default cvplbd\" target=\"_self\" ><img decoding=\"async\" data-src=\"https:\/\/www.l3s.de\/wp-content\/uploads\/2025\/03\/logo-266x150.png\" class=\"pt-cv-thumbnail img-rounded cvp-substitute lazyload\" alt=\"RECITALS\" title=\"\" src=\"data:image\/svg+xml;base64,PHN2ZyB3aWR0aD0iMSIgaGVpZ2h0PSIxIiB4bWxucz0iaHR0cDovL3d3dy53My5vcmcvMjAwMC9zdmciPjwvc3ZnPg==\" style=\"--smush-placeholder-width: 266px; --smush-placeholder-aspect-ratio: 266\/150;\" \/><\/a>\n<h4 class=\"pt-cv-title\"><a href=\"https:\/\/www.l3s.de\/de\/research-at-l3s\/all-projects\/recitals\/\" class=\"_self cvplbd\" target=\"_self\" >RECITALS<\/a><\/h4>\n<div class=\"pt-cv-ctf-list\" data-cvc=\"1\"><div class=\"col-md-12 pt-cv-ctf-column\"><div class=\"pt-cv-custom-fields pt-cv-ctf-_aioseo_description\"><div class=\"pt-cv-ctf-value\">RECITALS: Eine Open-Source Plattform f\u00fcr den datenschutzwahrenden Datenaustausch und das Identit\u00e4tsmanagement mithilfe von Kryptografie, f\u00f6deralem Lernen und KI.<\/div><\/div><\/div><\/div>\n<div class=\"pt-cv-content\"><div class=\"pt-cv-rmwrap\"><a href=\"https:\/\/www.l3s.de\/de\/research-at-l3s\/all-projects\/recitals\/\" class=\"_self pt-cv-readmore btn btn-success cvplbd\" target=\"_self\">Weiterlesen<\/a><\/div><\/div><\/div><\/div><\/div><\/div>\n<div id=\"pt-cv-gls-S\" class=\"pt-cv-gls-group\"><div class=\"pt-cv-gls-header\">S<\/div><div class=\"pt-cv-gls-content\"><div class=\"col-md-6 col-sm-12 col-xs-12 pt-cv-content-item pt-cv-1-col\"  data-pid=\"0\"><div class='pt-cv-ifield'><a href=\"https:\/\/www.l3s.de\/de\/research-at-l3s\/all-projects\/siswiss\/\" class=\"_self pt-cv-href-thumbnail pt-cv-thumb-default cvplbd\" target=\"_self\" ><img decoding=\"async\"  height=\"150\" data-src=\"https:\/\/www.l3s.de\/wp-content\/uploads\/2025\/06\/siswiss-300x171-263x150.jpeg\" class=\"pt-cv-thumbnail img-rounded lazyload\" alt=\"SisWiss\" data-srcset=\"https:\/\/www.l3s.de\/wp-content\/uploads\/2025\/06\/siswiss-300x171-263x150.jpeg\" data-sizes=\"(max-width: 263px) 100vw, 263px\" src=\"data:image\/svg+xml;base64,PHN2ZyB3aWR0aD0iMSIgaGVpZ2h0PSIxIiB4bWxucz0iaHR0cDovL3d3dy53My5vcmcvMjAwMC9zdmciPjwvc3ZnPg==\" style=\"--smush-placeholder-width: 263px; --smush-placeholder-aspect-ratio: 263\/150;\" \/><\/a>\n<h4 class=\"pt-cv-title\"><a href=\"https:\/\/www.l3s.de\/de\/research-at-l3s\/all-projects\/siswiss\/\" class=\"_self cvplbd\" target=\"_self\" >SisWiss<\/a><\/h4>\n<div class=\"pt-cv-ctf-list\" data-cvc=\"1\"><div class=\"col-md-12 pt-cv-ctf-column\"><div class=\"pt-cv-custom-fields pt-cv-ctf-_aioseo_description\"><div class=\"pt-cv-ctf-value\">Im SisWiss Projekt sollen die Entwicklung von theoretischen Ans\u00e4tzen zur Zertifizierung eines LLMs mit konkreten Sicherheitstests kombiniert werden.<\/div><\/div><\/div><\/div>\n<div class=\"pt-cv-content\"><div class=\"pt-cv-rmwrap\"><a href=\"https:\/\/www.l3s.de\/de\/research-at-l3s\/all-projects\/siswiss\/\" class=\"_self pt-cv-readmore btn btn-success cvplbd\" target=\"_self\">Weiterlesen<\/a><\/div><\/div><\/div><\/div><\/div><\/div>\n<div id=\"pt-cv-gls-T\" class=\"pt-cv-gls-group\"><div class=\"pt-cv-gls-header\">T<\/div><div class=\"pt-cv-gls-content\"><div class=\"col-md-6 col-sm-12 col-xs-12 pt-cv-content-item pt-cv-1-col\"  data-pid=\"0\"><div class='pt-cv-ifield'><a href=\"https:\/\/www.l3s.de\/de\/research-at-l3s\/all-projects\/thirdwave\/\" class=\"_self pt-cv-href-thumbnail pt-cv-thumb-default cvplbd\" target=\"_self\" ><img decoding=\"async\" width=\"150\" height=\"150\" data-src=\"https:\/\/www.l3s.de\/wp-content\/uploads\/2025\/11\/cropped-cropped-THIRDWAVE-150x150.webp\" class=\"pt-cv-thumbnail img-rounded lazyload\" alt=\"THIRDWAVE\" src=\"data:image\/svg+xml;base64,PHN2ZyB3aWR0aD0iMSIgaGVpZ2h0PSIxIiB4bWxucz0iaHR0cDovL3d3dy53My5vcmcvMjAwMC9zdmciPjwvc3ZnPg==\" style=\"--smush-placeholder-width: 150px; --smush-placeholder-aspect-ratio: 150\/150;\" \/><\/a>\n<h4 class=\"pt-cv-title\"><a href=\"https:\/\/www.l3s.de\/de\/research-at-l3s\/all-projects\/thirdwave\/\" class=\"_self cvplbd\" target=\"_self\" >THIRDWAVE<\/a><\/h4>\n<div class=\"pt-cv-ctf-list\" data-cvc=\"1\"><div class=\"col-md-12 pt-cv-ctf-column\"><div class=\"pt-cv-custom-fields pt-cv-ctf-_aioseo_description\"><div class=\"pt-cv-ctf-value\">THIRDWAVE \u2013 LLM-gesteuerte neurosymbolische KI f\u00fcr Wissenschaft, Medizin und Industrie<\/div><\/div><\/div><\/div>\n<div class=\"pt-cv-content\"><div class=\"pt-cv-rmwrap\"><a href=\"https:\/\/www.l3s.de\/de\/research-at-l3s\/all-projects\/thirdwave\/\" class=\"_self pt-cv-readmore btn btn-success cvplbd\" target=\"_self\">Weiterlesen<\/a><\/div><\/div><\/div><\/div><\/div><\/div>\n<div id=\"pt-cv-gls-X\" class=\"pt-cv-gls-group\"><div class=\"pt-cv-gls-header\">X<\/div><div class=\"pt-cv-gls-content\"><div class=\"col-md-6 col-sm-12 col-xs-12 pt-cv-content-item pt-cv-1-col\"  data-pid=\"0\"><div class='pt-cv-ifield'><a href=\"https:\/\/www.l3s.de\/de\/research-at-l3s\/all-projects\/xtreme\/\" class=\"_self pt-cv-href-thumbnail pt-cv-thumb-default cvplbd\" target=\"_self\" ><img decoding=\"async\"  height=\"150\" data-src=\"https:\/\/www.l3s.de\/wp-content\/uploads\/2024\/06\/xtreme-300x250-180x150.png\" class=\"pt-cv-thumbnail img-rounded lazyload\" alt=\"XTREME\" data-srcset=\"https:\/\/www.l3s.de\/wp-content\/uploads\/2024\/06\/xtreme-300x250-180x150.png\" data-sizes=\"(max-width: 180px) 100vw, 180px\" src=\"data:image\/svg+xml;base64,PHN2ZyB3aWR0aD0iMSIgaGVpZ2h0PSIxIiB4bWxucz0iaHR0cDovL3d3dy53My5vcmcvMjAwMC9zdmciPjwvc3ZnPg==\" style=\"--smush-placeholder-width: 180px; --smush-placeholder-aspect-ratio: 180\/150;\" \/><\/a>\n<h4 class=\"pt-cv-title\"><a href=\"https:\/\/www.l3s.de\/de\/research-at-l3s\/all-projects\/xtreme\/\" class=\"_self cvplbd\" target=\"_self\" >XTREME<\/a><\/h4>\n<div class=\"pt-cv-ctf-list\" data-cvc=\"1\"><div class=\"col-md-12 pt-cv-ctf-column\"><div class=\"pt-cv-custom-fields pt-cv-ctf-_aioseo_description\"><div class=\"pt-cv-ctf-value\">XTREME ist ein EU-Horizont 2020-Projekt, das eine Mixed Reality (MR)-L\u00f6sung erforschen und bereitstellen wird, um verschiedene Formen der Kunst zu erleben.<\/div><\/div><\/div><\/div>\n<div class=\"pt-cv-content\"><div class=\"pt-cv-rmwrap\"><a href=\"https:\/\/www.l3s.de\/de\/research-at-l3s\/all-projects\/xtreme\/\" class=\"_self pt-cv-readmore btn btn-success cvplbd\" target=\"_self\">Weiterlesen<\/a><\/div><\/div><\/div><\/div><\/div><\/div><\/div><\/div><\/div>\t\t\t<style type=\"text\/css\" id=\"pt-cv-inline-style-beebee3n8q\">#pt-cv-view-da4b6bea56  { margin-top: 10px !important; margin-bottom: 10px !important; }\n#pt-cv-view-da4b6bea56 .pt-cv-ifield { padding-top: 20px !important; padding-left: 40px !important; padding-bottom: 20px !important; padding-right: 100px !important; }\n#pt-cv-view-da4b6bea56 .pt-cv-title a, #pt-cv-view-da4b6bea56  .panel-title { font-family: 'Noto Sans', Arial, serif !important; font-size: 20px !important; color: #03304c !important; font-weight: 600 !important; line-height: 2 !important; }\n#pt-cv-view-da4b6bea56  .pt-cv-title a:hover, #pt-cv-view-da4b6bea56  .panel-title:hover   { font-family: 'Noto Sans', Arial, serif !important; color: #56a29a !important; line-height: 2 !important; }\n#pt-cv-view-da4b6bea56 .pt-cv-content , #pt-cv-view-da4b6bea56  .pt-cv-content *:not(.pt-cv-readmore):not(style):not(script) { font-family: 'Noto Sans', Arial, serif !important; }\n#pt-cv-view-da4b6bea56 .pt-cv-custom-fields * { font-family: 'Noto Sans', Arial, serif !important; }\n#pt-cv-view-da4b6bea56 .pt-cv-readmore  { font-family: 'Noto Sans', Arial, serif !important; color: #ffffff !important; background-color: #4a8bb1 !important; }\n#pt-cv-view-da4b6bea56 .pt-cv-readmore:hover  { font-family: 'Noto Sans', Arial, serif !important; color: #ffffff !important; background-color: #56a29a !important; }\n#pt-cv-view-da4b6bea56  + .pt-cv-pagination-wrapper .pt-cv-more , #pt-cv-view-da4b6bea56  + .pt-cv-pagination-wrapper .pagination .active a, .pt-cv-pagination[data-sid='da4b6bea56'] .active a { color: #ffffff !important; background-color: #00aeef !important; }\n#pt-cv-gls-da4b6bea56 li a   { font-family: 'Noto Sans', Arial, serif !important; color: #03304c !important; }\n#pt-cv-gls-da4b6bea56 li a.pt-active   { font-family: 'Noto Sans', Arial, serif !important; color: #4a8bb1 !important; font-weight: 600 !important; }\n#pt-cv-view-da4b6bea56 .pt-cv-gls-header  { font-family: 'Noto Sans', Arial, serif !important; font-size: 20px !important; line-height: 1.3 !important; color: #ffffff !important; background-color: #03304c !important; font-weight: 600 !important; }\n#pt-cv-view-da4b6bea56 .img-rounded, #pt-cv-view-da4b6bea56 .pt-cv-hover-wrapper { -webkit-border-radius: 10px !important; -moz-border-radius: 10px !important; border-radius: 10px !important; }\n#pt-cv-view-da4b6bea56 .pt-cv-cap-w-img { border-bottom-left-radius: 10px !important; border-bottom-right-radius: 10px !important; }\n#pt-cv-view-da4b6bea56 { text-align: left; }<\/style>\r\n\t\t\t<link href='\/\/fonts.googleapis.com\/css?family=Noto+Sans' rel='stylesheet' type='text\/css'><\/div>\n                <\/div>\n              <\/div>\n            <\/div>\n          <\/div>\n        <\/div>\n      <\/div>\n    <\/div>\n  <\/div>\n<\/div>","protected":false},"excerpt":{"rendered":"<p>Mit der fortschreitenden Digitalisierung ist auch in den Bereichen Wirtschaft und Gesellschaft ein Wandel unverkennbar, der oft durch KI-Methoden unterst\u00fctzt wird. Die Forschung am L3S zielt darauf ab, diesen Wandel zu begleiten.<\/p>","protected":false},"author":4,"featured_media":0,"parent":2010,"menu_order":0,"comment_status":"closed","ping_status":"closed","template":"page-templates\/full-width-page.php","meta":{"_acf_changed":false,"footnotes":""},"categories":[],"tags":[],"class_list":["post-1288","page","type-page","status-publish","hentry"],"acf":[],"aioseo_notices":[],"publishpress_future_action":{"enabled":false,"date":"2026-05-08 13:01:09","action":"category","newStatus":"draft","terms":[75],"taxonomy":"category","extraData":[]},"publishpress_future_workflow_manual_trigger":{"enabledWorkflows":[]},"_links":{"self":[{"href":"https:\/\/www.l3s.de\/de\/wp-json\/wp\/v2\/pages\/1288","targetHints":{"allow":["GET"]}}],"collection":[{"href":"https:\/\/www.l3s.de\/de\/wp-json\/wp\/v2\/pages"}],"about":[{"href":"https:\/\/www.l3s.de\/de\/wp-json\/wp\/v2\/types\/page"}],"author":[{"embeddable":true,"href":"https:\/\/www.l3s.de\/de\/wp-json\/wp\/v2\/users\/4"}],"replies":[{"embeddable":true,"href":"https:\/\/www.l3s.de\/de\/wp-json\/wp\/v2\/comments?post=1288"}],"version-history":[{"count":1,"href":"https:\/\/www.l3s.de\/de\/wp-json\/wp\/v2\/pages\/1288\/revisions"}],"predecessor-version":[{"id":36759,"href":"https:\/\/www.l3s.de\/de\/wp-json\/wp\/v2\/pages\/1288\/revisions\/36759"}],"up":[{"embeddable":true,"href":"https:\/\/www.l3s.de\/de\/wp-json\/wp\/v2\/pages\/2010"}],"wp:attachment":[{"href":"https:\/\/www.l3s.de\/de\/wp-json\/wp\/v2\/media?parent=1288"}],"wp:term":[{"taxonomy":"category","embeddable":true,"href":"https:\/\/www.l3s.de\/de\/wp-json\/wp\/v2\/categories?post=1288"},{"taxonomy":"post_tag","embeddable":true,"href":"https:\/\/www.l3s.de\/de\/wp-json\/wp\/v2\/tags?post=1288"}],"curies":[{"name":"wp","href":"https:\/\/api.w.org\/{rel}","templated":true}]}}