{"id":1287,"date":"2022-08-17T13:56:49","date_gmt":"2022-08-17T11:56:49","guid":{"rendered":"https:\/\/www.l3s.de\/?page_id=1287"},"modified":"2026-01-14T15:56:17","modified_gmt":"2026-01-14T14:56:17","slug":"medicine","status":"publish","type":"page","link":"https:\/\/www.l3s.de\/de\/research-at-l3s\/all-projects\/medicine\/","title":{"rendered":"Medizin"},"content":{"rendered":"<div data-colibri-id=\"1287-c1\" class=\"style-1375 style-local-1287-c1 position-relative\">\n  <!---->\n  <div data-colibri-component=\"section\" data-colibri-id=\"1287-c2\" id=\"custom\" class=\"h-section h-section-global-spacing d-flex align-items-lg-center align-items-md-center align-items-center style-1406 style-local-1287-c2 position-relative\">\n    <!---->\n    <!---->\n    <div class=\"h-section-grid-container h-section-boxed-container\">\n      <!---->\n      <div data-colibri-id=\"1287-c3\" class=\"h-row-container gutters-row-lg-2 gutters-row-md-2 gutters-row-0 gutters-row-v-lg-2 gutters-row-v-md-2 gutters-row-v-2 style-11593 style-local-1287-c3 position-relative\">\n        <!---->\n        <div class=\"h-row justify-content-lg-center justify-content-md-center justify-content-center align-items-lg-stretch align-items-md-stretch align-items-stretch gutters-col-lg-2 gutters-col-md-2 gutters-col-0 gutters-col-v-lg-2 gutters-col-v-md-2 gutters-col-v-2\">\n          <!---->\n          <div class=\"h-column h-column-container d-flex h-col-lg-auto h-col-md-auto h-col-auto style-11594-outer style-local-1287-c4-outer\">\n            <div data-colibri-id=\"1287-c4\" class=\"d-flex h-flex-basis h-column__inner h-px-lg-2 h-px-md-2 h-px-2 v-inner-lg-2 v-inner-md-2 v-inner-2 style-11594 style-local-1287-c4 position-relative\">\n              <!---->\n              <!---->\n              <div class=\"w-100 h-y-container h-column__content h-column__v-align flex-basis-100 align-self-lg-start align-self-md-start align-self-start\">\n                <!---->\n                <div data-colibri-id=\"1287-c5\" class=\"h-lead h-text h-text-component style-3723 style-local-1287-c5 position-relative h-element\">\n                  <!---->\n                  <!---->\n                  <div class=\"\">\n                    <p>Die Bev\u00f6lkerung in Deutschland lebt immer l\u00e4nger: Die Lebenserwartung ist in den letzten zwanzig Jahren von 78 auf 81 Jahre gestiegen. Damit verbunden sind jedoch auch erhebliche und kontinuierlich steigende Gesundheitsausgaben. Denn je \u00e4lter die Menschen werden, desto h\u00e4ufiger treten meist multiple chronische Krankheiten und altersbedingte Funktionsdefizite auf. Der einzelne Patient wird zu einem komplexen klinischen Mosaik, das die traditionelle Medizin auch durch zunehmende Kosten vor Herausforderungen stellt.<\/p>\n                    <p>Die Digitalisierung \u00f6ffnet bei einer gro\u00dfen Zahl von Krankheitsbildern Forschungs- und Anwendungspotenziale, um Pr\u00e4vention, Diagnostik und Therapie zu verbessern. Die Analyse gro\u00dfer klinischer und molekularer Datens\u00e4tze (Big Data) kann einen wichtigen Beitrag zu einer personalisierten, auf den Einzelnen ausgerichteten Medizin leisten und dabei m\u00f6glicherweise sogar Kosten senken. Wir stellen einige Forschungsprojekte vor, die das Potential aufzeigen, das sich aus der Analyse gro\u00dfer Datenmengen im biomedizinischen Bereich f\u00fcr die personalisierte Medizin ergibt.<\/p>\n                  <\/div>\n                <\/div>\n              <\/div>\n            <\/div>\n          <\/div>\n        <\/div>\n      <\/div>\n      <div data-colibri-id=\"1287-c6\" class=\"h-row-container gutters-row-lg-2 gutters-row-md-2 gutters-row-0 gutters-row-v-lg-2 gutters-row-v-md-2 gutters-row-v-2 style-1407 style-local-1287-c6 position-relative\">\n        <!---->\n        <div class=\"h-row justify-content-lg-center justify-content-md-center justify-content-center align-items-lg-stretch align-items-md-stretch align-items-stretch gutters-col-lg-2 gutters-col-md-2 gutters-col-0 gutters-col-v-lg-2 gutters-col-v-md-2 gutters-col-v-2\">\n          <!---->\n          <div class=\"h-column h-column-container d-flex h-col-lg-auto h-col-md-auto h-col-auto style-1408-outer style-local-1287-c7-outer\">\n            <div data-colibri-id=\"1287-c7\" class=\"d-flex h-flex-basis h-column__inner h-px-lg-2 h-px-md-2 h-px-2 v-inner-lg-2 v-inner-md-2 v-inner-2 style-1408 style-local-1287-c7 position-relative\">\n              <!---->\n              <!---->\n              <div class=\"w-100 h-y-container h-column__content h-column__v-align flex-basis-100 align-self-lg-start align-self-md-start align-self-start\">\n                <!---->\n                <div data-colibri-id=\"1287-c8\" class=\"style-1409 style-local-1287-c8 position-relative h-element\">\n                  <!---->\n                  <div class=\"\"><div class=\"pt-cv-wrapper\"><ul class=\"pt-cv-gls-menu\" id=\"pt-cv-gls-83261ccry5\"><li><a href=\"#pt-cv-gls-Overview\" class=\"pt-active\">Titelthema<\/a><\/li><li><a href=\"#pt-cv-gls-A\" >A<\/a><\/li><li><a href=\"#pt-cv-gls-E\" >E<\/a><\/li><li><a href=\"#pt-cv-gls-F\" >F<\/a><\/li><li><a href=\"#pt-cv-gls-R\" >R<\/a><\/li><li><a href=\"#pt-cv-gls-T\" >T<\/a><\/li><\/ul><div class=\"pt-cv-view pt-cv-glossary pt-cv-colsys pt-cv-left\" id=\"pt-cv-view-83261ccry5\"><div data-id=\"pt-cv-page-1\" class=\"pt-cv-page\" data-cvc=\"2\"><div id=\"pt-cv-gls-A\" class=\"pt-cv-gls-group\"><div class=\"pt-cv-gls-header\">A<\/div><div class=\"pt-cv-gls-content\"><div class=\"col-md-6 col-sm-12 col-xs-12 pt-cv-content-item pt-cv-1-col\"  data-pid=\"0\"><div class='pt-cv-ifield'><a href=\"https:\/\/www.l3s.de\/de\/research-at-l3s\/all-projects\/aid-pais\/\" class=\"_self pt-cv-href-thumbnail pt-cv-thumb-default cvplbd\" target=\"_self\" ><img decoding=\"async\"  height=\"150\" data-src=\"https:\/\/www.l3s.de\/wp-content\/uploads\/2023\/03\/project-300x200-225x150.jpg\" class=\"pt-cv-thumbnail img-rounded lazyload\" alt=\"AID - PAIS\" data-srcset=\"https:\/\/www.l3s.de\/wp-content\/uploads\/2023\/03\/project-300x200-225x150.jpg\" data-sizes=\"(max-width: 225px) 100vw, 225px\" src=\"data:image\/svg+xml;base64,PHN2ZyB3aWR0aD0iMSIgaGVpZ2h0PSIxIiB4bWxucz0iaHR0cDovL3d3dy53My5vcmcvMjAwMC9zdmciPjwvc3ZnPg==\" style=\"--smush-placeholder-width: 225px; --smush-placeholder-aspect-ratio: 225\/150;\" \/><\/a>\n<h4 class=\"pt-cv-title\"><a href=\"https:\/\/www.l3s.de\/de\/research-at-l3s\/all-projects\/aid-pais\/\" class=\"_self cvplbd\" target=\"_self\" >AID &#8211; PAIS<\/a><\/h4>\n<div class=\"pt-cv-ctf-list\" data-cvc=\"1\"><div class=\"col-md-12 pt-cv-ctf-column\"><div class=\"pt-cv-custom-fields pt-cv-ctf-_aioseo_description\"><div class=\"pt-cv-ctf-value\">KI-gesteuerte Integration multimodaler Omics\nund klinischer Daten f\u00fcr ein besseres Verst\u00e4ndnis postakuter\nInfektionssyndrome<\/div><\/div><\/div><\/div>\n<div class=\"pt-cv-content\"><div class=\"pt-cv-rmwrap\"><a href=\"https:\/\/www.l3s.de\/de\/research-at-l3s\/all-projects\/aid-pais\/\" class=\"_self pt-cv-readmore btn btn-success cvplbd\" target=\"_self\">Weiterlesen<\/a><\/div><\/div><\/div><\/div>\n<div class=\"col-md-6 col-sm-12 col-xs-12 pt-cv-content-item pt-cv-1-col\"  data-pid=\"1\"><div class='pt-cv-ifield'><a href=\"https:\/\/www.l3s.de\/de\/research-at-l3s\/all-projects\/aerialist\/\" class=\"_self pt-cv-href-thumbnail pt-cv-thumb-default cvplbd\" target=\"_self\" ><img decoding=\"async\"  height=\"150\" data-src=\"https:\/\/www.l3s.de\/wp-content\/uploads\/2025\/03\/aeralist-285x300-143x150.png\" class=\"pt-cv-thumbnail img-rounded lazyload\" alt=\"AERIALIST\" data-srcset=\"https:\/\/www.l3s.de\/wp-content\/uploads\/2025\/03\/aeralist-285x300-143x150.png\" data-sizes=\"(max-width: 143px) 100vw, 143px\" src=\"data:image\/svg+xml;base64,PHN2ZyB3aWR0aD0iMSIgaGVpZ2h0PSIxIiB4bWxucz0iaHR0cDovL3d3dy53My5vcmcvMjAwMC9zdmciPjwvc3ZnPg==\" style=\"--smush-placeholder-width: 143px; --smush-placeholder-aspect-ratio: 143\/150;\" \/><\/a>\n<h4 class=\"pt-cv-title\"><a href=\"https:\/\/www.l3s.de\/de\/research-at-l3s\/all-projects\/aerialist\/\" class=\"_self cvplbd\" target=\"_self\" >AERIALIST<\/a><\/h4>\n<div class=\"pt-cv-ctf-list\" data-cvc=\"1\"><div class=\"col-md-12 pt-cv-ctf-column\"><div class=\"pt-cv-custom-fields pt-cv-ctf-_aioseo_description\"><div class=\"pt-cv-ctf-value\">Ein europ\u00e4isches Doktorandennetzwerk zur Entwicklung intelligenter und assistiver Gesundheitstechnologien f\u00fcr den Einsatz in unbeaufsichtigten oder h\u00e4uslichen Umgebungen.<\/div><\/div><\/div><\/div>\n<div class=\"pt-cv-content\"><div class=\"pt-cv-rmwrap\"><a href=\"https:\/\/www.l3s.de\/de\/research-at-l3s\/all-projects\/aerialist\/\" class=\"_self pt-cv-readmore btn btn-success cvplbd\" target=\"_self\">Weiterlesen<\/a><\/div><\/div><\/div><\/div><\/div><\/div>\n<div id=\"pt-cv-gls-E\" class=\"pt-cv-gls-group\"><div class=\"pt-cv-gls-header\">E<\/div><div class=\"pt-cv-gls-content\"><div class=\"col-md-6 col-sm-12 col-xs-12 pt-cv-content-item pt-cv-1-col\"  data-pid=\"0\"><div class='pt-cv-ifield'><a href=\"https:\/\/www.l3s.de\/de\/research-at-l3s\/all-projects\/elmumy\/\" class=\"_self pt-cv-href-thumbnail pt-cv-thumb-default cvplbd\" target=\"_self\" ><img decoding=\"async\"  height=\"150\" data-src=\"https:\/\/www.l3s.de\/wp-content\/uploads\/2025\/05\/elmumy-768x182-633x150.jpg\" class=\"pt-cv-thumbnail img-rounded lazyload\" alt=\"ELMUMY\" data-srcset=\"https:\/\/www.l3s.de\/wp-content\/uploads\/2025\/05\/elmumy-768x182-633x150.jpg\" data-sizes=\"(max-width: 633px) 100vw, 633px\" src=\"data:image\/svg+xml;base64,PHN2ZyB3aWR0aD0iMSIgaGVpZ2h0PSIxIiB4bWxucz0iaHR0cDovL3d3dy53My5vcmcvMjAwMC9zdmciPjwvc3ZnPg==\" style=\"--smush-placeholder-width: 633px; --smush-placeholder-aspect-ratio: 633\/150;\" \/><\/a>\n<h4 class=\"pt-cv-title\"><a href=\"https:\/\/www.l3s.de\/de\/research-at-l3s\/all-projects\/elmumy\/\" class=\"_self cvplbd\" target=\"_self\" >ELMUMY<\/a><\/h4>\n<div class=\"pt-cv-ctf-list\" data-cvc=\"1\"><div class=\"col-md-12 pt-cv-ctf-column\"><div class=\"pt-cv-custom-fields pt-cv-ctf-_aioseo_description\"><div class=\"pt-cv-ctf-value\">Das Projekt zielt darauf ab, die molekularen Mechanismen der Pathogenese und des Fortschreitens des Multiplen Myeloms (MM) sowie das Ansprechen auf die Therapie zu untersuchen.<\/div><\/div><\/div><\/div>\n<div class=\"pt-cv-content\"><div class=\"pt-cv-rmwrap\"><a href=\"https:\/\/www.l3s.de\/de\/research-at-l3s\/all-projects\/elmumy\/\" class=\"_self pt-cv-readmore btn btn-success cvplbd\" target=\"_self\">Weiterlesen<\/a><\/div><\/div><\/div><\/div><\/div><\/div>\n<div id=\"pt-cv-gls-F\" class=\"pt-cv-gls-group\"><div class=\"pt-cv-gls-header\">F<\/div><div class=\"pt-cv-gls-content\"><div class=\"col-md-6 col-sm-12 col-xs-12 pt-cv-content-item pt-cv-1-col\"  data-pid=\"0\"><div class='pt-cv-ifield'><a href=\"https:\/\/www.l3s.de\/de\/research-at-l3s\/all-projects\/fedcov\/\" class=\"_self pt-cv-href-thumbnail pt-cv-thumb-default cvplbd\" target=\"_self\" ><img decoding=\"async\" data-src=\"https:\/\/www.l3s.de\/wp-content\/uploads\/2023\/03\/project-225x150.jpg\" class=\"pt-cv-thumbnail img-rounded cvp-substitute lazyload\" alt=\"FedCov\" title=\"\" src=\"data:image\/svg+xml;base64,PHN2ZyB3aWR0aD0iMSIgaGVpZ2h0PSIxIiB4bWxucz0iaHR0cDovL3d3dy53My5vcmcvMjAwMC9zdmciPjwvc3ZnPg==\" style=\"--smush-placeholder-width: 225px; --smush-placeholder-aspect-ratio: 225\/150;\" \/><\/a>\n<h4 class=\"pt-cv-title\"><a href=\"https:\/\/www.l3s.de\/de\/research-at-l3s\/all-projects\/fedcov\/\" class=\"_self cvplbd\" target=\"_self\" >FedCov<\/a><\/h4>\n<div class=\"pt-cv-ctf-list\" data-cvc=\"1\"><div class=\"col-md-12 pt-cv-ctf-column\"><div class=\"pt-cv-custom-fields pt-cv-ctf-_aioseo_description\"><div class=\"pt-cv-ctf-value\">Vorhersage von Long-\/Post-COVID durch k\u00fcnstliche Intelligenz unter Verwendung eines f\u00f6derierten Lernansatzes auf Basis deutscher Kohortendaten<\/div><\/div><\/div><\/div>\n<div class=\"pt-cv-content\"><div class=\"pt-cv-rmwrap\"><a href=\"https:\/\/www.l3s.de\/de\/research-at-l3s\/all-projects\/fedcov\/\" class=\"_self pt-cv-readmore btn btn-success cvplbd\" target=\"_self\">Weiterlesen<\/a><\/div><\/div><\/div><\/div><\/div><\/div>\n<div id=\"pt-cv-gls-R\" class=\"pt-cv-gls-group\"><div class=\"pt-cv-gls-header\">R<\/div><div class=\"pt-cv-gls-content\"><div class=\"col-md-6 col-sm-12 col-xs-12 pt-cv-content-item pt-cv-1-col\"  data-pid=\"0\"><div class='pt-cv-ifield'><a href=\"https:\/\/www.l3s.de\/de\/research-at-l3s\/all-projects\/recitals\/\" class=\"_self pt-cv-href-thumbnail pt-cv-thumb-default cvplbd\" target=\"_self\" ><img decoding=\"async\" data-src=\"https:\/\/www.l3s.de\/wp-content\/uploads\/2025\/03\/logo-266x150.png\" class=\"pt-cv-thumbnail img-rounded cvp-substitute lazyload\" alt=\"RECITALS\" title=\"\" src=\"data:image\/svg+xml;base64,PHN2ZyB3aWR0aD0iMSIgaGVpZ2h0PSIxIiB4bWxucz0iaHR0cDovL3d3dy53My5vcmcvMjAwMC9zdmciPjwvc3ZnPg==\" style=\"--smush-placeholder-width: 266px; --smush-placeholder-aspect-ratio: 266\/150;\" \/><\/a>\n<h4 class=\"pt-cv-title\"><a href=\"https:\/\/www.l3s.de\/de\/research-at-l3s\/all-projects\/recitals\/\" class=\"_self cvplbd\" target=\"_self\" >RECITALS<\/a><\/h4>\n<div class=\"pt-cv-ctf-list\" data-cvc=\"1\"><div class=\"col-md-12 pt-cv-ctf-column\"><div class=\"pt-cv-custom-fields pt-cv-ctf-_aioseo_description\"><div class=\"pt-cv-ctf-value\">RECITALS: Eine Open-Source Plattform f\u00fcr den datenschutzwahrenden Datenaustausch und das Identit\u00e4tsmanagement mithilfe von Kryptografie, f\u00f6deralem Lernen und KI.<\/div><\/div><\/div><\/div>\n<div class=\"pt-cv-content\"><div class=\"pt-cv-rmwrap\"><a href=\"https:\/\/www.l3s.de\/de\/research-at-l3s\/all-projects\/recitals\/\" class=\"_self pt-cv-readmore btn btn-success cvplbd\" target=\"_self\">Weiterlesen<\/a><\/div><\/div><\/div><\/div><\/div><\/div>\n<div id=\"pt-cv-gls-T\" class=\"pt-cv-gls-group\"><div class=\"pt-cv-gls-header\">T<\/div><div class=\"pt-cv-gls-content\"><div class=\"col-md-6 col-sm-12 col-xs-12 pt-cv-content-item pt-cv-1-col\"  data-pid=\"0\"><div class='pt-cv-ifield'><a href=\"https:\/\/www.l3s.de\/de\/research-at-l3s\/all-projects\/thirdwave\/\" class=\"_self pt-cv-href-thumbnail pt-cv-thumb-default cvplbd\" target=\"_self\" ><img decoding=\"async\" width=\"150\" height=\"150\" data-src=\"https:\/\/www.l3s.de\/wp-content\/uploads\/2025\/11\/cropped-cropped-THIRDWAVE-150x150.webp\" class=\"pt-cv-thumbnail img-rounded lazyload\" alt=\"THIRDWAVE\" src=\"data:image\/svg+xml;base64,PHN2ZyB3aWR0aD0iMSIgaGVpZ2h0PSIxIiB4bWxucz0iaHR0cDovL3d3dy53My5vcmcvMjAwMC9zdmciPjwvc3ZnPg==\" style=\"--smush-placeholder-width: 150px; --smush-placeholder-aspect-ratio: 150\/150;\" \/><\/a>\n<h4 class=\"pt-cv-title\"><a href=\"https:\/\/www.l3s.de\/de\/research-at-l3s\/all-projects\/thirdwave\/\" class=\"_self cvplbd\" target=\"_self\" >THIRDWAVE<\/a><\/h4>\n<div class=\"pt-cv-ctf-list\" data-cvc=\"1\"><div class=\"col-md-12 pt-cv-ctf-column\"><div class=\"pt-cv-custom-fields pt-cv-ctf-_aioseo_description\"><div class=\"pt-cv-ctf-value\">THIRDWAVE \u2013 LLM-gesteuerte neurosymbolische KI f\u00fcr Wissenschaft, Medizin und Industrie<\/div><\/div><\/div><\/div>\n<div class=\"pt-cv-content\"><div class=\"pt-cv-rmwrap\"><a href=\"https:\/\/www.l3s.de\/de\/research-at-l3s\/all-projects\/thirdwave\/\" class=\"_self pt-cv-readmore btn btn-success cvplbd\" target=\"_self\">Weiterlesen<\/a><\/div><\/div><\/div><\/div><\/div><\/div><\/div><\/div><\/div>\t\t\t<style type=\"text\/css\" id=\"pt-cv-inline-style-9eb66d10iq\">#pt-cv-view-83261ccry5  { margin-top: 10px !important; margin-bottom: 10px !important; }\n#pt-cv-view-83261ccry5 .pt-cv-ifield { padding-top: 20px !important; padding-left: 40px !important; padding-bottom: 20px !important; padding-right: 100px !important; }\n#pt-cv-view-83261ccry5 .pt-cv-title a, #pt-cv-view-83261ccry5  .panel-title { font-family: 'Noto Sans', Arial, serif !important; font-size: 20px !important; line-height: 1.3 !important; color: #03304c !important; font-weight: 600 !important; }\n#pt-cv-view-83261ccry5  .pt-cv-title a:hover, #pt-cv-view-83261ccry5  .panel-title:hover   { font-family: 'Noto Sans', Arial, serif !important; color: #56a29a !important; }\n#pt-cv-view-83261ccry5 .pt-cv-content , #pt-cv-view-83261ccry5  .pt-cv-content *:not(.pt-cv-readmore):not(style):not(script) { font-family: 'Noto Sans', Arial, serif !important; }\n#pt-cv-view-83261ccry5 .pt-cv-custom-fields * { font-family: 'Noto Sans', Arial, serif !important; }\n#pt-cv-view-83261ccry5 .pt-cv-readmore  { font-family: 'Noto Sans', Arial, serif !important; color: #ffffff !important; background-color: #4a8bb1 !important; }\n#pt-cv-view-83261ccry5 .pt-cv-readmore:hover  { font-family: 'Noto Sans', Arial, serif !important; color: #ffffff !important; background-color: #56a29a !important; }\n#pt-cv-view-83261ccry5  + .pt-cv-pagination-wrapper .pt-cv-more , #pt-cv-view-83261ccry5  + .pt-cv-pagination-wrapper .pagination .active a, .pt-cv-pagination[data-sid='83261ccry5'] .active a { color: #ffffff !important; background-color: #00aeef !important; }\n#pt-cv-gls-83261ccry5 li a   { font-family: 'Noto Sans', Arial, serif !important; color: #03304c !important; }\n#pt-cv-gls-83261ccry5 li a.pt-active   { font-family: 'Noto Sans', Arial, serif !important; color: #4a8bb1 !important; font-weight: 600 !important; }\n#pt-cv-view-83261ccry5 .pt-cv-gls-header  { font-family: 'Noto Sans', Arial, serif !important; font-size: 20px !important; line-height: 1.3 !important; color: #ffffff !important; background-color: #03304c !important; font-weight: 600 !important; }\n#pt-cv-view-83261ccry5 .img-rounded, #pt-cv-view-83261ccry5 .pt-cv-hover-wrapper { -webkit-border-radius: 10px !important; -moz-border-radius: 10px !important; border-radius: 10px !important; }\n#pt-cv-view-83261ccry5 .pt-cv-cap-w-img { border-bottom-left-radius: 10px !important; border-bottom-right-radius: 10px !important; }\n#pt-cv-view-83261ccry5 { text-align: left; }<\/style>\r\n\t\t\t<link href='\/\/fonts.googleapis.com\/css?family=Noto+Sans' rel='stylesheet' type='text\/css'><\/div>\n                <\/div>\n              <\/div>\n            <\/div>\n          <\/div>\n        <\/div>\n      <\/div>\n    <\/div>\n  <\/div>\n<\/div>","protected":false},"excerpt":{"rendered":"<p>The population in Germany is living longer and longer: Life expectancy has risen from 78 to 81 years in the last twenty years. However, this is also associated with considerable and continuously rising healthcare expenditure. This is because the older people get, the more frequently multiple chronic diseases and age-related functional deficits usually occur. The [&hellip;]<\/p>","protected":false},"author":4,"featured_media":1989,"parent":2010,"menu_order":0,"comment_status":"closed","ping_status":"closed","template":"page-templates\/full-width-page.php","meta":{"_acf_changed":false,"footnotes":""},"categories":[],"tags":[],"class_list":["post-1287","page","type-page","status-publish","has-post-thumbnail","hentry"],"acf":[],"aioseo_notices":[],"publishpress_future_action":{"enabled":false,"date":"2026-05-04 04:52:52","action":"category","newStatus":"draft","terms":[75],"taxonomy":"category","extraData":[]},"publishpress_future_workflow_manual_trigger":{"enabledWorkflows":[]},"_links":{"self":[{"href":"https:\/\/www.l3s.de\/de\/wp-json\/wp\/v2\/pages\/1287","targetHints":{"allow":["GET"]}}],"collection":[{"href":"https:\/\/www.l3s.de\/de\/wp-json\/wp\/v2\/pages"}],"about":[{"href":"https:\/\/www.l3s.de\/de\/wp-json\/wp\/v2\/types\/page"}],"author":[{"embeddable":true,"href":"https:\/\/www.l3s.de\/de\/wp-json\/wp\/v2\/users\/4"}],"replies":[{"embeddable":true,"href":"https:\/\/www.l3s.de\/de\/wp-json\/wp\/v2\/comments?post=1287"}],"version-history":[{"count":3,"href":"https:\/\/www.l3s.de\/de\/wp-json\/wp\/v2\/pages\/1287\/revisions"}],"predecessor-version":[{"id":42296,"href":"https:\/\/www.l3s.de\/de\/wp-json\/wp\/v2\/pages\/1287\/revisions\/42296"}],"up":[{"embeddable":true,"href":"https:\/\/www.l3s.de\/de\/wp-json\/wp\/v2\/pages\/2010"}],"wp:featuredmedia":[{"embeddable":true,"href":"https:\/\/www.l3s.de\/de\/wp-json\/wp\/v2\/media\/1989"}],"wp:attachment":[{"href":"https:\/\/www.l3s.de\/de\/wp-json\/wp\/v2\/media?parent=1287"}],"wp:term":[{"taxonomy":"category","embeddable":true,"href":"https:\/\/www.l3s.de\/de\/wp-json\/wp\/v2\/categories?post=1287"},{"taxonomy":"post_tag","embeddable":true,"href":"https:\/\/www.l3s.de\/de\/wp-json\/wp\/v2\/tags?post=1287"}],"curies":[{"name":"wp","href":"https:\/\/api.w.org\/{rel}","templated":true}]}}