{"id":1285,"date":"2022-08-17T13:56:48","date_gmt":"2022-08-17T11:56:48","guid":{"rendered":"https:\/\/www.l3s.de\/?page_id=1285"},"modified":"2024-11-12T12:33:42","modified_gmt":"2024-11-12T11:33:42","slug":"mobility","status":"publish","type":"page","link":"https:\/\/www.l3s.de\/de\/research-at-l3s\/all-projects\/mobility\/","title":{"rendered":"Mobilit\u00e4t"},"content":{"rendered":"<div data-colibri-id=\"1285-c1\" class=\"style-1521 style-local-1285-c1 position-relative\">\n  <!---->\n  <div data-colibri-component=\"section\" data-colibri-id=\"1285-c2\" id=\"custom\" class=\"h-section h-section-global-spacing d-flex align-items-lg-center align-items-md-center align-items-center style-1522 style-local-1285-c2 position-relative\">\n    <!---->\n    <!---->\n    <div class=\"h-section-grid-container h-section-boxed-container\">\n      <!---->\n      <div data-colibri-id=\"1285-c3\" class=\"h-row-container gutters-row-lg-2 gutters-row-md-2 gutters-row-0 gutters-row-v-lg-2 gutters-row-v-md-2 gutters-row-v-2 style-11623 style-local-1285-c3 position-relative\">\n        <!---->\n        <div class=\"h-row justify-content-lg-center justify-content-md-center justify-content-center align-items-lg-stretch align-items-md-stretch align-items-stretch gutters-col-lg-2 gutters-col-md-2 gutters-col-0 gutters-col-v-lg-2 gutters-col-v-md-2 gutters-col-v-2\">\n          <!---->\n          <div class=\"h-column h-column-container d-flex h-col-lg-auto h-col-md-auto h-col-auto style-11624-outer style-local-1285-c4-outer\">\n            <div data-colibri-id=\"1285-c4\" class=\"d-flex h-flex-basis h-column__inner h-px-lg-2 h-px-md-2 h-px-2 v-inner-lg-2 v-inner-md-2 v-inner-2 style-11624 style-local-1285-c4 position-relative\">\n              <!---->\n              <!---->\n              <div class=\"w-100 h-y-container h-column__content h-column__v-align flex-basis-100 align-self-lg-start align-self-md-start align-self-start\">\n                <!---->\n                <div data-colibri-id=\"1285-c5\" class=\"h-lead h-text h-text-component style-3730 style-local-1285-c5 position-relative h-element\">\n                  <!---->\n                  <!---->\n                  <div class=\"\">\n                    <p>Die digitale Vernetzung von Personen, Infrastruktur und Mobilit\u00e4tstr\u00e4gern erm\u00f6glicht innovative L\u00f6sungen, welche die herk\u00f6mmliche Mobilit\u00e4t nachhaltig ver\u00e4ndern. Durch intelligente Vernetzung und Big-Data-Analytics k\u00f6nnen Mobilit\u00e4tsparameter der Verkehrsteilnehmer und -systeme, aber auch der Mobilit\u00e4tsumgebung als Ganzes, optimiert werden. Autonom fahrende Autos erfordern ein echtzeitkritisches Umfeldverst\u00e4ndnis, die Anpassungsf\u00e4higkeit an unterschiedlichste Bedingungen und den Austausch von Informationen \u00fcber Verkehrsteilnehmer hinweg.<\/p>\n                  <\/div>\n                <\/div>\n              <\/div>\n            <\/div>\n          <\/div>\n        <\/div>\n      <\/div>\n      <div data-colibri-id=\"1285-c6\" class=\"h-row-container gutters-row-lg-2 gutters-row-md-2 gutters-row-0 gutters-row-v-lg-2 gutters-row-v-md-2 gutters-row-v-2 style-1528 style-local-1285-c6 position-relative\">\n        <!---->\n        <div class=\"h-row justify-content-lg-center justify-content-md-center justify-content-center align-items-lg-stretch align-items-md-stretch align-items-stretch gutters-col-lg-2 gutters-col-md-2 gutters-col-0 gutters-col-v-lg-2 gutters-col-v-md-2 gutters-col-v-2\">\n          <!---->\n          <div class=\"h-column h-column-container d-flex h-col-lg-auto h-col-md-auto h-col-auto style-1529-outer style-local-1285-c7-outer\">\n            <div data-colibri-id=\"1285-c7\" class=\"d-flex h-flex-basis h-column__inner h-px-lg-2 h-px-md-2 h-px-2 v-inner-lg-2 v-inner-md-2 v-inner-2 style-1529 style-local-1285-c7 position-relative\">\n              <!---->\n              <!---->\n              <div class=\"w-100 h-y-container h-column__content h-column__v-align flex-basis-100 align-self-lg-start align-self-md-start align-self-start\">\n                <!---->\n                <div data-colibri-id=\"1285-c8\" class=\"style-1530 style-local-1285-c8 position-relative h-element\">\n                  <!---->\n                  <div class=\"\"><div class=\"pt-cv-wrapper\"><ul class=\"pt-cv-gls-menu\" id=\"pt-cv-gls-46db12dix5\"><li><a href=\"#pt-cv-gls-Overview\" class=\"pt-active\">Titelthema<\/a><\/li><li><a href=\"#pt-cv-gls-D\" >D<\/a><\/li><li><a href=\"#pt-cv-gls-R\" >R<\/a><\/li><\/ul><div class=\"pt-cv-view pt-cv-glossary pt-cv-colsys pt-cv-left\" id=\"pt-cv-view-46db12dix5\"><div data-id=\"pt-cv-page-1\" class=\"pt-cv-page\" data-cvc=\"2\"><div id=\"pt-cv-gls-D\" class=\"pt-cv-gls-group\"><div class=\"pt-cv-gls-header\">D<\/div><div class=\"pt-cv-gls-content\"><div class=\"col-md-6 col-sm-12 col-xs-12 pt-cv-content-item pt-cv-1-col\"  data-pid=\"0\"><div class='pt-cv-ifield'><a href=\"https:\/\/www.l3s.de\/de\/research-at-l3s\/all-projects\/daisec\/\" class=\"_self pt-cv-href-thumbnail pt-cv-thumb-default cvplbd\" target=\"_self\" ><img decoding=\"async\"  height=\"150\" data-src=\"https:\/\/www.l3s.de\/wp-content\/uploads\/2022\/11\/DAISEC-logo-long-color-smaller-300x156-288x150.png\" class=\"pt-cv-thumbnail img-rounded lazyload\" alt=\"DAISEC logo\" data-srcset=\"https:\/\/www.l3s.de\/wp-content\/uploads\/2022\/11\/DAISEC-logo-long-color-smaller-300x156-288x150.png\" data-sizes=\"(max-width: 288px) 100vw, 288px\" src=\"data:image\/svg+xml;base64,PHN2ZyB3aWR0aD0iMSIgaGVpZ2h0PSIxIiB4bWxucz0iaHR0cDovL3d3dy53My5vcmcvMjAwMC9zdmciPjwvc3ZnPg==\" style=\"--smush-placeholder-width: 288px; --smush-placeholder-aspect-ratio: 288\/150;\" \/><\/a>\n<h4 class=\"pt-cv-title\"><a href=\"https:\/\/www.l3s.de\/de\/research-at-l3s\/all-projects\/daisec\/\" class=\"_self cvplbd\" target=\"_self\" >DAISEC (European Digital Innovation Hub for AI and Cybersecurity)<\/a><\/h4>\n<div class=\"pt-cv-ctf-list\" data-cvc=\"1\"><div class=\"col-md-12 pt-cv-ctf-column\"><div class=\"pt-cv-custom-fields pt-cv-ctf-_aioseo_description\"><div class=\"pt-cv-ctf-value\">Der European Digital Innovation Hub for AI and Cybersecurity (DAISEC) unterst\u00fctzt Unternehmen aus den Bereichen Produktion, Mobilit\u00e4t und Handwerk sowie den \u00f6ffentlichen Sektor bei der Anwendung und Entwicklung von K\u00fcnstlicher Intelligenz und Cybersecurity.<\/div><\/div><\/div><\/div>\n<div class=\"pt-cv-content\"><div class=\"pt-cv-rmwrap\"><a href=\"https:\/\/www.l3s.de\/de\/research-at-l3s\/all-projects\/daisec\/\" class=\"_self pt-cv-readmore btn btn-success cvplbd\" target=\"_self\">Weiterlesen<\/a><\/div><\/div><\/div><\/div><\/div><\/div>\n<div id=\"pt-cv-gls-R\" class=\"pt-cv-gls-group\"><div class=\"pt-cv-gls-header\">R<\/div><div class=\"pt-cv-gls-content\"><div class=\"col-md-6 col-sm-12 col-xs-12 pt-cv-content-item pt-cv-1-col\"  data-pid=\"0\"><div class='pt-cv-ifield'><a href=\"https:\/\/www.l3s.de\/de\/research-at-l3s\/all-projects\/rushmore\/\" class=\"_self pt-cv-href-thumbnail pt-cv-thumb-default cvplbd\" target=\"_self\" ><img decoding=\"async\" data-src=\"https:\/\/www.l3s.de\/wp-content\/uploads\/2025\/06\/rushmore_logo-184x150.png\" class=\"pt-cv-thumbnail img-rounded cvp-substitute lazyload\" alt=\"RUSHMORE\" title=\"\" src=\"data:image\/svg+xml;base64,PHN2ZyB3aWR0aD0iMSIgaGVpZ2h0PSIxIiB4bWxucz0iaHR0cDovL3d3dy53My5vcmcvMjAwMC9zdmciPjwvc3ZnPg==\" style=\"--smush-placeholder-width: 184px; --smush-placeholder-aspect-ratio: 184\/150;\" \/><\/a>\n<h4 class=\"pt-cv-title\"><a href=\"https:\/\/www.l3s.de\/de\/research-at-l3s\/all-projects\/rushmore\/\" class=\"_self cvplbd\" target=\"_self\" >RUSHMORE<\/a><\/h4>\n<div class=\"pt-cv-ctf-list\" data-cvc=\"1\"><div class=\"col-md-12 pt-cv-ctf-column\"><div class=\"pt-cv-custom-fields pt-cv-ctf-_aioseo_description\"><div class=\"pt-cv-ctf-value\">Mobilit\u00e4tsdaten, synthetische Datengenerierung und \u00fcbertragbare raumzeitliche Machine-Learning-Modelle<\/div><\/div><\/div><\/div>\n<div class=\"pt-cv-content\"><div class=\"pt-cv-rmwrap\"><a href=\"https:\/\/www.l3s.de\/de\/research-at-l3s\/all-projects\/rushmore\/\" class=\"_self pt-cv-readmore btn btn-success cvplbd\" target=\"_self\">Weiterlesen<\/a><\/div><\/div><\/div><\/div><\/div><\/div><\/div><\/div><\/div>\t\t\t<style type=\"text\/css\" id=\"pt-cv-inline-style-142d655hw8\">#pt-cv-view-46db12dix5  { margin-top: 10px !important; margin-bottom: 10px !important; }\n#pt-cv-view-46db12dix5 .pt-cv-ifield { padding-top: 20px !important; padding-left: 40px !important; padding-bottom: 20px !important; padding-right: 100px !important; }\n#pt-cv-view-46db12dix5 .pt-cv-title a, #pt-cv-view-46db12dix5  .panel-title { font-family: 'Noto Sans', Arial, serif !important; font-size: 20px !important; color: #03304c !important; font-weight: 600 !important; line-height: 2 !important; }\n#pt-cv-view-46db12dix5  .pt-cv-title a:hover, #pt-cv-view-46db12dix5  .panel-title:hover   { font-family: 'Noto Sans', Arial, serif !important; color: #56a29a !important; line-height: 2 !important; }\n#pt-cv-view-46db12dix5 .pt-cv-content , #pt-cv-view-46db12dix5  .pt-cv-content *:not(.pt-cv-readmore):not(style):not(script) { font-family: 'Noto Sans', Arial, serif !important; }\n#pt-cv-view-46db12dix5 .pt-cv-custom-fields * { font-family: 'Noto Sans', Arial, serif !important; }\n#pt-cv-view-46db12dix5 .pt-cv-readmore  { font-family: 'Noto Sans', Arial, serif !important; color: #ffffff !important; background-color: #4a8bb1 !important; }\n#pt-cv-view-46db12dix5 .pt-cv-readmore:hover  { font-family: 'Noto Sans', Arial, serif !important; color: #ffffff !important; background-color: 56a29a !important; }\n#pt-cv-view-46db12dix5  + .pt-cv-pagination-wrapper .pt-cv-more , #pt-cv-view-46db12dix5  + .pt-cv-pagination-wrapper .pagination .active a, .pt-cv-pagination[data-sid='46db12dix5'] .active a { color: #ffffff !important; background-color: #00aeef !important; }\n#pt-cv-gls-46db12dix5 li a   { font-family: 'Noto Sans', Arial, serif !important; color: #03304c !important; }\n#pt-cv-gls-46db12dix5 li a.pt-active   { font-family: 'Noto Sans', Arial, serif !important; color: #4a8bb1 !important; font-weight: 600 !important; }\n#pt-cv-view-46db12dix5 .pt-cv-gls-header  { font-family: 'Noto Sans', Arial, serif !important; font-size: 20px !important; line-height: 1.3 !important; color: #ffffff !important; background-color: #03304c !important; font-weight: 600 !important; }\n#pt-cv-view-46db12dix5 .img-rounded, #pt-cv-view-46db12dix5 .pt-cv-hover-wrapper { -webkit-border-radius: 10px !important; -moz-border-radius: 10px !important; border-radius: 10px !important; }\n#pt-cv-view-46db12dix5 .pt-cv-cap-w-img { border-bottom-left-radius: 10px !important; border-bottom-right-radius: 10px !important; }\n#pt-cv-view-46db12dix5 { text-align: left; }<\/style>\r\n\t\t\t<link href='\/\/fonts.googleapis.com\/css?family=Noto+Sans' rel='stylesheet' type='text\/css'><\/div>\n                <\/div>\n              <\/div>\n            <\/div>\n          <\/div>\n        <\/div>\n      <\/div>\n    <\/div>\n  <\/div>\n<\/div>","protected":false},"excerpt":{"rendered":"<p>The digital networking of people, infrastructure and mobility carriers enables innovative solutions that sustainably change conventional mobility. Intelligent networking and big-data analytics can optimize the mobility parameters of road users and systems, as well as the mobility environment as a whole. Autonomous cars require a real-time understanding of the environment, the ability to adapt to [&hellip;]<\/p>","protected":false},"author":4,"featured_media":0,"parent":2010,"menu_order":0,"comment_status":"closed","ping_status":"closed","template":"page-templates\/full-width-page.php","meta":{"_acf_changed":false,"footnotes":""},"categories":[],"tags":[],"class_list":["post-1285","page","type-page","status-publish","hentry"],"acf":[],"aioseo_notices":[],"publishpress_future_action":{"enabled":false,"date":"2026-05-23 00:57:29","action":"category","newStatus":"draft","terms":[75],"taxonomy":"category","extraData":[]},"publishpress_future_workflow_manual_trigger":{"enabledWorkflows":[]},"_links":{"self":[{"href":"https:\/\/www.l3s.de\/de\/wp-json\/wp\/v2\/pages\/1285","targetHints":{"allow":["GET"]}}],"collection":[{"href":"https:\/\/www.l3s.de\/de\/wp-json\/wp\/v2\/pages"}],"about":[{"href":"https:\/\/www.l3s.de\/de\/wp-json\/wp\/v2\/types\/page"}],"author":[{"embeddable":true,"href":"https:\/\/www.l3s.de\/de\/wp-json\/wp\/v2\/users\/4"}],"replies":[{"embeddable":true,"href":"https:\/\/www.l3s.de\/de\/wp-json\/wp\/v2\/comments?post=1285"}],"version-history":[{"count":1,"href":"https:\/\/www.l3s.de\/de\/wp-json\/wp\/v2\/pages\/1285\/revisions"}],"predecessor-version":[{"id":36773,"href":"https:\/\/www.l3s.de\/de\/wp-json\/wp\/v2\/pages\/1285\/revisions\/36773"}],"up":[{"embeddable":true,"href":"https:\/\/www.l3s.de\/de\/wp-json\/wp\/v2\/pages\/2010"}],"wp:attachment":[{"href":"https:\/\/www.l3s.de\/de\/wp-json\/wp\/v2\/media?parent=1285"}],"wp:term":[{"taxonomy":"category","embeddable":true,"href":"https:\/\/www.l3s.de\/de\/wp-json\/wp\/v2\/categories?post=1285"},{"taxonomy":"post_tag","embeddable":true,"href":"https:\/\/www.l3s.de\/de\/wp-json\/wp\/v2\/tags?post=1285"}],"curies":[{"name":"wp","href":"https:\/\/api.w.org\/{rel}","templated":true}]}}